{"id":99867,"date":"2026-04-22T14:49:46","date_gmt":"2026-04-22T12:49:46","guid":{"rendered":"https:\/\/magnetarmagnets.com\/shop\/sakerhetstransportvaska-for-fiskemagneter-magshield\/"},"modified":"2026-04-22T14:49:46","modified_gmt":"2026-04-22T12:49:46","slug":"sakerhetstransportvaska-for-fiskemagneter-magshield","status":"publish","type":"product","link":"https:\/\/magnetarmagnets.com\/sv\/shop\/sakerhetstransportvaska-for-fiskemagneter-magshield\/","title":{"rendered":"S\u00e4kerhetstransportv\u00e4ska f\u00f6r Fiskemagneter &#8211; MagShield\u2122"},"content":{"rendered":"<strong>Information om produkten<\/strong>\n\n&#8211; MagShield\u2122-skummet hj\u00e4lper till att minska magnetf\u00e4ltet under transport\n&#8211; M\u00e5tt och dimensioner: 42 x 28 x 21,5 cm\n&#8211; Repet kan sitta kvar p\u00e5 magneten n\u00e4r det f\u00f6rvaras i v\u00e4skan\n&#8211; Justerbara innerfack f\u00f6r flexibel organisering\n&#8211; Extra utrymme f\u00f6r fynd, tillbeh\u00f6r, mat och dryck\n&#8211; Innerficka med dragkedja f\u00f6r sm\u00e5saker\n&#8211; Utv\u00e4ndiga \u00f6glor f\u00f6r karbinhakar och tillbeh\u00f6r\n&#8211; Tv\u00e5 b\u00e4ralternativ: justerbar axelrem och korta handtag\n&#8211; L\u00e4mplig f\u00f6r s\u00e4ker f\u00f6rvaring och transport av utrustning f\u00f6r Magnetfiske\n<strong>\nVem \u00e4r det till f\u00f6r?<\/strong>\n\n&#8211; Alla som \u00e4ger en stark Magnetar Fiskemagnet\n&#8211; Magnetfiskare som vill transportera sin magnet p\u00e5 ett s\u00e4kert s\u00e4tt\n&#8211; Alla som vill h\u00e5lla ordning p\u00e5 sin utrustning\n&#8211; Magnetfiskare letar efter s\u00e4ker f\u00f6rvaring av magneter\n&#8211; L\u00e4mplig f\u00f6r b\u00e5de nyb\u00f6rjare och erfarna magnetfiskare\n&#8211; Alla som uppskattar praktisk och funktionell utrustning\n\n<strong>Varf\u00f6r v\u00e4lja denna v\u00e4ska<\/strong>\n\n&#8211; S\u00e4ker transport med MagShield\u2122-skum\n&#8211; Praktisk design f\u00f6r anv\u00e4ndning vid vattnet\n&#8211; Flexibel layout f\u00f6r att passa din utrustning\n&#8211; Slitstarka material f\u00f6r l\u00e5ngvarig anv\u00e4ndning\n&#8211; Easy att b\u00e4ra med dubbla handtag\n<img fetchpriority=\"high\" decoding=\"async\" src=\"https:\/\/magnetarmagnets.com\/wp-content\/uploads\/2026\/04\/JNF-Magnetar-B.V.-Bedrijfsfotografie-20-09-2023-Foto-2614-scaled-e1756284278508-300x300.jpg\" alt=\"\" width=\"300\" height=\"300\" class=\"alignnone size-medium wp-image-95093\" srcset=\"https:\/\/magnetarmagnets.com\/wp-content\/uploads\/2026\/04\/JNF-Magnetar-B.V.-Bedrijfsfotografie-20-09-2023-Foto-2614-scaled-e1756284278508-300x300.jpg 300w, https:\/\/magnetarmagnets.com\/wp-content\/uploads\/2026\/04\/JNF-Magnetar-B.V.-Bedrijfsfotografie-20-09-2023-Foto-2614-scaled-e1756284278508-1024x1024.jpg 1024w, https:\/\/magnetarmagnets.com\/wp-content\/uploads\/2026\/04\/JNF-Magnetar-B.V.-Bedrijfsfotografie-20-09-2023-Foto-2614-scaled-e1756284278508-150x150.jpg 150w, https:\/\/magnetarmagnets.com\/wp-content\/uploads\/2026\/04\/JNF-Magnetar-B.V.-Bedrijfsfotografie-20-09-2023-Foto-2614-scaled-e1756284278508-768x768.jpg 768w, https:\/\/magnetarmagnets.com\/wp-content\/uploads\/2026\/04\/JNF-Magnetar-B.V.-Bedrijfsfotografie-20-09-2023-Foto-2614-scaled-e1756284278508-400x400.jpg 400w, https:\/\/magnetarmagnets.com\/wp-content\/uploads\/2026\/04\/JNF-Magnetar-B.V.-Bedrijfsfotografie-20-09-2023-Foto-2614-scaled-e1756284278508-800x800.jpg 800w, https:\/\/magnetarmagnets.com\/wp-content\/uploads\/2026\/04\/JNF-Magnetar-B.V.-Bedrijfsfotografie-20-09-2023-Foto-2614-scaled-e1756284278508-100x100.jpg 100w, https:\/\/magnetarmagnets.com\/wp-content\/uploads\/2026\/04\/JNF-Magnetar-B.V.-Bedrijfsfotografie-20-09-2023-Foto-2614-scaled-e1756284278508.jpg 1440w\" sizes=\"(max-width: 300px) 100vw, 300px\" \/>\n<strong>Varf\u00f6r Magnetar\u00ae?<\/strong>\n\n&#8211; Utvecklare av de ursprungliga 360-MAGNET-magneterna\n&#8211; Mer \u00e4n 12 \u00e5rs erfarenhet av Magnetfiske\n&#8211; Familje\u00e4gt f\u00f6retag med fokus p\u00e5 kvalitet\n&#8211; Leverans \u00f6ver hela v\u00e4rlden och snabb leverans\n&#8211; Betrodda av erfarna magnetfiskare\n\n","protected":false},"excerpt":{"rendered":"<p>Oumb\u00e4rligt vid anv\u00e4ndning av starka magneter. <strong>Magnetar\u00ae transportv\u00e4ska<\/strong> \u00e4r utformad f\u00f6r <strong>s\u00e4ker transport<\/strong>, <strong>smart f\u00f6rvaring<\/strong> och <strong>praktisk anv\u00e4ndning i vardagen<\/strong>.<\/p>\n<p>Kompatibel med alla Magnetars Fiskemagneter.<\/p>\n","protected":false},"featured_media":98701,"comment_status":"open","ping_status":"closed","template":"","meta":{"_acf_changed":false,"inline_featured_image":false},"product_brand":[],"product_cat":[1009,239,270,268],"product_tag":[],"class_list":{"0":"post-99867","1":"product","2":"type-product","3":"status-publish","4":"has-post-thumbnail","6":"product_cat-okategoriserad-2","7":"product_cat-magnet-fishing-gear-accessories-3","8":"product_cat-merchandise-sv","9":"product_cat-utrustning","11":"first","12":"instock","13":"taxable","14":"shipping-taxable","15":"purchasable","16":"product-type-simple"},"acf":[],"yoast_head":"<!-- This site is optimized with the Yoast SEO plugin v27.6 - https:\/\/yoast.com\/product\/yoast-seo-wordpress\/ -->\n<title>S\u00e4kerhetstransportv\u00e4ska f\u00f6r Fiskemagneter - MagShield\u2122 - Magnet fishing with a Magnetar fishing magnet<\/title>\n<meta name=\"description\" content=\"Magnetar\u00ae transportv\u00e4ska \u00e4r utformad f\u00f6r s\u00e4ker transport, smart f\u00f6rvaring och praktisk anv\u00e4ndning i vardagen.\" \/>\n<meta name=\"robots\" content=\"index, follow, max-snippet:-1, max-image-preview:large, max-video-preview:-1\" \/>\n<link rel=\"canonical\" href=\"https:\/\/magnetarmagnets.com\/sv\/shop\/sakerhetstransportvaska-for-fiskemagneter-magshield\/\" \/>\n<meta property=\"og:locale\" content=\"sv_SE\" \/>\n<meta property=\"og:type\" content=\"article\" \/>\n<meta property=\"og:title\" content=\"S\u00e4kerhetstransportv\u00e4ska f\u00f6r Fiskemagneter - MagShield\u2122 - Magnet fishing with a Magnetar fishing magnet\" \/>\n<meta property=\"og:description\" content=\"Magnetar\u00ae transportv\u00e4ska \u00e4r utformad f\u00f6r s\u00e4ker transport, smart f\u00f6rvaring och praktisk anv\u00e4ndning i vardagen.\" \/>\n<meta property=\"og:url\" content=\"https:\/\/magnetarmagnets.com\/sv\/shop\/sakerhetstransportvaska-for-fiskemagneter-magshield\/\" \/>\n<meta property=\"og:site_name\" content=\"Magnet fishing with a Magnetar fishing magnet\" \/>\n<meta property=\"article:publisher\" content=\"https:\/\/www.facebook.com\/fishingmagnets\/\" \/>\n<meta property=\"og:image\" content=\"https:\/\/magnetarmagnets.com\/wp-content\/uploads\/2026\/04\/BEAST-X-1024x1024.png\" \/>\n\t<meta property=\"og:image:width\" content=\"1024\" \/>\n\t<meta property=\"og:image:height\" content=\"1024\" \/>\n\t<meta property=\"og:image:type\" content=\"image\/png\" \/>\n<meta name=\"twitter:card\" content=\"summary_large_image\" \/>\n<meta name=\"twitter:label1\" content=\"Ber\u00e4knad l\u00e4stid\" \/>\n\t<meta name=\"twitter:data1\" content=\"1 minut\" \/>\n<script type=\"application\/ld+json\" class=\"yoast-schema-graph\">{\"@context\":\"https:\\\/\\\/schema.org\",\"@graph\":[{\"@type\":[\"WebPage\",\"ItemPage\"],\"@id\":\"https:\\\/\\\/magnetarmagnets.com\\\/sv\\\/shop\\\/sakerhetstransportvaska-for-fiskemagneter-magshield\\\/\",\"url\":\"https:\\\/\\\/magnetarmagnets.com\\\/sv\\\/shop\\\/sakerhetstransportvaska-for-fiskemagneter-magshield\\\/\",\"name\":\"S\u00e4kerhetstransportv\u00e4ska f\u00f6r Fiskemagneter - MagShield\u2122 - Magnet fishing with a Magnetar fishing magnet\",\"isPartOf\":{\"@id\":\"https:\\\/\\\/magnetarmagnets.com\\\/sv\\\/#website\"},\"primaryImageOfPage\":{\"@id\":\"https:\\\/\\\/magnetarmagnets.com\\\/sv\\\/shop\\\/sakerhetstransportvaska-for-fiskemagneter-magshield\\\/#primaryimage\"},\"image\":{\"@id\":\"https:\\\/\\\/magnetarmagnets.com\\\/sv\\\/shop\\\/sakerhetstransportvaska-for-fiskemagneter-magshield\\\/#primaryimage\"},\"thumbnailUrl\":\"https:\\\/\\\/magnetarmagnets.com\\\/wp-content\\\/uploads\\\/2026\\\/04\\\/BEAST-X.png\",\"datePublished\":\"2026-04-22T12:49:46+00:00\",\"description\":\"Magnetar\u00ae transportv\u00e4ska \u00e4r utformad f\u00f6r s\u00e4ker transport, smart f\u00f6rvaring och praktisk anv\u00e4ndning i vardagen.\",\"breadcrumb\":{\"@id\":\"https:\\\/\\\/magnetarmagnets.com\\\/sv\\\/shop\\\/sakerhetstransportvaska-for-fiskemagneter-magshield\\\/#breadcrumb\"},\"inLanguage\":\"sv-SE\",\"potentialAction\":[{\"@type\":\"ReadAction\",\"target\":[\"https:\\\/\\\/magnetarmagnets.com\\\/sv\\\/shop\\\/sakerhetstransportvaska-for-fiskemagneter-magshield\\\/\"]}]},{\"@type\":\"ImageObject\",\"inLanguage\":\"sv-SE\",\"@id\":\"https:\\\/\\\/magnetarmagnets.com\\\/sv\\\/shop\\\/sakerhetstransportvaska-for-fiskemagneter-magshield\\\/#primaryimage\",\"url\":\"https:\\\/\\\/magnetarmagnets.com\\\/wp-content\\\/uploads\\\/2026\\\/04\\\/BEAST-X.png\",\"contentUrl\":\"https:\\\/\\\/magnetarmagnets.com\\\/wp-content\\\/uploads\\\/2026\\\/04\\\/BEAST-X.png\",\"width\":2000,\"height\":2000},{\"@type\":\"BreadcrumbList\",\"@id\":\"https:\\\/\\\/magnetarmagnets.com\\\/sv\\\/shop\\\/sakerhetstransportvaska-for-fiskemagneter-magshield\\\/#breadcrumb\",\"itemListElement\":[{\"@type\":\"ListItem\",\"position\":1,\"name\":\"Home\",\"item\":\"https:\\\/\\\/magnetarmagnets.com\\\/sv\\\/\"},{\"@type\":\"ListItem\",\"position\":2,\"name\":\"Butik\",\"item\":\"https:\\\/\\\/magnetarmagnets.com\\\/sv\\\/butik\\\/\"},{\"@type\":\"ListItem\",\"position\":3,\"name\":\"S\u00e4kerhetstransportv\u00e4ska f\u00f6r Fiskemagneter &#8211; MagShield\u2122\"}]},{\"@type\":\"WebSite\",\"@id\":\"https:\\\/\\\/magnetarmagnets.com\\\/sv\\\/#website\",\"url\":\"https:\\\/\\\/magnetarmagnets.com\\\/sv\\\/\",\"name\":\"Magnet fishing with a Magnetar fishing magnet\",\"description\":\"Kraftfulla magneter f\u00f6r magnetfiske\",\"publisher\":{\"@id\":\"https:\\\/\\\/magnetarmagnets.com\\\/sv\\\/#organization\"},\"potentialAction\":[{\"@type\":\"SearchAction\",\"target\":{\"@type\":\"EntryPoint\",\"urlTemplate\":\"https:\\\/\\\/magnetarmagnets.com\\\/sv\\\/?s={search_term_string}\"},\"query-input\":{\"@type\":\"PropertyValueSpecification\",\"valueRequired\":true,\"valueName\":\"search_term_string\"}}],\"inLanguage\":\"sv-SE\"},{\"@type\":\"Organization\",\"@id\":\"https:\\\/\\\/magnetarmagnets.com\\\/sv\\\/#organization\",\"name\":\"Magnetar\",\"url\":\"https:\\\/\\\/magnetarmagnets.com\\\/sv\\\/\",\"logo\":{\"@type\":\"ImageObject\",\"inLanguage\":\"sv-SE\",\"@id\":\"https:\\\/\\\/magnetarmagnets.com\\\/sv\\\/#\\\/schema\\\/logo\\\/image\\\/\",\"url\":\"https:\\\/\\\/magnetarmagnets.com\\\/wp-content\\\/uploads\\\/2025\\\/05\\\/Logo-03_PNG-Black-scaled.png\",\"contentUrl\":\"https:\\\/\\\/magnetarmagnets.com\\\/wp-content\\\/uploads\\\/2025\\\/05\\\/Logo-03_PNG-Black-scaled.png\",\"width\":2560,\"height\":1658,\"caption\":\"Magnetar\"},\"image\":{\"@id\":\"https:\\\/\\\/magnetarmagnets.com\\\/sv\\\/#\\\/schema\\\/logo\\\/image\\\/\"},\"sameAs\":[\"https:\\\/\\\/www.facebook.com\\\/fishingmagnets\\\/\",\"https:\\\/\\\/www.instagram.com\\\/magnetar_magnets\\\/\",\"https:\\\/\\\/www.linkedin.com\\\/company\\\/magnetarbv\\\/?originalSubdomain=nl\",\"https:\\\/\\\/www.youtube.com\\\/c\\\/MagnetarVismagneet\"]}]}<\/script>\n<!-- \/ Yoast SEO plugin. -->","yoast_head_json":{"title":"S\u00e4kerhetstransportv\u00e4ska f\u00f6r Fiskemagneter - MagShield\u2122 - Magnet fishing with a Magnetar fishing magnet","description":"Magnetar\u00ae transportv\u00e4ska \u00e4r utformad f\u00f6r s\u00e4ker transport, smart f\u00f6rvaring och praktisk anv\u00e4ndning i vardagen.","robots":{"index":"index","follow":"follow","max-snippet":"max-snippet:-1","max-image-preview":"max-image-preview:large","max-video-preview":"max-video-preview:-1"},"canonical":"https:\/\/magnetarmagnets.com\/sv\/shop\/sakerhetstransportvaska-for-fiskemagneter-magshield\/","og_locale":"sv_SE","og_type":"article","og_title":"S\u00e4kerhetstransportv\u00e4ska f\u00f6r Fiskemagneter - MagShield\u2122 - Magnet fishing with a Magnetar fishing magnet","og_description":"Magnetar\u00ae transportv\u00e4ska \u00e4r utformad f\u00f6r s\u00e4ker transport, smart f\u00f6rvaring och praktisk anv\u00e4ndning i vardagen.","og_url":"https:\/\/magnetarmagnets.com\/sv\/shop\/sakerhetstransportvaska-for-fiskemagneter-magshield\/","og_site_name":"Magnet fishing with a Magnetar fishing magnet","article_publisher":"https:\/\/www.facebook.com\/fishingmagnets\/","og_image":[{"width":1024,"height":1024,"url":"https:\/\/magnetarmagnets.com\/wp-content\/uploads\/2026\/04\/BEAST-X-1024x1024.png","type":"image\/png"}],"twitter_card":"summary_large_image","twitter_misc":{"Ber\u00e4knad l\u00e4stid":"1 minut"},"schema":{"@context":"https:\/\/schema.org","@graph":[{"@type":["WebPage","ItemPage"],"@id":"https:\/\/magnetarmagnets.com\/sv\/shop\/sakerhetstransportvaska-for-fiskemagneter-magshield\/","url":"https:\/\/magnetarmagnets.com\/sv\/shop\/sakerhetstransportvaska-for-fiskemagneter-magshield\/","name":"S\u00e4kerhetstransportv\u00e4ska f\u00f6r Fiskemagneter - MagShield\u2122 - Magnet fishing with a Magnetar fishing magnet","isPartOf":{"@id":"https:\/\/magnetarmagnets.com\/sv\/#website"},"primaryImageOfPage":{"@id":"https:\/\/magnetarmagnets.com\/sv\/shop\/sakerhetstransportvaska-for-fiskemagneter-magshield\/#primaryimage"},"image":{"@id":"https:\/\/magnetarmagnets.com\/sv\/shop\/sakerhetstransportvaska-for-fiskemagneter-magshield\/#primaryimage"},"thumbnailUrl":"https:\/\/magnetarmagnets.com\/wp-content\/uploads\/2026\/04\/BEAST-X.png","datePublished":"2026-04-22T12:49:46+00:00","description":"Magnetar\u00ae transportv\u00e4ska \u00e4r utformad f\u00f6r s\u00e4ker transport, smart f\u00f6rvaring och praktisk anv\u00e4ndning i vardagen.","breadcrumb":{"@id":"https:\/\/magnetarmagnets.com\/sv\/shop\/sakerhetstransportvaska-for-fiskemagneter-magshield\/#breadcrumb"},"inLanguage":"sv-SE","potentialAction":[{"@type":"ReadAction","target":["https:\/\/magnetarmagnets.com\/sv\/shop\/sakerhetstransportvaska-for-fiskemagneter-magshield\/"]}]},{"@type":"ImageObject","inLanguage":"sv-SE","@id":"https:\/\/magnetarmagnets.com\/sv\/shop\/sakerhetstransportvaska-for-fiskemagneter-magshield\/#primaryimage","url":"https:\/\/magnetarmagnets.com\/wp-content\/uploads\/2026\/04\/BEAST-X.png","contentUrl":"https:\/\/magnetarmagnets.com\/wp-content\/uploads\/2026\/04\/BEAST-X.png","width":2000,"height":2000},{"@type":"BreadcrumbList","@id":"https:\/\/magnetarmagnets.com\/sv\/shop\/sakerhetstransportvaska-for-fiskemagneter-magshield\/#breadcrumb","itemListElement":[{"@type":"ListItem","position":1,"name":"Home","item":"https:\/\/magnetarmagnets.com\/sv\/"},{"@type":"ListItem","position":2,"name":"Butik","item":"https:\/\/magnetarmagnets.com\/sv\/butik\/"},{"@type":"ListItem","position":3,"name":"S\u00e4kerhetstransportv\u00e4ska f\u00f6r Fiskemagneter &#8211; MagShield\u2122"}]},{"@type":"WebSite","@id":"https:\/\/magnetarmagnets.com\/sv\/#website","url":"https:\/\/magnetarmagnets.com\/sv\/","name":"Magnet fishing with a Magnetar fishing magnet","description":"Kraftfulla magneter f\u00f6r magnetfiske","publisher":{"@id":"https:\/\/magnetarmagnets.com\/sv\/#organization"},"potentialAction":[{"@type":"SearchAction","target":{"@type":"EntryPoint","urlTemplate":"https:\/\/magnetarmagnets.com\/sv\/?s={search_term_string}"},"query-input":{"@type":"PropertyValueSpecification","valueRequired":true,"valueName":"search_term_string"}}],"inLanguage":"sv-SE"},{"@type":"Organization","@id":"https:\/\/magnetarmagnets.com\/sv\/#organization","name":"Magnetar","url":"https:\/\/magnetarmagnets.com\/sv\/","logo":{"@type":"ImageObject","inLanguage":"sv-SE","@id":"https:\/\/magnetarmagnets.com\/sv\/#\/schema\/logo\/image\/","url":"https:\/\/magnetarmagnets.com\/wp-content\/uploads\/2025\/05\/Logo-03_PNG-Black-scaled.png","contentUrl":"https:\/\/magnetarmagnets.com\/wp-content\/uploads\/2025\/05\/Logo-03_PNG-Black-scaled.png","width":2560,"height":1658,"caption":"Magnetar"},"image":{"@id":"https:\/\/magnetarmagnets.com\/sv\/#\/schema\/logo\/image\/"},"sameAs":["https:\/\/www.facebook.com\/fishingmagnets\/","https:\/\/www.instagram.com\/magnetar_magnets\/","https:\/\/www.linkedin.com\/company\/magnetarbv\/?originalSubdomain=nl","https:\/\/www.youtube.com\/c\/MagnetarVismagneet"]}]}},"_links":{"self":[{"href":"https:\/\/magnetarmagnets.com\/sv\/wp-json\/wp\/v2\/product\/99867","targetHints":{"allow":["GET"]}}],"collection":[{"href":"https:\/\/magnetarmagnets.com\/sv\/wp-json\/wp\/v2\/product"}],"about":[{"href":"https:\/\/magnetarmagnets.com\/sv\/wp-json\/wp\/v2\/types\/product"}],"replies":[{"embeddable":true,"href":"https:\/\/magnetarmagnets.com\/sv\/wp-json\/wp\/v2\/comments?post=99867"}],"version-history":[{"count":0,"href":"https:\/\/magnetarmagnets.com\/sv\/wp-json\/wp\/v2\/product\/99867\/revisions"}],"wp:featuredmedia":[{"embeddable":true,"href":"https:\/\/magnetarmagnets.com\/sv\/wp-json\/wp\/v2\/media\/98701"}],"wp:attachment":[{"href":"https:\/\/magnetarmagnets.com\/sv\/wp-json\/wp\/v2\/media?parent=99867"}],"wp:term":[{"taxonomy":"product_brand","embeddable":true,"href":"https:\/\/magnetarmagnets.com\/sv\/wp-json\/wp\/v2\/product_brand?post=99867"},{"taxonomy":"product_cat","embeddable":true,"href":"https:\/\/magnetarmagnets.com\/sv\/wp-json\/wp\/v2\/product_cat?post=99867"},{"taxonomy":"product_tag","embeddable":true,"href":"https:\/\/magnetarmagnets.com\/sv\/wp-json\/wp\/v2\/product_tag?post=99867"}],"curies":[{"name":"wp","href":"https:\/\/api.w.org\/{rel}","templated":true}]}}