{"id":97270,"date":"2026-04-16T10:18:15","date_gmt":"2026-04-16T08:18:15","guid":{"rendered":"https:\/\/magnetarmagnets.com\/?post_type=product&#038;p=97270"},"modified":"2026-04-16T13:12:40","modified_gmt":"2026-04-16T11:12:40","slug":"megacube-x-kit-2000-lb-900-kg-megacube-x-360-blockmagnet","status":"publish","type":"product","link":"https:\/\/magnetarmagnets.com\/sv\/shop\/megacube-x-kit-2000-lb-900-kg-megacube-x-360-blockmagnet\/","title":{"rendered":"MEGACUBE X\u2122 kit \u2013 2000 lb \/ 900 kg \u2013 MEGACUBE X\u2122 &#8211; 360\u00b0 blockmagnet"},"content":{"rendered":"","protected":false},"excerpt":{"rendered":"<div class=\"flex flex-col text-sm pb-25\">\n<section class=\"text-token-text-primary w-full focus:outline-none [--shadow-height:45px] has-data-writing-block:pointer-events-none has-data-writing-block:-mt-(--shadow-height) has-data-writing-block:pt-(--shadow-height) [&amp;:has([data-writing-block])&gt;*]:pointer-events-auto scroll-mt-[calc(var(--header-height)+min(200px,max(70px,20svh)))]\" dir=\"auto\" data-turn-id=\"request-WEB:ee541d94-34c8-4544-80a1-0781ee4520f1-7\" data-testid=\"conversation-turn-16\" data-scroll-anchor=\"true\" data-turn=\"assistant\">\n<div class=\"text-base my-auto mx-auto pb-10 [--thread-content-margin:var(--thread-content-margin-xs,calc(var(--spacing)*4))] @w-sm\/main:[--thread-content-margin:var(--thread-content-margin-sm,calc(var(--spacing)*6))] @w-lg\/main:[--thread-content-margin:var(--thread-content-margin-lg,calc(var(--spacing)*16))] px-(--thread-content-margin)\">\n<div class=\"[--thread-content-max-width:40rem] @w-lg\/main:[--thread-content-max-width:48rem] mx-auto max-w-(--thread-content-max-width) flex-1 group\/turn-messages focus-visible:outline-hidden relative flex w-full min-w-0 flex-col agent-turn\">\n<div class=\"flex max-w-full flex-col gap-4 grow\">\n<div class=\"min-h-8 text-message relative flex w-full flex-col items-end gap-2 text-start break-words whitespace-normal outline-none keyboard-focused:focus-ring [.text-message+&amp;]:mt-1\" dir=\"auto\" tabindex=\"0\" data-message-author-role=\"assistant\" data-message-id=\"1d5514fa-7529-4d3f-a4ab-0b9965fc6964\" data-message-model-slug=\"gpt-5-3\" data-turn-start-message=\"true\">\n<div class=\"flex w-full flex-col gap-1 empty:hidden\">\n<div class=\"markdown prose dark:prose-invert w-full wrap-break-word light markdown-new-styling\">\n<p>Megacube X \u00e4r en kraftfull <strong>360\u00b0 blockmagnet<\/strong> fr\u00e5n <strong>X Line<\/strong>. Perfekt f\u00f6r b\u00e5de nyb\u00f6rjare och avancerade magnetfiskare som s\u00f6ker unika fynd, kvalitet och en skyddad fiskemagnet.<\/p>\n<p>Fullt monterad, f\u00f6rpackad i <strong>MagShield\u2122<\/strong>-v\u00e4skan f\u00f6r s\u00e4ker transport och enkel anv\u00e4ndning.<\/p>\n<\/div>\n<\/div>\n<\/div>\n<\/div>\n<\/div>\n<\/div>\n<\/section>\n<\/div>\n","protected":false},"featured_media":96813,"comment_status":"open","ping_status":"closed","template":"","meta":{"_acf_changed":false,"inline_featured_image":false},"product_brand":[],"product_cat":[262,261,279,277,267,1009,1010],"product_tag":[],"class_list":{"0":"post-97270","1":"product","2":"type-product","3":"status-publish","4":"has-post-thumbnail","6":"product_cat-block-fiske-magneter-360","7":"product_cat-fiske-magneter","8":"product_cat-for-avancerade-aventyrare-sv","9":"product_cat-nyborjare-barn","10":"product_cat-magnetfiske-kit","11":"product_cat-okategoriserad-2","12":"product_cat-x-line","14":"first","15":"instock","16":"taxable","17":"shipping-taxable","18":"purchasable","19":"product-type-simple"},"acf":[],"yoast_head":"<!-- This site is optimized with the Yoast SEO plugin v27.4 - https:\/\/yoast.com\/product\/yoast-seo-wordpress\/ -->\n<title>MEGACUBE X\u2122 kit \u2013 2000 lb \/ 900 kg \u2013 MEGACUBE X\u2122 - 360\u00b0 blockmagnet - Magnet fishing with a Magnetar fishing magnet<\/title>\n<meta name=\"description\" content=\"Megacube X \u00e4r en kompakt 360\u00b0 kubformad fiskemagnet med 900 kg \/ 2000 lb dragkraft. Perfekt f\u00f6r nyb\u00f6rjare och avancerade anv\u00e4ndare.\" \/>\n<meta name=\"robots\" content=\"index, follow, max-snippet:-1, max-image-preview:large, max-video-preview:-1\" \/>\n<link rel=\"canonical\" href=\"https:\/\/magnetarmagnets.com\/sv\/shop\/megacube-x-kit-2000-lb-900-kg-megacube-x-360-blockmagnet\/\" \/>\n<meta property=\"og:locale\" content=\"sv_SE\" \/>\n<meta property=\"og:type\" content=\"article\" \/>\n<meta property=\"og:title\" content=\"MEGACUBE X\u2122 kit \u2013 2000 lb \/ 900 kg \u2013 MEGACUBE X\u2122 - 360\u00b0 blockmagnet - Magnet fishing with a Magnetar fishing magnet\" \/>\n<meta property=\"og:description\" content=\"Megacube X \u00e4r en kompakt 360\u00b0 kubformad fiskemagnet med 900 kg \/ 2000 lb dragkraft. Perfekt f\u00f6r nyb\u00f6rjare och avancerade anv\u00e4ndare.\" \/>\n<meta property=\"og:url\" content=\"https:\/\/magnetarmagnets.com\/sv\/shop\/megacube-x-kit-2000-lb-900-kg-megacube-x-360-blockmagnet\/\" \/>\n<meta property=\"og:site_name\" content=\"Magnet fishing with a Magnetar fishing magnet\" \/>\n<meta property=\"article:publisher\" content=\"https:\/\/www.facebook.com\/fishingmagnets\/\" \/>\n<meta property=\"article:modified_time\" content=\"2026-04-16T11:12:40+00:00\" \/>\n<meta property=\"og:image\" content=\"https:\/\/magnetarmagnets.com\/wp-content\/uploads\/2026\/04\/MagnetarMagnets_MEGACUBE_X_listing-1-1024x1024.png\" \/>\n\t<meta property=\"og:image:width\" content=\"1024\" \/>\n\t<meta property=\"og:image:height\" content=\"1024\" \/>\n\t<meta property=\"og:image:type\" content=\"image\/png\" \/>\n<meta name=\"twitter:card\" content=\"summary_large_image\" \/>\n<meta name=\"twitter:label1\" content=\"Ber\u00e4knad l\u00e4stid\" \/>\n\t<meta name=\"twitter:data1\" content=\"1 minut\" \/>\n<script type=\"application\/ld+json\" class=\"yoast-schema-graph\">{\"@context\":\"https:\\\/\\\/schema.org\",\"@graph\":[{\"@type\":[\"WebPage\",\"ItemPage\"],\"@id\":\"https:\\\/\\\/magnetarmagnets.com\\\/sv\\\/shop\\\/megacube-x-kit-2000-lb-900-kg-megacube-x-360-blockmagnet\\\/\",\"url\":\"https:\\\/\\\/magnetarmagnets.com\\\/sv\\\/shop\\\/megacube-x-kit-2000-lb-900-kg-megacube-x-360-blockmagnet\\\/\",\"name\":\"MEGACUBE X\u2122 kit \u2013 2000 lb \\\/ 900 kg \u2013 MEGACUBE X\u2122 - 360\u00b0 blockmagnet - Magnet fishing with a Magnetar fishing magnet\",\"isPartOf\":{\"@id\":\"https:\\\/\\\/magnetarmagnets.com\\\/sv\\\/#website\"},\"primaryImageOfPage\":{\"@id\":\"https:\\\/\\\/magnetarmagnets.com\\\/sv\\\/shop\\\/megacube-x-kit-2000-lb-900-kg-megacube-x-360-blockmagnet\\\/#primaryimage\"},\"image\":{\"@id\":\"https:\\\/\\\/magnetarmagnets.com\\\/sv\\\/shop\\\/megacube-x-kit-2000-lb-900-kg-megacube-x-360-blockmagnet\\\/#primaryimage\"},\"thumbnailUrl\":\"https:\\\/\\\/magnetarmagnets.com\\\/wp-content\\\/uploads\\\/2026\\\/04\\\/MagnetarMagnets_MEGACUBE_X_listing-1.png\",\"datePublished\":\"2026-04-16T08:18:15+00:00\",\"dateModified\":\"2026-04-16T11:12:40+00:00\",\"description\":\"Megacube X \u00e4r en kompakt 360\u00b0 kubformad fiskemagnet med 900 kg \\\/ 2000 lb dragkraft. Perfekt f\u00f6r nyb\u00f6rjare och avancerade anv\u00e4ndare.\",\"breadcrumb\":{\"@id\":\"https:\\\/\\\/magnetarmagnets.com\\\/sv\\\/shop\\\/megacube-x-kit-2000-lb-900-kg-megacube-x-360-blockmagnet\\\/#breadcrumb\"},\"inLanguage\":\"sv-SE\",\"potentialAction\":[{\"@type\":\"ReadAction\",\"target\":[\"https:\\\/\\\/magnetarmagnets.com\\\/sv\\\/shop\\\/megacube-x-kit-2000-lb-900-kg-megacube-x-360-blockmagnet\\\/\"]}]},{\"@type\":\"ImageObject\",\"inLanguage\":\"sv-SE\",\"@id\":\"https:\\\/\\\/magnetarmagnets.com\\\/sv\\\/shop\\\/megacube-x-kit-2000-lb-900-kg-megacube-x-360-blockmagnet\\\/#primaryimage\",\"url\":\"https:\\\/\\\/magnetarmagnets.com\\\/wp-content\\\/uploads\\\/2026\\\/04\\\/MagnetarMagnets_MEGACUBE_X_listing-1.png\",\"contentUrl\":\"https:\\\/\\\/magnetarmagnets.com\\\/wp-content\\\/uploads\\\/2026\\\/04\\\/MagnetarMagnets_MEGACUBE_X_listing-1.png\",\"width\":2000,\"height\":2000},{\"@type\":\"BreadcrumbList\",\"@id\":\"https:\\\/\\\/magnetarmagnets.com\\\/sv\\\/shop\\\/megacube-x-kit-2000-lb-900-kg-megacube-x-360-blockmagnet\\\/#breadcrumb\",\"itemListElement\":[{\"@type\":\"ListItem\",\"position\":1,\"name\":\"Home\",\"item\":\"https:\\\/\\\/magnetarmagnets.com\\\/sv\\\/\"},{\"@type\":\"ListItem\",\"position\":2,\"name\":\"Butik\",\"item\":\"https:\\\/\\\/magnetarmagnets.com\\\/sv\\\/butik\\\/\"},{\"@type\":\"ListItem\",\"position\":3,\"name\":\"Fiske magneter\",\"item\":\"https:\\\/\\\/magnetarmagnets.com\\\/sv\\\/collections\\\/fiske-magneter\\\/\"},{\"@type\":\"ListItem\",\"position\":4,\"name\":\"Block Fiske Magneter 360\",\"item\":\"https:\\\/\\\/magnetarmagnets.com\\\/sv\\\/collections\\\/fiske-magneter\\\/block-fiske-magneter-360\\\/\"},{\"@type\":\"ListItem\",\"position\":5,\"name\":\"MEGACUBE X\u2122 kit \u2013 2000 lb \\\/ 900 kg \u2013 MEGACUBE X\u2122 &#8211; 360\u00b0 blockmagnet\"}]},{\"@type\":\"WebSite\",\"@id\":\"https:\\\/\\\/magnetarmagnets.com\\\/sv\\\/#website\",\"url\":\"https:\\\/\\\/magnetarmagnets.com\\\/sv\\\/\",\"name\":\"Magnet fishing with a Magnetar fishing magnet\",\"description\":\"Kraftfulla magneter f\u00f6r magnetfiske\",\"publisher\":{\"@id\":\"https:\\\/\\\/magnetarmagnets.com\\\/sv\\\/#organization\"},\"potentialAction\":[{\"@type\":\"SearchAction\",\"target\":{\"@type\":\"EntryPoint\",\"urlTemplate\":\"https:\\\/\\\/magnetarmagnets.com\\\/sv\\\/?s={search_term_string}\"},\"query-input\":{\"@type\":\"PropertyValueSpecification\",\"valueRequired\":true,\"valueName\":\"search_term_string\"}}],\"inLanguage\":\"sv-SE\"},{\"@type\":\"Organization\",\"@id\":\"https:\\\/\\\/magnetarmagnets.com\\\/sv\\\/#organization\",\"name\":\"Magnetar\",\"url\":\"https:\\\/\\\/magnetarmagnets.com\\\/sv\\\/\",\"logo\":{\"@type\":\"ImageObject\",\"inLanguage\":\"sv-SE\",\"@id\":\"https:\\\/\\\/magnetarmagnets.com\\\/sv\\\/#\\\/schema\\\/logo\\\/image\\\/\",\"url\":\"https:\\\/\\\/magnetarmagnets.com\\\/wp-content\\\/uploads\\\/2025\\\/05\\\/Logo-03_PNG-Black-scaled.png\",\"contentUrl\":\"https:\\\/\\\/magnetarmagnets.com\\\/wp-content\\\/uploads\\\/2025\\\/05\\\/Logo-03_PNG-Black-scaled.png\",\"width\":2560,\"height\":1658,\"caption\":\"Magnetar\"},\"image\":{\"@id\":\"https:\\\/\\\/magnetarmagnets.com\\\/sv\\\/#\\\/schema\\\/logo\\\/image\\\/\"},\"sameAs\":[\"https:\\\/\\\/www.facebook.com\\\/fishingmagnets\\\/\",\"https:\\\/\\\/www.instagram.com\\\/magnetar_magnets\\\/\",\"https:\\\/\\\/www.linkedin.com\\\/company\\\/magnetarbv\\\/?originalSubdomain=nl\",\"https:\\\/\\\/www.youtube.com\\\/c\\\/MagnetarVismagneet\"]}]}<\/script>\n<!-- \/ Yoast SEO plugin. -->","yoast_head_json":{"title":"MEGACUBE X\u2122 kit \u2013 2000 lb \/ 900 kg \u2013 MEGACUBE X\u2122 - 360\u00b0 blockmagnet - Magnet fishing with a Magnetar fishing magnet","description":"Megacube X \u00e4r en kompakt 360\u00b0 kubformad fiskemagnet med 900 kg \/ 2000 lb dragkraft. Perfekt f\u00f6r nyb\u00f6rjare och avancerade anv\u00e4ndare.","robots":{"index":"index","follow":"follow","max-snippet":"max-snippet:-1","max-image-preview":"max-image-preview:large","max-video-preview":"max-video-preview:-1"},"canonical":"https:\/\/magnetarmagnets.com\/sv\/shop\/megacube-x-kit-2000-lb-900-kg-megacube-x-360-blockmagnet\/","og_locale":"sv_SE","og_type":"article","og_title":"MEGACUBE X\u2122 kit \u2013 2000 lb \/ 900 kg \u2013 MEGACUBE X\u2122 - 360\u00b0 blockmagnet - Magnet fishing with a Magnetar fishing magnet","og_description":"Megacube X \u00e4r en kompakt 360\u00b0 kubformad fiskemagnet med 900 kg \/ 2000 lb dragkraft. Perfekt f\u00f6r nyb\u00f6rjare och avancerade anv\u00e4ndare.","og_url":"https:\/\/magnetarmagnets.com\/sv\/shop\/megacube-x-kit-2000-lb-900-kg-megacube-x-360-blockmagnet\/","og_site_name":"Magnet fishing with a Magnetar fishing magnet","article_publisher":"https:\/\/www.facebook.com\/fishingmagnets\/","article_modified_time":"2026-04-16T11:12:40+00:00","og_image":[{"width":1024,"height":1024,"url":"https:\/\/magnetarmagnets.com\/wp-content\/uploads\/2026\/04\/MagnetarMagnets_MEGACUBE_X_listing-1-1024x1024.png","type":"image\/png"}],"twitter_card":"summary_large_image","twitter_misc":{"Ber\u00e4knad l\u00e4stid":"1 minut"},"schema":{"@context":"https:\/\/schema.org","@graph":[{"@type":["WebPage","ItemPage"],"@id":"https:\/\/magnetarmagnets.com\/sv\/shop\/megacube-x-kit-2000-lb-900-kg-megacube-x-360-blockmagnet\/","url":"https:\/\/magnetarmagnets.com\/sv\/shop\/megacube-x-kit-2000-lb-900-kg-megacube-x-360-blockmagnet\/","name":"MEGACUBE X\u2122 kit \u2013 2000 lb \/ 900 kg \u2013 MEGACUBE X\u2122 - 360\u00b0 blockmagnet - Magnet fishing with a Magnetar fishing magnet","isPartOf":{"@id":"https:\/\/magnetarmagnets.com\/sv\/#website"},"primaryImageOfPage":{"@id":"https:\/\/magnetarmagnets.com\/sv\/shop\/megacube-x-kit-2000-lb-900-kg-megacube-x-360-blockmagnet\/#primaryimage"},"image":{"@id":"https:\/\/magnetarmagnets.com\/sv\/shop\/megacube-x-kit-2000-lb-900-kg-megacube-x-360-blockmagnet\/#primaryimage"},"thumbnailUrl":"https:\/\/magnetarmagnets.com\/wp-content\/uploads\/2026\/04\/MagnetarMagnets_MEGACUBE_X_listing-1.png","datePublished":"2026-04-16T08:18:15+00:00","dateModified":"2026-04-16T11:12:40+00:00","description":"Megacube X \u00e4r en kompakt 360\u00b0 kubformad fiskemagnet med 900 kg \/ 2000 lb dragkraft. Perfekt f\u00f6r nyb\u00f6rjare och avancerade anv\u00e4ndare.","breadcrumb":{"@id":"https:\/\/magnetarmagnets.com\/sv\/shop\/megacube-x-kit-2000-lb-900-kg-megacube-x-360-blockmagnet\/#breadcrumb"},"inLanguage":"sv-SE","potentialAction":[{"@type":"ReadAction","target":["https:\/\/magnetarmagnets.com\/sv\/shop\/megacube-x-kit-2000-lb-900-kg-megacube-x-360-blockmagnet\/"]}]},{"@type":"ImageObject","inLanguage":"sv-SE","@id":"https:\/\/magnetarmagnets.com\/sv\/shop\/megacube-x-kit-2000-lb-900-kg-megacube-x-360-blockmagnet\/#primaryimage","url":"https:\/\/magnetarmagnets.com\/wp-content\/uploads\/2026\/04\/MagnetarMagnets_MEGACUBE_X_listing-1.png","contentUrl":"https:\/\/magnetarmagnets.com\/wp-content\/uploads\/2026\/04\/MagnetarMagnets_MEGACUBE_X_listing-1.png","width":2000,"height":2000},{"@type":"BreadcrumbList","@id":"https:\/\/magnetarmagnets.com\/sv\/shop\/megacube-x-kit-2000-lb-900-kg-megacube-x-360-blockmagnet\/#breadcrumb","itemListElement":[{"@type":"ListItem","position":1,"name":"Home","item":"https:\/\/magnetarmagnets.com\/sv\/"},{"@type":"ListItem","position":2,"name":"Butik","item":"https:\/\/magnetarmagnets.com\/sv\/butik\/"},{"@type":"ListItem","position":3,"name":"Fiske magneter","item":"https:\/\/magnetarmagnets.com\/sv\/collections\/fiske-magneter\/"},{"@type":"ListItem","position":4,"name":"Block Fiske Magneter 360","item":"https:\/\/magnetarmagnets.com\/sv\/collections\/fiske-magneter\/block-fiske-magneter-360\/"},{"@type":"ListItem","position":5,"name":"MEGACUBE X\u2122 kit \u2013 2000 lb \/ 900 kg \u2013 MEGACUBE X\u2122 &#8211; 360\u00b0 blockmagnet"}]},{"@type":"WebSite","@id":"https:\/\/magnetarmagnets.com\/sv\/#website","url":"https:\/\/magnetarmagnets.com\/sv\/","name":"Magnet fishing with a Magnetar fishing magnet","description":"Kraftfulla magneter f\u00f6r magnetfiske","publisher":{"@id":"https:\/\/magnetarmagnets.com\/sv\/#organization"},"potentialAction":[{"@type":"SearchAction","target":{"@type":"EntryPoint","urlTemplate":"https:\/\/magnetarmagnets.com\/sv\/?s={search_term_string}"},"query-input":{"@type":"PropertyValueSpecification","valueRequired":true,"valueName":"search_term_string"}}],"inLanguage":"sv-SE"},{"@type":"Organization","@id":"https:\/\/magnetarmagnets.com\/sv\/#organization","name":"Magnetar","url":"https:\/\/magnetarmagnets.com\/sv\/","logo":{"@type":"ImageObject","inLanguage":"sv-SE","@id":"https:\/\/magnetarmagnets.com\/sv\/#\/schema\/logo\/image\/","url":"https:\/\/magnetarmagnets.com\/wp-content\/uploads\/2025\/05\/Logo-03_PNG-Black-scaled.png","contentUrl":"https:\/\/magnetarmagnets.com\/wp-content\/uploads\/2025\/05\/Logo-03_PNG-Black-scaled.png","width":2560,"height":1658,"caption":"Magnetar"},"image":{"@id":"https:\/\/magnetarmagnets.com\/sv\/#\/schema\/logo\/image\/"},"sameAs":["https:\/\/www.facebook.com\/fishingmagnets\/","https:\/\/www.instagram.com\/magnetar_magnets\/","https:\/\/www.linkedin.com\/company\/magnetarbv\/?originalSubdomain=nl","https:\/\/www.youtube.com\/c\/MagnetarVismagneet"]}]}},"_links":{"self":[{"href":"https:\/\/magnetarmagnets.com\/sv\/wp-json\/wp\/v2\/product\/97270","targetHints":{"allow":["GET"]}}],"collection":[{"href":"https:\/\/magnetarmagnets.com\/sv\/wp-json\/wp\/v2\/product"}],"about":[{"href":"https:\/\/magnetarmagnets.com\/sv\/wp-json\/wp\/v2\/types\/product"}],"replies":[{"embeddable":true,"href":"https:\/\/magnetarmagnets.com\/sv\/wp-json\/wp\/v2\/comments?post=97270"}],"version-history":[{"count":3,"href":"https:\/\/magnetarmagnets.com\/sv\/wp-json\/wp\/v2\/product\/97270\/revisions"}],"predecessor-version":[{"id":97342,"href":"https:\/\/magnetarmagnets.com\/sv\/wp-json\/wp\/v2\/product\/97270\/revisions\/97342"}],"wp:featuredmedia":[{"embeddable":true,"href":"https:\/\/magnetarmagnets.com\/sv\/wp-json\/wp\/v2\/media\/96813"}],"wp:attachment":[{"href":"https:\/\/magnetarmagnets.com\/sv\/wp-json\/wp\/v2\/media?parent=97270"}],"wp:term":[{"taxonomy":"product_brand","embeddable":true,"href":"https:\/\/magnetarmagnets.com\/sv\/wp-json\/wp\/v2\/product_brand?post=97270"},{"taxonomy":"product_cat","embeddable":true,"href":"https:\/\/magnetarmagnets.com\/sv\/wp-json\/wp\/v2\/product_cat?post=97270"},{"taxonomy":"product_tag","embeddable":true,"href":"https:\/\/magnetarmagnets.com\/sv\/wp-json\/wp\/v2\/product_tag?post=97270"}],"curies":[{"name":"wp","href":"https:\/\/api.w.org\/{rel}","templated":true}]}}