{"id":68364,"date":"2025-06-19T13:55:40","date_gmt":"2025-06-19T11:55:40","guid":{"rendered":"https:\/\/magnetarmagnets.com\/?post_type=product&#038;p=68364"},"modified":"2026-05-16T08:29:31","modified_gmt":"2026-05-16T06:29:31","slug":"rep-for-magnetfiske-20-meter-65-fot","status":"publish","type":"product","link":"https:\/\/magnetarmagnets.com\/sv\/shop\/rep-for-magnetfiske-20-meter-65-fot\/","title":{"rendered":"Magnetfiske rep | | 65 fot \/ 20 meter"},"content":{"rendered":"\t\t<div data-elementor-type=\"product-post\" data-elementor-id=\"68364\" class=\"elementor elementor-68364 elementor-68383\" data-elementor-post-type=\"product\">\n\t\t\t\t<div class=\"elementor-element elementor-element-67f8dc26 e-con-full e-flex e-con e-parent\" data-id=\"67f8dc26\" data-element_type=\"container\" data-e-type=\"container\" data-settings=\"{&quot;background_background&quot;:&quot;classic&quot;,&quot;animation_mobile&quot;:&quot;fadeInUp&quot;}\">\n\t\t\t\t<\/div>\n\t\t<div class=\"elementor-element elementor-element-1f0a7973 e-con-full e-flex e-con e-parent\" data-id=\"1f0a7973\" data-element_type=\"container\" data-e-type=\"container\" data-settings=\"{&quot;background_background&quot;:&quot;classic&quot;,&quot;animation_mobile&quot;:&quot;fadeInUp&quot;}\">\n\t\t\t\t<div class=\"elementor-element elementor-element-a857797 elementor-hidden-desktop elementor-widget elementor-widget-spacer\" data-id=\"a857797\" data-element_type=\"widget\" data-e-type=\"widget\" data-widget_type=\"spacer.default\">\n\t\t\t\t\t\t\t<div class=\"elementor-spacer\">\n\t\t\t<div class=\"elementor-spacer-inner\"><\/div>\n\t\t<\/div>\n\t\t\t\t\t\t<\/div>\n\t\t\t\t<div class=\"elementor-element elementor-element-7c2030e9 elementor-widget elementor-widget-text-editor\" data-id=\"7c2030e9\" data-element_type=\"widget\" data-e-type=\"widget\" data-settings=\"{&quot;_animation_mobile&quot;:&quot;slideInLeft&quot;}\" data-widget_type=\"text-editor.default\">\n\t\t\t\t\t\t\t\t\t<p data-start=\"0\" data-end=\"442\">En magnet \u00e4r inte mer tillf\u00f6rlitlig \u00e4n repet som \u00e4r f\u00e4st vid den. Detta Magnetar-rep p\u00e5 20 meter \u00e4r gjort f\u00f6r Magnetfiske, inte f\u00f6r att improvisera med gamla kl\u00e4tter- eller verktygsrep. Den dubbelfl\u00e4tade, oelastiska konstruktionen ger dig kontroll n\u00e4r du sl\u00e4par, lyfter och drar fr\u00e5n broar, kanaler, hamnar eller strandlinjer. Med den f\u00f6rtillverkade \u00f6glan och den medf\u00f6ljande karbinhaken kan du komma ig\u00e5ng snabbt och fiska med st\u00f6rre sj\u00e4lvf\u00f6rtroende.<\/p>\t\t\t\t\t\t\t\t<\/div>\n\t\t\t\t<\/div>\n\t\t<div class=\"elementor-element elementor-element-38105f46 e-flex e-con-boxed e-con e-parent\" data-id=\"38105f46\" data-element_type=\"container\" data-e-type=\"container\">\n\t\t\t\t\t<div class=\"e-con-inner\">\n\t\t\t\t<div class=\"elementor-element elementor-element-f4bb18e elementor-widget elementor-widget-spacer\" data-id=\"f4bb18e\" data-element_type=\"widget\" data-e-type=\"widget\" data-widget_type=\"spacer.default\">\n\t\t\t\t\t\t\t<div class=\"elementor-spacer\">\n\t\t\t<div class=\"elementor-spacer-inner\"><\/div>\n\t\t<\/div>\n\t\t\t\t\t\t<\/div>\n\t\t\t\t\t<\/div>\n\t\t\t\t<\/div>\n\t\t<div class=\"elementor-element elementor-element-498a36c2 e-con-full e-flex e-con e-parent\" data-id=\"498a36c2\" data-element_type=\"container\" data-e-type=\"container\" data-settings=\"{&quot;background_background&quot;:&quot;classic&quot;,&quot;animation_mobile&quot;:&quot;fadeInUp&quot;}\">\n\t\t\t\t<\/div>\n\t\t<div class=\"elementor-element elementor-element-162d3aca e-flex e-con-boxed e-con e-parent\" data-id=\"162d3aca\" data-element_type=\"container\" data-e-type=\"container\" data-settings=\"{&quot;background_background&quot;:&quot;classic&quot;,&quot;animation_mobile&quot;:&quot;fadeInUp&quot;}\">\n\t\t\t\t\t<div class=\"e-con-inner\">\n\t\t\t\t<div class=\"elementor-element elementor-element-102a0605 elementor-widget elementor-widget-text-editor\" data-id=\"102a0605\" data-element_type=\"widget\" data-e-type=\"widget\" data-settings=\"{&quot;_animation_mobile&quot;:&quot;none&quot;}\" data-widget_type=\"text-editor.default\">\n\t\t\t\t\t\t\t\t\t<p data-start=\"495\" data-end=\"790\">Ett Magnetfiske-rep beh\u00f6ver grepp, styrka och l\u00e5g t\u00f6jning. Repet \u00e4r dubbelfl\u00e4tat f\u00f6r \u00f6kad h\u00e5llbarhet och tillverkat f\u00f6r att klara upprepade drag \u00f6ver kanter, skr\u00e4p och oj\u00e4mna ytor. L\u00e4ngden p\u00e5 20 meter ger dig tillr\u00e4cklig r\u00e4ckvidd f\u00f6r de vanligaste platserna f\u00f6r Magnetfiske.<\/p>\t\t\t\t\t\t\t\t<\/div>\n\t\t\t\t<div class=\"elementor-element elementor-element-39f297fa elementor-widget elementor-widget-spacer\" data-id=\"39f297fa\" data-element_type=\"widget\" data-e-type=\"widget\" data-widget_type=\"spacer.default\">\n\t\t\t\t\t\t\t<div class=\"elementor-spacer\">\n\t\t\t<div class=\"elementor-spacer-inner\"><\/div>\n\t\t<\/div>\n\t\t\t\t\t\t<\/div>\n\t\t\t\t\t<\/div>\n\t\t\t\t<\/div>\n\t\t<div class=\"elementor-element elementor-element-56102eea e-flex e-con-boxed e-con e-parent\" data-id=\"56102eea\" data-element_type=\"container\" data-e-type=\"container\" data-settings=\"{&quot;animation_mobile&quot;:&quot;fadeInUp&quot;}\">\n\t\t\t\t\t<div class=\"e-con-inner\">\n\t\t<div class=\"elementor-element elementor-element-6935a58f e-con-full e-flex e-con e-child\" data-id=\"6935a58f\" data-element_type=\"container\" data-e-type=\"container\" data-settings=\"{&quot;background_background&quot;:&quot;classic&quot;}\">\n\t\t\t\t<\/div>\n\t\t<div class=\"elementor-element elementor-element-399befbb e-con-full e-flex e-con e-child\" data-id=\"399befbb\" data-element_type=\"container\" data-e-type=\"container\">\n\t\t\t\t<div class=\"elementor-element elementor-element-439fb6e5 elementor-widget elementor-widget-text-editor\" data-id=\"439fb6e5\" data-element_type=\"widget\" data-e-type=\"widget\" data-settings=\"{&quot;_animation_mobile&quot;:&quot;slideInLeft&quot;}\" data-widget_type=\"text-editor.default\">\n\t\t\t\t\t\t\t\t\t<p data-start=\"792\" data-end=\"970\">\u00d6glan och karbinhaken g\u00f6r installationen enklare, s\u00e4rskilt n\u00e4r du vill ha en snabb, s\u00e4ker anslutning utan komplicerade knutar.<\/p>\t\t\t\t\t\t\t\t<\/div>\n\t\t\t\t<div class=\"elementor-element elementor-element-50375099 elementor-widget elementor-widget-text-editor\" data-id=\"50375099\" data-element_type=\"widget\" data-e-type=\"widget\" data-widget_type=\"text-editor.default\">\n\t\t\t\t\t\t\t\t\t<p data-start=\"972\" data-end=\"1160\">Anv\u00e4nd den f\u00f6r allroundmagneter, tunga fynd eller som ett andra rep bredvid en gripklo. Repet \u00e4r motst\u00e5ndskraftigt mot vatten, UV-str\u00e5lning, m\u00f6gel och slitage, s\u00e5 att det h\u00e5ller under skiftande f\u00f6rh\u00e5llanden.<\/p>\t\t\t\t\t\t\t\t<\/div>\n\t\t\t\t<div class=\"elementor-element elementor-element-4a7002f3 elementor-widget elementor-widget-spacer\" data-id=\"4a7002f3\" data-element_type=\"widget\" data-e-type=\"widget\" data-widget_type=\"spacer.default\">\n\t\t\t\t\t\t\t<div class=\"elementor-spacer\">\n\t\t\t<div class=\"elementor-spacer-inner\"><\/div>\n\t\t<\/div>\n\t\t\t\t\t\t<\/div>\n\t\t\t\t<\/div>\n\t\t\t\t\t<\/div>\n\t\t\t\t<\/div>\n\t\t<div class=\"elementor-element elementor-element-7e11b539 e-flex e-con-boxed e-con e-parent\" data-id=\"7e11b539\" data-element_type=\"container\" data-e-type=\"container\" data-settings=\"{&quot;animation_mobile&quot;:&quot;fadeInUp&quot;}\">\n\t\t\t\t\t<div class=\"e-con-inner\">\n\t\t\t\t<div class=\"elementor-element elementor-element-3049762 elementor-widget elementor-widget-heading\" data-id=\"3049762\" data-element_type=\"widget\" data-e-type=\"widget\" data-settings=\"{&quot;_animation_mobile&quot;:&quot;slideInLeft&quot;}\" data-widget_type=\"heading.default\">\n\t\t\t\t\t<h2 class=\"elementor-heading-title elementor-size-default\">VARF\u00d6R V\u00c4LJA DENNA MAGNET FISKEMAGNET REP?<\/h2>\t\t\t\t<\/div>\n\t\t\t\t\t<\/div>\n\t\t\t\t<\/div>\n\t\t<div class=\"elementor-element elementor-element-339005e7 e-flex e-con-boxed e-con e-parent\" data-id=\"339005e7\" data-element_type=\"container\" data-e-type=\"container\" data-settings=\"{&quot;background_background&quot;:&quot;classic&quot;,&quot;animation_mobile&quot;:&quot;fadeInUp&quot;}\">\n\t\t\t\t\t<div class=\"e-con-inner\">\n\t\t\t\t\t<\/div>\n\t\t\t\t<\/div>\n\t\t<div class=\"elementor-element elementor-element-38363aeb e-flex e-con-boxed e-con e-parent\" data-id=\"38363aeb\" data-element_type=\"container\" data-e-type=\"container\" data-settings=\"{&quot;animation_mobile&quot;:&quot;fadeInUp&quot;,&quot;background_background&quot;:&quot;classic&quot;}\">\n\t\t\t\t\t<div class=\"e-con-inner\">\n\t\t\t\t<div class=\"elementor-element elementor-element-1c66650d elementor-widget elementor-widget-spacer\" data-id=\"1c66650d\" data-element_type=\"widget\" data-e-type=\"widget\" data-widget_type=\"spacer.default\">\n\t\t\t\t\t\t\t<div class=\"elementor-spacer\">\n\t\t\t<div class=\"elementor-spacer-inner\"><\/div>\n\t\t<\/div>\n\t\t\t\t\t\t<\/div>\n\t\t\t\t<div class=\"elementor-element elementor-element-a9f9693 elementor-widget elementor-widget-text-editor\" data-id=\"a9f9693\" data-element_type=\"widget\" data-e-type=\"widget\" data-settings=\"{&quot;_animation_mobile&quot;:&quot;slideInLeft&quot;}\" data-widget_type=\"text-editor.default\">\n\t\t\t\t\t\t\t\t\t<p><svg fill=\"none\" viewbox=\"0 0 24 24\" stroke-width=\"1.5\" stroke=\"currentColor\" style=\"width:18px;height:18px;vertical-align:middle;margin-right:6px;\"> <path stroke-linecap=\"round\" stroke-linejoin=\"round\" d=\"M9 12.75 11.25 15 15 9.75M21 12a9 9 0 1 1-18 0 9 9 0 0 1 18 0Z\"><\/path> <\/svg><strong>Klar att anv\u00e4nda<\/strong><br>F\u00f6rtillverkad \u00f6gla och karbinhake sparar tid vid montering.<\/p> <p><svg fill=\"none\" viewbox=\"0 0 24 24\" stroke-width=\"1.5\" stroke=\"currentColor\" style=\"width:18px;height:18px;vertical-align:middle;margin-right:6px;\"> <path stroke-linecap=\"round\" stroke-linejoin=\"round\" d=\"M9 12.75 11.25 15 15 9.75M21 12a9 9 0 1 1-18 0 9 9 0 0 1 18 0Z\"><\/path> <\/svg><strong>Dubbelfl\u00e4tad<\/strong><br>Stark konstruktion f\u00f6r upprepade dragningar och sl\u00e4pningar.<\/p> <p><svg fill=\"none\" viewbox=\"0 0 24 24\" stroke-width=\"1.5\" stroke=\"currentColor\" style=\"width:18px;height:18px;vertical-align:middle;margin-right:6px;\"> <path stroke-linecap=\"round\" stroke-linejoin=\"round\" d=\"M9 12.75 11.25 15 15 9.75M21 12a9 9 0 1 1-18 0 9 9 0 0 1 18 0Z\"><\/path> <\/svg><strong>L\u00e5g stretch<\/strong><br>Mer kontroll vid dragning av magneter och tunga f\u00f6rem\u00e5l.<\/p> <p><svg fill=\"none\" viewbox=\"0 0 24 24\" stroke-width=\"1.5\" stroke=\"currentColor\" style=\"width:18px;height:18px;vertical-align:middle;margin-right:6px;\"> <path stroke-linecap=\"round\" stroke-linejoin=\"round\" d=\"M9 12.75 11.25 15 15 9.75M21 12a9 9 0 1 1-18 0 9 9 0 0 1 18 0Z\"><\/path> <\/svg><strong>20 meters r\u00e4ckvidd<\/strong><br>Praktisk l\u00e4ngd f\u00f6r kanaler, bryggor, broar och strandlinjer.<\/p> <p><svg fill=\"none\" viewbox=\"0 0 24 24\" stroke-width=\"1.5\" stroke=\"currentColor\" style=\"width:18px;height:18px;vertical-align:middle;margin-right:6px;\"> <path stroke-linecap=\"round\" stroke-linejoin=\"round\" d=\"M9 12.75 11.25 15 15 9.75M21 12a9 9 0 1 1-18 0 9 9 0 0 1 18 0Z\"><\/path> <\/svg><strong>Gjord f\u00f6r magnetfiske<\/strong><br>Utformad f\u00f6r verkliga h\u00e4mtningsarbeten, inte f\u00f6r allm\u00e4n anv\u00e4ndning av rep.<\/p> <p><svg fill=\"none\" viewbox=\"0 0 24 24\" stroke-width=\"1.5\" stroke=\"currentColor\" style=\"width:18px;height:18px;vertical-align:middle;margin-right:6px;\"> <path stroke-linecap=\"round\" stroke-linejoin=\"round\" d=\"M9 12.75 11.25 15 15 9.75M21 12a9 9 0 1 1-18 0 9 9 0 0 1 18 0Z\"><\/path> <\/svg><strong>V\u00e4derbest\u00e4ndig<\/strong><br>Klarar vatten, UV-str\u00e5lning, m\u00f6gel och daglig anv\u00e4ndning utomhus.<\/p> <p><svg fill=\"none\" viewbox=\"0 0 24 24\" stroke-width=\"1.5\" stroke=\"currentColor\" style=\"width:18px;height:18px;vertical-align:middle;margin-right:6px;\"> <path stroke-linecap=\"round\" stroke-linejoin=\"round\" d=\"M9 12.75 11.25 15 15 9.75M21 12a9 9 0 1 1-18 0 9 9 0 0 1 18 0Z\"><\/path> <\/svg><strong>Passar m\u00e5nga inst\u00e4llningar<\/strong><br>L\u00e4mpar sig f\u00f6r magneter, krokar och tyngre f\u00f6rem\u00e5l.<\/p>\t\t\t\t\t\t\t\t<\/div>\n\t\t\t\t\t<\/div>\n\t\t\t\t<\/div>\n\t\t\t\t<\/div>\n\t\t","protected":false},"excerpt":{"rendered":"<p><span style=\"font-weight: 400;\">Specialdesignad <strong>lina<\/strong> med fiskemagnet med <strong>\u00f6gla<\/strong> och <strong>karbinhake<\/strong>. Inga fler knutar och <strong>100% kvalitetsgaranti<\/strong>.  <\/span><\/p>\n","protected":false},"featured_media":64691,"comment_status":"open","ping_status":"closed","template":"","meta":{"_acf_changed":false,"inline_featured_image":false},"product_brand":[],"product_cat":[239,167,268],"product_tag":[],"class_list":{"0":"post-68364","1":"product","2":"type-product","3":"status-publish","4":"has-post-thumbnail","6":"product_cat-magnet-fishing-gear-accessories-3","7":"product_cat-okategoriserad","8":"product_cat-utrustning","10":"first","11":"instock","12":"taxable","13":"shipping-taxable","14":"purchasable","15":"product-type-variable"},"acf":[],"yoast_head":"<!-- This site is optimized with the Yoast SEO plugin v27.6 - https:\/\/yoast.com\/product\/yoast-seo-wordpress\/ -->\n<title>Magnetfiskerep - Magnetar \u00ae [SHOP NOW]<\/title>\n<meta name=\"description\" content=\"Handla det b\u00e4sta Magnetfiske-repet \u27a4 Magnetar \u00ae. Butiken f\u00f6r alla tillbeh\u00f6r du beh\u00f6ver f\u00f6r Magnetfiske. Skickades samma dag!\" \/>\n<meta name=\"robots\" content=\"index, follow, max-snippet:-1, max-image-preview:large, max-video-preview:-1\" \/>\n<link rel=\"canonical\" href=\"https:\/\/magnetarmagnets.com\/sv\/shop\/rep-for-magnetfiske-20-meter-65-fot\/\" \/>\n<meta property=\"og:locale\" content=\"sv_SE\" \/>\n<meta property=\"og:type\" content=\"article\" \/>\n<meta property=\"og:title\" content=\"Magnetfiskerep - Magnetar \u00ae [SHOP NOW]\" \/>\n<meta property=\"og:description\" content=\"Handla det b\u00e4sta Magnetfiske-repet \u27a4 Magnetar \u00ae. Butiken f\u00f6r alla tillbeh\u00f6r du beh\u00f6ver f\u00f6r Magnetfiske. Skickades samma dag!\" \/>\n<meta property=\"og:url\" content=\"https:\/\/magnetarmagnets.com\/sv\/shop\/rep-for-magnetfiske-20-meter-65-fot\/\" \/>\n<meta property=\"og:site_name\" content=\"Magnet fishing with a Magnetar fishing magnet\" \/>\n<meta property=\"article:publisher\" content=\"https:\/\/www.facebook.com\/fishingmagnets\/\" \/>\n<meta property=\"article:modified_time\" content=\"2026-05-16T06:29:31+00:00\" \/>\n<meta property=\"og:image\" content=\"https:\/\/magnetarmagnets.com\/wp-content\/uploads\/2014\/04\/Vismagneet-touw-1.jpg\" \/>\n\t<meta property=\"og:image:width\" content=\"1000\" \/>\n\t<meta property=\"og:image:height\" content=\"1000\" \/>\n\t<meta property=\"og:image:type\" content=\"image\/jpeg\" \/>\n<meta name=\"twitter:card\" content=\"summary_large_image\" \/>\n<meta name=\"twitter:label1\" content=\"Ber\u00e4knad l\u00e4stid\" \/>\n\t<meta name=\"twitter:data1\" content=\"3 minuter\" \/>\n<script type=\"application\/ld+json\" class=\"yoast-schema-graph\">{\"@context\":\"https:\\\/\\\/schema.org\",\"@graph\":[{\"@type\":[\"WebPage\",\"ItemPage\"],\"@id\":\"https:\\\/\\\/magnetarmagnets.com\\\/sv\\\/shop\\\/rep-for-magnetfiske-20-meter-65-fot\\\/\",\"url\":\"https:\\\/\\\/magnetarmagnets.com\\\/sv\\\/shop\\\/rep-for-magnetfiske-20-meter-65-fot\\\/\",\"name\":\"Magnetfiskerep - Magnetar \u00ae [SHOP NOW]\",\"isPartOf\":{\"@id\":\"https:\\\/\\\/magnetarmagnets.com\\\/sv\\\/#website\"},\"primaryImageOfPage\":{\"@id\":\"https:\\\/\\\/magnetarmagnets.com\\\/sv\\\/shop\\\/rep-for-magnetfiske-20-meter-65-fot\\\/#primaryimage\"},\"image\":{\"@id\":\"https:\\\/\\\/magnetarmagnets.com\\\/sv\\\/shop\\\/rep-for-magnetfiske-20-meter-65-fot\\\/#primaryimage\"},\"thumbnailUrl\":\"https:\\\/\\\/magnetarmagnets.com\\\/wp-content\\\/uploads\\\/2014\\\/04\\\/Vismagneet-touw-1.jpg\",\"datePublished\":\"2025-06-19T11:55:40+00:00\",\"dateModified\":\"2026-05-16T06:29:31+00:00\",\"description\":\"Handla det b\u00e4sta Magnetfiske-repet \u27a4 Magnetar \u00ae. Butiken f\u00f6r alla tillbeh\u00f6r du beh\u00f6ver f\u00f6r Magnetfiske. Skickades samma dag!\",\"breadcrumb\":{\"@id\":\"https:\\\/\\\/magnetarmagnets.com\\\/sv\\\/shop\\\/rep-for-magnetfiske-20-meter-65-fot\\\/#breadcrumb\"},\"inLanguage\":\"sv-SE\",\"potentialAction\":[{\"@type\":\"ReadAction\",\"target\":[\"https:\\\/\\\/magnetarmagnets.com\\\/sv\\\/shop\\\/rep-for-magnetfiske-20-meter-65-fot\\\/\"]}]},{\"@type\":\"ImageObject\",\"inLanguage\":\"sv-SE\",\"@id\":\"https:\\\/\\\/magnetarmagnets.com\\\/sv\\\/shop\\\/rep-for-magnetfiske-20-meter-65-fot\\\/#primaryimage\",\"url\":\"https:\\\/\\\/magnetarmagnets.com\\\/wp-content\\\/uploads\\\/2014\\\/04\\\/Vismagneet-touw-1.jpg\",\"contentUrl\":\"https:\\\/\\\/magnetarmagnets.com\\\/wp-content\\\/uploads\\\/2014\\\/04\\\/Vismagneet-touw-1.jpg\",\"width\":1000,\"height\":1000,\"caption\":\"fiskmagnet rep\"},{\"@type\":\"BreadcrumbList\",\"@id\":\"https:\\\/\\\/magnetarmagnets.com\\\/sv\\\/shop\\\/rep-for-magnetfiske-20-meter-65-fot\\\/#breadcrumb\",\"itemListElement\":[{\"@type\":\"ListItem\",\"position\":1,\"name\":\"Home\",\"item\":\"https:\\\/\\\/magnetarmagnets.com\\\/sv\\\/\"},{\"@type\":\"ListItem\",\"position\":2,\"name\":\"Butik\",\"item\":\"https:\\\/\\\/magnetarmagnets.com\\\/sv\\\/butik\\\/\"},{\"@type\":\"ListItem\",\"position\":3,\"name\":\"Utrustning\",\"item\":\"https:\\\/\\\/magnetarmagnets.com\\\/sv\\\/collections\\\/utrustning\\\/\"},{\"@type\":\"ListItem\",\"position\":4,\"name\":\"Magnet Fishing Gear\",\"item\":\"https:\\\/\\\/magnetarmagnets.com\\\/sv\\\/collections\\\/utrustning\\\/magnet-fishing-gear-accessories-3\\\/\"},{\"@type\":\"ListItem\",\"position\":5,\"name\":\"Magnetfiske rep | | 65 fot \\\/ 20 meter\"}]},{\"@type\":\"WebSite\",\"@id\":\"https:\\\/\\\/magnetarmagnets.com\\\/sv\\\/#website\",\"url\":\"https:\\\/\\\/magnetarmagnets.com\\\/sv\\\/\",\"name\":\"Magnet fishing with a Magnetar fishing magnet\",\"description\":\"Kraftfulla magneter f\u00f6r magnetfiske\",\"publisher\":{\"@id\":\"https:\\\/\\\/magnetarmagnets.com\\\/sv\\\/#organization\"},\"potentialAction\":[{\"@type\":\"SearchAction\",\"target\":{\"@type\":\"EntryPoint\",\"urlTemplate\":\"https:\\\/\\\/magnetarmagnets.com\\\/sv\\\/?s={search_term_string}\"},\"query-input\":{\"@type\":\"PropertyValueSpecification\",\"valueRequired\":true,\"valueName\":\"search_term_string\"}}],\"inLanguage\":\"sv-SE\"},{\"@type\":\"Organization\",\"@id\":\"https:\\\/\\\/magnetarmagnets.com\\\/sv\\\/#organization\",\"name\":\"Magnetar\",\"url\":\"https:\\\/\\\/magnetarmagnets.com\\\/sv\\\/\",\"logo\":{\"@type\":\"ImageObject\",\"inLanguage\":\"sv-SE\",\"@id\":\"https:\\\/\\\/magnetarmagnets.com\\\/sv\\\/#\\\/schema\\\/logo\\\/image\\\/\",\"url\":\"https:\\\/\\\/magnetarmagnets.com\\\/wp-content\\\/uploads\\\/2025\\\/05\\\/Logo-03_PNG-Black-scaled.png\",\"contentUrl\":\"https:\\\/\\\/magnetarmagnets.com\\\/wp-content\\\/uploads\\\/2025\\\/05\\\/Logo-03_PNG-Black-scaled.png\",\"width\":2560,\"height\":1658,\"caption\":\"Magnetar\"},\"image\":{\"@id\":\"https:\\\/\\\/magnetarmagnets.com\\\/sv\\\/#\\\/schema\\\/logo\\\/image\\\/\"},\"sameAs\":[\"https:\\\/\\\/www.facebook.com\\\/fishingmagnets\\\/\",\"https:\\\/\\\/www.instagram.com\\\/magnetar_magnets\\\/\",\"https:\\\/\\\/www.linkedin.com\\\/company\\\/magnetarbv\\\/?originalSubdomain=nl\",\"https:\\\/\\\/www.youtube.com\\\/c\\\/MagnetarVismagneet\"]}]}<\/script>\n<!-- \/ Yoast SEO plugin. -->","yoast_head_json":{"title":"Magnetfiskerep - Magnetar \u00ae [SHOP NOW]","description":"Handla det b\u00e4sta Magnetfiske-repet \u27a4 Magnetar \u00ae. Butiken f\u00f6r alla tillbeh\u00f6r du beh\u00f6ver f\u00f6r Magnetfiske. Skickades samma dag!","robots":{"index":"index","follow":"follow","max-snippet":"max-snippet:-1","max-image-preview":"max-image-preview:large","max-video-preview":"max-video-preview:-1"},"canonical":"https:\/\/magnetarmagnets.com\/sv\/shop\/rep-for-magnetfiske-20-meter-65-fot\/","og_locale":"sv_SE","og_type":"article","og_title":"Magnetfiskerep - Magnetar \u00ae [SHOP NOW]","og_description":"Handla det b\u00e4sta Magnetfiske-repet \u27a4 Magnetar \u00ae. Butiken f\u00f6r alla tillbeh\u00f6r du beh\u00f6ver f\u00f6r Magnetfiske. Skickades samma dag!","og_url":"https:\/\/magnetarmagnets.com\/sv\/shop\/rep-for-magnetfiske-20-meter-65-fot\/","og_site_name":"Magnet fishing with a Magnetar fishing magnet","article_publisher":"https:\/\/www.facebook.com\/fishingmagnets\/","article_modified_time":"2026-05-16T06:29:31+00:00","og_image":[{"width":1000,"height":1000,"url":"https:\/\/magnetarmagnets.com\/wp-content\/uploads\/2014\/04\/Vismagneet-touw-1.jpg","type":"image\/jpeg"}],"twitter_card":"summary_large_image","twitter_misc":{"Ber\u00e4knad l\u00e4stid":"3 minuter"},"schema":{"@context":"https:\/\/schema.org","@graph":[{"@type":["WebPage","ItemPage"],"@id":"https:\/\/magnetarmagnets.com\/sv\/shop\/rep-for-magnetfiske-20-meter-65-fot\/","url":"https:\/\/magnetarmagnets.com\/sv\/shop\/rep-for-magnetfiske-20-meter-65-fot\/","name":"Magnetfiskerep - Magnetar \u00ae [SHOP NOW]","isPartOf":{"@id":"https:\/\/magnetarmagnets.com\/sv\/#website"},"primaryImageOfPage":{"@id":"https:\/\/magnetarmagnets.com\/sv\/shop\/rep-for-magnetfiske-20-meter-65-fot\/#primaryimage"},"image":{"@id":"https:\/\/magnetarmagnets.com\/sv\/shop\/rep-for-magnetfiske-20-meter-65-fot\/#primaryimage"},"thumbnailUrl":"https:\/\/magnetarmagnets.com\/wp-content\/uploads\/2014\/04\/Vismagneet-touw-1.jpg","datePublished":"2025-06-19T11:55:40+00:00","dateModified":"2026-05-16T06:29:31+00:00","description":"Handla det b\u00e4sta Magnetfiske-repet \u27a4 Magnetar \u00ae. Butiken f\u00f6r alla tillbeh\u00f6r du beh\u00f6ver f\u00f6r Magnetfiske. Skickades samma dag!","breadcrumb":{"@id":"https:\/\/magnetarmagnets.com\/sv\/shop\/rep-for-magnetfiske-20-meter-65-fot\/#breadcrumb"},"inLanguage":"sv-SE","potentialAction":[{"@type":"ReadAction","target":["https:\/\/magnetarmagnets.com\/sv\/shop\/rep-for-magnetfiske-20-meter-65-fot\/"]}]},{"@type":"ImageObject","inLanguage":"sv-SE","@id":"https:\/\/magnetarmagnets.com\/sv\/shop\/rep-for-magnetfiske-20-meter-65-fot\/#primaryimage","url":"https:\/\/magnetarmagnets.com\/wp-content\/uploads\/2014\/04\/Vismagneet-touw-1.jpg","contentUrl":"https:\/\/magnetarmagnets.com\/wp-content\/uploads\/2014\/04\/Vismagneet-touw-1.jpg","width":1000,"height":1000,"caption":"fiskmagnet rep"},{"@type":"BreadcrumbList","@id":"https:\/\/magnetarmagnets.com\/sv\/shop\/rep-for-magnetfiske-20-meter-65-fot\/#breadcrumb","itemListElement":[{"@type":"ListItem","position":1,"name":"Home","item":"https:\/\/magnetarmagnets.com\/sv\/"},{"@type":"ListItem","position":2,"name":"Butik","item":"https:\/\/magnetarmagnets.com\/sv\/butik\/"},{"@type":"ListItem","position":3,"name":"Utrustning","item":"https:\/\/magnetarmagnets.com\/sv\/collections\/utrustning\/"},{"@type":"ListItem","position":4,"name":"Magnet Fishing Gear","item":"https:\/\/magnetarmagnets.com\/sv\/collections\/utrustning\/magnet-fishing-gear-accessories-3\/"},{"@type":"ListItem","position":5,"name":"Magnetfiske rep | | 65 fot \/ 20 meter"}]},{"@type":"WebSite","@id":"https:\/\/magnetarmagnets.com\/sv\/#website","url":"https:\/\/magnetarmagnets.com\/sv\/","name":"Magnet fishing with a Magnetar fishing magnet","description":"Kraftfulla magneter f\u00f6r magnetfiske","publisher":{"@id":"https:\/\/magnetarmagnets.com\/sv\/#organization"},"potentialAction":[{"@type":"SearchAction","target":{"@type":"EntryPoint","urlTemplate":"https:\/\/magnetarmagnets.com\/sv\/?s={search_term_string}"},"query-input":{"@type":"PropertyValueSpecification","valueRequired":true,"valueName":"search_term_string"}}],"inLanguage":"sv-SE"},{"@type":"Organization","@id":"https:\/\/magnetarmagnets.com\/sv\/#organization","name":"Magnetar","url":"https:\/\/magnetarmagnets.com\/sv\/","logo":{"@type":"ImageObject","inLanguage":"sv-SE","@id":"https:\/\/magnetarmagnets.com\/sv\/#\/schema\/logo\/image\/","url":"https:\/\/magnetarmagnets.com\/wp-content\/uploads\/2025\/05\/Logo-03_PNG-Black-scaled.png","contentUrl":"https:\/\/magnetarmagnets.com\/wp-content\/uploads\/2025\/05\/Logo-03_PNG-Black-scaled.png","width":2560,"height":1658,"caption":"Magnetar"},"image":{"@id":"https:\/\/magnetarmagnets.com\/sv\/#\/schema\/logo\/image\/"},"sameAs":["https:\/\/www.facebook.com\/fishingmagnets\/","https:\/\/www.instagram.com\/magnetar_magnets\/","https:\/\/www.linkedin.com\/company\/magnetarbv\/?originalSubdomain=nl","https:\/\/www.youtube.com\/c\/MagnetarVismagneet"]}]}},"_links":{"self":[{"href":"https:\/\/magnetarmagnets.com\/sv\/wp-json\/wp\/v2\/product\/68364","targetHints":{"allow":["GET"]}}],"collection":[{"href":"https:\/\/magnetarmagnets.com\/sv\/wp-json\/wp\/v2\/product"}],"about":[{"href":"https:\/\/magnetarmagnets.com\/sv\/wp-json\/wp\/v2\/types\/product"}],"replies":[{"embeddable":true,"href":"https:\/\/magnetarmagnets.com\/sv\/wp-json\/wp\/v2\/comments?post=68364"}],"version-history":[{"count":2,"href":"https:\/\/magnetarmagnets.com\/sv\/wp-json\/wp\/v2\/product\/68364\/revisions"}],"predecessor-version":[{"id":99249,"href":"https:\/\/magnetarmagnets.com\/sv\/wp-json\/wp\/v2\/product\/68364\/revisions\/99249"}],"wp:featuredmedia":[{"embeddable":true,"href":"https:\/\/magnetarmagnets.com\/sv\/wp-json\/wp\/v2\/media\/64691"}],"wp:attachment":[{"href":"https:\/\/magnetarmagnets.com\/sv\/wp-json\/wp\/v2\/media?parent=68364"}],"wp:term":[{"taxonomy":"product_brand","embeddable":true,"href":"https:\/\/magnetarmagnets.com\/sv\/wp-json\/wp\/v2\/product_brand?post=68364"},{"taxonomy":"product_cat","embeddable":true,"href":"https:\/\/magnetarmagnets.com\/sv\/wp-json\/wp\/v2\/product_cat?post=68364"},{"taxonomy":"product_tag","embeddable":true,"href":"https:\/\/magnetarmagnets.com\/sv\/wp-json\/wp\/v2\/product_tag?post=68364"}],"curies":[{"name":"wp","href":"https:\/\/api.w.org\/{rel}","templated":true}]}}