{"id":67564,"date":"2025-06-05T09:53:03","date_gmt":"2025-06-05T07:53:03","guid":{"rendered":"https:\/\/magnetarmagnets.com\/?post_type=product&#038;p=67564"},"modified":"2026-04-18T00:42:29","modified_gmt":"2026-04-17T22:42:29","slug":"megacube-fiskemagnet-kit-6000-lb-2700-kg-360-blockmagnet","status":"publish","type":"product","link":"https:\/\/magnetarmagnets.com\/sv\/shop\/megacube-fiskemagnet-kit-6000-lb-2700-kg-360-blockmagnet\/","title":{"rendered":"MEGACUBE\u2122 fiskemagnet-kit &#8211; 2700 kg &#8211; 360\u00b0 blockmagnet"},"content":{"rendered":"MEGACUBE\u2122 \u00e4r v\u00e4rldens <strong>starkaste<\/strong> fiskemagnet! Med 6 x 1000 lb \/ 450 kg kontaktytor f\u00e5r du de <strong>b\u00e4sta m\u00f6jligheterna att f\u00e5nga<\/strong>. V\u00e5r kubformade fiskemagnet \u00e4r det b\u00e4sta alternativet f\u00f6r professionella magnetfiskare.\r\n<h2>Varf\u00f6r v\u00e4lja MEGACUBE\u2122?<\/h2>\r\nDet finns m\u00e5nga kraftfulla fiskemagneter. S\u00e5 varf\u00f6r v\u00e4lja MEGACUBE\u2122 fr\u00e5n Magnetar ist\u00e4llet f\u00f6r en <a href=\"https:\/\/magnetarmagnets.com\/collections\/fishing-magnets\/single-sided-classic\/\">ensidig<\/a>, <a href=\"https:\/\/magnetarmagnets.com\/double-sided-fishing-magnet\/\">dubbelh\u00e4ftande<\/a> eller <a href=\"https:\/\/magnetarmagnets.com\/collections\/fishing-magnets\/allround-magnets-360\/\">allround<\/a> fiskemagnet?\r\n<ul>\r\n \t<li><strong>St\u00f6rre f\u00e5ngstchans<\/strong>: MEGACUBE\u2122 \u00e4r magnetisk p\u00e5 sex sidor. Det ger ett betydligt st\u00f6rre magnetf\u00e4lt \u00e4n en allroundmagnet;<\/li>\r\n \t<li><strong>Design<\/strong>: de sex raka ytorna ger b\u00e4ttre grepp \u00e4n runda magneter. Detta \u00f6kar chansen att dra upp till exempel kassask\u00e5p ur vattnet;<\/li>\r\n \t<li><strong>Of\u00f6rst\u00f6rbar<\/strong>: till skillnad fr\u00e5n andra neodymmagneter \u00e4r denna blockmagnet 100 % skyddad och beh\u00e5ller samtidigt 100 % av sin dragningskraft;<\/li>\r\n \t<li><strong>St\u00f6rre dragningsavst\u00e5nd<\/strong>: det imponerande avst\u00e5ndet p\u00e5 9 tum \/ 22,5 cm \u00e4r betydligt mer \u00e4n hos andra fiskemagneter;<\/li>\r\n \t<li><strong>Redo f\u00f6r action<\/strong>: helt monterad och limmad. MEGACUBE\u2122 \u00e4r klar att anv\u00e4ndas direkt;<\/li>\r\n \t<li><strong>Komplett<\/strong>: MEGACUBE\u2122 levereras med ett robust fodral, <a href=\"https:\/\/magnetarmagnets.com\/sv\/shop\/rep-for-magnetfiske-20-meter-65-fot\/\">10 mm rep<\/a> och <a href=\"https:\/\/magnetarmagnets.com\/sv\/shop\/magnetfiskehandske\/\">handskar<\/a>.<\/li>\r\n<\/ul>\r\n<h2>Spelv\u00e4xlare i magnetfiskev\u00e4rlden<\/h2>\r\nMEGACUBE\u2122 \u00e4r o\u00f6vertr\u00e4ffad. Ingen annan fiskemagnet kommer i n\u00e4rheten. Dess definierande egenskaper \u00e4r 360\u00b0 dragningskraft, sex kontaktytor, h\u00e5llbarhet och det enorma dragningsavst\u00e5ndet hos v\u00e5r kub. Denna kraftmaskin, med m\u00e5tten 3 x 3 x 3 tum \/ 74 x 74 x 74 mm, \u00e4r en magnet av betydande storlek. Dragningsavst\u00e5ndet p\u00e5 9 tum \/ 22,5 cm och en total dragningskraft p\u00e5 6000 lb \/ 2700 kg s\u00e4kerst\u00e4ller att du kan f\u00e5 upp alla skatter fr\u00e5n havsbottnen.\r\n<h2>Varning!<\/h2>\r\nV\u00e5ra neodymmagneter \u00e4r extremt kraftfulla. Som ett resultat kan j\u00e4rnf\u00f6rem\u00e5l p\u00e5 kort avst\u00e5nd ryckas mot magneterna med h\u00f6g hastighet. I vissa fall kan ett finger kl\u00e4mmas mellan magneten och f\u00f6rem\u00e5let. Hantera d\u00e4rf\u00f6r magneterna varsamt och anv\u00e4nd dem p\u00e5 egen risk. L\u00e4s v\u00e5ra s\u00e4kerhetsanvisningar innan anv\u00e4ndning.\r\n\r\n*Denna produkt \u00e4r inte l\u00e4mplig f\u00f6r barn.*\r\n<p class=\"x_elementToProof\" data-ogsb=\"rgb(255, 255, 255)\"><em>Skyddad av registrerat gemenskapsformgivningsskydd (015054920-0001 \/ -0004)<\/em><\/p>","protected":false},"excerpt":{"rendered":"<p>MEGACUBE\u2122 fiskemagnet. <strong>Magnetfiske<\/strong> med 6 g\u00e5nger mer kraft. Resultat. Kul!<\/p>\n<p>V\u00e4rldens <strong>starkaste magnet<\/strong> levereras <strong>komplett<\/strong> i ett professionellt fodral med rep och handskar.<\/p>\n","protected":false},"featured_media":65449,"comment_status":"open","ping_status":"closed","template":"","meta":{"_acf_changed":false,"inline_featured_image":false},"product_brand":[],"product_cat":[262,261,280,267,263],"product_tag":[],"class_list":{"0":"post-67564","1":"product","2":"type-product","3":"status-publish","4":"has-post-thumbnail","6":"product_cat-block-fiske-magneter-360","7":"product_cat-fiske-magneter","8":"product_cat-for-proffs","9":"product_cat-magnetfiske-kit","10":"product_cat-starkaste-fiske-magneter","12":"first","13":"instock","14":"taxable","15":"shipping-taxable","16":"purchasable","17":"product-type-simple"},"acf":[],"yoast_head":"<!-- This site is optimized with the Yoast SEO plugin v27.4 - https:\/\/yoast.com\/product\/yoast-seo-wordpress\/ -->\n<title>MEGACUBE\u2122-kit - 6000 lb \/ 2700 kg - 360\u00b0 blockmagnet - Magnet fishing with a Magnetar fishing magnet<\/title>\n<meta name=\"description\" content=\"MEGACUBE\u2122 \u00e4r v\u00e4rldens starkaste fiskemagnet. Denna kub levereras f\u00e4rdigpaketerad. Det b\u00e4sta alternativet f\u00f6r magnetfiske.\" \/>\n<meta name=\"robots\" content=\"index, follow, max-snippet:-1, max-image-preview:large, max-video-preview:-1\" \/>\n<link rel=\"canonical\" href=\"https:\/\/magnetarmagnets.com\/sv\/shop\/megacube-fiskemagnet-kit-6000-lb-2700-kg-360-blockmagnet\/\" \/>\n<meta property=\"og:locale\" content=\"sv_SE\" \/>\n<meta property=\"og:type\" content=\"article\" \/>\n<meta property=\"og:title\" content=\"MEGACUBE\u2122-kit - 6000 lb \/ 2700 kg - 360\u00b0 blockmagnet - Magnet fishing with a Magnetar fishing magnet\" \/>\n<meta property=\"og:description\" content=\"MEGACUBE\u2122 \u00e4r v\u00e4rldens starkaste fiskemagnet. Denna kub levereras f\u00e4rdigpaketerad. Det b\u00e4sta alternativet f\u00f6r magnetfiske.\" \/>\n<meta property=\"og:url\" content=\"https:\/\/magnetarmagnets.com\/sv\/shop\/megacube-fiskemagnet-kit-6000-lb-2700-kg-360-blockmagnet\/\" \/>\n<meta property=\"og:site_name\" content=\"Magnet fishing with a Magnetar fishing magnet\" \/>\n<meta property=\"article:publisher\" content=\"https:\/\/www.facebook.com\/fishingmagnets\/\" \/>\n<meta property=\"article:modified_time\" content=\"2026-04-17T22:42:29+00:00\" \/>\n<meta property=\"og:image\" content=\"https:\/\/magnetarmagnets.com\/wp-content\/uploads\/2024\/04\/3.png\" \/>\n\t<meta property=\"og:image:width\" content=\"1500\" \/>\n\t<meta property=\"og:image:height\" content=\"1500\" \/>\n\t<meta property=\"og:image:type\" content=\"image\/png\" \/>\n<meta name=\"twitter:card\" content=\"summary_large_image\" \/>\n<meta name=\"twitter:label1\" content=\"Ber\u00e4knad l\u00e4stid\" \/>\n\t<meta name=\"twitter:data1\" content=\"2 minuter\" \/>\n<script type=\"application\/ld+json\" class=\"yoast-schema-graph\">{\"@context\":\"https:\\\/\\\/schema.org\",\"@graph\":[{\"@type\":[\"WebPage\",\"ItemPage\"],\"@id\":\"https:\\\/\\\/magnetarmagnets.com\\\/sv\\\/shop\\\/megacube-fiskemagnet-kit-6000-lb-2700-kg-360-blockmagnet\\\/\",\"url\":\"https:\\\/\\\/magnetarmagnets.com\\\/sv\\\/shop\\\/megacube-fiskemagnet-kit-6000-lb-2700-kg-360-blockmagnet\\\/\",\"name\":\"MEGACUBE\u2122-kit - 6000 lb \\\/ 2700 kg - 360\u00b0 blockmagnet - Magnet fishing with a Magnetar fishing magnet\",\"isPartOf\":{\"@id\":\"https:\\\/\\\/magnetarmagnets.com\\\/sv\\\/#website\"},\"primaryImageOfPage\":{\"@id\":\"https:\\\/\\\/magnetarmagnets.com\\\/sv\\\/shop\\\/megacube-fiskemagnet-kit-6000-lb-2700-kg-360-blockmagnet\\\/#primaryimage\"},\"image\":{\"@id\":\"https:\\\/\\\/magnetarmagnets.com\\\/sv\\\/shop\\\/megacube-fiskemagnet-kit-6000-lb-2700-kg-360-blockmagnet\\\/#primaryimage\"},\"thumbnailUrl\":\"https:\\\/\\\/magnetarmagnets.com\\\/wp-content\\\/uploads\\\/2024\\\/04\\\/3.png\",\"datePublished\":\"2025-06-05T07:53:03+00:00\",\"dateModified\":\"2026-04-17T22:42:29+00:00\",\"description\":\"MEGACUBE\u2122 \u00e4r v\u00e4rldens starkaste fiskemagnet. Denna kub levereras f\u00e4rdigpaketerad. Det b\u00e4sta alternativet f\u00f6r magnetfiske.\",\"breadcrumb\":{\"@id\":\"https:\\\/\\\/magnetarmagnets.com\\\/sv\\\/shop\\\/megacube-fiskemagnet-kit-6000-lb-2700-kg-360-blockmagnet\\\/#breadcrumb\"},\"inLanguage\":\"sv-SE\",\"potentialAction\":[{\"@type\":\"ReadAction\",\"target\":[\"https:\\\/\\\/magnetarmagnets.com\\\/sv\\\/shop\\\/megacube-fiskemagnet-kit-6000-lb-2700-kg-360-blockmagnet\\\/\"]}]},{\"@type\":\"ImageObject\",\"inLanguage\":\"sv-SE\",\"@id\":\"https:\\\/\\\/magnetarmagnets.com\\\/sv\\\/shop\\\/megacube-fiskemagnet-kit-6000-lb-2700-kg-360-blockmagnet\\\/#primaryimage\",\"url\":\"https:\\\/\\\/magnetarmagnets.com\\\/wp-content\\\/uploads\\\/2024\\\/04\\\/3.png\",\"contentUrl\":\"https:\\\/\\\/magnetarmagnets.com\\\/wp-content\\\/uploads\\\/2024\\\/04\\\/3.png\",\"width\":1500,\"height\":1500},{\"@type\":\"BreadcrumbList\",\"@id\":\"https:\\\/\\\/magnetarmagnets.com\\\/sv\\\/shop\\\/megacube-fiskemagnet-kit-6000-lb-2700-kg-360-blockmagnet\\\/#breadcrumb\",\"itemListElement\":[{\"@type\":\"ListItem\",\"position\":1,\"name\":\"Home\",\"item\":\"https:\\\/\\\/magnetarmagnets.com\\\/sv\\\/\"},{\"@type\":\"ListItem\",\"position\":2,\"name\":\"Butik\",\"item\":\"https:\\\/\\\/magnetarmagnets.com\\\/sv\\\/butik\\\/\"},{\"@type\":\"ListItem\",\"position\":3,\"name\":\"Fiske magneter\",\"item\":\"https:\\\/\\\/magnetarmagnets.com\\\/sv\\\/collections\\\/fiske-magneter\\\/\"},{\"@type\":\"ListItem\",\"position\":4,\"name\":\"Block Fiske Magneter 360\",\"item\":\"https:\\\/\\\/magnetarmagnets.com\\\/sv\\\/collections\\\/fiske-magneter\\\/block-fiske-magneter-360\\\/\"},{\"@type\":\"ListItem\",\"position\":5,\"name\":\"MEGACUBE\u2122 fiskemagnet-kit &#8211; 2700 kg &#8211; 360\u00b0 blockmagnet\"}]},{\"@type\":\"WebSite\",\"@id\":\"https:\\\/\\\/magnetarmagnets.com\\\/sv\\\/#website\",\"url\":\"https:\\\/\\\/magnetarmagnets.com\\\/sv\\\/\",\"name\":\"Magnet fishing with a Magnetar fishing magnet\",\"description\":\"Kraftfulla magneter f\u00f6r magnetfiske\",\"publisher\":{\"@id\":\"https:\\\/\\\/magnetarmagnets.com\\\/sv\\\/#organization\"},\"potentialAction\":[{\"@type\":\"SearchAction\",\"target\":{\"@type\":\"EntryPoint\",\"urlTemplate\":\"https:\\\/\\\/magnetarmagnets.com\\\/sv\\\/?s={search_term_string}\"},\"query-input\":{\"@type\":\"PropertyValueSpecification\",\"valueRequired\":true,\"valueName\":\"search_term_string\"}}],\"inLanguage\":\"sv-SE\"},{\"@type\":\"Organization\",\"@id\":\"https:\\\/\\\/magnetarmagnets.com\\\/sv\\\/#organization\",\"name\":\"Magnetar\",\"url\":\"https:\\\/\\\/magnetarmagnets.com\\\/sv\\\/\",\"logo\":{\"@type\":\"ImageObject\",\"inLanguage\":\"sv-SE\",\"@id\":\"https:\\\/\\\/magnetarmagnets.com\\\/sv\\\/#\\\/schema\\\/logo\\\/image\\\/\",\"url\":\"https:\\\/\\\/magnetarmagnets.com\\\/wp-content\\\/uploads\\\/2025\\\/05\\\/Logo-03_PNG-Black-scaled.png\",\"contentUrl\":\"https:\\\/\\\/magnetarmagnets.com\\\/wp-content\\\/uploads\\\/2025\\\/05\\\/Logo-03_PNG-Black-scaled.png\",\"width\":2560,\"height\":1658,\"caption\":\"Magnetar\"},\"image\":{\"@id\":\"https:\\\/\\\/magnetarmagnets.com\\\/sv\\\/#\\\/schema\\\/logo\\\/image\\\/\"},\"sameAs\":[\"https:\\\/\\\/www.facebook.com\\\/fishingmagnets\\\/\",\"https:\\\/\\\/www.instagram.com\\\/magnetar_magnets\\\/\",\"https:\\\/\\\/www.linkedin.com\\\/company\\\/magnetarbv\\\/?originalSubdomain=nl\",\"https:\\\/\\\/www.youtube.com\\\/c\\\/MagnetarVismagneet\"]}]}<\/script>\n<!-- \/ Yoast SEO plugin. -->","yoast_head_json":{"title":"MEGACUBE\u2122-kit - 6000 lb \/ 2700 kg - 360\u00b0 blockmagnet - Magnet fishing with a Magnetar fishing magnet","description":"MEGACUBE\u2122 \u00e4r v\u00e4rldens starkaste fiskemagnet. Denna kub levereras f\u00e4rdigpaketerad. Det b\u00e4sta alternativet f\u00f6r magnetfiske.","robots":{"index":"index","follow":"follow","max-snippet":"max-snippet:-1","max-image-preview":"max-image-preview:large","max-video-preview":"max-video-preview:-1"},"canonical":"https:\/\/magnetarmagnets.com\/sv\/shop\/megacube-fiskemagnet-kit-6000-lb-2700-kg-360-blockmagnet\/","og_locale":"sv_SE","og_type":"article","og_title":"MEGACUBE\u2122-kit - 6000 lb \/ 2700 kg - 360\u00b0 blockmagnet - Magnet fishing with a Magnetar fishing magnet","og_description":"MEGACUBE\u2122 \u00e4r v\u00e4rldens starkaste fiskemagnet. Denna kub levereras f\u00e4rdigpaketerad. Det b\u00e4sta alternativet f\u00f6r magnetfiske.","og_url":"https:\/\/magnetarmagnets.com\/sv\/shop\/megacube-fiskemagnet-kit-6000-lb-2700-kg-360-blockmagnet\/","og_site_name":"Magnet fishing with a Magnetar fishing magnet","article_publisher":"https:\/\/www.facebook.com\/fishingmagnets\/","article_modified_time":"2026-04-17T22:42:29+00:00","og_image":[{"width":1500,"height":1500,"url":"https:\/\/magnetarmagnets.com\/wp-content\/uploads\/2024\/04\/3.png","type":"image\/png"}],"twitter_card":"summary_large_image","twitter_misc":{"Ber\u00e4knad l\u00e4stid":"2 minuter"},"schema":{"@context":"https:\/\/schema.org","@graph":[{"@type":["WebPage","ItemPage"],"@id":"https:\/\/magnetarmagnets.com\/sv\/shop\/megacube-fiskemagnet-kit-6000-lb-2700-kg-360-blockmagnet\/","url":"https:\/\/magnetarmagnets.com\/sv\/shop\/megacube-fiskemagnet-kit-6000-lb-2700-kg-360-blockmagnet\/","name":"MEGACUBE\u2122-kit - 6000 lb \/ 2700 kg - 360\u00b0 blockmagnet - Magnet fishing with a Magnetar fishing magnet","isPartOf":{"@id":"https:\/\/magnetarmagnets.com\/sv\/#website"},"primaryImageOfPage":{"@id":"https:\/\/magnetarmagnets.com\/sv\/shop\/megacube-fiskemagnet-kit-6000-lb-2700-kg-360-blockmagnet\/#primaryimage"},"image":{"@id":"https:\/\/magnetarmagnets.com\/sv\/shop\/megacube-fiskemagnet-kit-6000-lb-2700-kg-360-blockmagnet\/#primaryimage"},"thumbnailUrl":"https:\/\/magnetarmagnets.com\/wp-content\/uploads\/2024\/04\/3.png","datePublished":"2025-06-05T07:53:03+00:00","dateModified":"2026-04-17T22:42:29+00:00","description":"MEGACUBE\u2122 \u00e4r v\u00e4rldens starkaste fiskemagnet. Denna kub levereras f\u00e4rdigpaketerad. Det b\u00e4sta alternativet f\u00f6r magnetfiske.","breadcrumb":{"@id":"https:\/\/magnetarmagnets.com\/sv\/shop\/megacube-fiskemagnet-kit-6000-lb-2700-kg-360-blockmagnet\/#breadcrumb"},"inLanguage":"sv-SE","potentialAction":[{"@type":"ReadAction","target":["https:\/\/magnetarmagnets.com\/sv\/shop\/megacube-fiskemagnet-kit-6000-lb-2700-kg-360-blockmagnet\/"]}]},{"@type":"ImageObject","inLanguage":"sv-SE","@id":"https:\/\/magnetarmagnets.com\/sv\/shop\/megacube-fiskemagnet-kit-6000-lb-2700-kg-360-blockmagnet\/#primaryimage","url":"https:\/\/magnetarmagnets.com\/wp-content\/uploads\/2024\/04\/3.png","contentUrl":"https:\/\/magnetarmagnets.com\/wp-content\/uploads\/2024\/04\/3.png","width":1500,"height":1500},{"@type":"BreadcrumbList","@id":"https:\/\/magnetarmagnets.com\/sv\/shop\/megacube-fiskemagnet-kit-6000-lb-2700-kg-360-blockmagnet\/#breadcrumb","itemListElement":[{"@type":"ListItem","position":1,"name":"Home","item":"https:\/\/magnetarmagnets.com\/sv\/"},{"@type":"ListItem","position":2,"name":"Butik","item":"https:\/\/magnetarmagnets.com\/sv\/butik\/"},{"@type":"ListItem","position":3,"name":"Fiske magneter","item":"https:\/\/magnetarmagnets.com\/sv\/collections\/fiske-magneter\/"},{"@type":"ListItem","position":4,"name":"Block Fiske Magneter 360","item":"https:\/\/magnetarmagnets.com\/sv\/collections\/fiske-magneter\/block-fiske-magneter-360\/"},{"@type":"ListItem","position":5,"name":"MEGACUBE\u2122 fiskemagnet-kit &#8211; 2700 kg &#8211; 360\u00b0 blockmagnet"}]},{"@type":"WebSite","@id":"https:\/\/magnetarmagnets.com\/sv\/#website","url":"https:\/\/magnetarmagnets.com\/sv\/","name":"Magnet fishing with a Magnetar fishing magnet","description":"Kraftfulla magneter f\u00f6r magnetfiske","publisher":{"@id":"https:\/\/magnetarmagnets.com\/sv\/#organization"},"potentialAction":[{"@type":"SearchAction","target":{"@type":"EntryPoint","urlTemplate":"https:\/\/magnetarmagnets.com\/sv\/?s={search_term_string}"},"query-input":{"@type":"PropertyValueSpecification","valueRequired":true,"valueName":"search_term_string"}}],"inLanguage":"sv-SE"},{"@type":"Organization","@id":"https:\/\/magnetarmagnets.com\/sv\/#organization","name":"Magnetar","url":"https:\/\/magnetarmagnets.com\/sv\/","logo":{"@type":"ImageObject","inLanguage":"sv-SE","@id":"https:\/\/magnetarmagnets.com\/sv\/#\/schema\/logo\/image\/","url":"https:\/\/magnetarmagnets.com\/wp-content\/uploads\/2025\/05\/Logo-03_PNG-Black-scaled.png","contentUrl":"https:\/\/magnetarmagnets.com\/wp-content\/uploads\/2025\/05\/Logo-03_PNG-Black-scaled.png","width":2560,"height":1658,"caption":"Magnetar"},"image":{"@id":"https:\/\/magnetarmagnets.com\/sv\/#\/schema\/logo\/image\/"},"sameAs":["https:\/\/www.facebook.com\/fishingmagnets\/","https:\/\/www.instagram.com\/magnetar_magnets\/","https:\/\/www.linkedin.com\/company\/magnetarbv\/?originalSubdomain=nl","https:\/\/www.youtube.com\/c\/MagnetarVismagneet"]}]}},"_links":{"self":[{"href":"https:\/\/magnetarmagnets.com\/sv\/wp-json\/wp\/v2\/product\/67564","targetHints":{"allow":["GET"]}}],"collection":[{"href":"https:\/\/magnetarmagnets.com\/sv\/wp-json\/wp\/v2\/product"}],"about":[{"href":"https:\/\/magnetarmagnets.com\/sv\/wp-json\/wp\/v2\/types\/product"}],"replies":[{"embeddable":true,"href":"https:\/\/magnetarmagnets.com\/sv\/wp-json\/wp\/v2\/comments?post=67564"}],"version-history":[{"count":0,"href":"https:\/\/magnetarmagnets.com\/sv\/wp-json\/wp\/v2\/product\/67564\/revisions"}],"wp:featuredmedia":[{"embeddable":true,"href":"https:\/\/magnetarmagnets.com\/sv\/wp-json\/wp\/v2\/media\/65449"}],"wp:attachment":[{"href":"https:\/\/magnetarmagnets.com\/sv\/wp-json\/wp\/v2\/media?parent=67564"}],"wp:term":[{"taxonomy":"product_brand","embeddable":true,"href":"https:\/\/magnetarmagnets.com\/sv\/wp-json\/wp\/v2\/product_brand?post=67564"},{"taxonomy":"product_cat","embeddable":true,"href":"https:\/\/magnetarmagnets.com\/sv\/wp-json\/wp\/v2\/product_cat?post=67564"},{"taxonomy":"product_tag","embeddable":true,"href":"https:\/\/magnetarmagnets.com\/sv\/wp-json\/wp\/v2\/product_tag?post=67564"}],"curies":[{"name":"wp","href":"https:\/\/api.w.org\/{rel}","templated":true}]}}