{"id":67563,"date":"2025-06-05T09:53:03","date_gmt":"2025-06-05T07:53:03","guid":{"rendered":"https:\/\/magnetarmagnets.com\/?post_type=product&#038;p=67563"},"modified":"2026-05-11T21:28:42","modified_gmt":"2026-05-11T19:28:42","slug":"cube-fiskemagnet-kit-3000-lb-1350-kg-360-blockmagnet","status":"publish","type":"product","link":"https:\/\/magnetarmagnets.com\/sv\/shop\/cube-fiskemagnet-kit-3000-lb-1350-kg-360-blockmagnet\/","title":{"rendered":"CUBE\u2122 fiskemagnet-kit \u2013 1350 kg \u2013 360\u00b0 blockmagnet"},"content":{"rendered":"CUBE\u2122 \u00e4r en av v\u00e4rldens <strong>starkaste<\/strong> fiskemagneter f\u00f6r magnetfiske. Med sex kraftfulla magnetiska kontaktytor har du de <strong>st\u00f6rsta chanserna att f\u00e5 upp f\u00f6rem\u00e5l<\/strong>. V\u00e5r blockmagnet \u00e4r ett utm\u00e4rkt alternativ f\u00f6r den professionella magnetfiskaren. Vill du ha \u00e4nnu mer kraft? Ta d\u00e5 en titt p\u00e5 <a href=\"https:\/\/magnetarmagnets.com\/shop\/megacube\/\">MEGACUBE\u2122<\/a>.\r\n<h2>Varf\u00f6r v\u00e4lja CUBE\u2122?<\/h2>\r\nDet finns m\u00e5nga starka fiskemagneter p\u00e5 marknaden. S\u00e5 varf\u00f6r v\u00e4lja CUBE\u2122 ist\u00e4llet f\u00f6r en <a href=\"https:\/\/magnetarmagnets.com\/collections\/fishing-magnets\/single-sided-classic\/\">ensidig<\/a>, <a href=\"https:\/\/magnetarmagnets.com\/double-sided-fishing-magnet\/\">dubbel<\/a> eller <a href=\"https:\/\/magnetarmagnets.com\/collections\/fishing-magnets\/allround-magnets-360\/\">360\u00b0 allround<\/a> fiskemagnet?\r\n<ul>\r\n \t<li><strong>St\u00f6rre upph\u00e4mtningsm\u00f6jligheter<\/strong>: CUBE\u2122 \u00e4r magnetisk p\u00e5 alla sex sidor, vilket ger ett betydligt st\u00f6rre magnetf\u00e4lt \u00e4n en vanlig allroundmagnet;<\/li>\r\n \t<li><strong>Design<\/strong>: de sex plana ytorna ger b\u00e4ttre grepp j\u00e4mf\u00f6rt med runda magneter, vilket \u00f6kar chansen att f\u00e5 upp tunga f\u00f6rem\u00e5l som kassask\u00e5p ur vattnet;<\/li>\r\n \t<li><strong>Oslitlig<\/strong>: till skillnad fr\u00e5n andra neodymmagneter \u00e4r denna blockmagnet 100 % skyddad och beh\u00e5ller 100 % av sin dragkraft;<\/li>\r\n \t<li><strong>St\u00f6rre attraktionsavst\u00e5nd<\/strong>: imponerande 6,75 tum \/ 17 cm, betydligt mer \u00e4n andra fiskemagneter;<\/li>\r\n \t<li><strong>Redo att anv\u00e4nda<\/strong>: fullst\u00e4ndigt monterad, limmad och s\u00e4krad. CUBE\u2122 \u00e4r klar f\u00f6r omedelbar anv\u00e4ndning;<\/li>\r\n \t<li><strong>Komplett<\/strong>: CUBE\u2122 levereras med ett robust etui, <a href=\"https:\/\/magnetarmagnets.com\/sv\/shop\/rep-for-magnetfiske-20-meter-65-fot\/\">8 mm rep<\/a> &amp; <a href=\"https:\/\/magnetarmagnets.com\/sv\/shop\/magnetfiskehandske\/\">handskar<\/a>.<\/li>\r\n<\/ul>\r\n<h2>En revolution inom magnetfiske<\/h2>\r\nCUBE\u2122 \u00e4r o\u00f6vertr\u00e4ffad. De flesta fiskemagneter kommer inte i n\u00e4rheten. Dess definierande egenskaper \u00e4r 360\u00b0 attraktionskraft, sex magnetiska kontaktytor, h\u00e5llbarhet och det enorma attraktionsavst\u00e5ndet. Denna kraftkarl, p\u00e5 3x3x1,5 tum \/ 74x74x37 mm, \u00e4r en rej\u00e4l magnet. Attraktionsavst\u00e5ndet p\u00e5 6,75 tum \/ 17 cm och den totala dragkraften p\u00e5 3000 lb \/ 1350 kg garanterar att du kan f\u00e5 upp varje skatt fr\u00e5n botten.\r\n<h2>Varning!<\/h2>\r\nV\u00e5ra neodymmagneter \u00e4r extremt kraftfulla. J\u00e4rnf\u00f6rem\u00e5l kan dras mot magneten i h\u00f6g hastighet p\u00e5 n\u00e4ra h\u00e5ll. I vissa fall kan ett finger kl\u00e4mmas mellan magneten och f\u00f6rem\u00e5let. Hantera d\u00e4rf\u00f6r magneterna varsamt och anv\u00e4nd dem p\u00e5 egen risk. L\u00e4s v\u00e5ra s\u00e4kerhetsanvisningar innan anv\u00e4ndning.\r\n\r\n*Denna produkt \u00e4r inte l\u00e4mplig f\u00f6r barn.\r\n\r\n&nbsp;\r\n<p class=\"x_elementToProof\" data-ogsb=\"rgb(255, 255, 255)\"><em>Skyddad av Registered Community Design (015054920-0001 \/ -0004)<\/em><\/p>","protected":false},"excerpt":{"rendered":"<p>Uppt\u00e4ck den revolutionerande CUBE\u2122. Denna <strong>blockmagnet<\/strong> \u00e4r en av v\u00e4rldens <strong>starkaste fiskemagneter<\/strong> och levereras i ett <strong>komplett paket<\/strong> med professionellt t<span data-olk-copy-source=\"MessageBody\">ransportv\u00e4ska<\/span>, rep och handskar.<\/p>\n","protected":false},"featured_media":65450,"comment_status":"open","ping_status":"closed","template":"","meta":{"_acf_changed":false,"inline_featured_image":false},"product_brand":[],"product_cat":[262,261,279,280,267,263],"product_tag":[],"class_list":{"0":"post-67563","1":"product","2":"type-product","3":"status-publish","4":"has-post-thumbnail","6":"product_cat-block-fiske-magneter-360","7":"product_cat-fiske-magneter","8":"product_cat-for-avancerade-aventyrare-sv","9":"product_cat-for-proffs","10":"product_cat-magnetfiske-kit","11":"product_cat-starkaste-fiske-magneter","13":"first","14":"instock","15":"taxable","16":"shipping-taxable","17":"purchasable","18":"product-type-simple"},"acf":[],"yoast_head":"<!-- This site is optimized with the Yoast SEO plugin v27.5 - https:\/\/yoast.com\/product\/yoast-seo-wordpress\/ -->\n<title>CUBE\u2122 fiskemagnet-kit \u2013 1350 kg \u2013 360\u00b0 blockmagnet - Magnet fishing with a Magnetar fishing magnet<\/title>\n<meta name=\"description\" content=\"CUBE\u2122 \u00e4r en av v\u00e4rldens starkaste fiskemagneter. Denna blockmagnet levereras komplett i ett kit. Det b\u00e4sta valet f\u00f6r magnetfiske.\" \/>\n<meta name=\"robots\" content=\"index, follow, max-snippet:-1, max-image-preview:large, max-video-preview:-1\" \/>\n<link rel=\"canonical\" href=\"https:\/\/magnetarmagnets.com\/sv\/shop\/cube-fiskemagnet-kit-3000-lb-1350-kg-360-blockmagnet\/\" \/>\n<meta property=\"og:locale\" content=\"sv_SE\" \/>\n<meta property=\"og:type\" content=\"article\" \/>\n<meta property=\"og:title\" content=\"CUBE\u2122 fiskemagnet-kit \u2013 1350 kg \u2013 360\u00b0 blockmagnet - Magnet fishing with a Magnetar fishing magnet\" \/>\n<meta property=\"og:description\" content=\"CUBE\u2122 \u00e4r en av v\u00e4rldens starkaste fiskemagneter. Denna blockmagnet levereras komplett i ett kit. Det b\u00e4sta valet f\u00f6r magnetfiske.\" \/>\n<meta property=\"og:url\" content=\"https:\/\/magnetarmagnets.com\/sv\/shop\/cube-fiskemagnet-kit-3000-lb-1350-kg-360-blockmagnet\/\" \/>\n<meta property=\"og:site_name\" content=\"Magnet fishing with a Magnetar fishing magnet\" \/>\n<meta property=\"article:publisher\" content=\"https:\/\/www.facebook.com\/fishingmagnets\/\" \/>\n<meta property=\"article:modified_time\" content=\"2026-05-11T19:28:42+00:00\" \/>\n<meta property=\"og:image\" content=\"https:\/\/magnetarmagnets.com\/wp-content\/uploads\/2024\/04\/4.png\" \/>\n\t<meta property=\"og:image:width\" content=\"1500\" \/>\n\t<meta property=\"og:image:height\" content=\"1500\" \/>\n\t<meta property=\"og:image:type\" content=\"image\/png\" \/>\n<meta name=\"twitter:card\" content=\"summary_large_image\" \/>\n<meta name=\"twitter:label1\" content=\"Ber\u00e4knad l\u00e4stid\" \/>\n\t<meta name=\"twitter:data1\" content=\"2 minuter\" \/>\n<script type=\"application\/ld+json\" class=\"yoast-schema-graph\">{\"@context\":\"https:\\\/\\\/schema.org\",\"@graph\":[{\"@type\":[\"WebPage\",\"ItemPage\"],\"@id\":\"https:\\\/\\\/magnetarmagnets.com\\\/sv\\\/shop\\\/cube-fiskemagnet-kit-3000-lb-1350-kg-360-blockmagnet\\\/\",\"url\":\"https:\\\/\\\/magnetarmagnets.com\\\/sv\\\/shop\\\/cube-fiskemagnet-kit-3000-lb-1350-kg-360-blockmagnet\\\/\",\"name\":\"CUBE\u2122 fiskemagnet-kit \u2013 1350 kg \u2013 360\u00b0 blockmagnet - Magnet fishing with a Magnetar fishing magnet\",\"isPartOf\":{\"@id\":\"https:\\\/\\\/magnetarmagnets.com\\\/sv\\\/#website\"},\"primaryImageOfPage\":{\"@id\":\"https:\\\/\\\/magnetarmagnets.com\\\/sv\\\/shop\\\/cube-fiskemagnet-kit-3000-lb-1350-kg-360-blockmagnet\\\/#primaryimage\"},\"image\":{\"@id\":\"https:\\\/\\\/magnetarmagnets.com\\\/sv\\\/shop\\\/cube-fiskemagnet-kit-3000-lb-1350-kg-360-blockmagnet\\\/#primaryimage\"},\"thumbnailUrl\":\"https:\\\/\\\/magnetarmagnets.com\\\/wp-content\\\/uploads\\\/2024\\\/04\\\/4.png\",\"datePublished\":\"2025-06-05T07:53:03+00:00\",\"dateModified\":\"2026-05-11T19:28:42+00:00\",\"description\":\"CUBE\u2122 \u00e4r en av v\u00e4rldens starkaste fiskemagneter. Denna blockmagnet levereras komplett i ett kit. Det b\u00e4sta valet f\u00f6r magnetfiske.\",\"breadcrumb\":{\"@id\":\"https:\\\/\\\/magnetarmagnets.com\\\/sv\\\/shop\\\/cube-fiskemagnet-kit-3000-lb-1350-kg-360-blockmagnet\\\/#breadcrumb\"},\"inLanguage\":\"sv-SE\",\"potentialAction\":[{\"@type\":\"ReadAction\",\"target\":[\"https:\\\/\\\/magnetarmagnets.com\\\/sv\\\/shop\\\/cube-fiskemagnet-kit-3000-lb-1350-kg-360-blockmagnet\\\/\"]}]},{\"@type\":\"ImageObject\",\"inLanguage\":\"sv-SE\",\"@id\":\"https:\\\/\\\/magnetarmagnets.com\\\/sv\\\/shop\\\/cube-fiskemagnet-kit-3000-lb-1350-kg-360-blockmagnet\\\/#primaryimage\",\"url\":\"https:\\\/\\\/magnetarmagnets.com\\\/wp-content\\\/uploads\\\/2024\\\/04\\\/4.png\",\"contentUrl\":\"https:\\\/\\\/magnetarmagnets.com\\\/wp-content\\\/uploads\\\/2024\\\/04\\\/4.png\",\"width\":1500,\"height\":1500},{\"@type\":\"BreadcrumbList\",\"@id\":\"https:\\\/\\\/magnetarmagnets.com\\\/sv\\\/shop\\\/cube-fiskemagnet-kit-3000-lb-1350-kg-360-blockmagnet\\\/#breadcrumb\",\"itemListElement\":[{\"@type\":\"ListItem\",\"position\":1,\"name\":\"Home\",\"item\":\"https:\\\/\\\/magnetarmagnets.com\\\/sv\\\/\"},{\"@type\":\"ListItem\",\"position\":2,\"name\":\"Butik\",\"item\":\"https:\\\/\\\/magnetarmagnets.com\\\/sv\\\/butik\\\/\"},{\"@type\":\"ListItem\",\"position\":3,\"name\":\"Fiske magneter\",\"item\":\"https:\\\/\\\/magnetarmagnets.com\\\/sv\\\/collections\\\/fiske-magneter\\\/\"},{\"@type\":\"ListItem\",\"position\":4,\"name\":\"Block Fiske Magneter 360\",\"item\":\"https:\\\/\\\/magnetarmagnets.com\\\/sv\\\/collections\\\/fiske-magneter\\\/block-fiske-magneter-360\\\/\"},{\"@type\":\"ListItem\",\"position\":5,\"name\":\"CUBE\u2122 fiskemagnet-kit \u2013 1350 kg \u2013 360\u00b0 blockmagnet\"}]},{\"@type\":\"WebSite\",\"@id\":\"https:\\\/\\\/magnetarmagnets.com\\\/sv\\\/#website\",\"url\":\"https:\\\/\\\/magnetarmagnets.com\\\/sv\\\/\",\"name\":\"Magnet fishing with a Magnetar fishing magnet\",\"description\":\"Kraftfulla magneter f\u00f6r magnetfiske\",\"publisher\":{\"@id\":\"https:\\\/\\\/magnetarmagnets.com\\\/sv\\\/#organization\"},\"potentialAction\":[{\"@type\":\"SearchAction\",\"target\":{\"@type\":\"EntryPoint\",\"urlTemplate\":\"https:\\\/\\\/magnetarmagnets.com\\\/sv\\\/?s={search_term_string}\"},\"query-input\":{\"@type\":\"PropertyValueSpecification\",\"valueRequired\":true,\"valueName\":\"search_term_string\"}}],\"inLanguage\":\"sv-SE\"},{\"@type\":\"Organization\",\"@id\":\"https:\\\/\\\/magnetarmagnets.com\\\/sv\\\/#organization\",\"name\":\"Magnetar\",\"url\":\"https:\\\/\\\/magnetarmagnets.com\\\/sv\\\/\",\"logo\":{\"@type\":\"ImageObject\",\"inLanguage\":\"sv-SE\",\"@id\":\"https:\\\/\\\/magnetarmagnets.com\\\/sv\\\/#\\\/schema\\\/logo\\\/image\\\/\",\"url\":\"https:\\\/\\\/magnetarmagnets.com\\\/wp-content\\\/uploads\\\/2025\\\/05\\\/Logo-03_PNG-Black-scaled.png\",\"contentUrl\":\"https:\\\/\\\/magnetarmagnets.com\\\/wp-content\\\/uploads\\\/2025\\\/05\\\/Logo-03_PNG-Black-scaled.png\",\"width\":2560,\"height\":1658,\"caption\":\"Magnetar\"},\"image\":{\"@id\":\"https:\\\/\\\/magnetarmagnets.com\\\/sv\\\/#\\\/schema\\\/logo\\\/image\\\/\"},\"sameAs\":[\"https:\\\/\\\/www.facebook.com\\\/fishingmagnets\\\/\",\"https:\\\/\\\/www.instagram.com\\\/magnetar_magnets\\\/\",\"https:\\\/\\\/www.linkedin.com\\\/company\\\/magnetarbv\\\/?originalSubdomain=nl\",\"https:\\\/\\\/www.youtube.com\\\/c\\\/MagnetarVismagneet\"]}]}<\/script>\n<!-- \/ Yoast SEO plugin. -->","yoast_head_json":{"title":"CUBE\u2122 fiskemagnet-kit \u2013 1350 kg \u2013 360\u00b0 blockmagnet - Magnet fishing with a Magnetar fishing magnet","description":"CUBE\u2122 \u00e4r en av v\u00e4rldens starkaste fiskemagneter. Denna blockmagnet levereras komplett i ett kit. Det b\u00e4sta valet f\u00f6r magnetfiske.","robots":{"index":"index","follow":"follow","max-snippet":"max-snippet:-1","max-image-preview":"max-image-preview:large","max-video-preview":"max-video-preview:-1"},"canonical":"https:\/\/magnetarmagnets.com\/sv\/shop\/cube-fiskemagnet-kit-3000-lb-1350-kg-360-blockmagnet\/","og_locale":"sv_SE","og_type":"article","og_title":"CUBE\u2122 fiskemagnet-kit \u2013 1350 kg \u2013 360\u00b0 blockmagnet - Magnet fishing with a Magnetar fishing magnet","og_description":"CUBE\u2122 \u00e4r en av v\u00e4rldens starkaste fiskemagneter. Denna blockmagnet levereras komplett i ett kit. Det b\u00e4sta valet f\u00f6r magnetfiske.","og_url":"https:\/\/magnetarmagnets.com\/sv\/shop\/cube-fiskemagnet-kit-3000-lb-1350-kg-360-blockmagnet\/","og_site_name":"Magnet fishing with a Magnetar fishing magnet","article_publisher":"https:\/\/www.facebook.com\/fishingmagnets\/","article_modified_time":"2026-05-11T19:28:42+00:00","og_image":[{"width":1500,"height":1500,"url":"https:\/\/magnetarmagnets.com\/wp-content\/uploads\/2024\/04\/4.png","type":"image\/png"}],"twitter_card":"summary_large_image","twitter_misc":{"Ber\u00e4knad l\u00e4stid":"2 minuter"},"schema":{"@context":"https:\/\/schema.org","@graph":[{"@type":["WebPage","ItemPage"],"@id":"https:\/\/magnetarmagnets.com\/sv\/shop\/cube-fiskemagnet-kit-3000-lb-1350-kg-360-blockmagnet\/","url":"https:\/\/magnetarmagnets.com\/sv\/shop\/cube-fiskemagnet-kit-3000-lb-1350-kg-360-blockmagnet\/","name":"CUBE\u2122 fiskemagnet-kit \u2013 1350 kg \u2013 360\u00b0 blockmagnet - Magnet fishing with a Magnetar fishing magnet","isPartOf":{"@id":"https:\/\/magnetarmagnets.com\/sv\/#website"},"primaryImageOfPage":{"@id":"https:\/\/magnetarmagnets.com\/sv\/shop\/cube-fiskemagnet-kit-3000-lb-1350-kg-360-blockmagnet\/#primaryimage"},"image":{"@id":"https:\/\/magnetarmagnets.com\/sv\/shop\/cube-fiskemagnet-kit-3000-lb-1350-kg-360-blockmagnet\/#primaryimage"},"thumbnailUrl":"https:\/\/magnetarmagnets.com\/wp-content\/uploads\/2024\/04\/4.png","datePublished":"2025-06-05T07:53:03+00:00","dateModified":"2026-05-11T19:28:42+00:00","description":"CUBE\u2122 \u00e4r en av v\u00e4rldens starkaste fiskemagneter. Denna blockmagnet levereras komplett i ett kit. Det b\u00e4sta valet f\u00f6r magnetfiske.","breadcrumb":{"@id":"https:\/\/magnetarmagnets.com\/sv\/shop\/cube-fiskemagnet-kit-3000-lb-1350-kg-360-blockmagnet\/#breadcrumb"},"inLanguage":"sv-SE","potentialAction":[{"@type":"ReadAction","target":["https:\/\/magnetarmagnets.com\/sv\/shop\/cube-fiskemagnet-kit-3000-lb-1350-kg-360-blockmagnet\/"]}]},{"@type":"ImageObject","inLanguage":"sv-SE","@id":"https:\/\/magnetarmagnets.com\/sv\/shop\/cube-fiskemagnet-kit-3000-lb-1350-kg-360-blockmagnet\/#primaryimage","url":"https:\/\/magnetarmagnets.com\/wp-content\/uploads\/2024\/04\/4.png","contentUrl":"https:\/\/magnetarmagnets.com\/wp-content\/uploads\/2024\/04\/4.png","width":1500,"height":1500},{"@type":"BreadcrumbList","@id":"https:\/\/magnetarmagnets.com\/sv\/shop\/cube-fiskemagnet-kit-3000-lb-1350-kg-360-blockmagnet\/#breadcrumb","itemListElement":[{"@type":"ListItem","position":1,"name":"Home","item":"https:\/\/magnetarmagnets.com\/sv\/"},{"@type":"ListItem","position":2,"name":"Butik","item":"https:\/\/magnetarmagnets.com\/sv\/butik\/"},{"@type":"ListItem","position":3,"name":"Fiske magneter","item":"https:\/\/magnetarmagnets.com\/sv\/collections\/fiske-magneter\/"},{"@type":"ListItem","position":4,"name":"Block Fiske Magneter 360","item":"https:\/\/magnetarmagnets.com\/sv\/collections\/fiske-magneter\/block-fiske-magneter-360\/"},{"@type":"ListItem","position":5,"name":"CUBE\u2122 fiskemagnet-kit \u2013 1350 kg \u2013 360\u00b0 blockmagnet"}]},{"@type":"WebSite","@id":"https:\/\/magnetarmagnets.com\/sv\/#website","url":"https:\/\/magnetarmagnets.com\/sv\/","name":"Magnet fishing with a Magnetar fishing magnet","description":"Kraftfulla magneter f\u00f6r magnetfiske","publisher":{"@id":"https:\/\/magnetarmagnets.com\/sv\/#organization"},"potentialAction":[{"@type":"SearchAction","target":{"@type":"EntryPoint","urlTemplate":"https:\/\/magnetarmagnets.com\/sv\/?s={search_term_string}"},"query-input":{"@type":"PropertyValueSpecification","valueRequired":true,"valueName":"search_term_string"}}],"inLanguage":"sv-SE"},{"@type":"Organization","@id":"https:\/\/magnetarmagnets.com\/sv\/#organization","name":"Magnetar","url":"https:\/\/magnetarmagnets.com\/sv\/","logo":{"@type":"ImageObject","inLanguage":"sv-SE","@id":"https:\/\/magnetarmagnets.com\/sv\/#\/schema\/logo\/image\/","url":"https:\/\/magnetarmagnets.com\/wp-content\/uploads\/2025\/05\/Logo-03_PNG-Black-scaled.png","contentUrl":"https:\/\/magnetarmagnets.com\/wp-content\/uploads\/2025\/05\/Logo-03_PNG-Black-scaled.png","width":2560,"height":1658,"caption":"Magnetar"},"image":{"@id":"https:\/\/magnetarmagnets.com\/sv\/#\/schema\/logo\/image\/"},"sameAs":["https:\/\/www.facebook.com\/fishingmagnets\/","https:\/\/www.instagram.com\/magnetar_magnets\/","https:\/\/www.linkedin.com\/company\/magnetarbv\/?originalSubdomain=nl","https:\/\/www.youtube.com\/c\/MagnetarVismagneet"]}]}},"_links":{"self":[{"href":"https:\/\/magnetarmagnets.com\/sv\/wp-json\/wp\/v2\/product\/67563","targetHints":{"allow":["GET"]}}],"collection":[{"href":"https:\/\/magnetarmagnets.com\/sv\/wp-json\/wp\/v2\/product"}],"about":[{"href":"https:\/\/magnetarmagnets.com\/sv\/wp-json\/wp\/v2\/types\/product"}],"replies":[{"embeddable":true,"href":"https:\/\/magnetarmagnets.com\/sv\/wp-json\/wp\/v2\/comments?post=67563"}],"version-history":[{"count":0,"href":"https:\/\/magnetarmagnets.com\/sv\/wp-json\/wp\/v2\/product\/67563\/revisions"}],"wp:featuredmedia":[{"embeddable":true,"href":"https:\/\/magnetarmagnets.com\/sv\/wp-json\/wp\/v2\/media\/65450"}],"wp:attachment":[{"href":"https:\/\/magnetarmagnets.com\/sv\/wp-json\/wp\/v2\/media?parent=67563"}],"wp:term":[{"taxonomy":"product_brand","embeddable":true,"href":"https:\/\/magnetarmagnets.com\/sv\/wp-json\/wp\/v2\/product_brand?post=67563"},{"taxonomy":"product_cat","embeddable":true,"href":"https:\/\/magnetarmagnets.com\/sv\/wp-json\/wp\/v2\/product_cat?post=67563"},{"taxonomy":"product_tag","embeddable":true,"href":"https:\/\/magnetarmagnets.com\/sv\/wp-json\/wp\/v2\/product_tag?post=67563"}],"curies":[{"name":"wp","href":"https:\/\/api.w.org\/{rel}","templated":true}]}}