{"id":67533,"date":"2025-06-06T15:18:34","date_gmt":"2025-06-06T13:18:34","guid":{"rendered":"https:\/\/magnetarmagnets.com\/?post_type=product&#038;p=67533"},"modified":"2025-10-29T09:39:07","modified_gmt":"2025-10-29T08:39:07","slug":"varmevast","status":"publish","type":"product","link":"https:\/\/magnetarmagnets.com\/sv\/shop\/varmevast\/","title":{"rendered":"V\u00e4rmev\u00e4st"},"content":{"rendered":"Under h\u00f6sten och vintern st\u00f6ter du p\u00e5 m\u00e5nga kalla och bitande dagar. Vill du trotsa kylan under denna period? Det kan du g\u00f6ra med v\u00e4rmev\u00e4sten Lava fr\u00e5n Magnetar Heat. Magnetar Heat-kl\u00e4der h\u00e5ller din kropp bekv\u00e4mt varm. Bli imponerad av de tre v\u00e4rmezonerna, det kraftfulla batteriet och den utm\u00e4rkta kvaliteten.\r\n<h2>Tre v\u00e4rmezoner och v\u00e4rmeinst\u00e4llningar<\/h2>\r\nV\u00e4rmev\u00e4sten Lava \u00e4r utrustad med tre v\u00e4rmezoner. Tv\u00e5 sitter p\u00e5 framsidan och en p\u00e5 baksidan, vilket s\u00e4kerst\u00e4ller att hela b\u00e5len h\u00e5lls bekv\u00e4mt varm. Zonerna kan st\u00e4llas in p\u00e5 tre olika temperaturer: 40\u00b0C, 50\u00b0C och 60\u00b0C.\r\n\r\nAtt justera v\u00e4rmeinst\u00e4llningarna \u00e4r \u00f6verraskande enkelt. Det g\u00f6r du med knappen p\u00e5 framsidan av v\u00e4sten. Ett tryck aktiverar v\u00e4rmen och varje efterf\u00f6ljande tryck h\u00f6jer temperaturen ett steg. Om du blir f\u00f6r varm kan du enkelt st\u00e4nga av v\u00e4sten.\r\n<h2>L\u00e5ngvarig v\u00e4rme tack vare ett kraftfullt batteri<\/h2>\r\nNjut av v\u00e4rme hela dagen med Magnetar Heat. Det kraftfulla batteriet ger v\u00e4rme i upp till imponerande 10 timmar. Den exakta varaktigheten beror p\u00e5 v\u00e4rmeinst\u00e4llningen. H\u00e4r \u00e4r en \u00f6versikt \u00f6ver batteritiden baserat p\u00e5 inst\u00e4llningarna:\r\n<ul>\r\n \t<li>40\u00b0C: 10 timmar<\/li>\r\n \t<li>50\u00b0C: 8 timmar<\/li>\r\n \t<li>60\u00b0C: 6 timmar<\/li>\r\n<\/ul>\r\nBatteriet\/powerbanken (6700mAh) levereras med en laddare och \u00e4r enkelt utbytbart. Det inneb\u00e4r att du teoretiskt kan anv\u00e4nda flera batterier f\u00f6r att njuta av v\u00e4rmev\u00e4sten Lava \u00e4nnu l\u00e4ngre. Dessutom har batteriet en USB- och 4.0 DC-utg\u00e5ng samt en USB-C-ing\u00e5ng.\r\n<h2>Vind- och vattent\u00e4t<\/h2>\r\nVind och vatten \u00e4r ingen match f\u00f6r v\u00e4rmev\u00e4sten. H\u00f6gkvalitativ nylon anv\u00e4nds i tillverkningen, b\u00e5de p\u00e5 insidan och utsidan. Anv\u00e4ndningen av nylon g\u00f6r \u00e4ven att plagget f\u00f6rblir l\u00e4tt och k\u00e4nns som en vanlig h\u00f6gkvalitetsv\u00e4st.\r\n<h2>L\u00e4mplig f\u00f6r tv\u00e4ttmaskin<\/h2>\r\nEfter en dag med utomhusaktiviteter, om du beh\u00f6ver reng\u00f6ra v\u00e4sten, kan du det! Du kan utan problem tv\u00e4tta den i tv\u00e4ttmaskin. Observera dock att batteriet m\u00e5ste tas ut i f\u00f6rv\u00e4g!","protected":false},"excerpt":{"rendered":"<p>Denna <strong>uppv\u00e4rmda<\/strong> <strong>v\u00e4rmev\u00e4st<\/strong> h\u00e5ller din kropp p\u00e5 r\u00e4tt temperatur med <strong>tre v\u00e4rmezoner<\/strong>, ett <strong>kraftfullt batteri<\/strong> och <strong>tre v\u00e4rmeinst\u00e4llningar<\/strong>.<\/p>\n","protected":false},"featured_media":61241,"comment_status":"open","ping_status":"closed","template":"","meta":{"_acf_changed":false,"inline_featured_image":false},"product_brand":[],"product_cat":[268,271],"product_tag":[],"class_list":{"0":"post-67533","1":"product","2":"type-product","3":"status-publish","4":"has-post-thumbnail","6":"product_cat-utrustning","7":"product_cat-varmeklader","9":"first","10":"instock","11":"sale","12":"taxable","13":"shipping-taxable","14":"purchasable","15":"product-type-variable"},"acf":[],"yoast_head":"<!-- This site is optimized with the Yoast SEO plugin v27.3 - https:\/\/yoast.com\/product\/yoast-seo-wordpress\/ -->\n<title>V\u00e4rmev\u00e4st - Magnet fishing with a Magnetar fishing magnet<\/title>\n<meta name=\"description\" content=\"V\u00e4rmev\u00e4st \u2013 h\u00e5ll dig varm vid magnetfiske\" \/>\n<meta name=\"robots\" content=\"index, follow, max-snippet:-1, max-image-preview:large, max-video-preview:-1\" \/>\n<link rel=\"canonical\" href=\"https:\/\/magnetarmagnets.com\/sv\/shop\/varmevast\/\" \/>\n<meta property=\"og:locale\" content=\"sv_SE\" \/>\n<meta property=\"og:type\" content=\"article\" \/>\n<meta property=\"og:title\" content=\"V\u00e4rmev\u00e4st - Magnet fishing with a Magnetar fishing magnet\" \/>\n<meta property=\"og:description\" content=\"V\u00e4rmev\u00e4st \u2013 h\u00e5ll dig varm vid magnetfiske\" \/>\n<meta property=\"og:url\" content=\"https:\/\/magnetarmagnets.com\/sv\/shop\/varmevast\/\" \/>\n<meta property=\"og:site_name\" content=\"Magnet fishing with a Magnetar fishing magnet\" \/>\n<meta property=\"article:publisher\" content=\"https:\/\/www.facebook.com\/fishingmagnets\/\" \/>\n<meta property=\"article:modified_time\" content=\"2025-10-29T08:39:07+00:00\" \/>\n<meta property=\"og:image\" content=\"https:\/\/magnetarmagnets.com\/wp-content\/uploads\/2023\/09\/1-1.jpg\" \/>\n\t<meta property=\"og:image:width\" content=\"1500\" \/>\n\t<meta property=\"og:image:height\" content=\"1500\" \/>\n\t<meta property=\"og:image:type\" content=\"image\/jpeg\" \/>\n<meta name=\"twitter:card\" content=\"summary_large_image\" \/>\n<meta name=\"twitter:label1\" content=\"Ber\u00e4knad l\u00e4stid\" \/>\n\t<meta name=\"twitter:data1\" content=\"2 minuter\" \/>\n<script type=\"application\/ld+json\" class=\"yoast-schema-graph\">{\"@context\":\"https:\\\/\\\/schema.org\",\"@graph\":[{\"@type\":[\"WebPage\",\"ItemPage\"],\"@id\":\"https:\\\/\\\/magnetarmagnets.com\\\/sv\\\/shop\\\/varmevast\\\/\",\"url\":\"https:\\\/\\\/magnetarmagnets.com\\\/sv\\\/shop\\\/varmevast\\\/\",\"name\":\"V\u00e4rmev\u00e4st - Magnet fishing with a Magnetar fishing magnet\",\"isPartOf\":{\"@id\":\"https:\\\/\\\/magnetarmagnets.com\\\/sv\\\/#website\"},\"primaryImageOfPage\":{\"@id\":\"https:\\\/\\\/magnetarmagnets.com\\\/sv\\\/shop\\\/varmevast\\\/#primaryimage\"},\"image\":{\"@id\":\"https:\\\/\\\/magnetarmagnets.com\\\/sv\\\/shop\\\/varmevast\\\/#primaryimage\"},\"thumbnailUrl\":\"https:\\\/\\\/magnetarmagnets.com\\\/wp-content\\\/uploads\\\/2023\\\/09\\\/1-1.jpg\",\"datePublished\":\"2025-06-06T13:18:34+00:00\",\"dateModified\":\"2025-10-29T08:39:07+00:00\",\"description\":\"V\u00e4rmev\u00e4st \u2013 h\u00e5ll dig varm vid magnetfiske\",\"breadcrumb\":{\"@id\":\"https:\\\/\\\/magnetarmagnets.com\\\/sv\\\/shop\\\/varmevast\\\/#breadcrumb\"},\"inLanguage\":\"sv-SE\",\"potentialAction\":[{\"@type\":\"ReadAction\",\"target\":[\"https:\\\/\\\/magnetarmagnets.com\\\/sv\\\/shop\\\/varmevast\\\/\"]}]},{\"@type\":\"ImageObject\",\"inLanguage\":\"sv-SE\",\"@id\":\"https:\\\/\\\/magnetarmagnets.com\\\/sv\\\/shop\\\/varmevast\\\/#primaryimage\",\"url\":\"https:\\\/\\\/magnetarmagnets.com\\\/wp-content\\\/uploads\\\/2023\\\/09\\\/1-1.jpg\",\"contentUrl\":\"https:\\\/\\\/magnetarmagnets.com\\\/wp-content\\\/uploads\\\/2023\\\/09\\\/1-1.jpg\",\"width\":1500,\"height\":1500,\"caption\":\"LAVA Heated Bodywarmer Magnetar Heat Front\"},{\"@type\":\"BreadcrumbList\",\"@id\":\"https:\\\/\\\/magnetarmagnets.com\\\/sv\\\/shop\\\/varmevast\\\/#breadcrumb\",\"itemListElement\":[{\"@type\":\"ListItem\",\"position\":1,\"name\":\"Home\",\"item\":\"https:\\\/\\\/magnetarmagnets.com\\\/sv\\\/\"},{\"@type\":\"ListItem\",\"position\":2,\"name\":\"Butik\",\"item\":\"https:\\\/\\\/magnetarmagnets.com\\\/sv\\\/butik\\\/\"},{\"@type\":\"ListItem\",\"position\":3,\"name\":\"Utrustning\",\"item\":\"https:\\\/\\\/magnetarmagnets.com\\\/sv\\\/collections\\\/utrustning\\\/\"},{\"@type\":\"ListItem\",\"position\":4,\"name\":\"V\u00e4rmev\u00e4st\"}]},{\"@type\":\"WebSite\",\"@id\":\"https:\\\/\\\/magnetarmagnets.com\\\/sv\\\/#website\",\"url\":\"https:\\\/\\\/magnetarmagnets.com\\\/sv\\\/\",\"name\":\"Magnet fishing with a Magnetar fishing magnet\",\"description\":\"Kraftfulla magneter f\u00f6r magnetfiske\",\"publisher\":{\"@id\":\"https:\\\/\\\/magnetarmagnets.com\\\/sv\\\/#organization\"},\"potentialAction\":[{\"@type\":\"SearchAction\",\"target\":{\"@type\":\"EntryPoint\",\"urlTemplate\":\"https:\\\/\\\/magnetarmagnets.com\\\/sv\\\/?s={search_term_string}\"},\"query-input\":{\"@type\":\"PropertyValueSpecification\",\"valueRequired\":true,\"valueName\":\"search_term_string\"}}],\"inLanguage\":\"sv-SE\"},{\"@type\":\"Organization\",\"@id\":\"https:\\\/\\\/magnetarmagnets.com\\\/sv\\\/#organization\",\"name\":\"Magnetar\",\"url\":\"https:\\\/\\\/magnetarmagnets.com\\\/sv\\\/\",\"logo\":{\"@type\":\"ImageObject\",\"inLanguage\":\"sv-SE\",\"@id\":\"https:\\\/\\\/magnetarmagnets.com\\\/sv\\\/#\\\/schema\\\/logo\\\/image\\\/\",\"url\":\"https:\\\/\\\/magnetarmagnets.com\\\/wp-content\\\/uploads\\\/2025\\\/05\\\/Logo-03_PNG-Black-scaled.png\",\"contentUrl\":\"https:\\\/\\\/magnetarmagnets.com\\\/wp-content\\\/uploads\\\/2025\\\/05\\\/Logo-03_PNG-Black-scaled.png\",\"width\":2560,\"height\":1658,\"caption\":\"Magnetar\"},\"image\":{\"@id\":\"https:\\\/\\\/magnetarmagnets.com\\\/sv\\\/#\\\/schema\\\/logo\\\/image\\\/\"},\"sameAs\":[\"https:\\\/\\\/www.facebook.com\\\/fishingmagnets\\\/\",\"https:\\\/\\\/www.instagram.com\\\/magnetar_magnets\\\/\",\"https:\\\/\\\/www.linkedin.com\\\/company\\\/magnetarbv\\\/?originalSubdomain=nl\",\"https:\\\/\\\/www.youtube.com\\\/c\\\/MagnetarVismagneet\"]}]}<\/script>\n<!-- \/ Yoast SEO plugin. -->","yoast_head_json":{"title":"V\u00e4rmev\u00e4st - Magnet fishing with a Magnetar fishing magnet","description":"V\u00e4rmev\u00e4st \u2013 h\u00e5ll dig varm vid magnetfiske","robots":{"index":"index","follow":"follow","max-snippet":"max-snippet:-1","max-image-preview":"max-image-preview:large","max-video-preview":"max-video-preview:-1"},"canonical":"https:\/\/magnetarmagnets.com\/sv\/shop\/varmevast\/","og_locale":"sv_SE","og_type":"article","og_title":"V\u00e4rmev\u00e4st - Magnet fishing with a Magnetar fishing magnet","og_description":"V\u00e4rmev\u00e4st \u2013 h\u00e5ll dig varm vid magnetfiske","og_url":"https:\/\/magnetarmagnets.com\/sv\/shop\/varmevast\/","og_site_name":"Magnet fishing with a Magnetar fishing magnet","article_publisher":"https:\/\/www.facebook.com\/fishingmagnets\/","article_modified_time":"2025-10-29T08:39:07+00:00","og_image":[{"width":1500,"height":1500,"url":"https:\/\/magnetarmagnets.com\/wp-content\/uploads\/2023\/09\/1-1.jpg","type":"image\/jpeg"}],"twitter_card":"summary_large_image","twitter_misc":{"Ber\u00e4knad l\u00e4stid":"2 minuter"},"schema":{"@context":"https:\/\/schema.org","@graph":[{"@type":["WebPage","ItemPage"],"@id":"https:\/\/magnetarmagnets.com\/sv\/shop\/varmevast\/","url":"https:\/\/magnetarmagnets.com\/sv\/shop\/varmevast\/","name":"V\u00e4rmev\u00e4st - Magnet fishing with a Magnetar fishing magnet","isPartOf":{"@id":"https:\/\/magnetarmagnets.com\/sv\/#website"},"primaryImageOfPage":{"@id":"https:\/\/magnetarmagnets.com\/sv\/shop\/varmevast\/#primaryimage"},"image":{"@id":"https:\/\/magnetarmagnets.com\/sv\/shop\/varmevast\/#primaryimage"},"thumbnailUrl":"https:\/\/magnetarmagnets.com\/wp-content\/uploads\/2023\/09\/1-1.jpg","datePublished":"2025-06-06T13:18:34+00:00","dateModified":"2025-10-29T08:39:07+00:00","description":"V\u00e4rmev\u00e4st \u2013 h\u00e5ll dig varm vid magnetfiske","breadcrumb":{"@id":"https:\/\/magnetarmagnets.com\/sv\/shop\/varmevast\/#breadcrumb"},"inLanguage":"sv-SE","potentialAction":[{"@type":"ReadAction","target":["https:\/\/magnetarmagnets.com\/sv\/shop\/varmevast\/"]}]},{"@type":"ImageObject","inLanguage":"sv-SE","@id":"https:\/\/magnetarmagnets.com\/sv\/shop\/varmevast\/#primaryimage","url":"https:\/\/magnetarmagnets.com\/wp-content\/uploads\/2023\/09\/1-1.jpg","contentUrl":"https:\/\/magnetarmagnets.com\/wp-content\/uploads\/2023\/09\/1-1.jpg","width":1500,"height":1500,"caption":"LAVA Heated Bodywarmer Magnetar Heat Front"},{"@type":"BreadcrumbList","@id":"https:\/\/magnetarmagnets.com\/sv\/shop\/varmevast\/#breadcrumb","itemListElement":[{"@type":"ListItem","position":1,"name":"Home","item":"https:\/\/magnetarmagnets.com\/sv\/"},{"@type":"ListItem","position":2,"name":"Butik","item":"https:\/\/magnetarmagnets.com\/sv\/butik\/"},{"@type":"ListItem","position":3,"name":"Utrustning","item":"https:\/\/magnetarmagnets.com\/sv\/collections\/utrustning\/"},{"@type":"ListItem","position":4,"name":"V\u00e4rmev\u00e4st"}]},{"@type":"WebSite","@id":"https:\/\/magnetarmagnets.com\/sv\/#website","url":"https:\/\/magnetarmagnets.com\/sv\/","name":"Magnet fishing with a Magnetar fishing magnet","description":"Kraftfulla magneter f\u00f6r magnetfiske","publisher":{"@id":"https:\/\/magnetarmagnets.com\/sv\/#organization"},"potentialAction":[{"@type":"SearchAction","target":{"@type":"EntryPoint","urlTemplate":"https:\/\/magnetarmagnets.com\/sv\/?s={search_term_string}"},"query-input":{"@type":"PropertyValueSpecification","valueRequired":true,"valueName":"search_term_string"}}],"inLanguage":"sv-SE"},{"@type":"Organization","@id":"https:\/\/magnetarmagnets.com\/sv\/#organization","name":"Magnetar","url":"https:\/\/magnetarmagnets.com\/sv\/","logo":{"@type":"ImageObject","inLanguage":"sv-SE","@id":"https:\/\/magnetarmagnets.com\/sv\/#\/schema\/logo\/image\/","url":"https:\/\/magnetarmagnets.com\/wp-content\/uploads\/2025\/05\/Logo-03_PNG-Black-scaled.png","contentUrl":"https:\/\/magnetarmagnets.com\/wp-content\/uploads\/2025\/05\/Logo-03_PNG-Black-scaled.png","width":2560,"height":1658,"caption":"Magnetar"},"image":{"@id":"https:\/\/magnetarmagnets.com\/sv\/#\/schema\/logo\/image\/"},"sameAs":["https:\/\/www.facebook.com\/fishingmagnets\/","https:\/\/www.instagram.com\/magnetar_magnets\/","https:\/\/www.linkedin.com\/company\/magnetarbv\/?originalSubdomain=nl","https:\/\/www.youtube.com\/c\/MagnetarVismagneet"]}]}},"_links":{"self":[{"href":"https:\/\/magnetarmagnets.com\/sv\/wp-json\/wp\/v2\/product\/67533","targetHints":{"allow":["GET"]}}],"collection":[{"href":"https:\/\/magnetarmagnets.com\/sv\/wp-json\/wp\/v2\/product"}],"about":[{"href":"https:\/\/magnetarmagnets.com\/sv\/wp-json\/wp\/v2\/types\/product"}],"replies":[{"embeddable":true,"href":"https:\/\/magnetarmagnets.com\/sv\/wp-json\/wp\/v2\/comments?post=67533"}],"version-history":[{"count":0,"href":"https:\/\/magnetarmagnets.com\/sv\/wp-json\/wp\/v2\/product\/67533\/revisions"}],"wp:featuredmedia":[{"embeddable":true,"href":"https:\/\/magnetarmagnets.com\/sv\/wp-json\/wp\/v2\/media\/61241"}],"wp:attachment":[{"href":"https:\/\/magnetarmagnets.com\/sv\/wp-json\/wp\/v2\/media?parent=67533"}],"wp:term":[{"taxonomy":"product_brand","embeddable":true,"href":"https:\/\/magnetarmagnets.com\/sv\/wp-json\/wp\/v2\/product_brand?post=67533"},{"taxonomy":"product_cat","embeddable":true,"href":"https:\/\/magnetarmagnets.com\/sv\/wp-json\/wp\/v2\/product_cat?post=67533"},{"taxonomy":"product_tag","embeddable":true,"href":"https:\/\/magnetarmagnets.com\/sv\/wp-json\/wp\/v2\/product_tag?post=67533"}],"curies":[{"name":"wp","href":"https:\/\/api.w.org\/{rel}","templated":true}]}}