{"id":67531,"date":"2025-06-05T09:53:05","date_gmt":"2025-06-05T07:53:05","guid":{"rendered":"https:\/\/magnetarmagnets.com\/?post_type=product&#038;p=67531"},"modified":"2026-04-04T07:17:26","modified_gmt":"2026-04-04T05:17:26","slug":"gripkrok-xxl-for-magnetfiske","status":"publish","type":"product","link":"https:\/\/magnetarmagnets.com\/sv\/shop\/gripkrok-xxl-for-magnetfiske\/","title":{"rendered":"Gripkrok XXL f\u00f6r magnetfiske"},"content":{"rendered":"<h2><strong>Beh\u00f6ver jag verkligen Gripkrok XXL f\u00f6r magnetfiske?<\/strong><\/h2>\r\nDet g\u00e5r absolut att magnetfiska med bara en fiskemagnet och ett p\u00e5litligt rep. Att anv\u00e4nda en Gripkrok XXL \u00e4r inte ett krav. \u00c4nd\u00e5 rekommenderar vi passionerade magnetfiskare att anv\u00e4nda detta tillbeh\u00f6r. F\u00f6r att kunna dra upp de mest sp\u00e4nnande fynden kr\u00e4vs ofta mer \u00e4n bara en fiskemagnet. Stenar och andra icke-magnetiska f\u00f6rem\u00e5l kan g\u00f6ra att fynden fastnar. I s\u00e5dana fall kan en gripkrok l\u00f6sa situationen.\r\n<h2><strong>En rej\u00e4l gripkrok<\/strong><\/h2>\r\nMagnetar str\u00e4var efter att leverera utm\u00e4rkt kvalitet. Inte bara \u00e4r v\u00e5ra fiskemagneter av h\u00f6gsta kvalitet, utan \u00e4ven alla v\u00e5ra tillbeh\u00f6r, inklusive v\u00e5ra gripkrokar. Gripkrok XXL \u00e4r extra stor och tung f\u00f6r att garantera optimal effektivitet. Produkten \u00e4r 9,5 tum (24 cm) h\u00f6g och strax under 8 tum (20 cm) bred. Gripkrokens tyngd p\u00e5 \u00f6ver 21 oz (600 gram) g\u00f6r att den sjunker l\u00e4tt i vattnet. P\u00e5 s\u00e5 s\u00e4tt f\u00e5r du b\u00e4sta m\u00f6jliga grepp om f\u00f6rem\u00e5l g\u00f6mda under vatten.\r\n\r\nGripkrok XXL \u00e4r helt tillverkad av rostfritt st\u00e5l. Detta ger naturligtvis en positiv inverkan p\u00e5 h\u00e5llbarheten. Dessutom s\u00e4kerst\u00e4ller rostfritt st\u00e5l att gripkroken i sig inte \u00e4r magnetisk och fungerar perfekt tillsammans med en fiskemagnet. De f\u00f6rst\u00e4rkta spetsarna \u00f6kar chansen att haka fast i det f\u00f6rem\u00e5l du f\u00f6rs\u00f6ker dra upp ur vattnet.\r\n<h2><strong>Hur anv\u00e4nder man Gripkrok XXL?<\/strong><\/h2>\r\nGripkrok XXL anv\u00e4nds tillsammans med ett rep. Vilken typ av rep som helst fungerar, men vi rekommenderar att anv\u00e4nda v\u00e5rt unikt designade magnetfiskerep. Det h\u00e4r specifika repet har en \u00f6gla som g\u00f6r det mycket enkelt att f\u00e4sta. Gripkroken har en \u00f6gleskruv upptill d\u00e4r repet kan f\u00e4stas.\r\n\r\nN\u00e4r du anv\u00e4nder gripkroken f\u00f6r att sl\u00e4ppa fr\u00e5n fiskemagneten, kasta tillbeh\u00f6ret i samma riktning som magneten. Fick du fast det p\u00e5 f\u00f6rem\u00e5let? Dra d\u00e5 i b\u00e5da repen \u2013 magnetens och gripkrokens \u2013 samtidigt. Forts\u00e4tt dra f\u00f6rsiktigt f\u00f6r att f\u00f6rhindra att gripkroken tappar greppet.\r\n\r\nDet g\u00e5r ocks\u00e5 att anv\u00e4nda gripkroken f\u00f6r att dra upp icke-magnetiska f\u00f6rem\u00e5l. F\u00f6r att g\u00f6ra det, v\u00e4nta tills gripkroken har sjunkit helt till botten. Dra sedan in repet f\u00f6rsiktigt. Anv\u00e4nd naturligtvis handskar f\u00f6r att skydda h\u00e4nderna mot repets friktion.\r\n<h2><strong>Vilka material \u00e4r inte magnetiska?<\/strong><\/h2>\r\n<a href=\"https:\/\/magnetarmagnets.com\/collections\/fishing-magnets\">Fiskemagneter<\/a> \u00e4r avsedda att dra upp magnetiska f\u00f6rem\u00e5l ur vattnet. T\u00e4nk p\u00e5 metallf\u00f6rem\u00e5l som kastruller, pannor, nycklar och m\u00e5nga andra verktyg. F\u00f6rem\u00e5l av nickel \u00e4r ocks\u00e5 magnetiska, och m\u00e5nga historiska mynt \u00e4r gjorda av detta material. Dessutom kan din fiskemagnet dra upp f\u00f6rem\u00e5l av kobolt och st\u00e5l ur vattnet.\r\n\r\nDenna extra stora gripkrok kan anv\u00e4ndas f\u00f6r icke-magnetiska f\u00f6rem\u00e5l. Till exempel f\u00f6rem\u00e5l av aluminium, som burkar och andra hush\u00e5llsartiklar. Dessutom \u00e4r material som koppar, bly och guld inte magnetiska och kan enkelt dras upp med en gripkrok.\r\n<h2><strong>Ett komplett magnetfiske-paket<\/strong><\/h2>\r\nLetar du efter ett paket f\u00f6r magnetfiske som inkluderar en gripkrok? Magnetar erbjuder flera kompletta set med fiskemagnet, skyddsh\u00f6lje, gripkrok, handskar, magnetfiskerep och metalllim. Bokstavligen allt du beh\u00f6ver vid vattenkanten f\u00f6r att dra upp de mest fantastiska fynden. Nyfiken? Ta en titt p\u00e5 v\u00e5rt <a href=\"https:\/\/magnetarmagnets.com\/shop\/fishmagnet-package-pro\">Pro-paket<\/a> eller v\u00e5rt <a href=\"https:\/\/magnetarmagnets.com\/shop\/savage-package-3500-lb-1600-kg-allround-360\">Savage-paket<\/a>.\r\n<h2><strong>Varning!<\/strong><\/h2>\r\nGripkrok XXL b\u00f6r anv\u00e4ndas f\u00f6rsiktigt vid magnetfiske. Det rekommenderas att reng\u00f6ra produkten efter varje anv\u00e4ndning f\u00f6r att f\u00f6rl\u00e4nga dess livsl\u00e4ngd. Dessutom b\u00f6r du vara f\u00f6rsiktig med gripkrokens vassa spetsar. F\u00f6rvara produkten p\u00e5 ett s\u00e4kert s\u00e4tt s\u00e5 att de vassa spetsarna inte kan skada n\u00e5gon.","protected":false},"excerpt":{"rendered":"<p>St\u00f6ter du ibland p\u00e5 f\u00f6rem\u00e5l som \u00e4r om\u00f6jliga att dra upp med bara din fiskemagnet? <strong>Gripkrok XXL<\/strong> \u00e4r ett oumb\u00e4rligt tillbeh\u00f6r f\u00f6r <strong>magnetfiske<\/strong>. Det h\u00e4r verktyget g\u00f6r det m\u00f6jligt att <strong>h\u00e4mta icke-magnetiska f\u00f6rem\u00e5l<\/strong> som \u00e4r begravda under vatten. Gripkroken \u00e4r helt tillverkad av <strong>rostfritt st\u00e5l<\/strong> f\u00f6r att s\u00e4kerst\u00e4lla <strong>enkel anv\u00e4ndning<\/strong> i kombination med en Magnetar fiskemagnet.<\/p>\n","protected":false},"featured_media":69643,"comment_status":"open","ping_status":"closed","template":"","meta":{"_acf_changed":false,"inline_featured_image":false},"product_brand":[],"product_cat":[500,422],"product_tag":[],"class_list":{"0":"post-67531","1":"product","2":"type-product","3":"status-publish","4":"has-post-thumbnail","6":"product_cat-otsingumagneti-varustus","7":"product_cat-varustus","9":"first","10":"instock","11":"sale","12":"taxable","13":"shipping-taxable","14":"purchasable","15":"product-type-simple"},"acf":[],"yoast_head":"<!-- This site is optimized with the Yoast SEO plugin v27.3 - https:\/\/yoast.com\/product\/yoast-seo-wordpress\/ -->\n<title>Gripkrok XXL f\u00f6r magnetfiske - Magnet fishing with a Magnetar fishing magnet<\/title>\n<meta name=\"description\" content=\"Gripkrok XXL - Storskaligt magnetfiske med Magnetar\" \/>\n<meta name=\"robots\" content=\"index, follow, max-snippet:-1, max-image-preview:large, max-video-preview:-1\" \/>\n<link rel=\"canonical\" href=\"https:\/\/magnetarmagnets.com\/sv\/shop\/gripkrok-xxl-for-magnetfiske\/\" \/>\n<meta property=\"og:locale\" content=\"sv_SE\" \/>\n<meta property=\"og:type\" content=\"article\" \/>\n<meta property=\"og:title\" content=\"Gripkrok XXL f\u00f6r magnetfiske - Magnet fishing with a Magnetar fishing magnet\" \/>\n<meta property=\"og:description\" content=\"Gripkrok XXL - Storskaligt magnetfiske med Magnetar\" \/>\n<meta property=\"og:url\" content=\"https:\/\/magnetarmagnets.com\/sv\/shop\/gripkrok-xxl-for-magnetfiske\/\" \/>\n<meta property=\"og:site_name\" content=\"Magnet fishing with a Magnetar fishing magnet\" \/>\n<meta property=\"article:publisher\" content=\"https:\/\/www.facebook.com\/fishingmagnets\/\" \/>\n<meta property=\"article:modified_time\" content=\"2026-04-04T05:17:26+00:00\" \/>\n<meta property=\"og:image\" content=\"https:\/\/magnetarmagnets.com\/wp-content\/uploads\/2015\/09\/werphaak-3.jpg\" \/>\n\t<meta property=\"og:image:width\" content=\"800\" \/>\n\t<meta property=\"og:image:height\" content=\"800\" \/>\n\t<meta property=\"og:image:type\" content=\"image\/jpeg\" \/>\n<meta name=\"twitter:card\" content=\"summary_large_image\" \/>\n<meta name=\"twitter:label1\" content=\"Ber\u00e4knad l\u00e4stid\" \/>\n\t<meta name=\"twitter:data1\" content=\"3 minuter\" \/>\n<script type=\"application\/ld+json\" class=\"yoast-schema-graph\">{\"@context\":\"https:\\\/\\\/schema.org\",\"@graph\":[{\"@type\":[\"WebPage\",\"ItemPage\"],\"@id\":\"https:\\\/\\\/magnetarmagnets.com\\\/sv\\\/shop\\\/gripkrok-xxl-for-magnetfiske\\\/\",\"url\":\"https:\\\/\\\/magnetarmagnets.com\\\/sv\\\/shop\\\/gripkrok-xxl-for-magnetfiske\\\/\",\"name\":\"Gripkrok XXL f\u00f6r magnetfiske - Magnet fishing with a Magnetar fishing magnet\",\"isPartOf\":{\"@id\":\"https:\\\/\\\/magnetarmagnets.com\\\/sv\\\/#website\"},\"primaryImageOfPage\":{\"@id\":\"https:\\\/\\\/magnetarmagnets.com\\\/sv\\\/shop\\\/gripkrok-xxl-for-magnetfiske\\\/#primaryimage\"},\"image\":{\"@id\":\"https:\\\/\\\/magnetarmagnets.com\\\/sv\\\/shop\\\/gripkrok-xxl-for-magnetfiske\\\/#primaryimage\"},\"thumbnailUrl\":\"https:\\\/\\\/magnetarmagnets.com\\\/wp-content\\\/uploads\\\/2015\\\/09\\\/werphaak-3.jpg\",\"datePublished\":\"2025-06-05T07:53:05+00:00\",\"dateModified\":\"2026-04-04T05:17:26+00:00\",\"description\":\"Gripkrok XXL - Storskaligt magnetfiske med Magnetar\",\"breadcrumb\":{\"@id\":\"https:\\\/\\\/magnetarmagnets.com\\\/sv\\\/shop\\\/gripkrok-xxl-for-magnetfiske\\\/#breadcrumb\"},\"inLanguage\":\"sv-SE\",\"potentialAction\":[{\"@type\":\"ReadAction\",\"target\":[\"https:\\\/\\\/magnetarmagnets.com\\\/sv\\\/shop\\\/gripkrok-xxl-for-magnetfiske\\\/\"]}]},{\"@type\":\"ImageObject\",\"inLanguage\":\"sv-SE\",\"@id\":\"https:\\\/\\\/magnetarmagnets.com\\\/sv\\\/shop\\\/gripkrok-xxl-for-magnetfiske\\\/#primaryimage\",\"url\":\"https:\\\/\\\/magnetarmagnets.com\\\/wp-content\\\/uploads\\\/2015\\\/09\\\/werphaak-3.jpg\",\"contentUrl\":\"https:\\\/\\\/magnetarmagnets.com\\\/wp-content\\\/uploads\\\/2015\\\/09\\\/werphaak-3.jpg\",\"width\":800,\"height\":800,\"caption\":\"Dreghaak\"},{\"@type\":\"BreadcrumbList\",\"@id\":\"https:\\\/\\\/magnetarmagnets.com\\\/sv\\\/shop\\\/gripkrok-xxl-for-magnetfiske\\\/#breadcrumb\",\"itemListElement\":[{\"@type\":\"ListItem\",\"position\":1,\"name\":\"Home\",\"item\":\"https:\\\/\\\/magnetarmagnets.com\\\/sv\\\/\"},{\"@type\":\"ListItem\",\"position\":2,\"name\":\"Butik\",\"item\":\"https:\\\/\\\/magnetarmagnets.com\\\/sv\\\/butik\\\/\"},{\"@type\":\"ListItem\",\"position\":3,\"name\":\"magnetfiskeutrustning\",\"item\":\"https:\\\/\\\/magnetarmagnets.com\\\/sv\\\/collections\\\/magnetfiskeutrustning-tillbehor-2-2\\\/\"},{\"@type\":\"ListItem\",\"position\":4,\"name\":\"Gripkrok XXL f\u00f6r magnetfiske\"}]},{\"@type\":\"WebSite\",\"@id\":\"https:\\\/\\\/magnetarmagnets.com\\\/sv\\\/#website\",\"url\":\"https:\\\/\\\/magnetarmagnets.com\\\/sv\\\/\",\"name\":\"Magnet fishing with a Magnetar fishing magnet\",\"description\":\"Kraftfulla magneter f\u00f6r magnetfiske\",\"publisher\":{\"@id\":\"https:\\\/\\\/magnetarmagnets.com\\\/sv\\\/#organization\"},\"potentialAction\":[{\"@type\":\"SearchAction\",\"target\":{\"@type\":\"EntryPoint\",\"urlTemplate\":\"https:\\\/\\\/magnetarmagnets.com\\\/sv\\\/?s={search_term_string}\"},\"query-input\":{\"@type\":\"PropertyValueSpecification\",\"valueRequired\":true,\"valueName\":\"search_term_string\"}}],\"inLanguage\":\"sv-SE\"},{\"@type\":\"Organization\",\"@id\":\"https:\\\/\\\/magnetarmagnets.com\\\/sv\\\/#organization\",\"name\":\"Magnetar\",\"url\":\"https:\\\/\\\/magnetarmagnets.com\\\/sv\\\/\",\"logo\":{\"@type\":\"ImageObject\",\"inLanguage\":\"sv-SE\",\"@id\":\"https:\\\/\\\/magnetarmagnets.com\\\/sv\\\/#\\\/schema\\\/logo\\\/image\\\/\",\"url\":\"https:\\\/\\\/magnetarmagnets.com\\\/wp-content\\\/uploads\\\/2025\\\/05\\\/Logo-03_PNG-Black-scaled.png\",\"contentUrl\":\"https:\\\/\\\/magnetarmagnets.com\\\/wp-content\\\/uploads\\\/2025\\\/05\\\/Logo-03_PNG-Black-scaled.png\",\"width\":2560,\"height\":1658,\"caption\":\"Magnetar\"},\"image\":{\"@id\":\"https:\\\/\\\/magnetarmagnets.com\\\/sv\\\/#\\\/schema\\\/logo\\\/image\\\/\"},\"sameAs\":[\"https:\\\/\\\/www.facebook.com\\\/fishingmagnets\\\/\",\"https:\\\/\\\/www.instagram.com\\\/magnetar_magnets\\\/\",\"https:\\\/\\\/www.linkedin.com\\\/company\\\/magnetarbv\\\/?originalSubdomain=nl\",\"https:\\\/\\\/www.youtube.com\\\/c\\\/MagnetarVismagneet\"]}]}<\/script>\n<!-- \/ Yoast SEO plugin. -->","yoast_head_json":{"title":"Gripkrok XXL f\u00f6r magnetfiske - Magnet fishing with a Magnetar fishing magnet","description":"Gripkrok XXL - Storskaligt magnetfiske med Magnetar","robots":{"index":"index","follow":"follow","max-snippet":"max-snippet:-1","max-image-preview":"max-image-preview:large","max-video-preview":"max-video-preview:-1"},"canonical":"https:\/\/magnetarmagnets.com\/sv\/shop\/gripkrok-xxl-for-magnetfiske\/","og_locale":"sv_SE","og_type":"article","og_title":"Gripkrok XXL f\u00f6r magnetfiske - Magnet fishing with a Magnetar fishing magnet","og_description":"Gripkrok XXL - Storskaligt magnetfiske med Magnetar","og_url":"https:\/\/magnetarmagnets.com\/sv\/shop\/gripkrok-xxl-for-magnetfiske\/","og_site_name":"Magnet fishing with a Magnetar fishing magnet","article_publisher":"https:\/\/www.facebook.com\/fishingmagnets\/","article_modified_time":"2026-04-04T05:17:26+00:00","og_image":[{"width":800,"height":800,"url":"https:\/\/magnetarmagnets.com\/wp-content\/uploads\/2015\/09\/werphaak-3.jpg","type":"image\/jpeg"}],"twitter_card":"summary_large_image","twitter_misc":{"Ber\u00e4knad l\u00e4stid":"3 minuter"},"schema":{"@context":"https:\/\/schema.org","@graph":[{"@type":["WebPage","ItemPage"],"@id":"https:\/\/magnetarmagnets.com\/sv\/shop\/gripkrok-xxl-for-magnetfiske\/","url":"https:\/\/magnetarmagnets.com\/sv\/shop\/gripkrok-xxl-for-magnetfiske\/","name":"Gripkrok XXL f\u00f6r magnetfiske - Magnet fishing with a Magnetar fishing magnet","isPartOf":{"@id":"https:\/\/magnetarmagnets.com\/sv\/#website"},"primaryImageOfPage":{"@id":"https:\/\/magnetarmagnets.com\/sv\/shop\/gripkrok-xxl-for-magnetfiske\/#primaryimage"},"image":{"@id":"https:\/\/magnetarmagnets.com\/sv\/shop\/gripkrok-xxl-for-magnetfiske\/#primaryimage"},"thumbnailUrl":"https:\/\/magnetarmagnets.com\/wp-content\/uploads\/2015\/09\/werphaak-3.jpg","datePublished":"2025-06-05T07:53:05+00:00","dateModified":"2026-04-04T05:17:26+00:00","description":"Gripkrok XXL - Storskaligt magnetfiske med Magnetar","breadcrumb":{"@id":"https:\/\/magnetarmagnets.com\/sv\/shop\/gripkrok-xxl-for-magnetfiske\/#breadcrumb"},"inLanguage":"sv-SE","potentialAction":[{"@type":"ReadAction","target":["https:\/\/magnetarmagnets.com\/sv\/shop\/gripkrok-xxl-for-magnetfiske\/"]}]},{"@type":"ImageObject","inLanguage":"sv-SE","@id":"https:\/\/magnetarmagnets.com\/sv\/shop\/gripkrok-xxl-for-magnetfiske\/#primaryimage","url":"https:\/\/magnetarmagnets.com\/wp-content\/uploads\/2015\/09\/werphaak-3.jpg","contentUrl":"https:\/\/magnetarmagnets.com\/wp-content\/uploads\/2015\/09\/werphaak-3.jpg","width":800,"height":800,"caption":"Dreghaak"},{"@type":"BreadcrumbList","@id":"https:\/\/magnetarmagnets.com\/sv\/shop\/gripkrok-xxl-for-magnetfiske\/#breadcrumb","itemListElement":[{"@type":"ListItem","position":1,"name":"Home","item":"https:\/\/magnetarmagnets.com\/sv\/"},{"@type":"ListItem","position":2,"name":"Butik","item":"https:\/\/magnetarmagnets.com\/sv\/butik\/"},{"@type":"ListItem","position":3,"name":"magnetfiskeutrustning","item":"https:\/\/magnetarmagnets.com\/sv\/collections\/magnetfiskeutrustning-tillbehor-2-2\/"},{"@type":"ListItem","position":4,"name":"Gripkrok XXL f\u00f6r magnetfiske"}]},{"@type":"WebSite","@id":"https:\/\/magnetarmagnets.com\/sv\/#website","url":"https:\/\/magnetarmagnets.com\/sv\/","name":"Magnet fishing with a Magnetar fishing magnet","description":"Kraftfulla magneter f\u00f6r magnetfiske","publisher":{"@id":"https:\/\/magnetarmagnets.com\/sv\/#organization"},"potentialAction":[{"@type":"SearchAction","target":{"@type":"EntryPoint","urlTemplate":"https:\/\/magnetarmagnets.com\/sv\/?s={search_term_string}"},"query-input":{"@type":"PropertyValueSpecification","valueRequired":true,"valueName":"search_term_string"}}],"inLanguage":"sv-SE"},{"@type":"Organization","@id":"https:\/\/magnetarmagnets.com\/sv\/#organization","name":"Magnetar","url":"https:\/\/magnetarmagnets.com\/sv\/","logo":{"@type":"ImageObject","inLanguage":"sv-SE","@id":"https:\/\/magnetarmagnets.com\/sv\/#\/schema\/logo\/image\/","url":"https:\/\/magnetarmagnets.com\/wp-content\/uploads\/2025\/05\/Logo-03_PNG-Black-scaled.png","contentUrl":"https:\/\/magnetarmagnets.com\/wp-content\/uploads\/2025\/05\/Logo-03_PNG-Black-scaled.png","width":2560,"height":1658,"caption":"Magnetar"},"image":{"@id":"https:\/\/magnetarmagnets.com\/sv\/#\/schema\/logo\/image\/"},"sameAs":["https:\/\/www.facebook.com\/fishingmagnets\/","https:\/\/www.instagram.com\/magnetar_magnets\/","https:\/\/www.linkedin.com\/company\/magnetarbv\/?originalSubdomain=nl","https:\/\/www.youtube.com\/c\/MagnetarVismagneet"]}]}},"_links":{"self":[{"href":"https:\/\/magnetarmagnets.com\/sv\/wp-json\/wp\/v2\/product\/67531","targetHints":{"allow":["GET"]}}],"collection":[{"href":"https:\/\/magnetarmagnets.com\/sv\/wp-json\/wp\/v2\/product"}],"about":[{"href":"https:\/\/magnetarmagnets.com\/sv\/wp-json\/wp\/v2\/types\/product"}],"replies":[{"embeddable":true,"href":"https:\/\/magnetarmagnets.com\/sv\/wp-json\/wp\/v2\/comments?post=67531"}],"version-history":[{"count":0,"href":"https:\/\/magnetarmagnets.com\/sv\/wp-json\/wp\/v2\/product\/67531\/revisions"}],"wp:featuredmedia":[{"embeddable":true,"href":"https:\/\/magnetarmagnets.com\/sv\/wp-json\/wp\/v2\/media\/69643"}],"wp:attachment":[{"href":"https:\/\/magnetarmagnets.com\/sv\/wp-json\/wp\/v2\/media?parent=67531"}],"wp:term":[{"taxonomy":"product_brand","embeddable":true,"href":"https:\/\/magnetarmagnets.com\/sv\/wp-json\/wp\/v2\/product_brand?post=67531"},{"taxonomy":"product_cat","embeddable":true,"href":"https:\/\/magnetarmagnets.com\/sv\/wp-json\/wp\/v2\/product_cat?post=67531"},{"taxonomy":"product_tag","embeddable":true,"href":"https:\/\/magnetarmagnets.com\/sv\/wp-json\/wp\/v2\/product_tag?post=67531"}],"curies":[{"name":"wp","href":"https:\/\/api.w.org\/{rel}","templated":true}]}}