{"id":67530,"date":"2025-06-05T09:53:05","date_gmt":"2025-06-05T07:53:05","guid":{"rendered":"https:\/\/magnetarmagnets.com\/?post_type=product&#038;p=67530"},"modified":"2026-04-04T07:21:23","modified_gmt":"2026-04-04T05:21:23","slug":"magnetborste-2-0-for-intensiv-anvandning-med-stark-magnet","status":"publish","type":"product","link":"https:\/\/magnetarmagnets.com\/sv\/shop\/magnetborste-2-0-for-intensiv-anvandning-med-stark-magnet\/","title":{"rendered":"Magnetborste 2.0 &#8211; F\u00f6r intensiv anv\u00e4ndning med stark magnet"},"content":{"rendered":"Sl\u00f6sar du f\u00f6r mycket tid p\u00e5 st\u00e4dning? Investera i Magnetborste 2.0 fr\u00e5n Magnetar! Detta verktyg hj\u00e4lper dig att effektivt rensa bort metallf\u00f6rem\u00e5l fr\u00e5n golvet. St\u00f6r din st\u00f6kiga verkstad dig? \u00c4r det f\u00f6r mycket skr\u00e4p i ditt f\u00f6rr\u00e5d? Den uppdaterade magnetborsten \u00e4r precis vad du letar efter!\n\nOtroliga m\u00e4ngder proffs f\u00f6rlitar sig dagligen p\u00e5 Magnetborste 2.0. Maskinoperat\u00f6rer anv\u00e4nder denna sopborste f\u00f6r att samla upp sp\u00e5n och metallavfall, och snickare plockar upp spikar, skruvar och h\u00e4ftklamrar fr\u00e5n verkstadsgolvet. Denna produkt anv\u00e4nds \u00e4ven f\u00f6r att rensa parkeringsplatser och evenemangsomr\u00e5den.\n\n<h2>F\u00f6rdelar med Magnetborste 2.0<\/h2>\n\nDet \u00e4r enkelheten hos Magnetborste 2.0 som g\u00f6r den unik. Metallf\u00f6rem\u00e5l kan enkelt samlas upp med en <strong>stark magnet<\/strong> fr\u00e5n Magnetar. Har din magnetborste blivit full? Att st\u00e4nga av magnetismen \u00e4r nu enkelt tack vare en mekanism i handtaget. Det sparar tid och skonar din rygg.\n\nDessutom \u00e4r Magnetborste 2.0 ett mycket r\u00f6rligt verktyg. Hjulen p\u00e5 b\u00e5da sidor om magnetst\u00e5ngen l\u00e5ter dig t\u00e4cka golvet s\u00e5 effektivt som m\u00f6jligt. Den <strong>starka magneten<\/strong> fungerar lika bra p\u00e5 oj\u00e4mna ytor som p\u00e5 betonggolv.\n\n<h2>Uppdaterad modell<\/h2>\n\nMagnetborste 2.0 har en uppdaterad design. Magnetar har utvecklat en \u00e4nnu starkare magnet f\u00f6r att \u00f6ka sopborstens effektivitet. Det magnetiska draget \u00e4r tillr\u00e4ckligt kraftfullt f\u00f6r att dra till sig metallf\u00f6rem\u00e5l p\u00e5 n\u00e5gra centimeters avst\u00e5nd, vilket g\u00f6r borsten utm\u00e4rkt f\u00f6r tyngre objekt.\n\nDessutom \u00e4r av- och p\u00e5-knappen nu praktiskt placerad p\u00e5 handtaget. Det eliminerar behovet av att b\u00f6ja sig ner f\u00f6r att sl\u00e4ppa det uppsamlade metallavfallet.\n\n<h2>Magnetars kvalitetsstandard<\/h2>\n\nMagnetar str\u00e4var efter att leverera utm\u00e4rkt kvalitet. Det syns i den bepr\u00f6vade h\u00e5llbarheten hos v\u00e5ra <a href=\"https:\/\/magnetarmagnets.com\/collections\/fishing-magnets\/\">fiskemagnetprodukter<\/a>. Vi s\u00e4ljer de mest kraftfulla och slitstarka produkterna f\u00f6r denna utomhusaktivitet.\n\nMen v\u00e5r kvalitetsgaranti \u00e4r inte begr\u00e4nsad till magnetfiske. Alla verktyg och apparater vi s\u00e4ljer \u00e4r unikt designade f\u00f6r att erbjuda de b\u00e4sta l\u00f6sningarna f\u00f6r v\u00e5ra kunder. Varje k\u00f6p fr\u00e5n Magnetar \u00e4r en garanti f\u00f6r h\u00f6g kvalitet.","protected":false},"excerpt":{"rendered":"<p>Magnetborste 2.0 \u00e4r det perfekta verktyget f\u00f6r att <strong>rensa verkst\u00e4der, idrottsplaner, f\u00f6rr\u00e5dsutrymmen eller parkeringsplatser<\/strong> fr\u00e5n o\u00f6nskat magnetiskt material.&nbsp;<\/p>\n","protected":false},"featured_media":74331,"comment_status":"open","ping_status":"closed","template":"","meta":{"_acf_changed":false,"inline_featured_image":false},"product_brand":[],"product_cat":[418,420,422],"product_tag":[],"class_list":{"0":"post-67530","1":"product","2":"type-product","3":"status-publish","4":"has-post-thumbnail","6":"product_cat-magnetilised-tarvikud","7":"product_cat-muu","8":"product_cat-varustus","10":"first","11":"instock","12":"sale","13":"taxable","14":"shipping-taxable","15":"purchasable","16":"product-type-simple"},"acf":[],"yoast_head":"<!-- This site is optimized with the Yoast SEO plugin v27.3 - https:\/\/yoast.com\/product\/yoast-seo-wordpress\/ -->\n<title>Magnetborste 2.0 - F\u00f6r intensiv anv\u00e4ndning med stark magnet - Magnet fishing with a Magnetar fishing magnet<\/title>\n<meta name=\"description\" content=\"Magnetborste 2.0 \u00e4r det perfekta verktyget f\u00f6r att rensa verkst\u00e4der, idrottsplaner, f\u00f6rr\u00e5dsutrymmen eller parkeringsplatser fr\u00e5n o\u00f6nskat magnetiskt material.\" \/>\n<meta name=\"robots\" content=\"index, follow, max-snippet:-1, max-image-preview:large, max-video-preview:-1\" \/>\n<link rel=\"canonical\" href=\"https:\/\/magnetarmagnets.com\/sv\/shop\/magnetborste-2-0-for-intensiv-anvandning-med-stark-magnet\/\" \/>\n<meta property=\"og:locale\" content=\"sv_SE\" \/>\n<meta property=\"og:type\" content=\"article\" \/>\n<meta property=\"og:title\" content=\"Magnetborste 2.0 - F\u00f6r intensiv anv\u00e4ndning med stark magnet - Magnet fishing with a Magnetar fishing magnet\" \/>\n<meta property=\"og:description\" content=\"Magnetborste 2.0 \u00e4r det perfekta verktyget f\u00f6r att rensa verkst\u00e4der, idrottsplaner, f\u00f6rr\u00e5dsutrymmen eller parkeringsplatser fr\u00e5n o\u00f6nskat magnetiskt material.\" \/>\n<meta property=\"og:url\" content=\"https:\/\/magnetarmagnets.com\/sv\/shop\/magnetborste-2-0-for-intensiv-anvandning-med-stark-magnet\/\" \/>\n<meta property=\"og:site_name\" content=\"Magnet fishing with a Magnetar fishing magnet\" \/>\n<meta property=\"article:publisher\" content=\"https:\/\/www.facebook.com\/fishingmagnets\/\" \/>\n<meta property=\"article:modified_time\" content=\"2026-04-04T05:21:23+00:00\" \/>\n<meta property=\"og:image\" content=\"https:\/\/magnetarmagnets.com\/wp-content\/uploads\/2023\/08\/B0CMDF9D4B.MAIN_.jpg\" \/>\n\t<meta property=\"og:image:width\" content=\"1500\" \/>\n\t<meta property=\"og:image:height\" content=\"1500\" \/>\n\t<meta property=\"og:image:type\" content=\"image\/jpeg\" \/>\n<meta name=\"twitter:card\" content=\"summary_large_image\" \/>\n<meta name=\"twitter:label1\" content=\"Ber\u00e4knad l\u00e4stid\" \/>\n\t<meta name=\"twitter:data1\" content=\"2 minuter\" \/>\n<script type=\"application\/ld+json\" class=\"yoast-schema-graph\">{\"@context\":\"https:\\\/\\\/schema.org\",\"@graph\":[{\"@type\":[\"WebPage\",\"ItemPage\"],\"@id\":\"https:\\\/\\\/magnetarmagnets.com\\\/sv\\\/shop\\\/magnetborste-2-0-for-intensiv-anvandning-med-stark-magnet\\\/\",\"url\":\"https:\\\/\\\/magnetarmagnets.com\\\/sv\\\/shop\\\/magnetborste-2-0-for-intensiv-anvandning-med-stark-magnet\\\/\",\"name\":\"Magnetborste 2.0 - F\u00f6r intensiv anv\u00e4ndning med stark magnet - Magnet fishing with a Magnetar fishing magnet\",\"isPartOf\":{\"@id\":\"https:\\\/\\\/magnetarmagnets.com\\\/sv\\\/#website\"},\"primaryImageOfPage\":{\"@id\":\"https:\\\/\\\/magnetarmagnets.com\\\/sv\\\/shop\\\/magnetborste-2-0-for-intensiv-anvandning-med-stark-magnet\\\/#primaryimage\"},\"image\":{\"@id\":\"https:\\\/\\\/magnetarmagnets.com\\\/sv\\\/shop\\\/magnetborste-2-0-for-intensiv-anvandning-med-stark-magnet\\\/#primaryimage\"},\"thumbnailUrl\":\"https:\\\/\\\/magnetarmagnets.com\\\/wp-content\\\/uploads\\\/2023\\\/08\\\/B0CMDF9D4B.MAIN_.jpg\",\"datePublished\":\"2025-06-05T07:53:05+00:00\",\"dateModified\":\"2026-04-04T05:21:23+00:00\",\"description\":\"Magnetborste 2.0 \u00e4r det perfekta verktyget f\u00f6r att rensa verkst\u00e4der, idrottsplaner, f\u00f6rr\u00e5dsutrymmen eller parkeringsplatser fr\u00e5n o\u00f6nskat magnetiskt material.\",\"breadcrumb\":{\"@id\":\"https:\\\/\\\/magnetarmagnets.com\\\/sv\\\/shop\\\/magnetborste-2-0-for-intensiv-anvandning-med-stark-magnet\\\/#breadcrumb\"},\"inLanguage\":\"sv-SE\",\"potentialAction\":[{\"@type\":\"ReadAction\",\"target\":[\"https:\\\/\\\/magnetarmagnets.com\\\/sv\\\/shop\\\/magnetborste-2-0-for-intensiv-anvandning-med-stark-magnet\\\/\"]}]},{\"@type\":\"ImageObject\",\"inLanguage\":\"sv-SE\",\"@id\":\"https:\\\/\\\/magnetarmagnets.com\\\/sv\\\/shop\\\/magnetborste-2-0-for-intensiv-anvandning-med-stark-magnet\\\/#primaryimage\",\"url\":\"https:\\\/\\\/magnetarmagnets.com\\\/wp-content\\\/uploads\\\/2023\\\/08\\\/B0CMDF9D4B.MAIN_.jpg\",\"contentUrl\":\"https:\\\/\\\/magnetarmagnets.com\\\/wp-content\\\/uploads\\\/2023\\\/08\\\/B0CMDF9D4B.MAIN_.jpg\",\"width\":1500,\"height\":1500,\"caption\":\"Magnet Broom 2.0\"},{\"@type\":\"BreadcrumbList\",\"@id\":\"https:\\\/\\\/magnetarmagnets.com\\\/sv\\\/shop\\\/magnetborste-2-0-for-intensiv-anvandning-med-stark-magnet\\\/#breadcrumb\",\"itemListElement\":[{\"@type\":\"ListItem\",\"position\":1,\"name\":\"Home\",\"item\":\"https:\\\/\\\/magnetarmagnets.com\\\/sv\\\/\"},{\"@type\":\"ListItem\",\"position\":2,\"name\":\"Butik\",\"item\":\"https:\\\/\\\/magnetarmagnets.com\\\/sv\\\/butik\\\/\"},{\"@type\":\"ListItem\",\"position\":3,\"name\":\"Utrustning\",\"item\":\"https:\\\/\\\/magnetarmagnets.com\\\/sv\\\/collections\\\/utrustning\\\/\"},{\"@type\":\"ListItem\",\"position\":4,\"name\":\"Magnetiska tillbeh\u00f6r\",\"item\":\"https:\\\/\\\/magnetarmagnets.com\\\/sv\\\/collections\\\/utrustning\\\/magnetiska-tillbehor\\\/\"},{\"@type\":\"ListItem\",\"position\":5,\"name\":\"Magnetborste 2.0 &#8211; F\u00f6r intensiv anv\u00e4ndning med stark magnet\"}]},{\"@type\":\"WebSite\",\"@id\":\"https:\\\/\\\/magnetarmagnets.com\\\/sv\\\/#website\",\"url\":\"https:\\\/\\\/magnetarmagnets.com\\\/sv\\\/\",\"name\":\"Magnet fishing with a Magnetar fishing magnet\",\"description\":\"Kraftfulla magneter f\u00f6r magnetfiske\",\"publisher\":{\"@id\":\"https:\\\/\\\/magnetarmagnets.com\\\/sv\\\/#organization\"},\"potentialAction\":[{\"@type\":\"SearchAction\",\"target\":{\"@type\":\"EntryPoint\",\"urlTemplate\":\"https:\\\/\\\/magnetarmagnets.com\\\/sv\\\/?s={search_term_string}\"},\"query-input\":{\"@type\":\"PropertyValueSpecification\",\"valueRequired\":true,\"valueName\":\"search_term_string\"}}],\"inLanguage\":\"sv-SE\"},{\"@type\":\"Organization\",\"@id\":\"https:\\\/\\\/magnetarmagnets.com\\\/sv\\\/#organization\",\"name\":\"Magnetar\",\"url\":\"https:\\\/\\\/magnetarmagnets.com\\\/sv\\\/\",\"logo\":{\"@type\":\"ImageObject\",\"inLanguage\":\"sv-SE\",\"@id\":\"https:\\\/\\\/magnetarmagnets.com\\\/sv\\\/#\\\/schema\\\/logo\\\/image\\\/\",\"url\":\"https:\\\/\\\/magnetarmagnets.com\\\/wp-content\\\/uploads\\\/2025\\\/05\\\/Logo-03_PNG-Black-scaled.png\",\"contentUrl\":\"https:\\\/\\\/magnetarmagnets.com\\\/wp-content\\\/uploads\\\/2025\\\/05\\\/Logo-03_PNG-Black-scaled.png\",\"width\":2560,\"height\":1658,\"caption\":\"Magnetar\"},\"image\":{\"@id\":\"https:\\\/\\\/magnetarmagnets.com\\\/sv\\\/#\\\/schema\\\/logo\\\/image\\\/\"},\"sameAs\":[\"https:\\\/\\\/www.facebook.com\\\/fishingmagnets\\\/\",\"https:\\\/\\\/www.instagram.com\\\/magnetar_magnets\\\/\",\"https:\\\/\\\/www.linkedin.com\\\/company\\\/magnetarbv\\\/?originalSubdomain=nl\",\"https:\\\/\\\/www.youtube.com\\\/c\\\/MagnetarVismagneet\"]}]}<\/script>\n<!-- \/ Yoast SEO plugin. -->","yoast_head_json":{"title":"Magnetborste 2.0 - F\u00f6r intensiv anv\u00e4ndning med stark magnet - Magnet fishing with a Magnetar fishing magnet","description":"Magnetborste 2.0 \u00e4r det perfekta verktyget f\u00f6r att rensa verkst\u00e4der, idrottsplaner, f\u00f6rr\u00e5dsutrymmen eller parkeringsplatser fr\u00e5n o\u00f6nskat magnetiskt material.","robots":{"index":"index","follow":"follow","max-snippet":"max-snippet:-1","max-image-preview":"max-image-preview:large","max-video-preview":"max-video-preview:-1"},"canonical":"https:\/\/magnetarmagnets.com\/sv\/shop\/magnetborste-2-0-for-intensiv-anvandning-med-stark-magnet\/","og_locale":"sv_SE","og_type":"article","og_title":"Magnetborste 2.0 - F\u00f6r intensiv anv\u00e4ndning med stark magnet - Magnet fishing with a Magnetar fishing magnet","og_description":"Magnetborste 2.0 \u00e4r det perfekta verktyget f\u00f6r att rensa verkst\u00e4der, idrottsplaner, f\u00f6rr\u00e5dsutrymmen eller parkeringsplatser fr\u00e5n o\u00f6nskat magnetiskt material.","og_url":"https:\/\/magnetarmagnets.com\/sv\/shop\/magnetborste-2-0-for-intensiv-anvandning-med-stark-magnet\/","og_site_name":"Magnet fishing with a Magnetar fishing magnet","article_publisher":"https:\/\/www.facebook.com\/fishingmagnets\/","article_modified_time":"2026-04-04T05:21:23+00:00","og_image":[{"width":1500,"height":1500,"url":"https:\/\/magnetarmagnets.com\/wp-content\/uploads\/2023\/08\/B0CMDF9D4B.MAIN_.jpg","type":"image\/jpeg"}],"twitter_card":"summary_large_image","twitter_misc":{"Ber\u00e4knad l\u00e4stid":"2 minuter"},"schema":{"@context":"https:\/\/schema.org","@graph":[{"@type":["WebPage","ItemPage"],"@id":"https:\/\/magnetarmagnets.com\/sv\/shop\/magnetborste-2-0-for-intensiv-anvandning-med-stark-magnet\/","url":"https:\/\/magnetarmagnets.com\/sv\/shop\/magnetborste-2-0-for-intensiv-anvandning-med-stark-magnet\/","name":"Magnetborste 2.0 - F\u00f6r intensiv anv\u00e4ndning med stark magnet - Magnet fishing with a Magnetar fishing magnet","isPartOf":{"@id":"https:\/\/magnetarmagnets.com\/sv\/#website"},"primaryImageOfPage":{"@id":"https:\/\/magnetarmagnets.com\/sv\/shop\/magnetborste-2-0-for-intensiv-anvandning-med-stark-magnet\/#primaryimage"},"image":{"@id":"https:\/\/magnetarmagnets.com\/sv\/shop\/magnetborste-2-0-for-intensiv-anvandning-med-stark-magnet\/#primaryimage"},"thumbnailUrl":"https:\/\/magnetarmagnets.com\/wp-content\/uploads\/2023\/08\/B0CMDF9D4B.MAIN_.jpg","datePublished":"2025-06-05T07:53:05+00:00","dateModified":"2026-04-04T05:21:23+00:00","description":"Magnetborste 2.0 \u00e4r det perfekta verktyget f\u00f6r att rensa verkst\u00e4der, idrottsplaner, f\u00f6rr\u00e5dsutrymmen eller parkeringsplatser fr\u00e5n o\u00f6nskat magnetiskt material.","breadcrumb":{"@id":"https:\/\/magnetarmagnets.com\/sv\/shop\/magnetborste-2-0-for-intensiv-anvandning-med-stark-magnet\/#breadcrumb"},"inLanguage":"sv-SE","potentialAction":[{"@type":"ReadAction","target":["https:\/\/magnetarmagnets.com\/sv\/shop\/magnetborste-2-0-for-intensiv-anvandning-med-stark-magnet\/"]}]},{"@type":"ImageObject","inLanguage":"sv-SE","@id":"https:\/\/magnetarmagnets.com\/sv\/shop\/magnetborste-2-0-for-intensiv-anvandning-med-stark-magnet\/#primaryimage","url":"https:\/\/magnetarmagnets.com\/wp-content\/uploads\/2023\/08\/B0CMDF9D4B.MAIN_.jpg","contentUrl":"https:\/\/magnetarmagnets.com\/wp-content\/uploads\/2023\/08\/B0CMDF9D4B.MAIN_.jpg","width":1500,"height":1500,"caption":"Magnet Broom 2.0"},{"@type":"BreadcrumbList","@id":"https:\/\/magnetarmagnets.com\/sv\/shop\/magnetborste-2-0-for-intensiv-anvandning-med-stark-magnet\/#breadcrumb","itemListElement":[{"@type":"ListItem","position":1,"name":"Home","item":"https:\/\/magnetarmagnets.com\/sv\/"},{"@type":"ListItem","position":2,"name":"Butik","item":"https:\/\/magnetarmagnets.com\/sv\/butik\/"},{"@type":"ListItem","position":3,"name":"Utrustning","item":"https:\/\/magnetarmagnets.com\/sv\/collections\/utrustning\/"},{"@type":"ListItem","position":4,"name":"Magnetiska tillbeh\u00f6r","item":"https:\/\/magnetarmagnets.com\/sv\/collections\/utrustning\/magnetiska-tillbehor\/"},{"@type":"ListItem","position":5,"name":"Magnetborste 2.0 &#8211; F\u00f6r intensiv anv\u00e4ndning med stark magnet"}]},{"@type":"WebSite","@id":"https:\/\/magnetarmagnets.com\/sv\/#website","url":"https:\/\/magnetarmagnets.com\/sv\/","name":"Magnet fishing with a Magnetar fishing magnet","description":"Kraftfulla magneter f\u00f6r magnetfiske","publisher":{"@id":"https:\/\/magnetarmagnets.com\/sv\/#organization"},"potentialAction":[{"@type":"SearchAction","target":{"@type":"EntryPoint","urlTemplate":"https:\/\/magnetarmagnets.com\/sv\/?s={search_term_string}"},"query-input":{"@type":"PropertyValueSpecification","valueRequired":true,"valueName":"search_term_string"}}],"inLanguage":"sv-SE"},{"@type":"Organization","@id":"https:\/\/magnetarmagnets.com\/sv\/#organization","name":"Magnetar","url":"https:\/\/magnetarmagnets.com\/sv\/","logo":{"@type":"ImageObject","inLanguage":"sv-SE","@id":"https:\/\/magnetarmagnets.com\/sv\/#\/schema\/logo\/image\/","url":"https:\/\/magnetarmagnets.com\/wp-content\/uploads\/2025\/05\/Logo-03_PNG-Black-scaled.png","contentUrl":"https:\/\/magnetarmagnets.com\/wp-content\/uploads\/2025\/05\/Logo-03_PNG-Black-scaled.png","width":2560,"height":1658,"caption":"Magnetar"},"image":{"@id":"https:\/\/magnetarmagnets.com\/sv\/#\/schema\/logo\/image\/"},"sameAs":["https:\/\/www.facebook.com\/fishingmagnets\/","https:\/\/www.instagram.com\/magnetar_magnets\/","https:\/\/www.linkedin.com\/company\/magnetarbv\/?originalSubdomain=nl","https:\/\/www.youtube.com\/c\/MagnetarVismagneet"]}]}},"_links":{"self":[{"href":"https:\/\/magnetarmagnets.com\/sv\/wp-json\/wp\/v2\/product\/67530","targetHints":{"allow":["GET"]}}],"collection":[{"href":"https:\/\/magnetarmagnets.com\/sv\/wp-json\/wp\/v2\/product"}],"about":[{"href":"https:\/\/magnetarmagnets.com\/sv\/wp-json\/wp\/v2\/types\/product"}],"replies":[{"embeddable":true,"href":"https:\/\/magnetarmagnets.com\/sv\/wp-json\/wp\/v2\/comments?post=67530"}],"version-history":[{"count":1,"href":"https:\/\/magnetarmagnets.com\/sv\/wp-json\/wp\/v2\/product\/67530\/revisions"}],"predecessor-version":[{"id":95321,"href":"https:\/\/magnetarmagnets.com\/sv\/wp-json\/wp\/v2\/product\/67530\/revisions\/95321"}],"wp:featuredmedia":[{"embeddable":true,"href":"https:\/\/magnetarmagnets.com\/sv\/wp-json\/wp\/v2\/media\/74331"}],"wp:attachment":[{"href":"https:\/\/magnetarmagnets.com\/sv\/wp-json\/wp\/v2\/media?parent=67530"}],"wp:term":[{"taxonomy":"product_brand","embeddable":true,"href":"https:\/\/magnetarmagnets.com\/sv\/wp-json\/wp\/v2\/product_brand?post=67530"},{"taxonomy":"product_cat","embeddable":true,"href":"https:\/\/magnetarmagnets.com\/sv\/wp-json\/wp\/v2\/product_cat?post=67530"},{"taxonomy":"product_tag","embeddable":true,"href":"https:\/\/magnetarmagnets.com\/sv\/wp-json\/wp\/v2\/product_tag?post=67530"}],"curies":[{"name":"wp","href":"https:\/\/api.w.org\/{rel}","templated":true}]}}