{"id":67527,"date":"2025-06-05T09:53:05","date_gmt":"2025-06-05T07:53:05","guid":{"rendered":"https:\/\/magnetarmagnets.com\/?post_type=product&#038;p=67527"},"modified":"2026-04-03T20:45:22","modified_gmt":"2026-04-03T18:45:22","slug":"double-impact","status":"publish","type":"product","link":"https:\/\/magnetarmagnets.com\/sv\/shop\/double-impact\/","title":{"rendered":"Double Impact"},"content":{"rendered":"Att anv\u00e4nda inte bara en utan tv\u00e5 magneter vid magnetfiske? Det kan l\u00e5ta lite konstigt, men du kommer t\u00e4nka om efter att ha anv\u00e4nt Double Impact! Denna produkt l\u00e5ter dig anv\u00e4nda tv\u00e5 fiskemagneter fr\u00e5n Magnetar f\u00f6r att s\u00f6ka efter vackra skatter under vattenytan.\r\n\r\nVill du f\u00e5 allt p\u00e5 en g\u00e5ng? Ta en titt p\u00e5 v\u00e5ra <a href=\"https:\/\/magnetarmagnets.com\/shop\/double-impact-package\">Double Impact-paket<\/a>. Dessa levereras med fiskemagneter, skyddsh\u00f6ljen, rep och andra tillbeh\u00f6r.\r\n<h2>\u00d6kat f\u00e5ngstpotential med Double Impact<\/h2>\r\nOm du anv\u00e4nder en fiskemagnet fr\u00e5n Magnetar vet du att du utan problem kan ta upp de flesta f\u00f6rem\u00e5l fr\u00e5n vattnet. Men vi letar alltid efter s\u00e4tt att \u00f6ka f\u00e5ngstpotentialen f\u00f6r magnetfiskare. H\u00e4r kommer Double Impact in i bilden.\r\n\r\nDouble Impact \u00e4r ett nytt verktyg f\u00f6r magnetfiske. Det \u00e4r en ring som sammanfogar tv\u00e5 metalst\u00e4nger. Fiskemagneter fr\u00e5n Magnetar kan f\u00e4stas p\u00e5 dessa st\u00e4nger. Du kan anv\u00e4nda en ny magnet eller en du redan \u00e4ger.\r\n\r\nMed Double Impact har du dubbelt s\u00e5 stor chans att f\u00e5 n\u00e5got p\u00e5 kroken. Magnetf\u00e4lten fr\u00e5n fiskemagneterna repellerar varandra och \u00f6kar det totala magnetf\u00e4ltet avsev\u00e4rt, vilket ger en positiv effekt p\u00e5 din f\u00e5ngstpotential. F\u00f6rutom det st\u00f6rre magnetf\u00e4ltet f\u00e5r du med denna produkt tv\u00e5 magneter som samarbetar f\u00f6r att ta upp \u00e4nnu st\u00f6rre f\u00f6rem\u00e5l fr\u00e5n vattnet, f\u00f6rutsatt att du f\u00e4ster tv\u00e5 fiskemagneter.\r\n<h2>Hur anv\u00e4nder jag Double Impact?<\/h2>\r\nMagnetfiske kan utf\u00f6ras p\u00e5 olika s\u00e4tt, och Double Impact kan anv\u00e4ndas p\u00e5 flera olika s\u00e4tt ocks\u00e5. Detta verktyg \u00e4r dock mest effektivt n\u00e4r det anv\u00e4nds genom att dras efter dig. P\u00e5 s\u00e5 s\u00e4tt kan du l\u00e4tt t\u00e4cka ett st\u00f6rre omr\u00e5de i vattnet.\r\n<h2>Vad kan jag f\u00e4sta p\u00e5 Double Impact?<\/h2>\r\nDouble Impact kan anv\u00e4ndas i kombination med olika produkter fr\u00e5n Magnetar. I princip kan alla allround 360\u00b0-magneter anv\u00e4ndas. Vi rekommenderar dock endast att anv\u00e4nda <a href=\"https:\/\/magnetarmagnets.com\/shop\/easy-magnet\/?v=796834e7a283\">Easy<\/a> eller <a href=\"https:\/\/magnetarmagnets.com\/shop\/hardcore-magnet-2\/?v=796834e7a283\">Hardcore<\/a>-magneterna. Classic 110, 200 och 300 kan ocks\u00e5 anv\u00e4ndas i kombination med denna produkt.\r\n\r\nDu kan ocks\u00e5 enkelt f\u00e4sta en specialanpassad gripkrok p\u00e5 Double Impact. Det g\u00f6r att du till exempel kan anv\u00e4nda b\u00e5de en fiskemagnet och en gripkrok. Det \u00e4r viktigt att komma ih\u00e5g att denna produkt inte levereras med fiskemagneter eller andra tillbeh\u00f6r.\r\n<h2>S\u00e4kerhetsvarning<\/h2>\r\nHos Magnetar \u00e4r s\u00e4kerhet v\u00e5r h\u00f6gsta prioritet. D\u00e4rf\u00f6r vill vi varna innan du anv\u00e4nder Double Impact. Att sammanf\u00f6ra kraftfulla magneter kan leda till farliga situationer. Var medveten om riskerna vid montering av produkten. Magnetar kan inte h\u00e5llas ansvarigt f\u00f6r skador orsakade av oaktsam anv\u00e4ndning.\r\n\r\nDet \u00e4r teoretiskt m\u00f6jligt att anv\u00e4nda Double Impact i kombination med <a href=\"https:\/\/magnetarmagnets.com\/shop\/exclusive-terror-magnet\">Terror<\/a>, <a href=\"https:\/\/magnetarmagnets.com\/shop\/beast-magnet\">Beast<\/a> och <a href=\"https:\/\/magnetarmagnets.com\/shop\/barbarian-magnet\">Barbarian<\/a>. I s\u00e5 fall kan dock Magnetar inte h\u00e5llas ansvarigt f\u00f6r eventuella olyckor.","protected":false},"excerpt":{"rendered":"<p><strong>F\u00f6rdubbla dina chanser<\/strong> att f\u00e5nga f\u00f6rem\u00e5l vid magnetfiske med Double Impact fr\u00e5n Magnetar! Med detta tillbeh\u00f6r kan du <strong>kombinera tv\u00e5 magneter f\u00f6r magnetfiske<\/strong> <strong>eller en magnet med en gripkrok<\/strong>. Magneter ing\u00e5r ej.<\/p>\n","protected":false},"featured_media":73368,"comment_status":"open","ping_status":"closed","template":"","meta":{"_acf_changed":false,"inline_featured_image":false},"product_brand":[],"product_cat":[500,416,422],"product_tag":[],"class_list":{"0":"post-67527","1":"product","2":"type-product","3":"status-publish","4":"has-post-thumbnail","6":"product_cat-otsingumagneti-varustus","7":"product_cat-professionaalidele","8":"product_cat-varustus","10":"first","11":"instock","12":"sale","13":"taxable","14":"shipping-taxable","15":"purchasable","16":"product-type-simple"},"acf":[],"yoast_head":"<!-- This site is optimized with the Yoast SEO plugin v27.3 - https:\/\/yoast.com\/product\/yoast-seo-wordpress\/ -->\n<title>Double Impact - Magnet fishing with a Magnetar fishing magnet<\/title>\n<meta name=\"description\" content=\"Double Impact - oumb\u00e4rlig Magnetar-utrustning f\u00f6r magnetfiske\" \/>\n<meta name=\"robots\" content=\"index, follow, max-snippet:-1, max-image-preview:large, max-video-preview:-1\" \/>\n<link rel=\"canonical\" href=\"https:\/\/magnetarmagnets.com\/sv\/shop\/double-impact\/\" \/>\n<meta property=\"og:locale\" content=\"sv_SE\" \/>\n<meta property=\"og:type\" content=\"article\" \/>\n<meta property=\"og:title\" content=\"Double Impact - Magnet fishing with a Magnetar fishing magnet\" \/>\n<meta property=\"og:description\" content=\"Double Impact - oumb\u00e4rlig Magnetar-utrustning f\u00f6r magnetfiske\" \/>\n<meta property=\"og:url\" content=\"https:\/\/magnetarmagnets.com\/sv\/shop\/double-impact\/\" \/>\n<meta property=\"og:site_name\" content=\"Magnet fishing with a Magnetar fishing magnet\" \/>\n<meta property=\"article:publisher\" content=\"https:\/\/www.facebook.com\/fishingmagnets\/\" \/>\n<meta property=\"article:modified_time\" content=\"2026-04-03T18:45:22+00:00\" \/>\n<meta property=\"og:image\" content=\"https:\/\/magnetarmagnets.com\/wp-content\/uploads\/2023\/09\/JNF-Magnetar-Bedrijfsfotografie-01-09-2023-Foto-0158.jpg\" \/>\n\t<meta property=\"og:image:width\" content=\"1000\" \/>\n\t<meta property=\"og:image:height\" content=\"1000\" \/>\n\t<meta property=\"og:image:type\" content=\"image\/jpeg\" \/>\n<meta name=\"twitter:card\" content=\"summary_large_image\" \/>\n<meta name=\"twitter:label1\" content=\"Ber\u00e4knad l\u00e4stid\" \/>\n\t<meta name=\"twitter:data1\" content=\"3 minuter\" \/>\n<script type=\"application\/ld+json\" class=\"yoast-schema-graph\">{\"@context\":\"https:\\\/\\\/schema.org\",\"@graph\":[{\"@type\":[\"WebPage\",\"ItemPage\"],\"@id\":\"https:\\\/\\\/magnetarmagnets.com\\\/sv\\\/shop\\\/double-impact\\\/\",\"url\":\"https:\\\/\\\/magnetarmagnets.com\\\/sv\\\/shop\\\/double-impact\\\/\",\"name\":\"Double Impact - Magnet fishing with a Magnetar fishing magnet\",\"isPartOf\":{\"@id\":\"https:\\\/\\\/magnetarmagnets.com\\\/sv\\\/#website\"},\"primaryImageOfPage\":{\"@id\":\"https:\\\/\\\/magnetarmagnets.com\\\/sv\\\/shop\\\/double-impact\\\/#primaryimage\"},\"image\":{\"@id\":\"https:\\\/\\\/magnetarmagnets.com\\\/sv\\\/shop\\\/double-impact\\\/#primaryimage\"},\"thumbnailUrl\":\"https:\\\/\\\/magnetarmagnets.com\\\/wp-content\\\/uploads\\\/2023\\\/09\\\/JNF-Magnetar-Bedrijfsfotografie-01-09-2023-Foto-0158.jpg\",\"datePublished\":\"2025-06-05T07:53:05+00:00\",\"dateModified\":\"2026-04-03T18:45:22+00:00\",\"description\":\"Double Impact - oumb\u00e4rlig Magnetar-utrustning f\u00f6r magnetfiske\",\"breadcrumb\":{\"@id\":\"https:\\\/\\\/magnetarmagnets.com\\\/sv\\\/shop\\\/double-impact\\\/#breadcrumb\"},\"inLanguage\":\"sv-SE\",\"potentialAction\":[{\"@type\":\"ReadAction\",\"target\":[\"https:\\\/\\\/magnetarmagnets.com\\\/sv\\\/shop\\\/double-impact\\\/\"]}]},{\"@type\":\"ImageObject\",\"inLanguage\":\"sv-SE\",\"@id\":\"https:\\\/\\\/magnetarmagnets.com\\\/sv\\\/shop\\\/double-impact\\\/#primaryimage\",\"url\":\"https:\\\/\\\/magnetarmagnets.com\\\/wp-content\\\/uploads\\\/2023\\\/09\\\/JNF-Magnetar-Bedrijfsfotografie-01-09-2023-Foto-0158.jpg\",\"contentUrl\":\"https:\\\/\\\/magnetarmagnets.com\\\/wp-content\\\/uploads\\\/2023\\\/09\\\/JNF-Magnetar-Bedrijfsfotografie-01-09-2023-Foto-0158.jpg\",\"width\":1000,\"height\":1000,\"caption\":\"Magnetar's Double Impact allows you to combine two magnets while magnet fishing.\"},{\"@type\":\"BreadcrumbList\",\"@id\":\"https:\\\/\\\/magnetarmagnets.com\\\/sv\\\/shop\\\/double-impact\\\/#breadcrumb\",\"itemListElement\":[{\"@type\":\"ListItem\",\"position\":1,\"name\":\"Home\",\"item\":\"https:\\\/\\\/magnetarmagnets.com\\\/sv\\\/\"},{\"@type\":\"ListItem\",\"position\":2,\"name\":\"Butik\",\"item\":\"https:\\\/\\\/magnetarmagnets.com\\\/sv\\\/butik\\\/\"},{\"@type\":\"ListItem\",\"position\":3,\"name\":\"magnetfiskeutrustning\",\"item\":\"https:\\\/\\\/magnetarmagnets.com\\\/sv\\\/collections\\\/magnetfiskeutrustning-tillbehor-2-2\\\/\"},{\"@type\":\"ListItem\",\"position\":4,\"name\":\"Double Impact\"}]},{\"@type\":\"WebSite\",\"@id\":\"https:\\\/\\\/magnetarmagnets.com\\\/sv\\\/#website\",\"url\":\"https:\\\/\\\/magnetarmagnets.com\\\/sv\\\/\",\"name\":\"Magnet fishing with a Magnetar fishing magnet\",\"description\":\"Kraftfulla magneter f\u00f6r magnetfiske\",\"publisher\":{\"@id\":\"https:\\\/\\\/magnetarmagnets.com\\\/sv\\\/#organization\"},\"potentialAction\":[{\"@type\":\"SearchAction\",\"target\":{\"@type\":\"EntryPoint\",\"urlTemplate\":\"https:\\\/\\\/magnetarmagnets.com\\\/sv\\\/?s={search_term_string}\"},\"query-input\":{\"@type\":\"PropertyValueSpecification\",\"valueRequired\":true,\"valueName\":\"search_term_string\"}}],\"inLanguage\":\"sv-SE\"},{\"@type\":\"Organization\",\"@id\":\"https:\\\/\\\/magnetarmagnets.com\\\/sv\\\/#organization\",\"name\":\"Magnetar\",\"url\":\"https:\\\/\\\/magnetarmagnets.com\\\/sv\\\/\",\"logo\":{\"@type\":\"ImageObject\",\"inLanguage\":\"sv-SE\",\"@id\":\"https:\\\/\\\/magnetarmagnets.com\\\/sv\\\/#\\\/schema\\\/logo\\\/image\\\/\",\"url\":\"https:\\\/\\\/magnetarmagnets.com\\\/wp-content\\\/uploads\\\/2025\\\/05\\\/Logo-03_PNG-Black-scaled.png\",\"contentUrl\":\"https:\\\/\\\/magnetarmagnets.com\\\/wp-content\\\/uploads\\\/2025\\\/05\\\/Logo-03_PNG-Black-scaled.png\",\"width\":2560,\"height\":1658,\"caption\":\"Magnetar\"},\"image\":{\"@id\":\"https:\\\/\\\/magnetarmagnets.com\\\/sv\\\/#\\\/schema\\\/logo\\\/image\\\/\"},\"sameAs\":[\"https:\\\/\\\/www.facebook.com\\\/fishingmagnets\\\/\",\"https:\\\/\\\/www.instagram.com\\\/magnetar_magnets\\\/\",\"https:\\\/\\\/www.linkedin.com\\\/company\\\/magnetarbv\\\/?originalSubdomain=nl\",\"https:\\\/\\\/www.youtube.com\\\/c\\\/MagnetarVismagneet\"]}]}<\/script>\n<!-- \/ Yoast SEO plugin. -->","yoast_head_json":{"title":"Double Impact - Magnet fishing with a Magnetar fishing magnet","description":"Double Impact - oumb\u00e4rlig Magnetar-utrustning f\u00f6r magnetfiske","robots":{"index":"index","follow":"follow","max-snippet":"max-snippet:-1","max-image-preview":"max-image-preview:large","max-video-preview":"max-video-preview:-1"},"canonical":"https:\/\/magnetarmagnets.com\/sv\/shop\/double-impact\/","og_locale":"sv_SE","og_type":"article","og_title":"Double Impact - Magnet fishing with a Magnetar fishing magnet","og_description":"Double Impact - oumb\u00e4rlig Magnetar-utrustning f\u00f6r magnetfiske","og_url":"https:\/\/magnetarmagnets.com\/sv\/shop\/double-impact\/","og_site_name":"Magnet fishing with a Magnetar fishing magnet","article_publisher":"https:\/\/www.facebook.com\/fishingmagnets\/","article_modified_time":"2026-04-03T18:45:22+00:00","og_image":[{"width":1000,"height":1000,"url":"https:\/\/magnetarmagnets.com\/wp-content\/uploads\/2023\/09\/JNF-Magnetar-Bedrijfsfotografie-01-09-2023-Foto-0158.jpg","type":"image\/jpeg"}],"twitter_card":"summary_large_image","twitter_misc":{"Ber\u00e4knad l\u00e4stid":"3 minuter"},"schema":{"@context":"https:\/\/schema.org","@graph":[{"@type":["WebPage","ItemPage"],"@id":"https:\/\/magnetarmagnets.com\/sv\/shop\/double-impact\/","url":"https:\/\/magnetarmagnets.com\/sv\/shop\/double-impact\/","name":"Double Impact - Magnet fishing with a Magnetar fishing magnet","isPartOf":{"@id":"https:\/\/magnetarmagnets.com\/sv\/#website"},"primaryImageOfPage":{"@id":"https:\/\/magnetarmagnets.com\/sv\/shop\/double-impact\/#primaryimage"},"image":{"@id":"https:\/\/magnetarmagnets.com\/sv\/shop\/double-impact\/#primaryimage"},"thumbnailUrl":"https:\/\/magnetarmagnets.com\/wp-content\/uploads\/2023\/09\/JNF-Magnetar-Bedrijfsfotografie-01-09-2023-Foto-0158.jpg","datePublished":"2025-06-05T07:53:05+00:00","dateModified":"2026-04-03T18:45:22+00:00","description":"Double Impact - oumb\u00e4rlig Magnetar-utrustning f\u00f6r magnetfiske","breadcrumb":{"@id":"https:\/\/magnetarmagnets.com\/sv\/shop\/double-impact\/#breadcrumb"},"inLanguage":"sv-SE","potentialAction":[{"@type":"ReadAction","target":["https:\/\/magnetarmagnets.com\/sv\/shop\/double-impact\/"]}]},{"@type":"ImageObject","inLanguage":"sv-SE","@id":"https:\/\/magnetarmagnets.com\/sv\/shop\/double-impact\/#primaryimage","url":"https:\/\/magnetarmagnets.com\/wp-content\/uploads\/2023\/09\/JNF-Magnetar-Bedrijfsfotografie-01-09-2023-Foto-0158.jpg","contentUrl":"https:\/\/magnetarmagnets.com\/wp-content\/uploads\/2023\/09\/JNF-Magnetar-Bedrijfsfotografie-01-09-2023-Foto-0158.jpg","width":1000,"height":1000,"caption":"Magnetar's Double Impact allows you to combine two magnets while magnet fishing."},{"@type":"BreadcrumbList","@id":"https:\/\/magnetarmagnets.com\/sv\/shop\/double-impact\/#breadcrumb","itemListElement":[{"@type":"ListItem","position":1,"name":"Home","item":"https:\/\/magnetarmagnets.com\/sv\/"},{"@type":"ListItem","position":2,"name":"Butik","item":"https:\/\/magnetarmagnets.com\/sv\/butik\/"},{"@type":"ListItem","position":3,"name":"magnetfiskeutrustning","item":"https:\/\/magnetarmagnets.com\/sv\/collections\/magnetfiskeutrustning-tillbehor-2-2\/"},{"@type":"ListItem","position":4,"name":"Double Impact"}]},{"@type":"WebSite","@id":"https:\/\/magnetarmagnets.com\/sv\/#website","url":"https:\/\/magnetarmagnets.com\/sv\/","name":"Magnet fishing with a Magnetar fishing magnet","description":"Kraftfulla magneter f\u00f6r magnetfiske","publisher":{"@id":"https:\/\/magnetarmagnets.com\/sv\/#organization"},"potentialAction":[{"@type":"SearchAction","target":{"@type":"EntryPoint","urlTemplate":"https:\/\/magnetarmagnets.com\/sv\/?s={search_term_string}"},"query-input":{"@type":"PropertyValueSpecification","valueRequired":true,"valueName":"search_term_string"}}],"inLanguage":"sv-SE"},{"@type":"Organization","@id":"https:\/\/magnetarmagnets.com\/sv\/#organization","name":"Magnetar","url":"https:\/\/magnetarmagnets.com\/sv\/","logo":{"@type":"ImageObject","inLanguage":"sv-SE","@id":"https:\/\/magnetarmagnets.com\/sv\/#\/schema\/logo\/image\/","url":"https:\/\/magnetarmagnets.com\/wp-content\/uploads\/2025\/05\/Logo-03_PNG-Black-scaled.png","contentUrl":"https:\/\/magnetarmagnets.com\/wp-content\/uploads\/2025\/05\/Logo-03_PNG-Black-scaled.png","width":2560,"height":1658,"caption":"Magnetar"},"image":{"@id":"https:\/\/magnetarmagnets.com\/sv\/#\/schema\/logo\/image\/"},"sameAs":["https:\/\/www.facebook.com\/fishingmagnets\/","https:\/\/www.instagram.com\/magnetar_magnets\/","https:\/\/www.linkedin.com\/company\/magnetarbv\/?originalSubdomain=nl","https:\/\/www.youtube.com\/c\/MagnetarVismagneet"]}]}},"_links":{"self":[{"href":"https:\/\/magnetarmagnets.com\/sv\/wp-json\/wp\/v2\/product\/67527","targetHints":{"allow":["GET"]}}],"collection":[{"href":"https:\/\/magnetarmagnets.com\/sv\/wp-json\/wp\/v2\/product"}],"about":[{"href":"https:\/\/magnetarmagnets.com\/sv\/wp-json\/wp\/v2\/types\/product"}],"replies":[{"embeddable":true,"href":"https:\/\/magnetarmagnets.com\/sv\/wp-json\/wp\/v2\/comments?post=67527"}],"version-history":[{"count":0,"href":"https:\/\/magnetarmagnets.com\/sv\/wp-json\/wp\/v2\/product\/67527\/revisions"}],"wp:featuredmedia":[{"embeddable":true,"href":"https:\/\/magnetarmagnets.com\/sv\/wp-json\/wp\/v2\/media\/73368"}],"wp:attachment":[{"href":"https:\/\/magnetarmagnets.com\/sv\/wp-json\/wp\/v2\/media?parent=67527"}],"wp:term":[{"taxonomy":"product_brand","embeddable":true,"href":"https:\/\/magnetarmagnets.com\/sv\/wp-json\/wp\/v2\/product_brand?post=67527"},{"taxonomy":"product_cat","embeddable":true,"href":"https:\/\/magnetarmagnets.com\/sv\/wp-json\/wp\/v2\/product_cat?post=67527"},{"taxonomy":"product_tag","embeddable":true,"href":"https:\/\/magnetarmagnets.com\/sv\/wp-json\/wp\/v2\/product_tag?post=67527"}],"curies":[{"name":"wp","href":"https:\/\/api.w.org\/{rel}","templated":true}]}}