{"id":67525,"date":"2025-06-05T09:53:05","date_gmt":"2025-06-05T07:53:05","guid":{"rendered":"https:\/\/magnetarmagnets.com\/?post_type=product&#038;p=67525"},"modified":"2026-04-07T19:03:24","modified_gmt":"2026-04-07T17:03:24","slug":"magnetar-collector-span-och-spikuppsamlare-med-neodymmagnet","status":"publish","type":"product","link":"https:\/\/magnetarmagnets.com\/sv\/shop\/magnetar-collector-span-och-spikuppsamlare-med-neodymmagnet\/","title":{"rendered":"Magnetar Collector \u2013 sp\u00e5n- och spikuppsamlare med neodymmagnet"},"content":{"rendered":"Magnetar Collector \u00e4r en sp\u00e5nsamlare \u2013 ett verktyg f\u00f6r metallverkst\u00e4der som f\u00f6renklar insamlingen av metall- och j\u00e4rnavfall. Med detta smidiga verktyg slipper du slita med kvastar och borstar. Visst l\u00e5ter det bra? Magnetar Collector kallas \u00e4ven spikuppsamlare och magnetstav, eftersom verktyget ocks\u00e5 kan anv\u00e4ndas f\u00f6r att samla upp spikar och nitar fr\u00e5n vedkaminer eller eldst\u00e4der. Kort sagt, denna lilla utrustning har m\u00e5nga anv\u00e4ndningsomr\u00e5den.\n\n&nbsp;\n\n<h2><strong>Hur fungerar en sp\u00e5nsamlare?<\/strong><\/h2>\n\nMagnetar Collector \u00e4r mycket anv\u00e4ndarv\u00e4nlig. Denna sp\u00e5nsamlare har en magnetstav i ett h\u00f6lje av rostfritt st\u00e5l. Staven \u00e4r en h\u00f6gkvalitativ permanent neodymmagnet med extra stark dragkraft. D\u00e4rf\u00f6r kommer dess magnetkraft inte att minska under de kommande decennierna.\n\n&nbsp;\n\nEfter att du \u00e4r klar med arbetet drar du spikuppsamlaren \u00f6ver de metallf\u00f6rem\u00e5l du vill reng\u00f6ra eller det metallavfall du vill samla upp. Fylldes staven med material? Dra bara ut handtaget, s\u00e5 tar du ut neodymmagneten ur det rostfria st\u00e5lh\u00f6ljet. Allt avfall frig\u00f6rs fr\u00e5n magneten. Denna enkla demagnetiseringsfunktion g\u00f6r st\u00e4dningen snabb och enkel.\n\n&nbsp;\n\n<h2><strong>Vem kan anv\u00e4nda Magnetar Collector?<\/strong><\/h2>\n\nMagnetar Collector anv\u00e4nds fr\u00e4mst av metallmaskinister, eftersom svarvning, fr\u00e4sning och borrning alla skapar metallsp\u00e5n. Dessutom finns det otaliga andra arbetsuppgifter som inneb\u00e4r sm\u00e5 metallskr\u00e4p. Denna sp\u00e5nsamlare och spikuppsamlare kan anv\u00e4ndas i alla liknande situationer.\n\n&nbsp;\n\n\u00c4ven hush\u00e5llsbruk \u00e4r m\u00f6jligt med Magnetar Collector. T\u00e4nk p\u00e5 att reng\u00f6ra spikar och nitar fr\u00e5n aska i kaminer eller eldst\u00e4der. Denna vanligtvis smutsiga och besv\u00e4rliga uppgift kan nu utf\u00f6ras rent och snabbt.\n\n&nbsp;\n\n<h2><strong>Stor sp\u00e5nsamlare och spikuppsamlare<\/strong><\/h2>\n\nHar du i uppdrag att reng\u00f6ra metall- eller j\u00e4rnavfall fr\u00e5n st\u00f6rre ytor? \u00d6verv\u00e4g v\u00e5r magnetiska sopborste. V\u00e5r neodymborste fungerar b\u00e4st vid reng\u00f6ring av verkstadsgolv, evenemangsplatser och andra omr\u00e5den. Denna magnetiska borste finns i storlekarna 18\u201d, 24\u201d och 36\u201d.\n\n\n\nDo you need an adaptation of the swarf collector or nail collector for a specific task? Please contact us, and we\u2019ll try our best to provide you with a tailor-made solution.","protected":false},"excerpt":{"rendered":"<p>Magnetar Collector g\u00f6r insamling av metallavfall <strong>enkelt<\/strong>. Denna magnetiska sp\u00e5nsamlare anv\u00e4nder en <strong>enkel separationsmetod<\/strong> f\u00f6r att <strong>plocka upp och sl\u00e4ppa j\u00e4rnf\u00f6rem\u00e5l<\/strong>. Med ett <strong>enda handgrepp<\/strong>.<\/p>\n<p>&nbsp;<\/p>\n","protected":false},"featured_media":65238,"comment_status":"open","ping_status":"closed","template":"","meta":{"_acf_changed":false,"inline_featured_image":false},"product_brand":[],"product_cat":[272,167,268],"product_tag":[],"class_list":{"0":"post-67525","1":"product","2":"type-product","3":"status-publish","4":"has-post-thumbnail","6":"product_cat-magnetiska-tillbehor","7":"product_cat-okategoriserad","8":"product_cat-utrustning","10":"first","11":"instock","12":"sale","13":"taxable","14":"shipping-taxable","15":"purchasable","16":"product-type-simple"},"acf":[],"yoast_head":"<!-- This site is optimized with the Yoast SEO plugin v27.4 - https:\/\/yoast.com\/product\/yoast-seo-wordpress\/ -->\n<title>Magnetar Collector \u2013 sp\u00e5n- och spikuppsamlare med neodymmagnet - Magnet fishing with a Magnetar fishing magnet<\/title>\n<meta name=\"description\" content=\"Magnetar Collector \u2013 sp\u00e5n- och spikuppsamlare\" \/>\n<meta name=\"robots\" content=\"index, follow, max-snippet:-1, max-image-preview:large, max-video-preview:-1\" \/>\n<link rel=\"canonical\" href=\"https:\/\/magnetarmagnets.com\/sv\/shop\/magnetar-collector-span-och-spikuppsamlare-med-neodymmagnet\/\" \/>\n<meta property=\"og:locale\" content=\"sv_SE\" \/>\n<meta property=\"og:type\" content=\"article\" \/>\n<meta property=\"og:title\" content=\"Magnetar Collector \u2013 sp\u00e5n- och spikuppsamlare med neodymmagnet - Magnet fishing with a Magnetar fishing magnet\" \/>\n<meta property=\"og:description\" content=\"Magnetar Collector \u2013 sp\u00e5n- och spikuppsamlare\" \/>\n<meta property=\"og:url\" content=\"https:\/\/magnetarmagnets.com\/sv\/shop\/magnetar-collector-span-och-spikuppsamlare-med-neodymmagnet\/\" \/>\n<meta property=\"og:site_name\" content=\"Magnet fishing with a Magnetar fishing magnet\" \/>\n<meta property=\"article:publisher\" content=\"https:\/\/www.facebook.com\/fishingmagnets\/\" \/>\n<meta property=\"article:modified_time\" content=\"2026-04-07T17:03:24+00:00\" \/>\n<meta property=\"og:image\" content=\"https:\/\/magnetarmagnets.com\/wp-content\/uploads\/2023\/09\/JNF-Magnetar-Bedrijfsfotografie-01-09-2023-Foto-0222.jpg\" \/>\n\t<meta property=\"og:image:width\" content=\"1000\" \/>\n\t<meta property=\"og:image:height\" content=\"1000\" \/>\n\t<meta property=\"og:image:type\" content=\"image\/jpeg\" \/>\n<meta name=\"twitter:card\" content=\"summary_large_image\" \/>\n<meta name=\"twitter:label1\" content=\"Ber\u00e4knad l\u00e4stid\" \/>\n\t<meta name=\"twitter:data1\" content=\"2 minuter\" \/>\n<script type=\"application\/ld+json\" class=\"yoast-schema-graph\">{\"@context\":\"https:\\\/\\\/schema.org\",\"@graph\":[{\"@type\":[\"WebPage\",\"ItemPage\"],\"@id\":\"https:\\\/\\\/magnetarmagnets.com\\\/sv\\\/shop\\\/magnetar-collector-span-och-spikuppsamlare-med-neodymmagnet\\\/\",\"url\":\"https:\\\/\\\/magnetarmagnets.com\\\/sv\\\/shop\\\/magnetar-collector-span-och-spikuppsamlare-med-neodymmagnet\\\/\",\"name\":\"Magnetar Collector \u2013 sp\u00e5n- och spikuppsamlare med neodymmagnet - Magnet fishing with a Magnetar fishing magnet\",\"isPartOf\":{\"@id\":\"https:\\\/\\\/magnetarmagnets.com\\\/sv\\\/#website\"},\"primaryImageOfPage\":{\"@id\":\"https:\\\/\\\/magnetarmagnets.com\\\/sv\\\/shop\\\/magnetar-collector-span-och-spikuppsamlare-med-neodymmagnet\\\/#primaryimage\"},\"image\":{\"@id\":\"https:\\\/\\\/magnetarmagnets.com\\\/sv\\\/shop\\\/magnetar-collector-span-och-spikuppsamlare-med-neodymmagnet\\\/#primaryimage\"},\"thumbnailUrl\":\"https:\\\/\\\/magnetarmagnets.com\\\/wp-content\\\/uploads\\\/2023\\\/09\\\/JNF-Magnetar-Bedrijfsfotografie-01-09-2023-Foto-0222.jpg\",\"datePublished\":\"2025-06-05T07:53:05+00:00\",\"dateModified\":\"2026-04-07T17:03:24+00:00\",\"description\":\"Magnetar Collector \u2013 sp\u00e5n- och spikuppsamlare\",\"breadcrumb\":{\"@id\":\"https:\\\/\\\/magnetarmagnets.com\\\/sv\\\/shop\\\/magnetar-collector-span-och-spikuppsamlare-med-neodymmagnet\\\/#breadcrumb\"},\"inLanguage\":\"sv-SE\",\"potentialAction\":[{\"@type\":\"ReadAction\",\"target\":[\"https:\\\/\\\/magnetarmagnets.com\\\/sv\\\/shop\\\/magnetar-collector-span-och-spikuppsamlare-med-neodymmagnet\\\/\"]}]},{\"@type\":\"ImageObject\",\"inLanguage\":\"sv-SE\",\"@id\":\"https:\\\/\\\/magnetarmagnets.com\\\/sv\\\/shop\\\/magnetar-collector-span-och-spikuppsamlare-med-neodymmagnet\\\/#primaryimage\",\"url\":\"https:\\\/\\\/magnetarmagnets.com\\\/wp-content\\\/uploads\\\/2023\\\/09\\\/JNF-Magnetar-Bedrijfsfotografie-01-09-2023-Foto-0222.jpg\",\"contentUrl\":\"https:\\\/\\\/magnetarmagnets.com\\\/wp-content\\\/uploads\\\/2023\\\/09\\\/JNF-Magnetar-Bedrijfsfotografie-01-09-2023-Foto-0222.jpg\",\"width\":1000,\"height\":1000},{\"@type\":\"BreadcrumbList\",\"@id\":\"https:\\\/\\\/magnetarmagnets.com\\\/sv\\\/shop\\\/magnetar-collector-span-och-spikuppsamlare-med-neodymmagnet\\\/#breadcrumb\",\"itemListElement\":[{\"@type\":\"ListItem\",\"position\":1,\"name\":\"Home\",\"item\":\"https:\\\/\\\/magnetarmagnets.com\\\/sv\\\/\"},{\"@type\":\"ListItem\",\"position\":2,\"name\":\"Butik\",\"item\":\"https:\\\/\\\/magnetarmagnets.com\\\/sv\\\/butik\\\/\"},{\"@type\":\"ListItem\",\"position\":3,\"name\":\"Utrustning\",\"item\":\"https:\\\/\\\/magnetarmagnets.com\\\/sv\\\/collections\\\/utrustning\\\/\"},{\"@type\":\"ListItem\",\"position\":4,\"name\":\"Magnetiska tillbeh\u00f6r\",\"item\":\"https:\\\/\\\/magnetarmagnets.com\\\/sv\\\/collections\\\/utrustning\\\/magnetiska-tillbehor\\\/\"},{\"@type\":\"ListItem\",\"position\":5,\"name\":\"Magnetar Collector \u2013 sp\u00e5n- och spikuppsamlare med neodymmagnet\"}]},{\"@type\":\"WebSite\",\"@id\":\"https:\\\/\\\/magnetarmagnets.com\\\/sv\\\/#website\",\"url\":\"https:\\\/\\\/magnetarmagnets.com\\\/sv\\\/\",\"name\":\"Magnet fishing with a Magnetar fishing magnet\",\"description\":\"Kraftfulla magneter f\u00f6r magnetfiske\",\"publisher\":{\"@id\":\"https:\\\/\\\/magnetarmagnets.com\\\/sv\\\/#organization\"},\"potentialAction\":[{\"@type\":\"SearchAction\",\"target\":{\"@type\":\"EntryPoint\",\"urlTemplate\":\"https:\\\/\\\/magnetarmagnets.com\\\/sv\\\/?s={search_term_string}\"},\"query-input\":{\"@type\":\"PropertyValueSpecification\",\"valueRequired\":true,\"valueName\":\"search_term_string\"}}],\"inLanguage\":\"sv-SE\"},{\"@type\":\"Organization\",\"@id\":\"https:\\\/\\\/magnetarmagnets.com\\\/sv\\\/#organization\",\"name\":\"Magnetar\",\"url\":\"https:\\\/\\\/magnetarmagnets.com\\\/sv\\\/\",\"logo\":{\"@type\":\"ImageObject\",\"inLanguage\":\"sv-SE\",\"@id\":\"https:\\\/\\\/magnetarmagnets.com\\\/sv\\\/#\\\/schema\\\/logo\\\/image\\\/\",\"url\":\"https:\\\/\\\/magnetarmagnets.com\\\/wp-content\\\/uploads\\\/2025\\\/05\\\/Logo-03_PNG-Black-scaled.png\",\"contentUrl\":\"https:\\\/\\\/magnetarmagnets.com\\\/wp-content\\\/uploads\\\/2025\\\/05\\\/Logo-03_PNG-Black-scaled.png\",\"width\":2560,\"height\":1658,\"caption\":\"Magnetar\"},\"image\":{\"@id\":\"https:\\\/\\\/magnetarmagnets.com\\\/sv\\\/#\\\/schema\\\/logo\\\/image\\\/\"},\"sameAs\":[\"https:\\\/\\\/www.facebook.com\\\/fishingmagnets\\\/\",\"https:\\\/\\\/www.instagram.com\\\/magnetar_magnets\\\/\",\"https:\\\/\\\/www.linkedin.com\\\/company\\\/magnetarbv\\\/?originalSubdomain=nl\",\"https:\\\/\\\/www.youtube.com\\\/c\\\/MagnetarVismagneet\"]}]}<\/script>\n<!-- \/ Yoast SEO plugin. -->","yoast_head_json":{"title":"Magnetar Collector \u2013 sp\u00e5n- och spikuppsamlare med neodymmagnet - Magnet fishing with a Magnetar fishing magnet","description":"Magnetar Collector \u2013 sp\u00e5n- och spikuppsamlare","robots":{"index":"index","follow":"follow","max-snippet":"max-snippet:-1","max-image-preview":"max-image-preview:large","max-video-preview":"max-video-preview:-1"},"canonical":"https:\/\/magnetarmagnets.com\/sv\/shop\/magnetar-collector-span-och-spikuppsamlare-med-neodymmagnet\/","og_locale":"sv_SE","og_type":"article","og_title":"Magnetar Collector \u2013 sp\u00e5n- och spikuppsamlare med neodymmagnet - Magnet fishing with a Magnetar fishing magnet","og_description":"Magnetar Collector \u2013 sp\u00e5n- och spikuppsamlare","og_url":"https:\/\/magnetarmagnets.com\/sv\/shop\/magnetar-collector-span-och-spikuppsamlare-med-neodymmagnet\/","og_site_name":"Magnet fishing with a Magnetar fishing magnet","article_publisher":"https:\/\/www.facebook.com\/fishingmagnets\/","article_modified_time":"2026-04-07T17:03:24+00:00","og_image":[{"width":1000,"height":1000,"url":"https:\/\/magnetarmagnets.com\/wp-content\/uploads\/2023\/09\/JNF-Magnetar-Bedrijfsfotografie-01-09-2023-Foto-0222.jpg","type":"image\/jpeg"}],"twitter_card":"summary_large_image","twitter_misc":{"Ber\u00e4knad l\u00e4stid":"2 minuter"},"schema":{"@context":"https:\/\/schema.org","@graph":[{"@type":["WebPage","ItemPage"],"@id":"https:\/\/magnetarmagnets.com\/sv\/shop\/magnetar-collector-span-och-spikuppsamlare-med-neodymmagnet\/","url":"https:\/\/magnetarmagnets.com\/sv\/shop\/magnetar-collector-span-och-spikuppsamlare-med-neodymmagnet\/","name":"Magnetar Collector \u2013 sp\u00e5n- och spikuppsamlare med neodymmagnet - Magnet fishing with a Magnetar fishing magnet","isPartOf":{"@id":"https:\/\/magnetarmagnets.com\/sv\/#website"},"primaryImageOfPage":{"@id":"https:\/\/magnetarmagnets.com\/sv\/shop\/magnetar-collector-span-och-spikuppsamlare-med-neodymmagnet\/#primaryimage"},"image":{"@id":"https:\/\/magnetarmagnets.com\/sv\/shop\/magnetar-collector-span-och-spikuppsamlare-med-neodymmagnet\/#primaryimage"},"thumbnailUrl":"https:\/\/magnetarmagnets.com\/wp-content\/uploads\/2023\/09\/JNF-Magnetar-Bedrijfsfotografie-01-09-2023-Foto-0222.jpg","datePublished":"2025-06-05T07:53:05+00:00","dateModified":"2026-04-07T17:03:24+00:00","description":"Magnetar Collector \u2013 sp\u00e5n- och spikuppsamlare","breadcrumb":{"@id":"https:\/\/magnetarmagnets.com\/sv\/shop\/magnetar-collector-span-och-spikuppsamlare-med-neodymmagnet\/#breadcrumb"},"inLanguage":"sv-SE","potentialAction":[{"@type":"ReadAction","target":["https:\/\/magnetarmagnets.com\/sv\/shop\/magnetar-collector-span-och-spikuppsamlare-med-neodymmagnet\/"]}]},{"@type":"ImageObject","inLanguage":"sv-SE","@id":"https:\/\/magnetarmagnets.com\/sv\/shop\/magnetar-collector-span-och-spikuppsamlare-med-neodymmagnet\/#primaryimage","url":"https:\/\/magnetarmagnets.com\/wp-content\/uploads\/2023\/09\/JNF-Magnetar-Bedrijfsfotografie-01-09-2023-Foto-0222.jpg","contentUrl":"https:\/\/magnetarmagnets.com\/wp-content\/uploads\/2023\/09\/JNF-Magnetar-Bedrijfsfotografie-01-09-2023-Foto-0222.jpg","width":1000,"height":1000},{"@type":"BreadcrumbList","@id":"https:\/\/magnetarmagnets.com\/sv\/shop\/magnetar-collector-span-och-spikuppsamlare-med-neodymmagnet\/#breadcrumb","itemListElement":[{"@type":"ListItem","position":1,"name":"Home","item":"https:\/\/magnetarmagnets.com\/sv\/"},{"@type":"ListItem","position":2,"name":"Butik","item":"https:\/\/magnetarmagnets.com\/sv\/butik\/"},{"@type":"ListItem","position":3,"name":"Utrustning","item":"https:\/\/magnetarmagnets.com\/sv\/collections\/utrustning\/"},{"@type":"ListItem","position":4,"name":"Magnetiska tillbeh\u00f6r","item":"https:\/\/magnetarmagnets.com\/sv\/collections\/utrustning\/magnetiska-tillbehor\/"},{"@type":"ListItem","position":5,"name":"Magnetar Collector \u2013 sp\u00e5n- och spikuppsamlare med neodymmagnet"}]},{"@type":"WebSite","@id":"https:\/\/magnetarmagnets.com\/sv\/#website","url":"https:\/\/magnetarmagnets.com\/sv\/","name":"Magnet fishing with a Magnetar fishing magnet","description":"Kraftfulla magneter f\u00f6r magnetfiske","publisher":{"@id":"https:\/\/magnetarmagnets.com\/sv\/#organization"},"potentialAction":[{"@type":"SearchAction","target":{"@type":"EntryPoint","urlTemplate":"https:\/\/magnetarmagnets.com\/sv\/?s={search_term_string}"},"query-input":{"@type":"PropertyValueSpecification","valueRequired":true,"valueName":"search_term_string"}}],"inLanguage":"sv-SE"},{"@type":"Organization","@id":"https:\/\/magnetarmagnets.com\/sv\/#organization","name":"Magnetar","url":"https:\/\/magnetarmagnets.com\/sv\/","logo":{"@type":"ImageObject","inLanguage":"sv-SE","@id":"https:\/\/magnetarmagnets.com\/sv\/#\/schema\/logo\/image\/","url":"https:\/\/magnetarmagnets.com\/wp-content\/uploads\/2025\/05\/Logo-03_PNG-Black-scaled.png","contentUrl":"https:\/\/magnetarmagnets.com\/wp-content\/uploads\/2025\/05\/Logo-03_PNG-Black-scaled.png","width":2560,"height":1658,"caption":"Magnetar"},"image":{"@id":"https:\/\/magnetarmagnets.com\/sv\/#\/schema\/logo\/image\/"},"sameAs":["https:\/\/www.facebook.com\/fishingmagnets\/","https:\/\/www.instagram.com\/magnetar_magnets\/","https:\/\/www.linkedin.com\/company\/magnetarbv\/?originalSubdomain=nl","https:\/\/www.youtube.com\/c\/MagnetarVismagneet"]}]}},"_links":{"self":[{"href":"https:\/\/magnetarmagnets.com\/sv\/wp-json\/wp\/v2\/product\/67525","targetHints":{"allow":["GET"]}}],"collection":[{"href":"https:\/\/magnetarmagnets.com\/sv\/wp-json\/wp\/v2\/product"}],"about":[{"href":"https:\/\/magnetarmagnets.com\/sv\/wp-json\/wp\/v2\/types\/product"}],"replies":[{"embeddable":true,"href":"https:\/\/magnetarmagnets.com\/sv\/wp-json\/wp\/v2\/comments?post=67525"}],"version-history":[{"count":1,"href":"https:\/\/magnetarmagnets.com\/sv\/wp-json\/wp\/v2\/product\/67525\/revisions"}],"predecessor-version":[{"id":95710,"href":"https:\/\/magnetarmagnets.com\/sv\/wp-json\/wp\/v2\/product\/67525\/revisions\/95710"}],"wp:featuredmedia":[{"embeddable":true,"href":"https:\/\/magnetarmagnets.com\/sv\/wp-json\/wp\/v2\/media\/65238"}],"wp:attachment":[{"href":"https:\/\/magnetarmagnets.com\/sv\/wp-json\/wp\/v2\/media?parent=67525"}],"wp:term":[{"taxonomy":"product_brand","embeddable":true,"href":"https:\/\/magnetarmagnets.com\/sv\/wp-json\/wp\/v2\/product_brand?post=67525"},{"taxonomy":"product_cat","embeddable":true,"href":"https:\/\/magnetarmagnets.com\/sv\/wp-json\/wp\/v2\/product_cat?post=67525"},{"taxonomy":"product_tag","embeddable":true,"href":"https:\/\/magnetarmagnets.com\/sv\/wp-json\/wp\/v2\/product_tag?post=67525"}],"curies":[{"name":"wp","href":"https:\/\/api.w.org\/{rel}","templated":true}]}}