{"id":67501,"date":"2025-06-05T09:53:06","date_gmt":"2025-06-05T07:53:06","guid":{"rendered":"https:\/\/magnetarmagnets.com\/?post_type=product&#038;p=67501"},"modified":"2026-04-04T08:47:07","modified_gmt":"2026-04-04T06:47:07","slug":"uppvarmd-hoodie-etna-s","status":"publish","type":"product","link":"https:\/\/magnetarmagnets.com\/sv\/shop\/uppvarmd-hoodie-etna-s\/","title":{"rendered":"Uppv\u00e4rmd hoodie Etna S"},"content":{"rendered":"<h2><img fetchpriority=\"high\" decoding=\"async\" class=\"aligncenter wp-image-51837 size-full\" src=\"https:\/\/magnetarmagnets.com\/wp-content\/uploads\/2021\/02\/hoodie-engels.png\" alt=\"uppv\u00e4rmd hoodie, CE-godk\u00e4nd hoodie, Magnetar Heat, v\u00e4rmehoodie, varm hoodie, v\u00e4st\" width=\"765\" height=\"434\" srcset=\"https:\/\/magnetarmagnets.com\/wp-content\/uploads\/2021\/02\/hoodie-engels.png 765w, https:\/\/magnetarmagnets.com\/wp-content\/uploads\/2021\/02\/hoodie-engels-600x340.png 600w, https:\/\/magnetarmagnets.com\/wp-content\/uploads\/2021\/02\/hoodie-engels-300x170.png 300w\" sizes=\"(max-width: 765px) 100vw, 765px\" \/><\/h2>\n\n<h2>Den b\u00e4sta uppv\u00e4rmda hoodien<\/h2>\n\n<strong>En uppv\u00e4rmd hoodie?<\/strong> V\u00e5ra uppv\u00e4rmda hoodies h\u00e5ller dig varm \u00e4ven under de kallare dagarna. Denna batteridrivna hoodie har tre v\u00e4rmeinst\u00e4llningar, s\u00e5 du alltid har en behaglig temperatur. <a href=\"https:\/\/magnetarmagnets.com\/\" target=\"_blank\" rel=\"noopener\">Magnetfiske<\/a> hela dagen? Jobbar du utomhus en kall dag? En sval sommarkv\u00e4ll? Eller bara koppla av i soffan? Denna bekv\u00e4ma, vind- och vattent\u00e4ta uppv\u00e4rmda hoodie h\u00e5ller dig varm.\n\n<h2>Produktinformation Uppv\u00e4rmd hoodie<\/h2>\n\nDet medf\u00f6ljande batteriet \u00e4r i storlek som en mobiltelefon och kan h\u00e5lla dig varm i upp till <strong>10 timmar<\/strong>, beroende p\u00e5 v\u00e4rmeinst\u00e4llning. Hoodien levereras <strong>med batteri och laddare<\/strong>. Denna hoodie \u00e4r tillverkad av en slitstark blandning av bomull och polyester och har extra mjukt fleecefoder p\u00e5 insidan. Den uppv\u00e4rmda hoodien \u00e4r maskintv\u00e4ttbar enligt beskrivningen, se bara till att ta ur batteriet f\u00f6rst.\n\nV\u00e4rmezonerna ger dig bekv\u00e4m v\u00e4rme exakt d\u00e4r du beh\u00f6ver den, p\u00e5 br\u00f6stet och ryggen. Hoodien rekommenderas ocks\u00e5 om du har ryggont. L\u00e5ga, medel- och h\u00f6ga inst\u00e4llningar l\u00e5ter dig anpassa dig efter omgivningen och h\u00e5lla v\u00e4rmen hela dagen. Ladda sedan bara batteriet p\u00e5 3\u20134 timmar s\u00e5 \u00e4r du redo att g\u00e5 igen.\n\nV\u00e5ra uppv\u00e4rmda hoodies \u00e4r tillverkade av h\u00e5llbart och h\u00f6gkvalitativt material som h\u00e5ller dig varm i alla v\u00e4derf\u00f6rh\u00e5llanden.\n\n<h2>CE-godk\u00e4nda uppv\u00e4rmda hoodies<\/h2>\n\nDe uppv\u00e4rmda hoodies \u00e4r CE-godk\u00e4nda. Vi st\u00e5r helt bakom v\u00e5r produkt och erbjuder d\u00e4rf\u00f6r en <strong>1-\u00e5rs garanti<\/strong>.","protected":false},"excerpt":{"rendered":"<p><strong><span style=\"color: #1ea51e;\">\u2713<\/span> <span style=\"color: #1ea51e;\">Global<\/span><\/strong> frakt!<\/p>\n<p><strong><span style=\"color: #339966;\"><span style=\"color: #1ea51e;\">\u2713<\/span> <span style=\"color: #1ea51e;\">Snabb leverans, <\/span><\/span><\/strong><span style=\"color: #339966;\"><span style=\"color: #000000;\">skickas samma dag!<\/span><\/span><\/p>\n<p><span style=\"color: #339966;\"><strong><span style=\"color: #1ea51e;\">\u2713<\/span> <\/strong><\/span>Betala senare m\u00f6jligt!<\/p>\n<p><span style=\"color: #1ea51e;\"><strong>\u2713<\/strong> <strong>30 dagars<\/strong><\/span> \u00e5ngerr\u00e4tt!<\/p>\n<p><span style=\"color: #1ea51e;\"><strong>\u2713<\/strong> <\/span>Kundtj\u00e4nst till kl. 16!<\/p>\n","protected":false},"featured_media":71565,"comment_status":"open","ping_status":"closed","template":"","meta":{"_acf_changed":false,"inline_featured_image":false},"product_brand":[],"product_cat":[258,167],"product_tag":[],"class_list":{"0":"post-67501","1":"product","2":"type-product","3":"status-publish","4":"has-post-thumbnail","6":"product_cat-ovrigt-tillbehor","7":"product_cat-okategoriserad","9":"first","10":"instock","11":"sale","12":"taxable","13":"shipping-taxable","14":"purchasable","15":"product-type-simple"},"acf":[],"yoast_head":"<!-- This site is optimized with the Yoast SEO plugin v27.3 - https:\/\/yoast.com\/product\/yoast-seo-wordpress\/ -->\n<title>Uppv\u00e4rmd hoodie Etna S - Magnet fishing with a Magnetar fishing magnet<\/title>\n<meta name=\"description\" content=\"En uppv\u00e4rmd hoodie? V\u00e5ra uppv\u00e4rmda hoodies h\u00e5ller dig varm \u00e4ven under de kallare dagarna. Magnetar Heat har de b\u00e4sta uppv\u00e4rmda hoodies du beh\u00f6ver!\" \/>\n<meta name=\"robots\" content=\"index, follow, max-snippet:-1, max-image-preview:large, max-video-preview:-1\" \/>\n<link rel=\"canonical\" href=\"https:\/\/magnetarmagnets.com\/sv\/shop\/uppvarmd-hoodie-etna-s\/\" \/>\n<meta property=\"og:locale\" content=\"sv_SE\" \/>\n<meta property=\"og:type\" content=\"article\" \/>\n<meta property=\"og:title\" content=\"Uppv\u00e4rmd hoodie Etna S - Magnet fishing with a Magnetar fishing magnet\" \/>\n<meta property=\"og:description\" content=\"En uppv\u00e4rmd hoodie? V\u00e5ra uppv\u00e4rmda hoodies h\u00e5ller dig varm \u00e4ven under de kallare dagarna. Magnetar Heat har de b\u00e4sta uppv\u00e4rmda hoodies du beh\u00f6ver!\" \/>\n<meta property=\"og:url\" content=\"https:\/\/magnetarmagnets.com\/sv\/shop\/uppvarmd-hoodie-etna-s\/\" \/>\n<meta property=\"og:site_name\" content=\"Magnet fishing with a Magnetar fishing magnet\" \/>\n<meta property=\"article:publisher\" content=\"https:\/\/www.facebook.com\/fishingmagnets\/\" \/>\n<meta property=\"article:modified_time\" content=\"2026-04-04T06:47:07+00:00\" \/>\n<meta property=\"og:image\" content=\"https:\/\/magnetarmagnets.com\/wp-content\/uploads\/2021\/02\/heated-Hoodie-scaled.jpg\" \/>\n\t<meta property=\"og:image:width\" content=\"2560\" \/>\n\t<meta property=\"og:image:height\" content=\"2522\" \/>\n\t<meta property=\"og:image:type\" content=\"image\/jpeg\" \/>\n<meta name=\"twitter:card\" content=\"summary_large_image\" \/>\n<meta name=\"twitter:label1\" content=\"Ber\u00e4knad l\u00e4stid\" \/>\n\t<meta name=\"twitter:data1\" content=\"2 minuter\" \/>\n<script type=\"application\/ld+json\" class=\"yoast-schema-graph\">{\"@context\":\"https:\\\/\\\/schema.org\",\"@graph\":[{\"@type\":[\"WebPage\",\"ItemPage\"],\"@id\":\"https:\\\/\\\/magnetarmagnets.com\\\/sv\\\/shop\\\/uppvarmd-hoodie-etna-s\\\/\",\"url\":\"https:\\\/\\\/magnetarmagnets.com\\\/sv\\\/shop\\\/uppvarmd-hoodie-etna-s\\\/\",\"name\":\"Uppv\u00e4rmd hoodie Etna S - Magnet fishing with a Magnetar fishing magnet\",\"isPartOf\":{\"@id\":\"https:\\\/\\\/magnetarmagnets.com\\\/sv\\\/#website\"},\"primaryImageOfPage\":{\"@id\":\"https:\\\/\\\/magnetarmagnets.com\\\/sv\\\/shop\\\/uppvarmd-hoodie-etna-s\\\/#primaryimage\"},\"image\":{\"@id\":\"https:\\\/\\\/magnetarmagnets.com\\\/sv\\\/shop\\\/uppvarmd-hoodie-etna-s\\\/#primaryimage\"},\"thumbnailUrl\":\"https:\\\/\\\/magnetarmagnets.com\\\/wp-content\\\/uploads\\\/2021\\\/02\\\/heated-Hoodie-scaled.jpg\",\"datePublished\":\"2025-06-05T07:53:06+00:00\",\"dateModified\":\"2026-04-04T06:47:07+00:00\",\"description\":\"En uppv\u00e4rmd hoodie? V\u00e5ra uppv\u00e4rmda hoodies h\u00e5ller dig varm \u00e4ven under de kallare dagarna. Magnetar Heat har de b\u00e4sta uppv\u00e4rmda hoodies du beh\u00f6ver!\",\"breadcrumb\":{\"@id\":\"https:\\\/\\\/magnetarmagnets.com\\\/sv\\\/shop\\\/uppvarmd-hoodie-etna-s\\\/#breadcrumb\"},\"inLanguage\":\"sv-SE\",\"potentialAction\":[{\"@type\":\"ReadAction\",\"target\":[\"https:\\\/\\\/magnetarmagnets.com\\\/sv\\\/shop\\\/uppvarmd-hoodie-etna-s\\\/\"]}]},{\"@type\":\"ImageObject\",\"inLanguage\":\"sv-SE\",\"@id\":\"https:\\\/\\\/magnetarmagnets.com\\\/sv\\\/shop\\\/uppvarmd-hoodie-etna-s\\\/#primaryimage\",\"url\":\"https:\\\/\\\/magnetarmagnets.com\\\/wp-content\\\/uploads\\\/2021\\\/02\\\/heated-Hoodie-scaled.jpg\",\"contentUrl\":\"https:\\\/\\\/magnetarmagnets.com\\\/wp-content\\\/uploads\\\/2021\\\/02\\\/heated-Hoodie-scaled.jpg\",\"width\":2560,\"height\":2522,\"caption\":\"heated Hoodie\"},{\"@type\":\"BreadcrumbList\",\"@id\":\"https:\\\/\\\/magnetarmagnets.com\\\/sv\\\/shop\\\/uppvarmd-hoodie-etna-s\\\/#breadcrumb\",\"itemListElement\":[{\"@type\":\"ListItem\",\"position\":1,\"name\":\"Home\",\"item\":\"https:\\\/\\\/magnetarmagnets.com\\\/sv\\\/\"},{\"@type\":\"ListItem\",\"position\":2,\"name\":\"Butik\",\"item\":\"https:\\\/\\\/magnetarmagnets.com\\\/sv\\\/butik\\\/\"},{\"@type\":\"ListItem\",\"position\":3,\"name\":\"\u00d6vrigt\",\"item\":\"https:\\\/\\\/magnetarmagnets.com\\\/sv\\\/collections\\\/ovrigt-tillbehor\\\/\"},{\"@type\":\"ListItem\",\"position\":4,\"name\":\"Uppv\u00e4rmd hoodie Etna S\"}]},{\"@type\":\"WebSite\",\"@id\":\"https:\\\/\\\/magnetarmagnets.com\\\/sv\\\/#website\",\"url\":\"https:\\\/\\\/magnetarmagnets.com\\\/sv\\\/\",\"name\":\"Magnet fishing with a Magnetar fishing magnet\",\"description\":\"Kraftfulla magneter f\u00f6r magnetfiske\",\"publisher\":{\"@id\":\"https:\\\/\\\/magnetarmagnets.com\\\/sv\\\/#organization\"},\"potentialAction\":[{\"@type\":\"SearchAction\",\"target\":{\"@type\":\"EntryPoint\",\"urlTemplate\":\"https:\\\/\\\/magnetarmagnets.com\\\/sv\\\/?s={search_term_string}\"},\"query-input\":{\"@type\":\"PropertyValueSpecification\",\"valueRequired\":true,\"valueName\":\"search_term_string\"}}],\"inLanguage\":\"sv-SE\"},{\"@type\":\"Organization\",\"@id\":\"https:\\\/\\\/magnetarmagnets.com\\\/sv\\\/#organization\",\"name\":\"Magnetar\",\"url\":\"https:\\\/\\\/magnetarmagnets.com\\\/sv\\\/\",\"logo\":{\"@type\":\"ImageObject\",\"inLanguage\":\"sv-SE\",\"@id\":\"https:\\\/\\\/magnetarmagnets.com\\\/sv\\\/#\\\/schema\\\/logo\\\/image\\\/\",\"url\":\"https:\\\/\\\/magnetarmagnets.com\\\/wp-content\\\/uploads\\\/2025\\\/05\\\/Logo-03_PNG-Black-scaled.png\",\"contentUrl\":\"https:\\\/\\\/magnetarmagnets.com\\\/wp-content\\\/uploads\\\/2025\\\/05\\\/Logo-03_PNG-Black-scaled.png\",\"width\":2560,\"height\":1658,\"caption\":\"Magnetar\"},\"image\":{\"@id\":\"https:\\\/\\\/magnetarmagnets.com\\\/sv\\\/#\\\/schema\\\/logo\\\/image\\\/\"},\"sameAs\":[\"https:\\\/\\\/www.facebook.com\\\/fishingmagnets\\\/\",\"https:\\\/\\\/www.instagram.com\\\/magnetar_magnets\\\/\",\"https:\\\/\\\/www.linkedin.com\\\/company\\\/magnetarbv\\\/?originalSubdomain=nl\",\"https:\\\/\\\/www.youtube.com\\\/c\\\/MagnetarVismagneet\"]}]}<\/script>\n<!-- \/ Yoast SEO plugin. -->","yoast_head_json":{"title":"Uppv\u00e4rmd hoodie Etna S - Magnet fishing with a Magnetar fishing magnet","description":"En uppv\u00e4rmd hoodie? V\u00e5ra uppv\u00e4rmda hoodies h\u00e5ller dig varm \u00e4ven under de kallare dagarna. Magnetar Heat har de b\u00e4sta uppv\u00e4rmda hoodies du beh\u00f6ver!","robots":{"index":"index","follow":"follow","max-snippet":"max-snippet:-1","max-image-preview":"max-image-preview:large","max-video-preview":"max-video-preview:-1"},"canonical":"https:\/\/magnetarmagnets.com\/sv\/shop\/uppvarmd-hoodie-etna-s\/","og_locale":"sv_SE","og_type":"article","og_title":"Uppv\u00e4rmd hoodie Etna S - Magnet fishing with a Magnetar fishing magnet","og_description":"En uppv\u00e4rmd hoodie? V\u00e5ra uppv\u00e4rmda hoodies h\u00e5ller dig varm \u00e4ven under de kallare dagarna. Magnetar Heat har de b\u00e4sta uppv\u00e4rmda hoodies du beh\u00f6ver!","og_url":"https:\/\/magnetarmagnets.com\/sv\/shop\/uppvarmd-hoodie-etna-s\/","og_site_name":"Magnet fishing with a Magnetar fishing magnet","article_publisher":"https:\/\/www.facebook.com\/fishingmagnets\/","article_modified_time":"2026-04-04T06:47:07+00:00","og_image":[{"width":2560,"height":2522,"url":"https:\/\/magnetarmagnets.com\/wp-content\/uploads\/2021\/02\/heated-Hoodie-scaled.jpg","type":"image\/jpeg"}],"twitter_card":"summary_large_image","twitter_misc":{"Ber\u00e4knad l\u00e4stid":"2 minuter"},"schema":{"@context":"https:\/\/schema.org","@graph":[{"@type":["WebPage","ItemPage"],"@id":"https:\/\/magnetarmagnets.com\/sv\/shop\/uppvarmd-hoodie-etna-s\/","url":"https:\/\/magnetarmagnets.com\/sv\/shop\/uppvarmd-hoodie-etna-s\/","name":"Uppv\u00e4rmd hoodie Etna S - Magnet fishing with a Magnetar fishing magnet","isPartOf":{"@id":"https:\/\/magnetarmagnets.com\/sv\/#website"},"primaryImageOfPage":{"@id":"https:\/\/magnetarmagnets.com\/sv\/shop\/uppvarmd-hoodie-etna-s\/#primaryimage"},"image":{"@id":"https:\/\/magnetarmagnets.com\/sv\/shop\/uppvarmd-hoodie-etna-s\/#primaryimage"},"thumbnailUrl":"https:\/\/magnetarmagnets.com\/wp-content\/uploads\/2021\/02\/heated-Hoodie-scaled.jpg","datePublished":"2025-06-05T07:53:06+00:00","dateModified":"2026-04-04T06:47:07+00:00","description":"En uppv\u00e4rmd hoodie? V\u00e5ra uppv\u00e4rmda hoodies h\u00e5ller dig varm \u00e4ven under de kallare dagarna. Magnetar Heat har de b\u00e4sta uppv\u00e4rmda hoodies du beh\u00f6ver!","breadcrumb":{"@id":"https:\/\/magnetarmagnets.com\/sv\/shop\/uppvarmd-hoodie-etna-s\/#breadcrumb"},"inLanguage":"sv-SE","potentialAction":[{"@type":"ReadAction","target":["https:\/\/magnetarmagnets.com\/sv\/shop\/uppvarmd-hoodie-etna-s\/"]}]},{"@type":"ImageObject","inLanguage":"sv-SE","@id":"https:\/\/magnetarmagnets.com\/sv\/shop\/uppvarmd-hoodie-etna-s\/#primaryimage","url":"https:\/\/magnetarmagnets.com\/wp-content\/uploads\/2021\/02\/heated-Hoodie-scaled.jpg","contentUrl":"https:\/\/magnetarmagnets.com\/wp-content\/uploads\/2021\/02\/heated-Hoodie-scaled.jpg","width":2560,"height":2522,"caption":"heated Hoodie"},{"@type":"BreadcrumbList","@id":"https:\/\/magnetarmagnets.com\/sv\/shop\/uppvarmd-hoodie-etna-s\/#breadcrumb","itemListElement":[{"@type":"ListItem","position":1,"name":"Home","item":"https:\/\/magnetarmagnets.com\/sv\/"},{"@type":"ListItem","position":2,"name":"Butik","item":"https:\/\/magnetarmagnets.com\/sv\/butik\/"},{"@type":"ListItem","position":3,"name":"\u00d6vrigt","item":"https:\/\/magnetarmagnets.com\/sv\/collections\/ovrigt-tillbehor\/"},{"@type":"ListItem","position":4,"name":"Uppv\u00e4rmd hoodie Etna S"}]},{"@type":"WebSite","@id":"https:\/\/magnetarmagnets.com\/sv\/#website","url":"https:\/\/magnetarmagnets.com\/sv\/","name":"Magnet fishing with a Magnetar fishing magnet","description":"Kraftfulla magneter f\u00f6r magnetfiske","publisher":{"@id":"https:\/\/magnetarmagnets.com\/sv\/#organization"},"potentialAction":[{"@type":"SearchAction","target":{"@type":"EntryPoint","urlTemplate":"https:\/\/magnetarmagnets.com\/sv\/?s={search_term_string}"},"query-input":{"@type":"PropertyValueSpecification","valueRequired":true,"valueName":"search_term_string"}}],"inLanguage":"sv-SE"},{"@type":"Organization","@id":"https:\/\/magnetarmagnets.com\/sv\/#organization","name":"Magnetar","url":"https:\/\/magnetarmagnets.com\/sv\/","logo":{"@type":"ImageObject","inLanguage":"sv-SE","@id":"https:\/\/magnetarmagnets.com\/sv\/#\/schema\/logo\/image\/","url":"https:\/\/magnetarmagnets.com\/wp-content\/uploads\/2025\/05\/Logo-03_PNG-Black-scaled.png","contentUrl":"https:\/\/magnetarmagnets.com\/wp-content\/uploads\/2025\/05\/Logo-03_PNG-Black-scaled.png","width":2560,"height":1658,"caption":"Magnetar"},"image":{"@id":"https:\/\/magnetarmagnets.com\/sv\/#\/schema\/logo\/image\/"},"sameAs":["https:\/\/www.facebook.com\/fishingmagnets\/","https:\/\/www.instagram.com\/magnetar_magnets\/","https:\/\/www.linkedin.com\/company\/magnetarbv\/?originalSubdomain=nl","https:\/\/www.youtube.com\/c\/MagnetarVismagneet"]}]}},"_links":{"self":[{"href":"https:\/\/magnetarmagnets.com\/sv\/wp-json\/wp\/v2\/product\/67501","targetHints":{"allow":["GET"]}}],"collection":[{"href":"https:\/\/magnetarmagnets.com\/sv\/wp-json\/wp\/v2\/product"}],"about":[{"href":"https:\/\/magnetarmagnets.com\/sv\/wp-json\/wp\/v2\/types\/product"}],"replies":[{"embeddable":true,"href":"https:\/\/magnetarmagnets.com\/sv\/wp-json\/wp\/v2\/comments?post=67501"}],"version-history":[{"count":0,"href":"https:\/\/magnetarmagnets.com\/sv\/wp-json\/wp\/v2\/product\/67501\/revisions"}],"wp:featuredmedia":[{"embeddable":true,"href":"https:\/\/magnetarmagnets.com\/sv\/wp-json\/wp\/v2\/media\/71565"}],"wp:attachment":[{"href":"https:\/\/magnetarmagnets.com\/sv\/wp-json\/wp\/v2\/media?parent=67501"}],"wp:term":[{"taxonomy":"product_brand","embeddable":true,"href":"https:\/\/magnetarmagnets.com\/sv\/wp-json\/wp\/v2\/product_brand?post=67501"},{"taxonomy":"product_cat","embeddable":true,"href":"https:\/\/magnetarmagnets.com\/sv\/wp-json\/wp\/v2\/product_cat?post=67501"},{"taxonomy":"product_tag","embeddable":true,"href":"https:\/\/magnetarmagnets.com\/sv\/wp-json\/wp\/v2\/product_tag?post=67501"}],"curies":[{"name":"wp","href":"https:\/\/api.w.org\/{rel}","templated":true}]}}