{"id":67494,"date":"2025-06-05T09:53:07","date_gmt":"2025-06-05T07:53:07","guid":{"rendered":"https:\/\/magnetarmagnets.com\/?post_type=product&#038;p=67494"},"modified":"2026-04-03T20:16:10","modified_gmt":"2026-04-03T18:16:10","slug":"uppvarmd-arbetsvast-magma-m","status":"publish","type":"product","link":"https:\/\/magnetarmagnets.com\/sv\/shop\/uppvarmd-arbetsvast-magma-m\/","title":{"rendered":"Uppv\u00e4rmd arbetsv\u00e4st Magma M"},"content":{"rendered":"<h2><img fetchpriority=\"high\" decoding=\"async\" class=\"aligncenter size-full wp-image-51853\" src=\"https:\/\/magnetarmagnets.com\/wp-content\/uploads\/2021\/02\/work-vest-engels.png\" alt=\"work vest, heat vest, magnetar heat, warm clothes, hoodie, vest, heating clothes\" width=\"765\" height=\"455\" srcset=\"https:\/\/magnetarmagnets.com\/wp-content\/uploads\/2021\/02\/work-vest-engels.png 765w, https:\/\/magnetarmagnets.com\/wp-content\/uploads\/2021\/02\/work-vest-engels-600x357.png 600w, https:\/\/magnetarmagnets.com\/wp-content\/uploads\/2021\/02\/work-vest-engels-300x178.png 300w\" sizes=\"(max-width: 765px) 100vw, 765px\" \/><\/h2>\n\n<h2>Den b\u00e4sta uppv\u00e4rmda arbetsv\u00e4sten<\/h2>\n\n<strong>En uppv\u00e4rmd arbetsv\u00e4st?<\/strong> V\u00e5ra arbetsv\u00e4star h\u00e5ller dig varm \u00e4ven under kyligare dagar. Denna batteridrivna arbetsv\u00e4st har tre v\u00e4rmeinst\u00e4llningar, s\u00e5 du alltid f\u00e5r en behaglig temperatur. <a href=\"https:\/\/magnetarmagnets.com\/\" target=\"_blank\" rel=\"noopener\">Magnetfiske<\/a> hela dagen? Arbetar du utomhus en kall dag? En sval sommarkv\u00e4ll? Arbetar i vind eller sent p\u00e5 kv\u00e4llen? Denna bekv\u00e4ma, vind- och vattent\u00e4ta uppv\u00e4rmda arbetsv\u00e4st h\u00e5ller dig varm. <strong>Magnetar Heat arbetsv\u00e4st \u00e4r stor i storleken, s\u00e5 best\u00e4ll en storlek mindre!<\/strong>\n\n<h2>Produktinformation om uppv\u00e4rmd arbetsv\u00e4st<\/h2>\n\nDen medf\u00f6ljande batteriet \u00e4r i storlek som en mobiltelefon och kan h\u00e5lla dig varm i upp till <strong>9 timmar<\/strong>, beroende p\u00e5 v\u00e4rmeinst\u00e4llning. Arbetsv\u00e4sten <strong>levereras med batteri och laddare.<\/strong> Arbetsv\u00e4sten \u00e4r tillverkad av vind- och vattenresistent bomull och innerfodret \u00e4r av l\u00e4ttst\u00e4dad nylon, vilket ger dig full r\u00f6relsefrihet under arbetet. Med denna uppv\u00e4rmda arbetsv\u00e4st beh\u00f6ver du inte kl\u00e4 dig i flera lager kl\u00e4der, till exempel n\u00e4r du arbetar p\u00e5 en g\u00e5rd, som v\u00e4garbetare, inom bygg, som m\u00e5lare, p\u00e5 h\u00e4stg\u00e5rd, n\u00e4r du jagar, som tr\u00e4dg\u00e5rdsm\u00e4stare med mera. Det \u00e4r en arbetsv\u00e4st som erbjuder h\u00f6g komfort och full r\u00f6relsefrihet.\n\nV\u00e4rmezonerna ger dig bekv\u00e4m v\u00e4rme precis d\u00e4r du beh\u00f6ver den i \u00f6verkroppen, p\u00e5 br\u00f6stet och ryggen. L\u00e5ga, medelh\u00f6ga och h\u00f6ga inst\u00e4llningar l\u00e5ter dig anpassa dig efter milj\u00f6n och h\u00e5lla v\u00e4rmen hela dagen. Sedan laddar du bara batteriet p\u00e5 3\u20134 timmar s\u00e5 \u00e4r du redo igen.\n\nV\u00e5ra arbetsv\u00e4star \u00e4r tillverkade av h\u00e5llbart och h\u00f6gkvalitativt material som \u00e4r designat f\u00f6r att h\u00e5lla dig varm i alla v\u00e4derf\u00f6rh\u00e5llanden.\n\n<h2>CE-godk\u00e4nd uppv\u00e4rmd v\u00e4st<\/h2>\n\nDe uppv\u00e4rmda arbetsv\u00e4starna \u00e4r CE-godk\u00e4nda. Vi st\u00e5r helt bakom v\u00e5r produkt och erbjuder d\u00e4rf\u00f6r <strong>1 \u00e5rs garanti<\/strong>.\n\n<strong>Magnetar Heat arbetsv\u00e4st \u00e4r stor i storleken, s\u00e5 best\u00e4ll en storlek mindre!<\/strong>","protected":false},"excerpt":{"rendered":"<p><span style=\"font-weight: 400;\">Detta \u00e4r en uppv\u00e4rmbar arbetsv\u00e4st med tre v\u00e4rmeinst\u00e4llningar. H\u00e5ller dig varm n\u00e4r du beh\u00f6ver det. Extra slitstark.<\/span><\/p>\n","protected":false},"featured_media":71557,"comment_status":"open","ping_status":"closed","template":"","meta":{"_acf_changed":false,"inline_featured_image":false},"product_brand":[],"product_cat":[258,167],"product_tag":[],"class_list":{"0":"post-67494","1":"product","2":"type-product","3":"status-publish","4":"has-post-thumbnail","6":"product_cat-ovrigt-tillbehor","7":"product_cat-okategoriserad","9":"first","10":"outofstock","11":"taxable","12":"shipping-taxable","13":"purchasable","14":"product-type-simple"},"acf":[],"yoast_head":"<!-- This site is optimized with the Yoast SEO plugin v27.3 - https:\/\/yoast.com\/product\/yoast-seo-wordpress\/ -->\n<title>Uppv\u00e4rmd arbetsv\u00e4st Magma M - Magnet fishing with a Magnetar fishing magnet<\/title>\n<meta name=\"description\" content=\"Arbetsv\u00e4st? Denna batteridrivna arbetsv\u00e4st har tre v\u00e4rmeinst\u00e4llningar, s\u00e5 du f\u00e5r alltid en behaglig temperatur.\" \/>\n<meta name=\"robots\" content=\"index, follow, max-snippet:-1, max-image-preview:large, max-video-preview:-1\" \/>\n<link rel=\"canonical\" href=\"https:\/\/magnetarmagnets.com\/sv\/shop\/uppvarmd-arbetsvast-magma-m\/\" \/>\n<meta property=\"og:locale\" content=\"sv_SE\" \/>\n<meta property=\"og:type\" content=\"article\" \/>\n<meta property=\"og:title\" content=\"Uppv\u00e4rmd arbetsv\u00e4st Magma M - Magnet fishing with a Magnetar fishing magnet\" \/>\n<meta property=\"og:description\" content=\"Arbetsv\u00e4st? Denna batteridrivna arbetsv\u00e4st har tre v\u00e4rmeinst\u00e4llningar, s\u00e5 du f\u00e5r alltid en behaglig temperatur.\" \/>\n<meta property=\"og:url\" content=\"https:\/\/magnetarmagnets.com\/sv\/shop\/uppvarmd-arbetsvast-magma-m\/\" \/>\n<meta property=\"og:site_name\" content=\"Magnet fishing with a Magnetar fishing magnet\" \/>\n<meta property=\"article:publisher\" content=\"https:\/\/www.facebook.com\/fishingmagnets\/\" \/>\n<meta property=\"article:modified_time\" content=\"2026-04-03T18:16:10+00:00\" \/>\n<meta property=\"og:image\" content=\"https:\/\/magnetarmagnets.com\/wp-content\/uploads\/2021\/02\/heated-work-jacket-scaled.jpg\" \/>\n\t<meta property=\"og:image:width\" content=\"2330\" \/>\n\t<meta property=\"og:image:height\" content=\"2560\" \/>\n\t<meta property=\"og:image:type\" content=\"image\/jpeg\" \/>\n<meta name=\"twitter:card\" content=\"summary_large_image\" \/>\n<meta name=\"twitter:label1\" content=\"Ber\u00e4knad l\u00e4stid\" \/>\n\t<meta name=\"twitter:data1\" content=\"2 minuter\" \/>\n<script type=\"application\/ld+json\" class=\"yoast-schema-graph\">{\"@context\":\"https:\\\/\\\/schema.org\",\"@graph\":[{\"@type\":[\"WebPage\",\"ItemPage\"],\"@id\":\"https:\\\/\\\/magnetarmagnets.com\\\/sv\\\/shop\\\/uppvarmd-arbetsvast-magma-m\\\/\",\"url\":\"https:\\\/\\\/magnetarmagnets.com\\\/sv\\\/shop\\\/uppvarmd-arbetsvast-magma-m\\\/\",\"name\":\"Uppv\u00e4rmd arbetsv\u00e4st Magma M - Magnet fishing with a Magnetar fishing magnet\",\"isPartOf\":{\"@id\":\"https:\\\/\\\/magnetarmagnets.com\\\/sv\\\/#website\"},\"primaryImageOfPage\":{\"@id\":\"https:\\\/\\\/magnetarmagnets.com\\\/sv\\\/shop\\\/uppvarmd-arbetsvast-magma-m\\\/#primaryimage\"},\"image\":{\"@id\":\"https:\\\/\\\/magnetarmagnets.com\\\/sv\\\/shop\\\/uppvarmd-arbetsvast-magma-m\\\/#primaryimage\"},\"thumbnailUrl\":\"https:\\\/\\\/magnetarmagnets.com\\\/wp-content\\\/uploads\\\/2021\\\/02\\\/heated-work-jacket-scaled.jpg\",\"datePublished\":\"2025-06-05T07:53:07+00:00\",\"dateModified\":\"2026-04-03T18:16:10+00:00\",\"description\":\"Arbetsv\u00e4st? Denna batteridrivna arbetsv\u00e4st har tre v\u00e4rmeinst\u00e4llningar, s\u00e5 du f\u00e5r alltid en behaglig temperatur.\",\"breadcrumb\":{\"@id\":\"https:\\\/\\\/magnetarmagnets.com\\\/sv\\\/shop\\\/uppvarmd-arbetsvast-magma-m\\\/#breadcrumb\"},\"inLanguage\":\"sv-SE\",\"potentialAction\":[{\"@type\":\"ReadAction\",\"target\":[\"https:\\\/\\\/magnetarmagnets.com\\\/sv\\\/shop\\\/uppvarmd-arbetsvast-magma-m\\\/\"]}]},{\"@type\":\"ImageObject\",\"inLanguage\":\"sv-SE\",\"@id\":\"https:\\\/\\\/magnetarmagnets.com\\\/sv\\\/shop\\\/uppvarmd-arbetsvast-magma-m\\\/#primaryimage\",\"url\":\"https:\\\/\\\/magnetarmagnets.com\\\/wp-content\\\/uploads\\\/2021\\\/02\\\/heated-work-jacket-scaled.jpg\",\"contentUrl\":\"https:\\\/\\\/magnetarmagnets.com\\\/wp-content\\\/uploads\\\/2021\\\/02\\\/heated-work-jacket-scaled.jpg\",\"width\":2330,\"height\":2560,\"caption\":\"heated workwear jack\"},{\"@type\":\"BreadcrumbList\",\"@id\":\"https:\\\/\\\/magnetarmagnets.com\\\/sv\\\/shop\\\/uppvarmd-arbetsvast-magma-m\\\/#breadcrumb\",\"itemListElement\":[{\"@type\":\"ListItem\",\"position\":1,\"name\":\"Home\",\"item\":\"https:\\\/\\\/magnetarmagnets.com\\\/sv\\\/\"},{\"@type\":\"ListItem\",\"position\":2,\"name\":\"Butik\",\"item\":\"https:\\\/\\\/magnetarmagnets.com\\\/sv\\\/butik\\\/\"},{\"@type\":\"ListItem\",\"position\":3,\"name\":\"Okategoriserad\",\"item\":\"https:\\\/\\\/magnetarmagnets.com\\\/sv\\\/collections\\\/okategoriserad\\\/\"},{\"@type\":\"ListItem\",\"position\":4,\"name\":\"Uppv\u00e4rmd arbetsv\u00e4st Magma M\"}]},{\"@type\":\"WebSite\",\"@id\":\"https:\\\/\\\/magnetarmagnets.com\\\/sv\\\/#website\",\"url\":\"https:\\\/\\\/magnetarmagnets.com\\\/sv\\\/\",\"name\":\"Magnet fishing with a Magnetar fishing magnet\",\"description\":\"Kraftfulla magneter f\u00f6r magnetfiske\",\"publisher\":{\"@id\":\"https:\\\/\\\/magnetarmagnets.com\\\/sv\\\/#organization\"},\"potentialAction\":[{\"@type\":\"SearchAction\",\"target\":{\"@type\":\"EntryPoint\",\"urlTemplate\":\"https:\\\/\\\/magnetarmagnets.com\\\/sv\\\/?s={search_term_string}\"},\"query-input\":{\"@type\":\"PropertyValueSpecification\",\"valueRequired\":true,\"valueName\":\"search_term_string\"}}],\"inLanguage\":\"sv-SE\"},{\"@type\":\"Organization\",\"@id\":\"https:\\\/\\\/magnetarmagnets.com\\\/sv\\\/#organization\",\"name\":\"Magnetar\",\"url\":\"https:\\\/\\\/magnetarmagnets.com\\\/sv\\\/\",\"logo\":{\"@type\":\"ImageObject\",\"inLanguage\":\"sv-SE\",\"@id\":\"https:\\\/\\\/magnetarmagnets.com\\\/sv\\\/#\\\/schema\\\/logo\\\/image\\\/\",\"url\":\"https:\\\/\\\/magnetarmagnets.com\\\/wp-content\\\/uploads\\\/2025\\\/05\\\/Logo-03_PNG-Black-scaled.png\",\"contentUrl\":\"https:\\\/\\\/magnetarmagnets.com\\\/wp-content\\\/uploads\\\/2025\\\/05\\\/Logo-03_PNG-Black-scaled.png\",\"width\":2560,\"height\":1658,\"caption\":\"Magnetar\"},\"image\":{\"@id\":\"https:\\\/\\\/magnetarmagnets.com\\\/sv\\\/#\\\/schema\\\/logo\\\/image\\\/\"},\"sameAs\":[\"https:\\\/\\\/www.facebook.com\\\/fishingmagnets\\\/\",\"https:\\\/\\\/www.instagram.com\\\/magnetar_magnets\\\/\",\"https:\\\/\\\/www.linkedin.com\\\/company\\\/magnetarbv\\\/?originalSubdomain=nl\",\"https:\\\/\\\/www.youtube.com\\\/c\\\/MagnetarVismagneet\"]}]}<\/script>\n<!-- \/ Yoast SEO plugin. -->","yoast_head_json":{"title":"Uppv\u00e4rmd arbetsv\u00e4st Magma M - Magnet fishing with a Magnetar fishing magnet","description":"Arbetsv\u00e4st? Denna batteridrivna arbetsv\u00e4st har tre v\u00e4rmeinst\u00e4llningar, s\u00e5 du f\u00e5r alltid en behaglig temperatur.","robots":{"index":"index","follow":"follow","max-snippet":"max-snippet:-1","max-image-preview":"max-image-preview:large","max-video-preview":"max-video-preview:-1"},"canonical":"https:\/\/magnetarmagnets.com\/sv\/shop\/uppvarmd-arbetsvast-magma-m\/","og_locale":"sv_SE","og_type":"article","og_title":"Uppv\u00e4rmd arbetsv\u00e4st Magma M - Magnet fishing with a Magnetar fishing magnet","og_description":"Arbetsv\u00e4st? Denna batteridrivna arbetsv\u00e4st har tre v\u00e4rmeinst\u00e4llningar, s\u00e5 du f\u00e5r alltid en behaglig temperatur.","og_url":"https:\/\/magnetarmagnets.com\/sv\/shop\/uppvarmd-arbetsvast-magma-m\/","og_site_name":"Magnet fishing with a Magnetar fishing magnet","article_publisher":"https:\/\/www.facebook.com\/fishingmagnets\/","article_modified_time":"2026-04-03T18:16:10+00:00","og_image":[{"width":2330,"height":2560,"url":"https:\/\/magnetarmagnets.com\/wp-content\/uploads\/2021\/02\/heated-work-jacket-scaled.jpg","type":"image\/jpeg"}],"twitter_card":"summary_large_image","twitter_misc":{"Ber\u00e4knad l\u00e4stid":"2 minuter"},"schema":{"@context":"https:\/\/schema.org","@graph":[{"@type":["WebPage","ItemPage"],"@id":"https:\/\/magnetarmagnets.com\/sv\/shop\/uppvarmd-arbetsvast-magma-m\/","url":"https:\/\/magnetarmagnets.com\/sv\/shop\/uppvarmd-arbetsvast-magma-m\/","name":"Uppv\u00e4rmd arbetsv\u00e4st Magma M - Magnet fishing with a Magnetar fishing magnet","isPartOf":{"@id":"https:\/\/magnetarmagnets.com\/sv\/#website"},"primaryImageOfPage":{"@id":"https:\/\/magnetarmagnets.com\/sv\/shop\/uppvarmd-arbetsvast-magma-m\/#primaryimage"},"image":{"@id":"https:\/\/magnetarmagnets.com\/sv\/shop\/uppvarmd-arbetsvast-magma-m\/#primaryimage"},"thumbnailUrl":"https:\/\/magnetarmagnets.com\/wp-content\/uploads\/2021\/02\/heated-work-jacket-scaled.jpg","datePublished":"2025-06-05T07:53:07+00:00","dateModified":"2026-04-03T18:16:10+00:00","description":"Arbetsv\u00e4st? Denna batteridrivna arbetsv\u00e4st har tre v\u00e4rmeinst\u00e4llningar, s\u00e5 du f\u00e5r alltid en behaglig temperatur.","breadcrumb":{"@id":"https:\/\/magnetarmagnets.com\/sv\/shop\/uppvarmd-arbetsvast-magma-m\/#breadcrumb"},"inLanguage":"sv-SE","potentialAction":[{"@type":"ReadAction","target":["https:\/\/magnetarmagnets.com\/sv\/shop\/uppvarmd-arbetsvast-magma-m\/"]}]},{"@type":"ImageObject","inLanguage":"sv-SE","@id":"https:\/\/magnetarmagnets.com\/sv\/shop\/uppvarmd-arbetsvast-magma-m\/#primaryimage","url":"https:\/\/magnetarmagnets.com\/wp-content\/uploads\/2021\/02\/heated-work-jacket-scaled.jpg","contentUrl":"https:\/\/magnetarmagnets.com\/wp-content\/uploads\/2021\/02\/heated-work-jacket-scaled.jpg","width":2330,"height":2560,"caption":"heated workwear jack"},{"@type":"BreadcrumbList","@id":"https:\/\/magnetarmagnets.com\/sv\/shop\/uppvarmd-arbetsvast-magma-m\/#breadcrumb","itemListElement":[{"@type":"ListItem","position":1,"name":"Home","item":"https:\/\/magnetarmagnets.com\/sv\/"},{"@type":"ListItem","position":2,"name":"Butik","item":"https:\/\/magnetarmagnets.com\/sv\/butik\/"},{"@type":"ListItem","position":3,"name":"Okategoriserad","item":"https:\/\/magnetarmagnets.com\/sv\/collections\/okategoriserad\/"},{"@type":"ListItem","position":4,"name":"Uppv\u00e4rmd arbetsv\u00e4st Magma M"}]},{"@type":"WebSite","@id":"https:\/\/magnetarmagnets.com\/sv\/#website","url":"https:\/\/magnetarmagnets.com\/sv\/","name":"Magnet fishing with a Magnetar fishing magnet","description":"Kraftfulla magneter f\u00f6r magnetfiske","publisher":{"@id":"https:\/\/magnetarmagnets.com\/sv\/#organization"},"potentialAction":[{"@type":"SearchAction","target":{"@type":"EntryPoint","urlTemplate":"https:\/\/magnetarmagnets.com\/sv\/?s={search_term_string}"},"query-input":{"@type":"PropertyValueSpecification","valueRequired":true,"valueName":"search_term_string"}}],"inLanguage":"sv-SE"},{"@type":"Organization","@id":"https:\/\/magnetarmagnets.com\/sv\/#organization","name":"Magnetar","url":"https:\/\/magnetarmagnets.com\/sv\/","logo":{"@type":"ImageObject","inLanguage":"sv-SE","@id":"https:\/\/magnetarmagnets.com\/sv\/#\/schema\/logo\/image\/","url":"https:\/\/magnetarmagnets.com\/wp-content\/uploads\/2025\/05\/Logo-03_PNG-Black-scaled.png","contentUrl":"https:\/\/magnetarmagnets.com\/wp-content\/uploads\/2025\/05\/Logo-03_PNG-Black-scaled.png","width":2560,"height":1658,"caption":"Magnetar"},"image":{"@id":"https:\/\/magnetarmagnets.com\/sv\/#\/schema\/logo\/image\/"},"sameAs":["https:\/\/www.facebook.com\/fishingmagnets\/","https:\/\/www.instagram.com\/magnetar_magnets\/","https:\/\/www.linkedin.com\/company\/magnetarbv\/?originalSubdomain=nl","https:\/\/www.youtube.com\/c\/MagnetarVismagneet"]}]}},"_links":{"self":[{"href":"https:\/\/magnetarmagnets.com\/sv\/wp-json\/wp\/v2\/product\/67494","targetHints":{"allow":["GET"]}}],"collection":[{"href":"https:\/\/magnetarmagnets.com\/sv\/wp-json\/wp\/v2\/product"}],"about":[{"href":"https:\/\/magnetarmagnets.com\/sv\/wp-json\/wp\/v2\/types\/product"}],"replies":[{"embeddable":true,"href":"https:\/\/magnetarmagnets.com\/sv\/wp-json\/wp\/v2\/comments?post=67494"}],"version-history":[{"count":0,"href":"https:\/\/magnetarmagnets.com\/sv\/wp-json\/wp\/v2\/product\/67494\/revisions"}],"wp:featuredmedia":[{"embeddable":true,"href":"https:\/\/magnetarmagnets.com\/sv\/wp-json\/wp\/v2\/media\/71557"}],"wp:attachment":[{"href":"https:\/\/magnetarmagnets.com\/sv\/wp-json\/wp\/v2\/media?parent=67494"}],"wp:term":[{"taxonomy":"product_brand","embeddable":true,"href":"https:\/\/magnetarmagnets.com\/sv\/wp-json\/wp\/v2\/product_brand?post=67494"},{"taxonomy":"product_cat","embeddable":true,"href":"https:\/\/magnetarmagnets.com\/sv\/wp-json\/wp\/v2\/product_cat?post=67494"},{"taxonomy":"product_tag","embeddable":true,"href":"https:\/\/magnetarmagnets.com\/sv\/wp-json\/wp\/v2\/product_tag?post=67494"}],"curies":[{"name":"wp","href":"https:\/\/api.w.org\/{rel}","templated":true}]}}