{"id":67490,"date":"2025-06-05T09:53:45","date_gmt":"2025-06-05T07:53:45","guid":{"rendered":"https:\/\/magnetarmagnets.com\/?post_type=product&#038;p=67490"},"modified":"2026-04-03T09:51:22","modified_gmt":"2026-04-03T07:51:22","slug":"varmejacka-vulcan-l","status":"publish","type":"product","link":"https:\/\/magnetarmagnets.com\/sv\/shop\/varmejacka-vulcan-l\/","title":{"rendered":"V\u00e4rmejacka Vulcan L"},"content":{"rendered":"<img fetchpriority=\"high\" decoding=\"async\" class=\"aligncenter size-full wp-image-51844\" src=\"https:\/\/magnetarmagnets.com\/wp-content\/uploads\/2021\/02\/Softshell-engels.png\" alt=\"v\u00e4rmejacka, varm jacka, Magnetar Heat, softshell, v\u00e4rme, arbetsjacka\" width=\"764\" height=\"436\" srcset=\"https:\/\/magnetarmagnets.com\/wp-content\/uploads\/2021\/02\/Softshell-engels.png 764w, https:\/\/magnetarmagnets.com\/wp-content\/uploads\/2021\/02\/Softshell-engels-600x342.png 600w, https:\/\/magnetarmagnets.com\/wp-content\/uploads\/2021\/02\/Softshell-engels-300x171.png 300w\" sizes=\"(max-width: 764px) 100vw, 764px\" \/>\n\n<h2>B\u00e4sta v\u00e4rmejackorna<\/h2>\n\n<strong>En v\u00e4rmejacka?<\/strong> V\u00e5ra v\u00e4rmejackor h\u00e5ller dig varm \u00e4ven under kyligare dagar. Denna batteridrivna v\u00e4rmejacka har tre v\u00e4rmeinst\u00e4llningar, s\u00e5 du alltid kan hitta en bekv\u00e4m temperatur. <a href=\"https:\/\/magnetarmagnets.com\/\" target=\"_blank\" rel=\"noopener\">magnetfiske<\/a> hela dagen? Jobbar du utomhus en kall dag? En sval sommarkv\u00e4ll? Denna bekv\u00e4ma, vind- och vattent\u00e4ta v\u00e4rmejacka h\u00e5ller dig varm.\n\n<h2>Produktinformation f\u00f6r v\u00e4rmejacka<\/h2>\n\nDet medf\u00f6ljande batteriet har storleken av en mobiltelefon och kan h\u00e5lla dig varm i <strong>upp till 10 timmar<\/strong>, beroende p\u00e5 v\u00e4rmeinst\u00e4llningen. Jackan levereras <strong>med batteri och laddare<\/strong>. Jackan \u00e4r tillverkad av vind- och vattenavvisande material och har ett extra mjukt foder av polar-fleece p\u00e5 insidan, som ger dig full r\u00f6relsefrihet under dina utomhusaktiviteter. Med denna jacka beh\u00f6ver du inte kl\u00e4 dig i flera lager kl\u00e4der, till exempel n\u00e4r du tar en promenad, jobbar i tr\u00e4dg\u00e5rden, fiskar eller cyklar.\n\n\n\nUppv\u00e4rmningszonerna ger dig bekv\u00e4m v\u00e4rme precis p\u00e5 de delar av \u00f6verkroppen d\u00e4r du beh\u00f6ver den, p\u00e5 br\u00f6stet och ryggen. L\u00e5g, medel och h\u00f6g inst\u00e4llning l\u00e5ter dig anpassa dig efter omgivningen och h\u00e5lla v\u00e4rmen hela dagen. Ladda sedan batteriet p\u00e5 3\u20134 timmar och du \u00e4r redo att ge dig iv\u00e4g.\n\n\n\nV\u00e5ra jackor \u00e4r tillverkade av slitstarkt och h\u00f6gkvalitativt material som h\u00e5ller dig varm i alla v\u00e4derf\u00f6rh\u00e5llanden.\n\n<h2>CE-godk\u00e4nda v\u00e4rmejackor<\/h2>\n\nV\u00e4rmejackorna \u00e4r CE-godk\u00e4nda. Vi st\u00e5r helt bakom v\u00e5r produkt och erbjuder d\u00e4rf\u00f6r <strong>1 \u00e5rs garanti<\/strong>.","protected":false},"excerpt":{"rendered":"<p><span style=\"font-weight: 400;\">Detta \u00e4r en v\u00e4rmejacka med inbyggd v\u00e4rmare och tre v\u00e4rmeinst\u00e4llningar. Den h\u00e5ller dig varm n\u00e4r du beh\u00f6ver det.<\/span><\/p>\n","protected":false},"featured_media":71561,"comment_status":"open","ping_status":"closed","template":"","meta":{"_acf_changed":false,"inline_featured_image":false},"product_brand":[],"product_cat":[258,167],"product_tag":[],"class_list":{"0":"post-67490","1":"product","2":"type-product","3":"status-publish","4":"has-post-thumbnail","6":"product_cat-ovrigt-tillbehor","7":"product_cat-okategoriserad","9":"first","10":"instock","11":"sale","12":"taxable","13":"shipping-taxable","14":"purchasable","15":"product-type-simple"},"acf":[],"yoast_head":"<!-- This site is optimized with the Yoast SEO plugin v27.3 - https:\/\/yoast.com\/product\/yoast-seo-wordpress\/ -->\n<title>V\u00e4rmejacka Vulcan L - Magnet fishing with a Magnetar fishing magnet<\/title>\n<meta name=\"description\" content=\"Jobbar du utomhus en kall dag? En sval sommarkv\u00e4ll? Denna bekv\u00e4ma, vind- och vattent\u00e4ta v\u00e4rmejacka h\u00e5ller dig varm.\" \/>\n<meta name=\"robots\" content=\"index, follow, max-snippet:-1, max-image-preview:large, max-video-preview:-1\" \/>\n<link rel=\"canonical\" href=\"https:\/\/magnetarmagnets.com\/sv\/shop\/varmejacka-vulcan-l\/\" \/>\n<meta property=\"og:locale\" content=\"sv_SE\" \/>\n<meta property=\"og:type\" content=\"article\" \/>\n<meta property=\"og:title\" content=\"V\u00e4rmejacka Vulcan L - Magnet fishing with a Magnetar fishing magnet\" \/>\n<meta property=\"og:description\" content=\"Jobbar du utomhus en kall dag? En sval sommarkv\u00e4ll? Denna bekv\u00e4ma, vind- och vattent\u00e4ta v\u00e4rmejacka h\u00e5ller dig varm.\" \/>\n<meta property=\"og:url\" content=\"https:\/\/magnetarmagnets.com\/sv\/shop\/varmejacka-vulcan-l\/\" \/>\n<meta property=\"og:site_name\" content=\"Magnet fishing with a Magnetar fishing magnet\" \/>\n<meta property=\"article:publisher\" content=\"https:\/\/www.facebook.com\/fishingmagnets\/\" \/>\n<meta property=\"article:modified_time\" content=\"2026-04-03T07:51:22+00:00\" \/>\n<meta property=\"og:image\" content=\"https:\/\/magnetarmagnets.com\/wp-content\/uploads\/2021\/02\/heated-jacket-scaled.jpg\" \/>\n\t<meta property=\"og:image:width\" content=\"2560\" \/>\n\t<meta property=\"og:image:height\" content=\"2560\" \/>\n\t<meta property=\"og:image:type\" content=\"image\/jpeg\" \/>\n<meta name=\"twitter:card\" content=\"summary_large_image\" \/>\n<meta name=\"twitter:label1\" content=\"Ber\u00e4knad l\u00e4stid\" \/>\n\t<meta name=\"twitter:data1\" content=\"2 minuter\" \/>\n<script type=\"application\/ld+json\" class=\"yoast-schema-graph\">{\"@context\":\"https:\\\/\\\/schema.org\",\"@graph\":[{\"@type\":[\"WebPage\",\"ItemPage\"],\"@id\":\"https:\\\/\\\/magnetarmagnets.com\\\/sv\\\/shop\\\/varmejacka-vulcan-l\\\/\",\"url\":\"https:\\\/\\\/magnetarmagnets.com\\\/sv\\\/shop\\\/varmejacka-vulcan-l\\\/\",\"name\":\"V\u00e4rmejacka Vulcan L - Magnet fishing with a Magnetar fishing magnet\",\"isPartOf\":{\"@id\":\"https:\\\/\\\/magnetarmagnets.com\\\/sv\\\/#website\"},\"primaryImageOfPage\":{\"@id\":\"https:\\\/\\\/magnetarmagnets.com\\\/sv\\\/shop\\\/varmejacka-vulcan-l\\\/#primaryimage\"},\"image\":{\"@id\":\"https:\\\/\\\/magnetarmagnets.com\\\/sv\\\/shop\\\/varmejacka-vulcan-l\\\/#primaryimage\"},\"thumbnailUrl\":\"https:\\\/\\\/magnetarmagnets.com\\\/wp-content\\\/uploads\\\/2021\\\/02\\\/heated-jacket-scaled.jpg\",\"datePublished\":\"2025-06-05T07:53:45+00:00\",\"dateModified\":\"2026-04-03T07:51:22+00:00\",\"description\":\"Jobbar du utomhus en kall dag? En sval sommarkv\u00e4ll? Denna bekv\u00e4ma, vind- och vattent\u00e4ta v\u00e4rmejacka h\u00e5ller dig varm.\",\"breadcrumb\":{\"@id\":\"https:\\\/\\\/magnetarmagnets.com\\\/sv\\\/shop\\\/varmejacka-vulcan-l\\\/#breadcrumb\"},\"inLanguage\":\"sv-SE\",\"potentialAction\":[{\"@type\":\"ReadAction\",\"target\":[\"https:\\\/\\\/magnetarmagnets.com\\\/sv\\\/shop\\\/varmejacka-vulcan-l\\\/\"]}]},{\"@type\":\"ImageObject\",\"inLanguage\":\"sv-SE\",\"@id\":\"https:\\\/\\\/magnetarmagnets.com\\\/sv\\\/shop\\\/varmejacka-vulcan-l\\\/#primaryimage\",\"url\":\"https:\\\/\\\/magnetarmagnets.com\\\/wp-content\\\/uploads\\\/2021\\\/02\\\/heated-jacket-scaled.jpg\",\"contentUrl\":\"https:\\\/\\\/magnetarmagnets.com\\\/wp-content\\\/uploads\\\/2021\\\/02\\\/heated-jacket-scaled.jpg\",\"width\":2560,\"height\":2560,\"caption\":\"heated jacket\"},{\"@type\":\"BreadcrumbList\",\"@id\":\"https:\\\/\\\/magnetarmagnets.com\\\/sv\\\/shop\\\/varmejacka-vulcan-l\\\/#breadcrumb\",\"itemListElement\":[{\"@type\":\"ListItem\",\"position\":1,\"name\":\"Home\",\"item\":\"https:\\\/\\\/magnetarmagnets.com\\\/sv\\\/\"},{\"@type\":\"ListItem\",\"position\":2,\"name\":\"Butik\",\"item\":\"https:\\\/\\\/magnetarmagnets.com\\\/sv\\\/butik\\\/\"},{\"@type\":\"ListItem\",\"position\":3,\"name\":\"\u00d6vrigt\",\"item\":\"https:\\\/\\\/magnetarmagnets.com\\\/sv\\\/collections\\\/ovrigt-tillbehor\\\/\"},{\"@type\":\"ListItem\",\"position\":4,\"name\":\"V\u00e4rmejacka Vulcan L\"}]},{\"@type\":\"WebSite\",\"@id\":\"https:\\\/\\\/magnetarmagnets.com\\\/sv\\\/#website\",\"url\":\"https:\\\/\\\/magnetarmagnets.com\\\/sv\\\/\",\"name\":\"Magnet fishing with a Magnetar fishing magnet\",\"description\":\"Kraftfulla magneter f\u00f6r magnetfiske\",\"publisher\":{\"@id\":\"https:\\\/\\\/magnetarmagnets.com\\\/sv\\\/#organization\"},\"potentialAction\":[{\"@type\":\"SearchAction\",\"target\":{\"@type\":\"EntryPoint\",\"urlTemplate\":\"https:\\\/\\\/magnetarmagnets.com\\\/sv\\\/?s={search_term_string}\"},\"query-input\":{\"@type\":\"PropertyValueSpecification\",\"valueRequired\":true,\"valueName\":\"search_term_string\"}}],\"inLanguage\":\"sv-SE\"},{\"@type\":\"Organization\",\"@id\":\"https:\\\/\\\/magnetarmagnets.com\\\/sv\\\/#organization\",\"name\":\"Magnetar\",\"url\":\"https:\\\/\\\/magnetarmagnets.com\\\/sv\\\/\",\"logo\":{\"@type\":\"ImageObject\",\"inLanguage\":\"sv-SE\",\"@id\":\"https:\\\/\\\/magnetarmagnets.com\\\/sv\\\/#\\\/schema\\\/logo\\\/image\\\/\",\"url\":\"https:\\\/\\\/magnetarmagnets.com\\\/wp-content\\\/uploads\\\/2025\\\/05\\\/Logo-03_PNG-Black-scaled.png\",\"contentUrl\":\"https:\\\/\\\/magnetarmagnets.com\\\/wp-content\\\/uploads\\\/2025\\\/05\\\/Logo-03_PNG-Black-scaled.png\",\"width\":2560,\"height\":1658,\"caption\":\"Magnetar\"},\"image\":{\"@id\":\"https:\\\/\\\/magnetarmagnets.com\\\/sv\\\/#\\\/schema\\\/logo\\\/image\\\/\"},\"sameAs\":[\"https:\\\/\\\/www.facebook.com\\\/fishingmagnets\\\/\",\"https:\\\/\\\/www.instagram.com\\\/magnetar_magnets\\\/\",\"https:\\\/\\\/www.linkedin.com\\\/company\\\/magnetarbv\\\/?originalSubdomain=nl\",\"https:\\\/\\\/www.youtube.com\\\/c\\\/MagnetarVismagneet\"]}]}<\/script>\n<!-- \/ Yoast SEO plugin. -->","yoast_head_json":{"title":"V\u00e4rmejacka Vulcan L - Magnet fishing with a Magnetar fishing magnet","description":"Jobbar du utomhus en kall dag? En sval sommarkv\u00e4ll? Denna bekv\u00e4ma, vind- och vattent\u00e4ta v\u00e4rmejacka h\u00e5ller dig varm.","robots":{"index":"index","follow":"follow","max-snippet":"max-snippet:-1","max-image-preview":"max-image-preview:large","max-video-preview":"max-video-preview:-1"},"canonical":"https:\/\/magnetarmagnets.com\/sv\/shop\/varmejacka-vulcan-l\/","og_locale":"sv_SE","og_type":"article","og_title":"V\u00e4rmejacka Vulcan L - Magnet fishing with a Magnetar fishing magnet","og_description":"Jobbar du utomhus en kall dag? En sval sommarkv\u00e4ll? Denna bekv\u00e4ma, vind- och vattent\u00e4ta v\u00e4rmejacka h\u00e5ller dig varm.","og_url":"https:\/\/magnetarmagnets.com\/sv\/shop\/varmejacka-vulcan-l\/","og_site_name":"Magnet fishing with a Magnetar fishing magnet","article_publisher":"https:\/\/www.facebook.com\/fishingmagnets\/","article_modified_time":"2026-04-03T07:51:22+00:00","og_image":[{"width":2560,"height":2560,"url":"https:\/\/magnetarmagnets.com\/wp-content\/uploads\/2021\/02\/heated-jacket-scaled.jpg","type":"image\/jpeg"}],"twitter_card":"summary_large_image","twitter_misc":{"Ber\u00e4knad l\u00e4stid":"2 minuter"},"schema":{"@context":"https:\/\/schema.org","@graph":[{"@type":["WebPage","ItemPage"],"@id":"https:\/\/magnetarmagnets.com\/sv\/shop\/varmejacka-vulcan-l\/","url":"https:\/\/magnetarmagnets.com\/sv\/shop\/varmejacka-vulcan-l\/","name":"V\u00e4rmejacka Vulcan L - Magnet fishing with a Magnetar fishing magnet","isPartOf":{"@id":"https:\/\/magnetarmagnets.com\/sv\/#website"},"primaryImageOfPage":{"@id":"https:\/\/magnetarmagnets.com\/sv\/shop\/varmejacka-vulcan-l\/#primaryimage"},"image":{"@id":"https:\/\/magnetarmagnets.com\/sv\/shop\/varmejacka-vulcan-l\/#primaryimage"},"thumbnailUrl":"https:\/\/magnetarmagnets.com\/wp-content\/uploads\/2021\/02\/heated-jacket-scaled.jpg","datePublished":"2025-06-05T07:53:45+00:00","dateModified":"2026-04-03T07:51:22+00:00","description":"Jobbar du utomhus en kall dag? En sval sommarkv\u00e4ll? Denna bekv\u00e4ma, vind- och vattent\u00e4ta v\u00e4rmejacka h\u00e5ller dig varm.","breadcrumb":{"@id":"https:\/\/magnetarmagnets.com\/sv\/shop\/varmejacka-vulcan-l\/#breadcrumb"},"inLanguage":"sv-SE","potentialAction":[{"@type":"ReadAction","target":["https:\/\/magnetarmagnets.com\/sv\/shop\/varmejacka-vulcan-l\/"]}]},{"@type":"ImageObject","inLanguage":"sv-SE","@id":"https:\/\/magnetarmagnets.com\/sv\/shop\/varmejacka-vulcan-l\/#primaryimage","url":"https:\/\/magnetarmagnets.com\/wp-content\/uploads\/2021\/02\/heated-jacket-scaled.jpg","contentUrl":"https:\/\/magnetarmagnets.com\/wp-content\/uploads\/2021\/02\/heated-jacket-scaled.jpg","width":2560,"height":2560,"caption":"heated jacket"},{"@type":"BreadcrumbList","@id":"https:\/\/magnetarmagnets.com\/sv\/shop\/varmejacka-vulcan-l\/#breadcrumb","itemListElement":[{"@type":"ListItem","position":1,"name":"Home","item":"https:\/\/magnetarmagnets.com\/sv\/"},{"@type":"ListItem","position":2,"name":"Butik","item":"https:\/\/magnetarmagnets.com\/sv\/butik\/"},{"@type":"ListItem","position":3,"name":"\u00d6vrigt","item":"https:\/\/magnetarmagnets.com\/sv\/collections\/ovrigt-tillbehor\/"},{"@type":"ListItem","position":4,"name":"V\u00e4rmejacka Vulcan L"}]},{"@type":"WebSite","@id":"https:\/\/magnetarmagnets.com\/sv\/#website","url":"https:\/\/magnetarmagnets.com\/sv\/","name":"Magnet fishing with a Magnetar fishing magnet","description":"Kraftfulla magneter f\u00f6r magnetfiske","publisher":{"@id":"https:\/\/magnetarmagnets.com\/sv\/#organization"},"potentialAction":[{"@type":"SearchAction","target":{"@type":"EntryPoint","urlTemplate":"https:\/\/magnetarmagnets.com\/sv\/?s={search_term_string}"},"query-input":{"@type":"PropertyValueSpecification","valueRequired":true,"valueName":"search_term_string"}}],"inLanguage":"sv-SE"},{"@type":"Organization","@id":"https:\/\/magnetarmagnets.com\/sv\/#organization","name":"Magnetar","url":"https:\/\/magnetarmagnets.com\/sv\/","logo":{"@type":"ImageObject","inLanguage":"sv-SE","@id":"https:\/\/magnetarmagnets.com\/sv\/#\/schema\/logo\/image\/","url":"https:\/\/magnetarmagnets.com\/wp-content\/uploads\/2025\/05\/Logo-03_PNG-Black-scaled.png","contentUrl":"https:\/\/magnetarmagnets.com\/wp-content\/uploads\/2025\/05\/Logo-03_PNG-Black-scaled.png","width":2560,"height":1658,"caption":"Magnetar"},"image":{"@id":"https:\/\/magnetarmagnets.com\/sv\/#\/schema\/logo\/image\/"},"sameAs":["https:\/\/www.facebook.com\/fishingmagnets\/","https:\/\/www.instagram.com\/magnetar_magnets\/","https:\/\/www.linkedin.com\/company\/magnetarbv\/?originalSubdomain=nl","https:\/\/www.youtube.com\/c\/MagnetarVismagneet"]}]}},"_links":{"self":[{"href":"https:\/\/magnetarmagnets.com\/sv\/wp-json\/wp\/v2\/product\/67490","targetHints":{"allow":["GET"]}}],"collection":[{"href":"https:\/\/magnetarmagnets.com\/sv\/wp-json\/wp\/v2\/product"}],"about":[{"href":"https:\/\/magnetarmagnets.com\/sv\/wp-json\/wp\/v2\/types\/product"}],"replies":[{"embeddable":true,"href":"https:\/\/magnetarmagnets.com\/sv\/wp-json\/wp\/v2\/comments?post=67490"}],"version-history":[{"count":0,"href":"https:\/\/magnetarmagnets.com\/sv\/wp-json\/wp\/v2\/product\/67490\/revisions"}],"wp:featuredmedia":[{"embeddable":true,"href":"https:\/\/magnetarmagnets.com\/sv\/wp-json\/wp\/v2\/media\/71561"}],"wp:attachment":[{"href":"https:\/\/magnetarmagnets.com\/sv\/wp-json\/wp\/v2\/media?parent=67490"}],"wp:term":[{"taxonomy":"product_brand","embeddable":true,"href":"https:\/\/magnetarmagnets.com\/sv\/wp-json\/wp\/v2\/product_brand?post=67490"},{"taxonomy":"product_cat","embeddable":true,"href":"https:\/\/magnetarmagnets.com\/sv\/wp-json\/wp\/v2\/product_cat?post=67490"},{"taxonomy":"product_tag","embeddable":true,"href":"https:\/\/magnetarmagnets.com\/sv\/wp-json\/wp\/v2\/product_tag?post=67490"}],"curies":[{"name":"wp","href":"https:\/\/api.w.org\/{rel}","templated":true}]}}