{"id":67484,"date":"2025-06-05T09:53:46","date_gmt":"2025-06-05T07:53:46","guid":{"rendered":"https:\/\/magnetarmagnets.com\/?post_type=product&#038;p=67484"},"modified":"2026-04-03T20:58:07","modified_gmt":"2026-04-03T18:58:07","slug":"varmehoodie-etna-xxl","status":"publish","type":"product","link":"https:\/\/magnetarmagnets.com\/sv\/shop\/varmehoodie-etna-xxl\/","title":{"rendered":"V\u00e4rmehoodie Etna XXL"},"content":{"rendered":"<h2><img fetchpriority=\"high\" decoding=\"async\" class=\"aligncenter wp-image-51837 size-full\" src=\"https:\/\/magnetarmagnets.com\/wp-content\/uploads\/2021\/02\/hoodie-engels.png\" alt=\"uppv\u00e4rmd hoodie, CE-godk\u00e4nd hoodie, Magnetar Heat, v\u00e4rmehoodie, varm hoodie, v\u00e4st\" width=\"765\" height=\"434\" srcset=\"https:\/\/magnetarmagnets.com\/wp-content\/uploads\/2021\/02\/hoodie-engels.png 765w, https:\/\/magnetarmagnets.com\/wp-content\/uploads\/2021\/02\/hoodie-engels-600x340.png 600w, https:\/\/magnetarmagnets.com\/wp-content\/uploads\/2021\/02\/hoodie-engels-300x170.png 300w\" sizes=\"(max-width: 765px) 100vw, 765px\" \/><\/h2>\n\n<h2>Den b\u00e4sta v\u00e4rmehoodien<\/h2>\n\n<strong>En uppv\u00e4rmd hoodie?<\/strong> V\u00e5ra v\u00e4rmehoodies h\u00e5ller dig varm \u00e4ven under de kallare dagarna. Denna batteridrivna v\u00e4rmehoodie har tre v\u00e4rmeinst\u00e4llningar, s\u00e5 du alltid har en bekv\u00e4m temperatur. <a href=\"https:\/\/magnetarmagnets.com\/\" target=\"_blank\" rel=\"noopener\">Magnetfiske<\/a> hela dagen? Arbetar utomhus en kall dag? En sval sommarkv\u00e4ll? Eller bara kopplar av i soffan? Denna bekv\u00e4ma, vindt\u00e4ta och vattent\u00e4ta v\u00e4rmehoodie h\u00e5ller dig varm.\n\n<h2>Produktinformation v\u00e4rmehoodie<\/h2>\n\nBatteriet som ing\u00e5r har storleken av en mobiltelefon och kan h\u00e5lla dig varm i upp till <strong>10 timmar<\/strong>, beroende p\u00e5 v\u00e4rmeinst\u00e4llning. Hoodien levereras <strong>med batteri och laddare<\/strong>. Denna hoodie \u00e4r tillverkad av en slitstark blandning av bomull och polyester och har extra mjukt fleecefoder p\u00e5 insidan. Den v\u00e4rmehoodien \u00e4r l\u00e4mplig f\u00f6r tv\u00e4ttmaskin enligt beskrivningarna, se bara till att ta ut batteriet f\u00f6rst.\n\nV\u00e4rmezonerna ger dig behaglig v\u00e4rme exakt p\u00e5 den del av \u00f6verkroppen d\u00e4r du beh\u00f6ver det, p\u00e5 br\u00f6stet och ryggen. Hoodien rekommenderas ocks\u00e5 om du har ryggbesv\u00e4r. L\u00e5g, medel och h\u00f6g inst\u00e4llning l\u00e5ter dig anpassa dig efter omgivningen och h\u00e5lla v\u00e4rmen hela dagen. Ladda sedan bara batteriet p\u00e5 3-4 timmar s\u00e5 \u00e4r du redo igen.\n\nV\u00e5ra v\u00e4rmehoodies \u00e4r tillverkade av h\u00e5llbara och h\u00f6gkvalitativa material som \u00e4r gjorda f\u00f6r att h\u00e5lla dig varm i alla v\u00e4derf\u00f6rh\u00e5llanden.\n\n<h2>CE-godk\u00e4nda v\u00e4rmehoodies<\/h2>\n\nHoodien \u00e4r CE-godk\u00e4nd. Vi st\u00e5r fullt bakom v\u00e5r produkt och erbjuder d\u00e4rf\u00f6r <strong>1 \u00e5rs garanti<\/strong>.","protected":false},"excerpt":{"rendered":"<p><span style=\"font-weight: 400;\">Detta \u00e4r en v\u00e4rmebar v\u00e4st med tre v\u00e4rmeinst\u00e4llningar. Den h\u00e5ller dig varm n\u00e4r du beh\u00f6ver det.<\/span><\/p>\n","protected":false},"featured_media":64763,"comment_status":"open","ping_status":"closed","template":"","meta":{"_acf_changed":false,"inline_featured_image":false},"product_brand":[],"product_cat":[167],"product_tag":[],"class_list":{"0":"post-67484","1":"product","2":"type-product","3":"status-publish","4":"has-post-thumbnail","6":"product_cat-okategoriserad","8":"first","9":"instock","10":"sale","11":"taxable","12":"shipping-taxable","13":"purchasable","14":"product-type-simple"},"acf":[],"yoast_head":"<!-- This site is optimized with the Yoast SEO plugin v27.3 - https:\/\/yoast.com\/product\/yoast-seo-wordpress\/ -->\n<title>V\u00e4rmehoodie Etna XXL - Magnet fishing with a Magnetar fishing magnet<\/title>\n<meta name=\"description\" content=\"En v\u00e4rmehoodie? V\u00e5ra v\u00e4rmehoodies h\u00e5ller dig varm \u00e4ven under de kallare dagarna. Magnetar Heat har de b\u00e4sta v\u00e4rmehoodies du beh\u00f6ver!\" \/>\n<meta name=\"robots\" content=\"index, follow, max-snippet:-1, max-image-preview:large, max-video-preview:-1\" \/>\n<link rel=\"canonical\" href=\"https:\/\/magnetarmagnets.com\/sv\/shop\/varmehoodie-etna-xxl\/\" \/>\n<meta property=\"og:locale\" content=\"sv_SE\" \/>\n<meta property=\"og:type\" content=\"article\" \/>\n<meta property=\"og:title\" content=\"V\u00e4rmehoodie Etna XXL - Magnet fishing with a Magnetar fishing magnet\" \/>\n<meta property=\"og:description\" content=\"En v\u00e4rmehoodie? V\u00e5ra v\u00e4rmehoodies h\u00e5ller dig varm \u00e4ven under de kallare dagarna. Magnetar Heat har de b\u00e4sta v\u00e4rmehoodies du beh\u00f6ver!\" \/>\n<meta property=\"og:url\" content=\"https:\/\/magnetarmagnets.com\/sv\/shop\/varmehoodie-etna-xxl\/\" \/>\n<meta property=\"og:site_name\" content=\"Magnet fishing with a Magnetar fishing magnet\" \/>\n<meta property=\"article:publisher\" content=\"https:\/\/www.facebook.com\/fishingmagnets\/\" \/>\n<meta property=\"article:modified_time\" content=\"2026-04-03T18:58:07+00:00\" \/>\n<meta property=\"og:image\" content=\"https:\/\/magnetarmagnets.com\/wp-content\/uploads\/2021\/02\/heated-Hoodie-scaled.jpg\" \/>\n\t<meta property=\"og:image:width\" content=\"2560\" \/>\n\t<meta property=\"og:image:height\" content=\"2522\" \/>\n\t<meta property=\"og:image:type\" content=\"image\/jpeg\" \/>\n<meta name=\"twitter:card\" content=\"summary_large_image\" \/>\n<meta name=\"twitter:label1\" content=\"Ber\u00e4knad l\u00e4stid\" \/>\n\t<meta name=\"twitter:data1\" content=\"2 minuter\" \/>\n<script type=\"application\/ld+json\" class=\"yoast-schema-graph\">{\"@context\":\"https:\\\/\\\/schema.org\",\"@graph\":[{\"@type\":[\"WebPage\",\"ItemPage\"],\"@id\":\"https:\\\/\\\/magnetarmagnets.com\\\/sv\\\/shop\\\/varmehoodie-etna-xxl\\\/\",\"url\":\"https:\\\/\\\/magnetarmagnets.com\\\/sv\\\/shop\\\/varmehoodie-etna-xxl\\\/\",\"name\":\"V\u00e4rmehoodie Etna XXL - Magnet fishing with a Magnetar fishing magnet\",\"isPartOf\":{\"@id\":\"https:\\\/\\\/magnetarmagnets.com\\\/sv\\\/#website\"},\"primaryImageOfPage\":{\"@id\":\"https:\\\/\\\/magnetarmagnets.com\\\/sv\\\/shop\\\/varmehoodie-etna-xxl\\\/#primaryimage\"},\"image\":{\"@id\":\"https:\\\/\\\/magnetarmagnets.com\\\/sv\\\/shop\\\/varmehoodie-etna-xxl\\\/#primaryimage\"},\"thumbnailUrl\":\"https:\\\/\\\/magnetarmagnets.com\\\/wp-content\\\/uploads\\\/2021\\\/02\\\/heated-Hoodie-scaled.jpg\",\"datePublished\":\"2025-06-05T07:53:46+00:00\",\"dateModified\":\"2026-04-03T18:58:07+00:00\",\"description\":\"En v\u00e4rmehoodie? V\u00e5ra v\u00e4rmehoodies h\u00e5ller dig varm \u00e4ven under de kallare dagarna. Magnetar Heat har de b\u00e4sta v\u00e4rmehoodies du beh\u00f6ver!\",\"breadcrumb\":{\"@id\":\"https:\\\/\\\/magnetarmagnets.com\\\/sv\\\/shop\\\/varmehoodie-etna-xxl\\\/#breadcrumb\"},\"inLanguage\":\"sv-SE\",\"potentialAction\":[{\"@type\":\"ReadAction\",\"target\":[\"https:\\\/\\\/magnetarmagnets.com\\\/sv\\\/shop\\\/varmehoodie-etna-xxl\\\/\"]}]},{\"@type\":\"ImageObject\",\"inLanguage\":\"sv-SE\",\"@id\":\"https:\\\/\\\/magnetarmagnets.com\\\/sv\\\/shop\\\/varmehoodie-etna-xxl\\\/#primaryimage\",\"url\":\"https:\\\/\\\/magnetarmagnets.com\\\/wp-content\\\/uploads\\\/2021\\\/02\\\/heated-Hoodie-scaled.jpg\",\"contentUrl\":\"https:\\\/\\\/magnetarmagnets.com\\\/wp-content\\\/uploads\\\/2021\\\/02\\\/heated-Hoodie-scaled.jpg\",\"width\":2560,\"height\":2522},{\"@type\":\"BreadcrumbList\",\"@id\":\"https:\\\/\\\/magnetarmagnets.com\\\/sv\\\/shop\\\/varmehoodie-etna-xxl\\\/#breadcrumb\",\"itemListElement\":[{\"@type\":\"ListItem\",\"position\":1,\"name\":\"Home\",\"item\":\"https:\\\/\\\/magnetarmagnets.com\\\/sv\\\/\"},{\"@type\":\"ListItem\",\"position\":2,\"name\":\"Butik\",\"item\":\"https:\\\/\\\/magnetarmagnets.com\\\/sv\\\/butik\\\/\"},{\"@type\":\"ListItem\",\"position\":3,\"name\":\"\u00d6vrigt\",\"item\":\"https:\\\/\\\/magnetarmagnets.com\\\/sv\\\/collections\\\/ovrigt-tillbehor\\\/\"},{\"@type\":\"ListItem\",\"position\":4,\"name\":\"V\u00e4rmehoodie Etna XXL\"}]},{\"@type\":\"WebSite\",\"@id\":\"https:\\\/\\\/magnetarmagnets.com\\\/sv\\\/#website\",\"url\":\"https:\\\/\\\/magnetarmagnets.com\\\/sv\\\/\",\"name\":\"Magnet fishing with a Magnetar fishing magnet\",\"description\":\"Kraftfulla magneter f\u00f6r magnetfiske\",\"publisher\":{\"@id\":\"https:\\\/\\\/magnetarmagnets.com\\\/sv\\\/#organization\"},\"potentialAction\":[{\"@type\":\"SearchAction\",\"target\":{\"@type\":\"EntryPoint\",\"urlTemplate\":\"https:\\\/\\\/magnetarmagnets.com\\\/sv\\\/?s={search_term_string}\"},\"query-input\":{\"@type\":\"PropertyValueSpecification\",\"valueRequired\":true,\"valueName\":\"search_term_string\"}}],\"inLanguage\":\"sv-SE\"},{\"@type\":\"Organization\",\"@id\":\"https:\\\/\\\/magnetarmagnets.com\\\/sv\\\/#organization\",\"name\":\"Magnetar\",\"url\":\"https:\\\/\\\/magnetarmagnets.com\\\/sv\\\/\",\"logo\":{\"@type\":\"ImageObject\",\"inLanguage\":\"sv-SE\",\"@id\":\"https:\\\/\\\/magnetarmagnets.com\\\/sv\\\/#\\\/schema\\\/logo\\\/image\\\/\",\"url\":\"https:\\\/\\\/magnetarmagnets.com\\\/wp-content\\\/uploads\\\/2025\\\/05\\\/Logo-03_PNG-Black-scaled.png\",\"contentUrl\":\"https:\\\/\\\/magnetarmagnets.com\\\/wp-content\\\/uploads\\\/2025\\\/05\\\/Logo-03_PNG-Black-scaled.png\",\"width\":2560,\"height\":1658,\"caption\":\"Magnetar\"},\"image\":{\"@id\":\"https:\\\/\\\/magnetarmagnets.com\\\/sv\\\/#\\\/schema\\\/logo\\\/image\\\/\"},\"sameAs\":[\"https:\\\/\\\/www.facebook.com\\\/fishingmagnets\\\/\",\"https:\\\/\\\/www.instagram.com\\\/magnetar_magnets\\\/\",\"https:\\\/\\\/www.linkedin.com\\\/company\\\/magnetarbv\\\/?originalSubdomain=nl\",\"https:\\\/\\\/www.youtube.com\\\/c\\\/MagnetarVismagneet\"]}]}<\/script>\n<!-- \/ Yoast SEO plugin. -->","yoast_head_json":{"title":"V\u00e4rmehoodie Etna XXL - Magnet fishing with a Magnetar fishing magnet","description":"En v\u00e4rmehoodie? V\u00e5ra v\u00e4rmehoodies h\u00e5ller dig varm \u00e4ven under de kallare dagarna. Magnetar Heat har de b\u00e4sta v\u00e4rmehoodies du beh\u00f6ver!","robots":{"index":"index","follow":"follow","max-snippet":"max-snippet:-1","max-image-preview":"max-image-preview:large","max-video-preview":"max-video-preview:-1"},"canonical":"https:\/\/magnetarmagnets.com\/sv\/shop\/varmehoodie-etna-xxl\/","og_locale":"sv_SE","og_type":"article","og_title":"V\u00e4rmehoodie Etna XXL - Magnet fishing with a Magnetar fishing magnet","og_description":"En v\u00e4rmehoodie? V\u00e5ra v\u00e4rmehoodies h\u00e5ller dig varm \u00e4ven under de kallare dagarna. Magnetar Heat har de b\u00e4sta v\u00e4rmehoodies du beh\u00f6ver!","og_url":"https:\/\/magnetarmagnets.com\/sv\/shop\/varmehoodie-etna-xxl\/","og_site_name":"Magnet fishing with a Magnetar fishing magnet","article_publisher":"https:\/\/www.facebook.com\/fishingmagnets\/","article_modified_time":"2026-04-03T18:58:07+00:00","og_image":[{"width":2560,"height":2522,"url":"https:\/\/magnetarmagnets.com\/wp-content\/uploads\/2021\/02\/heated-Hoodie-scaled.jpg","type":"image\/jpeg"}],"twitter_card":"summary_large_image","twitter_misc":{"Ber\u00e4knad l\u00e4stid":"2 minuter"},"schema":{"@context":"https:\/\/schema.org","@graph":[{"@type":["WebPage","ItemPage"],"@id":"https:\/\/magnetarmagnets.com\/sv\/shop\/varmehoodie-etna-xxl\/","url":"https:\/\/magnetarmagnets.com\/sv\/shop\/varmehoodie-etna-xxl\/","name":"V\u00e4rmehoodie Etna XXL - Magnet fishing with a Magnetar fishing magnet","isPartOf":{"@id":"https:\/\/magnetarmagnets.com\/sv\/#website"},"primaryImageOfPage":{"@id":"https:\/\/magnetarmagnets.com\/sv\/shop\/varmehoodie-etna-xxl\/#primaryimage"},"image":{"@id":"https:\/\/magnetarmagnets.com\/sv\/shop\/varmehoodie-etna-xxl\/#primaryimage"},"thumbnailUrl":"https:\/\/magnetarmagnets.com\/wp-content\/uploads\/2021\/02\/heated-Hoodie-scaled.jpg","datePublished":"2025-06-05T07:53:46+00:00","dateModified":"2026-04-03T18:58:07+00:00","description":"En v\u00e4rmehoodie? V\u00e5ra v\u00e4rmehoodies h\u00e5ller dig varm \u00e4ven under de kallare dagarna. Magnetar Heat har de b\u00e4sta v\u00e4rmehoodies du beh\u00f6ver!","breadcrumb":{"@id":"https:\/\/magnetarmagnets.com\/sv\/shop\/varmehoodie-etna-xxl\/#breadcrumb"},"inLanguage":"sv-SE","potentialAction":[{"@type":"ReadAction","target":["https:\/\/magnetarmagnets.com\/sv\/shop\/varmehoodie-etna-xxl\/"]}]},{"@type":"ImageObject","inLanguage":"sv-SE","@id":"https:\/\/magnetarmagnets.com\/sv\/shop\/varmehoodie-etna-xxl\/#primaryimage","url":"https:\/\/magnetarmagnets.com\/wp-content\/uploads\/2021\/02\/heated-Hoodie-scaled.jpg","contentUrl":"https:\/\/magnetarmagnets.com\/wp-content\/uploads\/2021\/02\/heated-Hoodie-scaled.jpg","width":2560,"height":2522},{"@type":"BreadcrumbList","@id":"https:\/\/magnetarmagnets.com\/sv\/shop\/varmehoodie-etna-xxl\/#breadcrumb","itemListElement":[{"@type":"ListItem","position":1,"name":"Home","item":"https:\/\/magnetarmagnets.com\/sv\/"},{"@type":"ListItem","position":2,"name":"Butik","item":"https:\/\/magnetarmagnets.com\/sv\/butik\/"},{"@type":"ListItem","position":3,"name":"\u00d6vrigt","item":"https:\/\/magnetarmagnets.com\/sv\/collections\/ovrigt-tillbehor\/"},{"@type":"ListItem","position":4,"name":"V\u00e4rmehoodie Etna XXL"}]},{"@type":"WebSite","@id":"https:\/\/magnetarmagnets.com\/sv\/#website","url":"https:\/\/magnetarmagnets.com\/sv\/","name":"Magnet fishing with a Magnetar fishing magnet","description":"Kraftfulla magneter f\u00f6r magnetfiske","publisher":{"@id":"https:\/\/magnetarmagnets.com\/sv\/#organization"},"potentialAction":[{"@type":"SearchAction","target":{"@type":"EntryPoint","urlTemplate":"https:\/\/magnetarmagnets.com\/sv\/?s={search_term_string}"},"query-input":{"@type":"PropertyValueSpecification","valueRequired":true,"valueName":"search_term_string"}}],"inLanguage":"sv-SE"},{"@type":"Organization","@id":"https:\/\/magnetarmagnets.com\/sv\/#organization","name":"Magnetar","url":"https:\/\/magnetarmagnets.com\/sv\/","logo":{"@type":"ImageObject","inLanguage":"sv-SE","@id":"https:\/\/magnetarmagnets.com\/sv\/#\/schema\/logo\/image\/","url":"https:\/\/magnetarmagnets.com\/wp-content\/uploads\/2025\/05\/Logo-03_PNG-Black-scaled.png","contentUrl":"https:\/\/magnetarmagnets.com\/wp-content\/uploads\/2025\/05\/Logo-03_PNG-Black-scaled.png","width":2560,"height":1658,"caption":"Magnetar"},"image":{"@id":"https:\/\/magnetarmagnets.com\/sv\/#\/schema\/logo\/image\/"},"sameAs":["https:\/\/www.facebook.com\/fishingmagnets\/","https:\/\/www.instagram.com\/magnetar_magnets\/","https:\/\/www.linkedin.com\/company\/magnetarbv\/?originalSubdomain=nl","https:\/\/www.youtube.com\/c\/MagnetarVismagneet"]}]}},"_links":{"self":[{"href":"https:\/\/magnetarmagnets.com\/sv\/wp-json\/wp\/v2\/product\/67484","targetHints":{"allow":["GET"]}}],"collection":[{"href":"https:\/\/magnetarmagnets.com\/sv\/wp-json\/wp\/v2\/product"}],"about":[{"href":"https:\/\/magnetarmagnets.com\/sv\/wp-json\/wp\/v2\/types\/product"}],"replies":[{"embeddable":true,"href":"https:\/\/magnetarmagnets.com\/sv\/wp-json\/wp\/v2\/comments?post=67484"}],"version-history":[{"count":1,"href":"https:\/\/magnetarmagnets.com\/sv\/wp-json\/wp\/v2\/product\/67484\/revisions"}],"predecessor-version":[{"id":95294,"href":"https:\/\/magnetarmagnets.com\/sv\/wp-json\/wp\/v2\/product\/67484\/revisions\/95294"}],"wp:featuredmedia":[{"embeddable":true,"href":"https:\/\/magnetarmagnets.com\/sv\/wp-json\/wp\/v2\/media\/64763"}],"wp:attachment":[{"href":"https:\/\/magnetarmagnets.com\/sv\/wp-json\/wp\/v2\/media?parent=67484"}],"wp:term":[{"taxonomy":"product_brand","embeddable":true,"href":"https:\/\/magnetarmagnets.com\/sv\/wp-json\/wp\/v2\/product_brand?post=67484"},{"taxonomy":"product_cat","embeddable":true,"href":"https:\/\/magnetarmagnets.com\/sv\/wp-json\/wp\/v2\/product_cat?post=67484"},{"taxonomy":"product_tag","embeddable":true,"href":"https:\/\/magnetarmagnets.com\/sv\/wp-json\/wp\/v2\/product_tag?post=67484"}],"curies":[{"name":"wp","href":"https:\/\/api.w.org\/{rel}","templated":true}]}}