{"id":67481,"date":"2025-06-05T09:53:47","date_gmt":"2025-06-05T07:53:47","guid":{"rendered":"https:\/\/magnetarmagnets.com\/?post_type=product&#038;p=67481"},"modified":"2026-04-04T08:51:54","modified_gmt":"2026-04-04T06:51:54","slug":"varmehoodie-etna-m","status":"publish","type":"product","link":"https:\/\/magnetarmagnets.com\/sv\/shop\/varmehoodie-etna-m\/","title":{"rendered":"V\u00e4rmehoodie Etna M"},"content":{"rendered":"<h2><img fetchpriority=\"high\" decoding=\"async\" class=\"aligncenter wp-image-51837 size-full\" src=\"https:\/\/magnetarmagnets.com\/wp-content\/uploads\/2021\/02\/hoodie-engels.png\" alt=\"v\u00e4rmehoodie, CE-godk\u00e4nd hoodie, Magnetar Heat, v\u00e4rmehoodie, varm hoodie, v\u00e4st\" width=\"765\" height=\"434\" srcset=\"https:\/\/magnetarmagnets.com\/wp-content\/uploads\/2021\/02\/hoodie-engels.png 765w, https:\/\/magnetarmagnets.com\/wp-content\/uploads\/2021\/02\/hoodie-engels-600x340.png 600w, https:\/\/magnetarmagnets.com\/wp-content\/uploads\/2021\/02\/hoodie-engels-300x170.png 300w\" sizes=\"(max-width: 765px) 100vw, 765px\" \/><\/h2>\n\n<h2>Den b\u00e4sta v\u00e4rmehoodien<\/h2>\n\n<strong>En v\u00e4rmehoodie?<\/strong> V\u00e5ra v\u00e4rmehoodies h\u00e5ller dig varm \u00e4ven under kallare dagar. Denna batteridrivna v\u00e4rmehoodie har tre v\u00e4rmeinst\u00e4llningar, s\u00e5 du alltid har en behaglig temperatur. <a href=\"https:\/\/magnetarmagnets.com\/\" target=\"_blank\" rel=\"noopener\">Magnetfiske<\/a> hela dagen? Jobbar utomhus en kall dag? En sval sommarkv\u00e4ll? Eller bara slappar i soffan? Denna bekv\u00e4ma, vind- och vattent\u00e4ta v\u00e4rmehoodie h\u00e5ller dig varm.\n\n<h2>Produktinformation v\u00e4rmehoodie<\/h2>\n\nDet medf\u00f6ljande batteriet \u00e4r i storlek som en mobiltelefon och kan h\u00e5lla dig varm i upp till 10 timmar, beroende p\u00e5 v\u00e4rmeinst\u00e4llning. Hoodien levereras med batteri och laddare. Denna hoodie \u00e4r tillverkad av en slitstark blandning av bomull och polyester och har ett extra mjukt foder av polarfleece p\u00e5 insidan. Den uppv\u00e4rmda hoodien \u00e4r maskintv\u00e4ttbar enligt beskrivningen, se bara till att ta ut batteriet f\u00f6rst.\n\nV\u00e4rmezonerna ger dig behaglig v\u00e4rme exakt d\u00e4r p\u00e5 \u00f6verkroppen du beh\u00f6ver den, p\u00e5 br\u00f6stet och ryggen. Hoodien rekommenderas \u00e4ven om du har ryggont. L\u00e5ga, medel- och h\u00f6ga v\u00e4rmeinst\u00e4llningar g\u00f6r att du kan anpassa till omgivningen och h\u00e5lla dig varm hela dagen. Ladda sedan bara batteriet p\u00e5 3\u20134 timmar s\u00e5 \u00e4r du redo att k\u00f6ra igen.\n\nV\u00e5ra v\u00e4rmehoodies \u00e4r tillverkade av slitstarkt och h\u00f6gkvalitativt material som h\u00e5ller dig varm under alla v\u00e4derf\u00f6rh\u00e5llanden.\n\n<h2>CE-godk\u00e4nda v\u00e4rmehoodies<\/h2>\n\nV\u00e4rmehoodies \u00e4r CE-godk\u00e4nda. Vi st\u00e5r helt bakom v\u00e5r produkt och erbjuder d\u00e4rf\u00f6r 1 \u00e5rs garanti.","protected":false},"excerpt":{"rendered":"<p><span style=\"font-weight: 400;\">Detta \u00e4r en uppv\u00e4rmbar hoodie med v\u00e4rme och 3 v\u00e4rmeinst\u00e4llningar. Den h\u00e5ller dig varm n\u00e4r du beh\u00f6ver det.<\/span><\/p>\n","protected":false},"featured_media":71565,"comment_status":"open","ping_status":"closed","template":"","meta":{"_acf_changed":false,"inline_featured_image":false},"product_brand":[],"product_cat":[258,167],"product_tag":[],"class_list":{"0":"post-67481","1":"product","2":"type-product","3":"status-publish","4":"has-post-thumbnail","6":"product_cat-ovrigt-tillbehor","7":"product_cat-okategoriserad","9":"first","10":"instock","11":"sale","12":"taxable","13":"shipping-taxable","14":"purchasable","15":"product-type-simple"},"acf":[],"yoast_head":"<!-- This site is optimized with the Yoast SEO plugin v27.3 - https:\/\/yoast.com\/product\/yoast-seo-wordpress\/ -->\n<title>V\u00e4rmehoodie Etna M - Magnet fishing with a Magnetar fishing magnet<\/title>\n<meta name=\"description\" content=\"En v\u00e4rmehoodie? V\u00e5ra v\u00e4rmehoodies h\u00e5ller dig varm \u00e4ven under kallare dagar. Magnetar Heat har de b\u00e4sta v\u00e4rmehoodies du beh\u00f6ver!\" \/>\n<meta name=\"robots\" content=\"index, follow, max-snippet:-1, max-image-preview:large, max-video-preview:-1\" \/>\n<link rel=\"canonical\" href=\"https:\/\/magnetarmagnets.com\/sv\/shop\/varmehoodie-etna-m\/\" \/>\n<meta property=\"og:locale\" content=\"sv_SE\" \/>\n<meta property=\"og:type\" content=\"article\" \/>\n<meta property=\"og:title\" content=\"V\u00e4rmehoodie Etna M - Magnet fishing with a Magnetar fishing magnet\" \/>\n<meta property=\"og:description\" content=\"En v\u00e4rmehoodie? V\u00e5ra v\u00e4rmehoodies h\u00e5ller dig varm \u00e4ven under kallare dagar. Magnetar Heat har de b\u00e4sta v\u00e4rmehoodies du beh\u00f6ver!\" \/>\n<meta property=\"og:url\" content=\"https:\/\/magnetarmagnets.com\/sv\/shop\/varmehoodie-etna-m\/\" \/>\n<meta property=\"og:site_name\" content=\"Magnet fishing with a Magnetar fishing magnet\" \/>\n<meta property=\"article:publisher\" content=\"https:\/\/www.facebook.com\/fishingmagnets\/\" \/>\n<meta property=\"article:modified_time\" content=\"2026-04-04T06:51:54+00:00\" \/>\n<meta property=\"og:image\" content=\"https:\/\/magnetarmagnets.com\/wp-content\/uploads\/2021\/02\/heated-Hoodie-scaled.jpg\" \/>\n\t<meta property=\"og:image:width\" content=\"2560\" \/>\n\t<meta property=\"og:image:height\" content=\"2522\" \/>\n\t<meta property=\"og:image:type\" content=\"image\/jpeg\" \/>\n<meta name=\"twitter:card\" content=\"summary_large_image\" \/>\n<meta name=\"twitter:label1\" content=\"Ber\u00e4knad l\u00e4stid\" \/>\n\t<meta name=\"twitter:data1\" content=\"2 minuter\" \/>\n<script type=\"application\/ld+json\" class=\"yoast-schema-graph\">{\"@context\":\"https:\\\/\\\/schema.org\",\"@graph\":[{\"@type\":[\"WebPage\",\"ItemPage\"],\"@id\":\"https:\\\/\\\/magnetarmagnets.com\\\/sv\\\/shop\\\/varmehoodie-etna-m\\\/\",\"url\":\"https:\\\/\\\/magnetarmagnets.com\\\/sv\\\/shop\\\/varmehoodie-etna-m\\\/\",\"name\":\"V\u00e4rmehoodie Etna M - Magnet fishing with a Magnetar fishing magnet\",\"isPartOf\":{\"@id\":\"https:\\\/\\\/magnetarmagnets.com\\\/sv\\\/#website\"},\"primaryImageOfPage\":{\"@id\":\"https:\\\/\\\/magnetarmagnets.com\\\/sv\\\/shop\\\/varmehoodie-etna-m\\\/#primaryimage\"},\"image\":{\"@id\":\"https:\\\/\\\/magnetarmagnets.com\\\/sv\\\/shop\\\/varmehoodie-etna-m\\\/#primaryimage\"},\"thumbnailUrl\":\"https:\\\/\\\/magnetarmagnets.com\\\/wp-content\\\/uploads\\\/2021\\\/02\\\/heated-Hoodie-scaled.jpg\",\"datePublished\":\"2025-06-05T07:53:47+00:00\",\"dateModified\":\"2026-04-04T06:51:54+00:00\",\"description\":\"En v\u00e4rmehoodie? V\u00e5ra v\u00e4rmehoodies h\u00e5ller dig varm \u00e4ven under kallare dagar. Magnetar Heat har de b\u00e4sta v\u00e4rmehoodies du beh\u00f6ver!\",\"breadcrumb\":{\"@id\":\"https:\\\/\\\/magnetarmagnets.com\\\/sv\\\/shop\\\/varmehoodie-etna-m\\\/#breadcrumb\"},\"inLanguage\":\"sv-SE\",\"potentialAction\":[{\"@type\":\"ReadAction\",\"target\":[\"https:\\\/\\\/magnetarmagnets.com\\\/sv\\\/shop\\\/varmehoodie-etna-m\\\/\"]}]},{\"@type\":\"ImageObject\",\"inLanguage\":\"sv-SE\",\"@id\":\"https:\\\/\\\/magnetarmagnets.com\\\/sv\\\/shop\\\/varmehoodie-etna-m\\\/#primaryimage\",\"url\":\"https:\\\/\\\/magnetarmagnets.com\\\/wp-content\\\/uploads\\\/2021\\\/02\\\/heated-Hoodie-scaled.jpg\",\"contentUrl\":\"https:\\\/\\\/magnetarmagnets.com\\\/wp-content\\\/uploads\\\/2021\\\/02\\\/heated-Hoodie-scaled.jpg\",\"width\":2560,\"height\":2522,\"caption\":\"heated Hoodie\"},{\"@type\":\"BreadcrumbList\",\"@id\":\"https:\\\/\\\/magnetarmagnets.com\\\/sv\\\/shop\\\/varmehoodie-etna-m\\\/#breadcrumb\",\"itemListElement\":[{\"@type\":\"ListItem\",\"position\":1,\"name\":\"Home\",\"item\":\"https:\\\/\\\/magnetarmagnets.com\\\/sv\\\/\"},{\"@type\":\"ListItem\",\"position\":2,\"name\":\"Butik\",\"item\":\"https:\\\/\\\/magnetarmagnets.com\\\/sv\\\/butik\\\/\"},{\"@type\":\"ListItem\",\"position\":3,\"name\":\"\u00d6vrigt\",\"item\":\"https:\\\/\\\/magnetarmagnets.com\\\/sv\\\/collections\\\/ovrigt-tillbehor\\\/\"},{\"@type\":\"ListItem\",\"position\":4,\"name\":\"V\u00e4rmehoodie Etna M\"}]},{\"@type\":\"WebSite\",\"@id\":\"https:\\\/\\\/magnetarmagnets.com\\\/sv\\\/#website\",\"url\":\"https:\\\/\\\/magnetarmagnets.com\\\/sv\\\/\",\"name\":\"Magnet fishing with a Magnetar fishing magnet\",\"description\":\"Kraftfulla magneter f\u00f6r magnetfiske\",\"publisher\":{\"@id\":\"https:\\\/\\\/magnetarmagnets.com\\\/sv\\\/#organization\"},\"potentialAction\":[{\"@type\":\"SearchAction\",\"target\":{\"@type\":\"EntryPoint\",\"urlTemplate\":\"https:\\\/\\\/magnetarmagnets.com\\\/sv\\\/?s={search_term_string}\"},\"query-input\":{\"@type\":\"PropertyValueSpecification\",\"valueRequired\":true,\"valueName\":\"search_term_string\"}}],\"inLanguage\":\"sv-SE\"},{\"@type\":\"Organization\",\"@id\":\"https:\\\/\\\/magnetarmagnets.com\\\/sv\\\/#organization\",\"name\":\"Magnetar\",\"url\":\"https:\\\/\\\/magnetarmagnets.com\\\/sv\\\/\",\"logo\":{\"@type\":\"ImageObject\",\"inLanguage\":\"sv-SE\",\"@id\":\"https:\\\/\\\/magnetarmagnets.com\\\/sv\\\/#\\\/schema\\\/logo\\\/image\\\/\",\"url\":\"https:\\\/\\\/magnetarmagnets.com\\\/wp-content\\\/uploads\\\/2025\\\/05\\\/Logo-03_PNG-Black-scaled.png\",\"contentUrl\":\"https:\\\/\\\/magnetarmagnets.com\\\/wp-content\\\/uploads\\\/2025\\\/05\\\/Logo-03_PNG-Black-scaled.png\",\"width\":2560,\"height\":1658,\"caption\":\"Magnetar\"},\"image\":{\"@id\":\"https:\\\/\\\/magnetarmagnets.com\\\/sv\\\/#\\\/schema\\\/logo\\\/image\\\/\"},\"sameAs\":[\"https:\\\/\\\/www.facebook.com\\\/fishingmagnets\\\/\",\"https:\\\/\\\/www.instagram.com\\\/magnetar_magnets\\\/\",\"https:\\\/\\\/www.linkedin.com\\\/company\\\/magnetarbv\\\/?originalSubdomain=nl\",\"https:\\\/\\\/www.youtube.com\\\/c\\\/MagnetarVismagneet\"]}]}<\/script>\n<!-- \/ Yoast SEO plugin. -->","yoast_head_json":{"title":"V\u00e4rmehoodie Etna M - Magnet fishing with a Magnetar fishing magnet","description":"En v\u00e4rmehoodie? V\u00e5ra v\u00e4rmehoodies h\u00e5ller dig varm \u00e4ven under kallare dagar. Magnetar Heat har de b\u00e4sta v\u00e4rmehoodies du beh\u00f6ver!","robots":{"index":"index","follow":"follow","max-snippet":"max-snippet:-1","max-image-preview":"max-image-preview:large","max-video-preview":"max-video-preview:-1"},"canonical":"https:\/\/magnetarmagnets.com\/sv\/shop\/varmehoodie-etna-m\/","og_locale":"sv_SE","og_type":"article","og_title":"V\u00e4rmehoodie Etna M - Magnet fishing with a Magnetar fishing magnet","og_description":"En v\u00e4rmehoodie? V\u00e5ra v\u00e4rmehoodies h\u00e5ller dig varm \u00e4ven under kallare dagar. Magnetar Heat har de b\u00e4sta v\u00e4rmehoodies du beh\u00f6ver!","og_url":"https:\/\/magnetarmagnets.com\/sv\/shop\/varmehoodie-etna-m\/","og_site_name":"Magnet fishing with a Magnetar fishing magnet","article_publisher":"https:\/\/www.facebook.com\/fishingmagnets\/","article_modified_time":"2026-04-04T06:51:54+00:00","og_image":[{"width":2560,"height":2522,"url":"https:\/\/magnetarmagnets.com\/wp-content\/uploads\/2021\/02\/heated-Hoodie-scaled.jpg","type":"image\/jpeg"}],"twitter_card":"summary_large_image","twitter_misc":{"Ber\u00e4knad l\u00e4stid":"2 minuter"},"schema":{"@context":"https:\/\/schema.org","@graph":[{"@type":["WebPage","ItemPage"],"@id":"https:\/\/magnetarmagnets.com\/sv\/shop\/varmehoodie-etna-m\/","url":"https:\/\/magnetarmagnets.com\/sv\/shop\/varmehoodie-etna-m\/","name":"V\u00e4rmehoodie Etna M - Magnet fishing with a Magnetar fishing magnet","isPartOf":{"@id":"https:\/\/magnetarmagnets.com\/sv\/#website"},"primaryImageOfPage":{"@id":"https:\/\/magnetarmagnets.com\/sv\/shop\/varmehoodie-etna-m\/#primaryimage"},"image":{"@id":"https:\/\/magnetarmagnets.com\/sv\/shop\/varmehoodie-etna-m\/#primaryimage"},"thumbnailUrl":"https:\/\/magnetarmagnets.com\/wp-content\/uploads\/2021\/02\/heated-Hoodie-scaled.jpg","datePublished":"2025-06-05T07:53:47+00:00","dateModified":"2026-04-04T06:51:54+00:00","description":"En v\u00e4rmehoodie? V\u00e5ra v\u00e4rmehoodies h\u00e5ller dig varm \u00e4ven under kallare dagar. Magnetar Heat har de b\u00e4sta v\u00e4rmehoodies du beh\u00f6ver!","breadcrumb":{"@id":"https:\/\/magnetarmagnets.com\/sv\/shop\/varmehoodie-etna-m\/#breadcrumb"},"inLanguage":"sv-SE","potentialAction":[{"@type":"ReadAction","target":["https:\/\/magnetarmagnets.com\/sv\/shop\/varmehoodie-etna-m\/"]}]},{"@type":"ImageObject","inLanguage":"sv-SE","@id":"https:\/\/magnetarmagnets.com\/sv\/shop\/varmehoodie-etna-m\/#primaryimage","url":"https:\/\/magnetarmagnets.com\/wp-content\/uploads\/2021\/02\/heated-Hoodie-scaled.jpg","contentUrl":"https:\/\/magnetarmagnets.com\/wp-content\/uploads\/2021\/02\/heated-Hoodie-scaled.jpg","width":2560,"height":2522,"caption":"heated Hoodie"},{"@type":"BreadcrumbList","@id":"https:\/\/magnetarmagnets.com\/sv\/shop\/varmehoodie-etna-m\/#breadcrumb","itemListElement":[{"@type":"ListItem","position":1,"name":"Home","item":"https:\/\/magnetarmagnets.com\/sv\/"},{"@type":"ListItem","position":2,"name":"Butik","item":"https:\/\/magnetarmagnets.com\/sv\/butik\/"},{"@type":"ListItem","position":3,"name":"\u00d6vrigt","item":"https:\/\/magnetarmagnets.com\/sv\/collections\/ovrigt-tillbehor\/"},{"@type":"ListItem","position":4,"name":"V\u00e4rmehoodie Etna M"}]},{"@type":"WebSite","@id":"https:\/\/magnetarmagnets.com\/sv\/#website","url":"https:\/\/magnetarmagnets.com\/sv\/","name":"Magnet fishing with a Magnetar fishing magnet","description":"Kraftfulla magneter f\u00f6r magnetfiske","publisher":{"@id":"https:\/\/magnetarmagnets.com\/sv\/#organization"},"potentialAction":[{"@type":"SearchAction","target":{"@type":"EntryPoint","urlTemplate":"https:\/\/magnetarmagnets.com\/sv\/?s={search_term_string}"},"query-input":{"@type":"PropertyValueSpecification","valueRequired":true,"valueName":"search_term_string"}}],"inLanguage":"sv-SE"},{"@type":"Organization","@id":"https:\/\/magnetarmagnets.com\/sv\/#organization","name":"Magnetar","url":"https:\/\/magnetarmagnets.com\/sv\/","logo":{"@type":"ImageObject","inLanguage":"sv-SE","@id":"https:\/\/magnetarmagnets.com\/sv\/#\/schema\/logo\/image\/","url":"https:\/\/magnetarmagnets.com\/wp-content\/uploads\/2025\/05\/Logo-03_PNG-Black-scaled.png","contentUrl":"https:\/\/magnetarmagnets.com\/wp-content\/uploads\/2025\/05\/Logo-03_PNG-Black-scaled.png","width":2560,"height":1658,"caption":"Magnetar"},"image":{"@id":"https:\/\/magnetarmagnets.com\/sv\/#\/schema\/logo\/image\/"},"sameAs":["https:\/\/www.facebook.com\/fishingmagnets\/","https:\/\/www.instagram.com\/magnetar_magnets\/","https:\/\/www.linkedin.com\/company\/magnetarbv\/?originalSubdomain=nl","https:\/\/www.youtube.com\/c\/MagnetarVismagneet"]}]}},"_links":{"self":[{"href":"https:\/\/magnetarmagnets.com\/sv\/wp-json\/wp\/v2\/product\/67481","targetHints":{"allow":["GET"]}}],"collection":[{"href":"https:\/\/magnetarmagnets.com\/sv\/wp-json\/wp\/v2\/product"}],"about":[{"href":"https:\/\/magnetarmagnets.com\/sv\/wp-json\/wp\/v2\/types\/product"}],"replies":[{"embeddable":true,"href":"https:\/\/magnetarmagnets.com\/sv\/wp-json\/wp\/v2\/comments?post=67481"}],"version-history":[{"count":0,"href":"https:\/\/magnetarmagnets.com\/sv\/wp-json\/wp\/v2\/product\/67481\/revisions"}],"wp:featuredmedia":[{"embeddable":true,"href":"https:\/\/magnetarmagnets.com\/sv\/wp-json\/wp\/v2\/media\/71565"}],"wp:attachment":[{"href":"https:\/\/magnetarmagnets.com\/sv\/wp-json\/wp\/v2\/media?parent=67481"}],"wp:term":[{"taxonomy":"product_brand","embeddable":true,"href":"https:\/\/magnetarmagnets.com\/sv\/wp-json\/wp\/v2\/product_brand?post=67481"},{"taxonomy":"product_cat","embeddable":true,"href":"https:\/\/magnetarmagnets.com\/sv\/wp-json\/wp\/v2\/product_cat?post=67481"},{"taxonomy":"product_tag","embeddable":true,"href":"https:\/\/magnetarmagnets.com\/sv\/wp-json\/wp\/v2\/product_tag?post=67481"}],"curies":[{"name":"wp","href":"https:\/\/api.w.org\/{rel}","templated":true}]}}