{"id":67478,"date":"2025-06-05T09:53:47","date_gmt":"2025-06-05T07:53:47","guid":{"rendered":"https:\/\/magnetarmagnets.com\/?post_type=product&#038;p=67478"},"modified":"2026-04-05T11:16:23","modified_gmt":"2026-04-05T09:16:23","slug":"barnpaket-360-600-lb-280-kg-easy-allround-360","status":"publish","type":"product","link":"https:\/\/magnetarmagnets.com\/sv\/shop\/barnpaket-360-600-lb-280-kg-easy-allround-360\/","title":{"rendered":"Barnpaket 360\u00b0 &#8211; 280 kg &#8211; Easy &#8211; Allround 360\u00b0"},"content":{"rendered":"Magnetfiske f\u00f6r barn? Den dr\u00f6mmen blir verklighet med Magnetars Easy-paket. Detta kompletta fiskemagnetset inneh\u00e5ller allt du beh\u00f6ver f\u00f6r att dra upp de finaste fynden. V\u00e5r Easy-magnet har en total dragkraft p\u00e5 600 lb (280 kg) i full 360\u00b0-vinkel. F\u00f6rutom fiskemagneten ing\u00e5r \u00e4ven ett skyddsh\u00f6lje, ett par handskar och ett rep speciellt utformat f\u00f6r magnetfiske.\r\n<h2>Easy neodymmagnet f\u00f6r magnetfiske<\/h2>\r\nDen <a href=\"https:\/\/magnetarmagnets.com\/sv\/shop\/easy-fiskemagnet-neodymmagnet-600-lb-280-kg-allround-360\/\">Easy neodymmagnet<\/a> \u00e4r k\u00e4nd f\u00f6r sin l\u00e5ga kastvikt samtidigt som den har en stark dragkraft, vilket g\u00f6r Easy till ett idealiskt alternativ f\u00f6r nyb\u00f6rjare och barn som tar sin hobby p\u00e5 allvar. Varje sida av denna magnet \u00e4r magnetisk, vilket \u00f6kar chansen att dra upp de mest fantastiska f\u00f6rem\u00e5len ur vattnet.\r\n<h2>\u00c4r du redo f\u00f6r Easy?<\/h2>\r\nDenna magnet \u00e4r v\u00e5r startmodell i serien med allround 360\u00b0-magneter. Varje sida har en separat dragkraft p\u00e5 150 lb (70 kg), vilket ger totalt 600 lb (280 kg) f\u00f6r hela magneten. Mindre f\u00f6rem\u00e5l kommer att dras mot magneten fr\u00e5n ett avst\u00e5nd p\u00e5 4 tum (10 cm), vilket optimerar dina chanser att hitta saker.\r\n\r\nMed Easy kan barn fr\u00e5n sex \u00e5rs \u00e5lder b\u00f6rja med magnetfiske under uppsikt. Vill du hellre satsa p\u00e5 en magnet med h\u00f6gre dragkraft? Titta d\u00e5 p\u00e5 Hardcore eller Terror. B\u00e5da ing\u00e5r i v\u00e5r allround 360\u00b0-serie och \u00e4r mycket omtyckta av magnetfiskare v\u00e4rlden \u00f6ver.\r\n<h2>Magnetens utveckling<\/h2>\r\nM\u00e5nga <a href=\"https:\/\/magnetarmagnets.com\/sv\/\" target=\"_blank\" rel=\"noopener\">fiskemagneter<\/a> har bara en attraktiv kraft p\u00e5 ena sidan. Den enkelriktade magneten \u00e4r den klassiska varianten. Magnetar var f\u00f6rsta f\u00f6retaget att utveckla denna till en <a href=\"https:\/\/magnetarmagnets.com\/sv\/dubbelsidig-fiskemagnet\/\" target=\"_blank\" rel=\"noopener\">dubbelh\u00e4ftande magnet<\/a>. \u00c5r 2016 lanserades den allround 360\u00b0-magneten. Magnetfiskare i hela EU har sedan dess lockats av v\u00e5ra 100 % neodymmagneter, vilket gjort oss till EU:s st\u00f6rsta leverant\u00f6r. V\u00e5ra magneter tillverkas med h\u00f6gsta kvalitet, design och omsorg av ett litet team entusiastiska magnetfiskare. V\u00e5ra kunder \u00e5terkommer eftersom de vet att med Magnetar f\u00e5r de mer \u00e4n en magnet \u2013 de f\u00e5r skatt.\r\n<h2><strong>Kraftfull 360\u00b0 dragkraft<\/strong><\/h2>\r\nHardcore-magneten \u00e4r en av de starkaste vi erbjuder. Dragkraften hos en enkelriktad magnet kan inte j\u00e4mf\u00f6ras med en ren neodymmagnet 360\u00b0 som Hardcore, eftersom st\u00e5lh\u00f6ljet p\u00e5verkar och riktar kraften. Enkelriktade magneter n\u00e5r h\u00f6g dragkraft mot plana metallytor p\u00e5 ena sidan, men v\u00e5r exklusiva Allround 360\u00b0-magnet drar f\u00f6rem\u00e5l fr\u00e5n alla h\u00e5ll tack vare magnetisk kraft runt om. Nyfiken p\u00e5 hur vi m\u00e4ter dragkraft? <a href=\"https:\/\/www.youtube.com\/watch?v=2McW3RURDxs\" target=\"_blank\" rel=\"noopener\">Se v\u00e5r m\u00e4tning i video<\/a>.\r\n<h2><b>H\u00f6g kvalitet<\/b><\/h2>\r\nV\u00e5ra fiskemagneter \u00e4r tillverkade av neodym. Magnetar-magneter beh\u00e5ller sin dragkraft i \u00e5rtionden med endast 1 % f\u00f6rlust per 100 \u00e5r (vid korrekt f\u00f6rvaring, v\u00e5rd och skydd).\r\n\r\nDe flesta andra leverant\u00f6rer tappar dragkraft redan efter n\u00e5gra veckor. Under de senaste \u00e5ren har l\u00e5gkvalitativa magneter blivit vanligare: st\u00f6rre magneter med l\u00e4gre dragkraft, underm\u00e5lig neodym, falsk annonsering. K\u00f6p inte dessa billigare magneter \u2013 du blir besviken \u00e4ven om du sparade pengar.\r\n\r\nMagnetar \u00e4r ett litet familjef\u00f6retag som alltid s\u00e4tter kvalitet fr\u00e4mst. Vi \u00e4r magnetfiskeentusiaster och alla v\u00e5ra magneter ritas, designas och tillverkas av v\u00e5rt team f\u00f6r att du ska f\u00e5 mest v\u00e4rde f\u00f6r dina pengar (eller skatter!). Vill du ha en p\u00e5litlig, effektiv och kraftfull fiskemagnet har du hittat r\u00e4tt. Kontakta oss g\u00e4rna, <a href=\"mailto:info@magnetarmagnets.nl\">h\u00e4r<\/a>.\r\n<h2><b>Skyddsh\u00f6lje<\/b><\/h2>\r\nSkyddsh\u00f6ljet som ing\u00e5r i detta paket \u00e4r det perfekta tillbeh\u00f6ret f\u00f6r magnetfiskare som vill skydda sina neodymmagneter under anv\u00e4ndning. Dessa t\u00e5liga h\u00f6ljen \u00e4r s\u00e4rskilt designade f\u00f6r att passa perfekt p\u00e5 magneten och ge extra skydd mot repor, sprickor och andra skador. V\u00e5ra skyddsh\u00f6ljen \u00e4r byggda f\u00f6r att h\u00e5lla och klarar de tuffaste f\u00f6rh\u00e5llanden. H\u00f6ljet \u00e4r tillverkat av rostfritt st\u00e5l, vilket s\u00e4kerst\u00e4ller att din magnet f\u00f6rblir magnetisk 360\u00b0. Med v\u00e5ra skyddsh\u00f6ljen kan du njuta av magnetfiske utan att oroa dig f\u00f6r skador p\u00e5 din v\u00e4rdefulla fiskemagnet.\r\n\r\n(Observera att magnetens botten inte skyddas av h\u00f6ljet)\r\n<h2><b>Anv\u00e4nd med f\u00f6rsiktighet<\/b><\/h2>\r\nV\u00e5ra neodymmagneter \u00e4r mycket <a href=\"https:\/\/magnetarmagnets.com\/sv\/starka-fiskemagneter\/\" target=\"_blank\" rel=\"noopener\">kraftfulla fiskemagneter<\/a> och kan dras mot j\u00e4rnf\u00f6rem\u00e5l med h\u00f6g hastighet p\u00e5 n\u00e4ra h\u00e5ll. Med starkare magneter som 360\u00b0 Allround finns risk att fingrar fastnar mellan magneten och andra f\u00f6rem\u00e5l. Hantera magneten varsamt och anv\u00e4nd p\u00e5 egen risk. L\u00e4s alltid v\u00e5ra s\u00e4kerhetsanvisningar f\u00f6re anv\u00e4ndning.\r\n\r\n* Barn m\u00e5ste anv\u00e4nda magneten under vuxens \u00f6vervakning.\r\n\r\nGl\u00f6m inte att kolla in v\u00e5ra \u00f6vriga <a href=\"https:\/\/magnetarmagnets.com\/sv\/magnetfiskekit\/\" target=\"_blank\" rel=\"noopener\">magnetfiskekit<\/a> och <a href=\"https:\/\/magnetarmagnets.com\/sv\/magnetfiskeutrustning\/\" target=\"_blank\" rel=\"noopener\">tillbeh\u00f6r f\u00f6r magnetfiske<\/a>.","protected":false},"excerpt":{"rendered":"<p>Kom ig\u00e5ng med detta <strong>prisv\u00e4rda<\/strong> 360\u00b0-fiskemagnetset f\u00f6r barn, inklusive <strong>Easy-magnet<\/strong>, skyddsh\u00f6lje, rep, lim och handskar.<\/p>\n","protected":false},"featured_media":74896,"comment_status":"open","ping_status":"closed","template":"","meta":{"_acf_changed":false,"inline_featured_image":false},"product_brand":[],"product_cat":[277,266,266,267,267,261],"product_tag":[],"class_list":{"0":"post-67478","1":"product","2":"type-product","3":"status-publish","4":"has-post-thumbnail","6":"product_cat-nyborjare-barn","7":"product_cat-allround-360-fiske-magneter","9":"product_cat-magnetfiske-kit","11":"product_cat-fiske-magneter","13":"first","14":"instock","15":"sale","16":"taxable","17":"shipping-taxable","18":"purchasable","19":"product-type-simple"},"acf":[],"yoast_head":"<!-- This site is optimized with the Yoast SEO plugin v27.3 - https:\/\/yoast.com\/product\/yoast-seo-wordpress\/ -->\n<title>Barnpaket 360\u00b0 - 280 kg - Easy - Allround 360\u00b0 -<\/title>\n<meta name=\"description\" content=\"Magnetfiske f\u00f6r barn? Den dr\u00f6mmen blir verklighet med Magnetars Easy-paket. Detta kompletta set inneh\u00e5ller allt du beh\u00f6ver.\" \/>\n<meta name=\"robots\" content=\"index, follow, max-snippet:-1, max-image-preview:large, max-video-preview:-1\" \/>\n<link rel=\"canonical\" href=\"https:\/\/magnetarmagnets.com\/sv\/shop\/barnpaket-360-600-lb-280-kg-easy-allround-360\/\" \/>\n<meta property=\"og:locale\" content=\"sv_SE\" \/>\n<meta property=\"og:type\" content=\"article\" \/>\n<meta property=\"og:title\" content=\"Barnpaket 360\u00b0 - 280 kg - Easy - Allround 360\u00b0 -\" \/>\n<meta property=\"og:description\" content=\"Magnetfiske f\u00f6r barn? Den dr\u00f6mmen blir verklighet med Magnetars Easy-paket. Detta kompletta set inneh\u00e5ller allt du beh\u00f6ver.\" \/>\n<meta property=\"og:url\" content=\"https:\/\/magnetarmagnets.com\/sv\/shop\/barnpaket-360-600-lb-280-kg-easy-allround-360\/\" \/>\n<meta property=\"og:site_name\" content=\"Magnet fishing with a Magnetar fishing magnet\" \/>\n<meta property=\"article:publisher\" content=\"https:\/\/www.facebook.com\/fishingmagnets\/\" \/>\n<meta property=\"article:modified_time\" content=\"2026-04-05T09:16:23+00:00\" \/>\n<meta property=\"og:image\" content=\"https:\/\/magnetarmagnets.com\/wp-content\/uploads\/2025\/06\/easy-360-magnetar-pakket.png\" \/>\n\t<meta property=\"og:image:width\" content=\"1000\" \/>\n\t<meta property=\"og:image:height\" content=\"1000\" \/>\n\t<meta property=\"og:image:type\" content=\"image\/png\" \/>\n<meta name=\"twitter:card\" content=\"summary_large_image\" \/>\n<meta name=\"twitter:label1\" content=\"Ber\u00e4knad l\u00e4stid\" \/>\n\t<meta name=\"twitter:data1\" content=\"4 minuter\" \/>\n<script type=\"application\/ld+json\" class=\"yoast-schema-graph\">{\"@context\":\"https:\\\/\\\/schema.org\",\"@graph\":[{\"@type\":[\"WebPage\",\"ItemPage\"],\"@id\":\"https:\\\/\\\/magnetarmagnets.com\\\/sv\\\/shop\\\/barnpaket-360-600-lb-280-kg-easy-allround-360\\\/\",\"url\":\"https:\\\/\\\/magnetarmagnets.com\\\/sv\\\/shop\\\/barnpaket-360-600-lb-280-kg-easy-allround-360\\\/\",\"name\":\"Barnpaket 360\u00b0 - 280 kg - Easy - Allround 360\u00b0 -\",\"isPartOf\":{\"@id\":\"https:\\\/\\\/magnetarmagnets.com\\\/sv\\\/#website\"},\"primaryImageOfPage\":{\"@id\":\"https:\\\/\\\/magnetarmagnets.com\\\/sv\\\/shop\\\/barnpaket-360-600-lb-280-kg-easy-allround-360\\\/#primaryimage\"},\"image\":{\"@id\":\"https:\\\/\\\/magnetarmagnets.com\\\/sv\\\/shop\\\/barnpaket-360-600-lb-280-kg-easy-allround-360\\\/#primaryimage\"},\"thumbnailUrl\":\"https:\\\/\\\/magnetarmagnets.com\\\/wp-content\\\/uploads\\\/2025\\\/06\\\/easy-360-magnetar-pakket.png\",\"datePublished\":\"2025-06-05T07:53:47+00:00\",\"dateModified\":\"2026-04-05T09:16:23+00:00\",\"description\":\"Magnetfiske f\u00f6r barn? Den dr\u00f6mmen blir verklighet med Magnetars Easy-paket. Detta kompletta set inneh\u00e5ller allt du beh\u00f6ver.\",\"breadcrumb\":{\"@id\":\"https:\\\/\\\/magnetarmagnets.com\\\/sv\\\/shop\\\/barnpaket-360-600-lb-280-kg-easy-allround-360\\\/#breadcrumb\"},\"inLanguage\":\"sv-SE\",\"potentialAction\":[{\"@type\":\"ReadAction\",\"target\":[\"https:\\\/\\\/magnetarmagnets.com\\\/sv\\\/shop\\\/barnpaket-360-600-lb-280-kg-easy-allround-360\\\/\"]}]},{\"@type\":\"ImageObject\",\"inLanguage\":\"sv-SE\",\"@id\":\"https:\\\/\\\/magnetarmagnets.com\\\/sv\\\/shop\\\/barnpaket-360-600-lb-280-kg-easy-allround-360\\\/#primaryimage\",\"url\":\"https:\\\/\\\/magnetarmagnets.com\\\/wp-content\\\/uploads\\\/2025\\\/06\\\/easy-360-magnetar-pakket.png\",\"contentUrl\":\"https:\\\/\\\/magnetarmagnets.com\\\/wp-content\\\/uploads\\\/2025\\\/06\\\/easy-360-magnetar-pakket.png\",\"width\":1000,\"height\":1000},{\"@type\":\"BreadcrumbList\",\"@id\":\"https:\\\/\\\/magnetarmagnets.com\\\/sv\\\/shop\\\/barnpaket-360-600-lb-280-kg-easy-allround-360\\\/#breadcrumb\",\"itemListElement\":[{\"@type\":\"ListItem\",\"position\":1,\"name\":\"Home\",\"item\":\"https:\\\/\\\/magnetarmagnets.com\\\/sv\\\/\"},{\"@type\":\"ListItem\",\"position\":2,\"name\":\"Butik\",\"item\":\"https:\\\/\\\/magnetarmagnets.com\\\/sv\\\/butik\\\/\"},{\"@type\":\"ListItem\",\"position\":3,\"name\":\"Okategoriserad\",\"item\":\"https:\\\/\\\/magnetarmagnets.com\\\/sv\\\/collections\\\/okategoriserad\\\/\"},{\"@type\":\"ListItem\",\"position\":4,\"name\":\"Barnpaket 360\u00b0 &#8211; 280 kg &#8211; Easy &#8211; Allround 360\u00b0\"}]},{\"@type\":\"WebSite\",\"@id\":\"https:\\\/\\\/magnetarmagnets.com\\\/sv\\\/#website\",\"url\":\"https:\\\/\\\/magnetarmagnets.com\\\/sv\\\/\",\"name\":\"Magnet fishing with a Magnetar fishing magnet\",\"description\":\"Kraftfulla magneter f\u00f6r magnetfiske\",\"publisher\":{\"@id\":\"https:\\\/\\\/magnetarmagnets.com\\\/sv\\\/#organization\"},\"potentialAction\":[{\"@type\":\"SearchAction\",\"target\":{\"@type\":\"EntryPoint\",\"urlTemplate\":\"https:\\\/\\\/magnetarmagnets.com\\\/sv\\\/?s={search_term_string}\"},\"query-input\":{\"@type\":\"PropertyValueSpecification\",\"valueRequired\":true,\"valueName\":\"search_term_string\"}}],\"inLanguage\":\"sv-SE\"},{\"@type\":\"Organization\",\"@id\":\"https:\\\/\\\/magnetarmagnets.com\\\/sv\\\/#organization\",\"name\":\"Magnetar\",\"url\":\"https:\\\/\\\/magnetarmagnets.com\\\/sv\\\/\",\"logo\":{\"@type\":\"ImageObject\",\"inLanguage\":\"sv-SE\",\"@id\":\"https:\\\/\\\/magnetarmagnets.com\\\/sv\\\/#\\\/schema\\\/logo\\\/image\\\/\",\"url\":\"https:\\\/\\\/magnetarmagnets.com\\\/wp-content\\\/uploads\\\/2025\\\/05\\\/Logo-03_PNG-Black-scaled.png\",\"contentUrl\":\"https:\\\/\\\/magnetarmagnets.com\\\/wp-content\\\/uploads\\\/2025\\\/05\\\/Logo-03_PNG-Black-scaled.png\",\"width\":2560,\"height\":1658,\"caption\":\"Magnetar\"},\"image\":{\"@id\":\"https:\\\/\\\/magnetarmagnets.com\\\/sv\\\/#\\\/schema\\\/logo\\\/image\\\/\"},\"sameAs\":[\"https:\\\/\\\/www.facebook.com\\\/fishingmagnets\\\/\",\"https:\\\/\\\/www.instagram.com\\\/magnetar_magnets\\\/\",\"https:\\\/\\\/www.linkedin.com\\\/company\\\/magnetarbv\\\/?originalSubdomain=nl\",\"https:\\\/\\\/www.youtube.com\\\/c\\\/MagnetarVismagneet\"]}]}<\/script>\n<!-- \/ Yoast SEO plugin. -->","yoast_head_json":{"title":"Barnpaket 360\u00b0 - 280 kg - Easy - Allround 360\u00b0 -","description":"Magnetfiske f\u00f6r barn? Den dr\u00f6mmen blir verklighet med Magnetars Easy-paket. Detta kompletta set inneh\u00e5ller allt du beh\u00f6ver.","robots":{"index":"index","follow":"follow","max-snippet":"max-snippet:-1","max-image-preview":"max-image-preview:large","max-video-preview":"max-video-preview:-1"},"canonical":"https:\/\/magnetarmagnets.com\/sv\/shop\/barnpaket-360-600-lb-280-kg-easy-allround-360\/","og_locale":"sv_SE","og_type":"article","og_title":"Barnpaket 360\u00b0 - 280 kg - Easy - Allround 360\u00b0 -","og_description":"Magnetfiske f\u00f6r barn? Den dr\u00f6mmen blir verklighet med Magnetars Easy-paket. Detta kompletta set inneh\u00e5ller allt du beh\u00f6ver.","og_url":"https:\/\/magnetarmagnets.com\/sv\/shop\/barnpaket-360-600-lb-280-kg-easy-allround-360\/","og_site_name":"Magnet fishing with a Magnetar fishing magnet","article_publisher":"https:\/\/www.facebook.com\/fishingmagnets\/","article_modified_time":"2026-04-05T09:16:23+00:00","og_image":[{"width":1000,"height":1000,"url":"https:\/\/magnetarmagnets.com\/wp-content\/uploads\/2025\/06\/easy-360-magnetar-pakket.png","type":"image\/png"}],"twitter_card":"summary_large_image","twitter_misc":{"Ber\u00e4knad l\u00e4stid":"4 minuter"},"schema":{"@context":"https:\/\/schema.org","@graph":[{"@type":["WebPage","ItemPage"],"@id":"https:\/\/magnetarmagnets.com\/sv\/shop\/barnpaket-360-600-lb-280-kg-easy-allround-360\/","url":"https:\/\/magnetarmagnets.com\/sv\/shop\/barnpaket-360-600-lb-280-kg-easy-allround-360\/","name":"Barnpaket 360\u00b0 - 280 kg - Easy - Allround 360\u00b0 -","isPartOf":{"@id":"https:\/\/magnetarmagnets.com\/sv\/#website"},"primaryImageOfPage":{"@id":"https:\/\/magnetarmagnets.com\/sv\/shop\/barnpaket-360-600-lb-280-kg-easy-allround-360\/#primaryimage"},"image":{"@id":"https:\/\/magnetarmagnets.com\/sv\/shop\/barnpaket-360-600-lb-280-kg-easy-allround-360\/#primaryimage"},"thumbnailUrl":"https:\/\/magnetarmagnets.com\/wp-content\/uploads\/2025\/06\/easy-360-magnetar-pakket.png","datePublished":"2025-06-05T07:53:47+00:00","dateModified":"2026-04-05T09:16:23+00:00","description":"Magnetfiske f\u00f6r barn? Den dr\u00f6mmen blir verklighet med Magnetars Easy-paket. Detta kompletta set inneh\u00e5ller allt du beh\u00f6ver.","breadcrumb":{"@id":"https:\/\/magnetarmagnets.com\/sv\/shop\/barnpaket-360-600-lb-280-kg-easy-allround-360\/#breadcrumb"},"inLanguage":"sv-SE","potentialAction":[{"@type":"ReadAction","target":["https:\/\/magnetarmagnets.com\/sv\/shop\/barnpaket-360-600-lb-280-kg-easy-allround-360\/"]}]},{"@type":"ImageObject","inLanguage":"sv-SE","@id":"https:\/\/magnetarmagnets.com\/sv\/shop\/barnpaket-360-600-lb-280-kg-easy-allround-360\/#primaryimage","url":"https:\/\/magnetarmagnets.com\/wp-content\/uploads\/2025\/06\/easy-360-magnetar-pakket.png","contentUrl":"https:\/\/magnetarmagnets.com\/wp-content\/uploads\/2025\/06\/easy-360-magnetar-pakket.png","width":1000,"height":1000},{"@type":"BreadcrumbList","@id":"https:\/\/magnetarmagnets.com\/sv\/shop\/barnpaket-360-600-lb-280-kg-easy-allround-360\/#breadcrumb","itemListElement":[{"@type":"ListItem","position":1,"name":"Home","item":"https:\/\/magnetarmagnets.com\/sv\/"},{"@type":"ListItem","position":2,"name":"Butik","item":"https:\/\/magnetarmagnets.com\/sv\/butik\/"},{"@type":"ListItem","position":3,"name":"Okategoriserad","item":"https:\/\/magnetarmagnets.com\/sv\/collections\/okategoriserad\/"},{"@type":"ListItem","position":4,"name":"Barnpaket 360\u00b0 &#8211; 280 kg &#8211; Easy &#8211; Allround 360\u00b0"}]},{"@type":"WebSite","@id":"https:\/\/magnetarmagnets.com\/sv\/#website","url":"https:\/\/magnetarmagnets.com\/sv\/","name":"Magnet fishing with a Magnetar fishing magnet","description":"Kraftfulla magneter f\u00f6r magnetfiske","publisher":{"@id":"https:\/\/magnetarmagnets.com\/sv\/#organization"},"potentialAction":[{"@type":"SearchAction","target":{"@type":"EntryPoint","urlTemplate":"https:\/\/magnetarmagnets.com\/sv\/?s={search_term_string}"},"query-input":{"@type":"PropertyValueSpecification","valueRequired":true,"valueName":"search_term_string"}}],"inLanguage":"sv-SE"},{"@type":"Organization","@id":"https:\/\/magnetarmagnets.com\/sv\/#organization","name":"Magnetar","url":"https:\/\/magnetarmagnets.com\/sv\/","logo":{"@type":"ImageObject","inLanguage":"sv-SE","@id":"https:\/\/magnetarmagnets.com\/sv\/#\/schema\/logo\/image\/","url":"https:\/\/magnetarmagnets.com\/wp-content\/uploads\/2025\/05\/Logo-03_PNG-Black-scaled.png","contentUrl":"https:\/\/magnetarmagnets.com\/wp-content\/uploads\/2025\/05\/Logo-03_PNG-Black-scaled.png","width":2560,"height":1658,"caption":"Magnetar"},"image":{"@id":"https:\/\/magnetarmagnets.com\/sv\/#\/schema\/logo\/image\/"},"sameAs":["https:\/\/www.facebook.com\/fishingmagnets\/","https:\/\/www.instagram.com\/magnetar_magnets\/","https:\/\/www.linkedin.com\/company\/magnetarbv\/?originalSubdomain=nl","https:\/\/www.youtube.com\/c\/MagnetarVismagneet"]}]}},"_links":{"self":[{"href":"https:\/\/magnetarmagnets.com\/sv\/wp-json\/wp\/v2\/product\/67478","targetHints":{"allow":["GET"]}}],"collection":[{"href":"https:\/\/magnetarmagnets.com\/sv\/wp-json\/wp\/v2\/product"}],"about":[{"href":"https:\/\/magnetarmagnets.com\/sv\/wp-json\/wp\/v2\/types\/product"}],"replies":[{"embeddable":true,"href":"https:\/\/magnetarmagnets.com\/sv\/wp-json\/wp\/v2\/comments?post=67478"}],"version-history":[{"count":1,"href":"https:\/\/magnetarmagnets.com\/sv\/wp-json\/wp\/v2\/product\/67478\/revisions"}],"predecessor-version":[{"id":95355,"href":"https:\/\/magnetarmagnets.com\/sv\/wp-json\/wp\/v2\/product\/67478\/revisions\/95355"}],"wp:featuredmedia":[{"embeddable":true,"href":"https:\/\/magnetarmagnets.com\/sv\/wp-json\/wp\/v2\/media\/74896"}],"wp:attachment":[{"href":"https:\/\/magnetarmagnets.com\/sv\/wp-json\/wp\/v2\/media?parent=67478"}],"wp:term":[{"taxonomy":"product_brand","embeddable":true,"href":"https:\/\/magnetarmagnets.com\/sv\/wp-json\/wp\/v2\/product_brand?post=67478"},{"taxonomy":"product_cat","embeddable":true,"href":"https:\/\/magnetarmagnets.com\/sv\/wp-json\/wp\/v2\/product_cat?post=67478"},{"taxonomy":"product_tag","embeddable":true,"href":"https:\/\/magnetarmagnets.com\/sv\/wp-json\/wp\/v2\/product_tag?post=67478"}],"curies":[{"name":"wp","href":"https:\/\/api.w.org\/{rel}","templated":true}]}}