{"id":67476,"date":"2025-06-05T09:53:48","date_gmt":"2025-06-05T07:53:48","guid":{"rendered":"https:\/\/magnetarmagnets.com\/?post_type=product&#038;p=67476"},"modified":"2026-04-03T19:30:42","modified_gmt":"2026-04-03T17:30:42","slug":"pjasmagneter-10-st","status":"publish","type":"product","link":"https:\/\/magnetarmagnets.com\/sv\/shop\/pjasmagneter-10-st\/","title":{"rendered":"Pj\u00e4smagneter \u2013 10 st"},"content":{"rendered":"<strong>Magnetar N50 Pj\u00e4smagneter \u2013 kraftfulla och kompakta neodymmagneter<\/strong>\n\nMagnetar N50-pj\u00e4smagneterna tillh\u00f6r de starkaste i sin klass. Dessa sm\u00e5 men kraftfulla magneter \u00e4r perfekta f\u00f6r att h\u00e5lla tyngre dokument, ritningar eller anteckningar. Med en stark dragkraft kan de h\u00e5lla upp till 16 A4-ark (80 g\/m\u00b2) p\u00e5 5 mm tjockt st\u00e5l. Idealiska f\u00f6r anv\u00e4ndning p\u00e5 whiteboards, kylsk\u00e5p eller metallarbetsytor.\n\nPj\u00e4smagnetens form ger inte bara ett stilrent utseende utan ocks\u00e5 ett praktiskt grepp, vilket g\u00f6r magneten enkel att placera och ta bort. Nickelbel\u00e4ggningen ger en elegant, h\u00f6gblank silverfinish och skyddar mot korrosion f\u00f6r l\u00e5ngvarig anv\u00e4ndning.\n\n<strong>Viktiga egenskaper:<\/strong>\n\n<ul>\n  <li><strong>N50-magnetiseringsgrad<\/strong>: Exceptionell styrka i kompakt form.<\/li>\n  <li><strong>H\u00e5llbar design<\/strong>: Nickelbelagd f\u00f6r en exklusiv look och skydd.<\/li>\n  <li><strong>Dimensioner<\/strong>: 12 mm i diameter, 16 mm i h\u00f6jd \u2013 liten men kraftfull.<\/li>\n  <li><strong>Precisionstillverkning<\/strong>: Tolerans p\u00e5 +\/- 0,05 mm f\u00f6r noggranna applikationer.<\/li>\n  <li><strong>Set om 10<\/strong>: Levereras i en praktisk plastpresentask.<\/li>\n<\/ul>\n\n<strong>Observera<\/strong>: Ej l\u00e4mplig f\u00f6r barn under 14 \u00e5r. F\u00f6rt\u00e4ring av magneter kan orsaka allvarliga skador. F\u00f6rvara utom r\u00e4ckh\u00e5ll f\u00f6r barn.\n\nMed dessa kraftfulla Magnetar-pj\u00e4smagneter kan du h\u00e5lla allt p\u00e5 plats utan att kompromissa med stil eller bekv\u00e4mlighet.","protected":false},"excerpt":{"rendered":"<p><span style=\"font-weight: 400;\">Dessa Magnetar <strong>neodymmagneter<\/strong> \u00e4r tillverkade av <strong>neodym<\/strong>, ett av de <strong>starkaste materialen<\/strong> f\u00f6r att skapa magneter, vilket g\u00f6r dem mycket kraftfulla f\u00f6r sin storlek! Magneterna \u00e4r nickelbelagda vilket ger dem en <strong>bl\u00e4nkande finish<\/strong>. Mycket praktiska magneter f\u00f6r att h\u00e4nga upp m\u00e5nga papper.<\/span><\/p>\n","protected":false},"featured_media":71362,"comment_status":"open","ping_status":"closed","template":"","meta":{"_acf_changed":false,"inline_featured_image":false},"product_brand":[],"product_cat":[272,167,268],"product_tag":[],"class_list":{"0":"post-67476","1":"product","2":"type-product","3":"status-publish","4":"has-post-thumbnail","6":"product_cat-magnetiska-tillbehor","7":"product_cat-okategoriserad","8":"product_cat-utrustning","10":"first","11":"instock","12":"taxable","13":"shipping-taxable","14":"purchasable","15":"product-type-simple"},"acf":[],"yoast_head":"<!-- This site is optimized with the Yoast SEO plugin v27.4 - https:\/\/yoast.com\/product\/yoast-seo-wordpress\/ -->\n<title>Pj\u00e4smagneter \u2013 10 st - Magnet fishing with a Magnetar fishing magnet<\/title>\n<meta name=\"description\" content=\"Pj\u00e4smagneter \u2013 10 st Med dessa kraftfulla Magnetar-pj\u00e4smagneter kan du h\u00e5lla allt s\u00e4kert p\u00e5 plats utan att kompromissa med stil eller bekv\u00e4mlighet.\" \/>\n<meta name=\"robots\" content=\"index, follow, max-snippet:-1, max-image-preview:large, max-video-preview:-1\" \/>\n<link rel=\"canonical\" href=\"https:\/\/magnetarmagnets.com\/sv\/shop\/pjasmagneter-10-st\/\" \/>\n<meta property=\"og:locale\" content=\"sv_SE\" \/>\n<meta property=\"og:type\" content=\"article\" \/>\n<meta property=\"og:title\" content=\"Pj\u00e4smagneter \u2013 10 st - Magnet fishing with a Magnetar fishing magnet\" \/>\n<meta property=\"og:description\" content=\"Pj\u00e4smagneter \u2013 10 st Med dessa kraftfulla Magnetar-pj\u00e4smagneter kan du h\u00e5lla allt s\u00e4kert p\u00e5 plats utan att kompromissa med stil eller bekv\u00e4mlighet.\" \/>\n<meta property=\"og:url\" content=\"https:\/\/magnetarmagnets.com\/sv\/shop\/pjasmagneter-10-st\/\" \/>\n<meta property=\"og:site_name\" content=\"Magnet fishing with a Magnetar fishing magnet\" \/>\n<meta property=\"article:publisher\" content=\"https:\/\/www.facebook.com\/fishingmagnets\/\" \/>\n<meta property=\"article:modified_time\" content=\"2026-04-03T17:30:42+00:00\" \/>\n<meta property=\"og:image\" content=\"https:\/\/magnetarmagnets.com\/wp-content\/uploads\/2020\/10\/Pion-magneet.jpg\" \/>\n\t<meta property=\"og:image:width\" content=\"1000\" \/>\n\t<meta property=\"og:image:height\" content=\"1000\" \/>\n\t<meta property=\"og:image:type\" content=\"image\/jpeg\" \/>\n<meta name=\"twitter:card\" content=\"summary_large_image\" \/>\n<meta name=\"twitter:label1\" content=\"Ber\u00e4knad l\u00e4stid\" \/>\n\t<meta name=\"twitter:data1\" content=\"2 minuter\" \/>\n<script type=\"application\/ld+json\" class=\"yoast-schema-graph\">{\"@context\":\"https:\\\/\\\/schema.org\",\"@graph\":[{\"@type\":[\"WebPage\",\"ItemPage\"],\"@id\":\"https:\\\/\\\/magnetarmagnets.com\\\/sv\\\/shop\\\/pjasmagneter-10-st\\\/\",\"url\":\"https:\\\/\\\/magnetarmagnets.com\\\/sv\\\/shop\\\/pjasmagneter-10-st\\\/\",\"name\":\"Pj\u00e4smagneter \u2013 10 st - Magnet fishing with a Magnetar fishing magnet\",\"isPartOf\":{\"@id\":\"https:\\\/\\\/magnetarmagnets.com\\\/sv\\\/#website\"},\"primaryImageOfPage\":{\"@id\":\"https:\\\/\\\/magnetarmagnets.com\\\/sv\\\/shop\\\/pjasmagneter-10-st\\\/#primaryimage\"},\"image\":{\"@id\":\"https:\\\/\\\/magnetarmagnets.com\\\/sv\\\/shop\\\/pjasmagneter-10-st\\\/#primaryimage\"},\"thumbnailUrl\":\"https:\\\/\\\/magnetarmagnets.com\\\/wp-content\\\/uploads\\\/2020\\\/10\\\/Pion-magneet.jpg\",\"datePublished\":\"2025-06-05T07:53:48+00:00\",\"dateModified\":\"2026-04-03T17:30:42+00:00\",\"description\":\"Pj\u00e4smagneter \u2013 10 st Med dessa kraftfulla Magnetar-pj\u00e4smagneter kan du h\u00e5lla allt s\u00e4kert p\u00e5 plats utan att kompromissa med stil eller bekv\u00e4mlighet.\",\"breadcrumb\":{\"@id\":\"https:\\\/\\\/magnetarmagnets.com\\\/sv\\\/shop\\\/pjasmagneter-10-st\\\/#breadcrumb\"},\"inLanguage\":\"sv-SE\",\"potentialAction\":[{\"@type\":\"ReadAction\",\"target\":[\"https:\\\/\\\/magnetarmagnets.com\\\/sv\\\/shop\\\/pjasmagneter-10-st\\\/\"]}]},{\"@type\":\"ImageObject\",\"inLanguage\":\"sv-SE\",\"@id\":\"https:\\\/\\\/magnetarmagnets.com\\\/sv\\\/shop\\\/pjasmagneter-10-st\\\/#primaryimage\",\"url\":\"https:\\\/\\\/magnetarmagnets.com\\\/wp-content\\\/uploads\\\/2020\\\/10\\\/Pion-magneet.jpg\",\"contentUrl\":\"https:\\\/\\\/magnetarmagnets.com\\\/wp-content\\\/uploads\\\/2020\\\/10\\\/Pion-magneet.jpg\",\"width\":1000,\"height\":1000,\"caption\":\"Pawn magnet\"},{\"@type\":\"BreadcrumbList\",\"@id\":\"https:\\\/\\\/magnetarmagnets.com\\\/sv\\\/shop\\\/pjasmagneter-10-st\\\/#breadcrumb\",\"itemListElement\":[{\"@type\":\"ListItem\",\"position\":1,\"name\":\"Home\",\"item\":\"https:\\\/\\\/magnetarmagnets.com\\\/sv\\\/\"},{\"@type\":\"ListItem\",\"position\":2,\"name\":\"Butik\",\"item\":\"https:\\\/\\\/magnetarmagnets.com\\\/sv\\\/butik\\\/\"},{\"@type\":\"ListItem\",\"position\":3,\"name\":\"Utrustning\",\"item\":\"https:\\\/\\\/magnetarmagnets.com\\\/sv\\\/collections\\\/utrustning\\\/\"},{\"@type\":\"ListItem\",\"position\":4,\"name\":\"Magnetiska tillbeh\u00f6r\",\"item\":\"https:\\\/\\\/magnetarmagnets.com\\\/sv\\\/collections\\\/utrustning\\\/magnetiska-tillbehor\\\/\"},{\"@type\":\"ListItem\",\"position\":5,\"name\":\"Pj\u00e4smagneter \u2013 10 st\"}]},{\"@type\":\"WebSite\",\"@id\":\"https:\\\/\\\/magnetarmagnets.com\\\/sv\\\/#website\",\"url\":\"https:\\\/\\\/magnetarmagnets.com\\\/sv\\\/\",\"name\":\"Magnet fishing with a Magnetar fishing magnet\",\"description\":\"Kraftfulla magneter f\u00f6r magnetfiske\",\"publisher\":{\"@id\":\"https:\\\/\\\/magnetarmagnets.com\\\/sv\\\/#organization\"},\"potentialAction\":[{\"@type\":\"SearchAction\",\"target\":{\"@type\":\"EntryPoint\",\"urlTemplate\":\"https:\\\/\\\/magnetarmagnets.com\\\/sv\\\/?s={search_term_string}\"},\"query-input\":{\"@type\":\"PropertyValueSpecification\",\"valueRequired\":true,\"valueName\":\"search_term_string\"}}],\"inLanguage\":\"sv-SE\"},{\"@type\":\"Organization\",\"@id\":\"https:\\\/\\\/magnetarmagnets.com\\\/sv\\\/#organization\",\"name\":\"Magnetar\",\"url\":\"https:\\\/\\\/magnetarmagnets.com\\\/sv\\\/\",\"logo\":{\"@type\":\"ImageObject\",\"inLanguage\":\"sv-SE\",\"@id\":\"https:\\\/\\\/magnetarmagnets.com\\\/sv\\\/#\\\/schema\\\/logo\\\/image\\\/\",\"url\":\"https:\\\/\\\/magnetarmagnets.com\\\/wp-content\\\/uploads\\\/2025\\\/05\\\/Logo-03_PNG-Black-scaled.png\",\"contentUrl\":\"https:\\\/\\\/magnetarmagnets.com\\\/wp-content\\\/uploads\\\/2025\\\/05\\\/Logo-03_PNG-Black-scaled.png\",\"width\":2560,\"height\":1658,\"caption\":\"Magnetar\"},\"image\":{\"@id\":\"https:\\\/\\\/magnetarmagnets.com\\\/sv\\\/#\\\/schema\\\/logo\\\/image\\\/\"},\"sameAs\":[\"https:\\\/\\\/www.facebook.com\\\/fishingmagnets\\\/\",\"https:\\\/\\\/www.instagram.com\\\/magnetar_magnets\\\/\",\"https:\\\/\\\/www.linkedin.com\\\/company\\\/magnetarbv\\\/?originalSubdomain=nl\",\"https:\\\/\\\/www.youtube.com\\\/c\\\/MagnetarVismagneet\"]}]}<\/script>\n<!-- \/ Yoast SEO plugin. -->","yoast_head_json":{"title":"Pj\u00e4smagneter \u2013 10 st - Magnet fishing with a Magnetar fishing magnet","description":"Pj\u00e4smagneter \u2013 10 st Med dessa kraftfulla Magnetar-pj\u00e4smagneter kan du h\u00e5lla allt s\u00e4kert p\u00e5 plats utan att kompromissa med stil eller bekv\u00e4mlighet.","robots":{"index":"index","follow":"follow","max-snippet":"max-snippet:-1","max-image-preview":"max-image-preview:large","max-video-preview":"max-video-preview:-1"},"canonical":"https:\/\/magnetarmagnets.com\/sv\/shop\/pjasmagneter-10-st\/","og_locale":"sv_SE","og_type":"article","og_title":"Pj\u00e4smagneter \u2013 10 st - Magnet fishing with a Magnetar fishing magnet","og_description":"Pj\u00e4smagneter \u2013 10 st Med dessa kraftfulla Magnetar-pj\u00e4smagneter kan du h\u00e5lla allt s\u00e4kert p\u00e5 plats utan att kompromissa med stil eller bekv\u00e4mlighet.","og_url":"https:\/\/magnetarmagnets.com\/sv\/shop\/pjasmagneter-10-st\/","og_site_name":"Magnet fishing with a Magnetar fishing magnet","article_publisher":"https:\/\/www.facebook.com\/fishingmagnets\/","article_modified_time":"2026-04-03T17:30:42+00:00","og_image":[{"width":1000,"height":1000,"url":"https:\/\/magnetarmagnets.com\/wp-content\/uploads\/2020\/10\/Pion-magneet.jpg","type":"image\/jpeg"}],"twitter_card":"summary_large_image","twitter_misc":{"Ber\u00e4knad l\u00e4stid":"2 minuter"},"schema":{"@context":"https:\/\/schema.org","@graph":[{"@type":["WebPage","ItemPage"],"@id":"https:\/\/magnetarmagnets.com\/sv\/shop\/pjasmagneter-10-st\/","url":"https:\/\/magnetarmagnets.com\/sv\/shop\/pjasmagneter-10-st\/","name":"Pj\u00e4smagneter \u2013 10 st - Magnet fishing with a Magnetar fishing magnet","isPartOf":{"@id":"https:\/\/magnetarmagnets.com\/sv\/#website"},"primaryImageOfPage":{"@id":"https:\/\/magnetarmagnets.com\/sv\/shop\/pjasmagneter-10-st\/#primaryimage"},"image":{"@id":"https:\/\/magnetarmagnets.com\/sv\/shop\/pjasmagneter-10-st\/#primaryimage"},"thumbnailUrl":"https:\/\/magnetarmagnets.com\/wp-content\/uploads\/2020\/10\/Pion-magneet.jpg","datePublished":"2025-06-05T07:53:48+00:00","dateModified":"2026-04-03T17:30:42+00:00","description":"Pj\u00e4smagneter \u2013 10 st Med dessa kraftfulla Magnetar-pj\u00e4smagneter kan du h\u00e5lla allt s\u00e4kert p\u00e5 plats utan att kompromissa med stil eller bekv\u00e4mlighet.","breadcrumb":{"@id":"https:\/\/magnetarmagnets.com\/sv\/shop\/pjasmagneter-10-st\/#breadcrumb"},"inLanguage":"sv-SE","potentialAction":[{"@type":"ReadAction","target":["https:\/\/magnetarmagnets.com\/sv\/shop\/pjasmagneter-10-st\/"]}]},{"@type":"ImageObject","inLanguage":"sv-SE","@id":"https:\/\/magnetarmagnets.com\/sv\/shop\/pjasmagneter-10-st\/#primaryimage","url":"https:\/\/magnetarmagnets.com\/wp-content\/uploads\/2020\/10\/Pion-magneet.jpg","contentUrl":"https:\/\/magnetarmagnets.com\/wp-content\/uploads\/2020\/10\/Pion-magneet.jpg","width":1000,"height":1000,"caption":"Pawn magnet"},{"@type":"BreadcrumbList","@id":"https:\/\/magnetarmagnets.com\/sv\/shop\/pjasmagneter-10-st\/#breadcrumb","itemListElement":[{"@type":"ListItem","position":1,"name":"Home","item":"https:\/\/magnetarmagnets.com\/sv\/"},{"@type":"ListItem","position":2,"name":"Butik","item":"https:\/\/magnetarmagnets.com\/sv\/butik\/"},{"@type":"ListItem","position":3,"name":"Utrustning","item":"https:\/\/magnetarmagnets.com\/sv\/collections\/utrustning\/"},{"@type":"ListItem","position":4,"name":"Magnetiska tillbeh\u00f6r","item":"https:\/\/magnetarmagnets.com\/sv\/collections\/utrustning\/magnetiska-tillbehor\/"},{"@type":"ListItem","position":5,"name":"Pj\u00e4smagneter \u2013 10 st"}]},{"@type":"WebSite","@id":"https:\/\/magnetarmagnets.com\/sv\/#website","url":"https:\/\/magnetarmagnets.com\/sv\/","name":"Magnet fishing with a Magnetar fishing magnet","description":"Kraftfulla magneter f\u00f6r magnetfiske","publisher":{"@id":"https:\/\/magnetarmagnets.com\/sv\/#organization"},"potentialAction":[{"@type":"SearchAction","target":{"@type":"EntryPoint","urlTemplate":"https:\/\/magnetarmagnets.com\/sv\/?s={search_term_string}"},"query-input":{"@type":"PropertyValueSpecification","valueRequired":true,"valueName":"search_term_string"}}],"inLanguage":"sv-SE"},{"@type":"Organization","@id":"https:\/\/magnetarmagnets.com\/sv\/#organization","name":"Magnetar","url":"https:\/\/magnetarmagnets.com\/sv\/","logo":{"@type":"ImageObject","inLanguage":"sv-SE","@id":"https:\/\/magnetarmagnets.com\/sv\/#\/schema\/logo\/image\/","url":"https:\/\/magnetarmagnets.com\/wp-content\/uploads\/2025\/05\/Logo-03_PNG-Black-scaled.png","contentUrl":"https:\/\/magnetarmagnets.com\/wp-content\/uploads\/2025\/05\/Logo-03_PNG-Black-scaled.png","width":2560,"height":1658,"caption":"Magnetar"},"image":{"@id":"https:\/\/magnetarmagnets.com\/sv\/#\/schema\/logo\/image\/"},"sameAs":["https:\/\/www.facebook.com\/fishingmagnets\/","https:\/\/www.instagram.com\/magnetar_magnets\/","https:\/\/www.linkedin.com\/company\/magnetarbv\/?originalSubdomain=nl","https:\/\/www.youtube.com\/c\/MagnetarVismagneet"]}]}},"_links":{"self":[{"href":"https:\/\/magnetarmagnets.com\/sv\/wp-json\/wp\/v2\/product\/67476","targetHints":{"allow":["GET"]}}],"collection":[{"href":"https:\/\/magnetarmagnets.com\/sv\/wp-json\/wp\/v2\/product"}],"about":[{"href":"https:\/\/magnetarmagnets.com\/sv\/wp-json\/wp\/v2\/types\/product"}],"replies":[{"embeddable":true,"href":"https:\/\/magnetarmagnets.com\/sv\/wp-json\/wp\/v2\/comments?post=67476"}],"version-history":[{"count":1,"href":"https:\/\/magnetarmagnets.com\/sv\/wp-json\/wp\/v2\/product\/67476\/revisions"}],"predecessor-version":[{"id":95250,"href":"https:\/\/magnetarmagnets.com\/sv\/wp-json\/wp\/v2\/product\/67476\/revisions\/95250"}],"wp:featuredmedia":[{"embeddable":true,"href":"https:\/\/magnetarmagnets.com\/sv\/wp-json\/wp\/v2\/media\/71362"}],"wp:attachment":[{"href":"https:\/\/magnetarmagnets.com\/sv\/wp-json\/wp\/v2\/media?parent=67476"}],"wp:term":[{"taxonomy":"product_brand","embeddable":true,"href":"https:\/\/magnetarmagnets.com\/sv\/wp-json\/wp\/v2\/product_brand?post=67476"},{"taxonomy":"product_cat","embeddable":true,"href":"https:\/\/magnetarmagnets.com\/sv\/wp-json\/wp\/v2\/product_cat?post=67476"},{"taxonomy":"product_tag","embeddable":true,"href":"https:\/\/magnetarmagnets.com\/sv\/wp-json\/wp\/v2\/product_tag?post=67476"}],"curies":[{"name":"wp","href":"https:\/\/api.w.org\/{rel}","templated":true}]}}