{"id":67475,"date":"2025-06-05T09:53:48","date_gmt":"2025-06-05T07:53:48","guid":{"rendered":"https:\/\/magnetarmagnets.com\/?post_type=product&#038;p=67475"},"modified":"2026-04-16T13:42:34","modified_gmt":"2026-04-16T11:42:34","slug":"magnetfiske-klistermarkesset","status":"publish","type":"product","link":"https:\/\/magnetarmagnets.com\/sv\/shop\/magnetfiske-klistermarkesset\/","title":{"rendered":"Magnetfiske klisterm\u00e4rkesset"},"content":{"rendered":"<h2>Klisterm\u00e4rkesset fr\u00e5n Magnetar<\/h2>\r\nDetta set inneh\u00e5ller tv\u00e5 separata ark med klisterm\u00e4rken d\u00e4r en magnetfiskare och Magnetar-logotypen syns.\r\n\r\nDessa klisterm\u00e4rken \u00e4r f\u00f6rsedda med ett skyddande bel\u00e4ggningslager, s\u00e5 att de kan anv\u00e4ndas b\u00e5de inomhus och utomhus. De tv\u00e5 arken \u00e4r vattent\u00e4ta och kan anv\u00e4ndas p\u00e5 m\u00e5nga olika plana och rena ytor.\r\n\r\n<strong>Specifikationer:<\/strong>\r\n\r\n&#8211; 1 Magnetar logotypklisterm\u00e4rke 25 cm x 16,5 cm (extra stort!)\r\n\r\n&#8211; 1 Magnetar magnetfiskare klisterm\u00e4rke 25 cm x 12,5 cm\r\n\r\n&#8211; L\u00e4tt att f\u00e4sta\r\n\r\n&#8211; Transferklisterm\u00e4rke\r\n\r\n&#8211; Vattent\u00e4tt\r\n\r\n&#8211; F\u00e4rg: Vit\r\n<h2>Piffa upp din resa!<\/h2>\r\nG\u00f6r din bil till ett unikt fordon och fyll den med originalitet och personlighet s\u00e5 att alla vet vem som \u00e4r i den med dina Magnetar-klisterm\u00e4rken!\r\n\r\nDessa klisterm\u00e4rken fungerar utm\u00e4rkt som bildekoration. Som exempel kan du \u00e4ven anv\u00e4nda Magnetar-klisterm\u00e4rken p\u00e5 din motorcykel, scooter eller sl\u00e4pvagn. V\u00e5ra bildekaler t\u00e5l alla v\u00e4derf\u00f6rh\u00e5llanden och \u00e4r av h\u00f6g kvalitet.\r\n<h2>F\u00e5 uppm\u00e4rksamhet med din f\u00f6nsterklisterm\u00e4rke, containerklisterm\u00e4rke \u2026<\/h2>\r\nF\u00f6rutom bilen finns det m\u00e5nga fler vackra platser d\u00e4r dessa Magnetar-klisterm\u00e4rken passar bra. T\u00e4nk till exempel p\u00e5 ditt husf\u00f6nster, skjul eller d\u00f6rr. En annan plats d\u00e4r v\u00e5ra klisterm\u00e4rken ofta anv\u00e4nds \u00e4r p\u00e5 sopk\u00e4rl och avfallsk\u00e4rl. K\u00e4nn snabbt igen ditt eget sopk\u00e4rl med en snygg dekoration f\u00f6r din hobby: <a href=\"https:\/\/magnetarmagnets.com\/\" target=\"_blank\" rel=\"noopener\">magnetfiske<\/a>! Dessa v\u00e4derbest\u00e4ndiga klisterm\u00e4rken \u00e4r l\u00e4tta att applicera p\u00e5 alla plana ytor. \u00c4ven snyggt inomhus p\u00e5 d\u00f6rrar eller sk\u00e5p, till exempel.\r\n<h2>Underlag och appliceringstips<\/h2>\r\n<ol>\r\n \t<li>V\u00e4lj alltid en j\u00e4mn\/platt yta;<\/li>\r\n \t<li>Reng\u00f6r ytan s\u00e5 att det inte finns n\u00e5gon damm eller fett kvar;<\/li>\r\n \t<li>Torka ytan;<\/li>\r\n \t<li>Applicera klisterm\u00e4rket p\u00e5 den rena ytan;<\/li>\r\n \t<li>J\u00e4mna sedan ut klisterm\u00e4rket (med stadigt kartong eller ett kort som ditt bankkort);<\/li>\r\n \t<li>Upprepa detta flera g\u00e5nger och kontrollera om luftbubblor har bildats n\u00e5gonstans. Om s\u00e5 \u00e4r fallet, tryck ut dem;<\/li>\r\n \t<li>Dra sedan av baksidan av klisterm\u00e4rket diagonalt ned\u00e5t fr\u00e5n \u00f6vre v\u00e4nstra h\u00f6rnet till nedre h\u00f6gra h\u00f6rnet;<\/li>\r\n \t<li>Njut sedan av slutresultatet!<\/li>\r\n<\/ol>","protected":false},"excerpt":{"rendered":"<p>Detta set inneh\u00e5ller <strong>tv\u00e5 separata ark med klisterm\u00e4rken<\/strong>. Magnetar\u00ae fisklogo och magnetfiskare l\u00e5ter alla veta att du \u00e4r en riktig magnetfiskare! En<strong> fantastisk detalj<\/strong> f\u00f6r ditt fordon, kylv\u00e4ska, hem eller arbetsplats, denna Magnetar-klisterm\u00e4rke \u00e4r tryckt p\u00e5 vinyl med UV-s\u00e4kra bl\u00e4ck f\u00f6r <strong>l\u00e5ngvarigt fint utseende<\/strong>. Dessutom s\u00e4kerst\u00e4ller <strong>permanent klister<\/strong> att dekalen sitter kvar p\u00e5 plats.<\/p>\n","protected":false},"featured_media":64820,"comment_status":"open","ping_status":"closed","template":"","meta":{"_acf_changed":false,"inline_featured_image":false},"product_brand":[],"product_cat":[270,268,167],"product_tag":[],"class_list":{"0":"post-67475","1":"product","2":"type-product","3":"status-publish","4":"has-post-thumbnail","6":"product_cat-merchandise-sv","7":"product_cat-utrustning","8":"product_cat-okategoriserad","10":"first","11":"instock","12":"sale","13":"taxable","14":"shipping-taxable","15":"purchasable","16":"product-type-simple"},"acf":[],"yoast_head":"<!-- This site is optimized with the Yoast SEO plugin v27.5 - https:\/\/yoast.com\/product\/yoast-seo-wordpress\/ -->\n<title>Magnetfiske klisterm\u00e4rkesset - Magnet fishing with a Magnetar fishing magnet<\/title>\n<meta name=\"description\" content=\"Magnetfiske klisterm\u00e4rkesset - Anpassa med Magnetar\" \/>\n<meta name=\"robots\" content=\"index, follow, max-snippet:-1, max-image-preview:large, max-video-preview:-1\" \/>\n<link rel=\"canonical\" href=\"https:\/\/magnetarmagnets.com\/sv\/shop\/magnetfiske-klistermarkesset\/\" \/>\n<meta property=\"og:locale\" content=\"sv_SE\" \/>\n<meta property=\"og:type\" content=\"article\" \/>\n<meta property=\"og:title\" content=\"Magnetfiske klisterm\u00e4rkesset - Magnet fishing with a Magnetar fishing magnet\" \/>\n<meta property=\"og:description\" content=\"Magnetfiske klisterm\u00e4rkesset - Anpassa med Magnetar\" \/>\n<meta property=\"og:url\" content=\"https:\/\/magnetarmagnets.com\/sv\/shop\/magnetfiske-klistermarkesset\/\" \/>\n<meta property=\"og:site_name\" content=\"Magnet fishing with a Magnetar fishing magnet\" \/>\n<meta property=\"article:publisher\" content=\"https:\/\/www.facebook.com\/fishingmagnets\/\" \/>\n<meta property=\"article:modified_time\" content=\"2026-04-16T11:42:34+00:00\" \/>\n<meta property=\"og:image\" content=\"https:\/\/magnetarmagnets.com\/wp-content\/uploads\/2021\/04\/magnetar-car-sticker.jpg\" \/>\n\t<meta property=\"og:image:width\" content=\"1000\" \/>\n\t<meta property=\"og:image:height\" content=\"1000\" \/>\n\t<meta property=\"og:image:type\" content=\"image\/jpeg\" \/>\n<meta name=\"twitter:card\" content=\"summary_large_image\" \/>\n<meta name=\"twitter:label1\" content=\"Ber\u00e4knad l\u00e4stid\" \/>\n\t<meta name=\"twitter:data1\" content=\"2 minuter\" \/>\n<script type=\"application\/ld+json\" class=\"yoast-schema-graph\">{\"@context\":\"https:\\\/\\\/schema.org\",\"@graph\":[{\"@type\":[\"WebPage\",\"ItemPage\"],\"@id\":\"https:\\\/\\\/magnetarmagnets.com\\\/sv\\\/shop\\\/magnetfiske-klistermarkesset\\\/\",\"url\":\"https:\\\/\\\/magnetarmagnets.com\\\/sv\\\/shop\\\/magnetfiske-klistermarkesset\\\/\",\"name\":\"Magnetfiske klisterm\u00e4rkesset - Magnet fishing with a Magnetar fishing magnet\",\"isPartOf\":{\"@id\":\"https:\\\/\\\/magnetarmagnets.com\\\/sv\\\/#website\"},\"primaryImageOfPage\":{\"@id\":\"https:\\\/\\\/magnetarmagnets.com\\\/sv\\\/shop\\\/magnetfiske-klistermarkesset\\\/#primaryimage\"},\"image\":{\"@id\":\"https:\\\/\\\/magnetarmagnets.com\\\/sv\\\/shop\\\/magnetfiske-klistermarkesset\\\/#primaryimage\"},\"thumbnailUrl\":\"https:\\\/\\\/magnetarmagnets.com\\\/wp-content\\\/uploads\\\/2021\\\/04\\\/magnetar-car-sticker.jpg\",\"datePublished\":\"2025-06-05T07:53:48+00:00\",\"dateModified\":\"2026-04-16T11:42:34+00:00\",\"description\":\"Magnetfiske klisterm\u00e4rkesset - Anpassa med Magnetar\",\"breadcrumb\":{\"@id\":\"https:\\\/\\\/magnetarmagnets.com\\\/sv\\\/shop\\\/magnetfiske-klistermarkesset\\\/#breadcrumb\"},\"inLanguage\":\"sv-SE\",\"potentialAction\":[{\"@type\":\"ReadAction\",\"target\":[\"https:\\\/\\\/magnetarmagnets.com\\\/sv\\\/shop\\\/magnetfiske-klistermarkesset\\\/\"]}]},{\"@type\":\"ImageObject\",\"inLanguage\":\"sv-SE\",\"@id\":\"https:\\\/\\\/magnetarmagnets.com\\\/sv\\\/shop\\\/magnetfiske-klistermarkesset\\\/#primaryimage\",\"url\":\"https:\\\/\\\/magnetarmagnets.com\\\/wp-content\\\/uploads\\\/2021\\\/04\\\/magnetar-car-sticker.jpg\",\"contentUrl\":\"https:\\\/\\\/magnetarmagnets.com\\\/wp-content\\\/uploads\\\/2021\\\/04\\\/magnetar-car-sticker.jpg\",\"width\":1000,\"height\":1000},{\"@type\":\"BreadcrumbList\",\"@id\":\"https:\\\/\\\/magnetarmagnets.com\\\/sv\\\/shop\\\/magnetfiske-klistermarkesset\\\/#breadcrumb\",\"itemListElement\":[{\"@type\":\"ListItem\",\"position\":1,\"name\":\"Home\",\"item\":\"https:\\\/\\\/magnetarmagnets.com\\\/sv\\\/\"},{\"@type\":\"ListItem\",\"position\":2,\"name\":\"Butik\",\"item\":\"https:\\\/\\\/magnetarmagnets.com\\\/sv\\\/butik\\\/\"},{\"@type\":\"ListItem\",\"position\":3,\"name\":\"Okategoriserad\",\"item\":\"https:\\\/\\\/magnetarmagnets.com\\\/sv\\\/collections\\\/okategoriserad\\\/\"},{\"@type\":\"ListItem\",\"position\":4,\"name\":\"Magnetfiske klisterm\u00e4rkesset\"}]},{\"@type\":\"WebSite\",\"@id\":\"https:\\\/\\\/magnetarmagnets.com\\\/sv\\\/#website\",\"url\":\"https:\\\/\\\/magnetarmagnets.com\\\/sv\\\/\",\"name\":\"Magnet fishing with a Magnetar fishing magnet\",\"description\":\"Kraftfulla magneter f\u00f6r magnetfiske\",\"publisher\":{\"@id\":\"https:\\\/\\\/magnetarmagnets.com\\\/sv\\\/#organization\"},\"potentialAction\":[{\"@type\":\"SearchAction\",\"target\":{\"@type\":\"EntryPoint\",\"urlTemplate\":\"https:\\\/\\\/magnetarmagnets.com\\\/sv\\\/?s={search_term_string}\"},\"query-input\":{\"@type\":\"PropertyValueSpecification\",\"valueRequired\":true,\"valueName\":\"search_term_string\"}}],\"inLanguage\":\"sv-SE\"},{\"@type\":\"Organization\",\"@id\":\"https:\\\/\\\/magnetarmagnets.com\\\/sv\\\/#organization\",\"name\":\"Magnetar\",\"url\":\"https:\\\/\\\/magnetarmagnets.com\\\/sv\\\/\",\"logo\":{\"@type\":\"ImageObject\",\"inLanguage\":\"sv-SE\",\"@id\":\"https:\\\/\\\/magnetarmagnets.com\\\/sv\\\/#\\\/schema\\\/logo\\\/image\\\/\",\"url\":\"https:\\\/\\\/magnetarmagnets.com\\\/wp-content\\\/uploads\\\/2025\\\/05\\\/Logo-03_PNG-Black-scaled.png\",\"contentUrl\":\"https:\\\/\\\/magnetarmagnets.com\\\/wp-content\\\/uploads\\\/2025\\\/05\\\/Logo-03_PNG-Black-scaled.png\",\"width\":2560,\"height\":1658,\"caption\":\"Magnetar\"},\"image\":{\"@id\":\"https:\\\/\\\/magnetarmagnets.com\\\/sv\\\/#\\\/schema\\\/logo\\\/image\\\/\"},\"sameAs\":[\"https:\\\/\\\/www.facebook.com\\\/fishingmagnets\\\/\",\"https:\\\/\\\/www.instagram.com\\\/magnetar_magnets\\\/\",\"https:\\\/\\\/www.linkedin.com\\\/company\\\/magnetarbv\\\/?originalSubdomain=nl\",\"https:\\\/\\\/www.youtube.com\\\/c\\\/MagnetarVismagneet\"]}]}<\/script>\n<!-- \/ Yoast SEO plugin. -->","yoast_head_json":{"title":"Magnetfiske klisterm\u00e4rkesset - Magnet fishing with a Magnetar fishing magnet","description":"Magnetfiske klisterm\u00e4rkesset - Anpassa med Magnetar","robots":{"index":"index","follow":"follow","max-snippet":"max-snippet:-1","max-image-preview":"max-image-preview:large","max-video-preview":"max-video-preview:-1"},"canonical":"https:\/\/magnetarmagnets.com\/sv\/shop\/magnetfiske-klistermarkesset\/","og_locale":"sv_SE","og_type":"article","og_title":"Magnetfiske klisterm\u00e4rkesset - Magnet fishing with a Magnetar fishing magnet","og_description":"Magnetfiske klisterm\u00e4rkesset - Anpassa med Magnetar","og_url":"https:\/\/magnetarmagnets.com\/sv\/shop\/magnetfiske-klistermarkesset\/","og_site_name":"Magnet fishing with a Magnetar fishing magnet","article_publisher":"https:\/\/www.facebook.com\/fishingmagnets\/","article_modified_time":"2026-04-16T11:42:34+00:00","og_image":[{"width":1000,"height":1000,"url":"https:\/\/magnetarmagnets.com\/wp-content\/uploads\/2021\/04\/magnetar-car-sticker.jpg","type":"image\/jpeg"}],"twitter_card":"summary_large_image","twitter_misc":{"Ber\u00e4knad l\u00e4stid":"2 minuter"},"schema":{"@context":"https:\/\/schema.org","@graph":[{"@type":["WebPage","ItemPage"],"@id":"https:\/\/magnetarmagnets.com\/sv\/shop\/magnetfiske-klistermarkesset\/","url":"https:\/\/magnetarmagnets.com\/sv\/shop\/magnetfiske-klistermarkesset\/","name":"Magnetfiske klisterm\u00e4rkesset - Magnet fishing with a Magnetar fishing magnet","isPartOf":{"@id":"https:\/\/magnetarmagnets.com\/sv\/#website"},"primaryImageOfPage":{"@id":"https:\/\/magnetarmagnets.com\/sv\/shop\/magnetfiske-klistermarkesset\/#primaryimage"},"image":{"@id":"https:\/\/magnetarmagnets.com\/sv\/shop\/magnetfiske-klistermarkesset\/#primaryimage"},"thumbnailUrl":"https:\/\/magnetarmagnets.com\/wp-content\/uploads\/2021\/04\/magnetar-car-sticker.jpg","datePublished":"2025-06-05T07:53:48+00:00","dateModified":"2026-04-16T11:42:34+00:00","description":"Magnetfiske klisterm\u00e4rkesset - Anpassa med Magnetar","breadcrumb":{"@id":"https:\/\/magnetarmagnets.com\/sv\/shop\/magnetfiske-klistermarkesset\/#breadcrumb"},"inLanguage":"sv-SE","potentialAction":[{"@type":"ReadAction","target":["https:\/\/magnetarmagnets.com\/sv\/shop\/magnetfiske-klistermarkesset\/"]}]},{"@type":"ImageObject","inLanguage":"sv-SE","@id":"https:\/\/magnetarmagnets.com\/sv\/shop\/magnetfiske-klistermarkesset\/#primaryimage","url":"https:\/\/magnetarmagnets.com\/wp-content\/uploads\/2021\/04\/magnetar-car-sticker.jpg","contentUrl":"https:\/\/magnetarmagnets.com\/wp-content\/uploads\/2021\/04\/magnetar-car-sticker.jpg","width":1000,"height":1000},{"@type":"BreadcrumbList","@id":"https:\/\/magnetarmagnets.com\/sv\/shop\/magnetfiske-klistermarkesset\/#breadcrumb","itemListElement":[{"@type":"ListItem","position":1,"name":"Home","item":"https:\/\/magnetarmagnets.com\/sv\/"},{"@type":"ListItem","position":2,"name":"Butik","item":"https:\/\/magnetarmagnets.com\/sv\/butik\/"},{"@type":"ListItem","position":3,"name":"Okategoriserad","item":"https:\/\/magnetarmagnets.com\/sv\/collections\/okategoriserad\/"},{"@type":"ListItem","position":4,"name":"Magnetfiske klisterm\u00e4rkesset"}]},{"@type":"WebSite","@id":"https:\/\/magnetarmagnets.com\/sv\/#website","url":"https:\/\/magnetarmagnets.com\/sv\/","name":"Magnet fishing with a Magnetar fishing magnet","description":"Kraftfulla magneter f\u00f6r magnetfiske","publisher":{"@id":"https:\/\/magnetarmagnets.com\/sv\/#organization"},"potentialAction":[{"@type":"SearchAction","target":{"@type":"EntryPoint","urlTemplate":"https:\/\/magnetarmagnets.com\/sv\/?s={search_term_string}"},"query-input":{"@type":"PropertyValueSpecification","valueRequired":true,"valueName":"search_term_string"}}],"inLanguage":"sv-SE"},{"@type":"Organization","@id":"https:\/\/magnetarmagnets.com\/sv\/#organization","name":"Magnetar","url":"https:\/\/magnetarmagnets.com\/sv\/","logo":{"@type":"ImageObject","inLanguage":"sv-SE","@id":"https:\/\/magnetarmagnets.com\/sv\/#\/schema\/logo\/image\/","url":"https:\/\/magnetarmagnets.com\/wp-content\/uploads\/2025\/05\/Logo-03_PNG-Black-scaled.png","contentUrl":"https:\/\/magnetarmagnets.com\/wp-content\/uploads\/2025\/05\/Logo-03_PNG-Black-scaled.png","width":2560,"height":1658,"caption":"Magnetar"},"image":{"@id":"https:\/\/magnetarmagnets.com\/sv\/#\/schema\/logo\/image\/"},"sameAs":["https:\/\/www.facebook.com\/fishingmagnets\/","https:\/\/www.instagram.com\/magnetar_magnets\/","https:\/\/www.linkedin.com\/company\/magnetarbv\/?originalSubdomain=nl","https:\/\/www.youtube.com\/c\/MagnetarVismagneet"]}]}},"_links":{"self":[{"href":"https:\/\/magnetarmagnets.com\/sv\/wp-json\/wp\/v2\/product\/67475","targetHints":{"allow":["GET"]}}],"collection":[{"href":"https:\/\/magnetarmagnets.com\/sv\/wp-json\/wp\/v2\/product"}],"about":[{"href":"https:\/\/magnetarmagnets.com\/sv\/wp-json\/wp\/v2\/types\/product"}],"replies":[{"embeddable":true,"href":"https:\/\/magnetarmagnets.com\/sv\/wp-json\/wp\/v2\/comments?post=67475"}],"version-history":[{"count":0,"href":"https:\/\/magnetarmagnets.com\/sv\/wp-json\/wp\/v2\/product\/67475\/revisions"}],"wp:featuredmedia":[{"embeddable":true,"href":"https:\/\/magnetarmagnets.com\/sv\/wp-json\/wp\/v2\/media\/64820"}],"wp:attachment":[{"href":"https:\/\/magnetarmagnets.com\/sv\/wp-json\/wp\/v2\/media?parent=67475"}],"wp:term":[{"taxonomy":"product_brand","embeddable":true,"href":"https:\/\/magnetarmagnets.com\/sv\/wp-json\/wp\/v2\/product_brand?post=67475"},{"taxonomy":"product_cat","embeddable":true,"href":"https:\/\/magnetarmagnets.com\/sv\/wp-json\/wp\/v2\/product_cat?post=67475"},{"taxonomy":"product_tag","embeddable":true,"href":"https:\/\/magnetarmagnets.com\/sv\/wp-json\/wp\/v2\/product_tag?post=67475"}],"curies":[{"name":"wp","href":"https:\/\/api.w.org\/{rel}","templated":true}]}}