{"id":67469,"date":"2025-06-05T09:54:13","date_gmt":"2025-06-05T07:54:13","guid":{"rendered":"https:\/\/magnetarmagnets.com\/?post_type=product&#038;p=67469"},"modified":"2026-04-04T20:19:35","modified_gmt":"2026-04-04T18:19:35","slug":"bulldog-500-dubbelsidig-fiskemagnet-1100-lb-500-kg","status":"publish","type":"product","link":"https:\/\/magnetarmagnets.com\/sv\/shop\/bulldog-500-dubbelsidig-fiskemagnet-1100-lb-500-kg\/","title":{"rendered":"Bulldog 500 \u2013 dubbelsidig fiskemagnet \u2013 500 kg"},"content":{"rendered":"<span style=\"font-weight: 400;\">Magnetar <\/span>Bulldog 500<span style=\"font-weight: 400;\"> \u00e4r lillebror till Magnetar <\/span>Bulldog 800<span style=\"font-weight: 400;\">, en dubbelsidig fiskemagnet. V\u00e5r Bulldog-fiskemagnet drar till sig alla f\u00f6rem\u00e5l i vattnet tack vare sin sammanlagda dragkraft p\u00e5 500 kg. Dragkraften \u00e4r f\u00f6rdelad p\u00e5 tv\u00e5 magneter med en dragkraft p\u00e5 250 kg (550 lb) vardera, vilket inneb\u00e4r att du alltid fiskar med 250 kg dragkraft per sida. Detta \u00f6kar chansen att hitta f\u00f6rem\u00e5l genom ett ut\u00f6kat magnetf\u00e4lt. Bulldog har en dubbelsidig dragkraft med ett st\u00e5lringsh\u00f6lje som skyddar magneten. Letar du efter en kraftfullare dubbelsidig magnet? Kolla in v\u00e5r <a href=\"https:\/\/magnetarmagnets.com\/shop\/bulldog-800-double-sided\/\" target=\"_blank\" rel=\"noopener noreferrer\"><span style=\"font-weight: 400;\">Bulldog 800<\/span><\/a><span style=\"font-weight: 400;\"> h\u00e4r.<\/span><\/span>\r\n<h2><strong>Den dubbelsidiga Bulldog 500<\/strong><\/h2>\r\n<span style=\"font-weight: 400;\">V\u00e5r Bulldog-fiskemagnet drar till sig alla f\u00f6rem\u00e5l i vattnet tack vare en sammanlagd dragkraft p\u00e5 500 kg. Denna dragkraft \u00e4r f\u00f6rdelad p\u00e5 tv\u00e5 magneter med 250 kg (550 lb) vardera. Den utlovade dragkraften p\u00e5 250 kg uppn\u00e5s endast under perfekta f\u00f6rh\u00e5llanden: sl\u00e4t metall med 2 cm tjocklek, inget rost eller skr\u00e4p mellan magneten och metallen. Under dessa f\u00f6rh\u00e5llanden kan du dra 250 kg rakt upp.<\/span>\r\n\r\n<span style=\"font-weight: 400;\">Skillnaden mellan en <a href=\"https:\/\/magnetarmagnets.com\/double-sided-fishing-magnet\/\" target=\"_blank\" rel=\"noopener\">dubbelsidig magnet<\/a> och env\u00e4gsmagneter \u00e4r att du kan fiska p\u00e5 tv\u00e5 s\u00e4tt ist\u00e4llet f\u00f6r ett. Du kan f\u00e4sta de medf\u00f6ljande \u00f6glorna p\u00e5 valfritt s\u00e4tt. Om du vill dra magneten plant genom vattnet (vilket \u00f6kar chansen att hitta f\u00f6rem\u00e5l) f\u00e4ster du \u00f6glan p\u00e5 magnetens sida. Tack vare de tv\u00e5 magneterna p\u00e5 den dubbelsidiga magneten kommer den alltid att v\u00e4nda sig mot m\u00f6jliga skatter.<\/span>\r\n\r\n<span style=\"font-weight: 400;\">En nackdel med horisontell magnetfiske \u00e4r att magneten kan ut\u00f6va mindre dragkraft p\u00e5 ett f\u00f6rem\u00e5l. Dragkraften \u00e4r som b\u00e4st vid vertikalt fiske. Vill du ha extra dragkraft b\u00f6r du f\u00e4sta \u00f6glan vertikalt p\u00e5 magnetens yta. P\u00e5 s\u00e5 s\u00e4tt kan du dra tyngre f\u00f6rem\u00e5l, precis som med v\u00e5ra <\/span><span style=\"font-weight: 400;\">klassiska magneter<\/span><span style=\"font-weight: 400;\">. De olika anv\u00e4ndningss\u00e4tten g\u00f6r magneten multifunktionell.<\/span>\r\n<p style=\"font-weight: 400;\">Gl\u00f6m inte att kolla in v\u00e5r <a href=\"https:\/\/magnetarmagnets.com\/accessories\/\" target=\"_blank\" rel=\"noopener\">magnetfiskeutrustning<\/a> eller v\u00e4lj v\u00e5ra <a href=\"https:\/\/magnetarmagnets.com\/magnet-fishing-kit\/\" target=\"_blank\" rel=\"noopener\">b\u00e4sta magnetfiskeset<\/a>.<\/p>\r\n\r\n<h2>H\u00f6g kvalitet<\/h2>\r\nV\u00e5ra fiskemagneter \u00e4r tillverkade av det b\u00e4sta neodymet runt, vilket g\u00f6r dem till n\u00e5gra av de b\u00e4sta neodymmagneterna f\u00f6r magnetfiske p\u00e5 marknaden. Det inneb\u00e4r att v\u00e5ra Magnetar-magneter beh\u00e5ller sin dragkraft och f\u00f6rlorar endast 1 % av den efter 100 \u00e5r! De flesta andra leverant\u00f6rer s\u00e4ljer magneter som tappar lika mycket p\u00e5 bara n\u00e5gra veckor. Allt fler l\u00e5gkvalitativa magneter dyker upp nu f\u00f6r tiden \u2013 de inneh\u00e5ller s\u00e4mre neodym f\u00f6r att s\u00e4nka priset och f\u00e5 magneten att se st\u00f6rre ut. N\u00e4r du k\u00f6per en s\u00e5dan magnet sl\u00e4nger du i praktiken bort pengar.\r\n\r\nAlla v\u00e5ra magneter \u00e4r personligt ritade och designade f\u00f6r att ge dig b\u00e4sta m\u00f6jliga magnetfiskeupplevelse. Vi testar v\u00e5ra magneter med professionell utrustning s\u00e5 att den utlovade dragkraften \u00e4r korrekt. Tack vare v\u00e5r erfarenhet av magnetfiske vet vi exakt hur en magnet b\u00f6r utformas. Du kan sj\u00e4lv uppleva detta med v\u00e5ra h\u00f6gkvalitativa, kraftfulla och p\u00e5litliga fiskemagneter. Nyfiken p\u00e5 hur vi testar dragkraften? Kolla p\u00e5 v\u00e5r video <a href=\"https:\/\/www.youtube.com\/watch?v=2McW3RURDxs\" target=\"_blank\" rel=\"noopener noreferrer\">om m\u00e4tningsmetoder f\u00f6r dragkraft<\/a>.\r\n<h2>Varning!<\/h2>\r\nV\u00e5ra neodymmagneter \u00e4r extremt kraftfulla och kan ryckas fast i metallf\u00f6rem\u00e5l med h\u00f6g hastighet om de kommer n\u00e4ra varandra. Se absolut till att inte f\u00e5 fingrarna emellan. Med n\u00e5gra av v\u00e5ra kraftfullaste magneter kan du l\u00e4tt krossa, bryta eller f\u00e5 bl\u00e5sor p\u00e5 fingrarna om de kommer mellan magneten och ett metallf\u00f6rem\u00e5l. Var alltid f\u00f6rsiktig n\u00e4r du anv\u00e4nder v\u00e5ra magneter. Anv\u00e4ndning av v\u00e5ra fiskemagneter sker p\u00e5 egen risk. L\u00e4s alltid v\u00e5ra s\u00e4kerhetsanvisningar f\u00f6re anv\u00e4ndning.","protected":false},"excerpt":{"rendered":"<p><span style=\"font-weight: 400;\">Dubbelt attraktiv med 2 x 250 kg dragkraft. <strong>F\u00f6rdubblar dina chanser att hitta skatter<\/strong>!<\/span><\/p>\n","protected":false},"featured_media":65432,"comment_status":"open","ping_status":"closed","template":"","meta":{"_acf_changed":false,"inline_featured_image":false},"product_brand":[],"product_cat":[265,261,279,277,167],"product_tag":[],"class_list":{"0":"post-67469","1":"product","2":"type-product","3":"status-publish","4":"has-post-thumbnail","6":"product_cat-dubbelsidiga-fiske-magneter","7":"product_cat-fiske-magneter","8":"product_cat-for-avancerade-aventyrare-sv","9":"product_cat-nyborjare-barn","10":"product_cat-okategoriserad","12":"first","13":"instock","14":"taxable","15":"shipping-taxable","16":"purchasable","17":"product-type-simple"},"acf":[],"yoast_head":"<!-- This site is optimized with the Yoast SEO plugin v27.4 - https:\/\/yoast.com\/product\/yoast-seo-wordpress\/ -->\n<title>Dubbelsidig Bulldog 400-fiskemagnet fr\u00e5n Magnetar<\/title>\n<meta name=\"description\" content=\"Denna dragkraft \u00e4r f\u00f6rdelad p\u00e5 tv\u00e5 magneter med 250 kg dragkraft vardera, s\u00e5 du fiskar alltid med 250 kg dragkraft per sida.\" \/>\n<meta name=\"robots\" content=\"index, follow, max-snippet:-1, max-image-preview:large, max-video-preview:-1\" \/>\n<link rel=\"canonical\" href=\"https:\/\/magnetarmagnets.com\/sv\/shop\/bulldog-500-dubbelsidig-fiskemagnet-1100-lb-500-kg\/\" \/>\n<meta property=\"og:locale\" content=\"sv_SE\" \/>\n<meta property=\"og:type\" content=\"article\" \/>\n<meta property=\"og:title\" content=\"Dubbelsidig Bulldog 400-fiskemagnet fr\u00e5n Magnetar\" \/>\n<meta property=\"og:description\" content=\"Denna dragkraft \u00e4r f\u00f6rdelad p\u00e5 tv\u00e5 magneter med 250 kg dragkraft vardera, s\u00e5 du fiskar alltid med 250 kg dragkraft per sida.\" \/>\n<meta property=\"og:url\" content=\"https:\/\/magnetarmagnets.com\/sv\/shop\/bulldog-500-dubbelsidig-fiskemagnet-1100-lb-500-kg\/\" \/>\n<meta property=\"og:site_name\" content=\"Magnet fishing with a Magnetar fishing magnet\" \/>\n<meta property=\"article:publisher\" content=\"https:\/\/www.facebook.com\/fishingmagnets\/\" \/>\n<meta property=\"article:modified_time\" content=\"2026-04-04T18:19:35+00:00\" \/>\n<meta property=\"og:image\" content=\"https:\/\/magnetarmagnets.com\/wp-content\/uploads\/2020\/05\/FOTO1491.jpg\" \/>\n\t<meta property=\"og:image:width\" content=\"1000\" \/>\n\t<meta property=\"og:image:height\" content=\"1000\" \/>\n\t<meta property=\"og:image:type\" content=\"image\/jpeg\" \/>\n<meta name=\"twitter:card\" content=\"summary_large_image\" \/>\n<meta name=\"twitter:label1\" content=\"Ber\u00e4knad l\u00e4stid\" \/>\n\t<meta name=\"twitter:data1\" content=\"3 minuter\" \/>\n<script type=\"application\/ld+json\" class=\"yoast-schema-graph\">{\"@context\":\"https:\\\/\\\/schema.org\",\"@graph\":[{\"@type\":[\"WebPage\",\"ItemPage\"],\"@id\":\"https:\\\/\\\/magnetarmagnets.com\\\/sv\\\/shop\\\/bulldog-500-dubbelsidig-fiskemagnet-1100-lb-500-kg\\\/\",\"url\":\"https:\\\/\\\/magnetarmagnets.com\\\/sv\\\/shop\\\/bulldog-500-dubbelsidig-fiskemagnet-1100-lb-500-kg\\\/\",\"name\":\"Dubbelsidig Bulldog 400-fiskemagnet fr\u00e5n Magnetar\",\"isPartOf\":{\"@id\":\"https:\\\/\\\/magnetarmagnets.com\\\/sv\\\/#website\"},\"primaryImageOfPage\":{\"@id\":\"https:\\\/\\\/magnetarmagnets.com\\\/sv\\\/shop\\\/bulldog-500-dubbelsidig-fiskemagnet-1100-lb-500-kg\\\/#primaryimage\"},\"image\":{\"@id\":\"https:\\\/\\\/magnetarmagnets.com\\\/sv\\\/shop\\\/bulldog-500-dubbelsidig-fiskemagnet-1100-lb-500-kg\\\/#primaryimage\"},\"thumbnailUrl\":\"https:\\\/\\\/magnetarmagnets.com\\\/wp-content\\\/uploads\\\/2020\\\/05\\\/FOTO1491.jpg\",\"datePublished\":\"2025-06-05T07:54:13+00:00\",\"dateModified\":\"2026-04-04T18:19:35+00:00\",\"description\":\"Denna dragkraft \u00e4r f\u00f6rdelad p\u00e5 tv\u00e5 magneter med 250 kg dragkraft vardera, s\u00e5 du fiskar alltid med 250 kg dragkraft per sida.\",\"breadcrumb\":{\"@id\":\"https:\\\/\\\/magnetarmagnets.com\\\/sv\\\/shop\\\/bulldog-500-dubbelsidig-fiskemagnet-1100-lb-500-kg\\\/#breadcrumb\"},\"inLanguage\":\"sv-SE\",\"potentialAction\":[{\"@type\":\"ReadAction\",\"target\":[\"https:\\\/\\\/magnetarmagnets.com\\\/sv\\\/shop\\\/bulldog-500-dubbelsidig-fiskemagnet-1100-lb-500-kg\\\/\"]}]},{\"@type\":\"ImageObject\",\"inLanguage\":\"sv-SE\",\"@id\":\"https:\\\/\\\/magnetarmagnets.com\\\/sv\\\/shop\\\/bulldog-500-dubbelsidig-fiskemagnet-1100-lb-500-kg\\\/#primaryimage\",\"url\":\"https:\\\/\\\/magnetarmagnets.com\\\/wp-content\\\/uploads\\\/2020\\\/05\\\/FOTO1491.jpg\",\"contentUrl\":\"https:\\\/\\\/magnetarmagnets.com\\\/wp-content\\\/uploads\\\/2020\\\/05\\\/FOTO1491.jpg\",\"width\":1000,\"height\":1000},{\"@type\":\"BreadcrumbList\",\"@id\":\"https:\\\/\\\/magnetarmagnets.com\\\/sv\\\/shop\\\/bulldog-500-dubbelsidig-fiskemagnet-1100-lb-500-kg\\\/#breadcrumb\",\"itemListElement\":[{\"@type\":\"ListItem\",\"position\":1,\"name\":\"Home\",\"item\":\"https:\\\/\\\/magnetarmagnets.com\\\/sv\\\/\"},{\"@type\":\"ListItem\",\"position\":2,\"name\":\"Butik\",\"item\":\"https:\\\/\\\/magnetarmagnets.com\\\/sv\\\/butik\\\/\"},{\"@type\":\"ListItem\",\"position\":3,\"name\":\"Fiske magneter\",\"item\":\"https:\\\/\\\/magnetarmagnets.com\\\/sv\\\/collections\\\/fiske-magneter\\\/\"},{\"@type\":\"ListItem\",\"position\":4,\"name\":\"Dubbelsidiga fiske magneter\",\"item\":\"https:\\\/\\\/magnetarmagnets.com\\\/sv\\\/collections\\\/fiske-magneter\\\/dubbelsidiga-fiske-magneter\\\/\"},{\"@type\":\"ListItem\",\"position\":5,\"name\":\"Bulldog 500 \u2013 dubbelsidig fiskemagnet \u2013 500 kg\"}]},{\"@type\":\"WebSite\",\"@id\":\"https:\\\/\\\/magnetarmagnets.com\\\/sv\\\/#website\",\"url\":\"https:\\\/\\\/magnetarmagnets.com\\\/sv\\\/\",\"name\":\"Magnet fishing with a Magnetar fishing magnet\",\"description\":\"Kraftfulla magneter f\u00f6r magnetfiske\",\"publisher\":{\"@id\":\"https:\\\/\\\/magnetarmagnets.com\\\/sv\\\/#organization\"},\"potentialAction\":[{\"@type\":\"SearchAction\",\"target\":{\"@type\":\"EntryPoint\",\"urlTemplate\":\"https:\\\/\\\/magnetarmagnets.com\\\/sv\\\/?s={search_term_string}\"},\"query-input\":{\"@type\":\"PropertyValueSpecification\",\"valueRequired\":true,\"valueName\":\"search_term_string\"}}],\"inLanguage\":\"sv-SE\"},{\"@type\":\"Organization\",\"@id\":\"https:\\\/\\\/magnetarmagnets.com\\\/sv\\\/#organization\",\"name\":\"Magnetar\",\"url\":\"https:\\\/\\\/magnetarmagnets.com\\\/sv\\\/\",\"logo\":{\"@type\":\"ImageObject\",\"inLanguage\":\"sv-SE\",\"@id\":\"https:\\\/\\\/magnetarmagnets.com\\\/sv\\\/#\\\/schema\\\/logo\\\/image\\\/\",\"url\":\"https:\\\/\\\/magnetarmagnets.com\\\/wp-content\\\/uploads\\\/2025\\\/05\\\/Logo-03_PNG-Black-scaled.png\",\"contentUrl\":\"https:\\\/\\\/magnetarmagnets.com\\\/wp-content\\\/uploads\\\/2025\\\/05\\\/Logo-03_PNG-Black-scaled.png\",\"width\":2560,\"height\":1658,\"caption\":\"Magnetar\"},\"image\":{\"@id\":\"https:\\\/\\\/magnetarmagnets.com\\\/sv\\\/#\\\/schema\\\/logo\\\/image\\\/\"},\"sameAs\":[\"https:\\\/\\\/www.facebook.com\\\/fishingmagnets\\\/\",\"https:\\\/\\\/www.instagram.com\\\/magnetar_magnets\\\/\",\"https:\\\/\\\/www.linkedin.com\\\/company\\\/magnetarbv\\\/?originalSubdomain=nl\",\"https:\\\/\\\/www.youtube.com\\\/c\\\/MagnetarVismagneet\"]}]}<\/script>\n<!-- \/ Yoast SEO plugin. -->","yoast_head_json":{"title":"Dubbelsidig Bulldog 400-fiskemagnet fr\u00e5n Magnetar","description":"Denna dragkraft \u00e4r f\u00f6rdelad p\u00e5 tv\u00e5 magneter med 250 kg dragkraft vardera, s\u00e5 du fiskar alltid med 250 kg dragkraft per sida.","robots":{"index":"index","follow":"follow","max-snippet":"max-snippet:-1","max-image-preview":"max-image-preview:large","max-video-preview":"max-video-preview:-1"},"canonical":"https:\/\/magnetarmagnets.com\/sv\/shop\/bulldog-500-dubbelsidig-fiskemagnet-1100-lb-500-kg\/","og_locale":"sv_SE","og_type":"article","og_title":"Dubbelsidig Bulldog 400-fiskemagnet fr\u00e5n Magnetar","og_description":"Denna dragkraft \u00e4r f\u00f6rdelad p\u00e5 tv\u00e5 magneter med 250 kg dragkraft vardera, s\u00e5 du fiskar alltid med 250 kg dragkraft per sida.","og_url":"https:\/\/magnetarmagnets.com\/sv\/shop\/bulldog-500-dubbelsidig-fiskemagnet-1100-lb-500-kg\/","og_site_name":"Magnet fishing with a Magnetar fishing magnet","article_publisher":"https:\/\/www.facebook.com\/fishingmagnets\/","article_modified_time":"2026-04-04T18:19:35+00:00","og_image":[{"width":1000,"height":1000,"url":"https:\/\/magnetarmagnets.com\/wp-content\/uploads\/2020\/05\/FOTO1491.jpg","type":"image\/jpeg"}],"twitter_card":"summary_large_image","twitter_misc":{"Ber\u00e4knad l\u00e4stid":"3 minuter"},"schema":{"@context":"https:\/\/schema.org","@graph":[{"@type":["WebPage","ItemPage"],"@id":"https:\/\/magnetarmagnets.com\/sv\/shop\/bulldog-500-dubbelsidig-fiskemagnet-1100-lb-500-kg\/","url":"https:\/\/magnetarmagnets.com\/sv\/shop\/bulldog-500-dubbelsidig-fiskemagnet-1100-lb-500-kg\/","name":"Dubbelsidig Bulldog 400-fiskemagnet fr\u00e5n Magnetar","isPartOf":{"@id":"https:\/\/magnetarmagnets.com\/sv\/#website"},"primaryImageOfPage":{"@id":"https:\/\/magnetarmagnets.com\/sv\/shop\/bulldog-500-dubbelsidig-fiskemagnet-1100-lb-500-kg\/#primaryimage"},"image":{"@id":"https:\/\/magnetarmagnets.com\/sv\/shop\/bulldog-500-dubbelsidig-fiskemagnet-1100-lb-500-kg\/#primaryimage"},"thumbnailUrl":"https:\/\/magnetarmagnets.com\/wp-content\/uploads\/2020\/05\/FOTO1491.jpg","datePublished":"2025-06-05T07:54:13+00:00","dateModified":"2026-04-04T18:19:35+00:00","description":"Denna dragkraft \u00e4r f\u00f6rdelad p\u00e5 tv\u00e5 magneter med 250 kg dragkraft vardera, s\u00e5 du fiskar alltid med 250 kg dragkraft per sida.","breadcrumb":{"@id":"https:\/\/magnetarmagnets.com\/sv\/shop\/bulldog-500-dubbelsidig-fiskemagnet-1100-lb-500-kg\/#breadcrumb"},"inLanguage":"sv-SE","potentialAction":[{"@type":"ReadAction","target":["https:\/\/magnetarmagnets.com\/sv\/shop\/bulldog-500-dubbelsidig-fiskemagnet-1100-lb-500-kg\/"]}]},{"@type":"ImageObject","inLanguage":"sv-SE","@id":"https:\/\/magnetarmagnets.com\/sv\/shop\/bulldog-500-dubbelsidig-fiskemagnet-1100-lb-500-kg\/#primaryimage","url":"https:\/\/magnetarmagnets.com\/wp-content\/uploads\/2020\/05\/FOTO1491.jpg","contentUrl":"https:\/\/magnetarmagnets.com\/wp-content\/uploads\/2020\/05\/FOTO1491.jpg","width":1000,"height":1000},{"@type":"BreadcrumbList","@id":"https:\/\/magnetarmagnets.com\/sv\/shop\/bulldog-500-dubbelsidig-fiskemagnet-1100-lb-500-kg\/#breadcrumb","itemListElement":[{"@type":"ListItem","position":1,"name":"Home","item":"https:\/\/magnetarmagnets.com\/sv\/"},{"@type":"ListItem","position":2,"name":"Butik","item":"https:\/\/magnetarmagnets.com\/sv\/butik\/"},{"@type":"ListItem","position":3,"name":"Fiske magneter","item":"https:\/\/magnetarmagnets.com\/sv\/collections\/fiske-magneter\/"},{"@type":"ListItem","position":4,"name":"Dubbelsidiga fiske magneter","item":"https:\/\/magnetarmagnets.com\/sv\/collections\/fiske-magneter\/dubbelsidiga-fiske-magneter\/"},{"@type":"ListItem","position":5,"name":"Bulldog 500 \u2013 dubbelsidig fiskemagnet \u2013 500 kg"}]},{"@type":"WebSite","@id":"https:\/\/magnetarmagnets.com\/sv\/#website","url":"https:\/\/magnetarmagnets.com\/sv\/","name":"Magnet fishing with a Magnetar fishing magnet","description":"Kraftfulla magneter f\u00f6r magnetfiske","publisher":{"@id":"https:\/\/magnetarmagnets.com\/sv\/#organization"},"potentialAction":[{"@type":"SearchAction","target":{"@type":"EntryPoint","urlTemplate":"https:\/\/magnetarmagnets.com\/sv\/?s={search_term_string}"},"query-input":{"@type":"PropertyValueSpecification","valueRequired":true,"valueName":"search_term_string"}}],"inLanguage":"sv-SE"},{"@type":"Organization","@id":"https:\/\/magnetarmagnets.com\/sv\/#organization","name":"Magnetar","url":"https:\/\/magnetarmagnets.com\/sv\/","logo":{"@type":"ImageObject","inLanguage":"sv-SE","@id":"https:\/\/magnetarmagnets.com\/sv\/#\/schema\/logo\/image\/","url":"https:\/\/magnetarmagnets.com\/wp-content\/uploads\/2025\/05\/Logo-03_PNG-Black-scaled.png","contentUrl":"https:\/\/magnetarmagnets.com\/wp-content\/uploads\/2025\/05\/Logo-03_PNG-Black-scaled.png","width":2560,"height":1658,"caption":"Magnetar"},"image":{"@id":"https:\/\/magnetarmagnets.com\/sv\/#\/schema\/logo\/image\/"},"sameAs":["https:\/\/www.facebook.com\/fishingmagnets\/","https:\/\/www.instagram.com\/magnetar_magnets\/","https:\/\/www.linkedin.com\/company\/magnetarbv\/?originalSubdomain=nl","https:\/\/www.youtube.com\/c\/MagnetarVismagneet"]}]}},"_links":{"self":[{"href":"https:\/\/magnetarmagnets.com\/sv\/wp-json\/wp\/v2\/product\/67469","targetHints":{"allow":["GET"]}}],"collection":[{"href":"https:\/\/magnetarmagnets.com\/sv\/wp-json\/wp\/v2\/product"}],"about":[{"href":"https:\/\/magnetarmagnets.com\/sv\/wp-json\/wp\/v2\/types\/product"}],"replies":[{"embeddable":true,"href":"https:\/\/magnetarmagnets.com\/sv\/wp-json\/wp\/v2\/comments?post=67469"}],"version-history":[{"count":1,"href":"https:\/\/magnetarmagnets.com\/sv\/wp-json\/wp\/v2\/product\/67469\/revisions"}],"predecessor-version":[{"id":95384,"href":"https:\/\/magnetarmagnets.com\/sv\/wp-json\/wp\/v2\/product\/67469\/revisions\/95384"}],"wp:featuredmedia":[{"embeddable":true,"href":"https:\/\/magnetarmagnets.com\/sv\/wp-json\/wp\/v2\/media\/65432"}],"wp:attachment":[{"href":"https:\/\/magnetarmagnets.com\/sv\/wp-json\/wp\/v2\/media?parent=67469"}],"wp:term":[{"taxonomy":"product_brand","embeddable":true,"href":"https:\/\/magnetarmagnets.com\/sv\/wp-json\/wp\/v2\/product_brand?post=67469"},{"taxonomy":"product_cat","embeddable":true,"href":"https:\/\/magnetarmagnets.com\/sv\/wp-json\/wp\/v2\/product_cat?post=67469"},{"taxonomy":"product_tag","embeddable":true,"href":"https:\/\/magnetarmagnets.com\/sv\/wp-json\/wp\/v2\/product_tag?post=67469"}],"curies":[{"name":"wp","href":"https:\/\/api.w.org\/{rel}","templated":true}]}}