{"id":67467,"date":"2025-06-05T09:54:13","date_gmt":"2025-06-05T07:54:13","guid":{"rendered":"https:\/\/magnetarmagnets.com\/?post_type=product&#038;p=67467"},"modified":"2026-04-04T19:55:10","modified_gmt":"2026-04-04T17:55:10","slug":"dubbelhaftande-magnetkit-for-magnetfiske-880-kg-1940-lb-bulldog","status":"publish","type":"product","link":"https:\/\/magnetarmagnets.com\/sv\/shop\/dubbelhaftande-magnetkit-for-magnetfiske-880-kg-1940-lb-bulldog\/","title":{"rendered":"Dubbelh\u00e4ftande magnetkit f\u00f6r magnetfiske \u2013 880 kg  \u2013 Bulldog"},"content":{"rendered":"Med Bulldog 800 \u00e4r du redo att b\u00f6rja hitta de mest unika undervattensskatterna med detta kompletta fiskemagnet-kit. Paketet inneh\u00e5ller v\u00e5r dubbelh\u00e4ftande Bulldog 800 fiskemagnet, <a href=\"https:\/\/magnetarmagnets.com\/shop\/magnet-fishing-glove\/?v=796834e7a283\">handskar<\/a>, en <a href=\"https:\/\/magnetarmagnets.com\/shop\/magnet-fishing-rope\/?v=796834e7a283\">magnetfiskerep<\/a> och metalllim. Letar du efter en 360\u00b0 allround-magnet? Kolla in v\u00e5r <a href=\"https:\/\/magnetarmagnets.com\/shop\/fishmagnet-package-pro\/\"><strong>Pro Package<\/strong><\/a>.\r\n<h2>Bulldog 800 dubbelh\u00e4ftande fiskemagnet<\/h2>\r\nAlla v\u00e5ra Bulldog-fiskemagneter har tv\u00e5 magnetiska sidor. Bulldog 800 har en total dragkraft p\u00e5 1940 lb \/ 880 kg, vilket motsvarar 970 lb \/ 440 kg per sida. Tunga f\u00f6rem\u00e5l som kassask\u00e5p, bildelar och trafikskyltar \u00e4r inga problem f\u00f6r denna kraftfulla magnet. J\u00e4mf\u00f6rt med enkelsidiga magneter \u00f6kar de dubbla magnetiska sidorna avsev\u00e4rt chansen att hitta riktiga skatter.\r\n\r\nDubbelsidiga magneter kan anv\u00e4ndas p\u00e5 flera s\u00e4tt. Vill du dra magneten platt genom vattnet? Montera \u00f6gelskruven p\u00e5 magnetens sida. Vanligtvis ger denna teknik st\u00f6rre chans att f\u00e5 fast vid ett f\u00f6rem\u00e5l. Magnetens tv\u00e5 magnetiska sidor inneb\u00e4r att det alltid finns en magnetisk kraft riktad mot potentiella skatter p\u00e5 botten. Nackdelen \u00e4r att den horisontella r\u00f6relsen ger mindre dragkraft. Vertikalfiske, d\u00e4remot, ger alltid en mer optimal magnetisk kraft.\r\n\r\nN\u00e4r du f\u00e5tt kontakt och vill anv\u00e4nda st\u00f6rre kraft kan \u00f6gelskruven f\u00e4stas vertikalt. Detta m\u00f6jligg\u00f6r en starkare vertikal kraft f\u00f6r att dra upp tyngre f\u00f6rem\u00e5l. Den m\u00e5ngsidiga anv\u00e4ndningen av dubbelsidiga magneter, f\u00e4sta p\u00e5 ett rep, g\u00f6r dem till de mest multifunktionella magneter vi har.\r\n\r\n\u00c4r du en nyb\u00f6rjare och gillar denna magnets m\u00e5ngsidighet men med n\u00e5got mindre extrem kraft? Ta en titt p\u00e5 <a href=\"https:\/\/magnetarmagnets.com\/shop\/bulldog-500-kit\/\"><strong>Bulldog 500<\/strong><\/a>, en dubbelsidig fiskemagnet med en kombinerad dragkraft p\u00e5 1100 lb \/ 500 kg. Har du h\u00f6rt talas om v\u00e5ra 360\u00b0 allround-magneter? <a href=\"https:\/\/magnetarmagnets.com\/shop\/exclusive-terror-magnet\/\"><strong>Terror<\/strong><\/a> \u00e4r ett utm\u00e4rkt, j\u00e4mf\u00f6rbart val.","protected":false},"excerpt":{"rendered":"<p>Med Bulldog 800 \u00e4r du redo att b\u00f6rja hitta de mest unika undervattensskatterna med detta kompletta fiskemagnet-kit. Paketet inneh\u00e5ller v\u00e5r dubbelh\u00e4ftande Bulldog 800 fiskemagnet, handskar, en magnetfiskerep och metalllim. Letar du efter en 360\u00b0 allround-magnet? Kolla in v\u00e5r Pro Package. Bulldog 800 dubbelh\u00e4ftande fiskemagnet Alla v\u00e5ra Bulldog-fiskemagneter har tv\u00e5 magnetiska sidor. Bulldog 800 har en [&hellip;]<\/p>\n","protected":false},"featured_media":65017,"comment_status":"open","ping_status":"closed","template":"","meta":{"_acf_changed":false,"inline_featured_image":false},"product_brand":[],"product_cat":[265,261,279,280,267,167,263],"product_tag":[],"class_list":{"0":"post-67467","1":"product","2":"type-product","3":"status-publish","4":"has-post-thumbnail","6":"product_cat-dubbelsidiga-fiske-magneter","7":"product_cat-fiske-magneter","8":"product_cat-for-avancerade-aventyrare-sv","9":"product_cat-for-proffs","10":"product_cat-magnetfiske-kit","11":"product_cat-okategoriserad","12":"product_cat-starkaste-fiske-magneter","14":"first","15":"instock","16":"sale","17":"taxable","18":"shipping-taxable","19":"purchasable","20":"product-type-simple"},"acf":[],"yoast_head":"<!-- This site is optimized with the Yoast SEO plugin v27.4 - https:\/\/yoast.com\/product\/yoast-seo-wordpress\/ -->\n<title>Dubbelh\u00e4ftande magnetkit f\u00f6r magnetfiske \u2013 880 kg \u2013 Bulldog - Magnet fishing with a Magnetar fishing magnet<\/title>\n<meta name=\"description\" content=\"Dubbelh\u00e4ftande magnetkit \u2013 1940 lb\/880 kg \u2013 Bulldog \u2013 Magnetar\" \/>\n<meta name=\"robots\" content=\"index, follow, max-snippet:-1, max-image-preview:large, max-video-preview:-1\" \/>\n<link rel=\"canonical\" href=\"https:\/\/magnetarmagnets.com\/sv\/shop\/dubbelhaftande-magnetkit-for-magnetfiske-880-kg-1940-lb-bulldog\/\" \/>\n<meta property=\"og:locale\" content=\"sv_SE\" \/>\n<meta property=\"og:type\" content=\"article\" \/>\n<meta property=\"og:title\" content=\"Dubbelh\u00e4ftande magnetkit f\u00f6r magnetfiske \u2013 880 kg \u2013 Bulldog - Magnet fishing with a Magnetar fishing magnet\" \/>\n<meta property=\"og:description\" content=\"Dubbelh\u00e4ftande magnetkit \u2013 1940 lb\/880 kg \u2013 Bulldog \u2013 Magnetar\" \/>\n<meta property=\"og:url\" content=\"https:\/\/magnetarmagnets.com\/sv\/shop\/dubbelhaftande-magnetkit-for-magnetfiske-880-kg-1940-lb-bulldog\/\" \/>\n<meta property=\"og:site_name\" content=\"Magnet fishing with a Magnetar fishing magnet\" \/>\n<meta property=\"article:publisher\" content=\"https:\/\/www.facebook.com\/fishingmagnets\/\" \/>\n<meta property=\"article:modified_time\" content=\"2026-04-04T17:55:10+00:00\" \/>\n<meta property=\"og:image\" content=\"https:\/\/magnetarmagnets.com\/wp-content\/uploads\/2021\/10\/MAGNETAR-BULLDOG-800-KIT-GOOGLE.jpg\" \/>\n\t<meta property=\"og:image:width\" content=\"1500\" \/>\n\t<meta property=\"og:image:height\" content=\"1500\" \/>\n\t<meta property=\"og:image:type\" content=\"image\/jpeg\" \/>\n<meta name=\"twitter:card\" content=\"summary_large_image\" \/>\n<meta name=\"twitter:label1\" content=\"Ber\u00e4knad l\u00e4stid\" \/>\n\t<meta name=\"twitter:data1\" content=\"2 minuter\" \/>\n<script type=\"application\/ld+json\" class=\"yoast-schema-graph\">{\"@context\":\"https:\\\/\\\/schema.org\",\"@graph\":[{\"@type\":[\"WebPage\",\"ItemPage\"],\"@id\":\"https:\\\/\\\/magnetarmagnets.com\\\/sv\\\/shop\\\/dubbelhaftande-magnetkit-for-magnetfiske-880-kg-1940-lb-bulldog\\\/\",\"url\":\"https:\\\/\\\/magnetarmagnets.com\\\/sv\\\/shop\\\/dubbelhaftande-magnetkit-for-magnetfiske-880-kg-1940-lb-bulldog\\\/\",\"name\":\"Dubbelh\u00e4ftande magnetkit f\u00f6r magnetfiske \u2013 880 kg \u2013 Bulldog - Magnet fishing with a Magnetar fishing magnet\",\"isPartOf\":{\"@id\":\"https:\\\/\\\/magnetarmagnets.com\\\/sv\\\/#website\"},\"primaryImageOfPage\":{\"@id\":\"https:\\\/\\\/magnetarmagnets.com\\\/sv\\\/shop\\\/dubbelhaftande-magnetkit-for-magnetfiske-880-kg-1940-lb-bulldog\\\/#primaryimage\"},\"image\":{\"@id\":\"https:\\\/\\\/magnetarmagnets.com\\\/sv\\\/shop\\\/dubbelhaftande-magnetkit-for-magnetfiske-880-kg-1940-lb-bulldog\\\/#primaryimage\"},\"thumbnailUrl\":\"https:\\\/\\\/magnetarmagnets.com\\\/wp-content\\\/uploads\\\/2021\\\/10\\\/MAGNETAR-BULLDOG-800-KIT-GOOGLE.jpg\",\"datePublished\":\"2025-06-05T07:54:13+00:00\",\"dateModified\":\"2026-04-04T17:55:10+00:00\",\"description\":\"Dubbelh\u00e4ftande magnetkit \u2013 1940 lb\\\/880 kg \u2013 Bulldog \u2013 Magnetar\",\"breadcrumb\":{\"@id\":\"https:\\\/\\\/magnetarmagnets.com\\\/sv\\\/shop\\\/dubbelhaftande-magnetkit-for-magnetfiske-880-kg-1940-lb-bulldog\\\/#breadcrumb\"},\"inLanguage\":\"sv-SE\",\"potentialAction\":[{\"@type\":\"ReadAction\",\"target\":[\"https:\\\/\\\/magnetarmagnets.com\\\/sv\\\/shop\\\/dubbelhaftande-magnetkit-for-magnetfiske-880-kg-1940-lb-bulldog\\\/\"]}]},{\"@type\":\"ImageObject\",\"inLanguage\":\"sv-SE\",\"@id\":\"https:\\\/\\\/magnetarmagnets.com\\\/sv\\\/shop\\\/dubbelhaftande-magnetkit-for-magnetfiske-880-kg-1940-lb-bulldog\\\/#primaryimage\",\"url\":\"https:\\\/\\\/magnetarmagnets.com\\\/wp-content\\\/uploads\\\/2021\\\/10\\\/MAGNETAR-BULLDOG-800-KIT-GOOGLE.jpg\",\"contentUrl\":\"https:\\\/\\\/magnetarmagnets.com\\\/wp-content\\\/uploads\\\/2021\\\/10\\\/MAGNETAR-BULLDOG-800-KIT-GOOGLE.jpg\",\"width\":1500,\"height\":1500},{\"@type\":\"BreadcrumbList\",\"@id\":\"https:\\\/\\\/magnetarmagnets.com\\\/sv\\\/shop\\\/dubbelhaftande-magnetkit-for-magnetfiske-880-kg-1940-lb-bulldog\\\/#breadcrumb\",\"itemListElement\":[{\"@type\":\"ListItem\",\"position\":1,\"name\":\"Home\",\"item\":\"https:\\\/\\\/magnetarmagnets.com\\\/sv\\\/\"},{\"@type\":\"ListItem\",\"position\":2,\"name\":\"Butik\",\"item\":\"https:\\\/\\\/magnetarmagnets.com\\\/sv\\\/butik\\\/\"},{\"@type\":\"ListItem\",\"position\":3,\"name\":\"Fiske magneter\",\"item\":\"https:\\\/\\\/magnetarmagnets.com\\\/sv\\\/collections\\\/fiske-magneter\\\/\"},{\"@type\":\"ListItem\",\"position\":4,\"name\":\"Dubbelsidiga fiske magneter\",\"item\":\"https:\\\/\\\/magnetarmagnets.com\\\/sv\\\/collections\\\/fiske-magneter\\\/dubbelsidiga-fiske-magneter\\\/\"},{\"@type\":\"ListItem\",\"position\":5,\"name\":\"Dubbelh\u00e4ftande magnetkit f\u00f6r magnetfiske \u2013 880 kg \u2013 Bulldog\"}]},{\"@type\":\"WebSite\",\"@id\":\"https:\\\/\\\/magnetarmagnets.com\\\/sv\\\/#website\",\"url\":\"https:\\\/\\\/magnetarmagnets.com\\\/sv\\\/\",\"name\":\"Magnet fishing with a Magnetar fishing magnet\",\"description\":\"Kraftfulla magneter f\u00f6r magnetfiske\",\"publisher\":{\"@id\":\"https:\\\/\\\/magnetarmagnets.com\\\/sv\\\/#organization\"},\"potentialAction\":[{\"@type\":\"SearchAction\",\"target\":{\"@type\":\"EntryPoint\",\"urlTemplate\":\"https:\\\/\\\/magnetarmagnets.com\\\/sv\\\/?s={search_term_string}\"},\"query-input\":{\"@type\":\"PropertyValueSpecification\",\"valueRequired\":true,\"valueName\":\"search_term_string\"}}],\"inLanguage\":\"sv-SE\"},{\"@type\":\"Organization\",\"@id\":\"https:\\\/\\\/magnetarmagnets.com\\\/sv\\\/#organization\",\"name\":\"Magnetar\",\"url\":\"https:\\\/\\\/magnetarmagnets.com\\\/sv\\\/\",\"logo\":{\"@type\":\"ImageObject\",\"inLanguage\":\"sv-SE\",\"@id\":\"https:\\\/\\\/magnetarmagnets.com\\\/sv\\\/#\\\/schema\\\/logo\\\/image\\\/\",\"url\":\"https:\\\/\\\/magnetarmagnets.com\\\/wp-content\\\/uploads\\\/2025\\\/05\\\/Logo-03_PNG-Black-scaled.png\",\"contentUrl\":\"https:\\\/\\\/magnetarmagnets.com\\\/wp-content\\\/uploads\\\/2025\\\/05\\\/Logo-03_PNG-Black-scaled.png\",\"width\":2560,\"height\":1658,\"caption\":\"Magnetar\"},\"image\":{\"@id\":\"https:\\\/\\\/magnetarmagnets.com\\\/sv\\\/#\\\/schema\\\/logo\\\/image\\\/\"},\"sameAs\":[\"https:\\\/\\\/www.facebook.com\\\/fishingmagnets\\\/\",\"https:\\\/\\\/www.instagram.com\\\/magnetar_magnets\\\/\",\"https:\\\/\\\/www.linkedin.com\\\/company\\\/magnetarbv\\\/?originalSubdomain=nl\",\"https:\\\/\\\/www.youtube.com\\\/c\\\/MagnetarVismagneet\"]}]}<\/script>\n<!-- \/ Yoast SEO plugin. -->","yoast_head_json":{"title":"Dubbelh\u00e4ftande magnetkit f\u00f6r magnetfiske \u2013 880 kg \u2013 Bulldog - Magnet fishing with a Magnetar fishing magnet","description":"Dubbelh\u00e4ftande magnetkit \u2013 1940 lb\/880 kg \u2013 Bulldog \u2013 Magnetar","robots":{"index":"index","follow":"follow","max-snippet":"max-snippet:-1","max-image-preview":"max-image-preview:large","max-video-preview":"max-video-preview:-1"},"canonical":"https:\/\/magnetarmagnets.com\/sv\/shop\/dubbelhaftande-magnetkit-for-magnetfiske-880-kg-1940-lb-bulldog\/","og_locale":"sv_SE","og_type":"article","og_title":"Dubbelh\u00e4ftande magnetkit f\u00f6r magnetfiske \u2013 880 kg \u2013 Bulldog - Magnet fishing with a Magnetar fishing magnet","og_description":"Dubbelh\u00e4ftande magnetkit \u2013 1940 lb\/880 kg \u2013 Bulldog \u2013 Magnetar","og_url":"https:\/\/magnetarmagnets.com\/sv\/shop\/dubbelhaftande-magnetkit-for-magnetfiske-880-kg-1940-lb-bulldog\/","og_site_name":"Magnet fishing with a Magnetar fishing magnet","article_publisher":"https:\/\/www.facebook.com\/fishingmagnets\/","article_modified_time":"2026-04-04T17:55:10+00:00","og_image":[{"width":1500,"height":1500,"url":"https:\/\/magnetarmagnets.com\/wp-content\/uploads\/2021\/10\/MAGNETAR-BULLDOG-800-KIT-GOOGLE.jpg","type":"image\/jpeg"}],"twitter_card":"summary_large_image","twitter_misc":{"Ber\u00e4knad l\u00e4stid":"2 minuter"},"schema":{"@context":"https:\/\/schema.org","@graph":[{"@type":["WebPage","ItemPage"],"@id":"https:\/\/magnetarmagnets.com\/sv\/shop\/dubbelhaftande-magnetkit-for-magnetfiske-880-kg-1940-lb-bulldog\/","url":"https:\/\/magnetarmagnets.com\/sv\/shop\/dubbelhaftande-magnetkit-for-magnetfiske-880-kg-1940-lb-bulldog\/","name":"Dubbelh\u00e4ftande magnetkit f\u00f6r magnetfiske \u2013 880 kg \u2013 Bulldog - Magnet fishing with a Magnetar fishing magnet","isPartOf":{"@id":"https:\/\/magnetarmagnets.com\/sv\/#website"},"primaryImageOfPage":{"@id":"https:\/\/magnetarmagnets.com\/sv\/shop\/dubbelhaftande-magnetkit-for-magnetfiske-880-kg-1940-lb-bulldog\/#primaryimage"},"image":{"@id":"https:\/\/magnetarmagnets.com\/sv\/shop\/dubbelhaftande-magnetkit-for-magnetfiske-880-kg-1940-lb-bulldog\/#primaryimage"},"thumbnailUrl":"https:\/\/magnetarmagnets.com\/wp-content\/uploads\/2021\/10\/MAGNETAR-BULLDOG-800-KIT-GOOGLE.jpg","datePublished":"2025-06-05T07:54:13+00:00","dateModified":"2026-04-04T17:55:10+00:00","description":"Dubbelh\u00e4ftande magnetkit \u2013 1940 lb\/880 kg \u2013 Bulldog \u2013 Magnetar","breadcrumb":{"@id":"https:\/\/magnetarmagnets.com\/sv\/shop\/dubbelhaftande-magnetkit-for-magnetfiske-880-kg-1940-lb-bulldog\/#breadcrumb"},"inLanguage":"sv-SE","potentialAction":[{"@type":"ReadAction","target":["https:\/\/magnetarmagnets.com\/sv\/shop\/dubbelhaftande-magnetkit-for-magnetfiske-880-kg-1940-lb-bulldog\/"]}]},{"@type":"ImageObject","inLanguage":"sv-SE","@id":"https:\/\/magnetarmagnets.com\/sv\/shop\/dubbelhaftande-magnetkit-for-magnetfiske-880-kg-1940-lb-bulldog\/#primaryimage","url":"https:\/\/magnetarmagnets.com\/wp-content\/uploads\/2021\/10\/MAGNETAR-BULLDOG-800-KIT-GOOGLE.jpg","contentUrl":"https:\/\/magnetarmagnets.com\/wp-content\/uploads\/2021\/10\/MAGNETAR-BULLDOG-800-KIT-GOOGLE.jpg","width":1500,"height":1500},{"@type":"BreadcrumbList","@id":"https:\/\/magnetarmagnets.com\/sv\/shop\/dubbelhaftande-magnetkit-for-magnetfiske-880-kg-1940-lb-bulldog\/#breadcrumb","itemListElement":[{"@type":"ListItem","position":1,"name":"Home","item":"https:\/\/magnetarmagnets.com\/sv\/"},{"@type":"ListItem","position":2,"name":"Butik","item":"https:\/\/magnetarmagnets.com\/sv\/butik\/"},{"@type":"ListItem","position":3,"name":"Fiske magneter","item":"https:\/\/magnetarmagnets.com\/sv\/collections\/fiske-magneter\/"},{"@type":"ListItem","position":4,"name":"Dubbelsidiga fiske magneter","item":"https:\/\/magnetarmagnets.com\/sv\/collections\/fiske-magneter\/dubbelsidiga-fiske-magneter\/"},{"@type":"ListItem","position":5,"name":"Dubbelh\u00e4ftande magnetkit f\u00f6r magnetfiske \u2013 880 kg \u2013 Bulldog"}]},{"@type":"WebSite","@id":"https:\/\/magnetarmagnets.com\/sv\/#website","url":"https:\/\/magnetarmagnets.com\/sv\/","name":"Magnet fishing with a Magnetar fishing magnet","description":"Kraftfulla magneter f\u00f6r magnetfiske","publisher":{"@id":"https:\/\/magnetarmagnets.com\/sv\/#organization"},"potentialAction":[{"@type":"SearchAction","target":{"@type":"EntryPoint","urlTemplate":"https:\/\/magnetarmagnets.com\/sv\/?s={search_term_string}"},"query-input":{"@type":"PropertyValueSpecification","valueRequired":true,"valueName":"search_term_string"}}],"inLanguage":"sv-SE"},{"@type":"Organization","@id":"https:\/\/magnetarmagnets.com\/sv\/#organization","name":"Magnetar","url":"https:\/\/magnetarmagnets.com\/sv\/","logo":{"@type":"ImageObject","inLanguage":"sv-SE","@id":"https:\/\/magnetarmagnets.com\/sv\/#\/schema\/logo\/image\/","url":"https:\/\/magnetarmagnets.com\/wp-content\/uploads\/2025\/05\/Logo-03_PNG-Black-scaled.png","contentUrl":"https:\/\/magnetarmagnets.com\/wp-content\/uploads\/2025\/05\/Logo-03_PNG-Black-scaled.png","width":2560,"height":1658,"caption":"Magnetar"},"image":{"@id":"https:\/\/magnetarmagnets.com\/sv\/#\/schema\/logo\/image\/"},"sameAs":["https:\/\/www.facebook.com\/fishingmagnets\/","https:\/\/www.instagram.com\/magnetar_magnets\/","https:\/\/www.linkedin.com\/company\/magnetarbv\/?originalSubdomain=nl","https:\/\/www.youtube.com\/c\/MagnetarVismagneet"]}]}},"_links":{"self":[{"href":"https:\/\/magnetarmagnets.com\/sv\/wp-json\/wp\/v2\/product\/67467","targetHints":{"allow":["GET"]}}],"collection":[{"href":"https:\/\/magnetarmagnets.com\/sv\/wp-json\/wp\/v2\/product"}],"about":[{"href":"https:\/\/magnetarmagnets.com\/sv\/wp-json\/wp\/v2\/types\/product"}],"replies":[{"embeddable":true,"href":"https:\/\/magnetarmagnets.com\/sv\/wp-json\/wp\/v2\/comments?post=67467"}],"version-history":[{"count":1,"href":"https:\/\/magnetarmagnets.com\/sv\/wp-json\/wp\/v2\/product\/67467\/revisions"}],"predecessor-version":[{"id":95374,"href":"https:\/\/magnetarmagnets.com\/sv\/wp-json\/wp\/v2\/product\/67467\/revisions\/95374"}],"wp:featuredmedia":[{"embeddable":true,"href":"https:\/\/magnetarmagnets.com\/sv\/wp-json\/wp\/v2\/media\/65017"}],"wp:attachment":[{"href":"https:\/\/magnetarmagnets.com\/sv\/wp-json\/wp\/v2\/media?parent=67467"}],"wp:term":[{"taxonomy":"product_brand","embeddable":true,"href":"https:\/\/magnetarmagnets.com\/sv\/wp-json\/wp\/v2\/product_brand?post=67467"},{"taxonomy":"product_cat","embeddable":true,"href":"https:\/\/magnetarmagnets.com\/sv\/wp-json\/wp\/v2\/product_cat?post=67467"},{"taxonomy":"product_tag","embeddable":true,"href":"https:\/\/magnetarmagnets.com\/sv\/wp-json\/wp\/v2\/product_tag?post=67467"}],"curies":[{"name":"wp","href":"https:\/\/api.w.org\/{rel}","templated":true}]}}