{"id":67465,"date":"2025-06-05T09:54:14","date_gmt":"2025-06-05T07:54:14","guid":{"rendered":"https:\/\/magnetarmagnets.com\/?post_type=product&#038;p=67465"},"modified":"2026-04-04T20:07:08","modified_gmt":"2026-04-04T18:07:08","slug":"dubbelhaftande-fiskemagnet-set-500-kg-1100-lb-bulldog","status":"publish","type":"product","link":"https:\/\/magnetarmagnets.com\/sv\/shop\/dubbelhaftande-fiskemagnet-set-500-kg-1100-lb-bulldog\/","title":{"rendered":"Dubbelh\u00e4ftande fiskemagnet set \u2013 500 kg \u2013 Bulldog"},"content":{"rendered":"\u00c4r du sugen p\u00e5 att komma ig\u00e5ng med magnetfiske? Bulldog 500 magnetset levererar precis det. Detta allt-i-ett-paket inneh\u00e5ller allt du beh\u00f6ver f\u00f6r att slippa o\u00f6nskade \u00f6verraskningar vid vattenkanten. V\u00e5r dubbelsidiga Bulldog 500 fiskemagnet, handskar, ett magnetfiske-rep och metalllim ing\u00e5r i detta kompletta set. Letar du efter en 360\u00b0 allround-magnet? Kolla in v\u00e5r <a href=\"https:\/\/magnetarmagnets.com\/shop\/fishmagnet-package-pro\/\"><strong>Pro <\/strong><\/a><a href=\"https:\/\/magnetarmagnets.com\/shop\/fishmagnet-package-pro\/\"><strong>P<\/strong><\/a><a href=\"https:\/\/magnetarmagnets.com\/shop\/fishmagnet-package-pro\/\"><strong>ackage<\/strong><\/a>.\r\n<h2>Bulldog 500 dubbelsidig fiskemagnet<\/h2>\r\nAlla v\u00e5ra Bulldog-fiskemagneter har tv\u00e5 magnetiska sidor. Bulldog 500 har en total dragkraft p\u00e5 1100 lb \/ 500 kg, vilket motsvarar 550 lb \/ 250 kg per sida. Denna magnet \u00e4r tillr\u00e4ckligt kraftfull f\u00f6r att dra upp de mest unika f\u00f6rem\u00e5len fr\u00e5n vattnet. J\u00e4mf\u00f6rt med en-sidiga magneter \u00f6kar de dubbla magnetiska sidorna avsev\u00e4rt chansen att hitta sp\u00e4nnande fynd.\r\n\r\nDubbelsidiga magneter kan anv\u00e4ndas p\u00e5 flera s\u00e4tt. Om du vill dra magneten plant genom vattnet \u2014 vilket ger st\u00f6rre chans att f\u00e4sta vid skatter \u2014 kan \u00f6gelskruven monteras p\u00e5 magnetens sida. De tv\u00e5 magnetiska sidorna s\u00e4kerst\u00e4ller att det alltid finns en magnetisk kraft riktad mot potentiella skatter p\u00e5 botten. Nackdelen \u00e4r att den horisontella r\u00f6relsen ger mindre dragkraft p\u00e5 de f\u00f6rem\u00e5l du hittar. Vertikalt fiske, d\u00e4remot, ger alltid en mer optimal magnetisk kraft.\r\n\r\nN\u00e4r du har n\u00e5got och vill anv\u00e4nda st\u00f6rre kraft kan \u00f6gelskruven f\u00e4stas vertikalt. Detta medf\u00f6r en starkare vertikal kraft f\u00f6r att dra upp tyngre f\u00f6rem\u00e5l, p\u00e5 samma s\u00e4tt som med v\u00e5ra <a href=\"https:\/\/magnetarmagnets.com\/collections\/fishing-magnets\/single-sided-classic\/\"><strong>klassiska magneter<\/strong><\/a>. Den m\u00e5ngsidiga anv\u00e4ndningen av dubbelsidiga magneter g\u00f6r dem till de mest multifunktionella magneter vi erbjuder.\r\n\r\n\u00c4r dubbelsidiga magneter vad du letar efter, men oroar dig f\u00f6r styrkan? Kolla in v\u00e5r <a href=\"https:\/\/magnetarmagnets.com\/shop\/bulldog-800-double-sided\/\"><strong>Bulldog 800<\/strong><\/a>. Detta \u00e4r en tyngre och starkare modell med en total dragkraft p\u00e5 imponerande 1760 lb \/ 800 kg. F\u00f6redrar du en 360\u00b0 allround-magnet? Ta en titt p\u00e5 <a href=\"https:\/\/magnetarmagnets.com\/shop\/exclusive-terror-magnet\/\"><strong>Terror<\/strong><\/a>. Gl\u00f6m inte att kika p\u00e5 de <a href=\"https:\/\/magnetarmagnets.com\/collections\/fishing-magnets\/magnet-fishing-kit\/\" target=\"_blank\" rel=\"noopener\">b\u00e4sta magnetfiskekiten<\/a> eller v\u00e5r <a href=\"https:\/\/magnetarmagnets.com\/accessories\/\" target=\"_blank\" rel=\"noopener\">magnetfiskeutrustning<\/a>.","protected":false},"excerpt":{"rendered":"<p>\u00c4r du sugen p\u00e5 att komma ig\u00e5ng med magnetfiske? Bulldog 500 magnetset levererar precis det. Detta allt-i-ett-paket inneh\u00e5ller allt du beh\u00f6ver f\u00f6r att slippa o\u00f6nskade \u00f6verraskningar vid vattenkanten. V\u00e5r dubbelsidiga Bulldog 500 fiskemagnet, handskar, ett magnetfiske-rep och metalllim ing\u00e5r i detta kompletta set. Letar du efter en 360\u00b0 allround-magnet? Kolla in v\u00e5r Pro Package. Bulldog [&hellip;]<\/p>\n","protected":false},"featured_media":72544,"comment_status":"open","ping_status":"closed","template":"","meta":{"_acf_changed":false,"inline_featured_image":false},"product_brand":[],"product_cat":[415,496,414,497,493],"product_tag":[],"class_list":{"0":"post-67465","1":"product","2":"type-product","3":"status-publish","4":"has-post-thumbnail","6":"product_cat-algajatele-ja-lastele","7":"product_cat-kahepoolse-tombega-otsingumagnetid","8":"product_cat-kogenud-seiklejatele","9":"product_cat-otsingumagneti-komplekt","10":"product_cat-otsingumagnetid","12":"first","13":"instock","14":"sale","15":"taxable","16":"shipping-taxable","17":"purchasable","18":"product-type-simple"},"acf":[],"yoast_head":"<!-- This site is optimized with the Yoast SEO plugin v27.3 - https:\/\/yoast.com\/product\/yoast-seo-wordpress\/ -->\n<title>Dubbelh\u00e4ftande fiskemagnet set \u2013 500 kg \u2013 Bulldog - Magnet fishing with a Magnetar fishing magnet<\/title>\n<meta name=\"description\" content=\"Dubbelsidig magnet \u2013 500 kg (1100 lb) \u2013 Bulldog \u2013 Magnetar\" \/>\n<meta name=\"robots\" content=\"index, follow, max-snippet:-1, max-image-preview:large, max-video-preview:-1\" \/>\n<link rel=\"canonical\" href=\"https:\/\/magnetarmagnets.com\/sv\/shop\/dubbelhaftande-fiskemagnet-set-500-kg-1100-lb-bulldog\/\" \/>\n<meta property=\"og:locale\" content=\"sv_SE\" \/>\n<meta property=\"og:type\" content=\"article\" \/>\n<meta property=\"og:title\" content=\"Dubbelh\u00e4ftande fiskemagnet set \u2013 500 kg \u2013 Bulldog - Magnet fishing with a Magnetar fishing magnet\" \/>\n<meta property=\"og:description\" content=\"Dubbelsidig magnet \u2013 500 kg (1100 lb) \u2013 Bulldog \u2013 Magnetar\" \/>\n<meta property=\"og:url\" content=\"https:\/\/magnetarmagnets.com\/sv\/shop\/dubbelhaftande-fiskemagnet-set-500-kg-1100-lb-bulldog\/\" \/>\n<meta property=\"og:site_name\" content=\"Magnet fishing with a Magnetar fishing magnet\" \/>\n<meta property=\"article:publisher\" content=\"https:\/\/www.facebook.com\/fishingmagnets\/\" \/>\n<meta property=\"article:modified_time\" content=\"2026-04-04T18:07:08+00:00\" \/>\n<meta property=\"og:image\" content=\"https:\/\/magnetarmagnets.com\/wp-content\/uploads\/2021\/10\/MAGNETAR-BULLDOG-500-KIT-GOOGLE.jpg\" \/>\n\t<meta property=\"og:image:width\" content=\"1500\" \/>\n\t<meta property=\"og:image:height\" content=\"1500\" \/>\n\t<meta property=\"og:image:type\" content=\"image\/jpeg\" \/>\n<meta name=\"twitter:card\" content=\"summary_large_image\" \/>\n<meta name=\"twitter:label1\" content=\"Ber\u00e4knad l\u00e4stid\" \/>\n\t<meta name=\"twitter:data1\" content=\"2 minuter\" \/>\n<script type=\"application\/ld+json\" class=\"yoast-schema-graph\">{\"@context\":\"https:\\\/\\\/schema.org\",\"@graph\":[{\"@type\":[\"WebPage\",\"ItemPage\"],\"@id\":\"https:\\\/\\\/magnetarmagnets.com\\\/sv\\\/shop\\\/dubbelhaftande-fiskemagnet-set-500-kg-1100-lb-bulldog\\\/\",\"url\":\"https:\\\/\\\/magnetarmagnets.com\\\/sv\\\/shop\\\/dubbelhaftande-fiskemagnet-set-500-kg-1100-lb-bulldog\\\/\",\"name\":\"Dubbelh\u00e4ftande fiskemagnet set \u2013 500 kg \u2013 Bulldog - Magnet fishing with a Magnetar fishing magnet\",\"isPartOf\":{\"@id\":\"https:\\\/\\\/magnetarmagnets.com\\\/sv\\\/#website\"},\"primaryImageOfPage\":{\"@id\":\"https:\\\/\\\/magnetarmagnets.com\\\/sv\\\/shop\\\/dubbelhaftande-fiskemagnet-set-500-kg-1100-lb-bulldog\\\/#primaryimage\"},\"image\":{\"@id\":\"https:\\\/\\\/magnetarmagnets.com\\\/sv\\\/shop\\\/dubbelhaftande-fiskemagnet-set-500-kg-1100-lb-bulldog\\\/#primaryimage\"},\"thumbnailUrl\":\"https:\\\/\\\/magnetarmagnets.com\\\/wp-content\\\/uploads\\\/2021\\\/10\\\/MAGNETAR-BULLDOG-500-KIT-GOOGLE.jpg\",\"datePublished\":\"2025-06-05T07:54:14+00:00\",\"dateModified\":\"2026-04-04T18:07:08+00:00\",\"description\":\"Dubbelsidig magnet \u2013 500 kg (1100 lb) \u2013 Bulldog \u2013 Magnetar\",\"breadcrumb\":{\"@id\":\"https:\\\/\\\/magnetarmagnets.com\\\/sv\\\/shop\\\/dubbelhaftande-fiskemagnet-set-500-kg-1100-lb-bulldog\\\/#breadcrumb\"},\"inLanguage\":\"sv-SE\",\"potentialAction\":[{\"@type\":\"ReadAction\",\"target\":[\"https:\\\/\\\/magnetarmagnets.com\\\/sv\\\/shop\\\/dubbelhaftande-fiskemagnet-set-500-kg-1100-lb-bulldog\\\/\"]}]},{\"@type\":\"ImageObject\",\"inLanguage\":\"sv-SE\",\"@id\":\"https:\\\/\\\/magnetarmagnets.com\\\/sv\\\/shop\\\/dubbelhaftande-fiskemagnet-set-500-kg-1100-lb-bulldog\\\/#primaryimage\",\"url\":\"https:\\\/\\\/magnetarmagnets.com\\\/wp-content\\\/uploads\\\/2021\\\/10\\\/MAGNETAR-BULLDOG-500-KIT-GOOGLE.jpg\",\"contentUrl\":\"https:\\\/\\\/magnetarmagnets.com\\\/wp-content\\\/uploads\\\/2021\\\/10\\\/MAGNETAR-BULLDOG-500-KIT-GOOGLE.jpg\",\"width\":1500,\"height\":1500,\"caption\":\"MAGNETAR-BULLDOG-500-KIT\"},{\"@type\":\"BreadcrumbList\",\"@id\":\"https:\\\/\\\/magnetarmagnets.com\\\/sv\\\/shop\\\/dubbelhaftande-fiskemagnet-set-500-kg-1100-lb-bulldog\\\/#breadcrumb\",\"itemListElement\":[{\"@type\":\"ListItem\",\"position\":1,\"name\":\"Home\",\"item\":\"https:\\\/\\\/magnetarmagnets.com\\\/sv\\\/\"},{\"@type\":\"ListItem\",\"position\":2,\"name\":\"Butik\",\"item\":\"https:\\\/\\\/magnetarmagnets.com\\\/sv\\\/butik\\\/\"},{\"@type\":\"ListItem\",\"position\":3,\"name\":\"Fiske magneter\",\"item\":\"https:\\\/\\\/magnetarmagnets.com\\\/sv\\\/collections\\\/fiske-magneter\\\/\"},{\"@type\":\"ListItem\",\"position\":4,\"name\":\"Dubbelsidiga fiske magneter\",\"item\":\"https:\\\/\\\/magnetarmagnets.com\\\/sv\\\/collections\\\/fiske-magneter\\\/dubbelsidiga-fiske-magneter\\\/\"},{\"@type\":\"ListItem\",\"position\":5,\"name\":\"Dubbelh\u00e4ftande fiskemagnet set \u2013 500 kg \u2013 Bulldog\"}]},{\"@type\":\"WebSite\",\"@id\":\"https:\\\/\\\/magnetarmagnets.com\\\/sv\\\/#website\",\"url\":\"https:\\\/\\\/magnetarmagnets.com\\\/sv\\\/\",\"name\":\"Magnet fishing with a Magnetar fishing magnet\",\"description\":\"Kraftfulla magneter f\u00f6r magnetfiske\",\"publisher\":{\"@id\":\"https:\\\/\\\/magnetarmagnets.com\\\/sv\\\/#organization\"},\"potentialAction\":[{\"@type\":\"SearchAction\",\"target\":{\"@type\":\"EntryPoint\",\"urlTemplate\":\"https:\\\/\\\/magnetarmagnets.com\\\/sv\\\/?s={search_term_string}\"},\"query-input\":{\"@type\":\"PropertyValueSpecification\",\"valueRequired\":true,\"valueName\":\"search_term_string\"}}],\"inLanguage\":\"sv-SE\"},{\"@type\":\"Organization\",\"@id\":\"https:\\\/\\\/magnetarmagnets.com\\\/sv\\\/#organization\",\"name\":\"Magnetar\",\"url\":\"https:\\\/\\\/magnetarmagnets.com\\\/sv\\\/\",\"logo\":{\"@type\":\"ImageObject\",\"inLanguage\":\"sv-SE\",\"@id\":\"https:\\\/\\\/magnetarmagnets.com\\\/sv\\\/#\\\/schema\\\/logo\\\/image\\\/\",\"url\":\"https:\\\/\\\/magnetarmagnets.com\\\/wp-content\\\/uploads\\\/2025\\\/05\\\/Logo-03_PNG-Black-scaled.png\",\"contentUrl\":\"https:\\\/\\\/magnetarmagnets.com\\\/wp-content\\\/uploads\\\/2025\\\/05\\\/Logo-03_PNG-Black-scaled.png\",\"width\":2560,\"height\":1658,\"caption\":\"Magnetar\"},\"image\":{\"@id\":\"https:\\\/\\\/magnetarmagnets.com\\\/sv\\\/#\\\/schema\\\/logo\\\/image\\\/\"},\"sameAs\":[\"https:\\\/\\\/www.facebook.com\\\/fishingmagnets\\\/\",\"https:\\\/\\\/www.instagram.com\\\/magnetar_magnets\\\/\",\"https:\\\/\\\/www.linkedin.com\\\/company\\\/magnetarbv\\\/?originalSubdomain=nl\",\"https:\\\/\\\/www.youtube.com\\\/c\\\/MagnetarVismagneet\"]}]}<\/script>\n<!-- \/ Yoast SEO plugin. -->","yoast_head_json":{"title":"Dubbelh\u00e4ftande fiskemagnet set \u2013 500 kg \u2013 Bulldog - Magnet fishing with a Magnetar fishing magnet","description":"Dubbelsidig magnet \u2013 500 kg (1100 lb) \u2013 Bulldog \u2013 Magnetar","robots":{"index":"index","follow":"follow","max-snippet":"max-snippet:-1","max-image-preview":"max-image-preview:large","max-video-preview":"max-video-preview:-1"},"canonical":"https:\/\/magnetarmagnets.com\/sv\/shop\/dubbelhaftande-fiskemagnet-set-500-kg-1100-lb-bulldog\/","og_locale":"sv_SE","og_type":"article","og_title":"Dubbelh\u00e4ftande fiskemagnet set \u2013 500 kg \u2013 Bulldog - Magnet fishing with a Magnetar fishing magnet","og_description":"Dubbelsidig magnet \u2013 500 kg (1100 lb) \u2013 Bulldog \u2013 Magnetar","og_url":"https:\/\/magnetarmagnets.com\/sv\/shop\/dubbelhaftande-fiskemagnet-set-500-kg-1100-lb-bulldog\/","og_site_name":"Magnet fishing with a Magnetar fishing magnet","article_publisher":"https:\/\/www.facebook.com\/fishingmagnets\/","article_modified_time":"2026-04-04T18:07:08+00:00","og_image":[{"width":1500,"height":1500,"url":"https:\/\/magnetarmagnets.com\/wp-content\/uploads\/2021\/10\/MAGNETAR-BULLDOG-500-KIT-GOOGLE.jpg","type":"image\/jpeg"}],"twitter_card":"summary_large_image","twitter_misc":{"Ber\u00e4knad l\u00e4stid":"2 minuter"},"schema":{"@context":"https:\/\/schema.org","@graph":[{"@type":["WebPage","ItemPage"],"@id":"https:\/\/magnetarmagnets.com\/sv\/shop\/dubbelhaftande-fiskemagnet-set-500-kg-1100-lb-bulldog\/","url":"https:\/\/magnetarmagnets.com\/sv\/shop\/dubbelhaftande-fiskemagnet-set-500-kg-1100-lb-bulldog\/","name":"Dubbelh\u00e4ftande fiskemagnet set \u2013 500 kg \u2013 Bulldog - Magnet fishing with a Magnetar fishing magnet","isPartOf":{"@id":"https:\/\/magnetarmagnets.com\/sv\/#website"},"primaryImageOfPage":{"@id":"https:\/\/magnetarmagnets.com\/sv\/shop\/dubbelhaftande-fiskemagnet-set-500-kg-1100-lb-bulldog\/#primaryimage"},"image":{"@id":"https:\/\/magnetarmagnets.com\/sv\/shop\/dubbelhaftande-fiskemagnet-set-500-kg-1100-lb-bulldog\/#primaryimage"},"thumbnailUrl":"https:\/\/magnetarmagnets.com\/wp-content\/uploads\/2021\/10\/MAGNETAR-BULLDOG-500-KIT-GOOGLE.jpg","datePublished":"2025-06-05T07:54:14+00:00","dateModified":"2026-04-04T18:07:08+00:00","description":"Dubbelsidig magnet \u2013 500 kg (1100 lb) \u2013 Bulldog \u2013 Magnetar","breadcrumb":{"@id":"https:\/\/magnetarmagnets.com\/sv\/shop\/dubbelhaftande-fiskemagnet-set-500-kg-1100-lb-bulldog\/#breadcrumb"},"inLanguage":"sv-SE","potentialAction":[{"@type":"ReadAction","target":["https:\/\/magnetarmagnets.com\/sv\/shop\/dubbelhaftande-fiskemagnet-set-500-kg-1100-lb-bulldog\/"]}]},{"@type":"ImageObject","inLanguage":"sv-SE","@id":"https:\/\/magnetarmagnets.com\/sv\/shop\/dubbelhaftande-fiskemagnet-set-500-kg-1100-lb-bulldog\/#primaryimage","url":"https:\/\/magnetarmagnets.com\/wp-content\/uploads\/2021\/10\/MAGNETAR-BULLDOG-500-KIT-GOOGLE.jpg","contentUrl":"https:\/\/magnetarmagnets.com\/wp-content\/uploads\/2021\/10\/MAGNETAR-BULLDOG-500-KIT-GOOGLE.jpg","width":1500,"height":1500,"caption":"MAGNETAR-BULLDOG-500-KIT"},{"@type":"BreadcrumbList","@id":"https:\/\/magnetarmagnets.com\/sv\/shop\/dubbelhaftande-fiskemagnet-set-500-kg-1100-lb-bulldog\/#breadcrumb","itemListElement":[{"@type":"ListItem","position":1,"name":"Home","item":"https:\/\/magnetarmagnets.com\/sv\/"},{"@type":"ListItem","position":2,"name":"Butik","item":"https:\/\/magnetarmagnets.com\/sv\/butik\/"},{"@type":"ListItem","position":3,"name":"Fiske magneter","item":"https:\/\/magnetarmagnets.com\/sv\/collections\/fiske-magneter\/"},{"@type":"ListItem","position":4,"name":"Dubbelsidiga fiske magneter","item":"https:\/\/magnetarmagnets.com\/sv\/collections\/fiske-magneter\/dubbelsidiga-fiske-magneter\/"},{"@type":"ListItem","position":5,"name":"Dubbelh\u00e4ftande fiskemagnet set \u2013 500 kg \u2013 Bulldog"}]},{"@type":"WebSite","@id":"https:\/\/magnetarmagnets.com\/sv\/#website","url":"https:\/\/magnetarmagnets.com\/sv\/","name":"Magnet fishing with a Magnetar fishing magnet","description":"Kraftfulla magneter f\u00f6r magnetfiske","publisher":{"@id":"https:\/\/magnetarmagnets.com\/sv\/#organization"},"potentialAction":[{"@type":"SearchAction","target":{"@type":"EntryPoint","urlTemplate":"https:\/\/magnetarmagnets.com\/sv\/?s={search_term_string}"},"query-input":{"@type":"PropertyValueSpecification","valueRequired":true,"valueName":"search_term_string"}}],"inLanguage":"sv-SE"},{"@type":"Organization","@id":"https:\/\/magnetarmagnets.com\/sv\/#organization","name":"Magnetar","url":"https:\/\/magnetarmagnets.com\/sv\/","logo":{"@type":"ImageObject","inLanguage":"sv-SE","@id":"https:\/\/magnetarmagnets.com\/sv\/#\/schema\/logo\/image\/","url":"https:\/\/magnetarmagnets.com\/wp-content\/uploads\/2025\/05\/Logo-03_PNG-Black-scaled.png","contentUrl":"https:\/\/magnetarmagnets.com\/wp-content\/uploads\/2025\/05\/Logo-03_PNG-Black-scaled.png","width":2560,"height":1658,"caption":"Magnetar"},"image":{"@id":"https:\/\/magnetarmagnets.com\/sv\/#\/schema\/logo\/image\/"},"sameAs":["https:\/\/www.facebook.com\/fishingmagnets\/","https:\/\/www.instagram.com\/magnetar_magnets\/","https:\/\/www.linkedin.com\/company\/magnetarbv\/?originalSubdomain=nl","https:\/\/www.youtube.com\/c\/MagnetarVismagneet"]}]}},"_links":{"self":[{"href":"https:\/\/magnetarmagnets.com\/sv\/wp-json\/wp\/v2\/product\/67465","targetHints":{"allow":["GET"]}}],"collection":[{"href":"https:\/\/magnetarmagnets.com\/sv\/wp-json\/wp\/v2\/product"}],"about":[{"href":"https:\/\/magnetarmagnets.com\/sv\/wp-json\/wp\/v2\/types\/product"}],"replies":[{"embeddable":true,"href":"https:\/\/magnetarmagnets.com\/sv\/wp-json\/wp\/v2\/comments?post=67465"}],"version-history":[{"count":1,"href":"https:\/\/magnetarmagnets.com\/sv\/wp-json\/wp\/v2\/product\/67465\/revisions"}],"predecessor-version":[{"id":95377,"href":"https:\/\/magnetarmagnets.com\/sv\/wp-json\/wp\/v2\/product\/67465\/revisions\/95377"}],"wp:featuredmedia":[{"embeddable":true,"href":"https:\/\/magnetarmagnets.com\/sv\/wp-json\/wp\/v2\/media\/72544"}],"wp:attachment":[{"href":"https:\/\/magnetarmagnets.com\/sv\/wp-json\/wp\/v2\/media?parent=67465"}],"wp:term":[{"taxonomy":"product_brand","embeddable":true,"href":"https:\/\/magnetarmagnets.com\/sv\/wp-json\/wp\/v2\/product_brand?post=67465"},{"taxonomy":"product_cat","embeddable":true,"href":"https:\/\/magnetarmagnets.com\/sv\/wp-json\/wp\/v2\/product_cat?post=67465"},{"taxonomy":"product_tag","embeddable":true,"href":"https:\/\/magnetarmagnets.com\/sv\/wp-json\/wp\/v2\/product_tag?post=67465"}],"curies":[{"name":"wp","href":"https:\/\/api.w.org\/{rel}","templated":true}]}}