{"id":67462,"date":"2025-06-05T09:54:15","date_gmt":"2025-06-05T07:54:15","guid":{"rendered":"https:\/\/magnetarmagnets.com\/?post_type=product&#038;p=67462"},"modified":"2026-04-22T06:19:03","modified_gmt":"2026-04-22T04:19:03","slug":"magnetfiskespo-3-meter-10-ft","status":"publish","type":"product","link":"https:\/\/magnetarmagnets.com\/sv\/shop\/magnetfiskespo-3-meter-10-ft\/","title":{"rendered":"Magnetfiskesp\u00f6 \u2013 3 meter"},"content":{"rendered":"Med det magnetiska fiskespettet \u201cLange Jan\u201d kan du plocka upp f\u00f6rem\u00e5l d\u00e4r ditt sn\u00f6re inte orkar dra upp dem. Fiskespettet kan demonteras s\u00e5 att du enkelt kan transportera det (\u00e4ven i fordon).\r\n\r\n<strong>Magnetiskt fiskespett \u201cLange Jan\u201d<\/strong>\r\n\r\nDet magnetiska fiskespettet \u201dLange Jan\u201d \u00e4r ett perfekt verktyg f\u00f6r att n\u00e5 djupliggande f\u00f6rem\u00e5l. Gamla objekt, som kanonkulor och utrustning fr\u00e5n andra v\u00e4rldskriget, kan med tiden ha sjunkit eller t\u00e4ckts av l\u00f6v och grenar. Med fiskespettet plockar du upp f\u00f6rem\u00e5l d\u00e4r ett sn\u00f6re skulle l\u00e4mna dem.\r\n\r\n<strong>F\u00f6r vem passar fiskespettet Lange Jan?<\/strong>\r\n\r\nFiskespettet Lange Jan \u00e4r f\u00f6r dig som vill g\u00e5 i vattnet eller peta fr\u00e5n strandkanten. Genom petning n\u00e5r du djupliggande f\u00f6rem\u00e5l. Dessa \u00e4r ofta i utm\u00e4rkt skick eftersom de haft mindre kontakt med syre. Du beh\u00f6ver inte vara en erfaren fiskare \u2013 det h\u00e4r fiskespettet passar alla.\r\n\r\nFiskespettet kan anv\u00e4ndas i kombination med de flesta av Magnetars fiskemagneter. Anslutningen f\u00f6r Classic Fishing Magnet 400, <a href=\"https:\/\/magnetarmagnets.com\/shop\/classic-fishing-magnet-1100lb-500kg\/\">Classic Fishing Magnet 500<\/a>, <a href=\"https:\/\/magnetarmagnets.com\/shop\/bulldog-500-double-sided\/\">Bulldog 500<\/a>, <a href=\"https:\/\/magnetarmagnets.com\/shop\/bulldog-800-double-sided\/\">Bulldog 800<\/a>, <a href=\"https:\/\/magnetarmagnets.com\/shop\/cube\/\">CUBE<\/a> och <a href=\"https:\/\/magnetarmagnets.com\/shop\/megacube\/\">MEGACUBE<\/a> passar inte ihop med spettet. D\u00e4rf\u00f6r kan dessa fiskemagneter inte anv\u00e4ndas tillsammans med fiskespettet.\r\n\r\nGl\u00f6m inte att kolla in de <a href=\"https:\/\/magnetarmagnets.com\/\" target=\"_blank\" rel=\"noopener\">b\u00e4sta fiskemagneterna<\/a> eller de <a href=\"https:\/\/magnetarmagnets.com\/collections\/fishing-magnets\/magnet-fishing-kit\/\" target=\"_blank\" rel=\"noopener\">b\u00e4sta magnetfiske-kiten<\/a>.","protected":false},"excerpt":{"rendered":"<p>Med Magnetar\u00ae <strong>magnetfiskesp\u00f6<\/strong> siktar du din magnet med <strong>precision<\/strong> mot djupliggande skatter!<\/p>\n","protected":false},"featured_media":64968,"comment_status":"open","ping_status":"closed","template":"","meta":{"_acf_changed":false,"inline_featured_image":false},"product_brand":[],"product_cat":[239,268,167],"product_tag":[],"class_list":{"0":"post-67462","1":"product","2":"type-product","3":"status-publish","4":"has-post-thumbnail","6":"product_cat-magnet-fishing-gear-accessories-3","7":"product_cat-utrustning","8":"product_cat-okategoriserad","10":"first","11":"instock","12":"sale","13":"taxable","14":"shipping-taxable","15":"purchasable","16":"product-type-simple"},"acf":[],"yoast_head":"<!-- This site is optimized with the Yoast SEO plugin v27.4 - https:\/\/yoast.com\/product\/yoast-seo-wordpress\/ -->\n<title>Magnetfiskesp\u00f6 \u2013 3 meter - Magnet fishing with a Magnetar fishing magnet<\/title>\n<meta name=\"description\" content=\"Magnetfiskesp\u00f6 \u2013 oumb\u00e4rlig utrustning fr\u00e5n Magnetar\" \/>\n<meta name=\"robots\" content=\"index, follow, max-snippet:-1, max-image-preview:large, max-video-preview:-1\" \/>\n<link rel=\"canonical\" href=\"https:\/\/magnetarmagnets.com\/sv\/shop\/magnetfiskespo-3-meter-10-ft\/\" \/>\n<meta property=\"og:locale\" content=\"sv_SE\" \/>\n<meta property=\"og:type\" content=\"article\" \/>\n<meta property=\"og:title\" content=\"Magnetfiskesp\u00f6 \u2013 3 meter - Magnet fishing with a Magnetar fishing magnet\" \/>\n<meta property=\"og:description\" content=\"Magnetfiskesp\u00f6 \u2013 oumb\u00e4rlig utrustning fr\u00e5n Magnetar\" \/>\n<meta property=\"og:url\" content=\"https:\/\/magnetarmagnets.com\/sv\/shop\/magnetfiskespo-3-meter-10-ft\/\" \/>\n<meta property=\"og:site_name\" content=\"Magnet fishing with a Magnetar fishing magnet\" \/>\n<meta property=\"article:publisher\" content=\"https:\/\/www.facebook.com\/fishingmagnets\/\" \/>\n<meta property=\"article:modified_time\" content=\"2026-04-22T04:19:03+00:00\" \/>\n<meta property=\"og:image\" content=\"https:\/\/magnetarmagnets.com\/wp-content\/uploads\/2020\/12\/P1001679.jpg\" \/>\n\t<meta property=\"og:image:width\" content=\"1000\" \/>\n\t<meta property=\"og:image:height\" content=\"1000\" \/>\n\t<meta property=\"og:image:type\" content=\"image\/jpeg\" \/>\n<meta name=\"twitter:card\" content=\"summary_large_image\" \/>\n<meta name=\"twitter:label1\" content=\"Ber\u00e4knad l\u00e4stid\" \/>\n\t<meta name=\"twitter:data1\" content=\"2 minuter\" \/>\n<script type=\"application\/ld+json\" class=\"yoast-schema-graph\">{\"@context\":\"https:\\\/\\\/schema.org\",\"@graph\":[{\"@type\":[\"WebPage\",\"ItemPage\"],\"@id\":\"https:\\\/\\\/magnetarmagnets.com\\\/sv\\\/shop\\\/magnetfiskespo-3-meter-10-ft\\\/\",\"url\":\"https:\\\/\\\/magnetarmagnets.com\\\/sv\\\/shop\\\/magnetfiskespo-3-meter-10-ft\\\/\",\"name\":\"Magnetfiskesp\u00f6 \u2013 3 meter - Magnet fishing with a Magnetar fishing magnet\",\"isPartOf\":{\"@id\":\"https:\\\/\\\/magnetarmagnets.com\\\/sv\\\/#website\"},\"primaryImageOfPage\":{\"@id\":\"https:\\\/\\\/magnetarmagnets.com\\\/sv\\\/shop\\\/magnetfiskespo-3-meter-10-ft\\\/#primaryimage\"},\"image\":{\"@id\":\"https:\\\/\\\/magnetarmagnets.com\\\/sv\\\/shop\\\/magnetfiskespo-3-meter-10-ft\\\/#primaryimage\"},\"thumbnailUrl\":\"https:\\\/\\\/magnetarmagnets.com\\\/wp-content\\\/uploads\\\/2020\\\/12\\\/P1001679.jpg\",\"datePublished\":\"2025-06-05T07:54:15+00:00\",\"dateModified\":\"2026-04-22T04:19:03+00:00\",\"description\":\"Magnetfiskesp\u00f6 \u2013 oumb\u00e4rlig utrustning fr\u00e5n Magnetar\",\"breadcrumb\":{\"@id\":\"https:\\\/\\\/magnetarmagnets.com\\\/sv\\\/shop\\\/magnetfiskespo-3-meter-10-ft\\\/#breadcrumb\"},\"inLanguage\":\"sv-SE\",\"potentialAction\":[{\"@type\":\"ReadAction\",\"target\":[\"https:\\\/\\\/magnetarmagnets.com\\\/sv\\\/shop\\\/magnetfiskespo-3-meter-10-ft\\\/\"]}]},{\"@type\":\"ImageObject\",\"inLanguage\":\"sv-SE\",\"@id\":\"https:\\\/\\\/magnetarmagnets.com\\\/sv\\\/shop\\\/magnetfiskespo-3-meter-10-ft\\\/#primaryimage\",\"url\":\"https:\\\/\\\/magnetarmagnets.com\\\/wp-content\\\/uploads\\\/2020\\\/12\\\/P1001679.jpg\",\"contentUrl\":\"https:\\\/\\\/magnetarmagnets.com\\\/wp-content\\\/uploads\\\/2020\\\/12\\\/P1001679.jpg\",\"width\":1000,\"height\":1000},{\"@type\":\"BreadcrumbList\",\"@id\":\"https:\\\/\\\/magnetarmagnets.com\\\/sv\\\/shop\\\/magnetfiskespo-3-meter-10-ft\\\/#breadcrumb\",\"itemListElement\":[{\"@type\":\"ListItem\",\"position\":1,\"name\":\"Home\",\"item\":\"https:\\\/\\\/magnetarmagnets.com\\\/sv\\\/\"},{\"@type\":\"ListItem\",\"position\":2,\"name\":\"Butik\",\"item\":\"https:\\\/\\\/magnetarmagnets.com\\\/sv\\\/butik\\\/\"},{\"@type\":\"ListItem\",\"position\":3,\"name\":\"Okategoriserad\",\"item\":\"https:\\\/\\\/magnetarmagnets.com\\\/sv\\\/collections\\\/okategoriserad\\\/\"},{\"@type\":\"ListItem\",\"position\":4,\"name\":\"Magnetfiskesp\u00f6 \u2013 3 meter\"}]},{\"@type\":\"WebSite\",\"@id\":\"https:\\\/\\\/magnetarmagnets.com\\\/sv\\\/#website\",\"url\":\"https:\\\/\\\/magnetarmagnets.com\\\/sv\\\/\",\"name\":\"Magnet fishing with a Magnetar fishing magnet\",\"description\":\"Kraftfulla magneter f\u00f6r magnetfiske\",\"publisher\":{\"@id\":\"https:\\\/\\\/magnetarmagnets.com\\\/sv\\\/#organization\"},\"potentialAction\":[{\"@type\":\"SearchAction\",\"target\":{\"@type\":\"EntryPoint\",\"urlTemplate\":\"https:\\\/\\\/magnetarmagnets.com\\\/sv\\\/?s={search_term_string}\"},\"query-input\":{\"@type\":\"PropertyValueSpecification\",\"valueRequired\":true,\"valueName\":\"search_term_string\"}}],\"inLanguage\":\"sv-SE\"},{\"@type\":\"Organization\",\"@id\":\"https:\\\/\\\/magnetarmagnets.com\\\/sv\\\/#organization\",\"name\":\"Magnetar\",\"url\":\"https:\\\/\\\/magnetarmagnets.com\\\/sv\\\/\",\"logo\":{\"@type\":\"ImageObject\",\"inLanguage\":\"sv-SE\",\"@id\":\"https:\\\/\\\/magnetarmagnets.com\\\/sv\\\/#\\\/schema\\\/logo\\\/image\\\/\",\"url\":\"https:\\\/\\\/magnetarmagnets.com\\\/wp-content\\\/uploads\\\/2025\\\/05\\\/Logo-03_PNG-Black-scaled.png\",\"contentUrl\":\"https:\\\/\\\/magnetarmagnets.com\\\/wp-content\\\/uploads\\\/2025\\\/05\\\/Logo-03_PNG-Black-scaled.png\",\"width\":2560,\"height\":1658,\"caption\":\"Magnetar\"},\"image\":{\"@id\":\"https:\\\/\\\/magnetarmagnets.com\\\/sv\\\/#\\\/schema\\\/logo\\\/image\\\/\"},\"sameAs\":[\"https:\\\/\\\/www.facebook.com\\\/fishingmagnets\\\/\",\"https:\\\/\\\/www.instagram.com\\\/magnetar_magnets\\\/\",\"https:\\\/\\\/www.linkedin.com\\\/company\\\/magnetarbv\\\/?originalSubdomain=nl\",\"https:\\\/\\\/www.youtube.com\\\/c\\\/MagnetarVismagneet\"]}]}<\/script>\n<!-- \/ Yoast SEO plugin. -->","yoast_head_json":{"title":"Magnetfiskesp\u00f6 \u2013 3 meter - Magnet fishing with a Magnetar fishing magnet","description":"Magnetfiskesp\u00f6 \u2013 oumb\u00e4rlig utrustning fr\u00e5n Magnetar","robots":{"index":"index","follow":"follow","max-snippet":"max-snippet:-1","max-image-preview":"max-image-preview:large","max-video-preview":"max-video-preview:-1"},"canonical":"https:\/\/magnetarmagnets.com\/sv\/shop\/magnetfiskespo-3-meter-10-ft\/","og_locale":"sv_SE","og_type":"article","og_title":"Magnetfiskesp\u00f6 \u2013 3 meter - Magnet fishing with a Magnetar fishing magnet","og_description":"Magnetfiskesp\u00f6 \u2013 oumb\u00e4rlig utrustning fr\u00e5n Magnetar","og_url":"https:\/\/magnetarmagnets.com\/sv\/shop\/magnetfiskespo-3-meter-10-ft\/","og_site_name":"Magnet fishing with a Magnetar fishing magnet","article_publisher":"https:\/\/www.facebook.com\/fishingmagnets\/","article_modified_time":"2026-04-22T04:19:03+00:00","og_image":[{"width":1000,"height":1000,"url":"https:\/\/magnetarmagnets.com\/wp-content\/uploads\/2020\/12\/P1001679.jpg","type":"image\/jpeg"}],"twitter_card":"summary_large_image","twitter_misc":{"Ber\u00e4knad l\u00e4stid":"2 minuter"},"schema":{"@context":"https:\/\/schema.org","@graph":[{"@type":["WebPage","ItemPage"],"@id":"https:\/\/magnetarmagnets.com\/sv\/shop\/magnetfiskespo-3-meter-10-ft\/","url":"https:\/\/magnetarmagnets.com\/sv\/shop\/magnetfiskespo-3-meter-10-ft\/","name":"Magnetfiskesp\u00f6 \u2013 3 meter - Magnet fishing with a Magnetar fishing magnet","isPartOf":{"@id":"https:\/\/magnetarmagnets.com\/sv\/#website"},"primaryImageOfPage":{"@id":"https:\/\/magnetarmagnets.com\/sv\/shop\/magnetfiskespo-3-meter-10-ft\/#primaryimage"},"image":{"@id":"https:\/\/magnetarmagnets.com\/sv\/shop\/magnetfiskespo-3-meter-10-ft\/#primaryimage"},"thumbnailUrl":"https:\/\/magnetarmagnets.com\/wp-content\/uploads\/2020\/12\/P1001679.jpg","datePublished":"2025-06-05T07:54:15+00:00","dateModified":"2026-04-22T04:19:03+00:00","description":"Magnetfiskesp\u00f6 \u2013 oumb\u00e4rlig utrustning fr\u00e5n Magnetar","breadcrumb":{"@id":"https:\/\/magnetarmagnets.com\/sv\/shop\/magnetfiskespo-3-meter-10-ft\/#breadcrumb"},"inLanguage":"sv-SE","potentialAction":[{"@type":"ReadAction","target":["https:\/\/magnetarmagnets.com\/sv\/shop\/magnetfiskespo-3-meter-10-ft\/"]}]},{"@type":"ImageObject","inLanguage":"sv-SE","@id":"https:\/\/magnetarmagnets.com\/sv\/shop\/magnetfiskespo-3-meter-10-ft\/#primaryimage","url":"https:\/\/magnetarmagnets.com\/wp-content\/uploads\/2020\/12\/P1001679.jpg","contentUrl":"https:\/\/magnetarmagnets.com\/wp-content\/uploads\/2020\/12\/P1001679.jpg","width":1000,"height":1000},{"@type":"BreadcrumbList","@id":"https:\/\/magnetarmagnets.com\/sv\/shop\/magnetfiskespo-3-meter-10-ft\/#breadcrumb","itemListElement":[{"@type":"ListItem","position":1,"name":"Home","item":"https:\/\/magnetarmagnets.com\/sv\/"},{"@type":"ListItem","position":2,"name":"Butik","item":"https:\/\/magnetarmagnets.com\/sv\/butik\/"},{"@type":"ListItem","position":3,"name":"Okategoriserad","item":"https:\/\/magnetarmagnets.com\/sv\/collections\/okategoriserad\/"},{"@type":"ListItem","position":4,"name":"Magnetfiskesp\u00f6 \u2013 3 meter"}]},{"@type":"WebSite","@id":"https:\/\/magnetarmagnets.com\/sv\/#website","url":"https:\/\/magnetarmagnets.com\/sv\/","name":"Magnet fishing with a Magnetar fishing magnet","description":"Kraftfulla magneter f\u00f6r magnetfiske","publisher":{"@id":"https:\/\/magnetarmagnets.com\/sv\/#organization"},"potentialAction":[{"@type":"SearchAction","target":{"@type":"EntryPoint","urlTemplate":"https:\/\/magnetarmagnets.com\/sv\/?s={search_term_string}"},"query-input":{"@type":"PropertyValueSpecification","valueRequired":true,"valueName":"search_term_string"}}],"inLanguage":"sv-SE"},{"@type":"Organization","@id":"https:\/\/magnetarmagnets.com\/sv\/#organization","name":"Magnetar","url":"https:\/\/magnetarmagnets.com\/sv\/","logo":{"@type":"ImageObject","inLanguage":"sv-SE","@id":"https:\/\/magnetarmagnets.com\/sv\/#\/schema\/logo\/image\/","url":"https:\/\/magnetarmagnets.com\/wp-content\/uploads\/2025\/05\/Logo-03_PNG-Black-scaled.png","contentUrl":"https:\/\/magnetarmagnets.com\/wp-content\/uploads\/2025\/05\/Logo-03_PNG-Black-scaled.png","width":2560,"height":1658,"caption":"Magnetar"},"image":{"@id":"https:\/\/magnetarmagnets.com\/sv\/#\/schema\/logo\/image\/"},"sameAs":["https:\/\/www.facebook.com\/fishingmagnets\/","https:\/\/www.instagram.com\/magnetar_magnets\/","https:\/\/www.linkedin.com\/company\/magnetarbv\/?originalSubdomain=nl","https:\/\/www.youtube.com\/c\/MagnetarVismagneet"]}]}},"_links":{"self":[{"href":"https:\/\/magnetarmagnets.com\/sv\/wp-json\/wp\/v2\/product\/67462","targetHints":{"allow":["GET"]}}],"collection":[{"href":"https:\/\/magnetarmagnets.com\/sv\/wp-json\/wp\/v2\/product"}],"about":[{"href":"https:\/\/magnetarmagnets.com\/sv\/wp-json\/wp\/v2\/types\/product"}],"replies":[{"embeddable":true,"href":"https:\/\/magnetarmagnets.com\/sv\/wp-json\/wp\/v2\/comments?post=67462"}],"version-history":[{"count":0,"href":"https:\/\/magnetarmagnets.com\/sv\/wp-json\/wp\/v2\/product\/67462\/revisions"}],"wp:featuredmedia":[{"embeddable":true,"href":"https:\/\/magnetarmagnets.com\/sv\/wp-json\/wp\/v2\/media\/64968"}],"wp:attachment":[{"href":"https:\/\/magnetarmagnets.com\/sv\/wp-json\/wp\/v2\/media?parent=67462"}],"wp:term":[{"taxonomy":"product_brand","embeddable":true,"href":"https:\/\/magnetarmagnets.com\/sv\/wp-json\/wp\/v2\/product_brand?post=67462"},{"taxonomy":"product_cat","embeddable":true,"href":"https:\/\/magnetarmagnets.com\/sv\/wp-json\/wp\/v2\/product_cat?post=67462"},{"taxonomy":"product_tag","embeddable":true,"href":"https:\/\/magnetarmagnets.com\/sv\/wp-json\/wp\/v2\/product_tag?post=67462"}],"curies":[{"name":"wp","href":"https:\/\/api.w.org\/{rel}","templated":true}]}}