{"id":67457,"date":"2025-06-05T09:54:15","date_gmt":"2025-06-05T07:54:15","guid":{"rendered":"https:\/\/magnetarmagnets.com\/?post_type=product&#038;p=67457"},"modified":"2026-04-04T09:03:47","modified_gmt":"2026-04-04T07:03:47","slug":"magnetfiskespaket-1-0-600-lb-280-kg-easy-allround-360","status":"publish","type":"product","link":"https:\/\/magnetarmagnets.com\/sv\/shop\/magnetfiskespaket-1-0-600-lb-280-kg-easy-allround-360\/","title":{"rendered":"Magnetfiskespaket 1.0 &#8211; 280 kg &#8211; Easy &#8211; Allround 360\u00b0"},"content":{"rendered":"<ul>\r\n \t<li style=\"font-weight: 400;\"><span style=\"font-weight: 400;\">Extra l\u00e5ng pokestick: 3 meter (3&#215;1 meter)<\/span><\/li>\r\n \t<li style=\"font-weight: 400;\"><span style=\"font-weight: 400;\">Snabb montering\/demontering<\/span><\/li>\r\n \t<li style=\"font-weight: 400;\"><span style=\"font-weight: 400;\">Fullt f\u00f6rberedd f\u00f6r magnetfiske<\/span><\/li>\r\n \t<li style=\"font-weight: 400;\"><span style=\"font-weight: 400;\">Aluminiumpinne, rostar inte och \u00e4r extra l\u00e4tt<\/span><\/li>\r\n \t<li style=\"font-weight: 400;\"><span style=\"font-weight: 400;\">Perfekt vikt p\u00e5 1,3 kg \/ 2,9 lb<\/span><\/li>\r\n \t<li style=\"font-weight: 400;\"><span style=\"font-weight: 400;\">L\u00e4tt att transportera<\/span><\/li>\r\n \t<li style=\"font-weight: 400;\"><span style=\"font-weight: 400;\">Inkluderar f\u00f6rvaringsv\u00e4ska<\/span><\/li>\r\n \t<li style=\"font-weight: 400;\"><span style=\"font-weight: 400;\">F\u00e4sten f\u00f6r lina ing\u00e5r<\/span><\/li>\r\n \t<li style=\"font-weight: 400;\"><span style=\"font-weight: 400;\">Extra paketrabatt!<\/span><\/li>\r\n<\/ul>\r\n<strong>Vill du applicera en kraftfullare magnet p\u00e5 din pokestick? Kolla in v\u00e5rt pokestick-paket 2!<\/strong>\r\n\r\n<span style=\"font-weight: 400;\">Vill du b\u00f6rja med magnetfiske och letar efter r\u00e4tt utrustning? I s\u00e5 fall \u00e4r pokestick-paketet perfekt f\u00f6r dig! Pokestick-paketet inkluderar pokesticken \u2018Lange Jan\u2019, <a href=\"https:\/\/magnetarmagnets.com\/shop\/easy-magnet\/\">Easy<\/a> fiskemagnet, <a href=\"https:\/\/magnetarmagnets.com\/shop\/gloves-waterproof\/\">vattent\u00e4ta handskar<\/a>, <a href=\"https:\/\/magnetarmagnets.com\/shop\/lock-glue-metal\/\">l\u00e5slim<\/a> och f\u00f6rvaringsv\u00e4ska f\u00f6r pokestick. N\u00e4r du anv\u00e4nder \u2018Lange Jan\u2019 n\u00e5r du l\u00e4ngre in i leran \u00e4n med ett rep, vilket \u00f6kar chansen att hitta f\u00f6rem\u00e5l djupt i botten. Vill du fiska upp allt fr\u00e5n vattnet eller ha variation vid magnetfiske? D\u00e5 \u00e4r detta r\u00e4tt val.<\/span>\r\n\r\n<strong>Pokestick f\u00f6r magnetfiske?<\/strong>\r\n\r\n<span style=\"font-weight: 400;\">Du \u00e4r s\u00e4kert bekant med magnetfiske med lina, men har du n\u00e5gonsin h\u00f6rt talas om magnetfiske med pokestick? Det \u00e4r ett enklare s\u00e4tt att n\u00e5 f\u00f6rem\u00e5l som ligger l\u00e5ngt ner i leran eller mellan vassen. Med en fiskemagnet och lina kommer du aldrig 1 meter ner i leran, men med en Magnetar pokestick kan du. Vill du l\u00e5ta dessa skatter f\u00f6rbli undang\u00f6mda? Eller vill du anv\u00e4nda v\u00e5r pokestick och fiskemagnet f\u00f6r att f\u00e5 upp alla skatter?<\/span>\r\n\r\nKlicka f\u00f6r att se den praktiska <a href=\"https:\/\/www.youtube.com\/watch?v=zK9xbaohgCw\">instruktionsvideon f\u00f6r att montera fiskesp\u00f6et<\/a>.\r\n<h2><b>Skydds\u00f6verdrag<\/b><\/h2>\r\nSkydds\u00f6verdraget som ing\u00e5r i detta paket \u00e4r det perfekta tillbeh\u00f6ret f\u00f6r magnetfiskare som vill skydda sina magneter f\u00f6r magnetfiske under anv\u00e4ndning. Dessa h\u00e5llbara \u00f6verdrag \u00e4r specialanpassade f\u00f6r att passa perfekt p\u00e5 magneten och ge ett extra skyddslager mot repor, sprickor och andra skador. V\u00e5ra skydds\u00f6verdrag \u00e4r byggda f\u00f6r att h\u00e5lla och t\u00e5l de tuffaste f\u00f6rh\u00e5llanden. Skydds\u00f6verdraget \u00e4r gjort av rostfritt st\u00e5l. Detta s\u00e4kerst\u00e4ller att din neodymmagnet f\u00f6rblir magnetisk 360\u00b0. Med v\u00e5ra skydds\u00f6verdrag kan du njuta av magnetfiske utan att oroa dig f\u00f6r skador p\u00e5 din v\u00e4rdefulla fiskemagnet.\r\n\r\n<em>Observera att magnetens botten inte \u00e4r skyddad av \u00f6verdraget<\/em>","protected":false},"excerpt":{"rendered":"<p>Vill du magnetfiska med <strong>precision<\/strong>? Det kan du med <strong>Magnetfiskespaket 1.0<\/strong>! <strong>Kombinera<\/strong> den allround 360\u00b0 Easy fiskemagnet med v\u00e5rt Magnetsp\u00f6.<\/p>\n","protected":false},"featured_media":74049,"comment_status":"open","ping_status":"closed","template":"","meta":{"_acf_changed":false,"inline_featured_image":false},"product_brand":[],"product_cat":[415,494,414,497,493],"product_tag":[],"class_list":{"0":"post-67457","1":"product","2":"type-product","3":"status-publish","4":"has-post-thumbnail","6":"product_cat-algajatele-ja-lastele","7":"product_cat-allround-360-otsingumagnetid","8":"product_cat-kogenud-seiklejatele","9":"product_cat-otsingumagneti-komplekt","10":"product_cat-otsingumagnetid","12":"first","13":"instock","14":"sale","15":"taxable","16":"shipping-taxable","17":"purchasable","18":"product-type-simple"},"acf":[],"yoast_head":"<!-- This site is optimized with the Yoast SEO plugin v27.3 - https:\/\/yoast.com\/product\/yoast-seo-wordpress\/ -->\n<title>Magnetfiskespaket 1.0 - 280 kg - Easy - Allround 360\u00b0 - Magnet fishing with a Magnetar fishing magnet<\/title>\n<meta name=\"description\" content=\"Magnetfiskespaket 1.0 - 600 lb \/ 280 kg Easy - Magnetar\" \/>\n<meta name=\"robots\" content=\"index, follow, max-snippet:-1, max-image-preview:large, max-video-preview:-1\" \/>\n<link rel=\"canonical\" href=\"https:\/\/magnetarmagnets.com\/sv\/shop\/magnetfiskespaket-1-0-600-lb-280-kg-easy-allround-360\/\" \/>\n<meta property=\"og:locale\" content=\"sv_SE\" \/>\n<meta property=\"og:type\" content=\"article\" \/>\n<meta property=\"og:title\" content=\"Magnetfiskespaket 1.0 - 280 kg - Easy - Allround 360\u00b0 - Magnet fishing with a Magnetar fishing magnet\" \/>\n<meta property=\"og:description\" content=\"Magnetfiskespaket 1.0 - 600 lb \/ 280 kg Easy - Magnetar\" \/>\n<meta property=\"og:url\" content=\"https:\/\/magnetarmagnets.com\/sv\/shop\/magnetfiskespaket-1-0-600-lb-280-kg-easy-allround-360\/\" \/>\n<meta property=\"og:site_name\" content=\"Magnet fishing with a Magnetar fishing magnet\" \/>\n<meta property=\"article:publisher\" content=\"https:\/\/www.facebook.com\/fishingmagnets\/\" \/>\n<meta property=\"article:modified_time\" content=\"2026-04-04T07:03:47+00:00\" \/>\n<meta property=\"og:image\" content=\"https:\/\/magnetarmagnets.com\/wp-content\/uploads\/2019\/06\/deep-seeker-package-1.jpg\" \/>\n\t<meta property=\"og:image:width\" content=\"1500\" \/>\n\t<meta property=\"og:image:height\" content=\"1500\" \/>\n\t<meta property=\"og:image:type\" content=\"image\/jpeg\" \/>\n<meta name=\"twitter:card\" content=\"summary_large_image\" \/>\n<meta name=\"twitter:label1\" content=\"Ber\u00e4knad l\u00e4stid\" \/>\n\t<meta name=\"twitter:data1\" content=\"2 minuter\" \/>\n<script type=\"application\/ld+json\" class=\"yoast-schema-graph\">{\"@context\":\"https:\\\/\\\/schema.org\",\"@graph\":[{\"@type\":[\"WebPage\",\"ItemPage\"],\"@id\":\"https:\\\/\\\/magnetarmagnets.com\\\/sv\\\/shop\\\/magnetfiskespaket-1-0-600-lb-280-kg-easy-allround-360\\\/\",\"url\":\"https:\\\/\\\/magnetarmagnets.com\\\/sv\\\/shop\\\/magnetfiskespaket-1-0-600-lb-280-kg-easy-allround-360\\\/\",\"name\":\"Magnetfiskespaket 1.0 - 280 kg - Easy - Allround 360\u00b0 - Magnet fishing with a Magnetar fishing magnet\",\"isPartOf\":{\"@id\":\"https:\\\/\\\/magnetarmagnets.com\\\/sv\\\/#website\"},\"primaryImageOfPage\":{\"@id\":\"https:\\\/\\\/magnetarmagnets.com\\\/sv\\\/shop\\\/magnetfiskespaket-1-0-600-lb-280-kg-easy-allround-360\\\/#primaryimage\"},\"image\":{\"@id\":\"https:\\\/\\\/magnetarmagnets.com\\\/sv\\\/shop\\\/magnetfiskespaket-1-0-600-lb-280-kg-easy-allround-360\\\/#primaryimage\"},\"thumbnailUrl\":\"https:\\\/\\\/magnetarmagnets.com\\\/wp-content\\\/uploads\\\/2019\\\/06\\\/deep-seeker-package-1.jpg\",\"datePublished\":\"2025-06-05T07:54:15+00:00\",\"dateModified\":\"2026-04-04T07:03:47+00:00\",\"description\":\"Magnetfiskespaket 1.0 - 600 lb \\\/ 280 kg Easy - Magnetar\",\"breadcrumb\":{\"@id\":\"https:\\\/\\\/magnetarmagnets.com\\\/sv\\\/shop\\\/magnetfiskespaket-1-0-600-lb-280-kg-easy-allround-360\\\/#breadcrumb\"},\"inLanguage\":\"sv-SE\",\"potentialAction\":[{\"@type\":\"ReadAction\",\"target\":[\"https:\\\/\\\/magnetarmagnets.com\\\/sv\\\/shop\\\/magnetfiskespaket-1-0-600-lb-280-kg-easy-allround-360\\\/\"]}]},{\"@type\":\"ImageObject\",\"inLanguage\":\"sv-SE\",\"@id\":\"https:\\\/\\\/magnetarmagnets.com\\\/sv\\\/shop\\\/magnetfiskespaket-1-0-600-lb-280-kg-easy-allround-360\\\/#primaryimage\",\"url\":\"https:\\\/\\\/magnetarmagnets.com\\\/wp-content\\\/uploads\\\/2019\\\/06\\\/deep-seeker-package-1.jpg\",\"contentUrl\":\"https:\\\/\\\/magnetarmagnets.com\\\/wp-content\\\/uploads\\\/2019\\\/06\\\/deep-seeker-package-1.jpg\",\"width\":1500,\"height\":1500,\"caption\":\"The best fishing magnet set for precise magnet fishing.\"},{\"@type\":\"BreadcrumbList\",\"@id\":\"https:\\\/\\\/magnetarmagnets.com\\\/sv\\\/shop\\\/magnetfiskespaket-1-0-600-lb-280-kg-easy-allround-360\\\/#breadcrumb\",\"itemListElement\":[{\"@type\":\"ListItem\",\"position\":1,\"name\":\"Home\",\"item\":\"https:\\\/\\\/magnetarmagnets.com\\\/sv\\\/\"},{\"@type\":\"ListItem\",\"position\":2,\"name\":\"Butik\",\"item\":\"https:\\\/\\\/magnetarmagnets.com\\\/sv\\\/butik\\\/\"},{\"@type\":\"ListItem\",\"position\":3,\"name\":\"Fiske magneter\",\"item\":\"https:\\\/\\\/magnetarmagnets.com\\\/sv\\\/collections\\\/fiske-magneter\\\/\"},{\"@type\":\"ListItem\",\"position\":4,\"name\":\"Allround 360 fiske magneter\",\"item\":\"https:\\\/\\\/magnetarmagnets.com\\\/sv\\\/collections\\\/fiske-magneter\\\/allround-360-fiske-magneter\\\/\"},{\"@type\":\"ListItem\",\"position\":5,\"name\":\"Magnetfiskespaket 1.0 &#8211; 280 kg &#8211; Easy &#8211; Allround 360\u00b0\"}]},{\"@type\":\"WebSite\",\"@id\":\"https:\\\/\\\/magnetarmagnets.com\\\/sv\\\/#website\",\"url\":\"https:\\\/\\\/magnetarmagnets.com\\\/sv\\\/\",\"name\":\"Magnet fishing with a Magnetar fishing magnet\",\"description\":\"Kraftfulla magneter f\u00f6r magnetfiske\",\"publisher\":{\"@id\":\"https:\\\/\\\/magnetarmagnets.com\\\/sv\\\/#organization\"},\"potentialAction\":[{\"@type\":\"SearchAction\",\"target\":{\"@type\":\"EntryPoint\",\"urlTemplate\":\"https:\\\/\\\/magnetarmagnets.com\\\/sv\\\/?s={search_term_string}\"},\"query-input\":{\"@type\":\"PropertyValueSpecification\",\"valueRequired\":true,\"valueName\":\"search_term_string\"}}],\"inLanguage\":\"sv-SE\"},{\"@type\":\"Organization\",\"@id\":\"https:\\\/\\\/magnetarmagnets.com\\\/sv\\\/#organization\",\"name\":\"Magnetar\",\"url\":\"https:\\\/\\\/magnetarmagnets.com\\\/sv\\\/\",\"logo\":{\"@type\":\"ImageObject\",\"inLanguage\":\"sv-SE\",\"@id\":\"https:\\\/\\\/magnetarmagnets.com\\\/sv\\\/#\\\/schema\\\/logo\\\/image\\\/\",\"url\":\"https:\\\/\\\/magnetarmagnets.com\\\/wp-content\\\/uploads\\\/2025\\\/05\\\/Logo-03_PNG-Black-scaled.png\",\"contentUrl\":\"https:\\\/\\\/magnetarmagnets.com\\\/wp-content\\\/uploads\\\/2025\\\/05\\\/Logo-03_PNG-Black-scaled.png\",\"width\":2560,\"height\":1658,\"caption\":\"Magnetar\"},\"image\":{\"@id\":\"https:\\\/\\\/magnetarmagnets.com\\\/sv\\\/#\\\/schema\\\/logo\\\/image\\\/\"},\"sameAs\":[\"https:\\\/\\\/www.facebook.com\\\/fishingmagnets\\\/\",\"https:\\\/\\\/www.instagram.com\\\/magnetar_magnets\\\/\",\"https:\\\/\\\/www.linkedin.com\\\/company\\\/magnetarbv\\\/?originalSubdomain=nl\",\"https:\\\/\\\/www.youtube.com\\\/c\\\/MagnetarVismagneet\"]}]}<\/script>\n<!-- \/ Yoast SEO plugin. -->","yoast_head_json":{"title":"Magnetfiskespaket 1.0 - 280 kg - Easy - Allround 360\u00b0 - Magnet fishing with a Magnetar fishing magnet","description":"Magnetfiskespaket 1.0 - 600 lb \/ 280 kg Easy - Magnetar","robots":{"index":"index","follow":"follow","max-snippet":"max-snippet:-1","max-image-preview":"max-image-preview:large","max-video-preview":"max-video-preview:-1"},"canonical":"https:\/\/magnetarmagnets.com\/sv\/shop\/magnetfiskespaket-1-0-600-lb-280-kg-easy-allround-360\/","og_locale":"sv_SE","og_type":"article","og_title":"Magnetfiskespaket 1.0 - 280 kg - Easy - Allround 360\u00b0 - Magnet fishing with a Magnetar fishing magnet","og_description":"Magnetfiskespaket 1.0 - 600 lb \/ 280 kg Easy - Magnetar","og_url":"https:\/\/magnetarmagnets.com\/sv\/shop\/magnetfiskespaket-1-0-600-lb-280-kg-easy-allround-360\/","og_site_name":"Magnet fishing with a Magnetar fishing magnet","article_publisher":"https:\/\/www.facebook.com\/fishingmagnets\/","article_modified_time":"2026-04-04T07:03:47+00:00","og_image":[{"width":1500,"height":1500,"url":"https:\/\/magnetarmagnets.com\/wp-content\/uploads\/2019\/06\/deep-seeker-package-1.jpg","type":"image\/jpeg"}],"twitter_card":"summary_large_image","twitter_misc":{"Ber\u00e4knad l\u00e4stid":"2 minuter"},"schema":{"@context":"https:\/\/schema.org","@graph":[{"@type":["WebPage","ItemPage"],"@id":"https:\/\/magnetarmagnets.com\/sv\/shop\/magnetfiskespaket-1-0-600-lb-280-kg-easy-allround-360\/","url":"https:\/\/magnetarmagnets.com\/sv\/shop\/magnetfiskespaket-1-0-600-lb-280-kg-easy-allround-360\/","name":"Magnetfiskespaket 1.0 - 280 kg - Easy - Allround 360\u00b0 - Magnet fishing with a Magnetar fishing magnet","isPartOf":{"@id":"https:\/\/magnetarmagnets.com\/sv\/#website"},"primaryImageOfPage":{"@id":"https:\/\/magnetarmagnets.com\/sv\/shop\/magnetfiskespaket-1-0-600-lb-280-kg-easy-allround-360\/#primaryimage"},"image":{"@id":"https:\/\/magnetarmagnets.com\/sv\/shop\/magnetfiskespaket-1-0-600-lb-280-kg-easy-allround-360\/#primaryimage"},"thumbnailUrl":"https:\/\/magnetarmagnets.com\/wp-content\/uploads\/2019\/06\/deep-seeker-package-1.jpg","datePublished":"2025-06-05T07:54:15+00:00","dateModified":"2026-04-04T07:03:47+00:00","description":"Magnetfiskespaket 1.0 - 600 lb \/ 280 kg Easy - Magnetar","breadcrumb":{"@id":"https:\/\/magnetarmagnets.com\/sv\/shop\/magnetfiskespaket-1-0-600-lb-280-kg-easy-allround-360\/#breadcrumb"},"inLanguage":"sv-SE","potentialAction":[{"@type":"ReadAction","target":["https:\/\/magnetarmagnets.com\/sv\/shop\/magnetfiskespaket-1-0-600-lb-280-kg-easy-allround-360\/"]}]},{"@type":"ImageObject","inLanguage":"sv-SE","@id":"https:\/\/magnetarmagnets.com\/sv\/shop\/magnetfiskespaket-1-0-600-lb-280-kg-easy-allround-360\/#primaryimage","url":"https:\/\/magnetarmagnets.com\/wp-content\/uploads\/2019\/06\/deep-seeker-package-1.jpg","contentUrl":"https:\/\/magnetarmagnets.com\/wp-content\/uploads\/2019\/06\/deep-seeker-package-1.jpg","width":1500,"height":1500,"caption":"The best fishing magnet set for precise magnet fishing."},{"@type":"BreadcrumbList","@id":"https:\/\/magnetarmagnets.com\/sv\/shop\/magnetfiskespaket-1-0-600-lb-280-kg-easy-allround-360\/#breadcrumb","itemListElement":[{"@type":"ListItem","position":1,"name":"Home","item":"https:\/\/magnetarmagnets.com\/sv\/"},{"@type":"ListItem","position":2,"name":"Butik","item":"https:\/\/magnetarmagnets.com\/sv\/butik\/"},{"@type":"ListItem","position":3,"name":"Fiske magneter","item":"https:\/\/magnetarmagnets.com\/sv\/collections\/fiske-magneter\/"},{"@type":"ListItem","position":4,"name":"Allround 360 fiske magneter","item":"https:\/\/magnetarmagnets.com\/sv\/collections\/fiske-magneter\/allround-360-fiske-magneter\/"},{"@type":"ListItem","position":5,"name":"Magnetfiskespaket 1.0 &#8211; 280 kg &#8211; Easy &#8211; Allround 360\u00b0"}]},{"@type":"WebSite","@id":"https:\/\/magnetarmagnets.com\/sv\/#website","url":"https:\/\/magnetarmagnets.com\/sv\/","name":"Magnet fishing with a Magnetar fishing magnet","description":"Kraftfulla magneter f\u00f6r magnetfiske","publisher":{"@id":"https:\/\/magnetarmagnets.com\/sv\/#organization"},"potentialAction":[{"@type":"SearchAction","target":{"@type":"EntryPoint","urlTemplate":"https:\/\/magnetarmagnets.com\/sv\/?s={search_term_string}"},"query-input":{"@type":"PropertyValueSpecification","valueRequired":true,"valueName":"search_term_string"}}],"inLanguage":"sv-SE"},{"@type":"Organization","@id":"https:\/\/magnetarmagnets.com\/sv\/#organization","name":"Magnetar","url":"https:\/\/magnetarmagnets.com\/sv\/","logo":{"@type":"ImageObject","inLanguage":"sv-SE","@id":"https:\/\/magnetarmagnets.com\/sv\/#\/schema\/logo\/image\/","url":"https:\/\/magnetarmagnets.com\/wp-content\/uploads\/2025\/05\/Logo-03_PNG-Black-scaled.png","contentUrl":"https:\/\/magnetarmagnets.com\/wp-content\/uploads\/2025\/05\/Logo-03_PNG-Black-scaled.png","width":2560,"height":1658,"caption":"Magnetar"},"image":{"@id":"https:\/\/magnetarmagnets.com\/sv\/#\/schema\/logo\/image\/"},"sameAs":["https:\/\/www.facebook.com\/fishingmagnets\/","https:\/\/www.instagram.com\/magnetar_magnets\/","https:\/\/www.linkedin.com\/company\/magnetarbv\/?originalSubdomain=nl","https:\/\/www.youtube.com\/c\/MagnetarVismagneet"]}]}},"_links":{"self":[{"href":"https:\/\/magnetarmagnets.com\/sv\/wp-json\/wp\/v2\/product\/67457","targetHints":{"allow":["GET"]}}],"collection":[{"href":"https:\/\/magnetarmagnets.com\/sv\/wp-json\/wp\/v2\/product"}],"about":[{"href":"https:\/\/magnetarmagnets.com\/sv\/wp-json\/wp\/v2\/types\/product"}],"replies":[{"embeddable":true,"href":"https:\/\/magnetarmagnets.com\/sv\/wp-json\/wp\/v2\/comments?post=67457"}],"version-history":[{"count":1,"href":"https:\/\/magnetarmagnets.com\/sv\/wp-json\/wp\/v2\/product\/67457\/revisions"}],"predecessor-version":[{"id":95351,"href":"https:\/\/magnetarmagnets.com\/sv\/wp-json\/wp\/v2\/product\/67457\/revisions\/95351"}],"wp:featuredmedia":[{"embeddable":true,"href":"https:\/\/magnetarmagnets.com\/sv\/wp-json\/wp\/v2\/media\/74049"}],"wp:attachment":[{"href":"https:\/\/magnetarmagnets.com\/sv\/wp-json\/wp\/v2\/media?parent=67457"}],"wp:term":[{"taxonomy":"product_brand","embeddable":true,"href":"https:\/\/magnetarmagnets.com\/sv\/wp-json\/wp\/v2\/product_brand?post=67457"},{"taxonomy":"product_cat","embeddable":true,"href":"https:\/\/magnetarmagnets.com\/sv\/wp-json\/wp\/v2\/product_cat?post=67457"},{"taxonomy":"product_tag","embeddable":true,"href":"https:\/\/magnetarmagnets.com\/sv\/wp-json\/wp\/v2\/product_tag?post=67457"}],"curies":[{"name":"wp","href":"https:\/\/api.w.org\/{rel}","templated":true}]}}