{"id":67456,"date":"2025-06-05T09:54:16","date_gmt":"2025-06-05T07:54:16","guid":{"rendered":"https:\/\/magnetarmagnets.com\/?post_type=product&#038;p=67456"},"modified":"2026-04-03T13:03:51","modified_gmt":"2026-04-03T11:03:51","slug":"gripkrok-for-magnetfiskespo","status":"publish","type":"product","link":"https:\/\/magnetarmagnets.com\/sv\/shop\/gripkrok-for-magnetfiskespo\/","title":{"rendered":"Gripkrok f\u00f6r magnetfiskesp\u00f6"},"content":{"rendered":"Ibland st\u00f6ter man p\u00e5 ett f\u00f6rem\u00e5l i vattnet som inte g\u00e5r att f\u00e5 upp med enbart en fiskemagnet. Vad g\u00f6r man d\u00e5? Man anv\u00e4nder en gripkrok fr\u00e5n Magnetar! Med detta tillbeh\u00f6r f\u00e5r du ett stadigt grepp om \u00e4ven de mest envisa f\u00f6rem\u00e5len. Denna gripkrok \u00e4r f\u00f6rsedd med ett g\u00e4ngat f\u00e4ste, s\u00e5 att du kan montera den p\u00e5 v\u00e5r &quot;Lange Jan&quot;, en sonderingsstav framtagen f\u00f6r magnetfiske.\n\n<h2>H\u00f6gkvalitativ gripkrok med g\u00e4ngat f\u00e4ste<\/h2>\n\nDenna gripkrok f\u00f6r magnetfiske \u00e4r helt tillverkad av rostfritt st\u00e5l. Detta s\u00e4kerst\u00e4ller att kroken i sig \u00e4r icke-magnetisk och motst\u00e5ndskraftig mot rost, eller rostar mycket lite. Du kan utan problem anv\u00e4nda detta tillbeh\u00f6r tillsammans med din Magnetar-fiskemagnet. Mycket smidigt, eller hur?\n\nDetta verktyg \u00e4r speciellt utformat f\u00f6r att anv\u00e4ndas med Lange Jan. Lange Jan \u00e4r en sonderingsstav som vanligtvis anv\u00e4nds tillsammans med en Magnetar <a href=\"https:\/\/magnetarmagnets.com\/strong-fishing-magnets\">fiskemagnet<\/a>. Fr\u00e5n och med nu kan du \u00e4ven montera en gripkrok p\u00e5 Lange Jan, vilket g\u00f6r det enklare att rikta in sig p\u00e5 f\u00f6rem\u00e5l under ytan \u00e4n med bara ett rep.\n\n<h2>Hur anv\u00e4nder jag den g\u00e4ngade gripkroken?<\/h2>\n\nDu anv\u00e4nder gripkroken f\u00f6rst f\u00f6r att lyfta icke-magnetiska f\u00f6rem\u00e5l ur vattnet. Med sonderingsstaven kan du f\u00f6rs\u00f6ka kroka in en av spetsarna bakom f\u00f6rem\u00e5let. Dra sedan f\u00f6rsiktigt upp f\u00f6rem\u00e5let.\n\nIbland f\u00e5r man inte tillr\u00e4ckligt grepp om ett f\u00f6rem\u00e5l med enbart fiskemagneten. H\u00e4r kommer Magnetar-gripkroken till unds\u00e4ttning. S\u00e4nk ner gripkroken f\u00f6rsiktigt och f\u00f6rs\u00f6k kroka in den bakom f\u00f6rem\u00e5let. Dra sedan upp fiskemagneten och gripkroken samtidigt.\n\n<h2>Magnetar-kvalitet<\/h2>\n\nMagnetar \u00e4r ett litet familjef\u00f6retag lett av \u00e4kta magnetfiskeentusiaster. Kvalitet \u00e4r v\u00e5r h\u00f6gsta prioritet, och det syns i v\u00e5ra produkter. Alla produkter \u00e4r designade av v\u00e5rt eget team f\u00f6r att garantera kvalitet. Letar du efter p\u00e5litlig, effektiv och h\u00f6gkvalitativ utrustning f\u00f6r magnetfiske? D\u00e5 har du kommit r\u00e4tt med Magnetar!\n\n<h2>Observera!<\/h2>\n\nDen g\u00e4ngade gripkroken b\u00f6r anv\u00e4ndas med f\u00f6rsiktighet under och efter magnetfiske. Det rekommenderas att reng\u00f6ra produkten efter anv\u00e4ndning f\u00f6r att f\u00f6rl\u00e4nga livsl\u00e4ngden. Var ocks\u00e5 uppm\u00e4rksam p\u00e5 gripkrokens vassa spetsar. Se till att f\u00f6rvara produkten s\u00e5 att dessa spetsar inte utg\u00f6r n\u00e5gon risk.","protected":false},"excerpt":{"rendered":"<p>Du monterar denna <strong>g\u00e4ngade gripkrok<\/strong> p\u00e5 v\u00e5rt magnetfiskesp\u00f6 &#8216;Lange Jan&#8217;. Det g\u00f6r att du kan anv\u00e4nda en <strong>gripkrok<\/strong> \u00e4nnu <strong>effektivare<\/strong>.<\/p>\n","protected":false},"featured_media":73380,"comment_status":"open","ping_status":"closed","template":"","meta":{"_acf_changed":false,"inline_featured_image":false},"product_brand":[],"product_cat":[239,268],"product_tag":[],"class_list":{"0":"post-67456","1":"product","2":"type-product","3":"status-publish","4":"has-post-thumbnail","6":"product_cat-magnet-fishing-gear-accessories-3","7":"product_cat-utrustning","9":"first","10":"instock","11":"taxable","12":"shipping-taxable","13":"purchasable","14":"product-type-simple"},"acf":[],"yoast_head":"<!-- This site is optimized with the Yoast SEO plugin v27.4 - https:\/\/yoast.com\/product\/yoast-seo-wordpress\/ -->\n<title>Gripkrok f\u00f6r magnetfiskesp\u00f6<\/title>\n<meta name=\"description\" content=\"Gripkrok f\u00f6r magnetfiske - Magnetar Essentials\" \/>\n<meta name=\"robots\" content=\"index, follow, max-snippet:-1, max-image-preview:large, max-video-preview:-1\" \/>\n<link rel=\"canonical\" href=\"https:\/\/magnetarmagnets.com\/sv\/shop\/gripkrok-for-magnetfiskespo\/\" \/>\n<meta property=\"og:locale\" content=\"sv_SE\" \/>\n<meta property=\"og:type\" content=\"article\" \/>\n<meta property=\"og:title\" content=\"Gripkrok f\u00f6r magnetfiskesp\u00f6\" \/>\n<meta property=\"og:description\" content=\"Gripkrok f\u00f6r magnetfiske - Magnetar Essentials\" \/>\n<meta property=\"og:url\" content=\"https:\/\/magnetarmagnets.com\/sv\/shop\/gripkrok-for-magnetfiskespo\/\" \/>\n<meta property=\"og:site_name\" content=\"Magnet fishing with a Magnetar fishing magnet\" \/>\n<meta property=\"article:publisher\" content=\"https:\/\/www.facebook.com\/fishingmagnets\/\" \/>\n<meta property=\"article:modified_time\" content=\"2026-04-03T11:03:51+00:00\" \/>\n<meta property=\"og:image\" content=\"https:\/\/magnetarmagnets.com\/wp-content\/uploads\/2023\/09\/JNF-Magnetar-Bedrijfsfotografie-01-09-2023-Foto-0172.jpg\" \/>\n\t<meta property=\"og:image:width\" content=\"1000\" \/>\n\t<meta property=\"og:image:height\" content=\"1000\" \/>\n\t<meta property=\"og:image:type\" content=\"image\/jpeg\" \/>\n<meta name=\"twitter:card\" content=\"summary_large_image\" \/>\n<meta name=\"twitter:label1\" content=\"Ber\u00e4knad l\u00e4stid\" \/>\n\t<meta name=\"twitter:data1\" content=\"2 minuter\" \/>\n<script type=\"application\/ld+json\" class=\"yoast-schema-graph\">{\"@context\":\"https:\\\/\\\/schema.org\",\"@graph\":[{\"@type\":[\"WebPage\",\"ItemPage\"],\"@id\":\"https:\\\/\\\/magnetarmagnets.com\\\/sv\\\/shop\\\/gripkrok-for-magnetfiskespo\\\/\",\"url\":\"https:\\\/\\\/magnetarmagnets.com\\\/sv\\\/shop\\\/gripkrok-for-magnetfiskespo\\\/\",\"name\":\"Gripkrok f\u00f6r magnetfiskesp\u00f6\",\"isPartOf\":{\"@id\":\"https:\\\/\\\/magnetarmagnets.com\\\/sv\\\/#website\"},\"primaryImageOfPage\":{\"@id\":\"https:\\\/\\\/magnetarmagnets.com\\\/sv\\\/shop\\\/gripkrok-for-magnetfiskespo\\\/#primaryimage\"},\"image\":{\"@id\":\"https:\\\/\\\/magnetarmagnets.com\\\/sv\\\/shop\\\/gripkrok-for-magnetfiskespo\\\/#primaryimage\"},\"thumbnailUrl\":\"https:\\\/\\\/magnetarmagnets.com\\\/wp-content\\\/uploads\\\/2023\\\/09\\\/JNF-Magnetar-Bedrijfsfotografie-01-09-2023-Foto-0172.jpg\",\"datePublished\":\"2025-06-05T07:54:16+00:00\",\"dateModified\":\"2026-04-03T11:03:51+00:00\",\"description\":\"Gripkrok f\u00f6r magnetfiske - Magnetar Essentials\",\"breadcrumb\":{\"@id\":\"https:\\\/\\\/magnetarmagnets.com\\\/sv\\\/shop\\\/gripkrok-for-magnetfiskespo\\\/#breadcrumb\"},\"inLanguage\":\"sv-SE\",\"potentialAction\":[{\"@type\":\"ReadAction\",\"target\":[\"https:\\\/\\\/magnetarmagnets.com\\\/sv\\\/shop\\\/gripkrok-for-magnetfiskespo\\\/\"]}]},{\"@type\":\"ImageObject\",\"inLanguage\":\"sv-SE\",\"@id\":\"https:\\\/\\\/magnetarmagnets.com\\\/sv\\\/shop\\\/gripkrok-for-magnetfiskespo\\\/#primaryimage\",\"url\":\"https:\\\/\\\/magnetarmagnets.com\\\/wp-content\\\/uploads\\\/2023\\\/09\\\/JNF-Magnetar-Bedrijfsfotografie-01-09-2023-Foto-0172.jpg\",\"contentUrl\":\"https:\\\/\\\/magnetarmagnets.com\\\/wp-content\\\/uploads\\\/2023\\\/09\\\/JNF-Magnetar-Bedrijfsfotografie-01-09-2023-Foto-0172.jpg\",\"width\":1000,\"height\":1000,\"caption\":\"The grappling hook with a thread for magnet fishing\"},{\"@type\":\"BreadcrumbList\",\"@id\":\"https:\\\/\\\/magnetarmagnets.com\\\/sv\\\/shop\\\/gripkrok-for-magnetfiskespo\\\/#breadcrumb\",\"itemListElement\":[{\"@type\":\"ListItem\",\"position\":1,\"name\":\"Home\",\"item\":\"https:\\\/\\\/magnetarmagnets.com\\\/sv\\\/\"},{\"@type\":\"ListItem\",\"position\":2,\"name\":\"Butik\",\"item\":\"https:\\\/\\\/magnetarmagnets.com\\\/sv\\\/butik\\\/\"},{\"@type\":\"ListItem\",\"position\":3,\"name\":\"Utrustning\",\"item\":\"https:\\\/\\\/magnetarmagnets.com\\\/sv\\\/collections\\\/utrustning\\\/\"},{\"@type\":\"ListItem\",\"position\":4,\"name\":\"Magnet Fishing Gear\",\"item\":\"https:\\\/\\\/magnetarmagnets.com\\\/sv\\\/collections\\\/utrustning\\\/magnet-fishing-gear-accessories-3\\\/\"},{\"@type\":\"ListItem\",\"position\":5,\"name\":\"Gripkrok f\u00f6r magnetfiskesp\u00f6\"}]},{\"@type\":\"WebSite\",\"@id\":\"https:\\\/\\\/magnetarmagnets.com\\\/sv\\\/#website\",\"url\":\"https:\\\/\\\/magnetarmagnets.com\\\/sv\\\/\",\"name\":\"Magnet fishing with a Magnetar fishing magnet\",\"description\":\"Kraftfulla magneter f\u00f6r magnetfiske\",\"publisher\":{\"@id\":\"https:\\\/\\\/magnetarmagnets.com\\\/sv\\\/#organization\"},\"potentialAction\":[{\"@type\":\"SearchAction\",\"target\":{\"@type\":\"EntryPoint\",\"urlTemplate\":\"https:\\\/\\\/magnetarmagnets.com\\\/sv\\\/?s={search_term_string}\"},\"query-input\":{\"@type\":\"PropertyValueSpecification\",\"valueRequired\":true,\"valueName\":\"search_term_string\"}}],\"inLanguage\":\"sv-SE\"},{\"@type\":\"Organization\",\"@id\":\"https:\\\/\\\/magnetarmagnets.com\\\/sv\\\/#organization\",\"name\":\"Magnetar\",\"url\":\"https:\\\/\\\/magnetarmagnets.com\\\/sv\\\/\",\"logo\":{\"@type\":\"ImageObject\",\"inLanguage\":\"sv-SE\",\"@id\":\"https:\\\/\\\/magnetarmagnets.com\\\/sv\\\/#\\\/schema\\\/logo\\\/image\\\/\",\"url\":\"https:\\\/\\\/magnetarmagnets.com\\\/wp-content\\\/uploads\\\/2025\\\/05\\\/Logo-03_PNG-Black-scaled.png\",\"contentUrl\":\"https:\\\/\\\/magnetarmagnets.com\\\/wp-content\\\/uploads\\\/2025\\\/05\\\/Logo-03_PNG-Black-scaled.png\",\"width\":2560,\"height\":1658,\"caption\":\"Magnetar\"},\"image\":{\"@id\":\"https:\\\/\\\/magnetarmagnets.com\\\/sv\\\/#\\\/schema\\\/logo\\\/image\\\/\"},\"sameAs\":[\"https:\\\/\\\/www.facebook.com\\\/fishingmagnets\\\/\",\"https:\\\/\\\/www.instagram.com\\\/magnetar_magnets\\\/\",\"https:\\\/\\\/www.linkedin.com\\\/company\\\/magnetarbv\\\/?originalSubdomain=nl\",\"https:\\\/\\\/www.youtube.com\\\/c\\\/MagnetarVismagneet\"]}]}<\/script>\n<!-- \/ Yoast SEO plugin. -->","yoast_head_json":{"title":"Gripkrok f\u00f6r magnetfiskesp\u00f6","description":"Gripkrok f\u00f6r magnetfiske - Magnetar Essentials","robots":{"index":"index","follow":"follow","max-snippet":"max-snippet:-1","max-image-preview":"max-image-preview:large","max-video-preview":"max-video-preview:-1"},"canonical":"https:\/\/magnetarmagnets.com\/sv\/shop\/gripkrok-for-magnetfiskespo\/","og_locale":"sv_SE","og_type":"article","og_title":"Gripkrok f\u00f6r magnetfiskesp\u00f6","og_description":"Gripkrok f\u00f6r magnetfiske - Magnetar Essentials","og_url":"https:\/\/magnetarmagnets.com\/sv\/shop\/gripkrok-for-magnetfiskespo\/","og_site_name":"Magnet fishing with a Magnetar fishing magnet","article_publisher":"https:\/\/www.facebook.com\/fishingmagnets\/","article_modified_time":"2026-04-03T11:03:51+00:00","og_image":[{"width":1000,"height":1000,"url":"https:\/\/magnetarmagnets.com\/wp-content\/uploads\/2023\/09\/JNF-Magnetar-Bedrijfsfotografie-01-09-2023-Foto-0172.jpg","type":"image\/jpeg"}],"twitter_card":"summary_large_image","twitter_misc":{"Ber\u00e4knad l\u00e4stid":"2 minuter"},"schema":{"@context":"https:\/\/schema.org","@graph":[{"@type":["WebPage","ItemPage"],"@id":"https:\/\/magnetarmagnets.com\/sv\/shop\/gripkrok-for-magnetfiskespo\/","url":"https:\/\/magnetarmagnets.com\/sv\/shop\/gripkrok-for-magnetfiskespo\/","name":"Gripkrok f\u00f6r magnetfiskesp\u00f6","isPartOf":{"@id":"https:\/\/magnetarmagnets.com\/sv\/#website"},"primaryImageOfPage":{"@id":"https:\/\/magnetarmagnets.com\/sv\/shop\/gripkrok-for-magnetfiskespo\/#primaryimage"},"image":{"@id":"https:\/\/magnetarmagnets.com\/sv\/shop\/gripkrok-for-magnetfiskespo\/#primaryimage"},"thumbnailUrl":"https:\/\/magnetarmagnets.com\/wp-content\/uploads\/2023\/09\/JNF-Magnetar-Bedrijfsfotografie-01-09-2023-Foto-0172.jpg","datePublished":"2025-06-05T07:54:16+00:00","dateModified":"2026-04-03T11:03:51+00:00","description":"Gripkrok f\u00f6r magnetfiske - Magnetar Essentials","breadcrumb":{"@id":"https:\/\/magnetarmagnets.com\/sv\/shop\/gripkrok-for-magnetfiskespo\/#breadcrumb"},"inLanguage":"sv-SE","potentialAction":[{"@type":"ReadAction","target":["https:\/\/magnetarmagnets.com\/sv\/shop\/gripkrok-for-magnetfiskespo\/"]}]},{"@type":"ImageObject","inLanguage":"sv-SE","@id":"https:\/\/magnetarmagnets.com\/sv\/shop\/gripkrok-for-magnetfiskespo\/#primaryimage","url":"https:\/\/magnetarmagnets.com\/wp-content\/uploads\/2023\/09\/JNF-Magnetar-Bedrijfsfotografie-01-09-2023-Foto-0172.jpg","contentUrl":"https:\/\/magnetarmagnets.com\/wp-content\/uploads\/2023\/09\/JNF-Magnetar-Bedrijfsfotografie-01-09-2023-Foto-0172.jpg","width":1000,"height":1000,"caption":"The grappling hook with a thread for magnet fishing"},{"@type":"BreadcrumbList","@id":"https:\/\/magnetarmagnets.com\/sv\/shop\/gripkrok-for-magnetfiskespo\/#breadcrumb","itemListElement":[{"@type":"ListItem","position":1,"name":"Home","item":"https:\/\/magnetarmagnets.com\/sv\/"},{"@type":"ListItem","position":2,"name":"Butik","item":"https:\/\/magnetarmagnets.com\/sv\/butik\/"},{"@type":"ListItem","position":3,"name":"Utrustning","item":"https:\/\/magnetarmagnets.com\/sv\/collections\/utrustning\/"},{"@type":"ListItem","position":4,"name":"Magnet Fishing Gear","item":"https:\/\/magnetarmagnets.com\/sv\/collections\/utrustning\/magnet-fishing-gear-accessories-3\/"},{"@type":"ListItem","position":5,"name":"Gripkrok f\u00f6r magnetfiskesp\u00f6"}]},{"@type":"WebSite","@id":"https:\/\/magnetarmagnets.com\/sv\/#website","url":"https:\/\/magnetarmagnets.com\/sv\/","name":"Magnet fishing with a Magnetar fishing magnet","description":"Kraftfulla magneter f\u00f6r magnetfiske","publisher":{"@id":"https:\/\/magnetarmagnets.com\/sv\/#organization"},"potentialAction":[{"@type":"SearchAction","target":{"@type":"EntryPoint","urlTemplate":"https:\/\/magnetarmagnets.com\/sv\/?s={search_term_string}"},"query-input":{"@type":"PropertyValueSpecification","valueRequired":true,"valueName":"search_term_string"}}],"inLanguage":"sv-SE"},{"@type":"Organization","@id":"https:\/\/magnetarmagnets.com\/sv\/#organization","name":"Magnetar","url":"https:\/\/magnetarmagnets.com\/sv\/","logo":{"@type":"ImageObject","inLanguage":"sv-SE","@id":"https:\/\/magnetarmagnets.com\/sv\/#\/schema\/logo\/image\/","url":"https:\/\/magnetarmagnets.com\/wp-content\/uploads\/2025\/05\/Logo-03_PNG-Black-scaled.png","contentUrl":"https:\/\/magnetarmagnets.com\/wp-content\/uploads\/2025\/05\/Logo-03_PNG-Black-scaled.png","width":2560,"height":1658,"caption":"Magnetar"},"image":{"@id":"https:\/\/magnetarmagnets.com\/sv\/#\/schema\/logo\/image\/"},"sameAs":["https:\/\/www.facebook.com\/fishingmagnets\/","https:\/\/www.instagram.com\/magnetar_magnets\/","https:\/\/www.linkedin.com\/company\/magnetarbv\/?originalSubdomain=nl","https:\/\/www.youtube.com\/c\/MagnetarVismagneet"]}]}},"_links":{"self":[{"href":"https:\/\/magnetarmagnets.com\/sv\/wp-json\/wp\/v2\/product\/67456","targetHints":{"allow":["GET"]}}],"collection":[{"href":"https:\/\/magnetarmagnets.com\/sv\/wp-json\/wp\/v2\/product"}],"about":[{"href":"https:\/\/magnetarmagnets.com\/sv\/wp-json\/wp\/v2\/types\/product"}],"replies":[{"embeddable":true,"href":"https:\/\/magnetarmagnets.com\/sv\/wp-json\/wp\/v2\/comments?post=67456"}],"version-history":[{"count":0,"href":"https:\/\/magnetarmagnets.com\/sv\/wp-json\/wp\/v2\/product\/67456\/revisions"}],"wp:featuredmedia":[{"embeddable":true,"href":"https:\/\/magnetarmagnets.com\/sv\/wp-json\/wp\/v2\/media\/73380"}],"wp:attachment":[{"href":"https:\/\/magnetarmagnets.com\/sv\/wp-json\/wp\/v2\/media?parent=67456"}],"wp:term":[{"taxonomy":"product_brand","embeddable":true,"href":"https:\/\/magnetarmagnets.com\/sv\/wp-json\/wp\/v2\/product_brand?post=67456"},{"taxonomy":"product_cat","embeddable":true,"href":"https:\/\/magnetarmagnets.com\/sv\/wp-json\/wp\/v2\/product_cat?post=67456"},{"taxonomy":"product_tag","embeddable":true,"href":"https:\/\/magnetarmagnets.com\/sv\/wp-json\/wp\/v2\/product_tag?post=67456"}],"curies":[{"name":"wp","href":"https:\/\/api.w.org\/{rel}","templated":true}]}}