{"id":67455,"date":"2025-06-05T09:54:16","date_gmt":"2025-06-05T07:54:16","guid":{"rendered":"https:\/\/magnetarmagnets.com\/?post_type=product&#038;p=67455"},"modified":"2026-04-03T20:49:41","modified_gmt":"2026-04-03T18:49:41","slug":"fishing-pole-paket-2-0-for-magnetfiske-1000-kg-2200-lb-terror-allround-360","status":"publish","type":"product","link":"https:\/\/magnetarmagnets.com\/sv\/shop\/fishing-pole-paket-2-0-for-magnetfiske-1000-kg-2200-lb-terror-allround-360\/","title":{"rendered":"Fishing Pole-paket 2.0 f\u00f6r magnetfiske &#8211; 1000 kg &#8211; Terror Allround 360\u00b0"},"content":{"rendered":"<ul>\r\n \t<li style=\"font-weight: 400;\"><span style=\"font-weight: 400;\">Extra l\u00e5ng pokestick: 3 meter (3&#215;1 meter)<\/span><\/li>\r\n \t<li style=\"font-weight: 400;\"><span style=\"font-weight: 400;\">Snabb montering\/demontering<\/span><\/li>\r\n \t<li style=\"font-weight: 400;\"><span style=\"font-weight: 400;\">Hittar f\u00f6rem\u00e5l som ligger djupt<\/span><\/li>\r\n \t<li style=\"font-weight: 400;\"><span style=\"font-weight: 400;\">Fullt f\u00f6rberedd f\u00f6r magnetfiske<\/span><\/li>\r\n \t<li style=\"font-weight: 400;\"><span style=\"font-weight: 400;\">Aluminiumpinne, rostar inte och \u00e4r extra l\u00e4tt<\/span><\/li>\r\n \t<li style=\"font-weight: 400;\"><span style=\"font-weight: 400;\">Perfekt vikt p\u00e5 1,3 kg \/ 2,9 lb<\/span><\/li>\r\n \t<li style=\"font-weight: 400;\"><span style=\"font-weight: 400;\">L\u00e4tt att transportera<\/span><\/li>\r\n \t<li style=\"font-weight: 400;\"><span style=\"font-weight: 400;\">Inkluderar en f\u00f6rvaringsp\u00e5se<\/span><\/li>\r\n \t<li style=\"font-weight: 400;\"><span style=\"font-weight: 400;\">F\u00e4sten f\u00f6r repet ing\u00e5r<\/span><\/li>\r\n \t<li style=\"font-weight: 400;\"><span style=\"font-weight: 400;\">Extra paketrabatt!<\/span><\/li>\r\n<\/ul>\r\n<span style=\"font-weight: 400;\"><strong>Vill du b\u00f6rja med magnetpoking och letar efter r\u00e4tt utrustning?<\/strong> D\u00e5 \u00e4r pokestick-paketet perfekt f\u00f6r dig! Pokestick-paketet inkluderar pokesticken \u2018Lange Jan\u2019, Terror-fiskemagneten, vattent\u00e4ta handskar, l\u00e5smedel och pokestick-f\u00f6rvaringsp\u00e5sen. Med \u2018Lange Jan\u2019 n\u00e5r du l\u00e4ngre in i leran \u00e4n med ett rep, s\u00e5 chansen att hitta f\u00f6rem\u00e5l djupt ner \u00f6kar.<\/span>\r\n<h2><strong>Pokestick f\u00f6r magnetfiske?<\/strong><\/h2>\r\n<span style=\"font-weight: 400;\">Du k\u00e4nner s\u00e4kert till magnetfiske med rep, men har du n\u00e5gonsin h\u00f6rt talas om magnetfiske med pokestick? Det \u00e4r ett enklare s\u00e4tt att n\u00e5 f\u00f6rem\u00e5l som ligger l\u00e5ngt under leran eller mellan vassen. Med en fiskemagnet och rep f\u00e5r du aldrig upp f\u00f6rem\u00e5l 1 meter ner i leran, men med en Magnetar-pokestick kan du det. Vill du att dessa skatter ska f\u00f6rbli dolda? Eller vill du anv\u00e4nda v\u00e5r pokestick och fiskemagnet f\u00f6r att f\u00e5 upp alla skatter?<\/span>\r\n\r\n<a href=\"https:\/\/www.youtube.com\/watch?v=zK9xbaohgCw\">Klicka h\u00e4r f\u00f6r en instruktionsvideo.<\/a>\r\n<h2><b>Skyddsskal<\/b><\/h2>\r\n<span style=\"font-weight: 400;\">Skyddsskalet som ing\u00e5r i detta paket \u00e4r det perfekta tillbeh\u00f6ret f\u00f6r magnetfiskare som vill skydda sina neodymmagneter under anv\u00e4ndning. Dessa h\u00e5llbara skal \u00e4r s\u00e4rskilt utformade f\u00f6r att sitta perfekt p\u00e5 magneten och ger ett extra skydd mot repor, sprickor och andra skador. V\u00e5ra skyddsskal \u00e4r byggda f\u00f6r att h\u00e5lla och t\u00e5l de tuffaste f\u00f6rh\u00e5llanden. Skyddsskalen \u00e4r gjorda av rostfritt st\u00e5l. Detta s\u00e4kerst\u00e4ller att din magnet f\u00f6rblir en 360\u00b0 neodymmagnet. Med v\u00e5ra skyddsskal kan du njuta av magnetfiske utan att oroa dig f\u00f6r skador p\u00e5 din v\u00e4rdefulla fiskemagnet.<\/span>\r\n\r\n<span style=\"font-style: italic;\">Observera att magnetens botten inte skyddas av skalet<\/span>","protected":false},"excerpt":{"rendered":"<p>Vill du magnetfiska med <strong>precision<\/strong>? Det kan du med <strong>Fishing Pole Package 2.0<\/strong>! <strong>Kombinera<\/strong> allround 360\u00b0 Terror-fiskemagneten med v\u00e5r magnetst\u00e5ng.<\/p>\n","protected":false},"featured_media":72556,"comment_status":"open","ping_status":"closed","template":"","meta":{"_acf_changed":false,"inline_featured_image":false},"product_brand":[],"product_cat":[494,414,497,493,416],"product_tag":[],"class_list":{"0":"post-67455","1":"product","2":"type-product","3":"status-publish","4":"has-post-thumbnail","6":"product_cat-allround-360-otsingumagnetid","7":"product_cat-kogenud-seiklejatele","8":"product_cat-otsingumagneti-komplekt","9":"product_cat-otsingumagnetid","10":"product_cat-professionaalidele","12":"first","13":"instock","14":"sale","15":"taxable","16":"shipping-taxable","17":"purchasable","18":"product-type-simple"},"acf":[],"yoast_head":"<!-- This site is optimized with the Yoast SEO plugin v27.3 - https:\/\/yoast.com\/product\/yoast-seo-wordpress\/ -->\n<title>Fishing Pole-paket 2.0 f\u00f6r magnetfiske - 1000 kg - Terror Allround 360\u00b0 - Magnet fishing with a Magnetar fishing magnet<\/title>\n<meta name=\"description\" content=\"Fishing Pole-kit \u2013 1000 kg \/ 2200 lb Terror \u2013 Magnetar\" \/>\n<meta name=\"robots\" content=\"index, follow, max-snippet:-1, max-image-preview:large, max-video-preview:-1\" \/>\n<link rel=\"canonical\" href=\"https:\/\/magnetarmagnets.com\/sv\/shop\/fishing-pole-paket-2-0-for-magnetfiske-1000-kg-2200-lb-terror-allround-360\/\" \/>\n<meta property=\"og:locale\" content=\"sv_SE\" \/>\n<meta property=\"og:type\" content=\"article\" \/>\n<meta property=\"og:title\" content=\"Fishing Pole-paket 2.0 f\u00f6r magnetfiske - 1000 kg - Terror Allround 360\u00b0 - Magnet fishing with a Magnetar fishing magnet\" \/>\n<meta property=\"og:description\" content=\"Fishing Pole-kit \u2013 1000 kg \/ 2200 lb Terror \u2013 Magnetar\" \/>\n<meta property=\"og:url\" content=\"https:\/\/magnetarmagnets.com\/sv\/shop\/fishing-pole-paket-2-0-for-magnetfiske-1000-kg-2200-lb-terror-allround-360\/\" \/>\n<meta property=\"og:site_name\" content=\"Magnet fishing with a Magnetar fishing magnet\" \/>\n<meta property=\"article:publisher\" content=\"https:\/\/www.facebook.com\/fishingmagnets\/\" \/>\n<meta property=\"article:modified_time\" content=\"2026-04-03T18:49:41+00:00\" \/>\n<meta property=\"og:image\" content=\"https:\/\/magnetarmagnets.com\/wp-content\/uploads\/2021\/10\/MAGNETAR-DEEP-SEEKER-2.0-KIT-GOOGLE.jpg\" \/>\n\t<meta property=\"og:image:width\" content=\"1500\" \/>\n\t<meta property=\"og:image:height\" content=\"1500\" \/>\n\t<meta property=\"og:image:type\" content=\"image\/jpeg\" \/>\n<meta name=\"twitter:card\" content=\"summary_large_image\" \/>\n<meta name=\"twitter:label1\" content=\"Ber\u00e4knad l\u00e4stid\" \/>\n\t<meta name=\"twitter:data1\" content=\"2 minuter\" \/>\n<script type=\"application\/ld+json\" class=\"yoast-schema-graph\">{\"@context\":\"https:\\\/\\\/schema.org\",\"@graph\":[{\"@type\":[\"WebPage\",\"ItemPage\"],\"@id\":\"https:\\\/\\\/magnetarmagnets.com\\\/sv\\\/shop\\\/fishing-pole-paket-2-0-for-magnetfiske-1000-kg-2200-lb-terror-allround-360\\\/\",\"url\":\"https:\\\/\\\/magnetarmagnets.com\\\/sv\\\/shop\\\/fishing-pole-paket-2-0-for-magnetfiske-1000-kg-2200-lb-terror-allround-360\\\/\",\"name\":\"Fishing Pole-paket 2.0 f\u00f6r magnetfiske - 1000 kg - Terror Allround 360\u00b0 - Magnet fishing with a Magnetar fishing magnet\",\"isPartOf\":{\"@id\":\"https:\\\/\\\/magnetarmagnets.com\\\/sv\\\/#website\"},\"primaryImageOfPage\":{\"@id\":\"https:\\\/\\\/magnetarmagnets.com\\\/sv\\\/shop\\\/fishing-pole-paket-2-0-for-magnetfiske-1000-kg-2200-lb-terror-allround-360\\\/#primaryimage\"},\"image\":{\"@id\":\"https:\\\/\\\/magnetarmagnets.com\\\/sv\\\/shop\\\/fishing-pole-paket-2-0-for-magnetfiske-1000-kg-2200-lb-terror-allround-360\\\/#primaryimage\"},\"thumbnailUrl\":\"https:\\\/\\\/magnetarmagnets.com\\\/wp-content\\\/uploads\\\/2021\\\/10\\\/MAGNETAR-DEEP-SEEKER-2.0-KIT-GOOGLE.jpg\",\"datePublished\":\"2025-06-05T07:54:16+00:00\",\"dateModified\":\"2026-04-03T18:49:41+00:00\",\"description\":\"Fishing Pole-kit \u2013 1000 kg \\\/ 2200 lb Terror \u2013 Magnetar\",\"breadcrumb\":{\"@id\":\"https:\\\/\\\/magnetarmagnets.com\\\/sv\\\/shop\\\/fishing-pole-paket-2-0-for-magnetfiske-1000-kg-2200-lb-terror-allround-360\\\/#breadcrumb\"},\"inLanguage\":\"sv-SE\",\"potentialAction\":[{\"@type\":\"ReadAction\",\"target\":[\"https:\\\/\\\/magnetarmagnets.com\\\/sv\\\/shop\\\/fishing-pole-paket-2-0-for-magnetfiske-1000-kg-2200-lb-terror-allround-360\\\/\"]}]},{\"@type\":\"ImageObject\",\"inLanguage\":\"sv-SE\",\"@id\":\"https:\\\/\\\/magnetarmagnets.com\\\/sv\\\/shop\\\/fishing-pole-paket-2-0-for-magnetfiske-1000-kg-2200-lb-terror-allround-360\\\/#primaryimage\",\"url\":\"https:\\\/\\\/magnetarmagnets.com\\\/wp-content\\\/uploads\\\/2021\\\/10\\\/MAGNETAR-DEEP-SEEKER-2.0-KIT-GOOGLE.jpg\",\"contentUrl\":\"https:\\\/\\\/magnetarmagnets.com\\\/wp-content\\\/uploads\\\/2021\\\/10\\\/MAGNETAR-DEEP-SEEKER-2.0-KIT-GOOGLE.jpg\",\"width\":1500,\"height\":1500,\"caption\":\"MAGNETAR-DEEP-SEEKER-2.0-KIT\"},{\"@type\":\"BreadcrumbList\",\"@id\":\"https:\\\/\\\/magnetarmagnets.com\\\/sv\\\/shop\\\/fishing-pole-paket-2-0-for-magnetfiske-1000-kg-2200-lb-terror-allround-360\\\/#breadcrumb\",\"itemListElement\":[{\"@type\":\"ListItem\",\"position\":1,\"name\":\"Home\",\"item\":\"https:\\\/\\\/magnetarmagnets.com\\\/sv\\\/\"},{\"@type\":\"ListItem\",\"position\":2,\"name\":\"Butik\",\"item\":\"https:\\\/\\\/magnetarmagnets.com\\\/sv\\\/butik\\\/\"},{\"@type\":\"ListItem\",\"position\":3,\"name\":\"Fiske magneter\",\"item\":\"https:\\\/\\\/magnetarmagnets.com\\\/sv\\\/collections\\\/fiske-magneter\\\/\"},{\"@type\":\"ListItem\",\"position\":4,\"name\":\"Allround 360 fiske magneter\",\"item\":\"https:\\\/\\\/magnetarmagnets.com\\\/sv\\\/collections\\\/fiske-magneter\\\/allround-360-fiske-magneter\\\/\"},{\"@type\":\"ListItem\",\"position\":5,\"name\":\"Fishing Pole-paket 2.0 f\u00f6r magnetfiske &#8211; 1000 kg &#8211; Terror Allround 360\u00b0\"}]},{\"@type\":\"WebSite\",\"@id\":\"https:\\\/\\\/magnetarmagnets.com\\\/sv\\\/#website\",\"url\":\"https:\\\/\\\/magnetarmagnets.com\\\/sv\\\/\",\"name\":\"Magnet fishing with a Magnetar fishing magnet\",\"description\":\"Kraftfulla magneter f\u00f6r magnetfiske\",\"publisher\":{\"@id\":\"https:\\\/\\\/magnetarmagnets.com\\\/sv\\\/#organization\"},\"potentialAction\":[{\"@type\":\"SearchAction\",\"target\":{\"@type\":\"EntryPoint\",\"urlTemplate\":\"https:\\\/\\\/magnetarmagnets.com\\\/sv\\\/?s={search_term_string}\"},\"query-input\":{\"@type\":\"PropertyValueSpecification\",\"valueRequired\":true,\"valueName\":\"search_term_string\"}}],\"inLanguage\":\"sv-SE\"},{\"@type\":\"Organization\",\"@id\":\"https:\\\/\\\/magnetarmagnets.com\\\/sv\\\/#organization\",\"name\":\"Magnetar\",\"url\":\"https:\\\/\\\/magnetarmagnets.com\\\/sv\\\/\",\"logo\":{\"@type\":\"ImageObject\",\"inLanguage\":\"sv-SE\",\"@id\":\"https:\\\/\\\/magnetarmagnets.com\\\/sv\\\/#\\\/schema\\\/logo\\\/image\\\/\",\"url\":\"https:\\\/\\\/magnetarmagnets.com\\\/wp-content\\\/uploads\\\/2025\\\/05\\\/Logo-03_PNG-Black-scaled.png\",\"contentUrl\":\"https:\\\/\\\/magnetarmagnets.com\\\/wp-content\\\/uploads\\\/2025\\\/05\\\/Logo-03_PNG-Black-scaled.png\",\"width\":2560,\"height\":1658,\"caption\":\"Magnetar\"},\"image\":{\"@id\":\"https:\\\/\\\/magnetarmagnets.com\\\/sv\\\/#\\\/schema\\\/logo\\\/image\\\/\"},\"sameAs\":[\"https:\\\/\\\/www.facebook.com\\\/fishingmagnets\\\/\",\"https:\\\/\\\/www.instagram.com\\\/magnetar_magnets\\\/\",\"https:\\\/\\\/www.linkedin.com\\\/company\\\/magnetarbv\\\/?originalSubdomain=nl\",\"https:\\\/\\\/www.youtube.com\\\/c\\\/MagnetarVismagneet\"]}]}<\/script>\n<!-- \/ Yoast SEO plugin. -->","yoast_head_json":{"title":"Fishing Pole-paket 2.0 f\u00f6r magnetfiske - 1000 kg - Terror Allround 360\u00b0 - Magnet fishing with a Magnetar fishing magnet","description":"Fishing Pole-kit \u2013 1000 kg \/ 2200 lb Terror \u2013 Magnetar","robots":{"index":"index","follow":"follow","max-snippet":"max-snippet:-1","max-image-preview":"max-image-preview:large","max-video-preview":"max-video-preview:-1"},"canonical":"https:\/\/magnetarmagnets.com\/sv\/shop\/fishing-pole-paket-2-0-for-magnetfiske-1000-kg-2200-lb-terror-allround-360\/","og_locale":"sv_SE","og_type":"article","og_title":"Fishing Pole-paket 2.0 f\u00f6r magnetfiske - 1000 kg - Terror Allround 360\u00b0 - Magnet fishing with a Magnetar fishing magnet","og_description":"Fishing Pole-kit \u2013 1000 kg \/ 2200 lb Terror \u2013 Magnetar","og_url":"https:\/\/magnetarmagnets.com\/sv\/shop\/fishing-pole-paket-2-0-for-magnetfiske-1000-kg-2200-lb-terror-allround-360\/","og_site_name":"Magnet fishing with a Magnetar fishing magnet","article_publisher":"https:\/\/www.facebook.com\/fishingmagnets\/","article_modified_time":"2026-04-03T18:49:41+00:00","og_image":[{"width":1500,"height":1500,"url":"https:\/\/magnetarmagnets.com\/wp-content\/uploads\/2021\/10\/MAGNETAR-DEEP-SEEKER-2.0-KIT-GOOGLE.jpg","type":"image\/jpeg"}],"twitter_card":"summary_large_image","twitter_misc":{"Ber\u00e4knad l\u00e4stid":"2 minuter"},"schema":{"@context":"https:\/\/schema.org","@graph":[{"@type":["WebPage","ItemPage"],"@id":"https:\/\/magnetarmagnets.com\/sv\/shop\/fishing-pole-paket-2-0-for-magnetfiske-1000-kg-2200-lb-terror-allround-360\/","url":"https:\/\/magnetarmagnets.com\/sv\/shop\/fishing-pole-paket-2-0-for-magnetfiske-1000-kg-2200-lb-terror-allround-360\/","name":"Fishing Pole-paket 2.0 f\u00f6r magnetfiske - 1000 kg - Terror Allround 360\u00b0 - Magnet fishing with a Magnetar fishing magnet","isPartOf":{"@id":"https:\/\/magnetarmagnets.com\/sv\/#website"},"primaryImageOfPage":{"@id":"https:\/\/magnetarmagnets.com\/sv\/shop\/fishing-pole-paket-2-0-for-magnetfiske-1000-kg-2200-lb-terror-allround-360\/#primaryimage"},"image":{"@id":"https:\/\/magnetarmagnets.com\/sv\/shop\/fishing-pole-paket-2-0-for-magnetfiske-1000-kg-2200-lb-terror-allround-360\/#primaryimage"},"thumbnailUrl":"https:\/\/magnetarmagnets.com\/wp-content\/uploads\/2021\/10\/MAGNETAR-DEEP-SEEKER-2.0-KIT-GOOGLE.jpg","datePublished":"2025-06-05T07:54:16+00:00","dateModified":"2026-04-03T18:49:41+00:00","description":"Fishing Pole-kit \u2013 1000 kg \/ 2200 lb Terror \u2013 Magnetar","breadcrumb":{"@id":"https:\/\/magnetarmagnets.com\/sv\/shop\/fishing-pole-paket-2-0-for-magnetfiske-1000-kg-2200-lb-terror-allround-360\/#breadcrumb"},"inLanguage":"sv-SE","potentialAction":[{"@type":"ReadAction","target":["https:\/\/magnetarmagnets.com\/sv\/shop\/fishing-pole-paket-2-0-for-magnetfiske-1000-kg-2200-lb-terror-allround-360\/"]}]},{"@type":"ImageObject","inLanguage":"sv-SE","@id":"https:\/\/magnetarmagnets.com\/sv\/shop\/fishing-pole-paket-2-0-for-magnetfiske-1000-kg-2200-lb-terror-allround-360\/#primaryimage","url":"https:\/\/magnetarmagnets.com\/wp-content\/uploads\/2021\/10\/MAGNETAR-DEEP-SEEKER-2.0-KIT-GOOGLE.jpg","contentUrl":"https:\/\/magnetarmagnets.com\/wp-content\/uploads\/2021\/10\/MAGNETAR-DEEP-SEEKER-2.0-KIT-GOOGLE.jpg","width":1500,"height":1500,"caption":"MAGNETAR-DEEP-SEEKER-2.0-KIT"},{"@type":"BreadcrumbList","@id":"https:\/\/magnetarmagnets.com\/sv\/shop\/fishing-pole-paket-2-0-for-magnetfiske-1000-kg-2200-lb-terror-allround-360\/#breadcrumb","itemListElement":[{"@type":"ListItem","position":1,"name":"Home","item":"https:\/\/magnetarmagnets.com\/sv\/"},{"@type":"ListItem","position":2,"name":"Butik","item":"https:\/\/magnetarmagnets.com\/sv\/butik\/"},{"@type":"ListItem","position":3,"name":"Fiske magneter","item":"https:\/\/magnetarmagnets.com\/sv\/collections\/fiske-magneter\/"},{"@type":"ListItem","position":4,"name":"Allround 360 fiske magneter","item":"https:\/\/magnetarmagnets.com\/sv\/collections\/fiske-magneter\/allround-360-fiske-magneter\/"},{"@type":"ListItem","position":5,"name":"Fishing Pole-paket 2.0 f\u00f6r magnetfiske &#8211; 1000 kg &#8211; Terror Allround 360\u00b0"}]},{"@type":"WebSite","@id":"https:\/\/magnetarmagnets.com\/sv\/#website","url":"https:\/\/magnetarmagnets.com\/sv\/","name":"Magnet fishing with a Magnetar fishing magnet","description":"Kraftfulla magneter f\u00f6r magnetfiske","publisher":{"@id":"https:\/\/magnetarmagnets.com\/sv\/#organization"},"potentialAction":[{"@type":"SearchAction","target":{"@type":"EntryPoint","urlTemplate":"https:\/\/magnetarmagnets.com\/sv\/?s={search_term_string}"},"query-input":{"@type":"PropertyValueSpecification","valueRequired":true,"valueName":"search_term_string"}}],"inLanguage":"sv-SE"},{"@type":"Organization","@id":"https:\/\/magnetarmagnets.com\/sv\/#organization","name":"Magnetar","url":"https:\/\/magnetarmagnets.com\/sv\/","logo":{"@type":"ImageObject","inLanguage":"sv-SE","@id":"https:\/\/magnetarmagnets.com\/sv\/#\/schema\/logo\/image\/","url":"https:\/\/magnetarmagnets.com\/wp-content\/uploads\/2025\/05\/Logo-03_PNG-Black-scaled.png","contentUrl":"https:\/\/magnetarmagnets.com\/wp-content\/uploads\/2025\/05\/Logo-03_PNG-Black-scaled.png","width":2560,"height":1658,"caption":"Magnetar"},"image":{"@id":"https:\/\/magnetarmagnets.com\/sv\/#\/schema\/logo\/image\/"},"sameAs":["https:\/\/www.facebook.com\/fishingmagnets\/","https:\/\/www.instagram.com\/magnetar_magnets\/","https:\/\/www.linkedin.com\/company\/magnetarbv\/?originalSubdomain=nl","https:\/\/www.youtube.com\/c\/MagnetarVismagneet"]}]}},"_links":{"self":[{"href":"https:\/\/magnetarmagnets.com\/sv\/wp-json\/wp\/v2\/product\/67455","targetHints":{"allow":["GET"]}}],"collection":[{"href":"https:\/\/magnetarmagnets.com\/sv\/wp-json\/wp\/v2\/product"}],"about":[{"href":"https:\/\/magnetarmagnets.com\/sv\/wp-json\/wp\/v2\/types\/product"}],"replies":[{"embeddable":true,"href":"https:\/\/magnetarmagnets.com\/sv\/wp-json\/wp\/v2\/comments?post=67455"}],"version-history":[{"count":1,"href":"https:\/\/magnetarmagnets.com\/sv\/wp-json\/wp\/v2\/product\/67455\/revisions"}],"predecessor-version":[{"id":95283,"href":"https:\/\/magnetarmagnets.com\/sv\/wp-json\/wp\/v2\/product\/67455\/revisions\/95283"}],"wp:featuredmedia":[{"embeddable":true,"href":"https:\/\/magnetarmagnets.com\/sv\/wp-json\/wp\/v2\/media\/72556"}],"wp:attachment":[{"href":"https:\/\/magnetarmagnets.com\/sv\/wp-json\/wp\/v2\/media?parent=67455"}],"wp:term":[{"taxonomy":"product_brand","embeddable":true,"href":"https:\/\/magnetarmagnets.com\/sv\/wp-json\/wp\/v2\/product_brand?post=67455"},{"taxonomy":"product_cat","embeddable":true,"href":"https:\/\/magnetarmagnets.com\/sv\/wp-json\/wp\/v2\/product_cat?post=67455"},{"taxonomy":"product_tag","embeddable":true,"href":"https:\/\/magnetarmagnets.com\/sv\/wp-json\/wp\/v2\/product_tag?post=67455"}],"curies":[{"name":"wp","href":"https:\/\/api.w.org\/{rel}","templated":true}]}}