{"id":67454,"date":"2025-06-05T09:54:16","date_gmt":"2025-06-05T07:54:16","guid":{"rendered":"https:\/\/magnetarmagnets.com\/?post_type=product&#038;p=67454"},"modified":"2026-04-14T21:49:44","modified_gmt":"2026-04-14T19:49:44","slug":"girl-power-kit-fiskemagnet-set-1300-lb-600-kg-hardcore-allround-360","status":"publish","type":"product","link":"https:\/\/magnetarmagnets.com\/sv\/shop\/girl-power-kit-fiskemagnet-set-1300-lb-600-kg-hardcore-allround-360\/","title":{"rendered":"Girl Power Kit \u2013 fiskemagnet set &#8211; 600 kg \u2013 Hardcore Allround 360\u00b0"},"content":{"rendered":"\u00c4r du en kvinna som \u00e4lskar <a href=\"https:\/\/magnetarmagnets.com\/sv\/\" target=\"_blank\" rel=\"noopener\">magnetfiske<\/a>? Och vill du bli proffs? V\u00e5rt Girl Power Kit \u00e4r perfekt och inneh\u00e5ller allt du beh\u00f6ver f\u00f6r att komma ig\u00e5ng (och f\u00e5 m\u00e4ngdrabatt!). Paketet inkluderar v\u00e5r b\u00e4sts\u00e4ljare <a href=\"https:\/\/magnetarmagnets.com\/sv\/shop\/hardcore-fiskemagnet-1300-lb-600-kg-allround-360-neodymmagnet\/\" target=\"_blank\" rel=\"noopener\">Hardcore<\/a> allround 360\u00b0 magnet. Det inneh\u00e5ller ocks\u00e5 ett Hardcore-skyddsh\u00f6lje, 8 mm handskar, 10 ml lim och en rosa Magnetar-keps.\r\n<h2>Hardcore: en neodymmagnet f\u00f6r magnetfiske<\/h2>\r\nV\u00e5r allround 360\u00b0 neodymmagnet \u00e4r k\u00e4nd f\u00f6r sin enorma dragningskraft. Detta \u00e4r en av de b\u00e4sta och mest prisv\u00e4rda fiskemagneterna p\u00e5 marknaden, om vi f\u00e5r s\u00e4ga det sj\u00e4lva. Magneten har ett dragningsavst\u00e5nd p\u00e5 5,5&#8243; eller 14 cm, vilket \u00f6kar chanserna att hitta st\u00f6rre och b\u00e4ttre skatter.\r\n\r\nD\u00e4rf\u00f6r \u00e4r m\u00e5nga magnetfiskare n\u00f6jda med denna produkt. Nyfiken p\u00e5 vad andra entusiaster tycker om Hardcore-magneten? Ta reda p\u00e5 det i denna video p\u00e5 <a href=\"https:\/\/www.youtube.com\/watch?v=1izvqgYbtd8\">YouTube<\/a>! Vill du uppgradera dig fr\u00e5n en enkelsidig fiskemagnet? I s\u00e5 fall kan Hardcore vara ett utm\u00e4rkt val.\r\n<h2>Redo att uppgradera till Hardcore?<\/h2>\r\nHardcore-fiskemagneten g\u00f6r dig till ett riktigt proffs. Anledningen \u00e4r att magneten tar upp f\u00f6rem\u00e5l p\u00e5 b\u00e5da sidor, vilket g\u00f6r det enklare att hitta skatter. Det b\u00f6r noteras att produkten har en bekv\u00e4m kastvikt, vilket generellt passar kvinnliga magnetfiskare.\r\n\r\nAvancerade magnetfiskare uppskattar Hardcore-magneten, som har blivit en av v\u00e5ra stors\u00e4ljare. Magneten \u00e4r tillverkad av neodym, den kraftfullaste typen av permanentmagnet. Den kan lyfta mer \u00e4n andra magnetmaterial i samma storlek, vilket \u00f6kar variationen av f\u00f6rem\u00e5l du kan hitta och dragningskraften fr\u00e5n alla vinklar.\r\n<h2>Den mest kompletta fiskemagneten<\/h2>\r\nM\u00e5nga magneter som anv\u00e4nds vid magnetfiske har bara dragningskraft p\u00e5 ena sidan. Dessa fiskemagneter fungerar bra f\u00f6r m\u00e5nga, men f\u00f6r de st\u00f6rsta magnetfiskeentusiasterna har vi skapat n\u00e5got nytt. Vi var det f\u00f6rsta f\u00f6retaget som omdesignade denna klassiska magnet till en dubbelsidig fiskemagnet. Sedan 2016 har Magnetar skapat en allroundfiskemagnet med 360\u00b0 magnetkraft. M\u00e5nga magnetfiskare runt om i Europa \u00e4lskar v\u00e5ra 100% neodymmagneter, vilket g\u00f6r oss till den mest popul\u00e4ra leverant\u00f6ren i Europa.\r\n\r\nF\u00f6r att vara s\u00e4kra p\u00e5 att vi levererar kompletta produkter designas v\u00e5ra produkter av ett litet team av magnetfiskeentusiaster och tillverkas av material av h\u00f6gsta kvalitet. Lyckligtvis \u00e5terv\u00e4nder kunder till Magnetar g\u00e5ng p\u00e5 g\u00e5ng.\r\n<h2>Stark och revolutionerande dragningskraft<\/h2>\r\nDe allround 360\u00b0-magneter vi erbjuder har en kraftfull dragningskraft. Sj\u00e4lvklart kan dragningskraften hos 100% neodymmagneter inte j\u00e4mf\u00f6ras med traditionella produkter. Traditionella enkelsidiga magneter har ett st\u00e5lh\u00f6lje som p\u00e5verkar dragningskraften och riktar den i en riktning, vilket ger h\u00f6g dragningskraft mot en platt metallplatta. V\u00e5ra unika allround 360\u00b0-magneter ger ist\u00e4llet h\u00f6g dragningskraft i hela omgivningen. Vill du veta hur vi m\u00e4ter detta? Vi f\u00f6rklarar det i denna <a href=\"https:\/\/www.youtube.com\/watch?v=2McW3RURDxs\">video<\/a>.\r\n<h2>Kvalitetsstandarder<\/h2>\r\nP\u00e5 Magnetar str\u00e4var vi efter kvalitet. D\u00e4rf\u00f6r \u00e4r v\u00e5ra magneter tillverkade av neodym, vilket inneb\u00e4r att de beh\u00e5ller sin magnetkraft i \u00e5rtionden!\r\n\r\nVi har m\u00e4rkt att det finns m\u00e5nga fiskemagneter p\u00e5 marknaden som tappar kraften p\u00e5 bara n\u00e5gra veckor. Det beror ofta p\u00e5 d\u00e5liga material och en underm\u00e5lig produktionsprocess. Om du k\u00f6per en av dessa produkter fr\u00e5n ett st\u00f6rre f\u00f6retag kan du bli besviken p\u00e5 ditt k\u00f6p.\r\n\r\nMagnetar \u00e4r ett litet familjef\u00f6retag fullt of magnetfiskeentusiaster som prioriterar h\u00f6ga kvalitetsstandarder i allt vi g\u00f6r. Vi designar produkterna sj\u00e4lva f\u00f6r att s\u00e4kerst\u00e4lla att du f\u00e5r en kvalitetsprodukt, vilket l\u00e5ter dig njuta av din fantastiska hobby till fullo.\r\n<h2>Vikten av skydd<\/h2>\r\nAtt skydda din 100% neodymmagnet Hardcore \u00e4r viktigt. Anv\u00e4ndning av magneten kan leda till repor, sprickor eller annan skada. D\u00e4rf\u00f6r inkluderar vi ett skyddsh\u00f6lje i detta Girl Power Kit. Det \u00e4r tillverkat av rostfritt st\u00e5l, vilket s\u00e4kerst\u00e4ller att magneten f\u00f6rblir magnetisk. Observera att undersidan av magneten fortfarande \u00e4r s\u00e5rbar.\r\n<h2>Anv\u00e4nd produkten f\u00f6rsiktigt<\/h2>\r\nAnv\u00e4ndningen av neodym i v\u00e5ra produkter resulterar i mycket starka magneter. N\u00e4r j\u00e4rnf\u00f6rem\u00e5l kommer n\u00e4ra kan de dras till magneten extremt snabbt. Var medveten om att din hand eller fingrar kan fastna mellan f\u00f6rem\u00e5len. Anv\u00e4ndning av dessa magneter sker p\u00e5 egen risk och barn b\u00f6r alltid \u00f6vervakas av vuxen. Det \u00e4r klokt att l\u00e4sa v\u00e5ra <a href=\"https:\/\/magnetarmagnets.com\/how-do-you-use-fishing-magnets-in-a-safe-way\/?v=796834e7a283\">s\u00e4kerhetsvarningar<\/a> f\u00f6re anv\u00e4ndning.\r\n<h2>Letar du efter mer?<\/h2>\r\nRedo f\u00f6r en \u00e4nnu st\u00f6rre allroundmagnet i ett komplett paket? Kolla in v\u00e5rt <a href=\"https:\/\/magnetarmagnets.com\/sv\/shop\/expertpaket-terror-360-fiskemagnet-set-1000-kg-2200-lb-dragkraft\/\" target=\"_blank\" rel=\"noopener\">Expertpaket<\/a> med en av de starkaste magneterna vi erbjuder: Terror-fiskemagneten. Letar du efter ett passande paket f\u00f6r barn? Se <a href=\"https:\/\/magnetarmagnets.com\/sv\/shop\/barnpaket-fiskemagnet-110-kg-250-lb-ensidig\/\" target=\"_blank\" rel=\"noopener\">Barnpaketet<\/a> f\u00f6r de yngre eller Startpaketet f\u00f6r \u00e4ldre barn.\r\n\r\nGl\u00f6m inte att kolla in de <a href=\"https:\/\/magnetarmagnets.com\/sv\/magnetfiskekit\/\" target=\"_blank\" rel=\"noopener\">b\u00e4sta magnetfiskeseten<\/a> och v\u00e5r <a href=\"https:\/\/magnetarmagnets.com\/sv\/magnetfiskeutrustning\/\" target=\"_blank\" rel=\"noopener\">magnetfiskeutrustning<\/a>.","protected":false},"excerpt":{"rendered":"<p>Kom ig\u00e5ng med magnetfiske med Girl Power Kit. Detta paket inneh\u00e5ller den <strong>Hardcore Allround 360\u00b0-magneten p\u00e5 1300 lb \/ 600 kg<\/strong>, ett Hardcore-skyddsh\u00f6lje, en rosa Magnetar-keps, 8 mm rep, handskar och lim. <strong>Allt du beh\u00f6ver<\/strong> f\u00f6r att b\u00f6rja ditt magnetfiske\u00e4ventyr!<\/p>\n","protected":false},"featured_media":65460,"comment_status":"open","ping_status":"closed","template":"","meta":{"_acf_changed":false,"inline_featured_image":false},"product_brand":[],"product_cat":[266,261,279,277,267,167],"product_tag":[],"class_list":{"0":"post-67454","1":"product","2":"type-product","3":"status-publish","4":"has-post-thumbnail","6":"product_cat-allround-360-fiske-magneter","7":"product_cat-fiske-magneter","8":"product_cat-for-avancerade-aventyrare-sv","9":"product_cat-nyborjare-barn","10":"product_cat-magnetfiske-kit","11":"product_cat-okategoriserad","13":"first","14":"instock","15":"sale","16":"taxable","17":"shipping-taxable","18":"purchasable","19":"product-type-simple"},"acf":[],"yoast_head":"<!-- This site is optimized with the Yoast SEO plugin v27.4 - https:\/\/yoast.com\/product\/yoast-seo-wordpress\/ -->\n<title>Girl Power Kit \u2013 1300 lb \/ 600 kg \u2013 Hardcore Allround 360\u00b0<\/title>\n<meta name=\"description\" content=\"Magnetfiske f\u00f6r tjejer? V\u00e5rt Girl Power Kit \u00e4r perfekt f\u00f6r kvinnor som vill ta sin skattjaktshobby till n\u00e4sta niv\u00e5!\" \/>\n<meta name=\"robots\" content=\"index, follow, max-snippet:-1, max-image-preview:large, max-video-preview:-1\" \/>\n<link rel=\"canonical\" href=\"https:\/\/magnetarmagnets.com\/sv\/shop\/girl-power-kit-fiskemagnet-set-1300-lb-600-kg-hardcore-allround-360\/\" \/>\n<meta property=\"og:locale\" content=\"sv_SE\" \/>\n<meta property=\"og:type\" content=\"article\" \/>\n<meta property=\"og:title\" content=\"Girl Power Kit \u2013 1300 lb \/ 600 kg \u2013 Hardcore Allround 360\u00b0\" \/>\n<meta property=\"og:description\" content=\"Magnetfiske f\u00f6r tjejer? V\u00e5rt Girl Power Kit \u00e4r perfekt f\u00f6r kvinnor som vill ta sin skattjaktshobby till n\u00e4sta niv\u00e5!\" \/>\n<meta property=\"og:url\" content=\"https:\/\/magnetarmagnets.com\/sv\/shop\/girl-power-kit-fiskemagnet-set-1300-lb-600-kg-hardcore-allround-360\/\" \/>\n<meta property=\"og:site_name\" content=\"Magnet fishing with a Magnetar fishing magnet\" \/>\n<meta property=\"article:publisher\" content=\"https:\/\/www.facebook.com\/fishingmagnets\/\" \/>\n<meta property=\"article:modified_time\" content=\"2026-04-14T19:49:44+00:00\" \/>\n<meta property=\"og:image\" content=\"https:\/\/magnetarmagnets.com\/wp-content\/uploads\/2021\/10\/Kopie-van-MAGNETAR-KIT-CANVA-1.png\" \/>\n\t<meta property=\"og:image:width\" content=\"1500\" \/>\n\t<meta property=\"og:image:height\" content=\"1500\" \/>\n\t<meta property=\"og:image:type\" content=\"image\/png\" \/>\n<meta name=\"twitter:card\" content=\"summary_large_image\" \/>\n<meta name=\"twitter:label1\" content=\"Ber\u00e4knad l\u00e4stid\" \/>\n\t<meta name=\"twitter:data1\" content=\"4 minuter\" \/>\n<script type=\"application\/ld+json\" class=\"yoast-schema-graph\">{\"@context\":\"https:\\\/\\\/schema.org\",\"@graph\":[{\"@type\":[\"WebPage\",\"ItemPage\"],\"@id\":\"https:\\\/\\\/magnetarmagnets.com\\\/sv\\\/shop\\\/girl-power-kit-fiskemagnet-set-1300-lb-600-kg-hardcore-allround-360\\\/\",\"url\":\"https:\\\/\\\/magnetarmagnets.com\\\/sv\\\/shop\\\/girl-power-kit-fiskemagnet-set-1300-lb-600-kg-hardcore-allround-360\\\/\",\"name\":\"Girl Power Kit \u2013 1300 lb \\\/ 600 kg \u2013 Hardcore Allround 360\u00b0\",\"isPartOf\":{\"@id\":\"https:\\\/\\\/magnetarmagnets.com\\\/sv\\\/#website\"},\"primaryImageOfPage\":{\"@id\":\"https:\\\/\\\/magnetarmagnets.com\\\/sv\\\/shop\\\/girl-power-kit-fiskemagnet-set-1300-lb-600-kg-hardcore-allround-360\\\/#primaryimage\"},\"image\":{\"@id\":\"https:\\\/\\\/magnetarmagnets.com\\\/sv\\\/shop\\\/girl-power-kit-fiskemagnet-set-1300-lb-600-kg-hardcore-allround-360\\\/#primaryimage\"},\"thumbnailUrl\":\"https:\\\/\\\/magnetarmagnets.com\\\/wp-content\\\/uploads\\\/2021\\\/10\\\/Kopie-van-MAGNETAR-KIT-CANVA-1.png\",\"datePublished\":\"2025-06-05T07:54:16+00:00\",\"dateModified\":\"2026-04-14T19:49:44+00:00\",\"description\":\"Magnetfiske f\u00f6r tjejer? V\u00e5rt Girl Power Kit \u00e4r perfekt f\u00f6r kvinnor som vill ta sin skattjaktshobby till n\u00e4sta niv\u00e5!\",\"breadcrumb\":{\"@id\":\"https:\\\/\\\/magnetarmagnets.com\\\/sv\\\/shop\\\/girl-power-kit-fiskemagnet-set-1300-lb-600-kg-hardcore-allround-360\\\/#breadcrumb\"},\"inLanguage\":\"sv-SE\",\"potentialAction\":[{\"@type\":\"ReadAction\",\"target\":[\"https:\\\/\\\/magnetarmagnets.com\\\/sv\\\/shop\\\/girl-power-kit-fiskemagnet-set-1300-lb-600-kg-hardcore-allround-360\\\/\"]}]},{\"@type\":\"ImageObject\",\"inLanguage\":\"sv-SE\",\"@id\":\"https:\\\/\\\/magnetarmagnets.com\\\/sv\\\/shop\\\/girl-power-kit-fiskemagnet-set-1300-lb-600-kg-hardcore-allround-360\\\/#primaryimage\",\"url\":\"https:\\\/\\\/magnetarmagnets.com\\\/wp-content\\\/uploads\\\/2021\\\/10\\\/Kopie-van-MAGNETAR-KIT-CANVA-1.png\",\"contentUrl\":\"https:\\\/\\\/magnetarmagnets.com\\\/wp-content\\\/uploads\\\/2021\\\/10\\\/Kopie-van-MAGNETAR-KIT-CANVA-1.png\",\"width\":1500,\"height\":1500},{\"@type\":\"BreadcrumbList\",\"@id\":\"https:\\\/\\\/magnetarmagnets.com\\\/sv\\\/shop\\\/girl-power-kit-fiskemagnet-set-1300-lb-600-kg-hardcore-allround-360\\\/#breadcrumb\",\"itemListElement\":[{\"@type\":\"ListItem\",\"position\":1,\"name\":\"Home\",\"item\":\"https:\\\/\\\/magnetarmagnets.com\\\/sv\\\/\"},{\"@type\":\"ListItem\",\"position\":2,\"name\":\"Butik\",\"item\":\"https:\\\/\\\/magnetarmagnets.com\\\/sv\\\/butik\\\/\"},{\"@type\":\"ListItem\",\"position\":3,\"name\":\"Fiske magneter\",\"item\":\"https:\\\/\\\/magnetarmagnets.com\\\/sv\\\/collections\\\/fiske-magneter\\\/\"},{\"@type\":\"ListItem\",\"position\":4,\"name\":\"Allround 360 fiske magneter\",\"item\":\"https:\\\/\\\/magnetarmagnets.com\\\/sv\\\/collections\\\/fiske-magneter\\\/allround-360-fiske-magneter\\\/\"},{\"@type\":\"ListItem\",\"position\":5,\"name\":\"Girl Power Kit \u2013 fiskemagnet set &#8211; 600 kg \u2013 Hardcore Allround 360\u00b0\"}]},{\"@type\":\"WebSite\",\"@id\":\"https:\\\/\\\/magnetarmagnets.com\\\/sv\\\/#website\",\"url\":\"https:\\\/\\\/magnetarmagnets.com\\\/sv\\\/\",\"name\":\"Magnet fishing with a Magnetar fishing magnet\",\"description\":\"Kraftfulla magneter f\u00f6r magnetfiske\",\"publisher\":{\"@id\":\"https:\\\/\\\/magnetarmagnets.com\\\/sv\\\/#organization\"},\"potentialAction\":[{\"@type\":\"SearchAction\",\"target\":{\"@type\":\"EntryPoint\",\"urlTemplate\":\"https:\\\/\\\/magnetarmagnets.com\\\/sv\\\/?s={search_term_string}\"},\"query-input\":{\"@type\":\"PropertyValueSpecification\",\"valueRequired\":true,\"valueName\":\"search_term_string\"}}],\"inLanguage\":\"sv-SE\"},{\"@type\":\"Organization\",\"@id\":\"https:\\\/\\\/magnetarmagnets.com\\\/sv\\\/#organization\",\"name\":\"Magnetar\",\"url\":\"https:\\\/\\\/magnetarmagnets.com\\\/sv\\\/\",\"logo\":{\"@type\":\"ImageObject\",\"inLanguage\":\"sv-SE\",\"@id\":\"https:\\\/\\\/magnetarmagnets.com\\\/sv\\\/#\\\/schema\\\/logo\\\/image\\\/\",\"url\":\"https:\\\/\\\/magnetarmagnets.com\\\/wp-content\\\/uploads\\\/2025\\\/05\\\/Logo-03_PNG-Black-scaled.png\",\"contentUrl\":\"https:\\\/\\\/magnetarmagnets.com\\\/wp-content\\\/uploads\\\/2025\\\/05\\\/Logo-03_PNG-Black-scaled.png\",\"width\":2560,\"height\":1658,\"caption\":\"Magnetar\"},\"image\":{\"@id\":\"https:\\\/\\\/magnetarmagnets.com\\\/sv\\\/#\\\/schema\\\/logo\\\/image\\\/\"},\"sameAs\":[\"https:\\\/\\\/www.facebook.com\\\/fishingmagnets\\\/\",\"https:\\\/\\\/www.instagram.com\\\/magnetar_magnets\\\/\",\"https:\\\/\\\/www.linkedin.com\\\/company\\\/magnetarbv\\\/?originalSubdomain=nl\",\"https:\\\/\\\/www.youtube.com\\\/c\\\/MagnetarVismagneet\"]}]}<\/script>\n<!-- \/ Yoast SEO plugin. -->","yoast_head_json":{"title":"Girl Power Kit \u2013 1300 lb \/ 600 kg \u2013 Hardcore Allround 360\u00b0","description":"Magnetfiske f\u00f6r tjejer? V\u00e5rt Girl Power Kit \u00e4r perfekt f\u00f6r kvinnor som vill ta sin skattjaktshobby till n\u00e4sta niv\u00e5!","robots":{"index":"index","follow":"follow","max-snippet":"max-snippet:-1","max-image-preview":"max-image-preview:large","max-video-preview":"max-video-preview:-1"},"canonical":"https:\/\/magnetarmagnets.com\/sv\/shop\/girl-power-kit-fiskemagnet-set-1300-lb-600-kg-hardcore-allround-360\/","og_locale":"sv_SE","og_type":"article","og_title":"Girl Power Kit \u2013 1300 lb \/ 600 kg \u2013 Hardcore Allround 360\u00b0","og_description":"Magnetfiske f\u00f6r tjejer? V\u00e5rt Girl Power Kit \u00e4r perfekt f\u00f6r kvinnor som vill ta sin skattjaktshobby till n\u00e4sta niv\u00e5!","og_url":"https:\/\/magnetarmagnets.com\/sv\/shop\/girl-power-kit-fiskemagnet-set-1300-lb-600-kg-hardcore-allround-360\/","og_site_name":"Magnet fishing with a Magnetar fishing magnet","article_publisher":"https:\/\/www.facebook.com\/fishingmagnets\/","article_modified_time":"2026-04-14T19:49:44+00:00","og_image":[{"width":1500,"height":1500,"url":"https:\/\/magnetarmagnets.com\/wp-content\/uploads\/2021\/10\/Kopie-van-MAGNETAR-KIT-CANVA-1.png","type":"image\/png"}],"twitter_card":"summary_large_image","twitter_misc":{"Ber\u00e4knad l\u00e4stid":"4 minuter"},"schema":{"@context":"https:\/\/schema.org","@graph":[{"@type":["WebPage","ItemPage"],"@id":"https:\/\/magnetarmagnets.com\/sv\/shop\/girl-power-kit-fiskemagnet-set-1300-lb-600-kg-hardcore-allround-360\/","url":"https:\/\/magnetarmagnets.com\/sv\/shop\/girl-power-kit-fiskemagnet-set-1300-lb-600-kg-hardcore-allround-360\/","name":"Girl Power Kit \u2013 1300 lb \/ 600 kg \u2013 Hardcore Allround 360\u00b0","isPartOf":{"@id":"https:\/\/magnetarmagnets.com\/sv\/#website"},"primaryImageOfPage":{"@id":"https:\/\/magnetarmagnets.com\/sv\/shop\/girl-power-kit-fiskemagnet-set-1300-lb-600-kg-hardcore-allround-360\/#primaryimage"},"image":{"@id":"https:\/\/magnetarmagnets.com\/sv\/shop\/girl-power-kit-fiskemagnet-set-1300-lb-600-kg-hardcore-allround-360\/#primaryimage"},"thumbnailUrl":"https:\/\/magnetarmagnets.com\/wp-content\/uploads\/2021\/10\/Kopie-van-MAGNETAR-KIT-CANVA-1.png","datePublished":"2025-06-05T07:54:16+00:00","dateModified":"2026-04-14T19:49:44+00:00","description":"Magnetfiske f\u00f6r tjejer? V\u00e5rt Girl Power Kit \u00e4r perfekt f\u00f6r kvinnor som vill ta sin skattjaktshobby till n\u00e4sta niv\u00e5!","breadcrumb":{"@id":"https:\/\/magnetarmagnets.com\/sv\/shop\/girl-power-kit-fiskemagnet-set-1300-lb-600-kg-hardcore-allround-360\/#breadcrumb"},"inLanguage":"sv-SE","potentialAction":[{"@type":"ReadAction","target":["https:\/\/magnetarmagnets.com\/sv\/shop\/girl-power-kit-fiskemagnet-set-1300-lb-600-kg-hardcore-allround-360\/"]}]},{"@type":"ImageObject","inLanguage":"sv-SE","@id":"https:\/\/magnetarmagnets.com\/sv\/shop\/girl-power-kit-fiskemagnet-set-1300-lb-600-kg-hardcore-allround-360\/#primaryimage","url":"https:\/\/magnetarmagnets.com\/wp-content\/uploads\/2021\/10\/Kopie-van-MAGNETAR-KIT-CANVA-1.png","contentUrl":"https:\/\/magnetarmagnets.com\/wp-content\/uploads\/2021\/10\/Kopie-van-MAGNETAR-KIT-CANVA-1.png","width":1500,"height":1500},{"@type":"BreadcrumbList","@id":"https:\/\/magnetarmagnets.com\/sv\/shop\/girl-power-kit-fiskemagnet-set-1300-lb-600-kg-hardcore-allround-360\/#breadcrumb","itemListElement":[{"@type":"ListItem","position":1,"name":"Home","item":"https:\/\/magnetarmagnets.com\/sv\/"},{"@type":"ListItem","position":2,"name":"Butik","item":"https:\/\/magnetarmagnets.com\/sv\/butik\/"},{"@type":"ListItem","position":3,"name":"Fiske magneter","item":"https:\/\/magnetarmagnets.com\/sv\/collections\/fiske-magneter\/"},{"@type":"ListItem","position":4,"name":"Allround 360 fiske magneter","item":"https:\/\/magnetarmagnets.com\/sv\/collections\/fiske-magneter\/allround-360-fiske-magneter\/"},{"@type":"ListItem","position":5,"name":"Girl Power Kit \u2013 fiskemagnet set &#8211; 600 kg \u2013 Hardcore Allround 360\u00b0"}]},{"@type":"WebSite","@id":"https:\/\/magnetarmagnets.com\/sv\/#website","url":"https:\/\/magnetarmagnets.com\/sv\/","name":"Magnet fishing with a Magnetar fishing magnet","description":"Kraftfulla magneter f\u00f6r magnetfiske","publisher":{"@id":"https:\/\/magnetarmagnets.com\/sv\/#organization"},"potentialAction":[{"@type":"SearchAction","target":{"@type":"EntryPoint","urlTemplate":"https:\/\/magnetarmagnets.com\/sv\/?s={search_term_string}"},"query-input":{"@type":"PropertyValueSpecification","valueRequired":true,"valueName":"search_term_string"}}],"inLanguage":"sv-SE"},{"@type":"Organization","@id":"https:\/\/magnetarmagnets.com\/sv\/#organization","name":"Magnetar","url":"https:\/\/magnetarmagnets.com\/sv\/","logo":{"@type":"ImageObject","inLanguage":"sv-SE","@id":"https:\/\/magnetarmagnets.com\/sv\/#\/schema\/logo\/image\/","url":"https:\/\/magnetarmagnets.com\/wp-content\/uploads\/2025\/05\/Logo-03_PNG-Black-scaled.png","contentUrl":"https:\/\/magnetarmagnets.com\/wp-content\/uploads\/2025\/05\/Logo-03_PNG-Black-scaled.png","width":2560,"height":1658,"caption":"Magnetar"},"image":{"@id":"https:\/\/magnetarmagnets.com\/sv\/#\/schema\/logo\/image\/"},"sameAs":["https:\/\/www.facebook.com\/fishingmagnets\/","https:\/\/www.instagram.com\/magnetar_magnets\/","https:\/\/www.linkedin.com\/company\/magnetarbv\/?originalSubdomain=nl","https:\/\/www.youtube.com\/c\/MagnetarVismagneet"]}]}},"_links":{"self":[{"href":"https:\/\/magnetarmagnets.com\/sv\/wp-json\/wp\/v2\/product\/67454","targetHints":{"allow":["GET"]}}],"collection":[{"href":"https:\/\/magnetarmagnets.com\/sv\/wp-json\/wp\/v2\/product"}],"about":[{"href":"https:\/\/magnetarmagnets.com\/sv\/wp-json\/wp\/v2\/types\/product"}],"replies":[{"embeddable":true,"href":"https:\/\/magnetarmagnets.com\/sv\/wp-json\/wp\/v2\/comments?post=67454"}],"version-history":[{"count":0,"href":"https:\/\/magnetarmagnets.com\/sv\/wp-json\/wp\/v2\/product\/67454\/revisions"}],"wp:featuredmedia":[{"embeddable":true,"href":"https:\/\/magnetarmagnets.com\/sv\/wp-json\/wp\/v2\/media\/65460"}],"wp:attachment":[{"href":"https:\/\/magnetarmagnets.com\/sv\/wp-json\/wp\/v2\/media?parent=67454"}],"wp:term":[{"taxonomy":"product_brand","embeddable":true,"href":"https:\/\/magnetarmagnets.com\/sv\/wp-json\/wp\/v2\/product_brand?post=67454"},{"taxonomy":"product_cat","embeddable":true,"href":"https:\/\/magnetarmagnets.com\/sv\/wp-json\/wp\/v2\/product_cat?post=67454"},{"taxonomy":"product_tag","embeddable":true,"href":"https:\/\/magnetarmagnets.com\/sv\/wp-json\/wp\/v2\/product_tag?post=67454"}],"curies":[{"name":"wp","href":"https:\/\/api.w.org\/{rel}","templated":true}]}}