{"id":67453,"date":"2025-06-05T09:54:15","date_gmt":"2025-06-05T07:54:15","guid":{"rendered":"https:\/\/magnetarmagnets.com\/?post_type=product&#038;p=67453"},"modified":"2026-04-03T19:19:38","modified_gmt":"2026-04-03T17:19:38","slug":"skyddsholje-for-360-allround-magnet","status":"publish","type":"product","link":"https:\/\/magnetarmagnets.com\/sv\/shop\/skyddsholje-for-360-allround-magnet\/","title":{"rendered":"Skyddsh\u00f6lje f\u00f6r 360\u00b0 allround-magnet"},"content":{"rendered":"<h2><strong>Skyddsh\u00f6ljen f\u00f6r allround 360\u00b0-magneter<\/strong><\/h2>\r\nDet perfekta tillbeh\u00f6ret f\u00f6r magnetfiskare som vill skydda sina neodymmagneter under anv\u00e4ndning. Dessa h\u00e5llbara h\u00f6ljen \u00e4r speciellt utformade f\u00f6r att passa perfekt p\u00e5 magneten och ge ett extra skydd mot repor, sprickor och annan skada. V\u00e5ra skyddsh\u00f6ljen \u00e4r byggda f\u00f6r att h\u00e5lla och t\u00e5l de tuffaste f\u00f6rh\u00e5llanden. Skyddsh\u00f6ljet \u00e4r tillverkat av rostfritt st\u00e5l. Detta s\u00e4kerst\u00e4ller att din magnet f\u00f6rblir 360\u00b0 magnetisk (max. 5 % av dragkraften g\u00e5r f\u00f6rlorad). Med v\u00e5ra skyddsh\u00f6ljen kan du njuta av magnetfiske utan att oroa dig f\u00f6r skador p\u00e5 din v\u00e4rdefulla fiskemagnet. Best\u00e4ll ditt skyddsh\u00f6lje idag och upplev tryggheten i att veta att din magnet \u00e4r skyddad.\r\n\r\n(Observera att magnetens undersida inte skyddas av h\u00f6ljet)\r\n\r\nMagnetar\u00ae 360\u00b0-magneter \u00e4r \u00f6mt\u00e5liga, detta \u00e4r inte ett produktionsfel utan en produktkarakt\u00e4ristik. Magneter tillverkas av magnetpulver (neodym) som pressas ihop. N\u00e4r en oskyddad magnet kastas mot en sten kan delar sl\u00e5 av. Skydda d\u00e4rf\u00f6r magneten med ett l\u00e4mpligt skyddsh\u00f6lje och f\u00f6rl\u00e4ng magnetens livsl\u00e4ngd. Dragkraften minskar med 5 % p\u00e5 grund av skyddsh\u00f6ljet.\r\n<h2><strong>Vi rekommenderar starkt att du anv\u00e4nder v\u00e5ra skyddsh\u00f6ljen:<\/strong><\/h2>\r\n\u2022 F\u00f6rl\u00e4nger magnetens livsl\u00e4ngd\r\n\u2022 Mindre skador vid fall mot marken\r\n\u2022 Skyddar mot smulning.\r\n\r\nGl\u00f6m inte att kolla in alla v\u00e5ra <a href=\"https:\/\/magnetarmagnets.com\/\" target=\"_blank\" rel=\"noopener\">magnetfiske-produkter<\/a> och v\u00e5ra <a href=\"https:\/\/magnetarmmagnets.com\/collections\/fishing-magnets\/magnet-fishing-kit\/\" target=\"_blank\" rel=\"noopener\">magnetfiskesatser<\/a>. Skyddsh\u00f6ljet ing\u00e5r i paketen med 360\u00b0-magneter.","protected":false},"excerpt":{"rendered":"<p><span style=\"font-weight: 400;\">Vi rekommenderar starkt att <strong>skydda<\/strong> din allround 360\u00b0-magnet f\u00f6r magnetfiske.<\/span><\/p>\n","protected":false},"featured_media":70741,"comment_status":"open","ping_status":"closed","template":"","meta":{"_acf_changed":false,"inline_featured_image":false},"product_brand":[],"product_cat":[239,268,167],"product_tag":[],"class_list":{"0":"post-67453","1":"product","2":"type-product","3":"status-publish","4":"has-post-thumbnail","6":"product_cat-magnet-fishing-gear-accessories-3","7":"product_cat-utrustning","8":"product_cat-okategoriserad","10":"first","11":"instock","12":"taxable","13":"shipping-taxable","14":"purchasable","15":"product-type-variable"},"acf":[],"yoast_head":"<!-- This site is optimized with the Yoast SEO plugin v27.4 - https:\/\/yoast.com\/product\/yoast-seo-wordpress\/ -->\n<title>Skyddsh\u00f6lje f\u00f6r 360\u00b0 allround-magnet - Magnet fishing with a Magnetar fishing magnet<\/title>\n<meta name=\"description\" content=\"Skyddsh\u00f6ljen f\u00f6r 360\u00b0 allround-magneter - Magnetar\" \/>\n<meta name=\"robots\" content=\"index, follow, max-snippet:-1, max-image-preview:large, max-video-preview:-1\" \/>\n<link rel=\"canonical\" href=\"https:\/\/magnetarmagnets.com\/sv\/shop\/skyddsholje-for-360-allround-magnet\/\" \/>\n<meta property=\"og:locale\" content=\"sv_SE\" \/>\n<meta property=\"og:type\" content=\"article\" \/>\n<meta property=\"og:title\" content=\"Skyddsh\u00f6lje f\u00f6r 360\u00b0 allround-magnet - Magnet fishing with a Magnetar fishing magnet\" \/>\n<meta property=\"og:description\" content=\"Skyddsh\u00f6ljen f\u00f6r 360\u00b0 allround-magneter - Magnetar\" \/>\n<meta property=\"og:url\" content=\"https:\/\/magnetarmagnets.com\/sv\/shop\/skyddsholje-for-360-allround-magnet\/\" \/>\n<meta property=\"og:site_name\" content=\"Magnet fishing with a Magnetar fishing magnet\" \/>\n<meta property=\"article:publisher\" content=\"https:\/\/www.facebook.com\/fishingmagnets\/\" \/>\n<meta property=\"article:modified_time\" content=\"2026-04-03T17:19:38+00:00\" \/>\n<meta property=\"og:image\" content=\"https:\/\/magnetarmagnets.com\/wp-content\/uploads\/2018\/09\/2887.jpg\" \/>\n\t<meta property=\"og:image:width\" content=\"1000\" \/>\n\t<meta property=\"og:image:height\" content=\"1000\" \/>\n\t<meta property=\"og:image:type\" content=\"image\/jpeg\" \/>\n<meta name=\"twitter:card\" content=\"summary_large_image\" \/>\n<meta name=\"twitter:label1\" content=\"Ber\u00e4knad l\u00e4stid\" \/>\n\t<meta name=\"twitter:data1\" content=\"2 minuter\" \/>\n<script type=\"application\/ld+json\" class=\"yoast-schema-graph\">{\"@context\":\"https:\\\/\\\/schema.org\",\"@graph\":[{\"@type\":[\"WebPage\",\"ItemPage\"],\"@id\":\"https:\\\/\\\/magnetarmagnets.com\\\/sv\\\/shop\\\/skyddsholje-for-360-allround-magnet\\\/\",\"url\":\"https:\\\/\\\/magnetarmagnets.com\\\/sv\\\/shop\\\/skyddsholje-for-360-allround-magnet\\\/\",\"name\":\"Skyddsh\u00f6lje f\u00f6r 360\u00b0 allround-magnet - Magnet fishing with a Magnetar fishing magnet\",\"isPartOf\":{\"@id\":\"https:\\\/\\\/magnetarmagnets.com\\\/sv\\\/#website\"},\"primaryImageOfPage\":{\"@id\":\"https:\\\/\\\/magnetarmagnets.com\\\/sv\\\/shop\\\/skyddsholje-for-360-allround-magnet\\\/#primaryimage\"},\"image\":{\"@id\":\"https:\\\/\\\/magnetarmagnets.com\\\/sv\\\/shop\\\/skyddsholje-for-360-allround-magnet\\\/#primaryimage\"},\"thumbnailUrl\":\"https:\\\/\\\/magnetarmagnets.com\\\/wp-content\\\/uploads\\\/2018\\\/09\\\/2887.jpg\",\"datePublished\":\"2025-06-05T07:54:15+00:00\",\"dateModified\":\"2026-04-03T17:19:38+00:00\",\"description\":\"Skyddsh\u00f6ljen f\u00f6r 360\u00b0 allround-magneter - Magnetar\",\"breadcrumb\":{\"@id\":\"https:\\\/\\\/magnetarmagnets.com\\\/sv\\\/shop\\\/skyddsholje-for-360-allround-magnet\\\/#breadcrumb\"},\"inLanguage\":\"sv-SE\",\"potentialAction\":[{\"@type\":\"ReadAction\",\"target\":[\"https:\\\/\\\/magnetarmagnets.com\\\/sv\\\/shop\\\/skyddsholje-for-360-allround-magnet\\\/\"]}]},{\"@type\":\"ImageObject\",\"inLanguage\":\"sv-SE\",\"@id\":\"https:\\\/\\\/magnetarmagnets.com\\\/sv\\\/shop\\\/skyddsholje-for-360-allround-magnet\\\/#primaryimage\",\"url\":\"https:\\\/\\\/magnetarmagnets.com\\\/wp-content\\\/uploads\\\/2018\\\/09\\\/2887.jpg\",\"contentUrl\":\"https:\\\/\\\/magnetarmagnets.com\\\/wp-content\\\/uploads\\\/2018\\\/09\\\/2887.jpg\",\"width\":1000,\"height\":1000,\"caption\":\"Protection cover fishing magnets\"},{\"@type\":\"BreadcrumbList\",\"@id\":\"https:\\\/\\\/magnetarmagnets.com\\\/sv\\\/shop\\\/skyddsholje-for-360-allround-magnet\\\/#breadcrumb\",\"itemListElement\":[{\"@type\":\"ListItem\",\"position\":1,\"name\":\"Home\",\"item\":\"https:\\\/\\\/magnetarmagnets.com\\\/sv\\\/\"},{\"@type\":\"ListItem\",\"position\":2,\"name\":\"Butik\",\"item\":\"https:\\\/\\\/magnetarmagnets.com\\\/sv\\\/butik\\\/\"},{\"@type\":\"ListItem\",\"position\":3,\"name\":\"magnetfiskeutrustning\",\"item\":\"https:\\\/\\\/magnetarmagnets.com\\\/sv\\\/collections\\\/magnetfiskeutrustning-tillbehor-2-2\\\/\"},{\"@type\":\"ListItem\",\"position\":4,\"name\":\"Skyddsh\u00f6lje f\u00f6r 360\u00b0 allround-magnet\"}]},{\"@type\":\"WebSite\",\"@id\":\"https:\\\/\\\/magnetarmagnets.com\\\/sv\\\/#website\",\"url\":\"https:\\\/\\\/magnetarmagnets.com\\\/sv\\\/\",\"name\":\"Magnet fishing with a Magnetar fishing magnet\",\"description\":\"Kraftfulla magneter f\u00f6r magnetfiske\",\"publisher\":{\"@id\":\"https:\\\/\\\/magnetarmagnets.com\\\/sv\\\/#organization\"},\"potentialAction\":[{\"@type\":\"SearchAction\",\"target\":{\"@type\":\"EntryPoint\",\"urlTemplate\":\"https:\\\/\\\/magnetarmagnets.com\\\/sv\\\/?s={search_term_string}\"},\"query-input\":{\"@type\":\"PropertyValueSpecification\",\"valueRequired\":true,\"valueName\":\"search_term_string\"}}],\"inLanguage\":\"sv-SE\"},{\"@type\":\"Organization\",\"@id\":\"https:\\\/\\\/magnetarmagnets.com\\\/sv\\\/#organization\",\"name\":\"Magnetar\",\"url\":\"https:\\\/\\\/magnetarmagnets.com\\\/sv\\\/\",\"logo\":{\"@type\":\"ImageObject\",\"inLanguage\":\"sv-SE\",\"@id\":\"https:\\\/\\\/magnetarmagnets.com\\\/sv\\\/#\\\/schema\\\/logo\\\/image\\\/\",\"url\":\"https:\\\/\\\/magnetarmagnets.com\\\/wp-content\\\/uploads\\\/2025\\\/05\\\/Logo-03_PNG-Black-scaled.png\",\"contentUrl\":\"https:\\\/\\\/magnetarmagnets.com\\\/wp-content\\\/uploads\\\/2025\\\/05\\\/Logo-03_PNG-Black-scaled.png\",\"width\":2560,\"height\":1658,\"caption\":\"Magnetar\"},\"image\":{\"@id\":\"https:\\\/\\\/magnetarmagnets.com\\\/sv\\\/#\\\/schema\\\/logo\\\/image\\\/\"},\"sameAs\":[\"https:\\\/\\\/www.facebook.com\\\/fishingmagnets\\\/\",\"https:\\\/\\\/www.instagram.com\\\/magnetar_magnets\\\/\",\"https:\\\/\\\/www.linkedin.com\\\/company\\\/magnetarbv\\\/?originalSubdomain=nl\",\"https:\\\/\\\/www.youtube.com\\\/c\\\/MagnetarVismagneet\"]}]}<\/script>\n<!-- \/ Yoast SEO plugin. -->","yoast_head_json":{"title":"Skyddsh\u00f6lje f\u00f6r 360\u00b0 allround-magnet - Magnet fishing with a Magnetar fishing magnet","description":"Skyddsh\u00f6ljen f\u00f6r 360\u00b0 allround-magneter - Magnetar","robots":{"index":"index","follow":"follow","max-snippet":"max-snippet:-1","max-image-preview":"max-image-preview:large","max-video-preview":"max-video-preview:-1"},"canonical":"https:\/\/magnetarmagnets.com\/sv\/shop\/skyddsholje-for-360-allround-magnet\/","og_locale":"sv_SE","og_type":"article","og_title":"Skyddsh\u00f6lje f\u00f6r 360\u00b0 allround-magnet - Magnet fishing with a Magnetar fishing magnet","og_description":"Skyddsh\u00f6ljen f\u00f6r 360\u00b0 allround-magneter - Magnetar","og_url":"https:\/\/magnetarmagnets.com\/sv\/shop\/skyddsholje-for-360-allround-magnet\/","og_site_name":"Magnet fishing with a Magnetar fishing magnet","article_publisher":"https:\/\/www.facebook.com\/fishingmagnets\/","article_modified_time":"2026-04-03T17:19:38+00:00","og_image":[{"width":1000,"height":1000,"url":"https:\/\/magnetarmagnets.com\/wp-content\/uploads\/2018\/09\/2887.jpg","type":"image\/jpeg"}],"twitter_card":"summary_large_image","twitter_misc":{"Ber\u00e4knad l\u00e4stid":"2 minuter"},"schema":{"@context":"https:\/\/schema.org","@graph":[{"@type":["WebPage","ItemPage"],"@id":"https:\/\/magnetarmagnets.com\/sv\/shop\/skyddsholje-for-360-allround-magnet\/","url":"https:\/\/magnetarmagnets.com\/sv\/shop\/skyddsholje-for-360-allround-magnet\/","name":"Skyddsh\u00f6lje f\u00f6r 360\u00b0 allround-magnet - Magnet fishing with a Magnetar fishing magnet","isPartOf":{"@id":"https:\/\/magnetarmagnets.com\/sv\/#website"},"primaryImageOfPage":{"@id":"https:\/\/magnetarmagnets.com\/sv\/shop\/skyddsholje-for-360-allround-magnet\/#primaryimage"},"image":{"@id":"https:\/\/magnetarmagnets.com\/sv\/shop\/skyddsholje-for-360-allround-magnet\/#primaryimage"},"thumbnailUrl":"https:\/\/magnetarmagnets.com\/wp-content\/uploads\/2018\/09\/2887.jpg","datePublished":"2025-06-05T07:54:15+00:00","dateModified":"2026-04-03T17:19:38+00:00","description":"Skyddsh\u00f6ljen f\u00f6r 360\u00b0 allround-magneter - Magnetar","breadcrumb":{"@id":"https:\/\/magnetarmagnets.com\/sv\/shop\/skyddsholje-for-360-allround-magnet\/#breadcrumb"},"inLanguage":"sv-SE","potentialAction":[{"@type":"ReadAction","target":["https:\/\/magnetarmagnets.com\/sv\/shop\/skyddsholje-for-360-allround-magnet\/"]}]},{"@type":"ImageObject","inLanguage":"sv-SE","@id":"https:\/\/magnetarmagnets.com\/sv\/shop\/skyddsholje-for-360-allround-magnet\/#primaryimage","url":"https:\/\/magnetarmagnets.com\/wp-content\/uploads\/2018\/09\/2887.jpg","contentUrl":"https:\/\/magnetarmagnets.com\/wp-content\/uploads\/2018\/09\/2887.jpg","width":1000,"height":1000,"caption":"Protection cover fishing magnets"},{"@type":"BreadcrumbList","@id":"https:\/\/magnetarmagnets.com\/sv\/shop\/skyddsholje-for-360-allround-magnet\/#breadcrumb","itemListElement":[{"@type":"ListItem","position":1,"name":"Home","item":"https:\/\/magnetarmagnets.com\/sv\/"},{"@type":"ListItem","position":2,"name":"Butik","item":"https:\/\/magnetarmagnets.com\/sv\/butik\/"},{"@type":"ListItem","position":3,"name":"magnetfiskeutrustning","item":"https:\/\/magnetarmagnets.com\/sv\/collections\/magnetfiskeutrustning-tillbehor-2-2\/"},{"@type":"ListItem","position":4,"name":"Skyddsh\u00f6lje f\u00f6r 360\u00b0 allround-magnet"}]},{"@type":"WebSite","@id":"https:\/\/magnetarmagnets.com\/sv\/#website","url":"https:\/\/magnetarmagnets.com\/sv\/","name":"Magnet fishing with a Magnetar fishing magnet","description":"Kraftfulla magneter f\u00f6r magnetfiske","publisher":{"@id":"https:\/\/magnetarmagnets.com\/sv\/#organization"},"potentialAction":[{"@type":"SearchAction","target":{"@type":"EntryPoint","urlTemplate":"https:\/\/magnetarmagnets.com\/sv\/?s={search_term_string}"},"query-input":{"@type":"PropertyValueSpecification","valueRequired":true,"valueName":"search_term_string"}}],"inLanguage":"sv-SE"},{"@type":"Organization","@id":"https:\/\/magnetarmagnets.com\/sv\/#organization","name":"Magnetar","url":"https:\/\/magnetarmagnets.com\/sv\/","logo":{"@type":"ImageObject","inLanguage":"sv-SE","@id":"https:\/\/magnetarmagnets.com\/sv\/#\/schema\/logo\/image\/","url":"https:\/\/magnetarmagnets.com\/wp-content\/uploads\/2025\/05\/Logo-03_PNG-Black-scaled.png","contentUrl":"https:\/\/magnetarmagnets.com\/wp-content\/uploads\/2025\/05\/Logo-03_PNG-Black-scaled.png","width":2560,"height":1658,"caption":"Magnetar"},"image":{"@id":"https:\/\/magnetarmagnets.com\/sv\/#\/schema\/logo\/image\/"},"sameAs":["https:\/\/www.facebook.com\/fishingmagnets\/","https:\/\/www.instagram.com\/magnetar_magnets\/","https:\/\/www.linkedin.com\/company\/magnetarbv\/?originalSubdomain=nl","https:\/\/www.youtube.com\/c\/MagnetarVismagneet"]}]}},"_links":{"self":[{"href":"https:\/\/magnetarmagnets.com\/sv\/wp-json\/wp\/v2\/product\/67453","targetHints":{"allow":["GET"]}}],"collection":[{"href":"https:\/\/magnetarmagnets.com\/sv\/wp-json\/wp\/v2\/product"}],"about":[{"href":"https:\/\/magnetarmagnets.com\/sv\/wp-json\/wp\/v2\/types\/product"}],"replies":[{"embeddable":true,"href":"https:\/\/magnetarmagnets.com\/sv\/wp-json\/wp\/v2\/comments?post=67453"}],"version-history":[{"count":1,"href":"https:\/\/magnetarmagnets.com\/sv\/wp-json\/wp\/v2\/product\/67453\/revisions"}],"predecessor-version":[{"id":95244,"href":"https:\/\/magnetarmagnets.com\/sv\/wp-json\/wp\/v2\/product\/67453\/revisions\/95244"}],"wp:featuredmedia":[{"embeddable":true,"href":"https:\/\/magnetarmagnets.com\/sv\/wp-json\/wp\/v2\/media\/70741"}],"wp:attachment":[{"href":"https:\/\/magnetarmagnets.com\/sv\/wp-json\/wp\/v2\/media?parent=67453"}],"wp:term":[{"taxonomy":"product_brand","embeddable":true,"href":"https:\/\/magnetarmagnets.com\/sv\/wp-json\/wp\/v2\/product_brand?post=67453"},{"taxonomy":"product_cat","embeddable":true,"href":"https:\/\/magnetarmagnets.com\/sv\/wp-json\/wp\/v2\/product_cat?post=67453"},{"taxonomy":"product_tag","embeddable":true,"href":"https:\/\/magnetarmagnets.com\/sv\/wp-json\/wp\/v2\/product_tag?post=67453"}],"curies":[{"name":"wp","href":"https:\/\/api.w.org\/{rel}","templated":true}]}}