{"id":67451,"date":"2025-06-05T09:54:16","date_gmt":"2025-06-05T07:54:16","guid":{"rendered":"https:\/\/magnetarmagnets.com\/?post_type=product&#038;p=67451"},"modified":"2026-04-03T06:11:22","modified_gmt":"2026-04-03T04:11:22","slug":"beast-magnet-360-allround-fiskemagnet-1400-kg-dragkraft-perfekt-for-magnetfiske","status":"publish","type":"product","link":"https:\/\/magnetarmagnets.com\/sv\/shop\/beast-magnet-360-allround-fiskemagnet-1400-kg-dragkraft-perfekt-for-magnetfiske\/","title":{"rendered":"Beast-magnet \u2013 360\u00b0 allround-fiskemagnet, 1400 kg dragkraft \u2013 perfekt f\u00f6r magnetfiske"},"content":{"rendered":"<span style=\"font-weight: 400;\">* Skydda magneten med ett <a href=\"https:\/\/magnetarmagnets.com\/shop\/protection-cover-beast\/\" target=\"_blank\" rel=\"noopener\"><b>skyddsh\u00f6lje<\/b><\/a> under fisket. Utan ett skyddsh\u00f6lje kan magneten skadas vid h\u00e5rda st\u00f6tar. Skyddsh\u00f6ljet ing\u00e5r ej.<\/span>\r\n<h2><b>Beast Neodymium-fiskemagnet<\/b><\/h2>\r\n<span style=\"font-weight: 400;\">De positiva reaktionerna p\u00e5 v\u00e5ra <a href=\"https:\/\/magnetarmagnets.com\/shop\/hardcore-magnet-2\/\" target=\"_blank\" rel=\"noopener\">Hardcore<\/a>&#8211; och <a href=\"https:\/\/magnetarmagnets.com\/shop\/exclusive-terror-magnet\/\" target=\"_blank\" rel=\"noopener\">Terror<\/a>-magneter motiverade oss att utveckla en helt ny superkraft \u2013 Beast! Beast \u00e4r \u00e4nnu kraftfullare \u00e4n v\u00e5r Hardcore- och Terror-magnet; det \u00e4r inte bara starkt, det \u00e4r BEASTLY starkt. Beast-fiskemagneten \u00e4r den st\u00f6rre uppf\u00f6ljaren till den v\u00e4lk\u00e4nda Terror-magneten. Eftersom magneten \u00e4r tyngre sjunker den extra djupt i lera och slam. Detta g\u00f6r att magneten kan n\u00e5 djupare, sv\u00e5rare att f\u00e5 tag p\u00e5 f\u00f6rem\u00e5l.<\/span>\r\n\r\n<span style=\"font-weight: 400;\">Som en allround-fiskemagnet har Beast en dragkraft p\u00e5 cirka 350 kg (770 lb) per sida. Tillverkad av 100 % neodym, det starkaste permanenta s\u00e4llsynta jordartsmetallmaterialet, ger Beast optimal chans att f\u00e5nga metallf\u00f6rem\u00e5l n\u00e4ra och l\u00e5ngt bort.<\/span>\r\n\r\n<b>\u00c4r du en legendarisk magnetfiskare?<\/b> <span style=\"font-weight: 400;\">Eller vill du bli en legend? V\u00e5rt <\/span><a href=\"https:\/\/magnetarmagnets.com\/shop\/legend-package\/\" target=\"_blank\" rel=\"noopener\"><span style=\"font-weight: 400;\">Legend Package<\/span><\/a><span style=\"font-weight: 400;\"> \u00e4r v\u00e4gen att g\u00e5 och inneh\u00e5ller allt du beh\u00f6ver f\u00f6r att komma ig\u00e5ng (och f\u00e5 paketpris!). Detta paket inkluderar v\u00e5r Beast allround 360\u00b0-magnet, ett starkt rep med 10 mm diameter och karbinhake, ett par vattent\u00e4ta handskar, ett Legend-skyddsh\u00f6lje, lim och en extra stor rostfri st\u00e5lkrok. Vill du ta det till n\u00e4sta niv\u00e5? Kolla in v\u00e5rt <\/span><a href=\"https:\/\/magnetarmagnets.com\/shop\/warrior-package\/\" target=\"_blank\" rel=\"noopener\"><span style=\"font-weight: 400;\">Warrior Package<\/span><\/a><span style=\"font-weight: 400;\">!<\/span>\r\n<h2><b>\u00c4r du redo att prova Beast?<\/b><\/h2>\r\n<span style=\"font-weight: 400;\">Namnet s\u00e4ger allt \u2013 denna magnet \u00e4r en Beast! Beast-fiskemagneten har 360\u00b0 dragkraft p\u00e5 1400 kg (3100 lb). F\u00f6rem\u00e5l dras mot alla sidor av magneten i alla vattenf\u00f6rh\u00e5llanden (lera, slam, str\u00f6m, stenigt) och fastnar inte l\u00e4tt p\u00e5 stenar. Designad f\u00f6r avancerade magnetfiskare kr\u00e4vs extra omsorg och f\u00f6rsiktighet.<\/span>\r\n\r\n<span style=\"font-weight: 400;\">Beast \u00e4r f\u00f6r kraftfulla magnetfiskare som vet vad de g\u00f6r. Denna magnet \u00e4r s\u00e5 stark att den r\u00f6r sig under vattnet och s\u00f6ker efter f\u00f6rem\u00e5l p\u00e5 egen hand. Magneten \u00e4r s\u00e5 tung att den gr\u00e4ver genom lera och n\u00e5r n\u00e5gra av de djupaste, \u00e4ldsta och mest g\u00f6mda skatterna. Uppgradera din <a href=\"https:\/\/magnetarmagnets.com\/accessories\/\" target=\"_blank\" rel=\"noopener\">magnetfiskeutrustning<\/a> f\u00f6r att hitta de tyngsta skatterna som stora kassask\u00e5p, vapen, bildelar, skotrar, elcyklar och mycket mer.<\/span>\r\n\r\n<span style=\"font-weight: 400;\">Om du letar efter ett komplett set, gl\u00f6m inte att kolla in v\u00e5ra <a href=\"https:\/\/magnetarmagnets.com\/collections\/fishing-magnets\/magnet-fishing-kit\/\" target=\"_blank\" rel=\"noopener\">magnetfiskeset<\/a>.<\/span>\r\n<h2><b>Magnetutveckling<\/b><\/h2>\r\n<span style=\"font-weight: 400;\">M\u00e5nga magneter har bara dragkraft p\u00e5 ena sidan. Denna ensidiga magnet \u00e4r den klassiska fiskemagneten. Magnetar var det f\u00f6rsta f\u00f6retaget som omvandlade denna klassiska magnet till en dubbelsidig magnet. Sedan 2016 utvecklade Magnetar den allround-fiskemagnet med 360\u00b0 dragkraft. Magnetfiskare i hela EU har dragits till v\u00e5ra 100% neodymmagneter sedan dess, vilket g\u00f6r oss till nummer 1-leverant\u00f6r i Europa. V\u00e5ra magneter tillverkas med h\u00f6gsta kvalitet, design och omsorg av ett litet team av magnetfiskeentusiaster. V\u00e5ra kunder \u00e5terkommer f\u00f6r de vet att med Magnetar f\u00e5r de mer \u00e4n en magnet \u2013 de f\u00e5r skatter.<\/span>\r\n<h2><strong>Kraftfull 360\u00b0 dragkraft<\/strong><\/h2>\r\n<span style=\"font-weight: 400;\">Beast-magneten \u00e4r en av de starkaste magneter vi erbjuder med en dragkraft p\u00e5 upp till 1400 kg (3100 lb). Dragkraften \u00e4r kraftfull och kan attrahera f\u00f6rem\u00e5l fr\u00e5n hela omgivningen, till skillnad fr\u00e5n en ensidig magnet inkapslad i ett st\u00e5lh\u00f6lje som riktar kraften i en riktning. Nyfiken p\u00e5 hur vi m\u00e4ter dragkraften? <\/span><a href=\"https:\/\/www.youtube.com\/watch?v=2McW3RURDxs\" target=\"_blank\" rel=\"noopener\"><span style=\"font-weight: 400;\">Titta p\u00e5 v\u00e5r video<\/span><\/a><span style=\"font-weight: 400;\">.<\/span>\r\n<h2><b>Skyddsh\u00f6lje<\/b><\/h2>\r\n<span style=\"font-weight: 400;\">Skyddsh\u00f6ljen \u00e4r det perfekta tillbeh\u00f6ret f\u00f6r magnetfiskare som vill skydda sina neodymmagneter under anv\u00e4ndning. Dessa h\u00e5llbara h\u00f6ljen \u00e4r speciellt utformade f\u00f6r att passa perfekt p\u00e5 magneten och ge ett extra lager skydd mot repor, brott och annan skada. V\u00e5ra skyddsh\u00f6ljen \u00e4r byggda f\u00f6r att h\u00e5lla och t\u00e5l de tuffaste f\u00f6rh\u00e5llanden. Skyddsh\u00f6ljet \u00e4r tillverkat i rostfritt st\u00e5l och s\u00e4kerst\u00e4ller att din magnet f\u00f6rblir magnetisk 360\u00b0. Med v\u00e5ra skyddsh\u00f6ljen kan du njuta av magnetfiske utan att oroa dig f\u00f6r skador p\u00e5 din v\u00e4rdefulla magnet. H\u00f6ljet kan k\u00f6pas separat.<\/span>\r\n\r\n<span style=\"font-weight: 400;\">(Observera att magnetens botten inte \u00e4r skyddad av h\u00f6ljet)<\/span>\r\n<h2><b>Anv\u00e4nd med f\u00f6rsiktighet<\/b><\/h2>\r\n<span style=\"font-weight: 400;\">V\u00e5ra neodymmagneter \u00e4r mycket kraftfulla och kan dras till j\u00e4rnf\u00f6rem\u00e5l i h\u00f6g fart p\u00e5 n\u00e4ra h\u00e5ll. Med starkare magneter som 360\u00b0 allround finns risk att fingrar kl\u00e4ms mellan magneten och andra f\u00f6rem\u00e5l. Hantera magneterna varsamt och anv\u00e4nd dem p\u00e5 egen risk. L\u00e4s alltid v\u00e5ra s\u00e4kerhetsvarningar innan anv\u00e4ndning.<\/span>\r\n\r\n<span style=\"font-weight: 400;\">* Barn m\u00e5ste anv\u00e4nda magneten under vuxens \u00f6vervakning.<\/span>\r\n\r\n&nbsp;","protected":false},"excerpt":{"rendered":"<p><strong>Otroligt kraftfull<\/strong>, v\u00e5r 360\u00b0 allround-fiskemagnet \u00e4r perfekt f\u00f6r en <strong>mycket erfaren magnetfiskare<\/strong>. Beast har en <strong>otroligt stark magnetisk dragningskraft<\/strong> och drar till sig alla magnetiska f\u00f6rem\u00e5l p\u00e5 l\u00e5ngt h\u00e5ll, \u00e4ven om de \u00e4r runda, rostiga eller neds\u00e4nkta. Denna fiskemagnet \u00e4r s\u00e5 <strong>kraftfull<\/strong> att extra f\u00f6rsiktighet kr\u00e4vs vid f\u00f6rvaring, transport och anv\u00e4ndning.<\/p>\n","protected":false},"featured_media":72172,"comment_status":"open","ping_status":"closed","template":"","meta":{"_acf_changed":false,"inline_featured_image":false},"product_brand":[],"product_cat":[266,494,493,498],"product_tag":[],"class_list":{"0":"post-67451","1":"product","2":"type-product","3":"status-publish","4":"has-post-thumbnail","6":"product_cat-allround-360-fiske-magneter","7":"product_cat-allround-360-otsingumagnetid","8":"product_cat-otsingumagnetid","9":"product_cat-tugevaimad-otsingumagneti","11":"first","12":"instock","13":"sale","14":"taxable","15":"shipping-taxable","16":"purchasable","17":"product-type-simple"},"acf":[],"yoast_head":"<!-- This site is optimized with the Yoast SEO plugin v27.3 - https:\/\/yoast.com\/product\/yoast-seo-wordpress\/ -->\n<title>Beast-magnet \u2013 360\u00b0 allround-fiskemagnet, 1400 kg dragkraft \u2013 perfekt f\u00f6r magnetfiske<\/title>\n<meta name=\"description\" content=\"Beast-fiskemagneten \u00e4r inte bara stark, den \u00e4r OTROLIGT STARK \u2013 n\u00e5got att respektera! Magnetar, din specialist p\u00e5 magnetfiske!\" \/>\n<meta name=\"robots\" content=\"index, follow, max-snippet:-1, max-image-preview:large, max-video-preview:-1\" \/>\n<link rel=\"canonical\" href=\"https:\/\/magnetarmagnets.com\/sv\/shop\/beast-magnet-360-allround-fiskemagnet-1400-kg-dragkraft-perfekt-for-magnetfiske\/\" \/>\n<meta property=\"og:locale\" content=\"sv_SE\" \/>\n<meta property=\"og:type\" content=\"article\" \/>\n<meta property=\"og:title\" content=\"Beast-magnet \u2013 360\u00b0 allround-fiskemagnet, 1400 kg dragkraft \u2013 perfekt f\u00f6r magnetfiske\" \/>\n<meta property=\"og:description\" content=\"Beast-fiskemagneten \u00e4r inte bara stark, den \u00e4r OTROLIGT STARK \u2013 n\u00e5got att respektera! Magnetar, din specialist p\u00e5 magnetfiske!\" \/>\n<meta property=\"og:url\" content=\"https:\/\/magnetarmagnets.com\/sv\/shop\/beast-magnet-360-allround-fiskemagnet-1400-kg-dragkraft-perfekt-for-magnetfiske\/\" \/>\n<meta property=\"og:site_name\" content=\"Magnet fishing with a Magnetar fishing magnet\" \/>\n<meta property=\"article:publisher\" content=\"https:\/\/www.facebook.com\/fishingmagnets\/\" \/>\n<meta property=\"article:modified_time\" content=\"2026-04-03T04:11:22+00:00\" \/>\n<meta property=\"og:image\" content=\"https:\/\/magnetarmagnets.com\/wp-content\/uploads\/2019\/12\/Beast-magnet-360-Degrees-Neodymium.jpeg\" \/>\n\t<meta property=\"og:image:width\" content=\"1000\" \/>\n\t<meta property=\"og:image:height\" content=\"1000\" \/>\n\t<meta property=\"og:image:type\" content=\"image\/jpeg\" \/>\n<meta name=\"twitter:card\" content=\"summary_large_image\" \/>\n<meta name=\"twitter:label1\" content=\"Ber\u00e4knad l\u00e4stid\" \/>\n\t<meta name=\"twitter:data1\" content=\"4 minuter\" \/>\n<script type=\"application\/ld+json\" class=\"yoast-schema-graph\">{\"@context\":\"https:\\\/\\\/schema.org\",\"@graph\":[{\"@type\":[\"WebPage\",\"ItemPage\"],\"@id\":\"https:\\\/\\\/magnetarmagnets.com\\\/sv\\\/shop\\\/beast-magnet-360-allround-fiskemagnet-1400-kg-dragkraft-perfekt-for-magnetfiske\\\/\",\"url\":\"https:\\\/\\\/magnetarmagnets.com\\\/sv\\\/shop\\\/beast-magnet-360-allround-fiskemagnet-1400-kg-dragkraft-perfekt-for-magnetfiske\\\/\",\"name\":\"Beast-magnet \u2013 360\u00b0 allround-fiskemagnet, 1400 kg dragkraft \u2013 perfekt f\u00f6r magnetfiske\",\"isPartOf\":{\"@id\":\"https:\\\/\\\/magnetarmagnets.com\\\/sv\\\/#website\"},\"primaryImageOfPage\":{\"@id\":\"https:\\\/\\\/magnetarmagnets.com\\\/sv\\\/shop\\\/beast-magnet-360-allround-fiskemagnet-1400-kg-dragkraft-perfekt-for-magnetfiske\\\/#primaryimage\"},\"image\":{\"@id\":\"https:\\\/\\\/magnetarmagnets.com\\\/sv\\\/shop\\\/beast-magnet-360-allround-fiskemagnet-1400-kg-dragkraft-perfekt-for-magnetfiske\\\/#primaryimage\"},\"thumbnailUrl\":\"https:\\\/\\\/magnetarmagnets.com\\\/wp-content\\\/uploads\\\/2019\\\/12\\\/Beast-magnet-360-Degrees-Neodymium.jpeg\",\"datePublished\":\"2025-06-05T07:54:16+00:00\",\"dateModified\":\"2026-04-03T04:11:22+00:00\",\"description\":\"Beast-fiskemagneten \u00e4r inte bara stark, den \u00e4r OTROLIGT STARK \u2013 n\u00e5got att respektera! Magnetar, din specialist p\u00e5 magnetfiske!\",\"breadcrumb\":{\"@id\":\"https:\\\/\\\/magnetarmagnets.com\\\/sv\\\/shop\\\/beast-magnet-360-allround-fiskemagnet-1400-kg-dragkraft-perfekt-for-magnetfiske\\\/#breadcrumb\"},\"inLanguage\":\"sv-SE\",\"potentialAction\":[{\"@type\":\"ReadAction\",\"target\":[\"https:\\\/\\\/magnetarmagnets.com\\\/sv\\\/shop\\\/beast-magnet-360-allround-fiskemagnet-1400-kg-dragkraft-perfekt-for-magnetfiske\\\/\"]}]},{\"@type\":\"ImageObject\",\"inLanguage\":\"sv-SE\",\"@id\":\"https:\\\/\\\/magnetarmagnets.com\\\/sv\\\/shop\\\/beast-magnet-360-allround-fiskemagnet-1400-kg-dragkraft-perfekt-for-magnetfiske\\\/#primaryimage\",\"url\":\"https:\\\/\\\/magnetarmagnets.com\\\/wp-content\\\/uploads\\\/2019\\\/12\\\/Beast-magnet-360-Degrees-Neodymium.jpeg\",\"contentUrl\":\"https:\\\/\\\/magnetarmagnets.com\\\/wp-content\\\/uploads\\\/2019\\\/12\\\/Beast-magnet-360-Degrees-Neodymium.jpeg\",\"width\":1000,\"height\":1000,\"caption\":\"Beast fishing magnet 360 Degree 100 procent Neodymium\"},{\"@type\":\"BreadcrumbList\",\"@id\":\"https:\\\/\\\/magnetarmagnets.com\\\/sv\\\/shop\\\/beast-magnet-360-allround-fiskemagnet-1400-kg-dragkraft-perfekt-for-magnetfiske\\\/#breadcrumb\",\"itemListElement\":[{\"@type\":\"ListItem\",\"position\":1,\"name\":\"Home\",\"item\":\"https:\\\/\\\/magnetarmagnets.com\\\/sv\\\/\"},{\"@type\":\"ListItem\",\"position\":2,\"name\":\"Butik\",\"item\":\"https:\\\/\\\/magnetarmagnets.com\\\/sv\\\/butik\\\/\"},{\"@type\":\"ListItem\",\"position\":3,\"name\":\"Okategoriserad\",\"item\":\"https:\\\/\\\/magnetarmagnets.com\\\/sv\\\/collections\\\/okategoriserad\\\/\"},{\"@type\":\"ListItem\",\"position\":4,\"name\":\"Beast-magnet \u2013 360\u00b0 allround-fiskemagnet, 1400 kg dragkraft \u2013 perfekt f\u00f6r magnetfiske\"}]},{\"@type\":\"WebSite\",\"@id\":\"https:\\\/\\\/magnetarmagnets.com\\\/sv\\\/#website\",\"url\":\"https:\\\/\\\/magnetarmagnets.com\\\/sv\\\/\",\"name\":\"Magnet fishing with a Magnetar fishing magnet\",\"description\":\"Kraftfulla magneter f\u00f6r magnetfiske\",\"publisher\":{\"@id\":\"https:\\\/\\\/magnetarmagnets.com\\\/sv\\\/#organization\"},\"potentialAction\":[{\"@type\":\"SearchAction\",\"target\":{\"@type\":\"EntryPoint\",\"urlTemplate\":\"https:\\\/\\\/magnetarmagnets.com\\\/sv\\\/?s={search_term_string}\"},\"query-input\":{\"@type\":\"PropertyValueSpecification\",\"valueRequired\":true,\"valueName\":\"search_term_string\"}}],\"inLanguage\":\"sv-SE\"},{\"@type\":\"Organization\",\"@id\":\"https:\\\/\\\/magnetarmagnets.com\\\/sv\\\/#organization\",\"name\":\"Magnetar\",\"url\":\"https:\\\/\\\/magnetarmagnets.com\\\/sv\\\/\",\"logo\":{\"@type\":\"ImageObject\",\"inLanguage\":\"sv-SE\",\"@id\":\"https:\\\/\\\/magnetarmagnets.com\\\/sv\\\/#\\\/schema\\\/logo\\\/image\\\/\",\"url\":\"https:\\\/\\\/magnetarmagnets.com\\\/wp-content\\\/uploads\\\/2025\\\/05\\\/Logo-03_PNG-Black-scaled.png\",\"contentUrl\":\"https:\\\/\\\/magnetarmagnets.com\\\/wp-content\\\/uploads\\\/2025\\\/05\\\/Logo-03_PNG-Black-scaled.png\",\"width\":2560,\"height\":1658,\"caption\":\"Magnetar\"},\"image\":{\"@id\":\"https:\\\/\\\/magnetarmagnets.com\\\/sv\\\/#\\\/schema\\\/logo\\\/image\\\/\"},\"sameAs\":[\"https:\\\/\\\/www.facebook.com\\\/fishingmagnets\\\/\",\"https:\\\/\\\/www.instagram.com\\\/magnetar_magnets\\\/\",\"https:\\\/\\\/www.linkedin.com\\\/company\\\/magnetarbv\\\/?originalSubdomain=nl\",\"https:\\\/\\\/www.youtube.com\\\/c\\\/MagnetarVismagneet\"]}]}<\/script>\n<!-- \/ Yoast SEO plugin. -->","yoast_head_json":{"title":"Beast-magnet \u2013 360\u00b0 allround-fiskemagnet, 1400 kg dragkraft \u2013 perfekt f\u00f6r magnetfiske","description":"Beast-fiskemagneten \u00e4r inte bara stark, den \u00e4r OTROLIGT STARK \u2013 n\u00e5got att respektera! Magnetar, din specialist p\u00e5 magnetfiske!","robots":{"index":"index","follow":"follow","max-snippet":"max-snippet:-1","max-image-preview":"max-image-preview:large","max-video-preview":"max-video-preview:-1"},"canonical":"https:\/\/magnetarmagnets.com\/sv\/shop\/beast-magnet-360-allround-fiskemagnet-1400-kg-dragkraft-perfekt-for-magnetfiske\/","og_locale":"sv_SE","og_type":"article","og_title":"Beast-magnet \u2013 360\u00b0 allround-fiskemagnet, 1400 kg dragkraft \u2013 perfekt f\u00f6r magnetfiske","og_description":"Beast-fiskemagneten \u00e4r inte bara stark, den \u00e4r OTROLIGT STARK \u2013 n\u00e5got att respektera! Magnetar, din specialist p\u00e5 magnetfiske!","og_url":"https:\/\/magnetarmagnets.com\/sv\/shop\/beast-magnet-360-allround-fiskemagnet-1400-kg-dragkraft-perfekt-for-magnetfiske\/","og_site_name":"Magnet fishing with a Magnetar fishing magnet","article_publisher":"https:\/\/www.facebook.com\/fishingmagnets\/","article_modified_time":"2026-04-03T04:11:22+00:00","og_image":[{"width":1000,"height":1000,"url":"https:\/\/magnetarmagnets.com\/wp-content\/uploads\/2019\/12\/Beast-magnet-360-Degrees-Neodymium.jpeg","type":"image\/jpeg"}],"twitter_card":"summary_large_image","twitter_misc":{"Ber\u00e4knad l\u00e4stid":"4 minuter"},"schema":{"@context":"https:\/\/schema.org","@graph":[{"@type":["WebPage","ItemPage"],"@id":"https:\/\/magnetarmagnets.com\/sv\/shop\/beast-magnet-360-allround-fiskemagnet-1400-kg-dragkraft-perfekt-for-magnetfiske\/","url":"https:\/\/magnetarmagnets.com\/sv\/shop\/beast-magnet-360-allround-fiskemagnet-1400-kg-dragkraft-perfekt-for-magnetfiske\/","name":"Beast-magnet \u2013 360\u00b0 allround-fiskemagnet, 1400 kg dragkraft \u2013 perfekt f\u00f6r magnetfiske","isPartOf":{"@id":"https:\/\/magnetarmagnets.com\/sv\/#website"},"primaryImageOfPage":{"@id":"https:\/\/magnetarmagnets.com\/sv\/shop\/beast-magnet-360-allround-fiskemagnet-1400-kg-dragkraft-perfekt-for-magnetfiske\/#primaryimage"},"image":{"@id":"https:\/\/magnetarmagnets.com\/sv\/shop\/beast-magnet-360-allround-fiskemagnet-1400-kg-dragkraft-perfekt-for-magnetfiske\/#primaryimage"},"thumbnailUrl":"https:\/\/magnetarmagnets.com\/wp-content\/uploads\/2019\/12\/Beast-magnet-360-Degrees-Neodymium.jpeg","datePublished":"2025-06-05T07:54:16+00:00","dateModified":"2026-04-03T04:11:22+00:00","description":"Beast-fiskemagneten \u00e4r inte bara stark, den \u00e4r OTROLIGT STARK \u2013 n\u00e5got att respektera! Magnetar, din specialist p\u00e5 magnetfiske!","breadcrumb":{"@id":"https:\/\/magnetarmagnets.com\/sv\/shop\/beast-magnet-360-allround-fiskemagnet-1400-kg-dragkraft-perfekt-for-magnetfiske\/#breadcrumb"},"inLanguage":"sv-SE","potentialAction":[{"@type":"ReadAction","target":["https:\/\/magnetarmagnets.com\/sv\/shop\/beast-magnet-360-allround-fiskemagnet-1400-kg-dragkraft-perfekt-for-magnetfiske\/"]}]},{"@type":"ImageObject","inLanguage":"sv-SE","@id":"https:\/\/magnetarmagnets.com\/sv\/shop\/beast-magnet-360-allround-fiskemagnet-1400-kg-dragkraft-perfekt-for-magnetfiske\/#primaryimage","url":"https:\/\/magnetarmagnets.com\/wp-content\/uploads\/2019\/12\/Beast-magnet-360-Degrees-Neodymium.jpeg","contentUrl":"https:\/\/magnetarmagnets.com\/wp-content\/uploads\/2019\/12\/Beast-magnet-360-Degrees-Neodymium.jpeg","width":1000,"height":1000,"caption":"Beast fishing magnet 360 Degree 100 procent Neodymium"},{"@type":"BreadcrumbList","@id":"https:\/\/magnetarmagnets.com\/sv\/shop\/beast-magnet-360-allround-fiskemagnet-1400-kg-dragkraft-perfekt-for-magnetfiske\/#breadcrumb","itemListElement":[{"@type":"ListItem","position":1,"name":"Home","item":"https:\/\/magnetarmagnets.com\/sv\/"},{"@type":"ListItem","position":2,"name":"Butik","item":"https:\/\/magnetarmagnets.com\/sv\/butik\/"},{"@type":"ListItem","position":3,"name":"Okategoriserad","item":"https:\/\/magnetarmagnets.com\/sv\/collections\/okategoriserad\/"},{"@type":"ListItem","position":4,"name":"Beast-magnet \u2013 360\u00b0 allround-fiskemagnet, 1400 kg dragkraft \u2013 perfekt f\u00f6r magnetfiske"}]},{"@type":"WebSite","@id":"https:\/\/magnetarmagnets.com\/sv\/#website","url":"https:\/\/magnetarmagnets.com\/sv\/","name":"Magnet fishing with a Magnetar fishing magnet","description":"Kraftfulla magneter f\u00f6r magnetfiske","publisher":{"@id":"https:\/\/magnetarmagnets.com\/sv\/#organization"},"potentialAction":[{"@type":"SearchAction","target":{"@type":"EntryPoint","urlTemplate":"https:\/\/magnetarmagnets.com\/sv\/?s={search_term_string}"},"query-input":{"@type":"PropertyValueSpecification","valueRequired":true,"valueName":"search_term_string"}}],"inLanguage":"sv-SE"},{"@type":"Organization","@id":"https:\/\/magnetarmagnets.com\/sv\/#organization","name":"Magnetar","url":"https:\/\/magnetarmagnets.com\/sv\/","logo":{"@type":"ImageObject","inLanguage":"sv-SE","@id":"https:\/\/magnetarmagnets.com\/sv\/#\/schema\/logo\/image\/","url":"https:\/\/magnetarmagnets.com\/wp-content\/uploads\/2025\/05\/Logo-03_PNG-Black-scaled.png","contentUrl":"https:\/\/magnetarmagnets.com\/wp-content\/uploads\/2025\/05\/Logo-03_PNG-Black-scaled.png","width":2560,"height":1658,"caption":"Magnetar"},"image":{"@id":"https:\/\/magnetarmagnets.com\/sv\/#\/schema\/logo\/image\/"},"sameAs":["https:\/\/www.facebook.com\/fishingmagnets\/","https:\/\/www.instagram.com\/magnetar_magnets\/","https:\/\/www.linkedin.com\/company\/magnetarbv\/?originalSubdomain=nl","https:\/\/www.youtube.com\/c\/MagnetarVismagneet"]}]}},"_links":{"self":[{"href":"https:\/\/magnetarmagnets.com\/sv\/wp-json\/wp\/v2\/product\/67451","targetHints":{"allow":["GET"]}}],"collection":[{"href":"https:\/\/magnetarmagnets.com\/sv\/wp-json\/wp\/v2\/product"}],"about":[{"href":"https:\/\/magnetarmagnets.com\/sv\/wp-json\/wp\/v2\/types\/product"}],"replies":[{"embeddable":true,"href":"https:\/\/magnetarmagnets.com\/sv\/wp-json\/wp\/v2\/comments?post=67451"}],"version-history":[{"count":1,"href":"https:\/\/magnetarmagnets.com\/sv\/wp-json\/wp\/v2\/product\/67451\/revisions"}],"predecessor-version":[{"id":94511,"href":"https:\/\/magnetarmagnets.com\/sv\/wp-json\/wp\/v2\/product\/67451\/revisions\/94511"}],"wp:featuredmedia":[{"embeddable":true,"href":"https:\/\/magnetarmagnets.com\/sv\/wp-json\/wp\/v2\/media\/72172"}],"wp:attachment":[{"href":"https:\/\/magnetarmagnets.com\/sv\/wp-json\/wp\/v2\/media?parent=67451"}],"wp:term":[{"taxonomy":"product_brand","embeddable":true,"href":"https:\/\/magnetarmagnets.com\/sv\/wp-json\/wp\/v2\/product_brand?post=67451"},{"taxonomy":"product_cat","embeddable":true,"href":"https:\/\/magnetarmagnets.com\/sv\/wp-json\/wp\/v2\/product_cat?post=67451"},{"taxonomy":"product_tag","embeddable":true,"href":"https:\/\/magnetarmagnets.com\/sv\/wp-json\/wp\/v2\/product_tag?post=67451"}],"curies":[{"name":"wp","href":"https:\/\/api.w.org\/{rel}","templated":true}]}}