{"id":67450,"date":"2025-06-05T09:54:17","date_gmt":"2025-06-05T07:54:17","guid":{"rendered":"https:\/\/magnetarmagnets.com\/?post_type=product&#038;p=67450"},"modified":"2026-04-04T12:16:19","modified_gmt":"2026-04-04T10:16:19","slug":"barbarian-360-allroundfiskemagnet-3500-lb-1600-kg-dragkraft","status":"publish","type":"product","link":"https:\/\/magnetarmagnets.com\/sv\/shop\/barbarian-360-allroundfiskemagnet-3500-lb-1600-kg-dragkraft\/","title":{"rendered":"Barbarian 360\u00b0 allroundfiskemagnet \u2013 1600 kg dragkraft"},"content":{"rendered":"* Skydda magneten vid magnetfiske med ett <a href=\"https:\/\/magnetarmagnets.com\/shop\/the-barbarian-protection\/\" target=\"_blank\" rel=\"noopener\"><b>skyddsh\u00f6lje<\/b><\/a>. Utan skyddsh\u00f6lje kan magneten skadas vid st\u00f6t mot h\u00e5rda f\u00f6rem\u00e5l. Skyddsh\u00f6ljet ing\u00e5r ej.\r\n\r\n<span style=\"font-weight: 400;\">De positiva reaktionerna p\u00e5 v\u00e5ra <\/span><a href=\"https:\/\/magnetarmagnets.com\/shop\/hardcore-magnet-2\/\" target=\"_blank\" rel=\"noopener\"><b>Hardcore,<\/b><\/a> <a href=\"https:\/\/magnetarmagnets.com\/shop\/exclusive-terror-magnet\/\" target=\"_blank\" rel=\"noopener\"><b>Terror<\/b><\/a><span style=\"font-weight: 400;\"> och <\/span><a href=\"https:\/\/magnetarmagnets.com\/shop\/beast-magnet\/\" target=\"_blank\" rel=\"noopener\"><b>Beast<\/b><\/a><span style=\"font-weight: 400;\">-magneter inspirerade oss att utveckla en ny superkraft: THE BARBARIAN! Denna 100 % neodymmagnet \u00e4r s\u00e4rskilt framtagen f\u00f6r de mest avancerade, professionella magnetfiskarna. Som en st\u00f6rre efterf\u00f6ljare till den v\u00e4lk\u00e4nda Beast-magneten har Barbarian en extra stor diameter och sammanlagd dragkraft p\u00e5 alla sidor upp till 3500 lb\/1600 kg. Eftersom magneten \u00e4r s\u00e5 tung sjunker den extra djupt ner i lera och silt f\u00f6r att n\u00e5 de mest g\u00f6mda, sv\u00e5r\u00e5tkomliga skatterna.<\/span>\r\n\r\n<span style=\"font-weight: 400;\">Observera, detta \u00e4r inget barnspel! Denna fiskemagnet \u00e4r s\u00e5 kraftfull att du m\u00e5ste anv\u00e4nda den medvetet. Den \u00e4r inte l\u00e4mplig f\u00f6r barn! Magneten har en otroligt stark dragningskraft och kommer d\u00e4rf\u00f6r att dra till sig alla magnetiska f\u00f6rem\u00e5l p\u00e5 l\u00e5ngt h\u00e5ll. Barbarian-magneten har d\u00e4rf\u00f6r inga problem att fiska upp f\u00f6rem\u00e5l, \u00e4ven om de \u00e4r runda, rostiga eller ligger neds\u00e4nkta i silt. Om du k\u00f6per flera starka magneter rekommenderar vi att du h\u00e5ller rimligt avst\u00e5nd mellan dem och f\u00f6rvarar dem separat.<\/span>\r\n<h2><b>\u00c4r du redo f\u00f6r Barbarian-magneten?<\/b><\/h2>\r\n<span style=\"font-weight: 400;\">Barbarian-fiskemagneten har 360\u00b0 magnetisk dragkraft p\u00e5 3500 lb\/1600 kg. F\u00f6rem\u00e5l dras mot alla sidor av magneten i alla undervattensf\u00f6rh\u00e5llanden (lera, silt, str\u00f6m, stenigt) och fastnar inte l\u00e4tt i klippor. Utformad f\u00f6r den mest avancerade magnetfiskaren, denna magnet kr\u00e4ver extrem f\u00f6rsiktighet och eftertanke.<\/span>\r\n\r\n<span style=\"font-weight: 400;\">Denna tungviktarmagnet \u00e4r endast l\u00e4mplig f\u00f6r professionella magnetfiskare. P\u00e5 grund av dess vikt kan den inte kastas s\u00e4rskilt l\u00e5ngt, men vad den saknar i r\u00e4ckvidd tar den igen i alla typer av terr\u00e4ng, olika djup, vattendrag och skattjakt. Detta \u00e4r den st\u00f6rsta och starkaste fiskemagneten p\u00e5 marknaden. Den kan dra upp alla t\u00e4nkbara skatter i ett enda kast: kassask\u00e5p, vapen, bildelar, skotrar, elcyklar och s\u00e5 mycket mer.<\/span>\r\n<h2><b>Magnetens utveckling<\/b><\/h2>\r\n<span style=\"font-weight: 400;\">M\u00e5nga magneter har bara dragningskraft p\u00e5 ena sidan \u2013 det klassiska fiskemagnetkonceptet. Magnetar var det f\u00f6rsta f\u00f6retaget som omvandlade denna klassiska magnet till en <a href=\"https:\/\/magnetarmagnets.com\/double-sided-fishing-magnet\/\" target=\"_blank\" rel=\"noopener\">dubbelh\u00e4ftande magnet<\/a>. Sedan 2016 har Magnetar utvecklat allroundfiskemagneter med 360\u00b0 dragkraft. Magnetfiskare \u00f6ver hela EU har sedan dess lockats av v\u00e5ra 100 % neodymmagneter, vilket gjort oss till #1-leverant\u00f6r i Europa. V\u00e5ra magneter tillverkas med h\u00f6gsta kvalitet, design och omsorg av ett litet team av magnetfiskeentusiaster. V\u00e5ra kunder \u00e5terkommer g\u00e5ng p\u00e5 g\u00e5ng f\u00f6r de vet att med Magnetar f\u00e5r de mer \u00e4n en magnet \u2013 de f\u00e5r skatter.<\/span>\r\n<h2><b>Kraftfull 360\u00b0 dragkraft<\/b><\/h2>\r\n<span style=\"font-weight: 400;\">Barbarian-magneten \u00e4r den starkaste magnet vi erbjuder med en dragkraft upp till 3500 lb\/1600 kg. Barbarian har en kraftfull dragkraft som kan locka f\u00f6rem\u00e5l fr\u00e5n hela omgivningen, till skillnad fr\u00e5n en enkelriktad magnet innesluten i ett st\u00e5lh\u00f6lje som fokuserar dragningskraften \u00e5t ett h\u00e5ll. Nyfiken p\u00e5 hur vi m\u00e4ter dragkraft? <a href=\"https:\/\/www.youtube.com\/watch?v=2McW3RURDxs\" target=\"_blank\" rel=\"noopener\">Titta p\u00e5 v\u00e5r video<\/a>.<\/span>","protected":false},"excerpt":{"rendered":"<p><span style=\"font-weight: 400;\">Den <strong>Barbarianfiskemagneten<\/strong> \u00e4r en extremt stor fiskemagnet s\u00e4rskilt framtagen f\u00f6r professionella magnetfiskare och barbariska magnetfiskare. <\/span><\/p>\n<p><span style=\"font-weight: 400;\">Det \u00e4r v\u00e4rldens mest kraftfulla <strong>360\u00b0 allroundneodymmagnet<\/strong> med en dragkraft p\u00e5 <strong>3500 lb\/1600 kg<\/strong>! Tillverkad av 100 % rent neodymmagnet av h\u00f6gsta kvalitet, \u00e4r denna magnet \u00e4nnu mer extrem \u00e4n v\u00e5r v\u00e4lk\u00e4nda Beast-magnet. <\/span><\/p>\n<p><span style=\"font-weight: 400;\">Denna magnet inneb\u00e4r \u00f6kade risker. Hantera och f\u00f6rvara magneten med st\u00f6rsta f\u00f6rsiktighet. H\u00e5ll utom r\u00e4ckh\u00e5ll f\u00f6r barn.<\/span><\/p>\n","protected":false},"featured_media":72176,"comment_status":"open","ping_status":"closed","template":"","meta":{"_acf_changed":false,"inline_featured_image":false},"product_brand":[],"product_cat":[561,561,561,553,570,553,570,558,558,167],"product_tag":[238,172],"class_list":{"0":"post-67450","1":"product","2":"type-product","3":"status-publish","4":"has-post-thumbnail","6":"product_cat-allround-fishing-magnety-360","9":"product_cat-fishing-magnets-cs","10":"product_cat-profesionalove","13":"product_cat-nejsilnejsi-fishing-magnety","15":"product_cat-okategoriserad","16":"product_tag-free-shipping-2","17":"product_tag-fri-frakt","19":"first","20":"instock","21":"taxable","22":"shipping-taxable","23":"purchasable","24":"product-type-simple"},"acf":[],"yoast_head":"<!-- This site is optimized with the Yoast SEO plugin v27.3 - https:\/\/yoast.com\/product\/yoast-seo-wordpress\/ -->\n<title>Barbarian 360\u00b0 allroundfiskemagnet \u2013 1600 kg dragkraft<\/title>\n<meta name=\"description\" content=\"Barbarian-fiskemagneten: den mest extrema fiskemagneten i Europa! Best\u00e4ll de b\u00e4sta magneterna hos din magnetfiskespecialist: Magnetar!\" \/>\n<meta name=\"robots\" content=\"index, follow, max-snippet:-1, max-image-preview:large, max-video-preview:-1\" \/>\n<link rel=\"canonical\" href=\"https:\/\/magnetarmagnets.com\/sv\/shop\/barbarian-360-allroundfiskemagnet-3500-lb-1600-kg-dragkraft\/\" \/>\n<meta property=\"og:locale\" content=\"sv_SE\" \/>\n<meta property=\"og:type\" content=\"article\" \/>\n<meta property=\"og:title\" content=\"Barbarian 360\u00b0 allroundfiskemagnet \u2013 1600 kg dragkraft\" \/>\n<meta property=\"og:description\" content=\"Barbarian-fiskemagneten: den mest extrema fiskemagneten i Europa! Best\u00e4ll de b\u00e4sta magneterna hos din magnetfiskespecialist: Magnetar!\" \/>\n<meta property=\"og:url\" content=\"https:\/\/magnetarmagnets.com\/sv\/shop\/barbarian-360-allroundfiskemagnet-3500-lb-1600-kg-dragkraft\/\" \/>\n<meta property=\"og:site_name\" content=\"Magnet fishing with a Magnetar fishing magnet\" \/>\n<meta property=\"article:publisher\" content=\"https:\/\/www.facebook.com\/fishingmagnets\/\" \/>\n<meta property=\"article:modified_time\" content=\"2026-04-04T10:16:19+00:00\" \/>\n<meta property=\"og:image\" content=\"https:\/\/magnetarmagnets.com\/wp-content\/uploads\/2020\/06\/Barbarian-magnet-360-Degrees-Neodymium.jpeg\" \/>\n\t<meta property=\"og:image:width\" content=\"1000\" \/>\n\t<meta property=\"og:image:height\" content=\"1000\" \/>\n\t<meta property=\"og:image:type\" content=\"image\/jpeg\" \/>\n<meta name=\"twitter:card\" content=\"summary_large_image\" \/>\n<meta name=\"twitter:label1\" content=\"Ber\u00e4knad l\u00e4stid\" \/>\n\t<meta name=\"twitter:data1\" content=\"3 minuter\" \/>\n<script type=\"application\/ld+json\" class=\"yoast-schema-graph\">{\"@context\":\"https:\\\/\\\/schema.org\",\"@graph\":[{\"@type\":[\"WebPage\",\"ItemPage\"],\"@id\":\"https:\\\/\\\/magnetarmagnets.com\\\/sv\\\/shop\\\/barbarian-360-allroundfiskemagnet-3500-lb-1600-kg-dragkraft\\\/\",\"url\":\"https:\\\/\\\/magnetarmagnets.com\\\/sv\\\/shop\\\/barbarian-360-allroundfiskemagnet-3500-lb-1600-kg-dragkraft\\\/\",\"name\":\"Barbarian 360\u00b0 allroundfiskemagnet \u2013 1600 kg dragkraft\",\"isPartOf\":{\"@id\":\"https:\\\/\\\/magnetarmagnets.com\\\/sv\\\/#website\"},\"primaryImageOfPage\":{\"@id\":\"https:\\\/\\\/magnetarmagnets.com\\\/sv\\\/shop\\\/barbarian-360-allroundfiskemagnet-3500-lb-1600-kg-dragkraft\\\/#primaryimage\"},\"image\":{\"@id\":\"https:\\\/\\\/magnetarmagnets.com\\\/sv\\\/shop\\\/barbarian-360-allroundfiskemagnet-3500-lb-1600-kg-dragkraft\\\/#primaryimage\"},\"thumbnailUrl\":\"https:\\\/\\\/magnetarmagnets.com\\\/wp-content\\\/uploads\\\/2020\\\/06\\\/Barbarian-magnet-360-Degrees-Neodymium.jpeg\",\"datePublished\":\"2025-06-05T07:54:17+00:00\",\"dateModified\":\"2026-04-04T10:16:19+00:00\",\"description\":\"Barbarian-fiskemagneten: den mest extrema fiskemagneten i Europa! Best\u00e4ll de b\u00e4sta magneterna hos din magnetfiskespecialist: Magnetar!\",\"breadcrumb\":{\"@id\":\"https:\\\/\\\/magnetarmagnets.com\\\/sv\\\/shop\\\/barbarian-360-allroundfiskemagnet-3500-lb-1600-kg-dragkraft\\\/#breadcrumb\"},\"inLanguage\":\"sv-SE\",\"potentialAction\":[{\"@type\":\"ReadAction\",\"target\":[\"https:\\\/\\\/magnetarmagnets.com\\\/sv\\\/shop\\\/barbarian-360-allroundfiskemagnet-3500-lb-1600-kg-dragkraft\\\/\"]}]},{\"@type\":\"ImageObject\",\"inLanguage\":\"sv-SE\",\"@id\":\"https:\\\/\\\/magnetarmagnets.com\\\/sv\\\/shop\\\/barbarian-360-allroundfiskemagnet-3500-lb-1600-kg-dragkraft\\\/#primaryimage\",\"url\":\"https:\\\/\\\/magnetarmagnets.com\\\/wp-content\\\/uploads\\\/2020\\\/06\\\/Barbarian-magnet-360-Degrees-Neodymium.jpeg\",\"contentUrl\":\"https:\\\/\\\/magnetarmagnets.com\\\/wp-content\\\/uploads\\\/2020\\\/06\\\/Barbarian-magnet-360-Degrees-Neodymium.jpeg\",\"width\":1000,\"height\":1000,\"caption\":\"Barbarian for magnet fishing with 360 Degrees Neodymium power\"},{\"@type\":\"BreadcrumbList\",\"@id\":\"https:\\\/\\\/magnetarmagnets.com\\\/sv\\\/shop\\\/barbarian-360-allroundfiskemagnet-3500-lb-1600-kg-dragkraft\\\/#breadcrumb\",\"itemListElement\":[{\"@type\":\"ListItem\",\"position\":1,\"name\":\"Home\",\"item\":\"https:\\\/\\\/magnetarmagnets.com\\\/sv\\\/\"},{\"@type\":\"ListItem\",\"position\":2,\"name\":\"Butik\",\"item\":\"https:\\\/\\\/magnetarmagnets.com\\\/sv\\\/butik\\\/\"},{\"@type\":\"ListItem\",\"position\":3,\"name\":\"Okategoriserad\",\"item\":\"https:\\\/\\\/magnetarmagnets.com\\\/sv\\\/collections\\\/okategoriserad\\\/\"},{\"@type\":\"ListItem\",\"position\":4,\"name\":\"Barbarian 360\u00b0 allroundfiskemagnet \u2013 1600 kg dragkraft\"}]},{\"@type\":\"WebSite\",\"@id\":\"https:\\\/\\\/magnetarmagnets.com\\\/sv\\\/#website\",\"url\":\"https:\\\/\\\/magnetarmagnets.com\\\/sv\\\/\",\"name\":\"Magnet fishing with a Magnetar fishing magnet\",\"description\":\"Kraftfulla magneter f\u00f6r magnetfiske\",\"publisher\":{\"@id\":\"https:\\\/\\\/magnetarmagnets.com\\\/sv\\\/#organization\"},\"potentialAction\":[{\"@type\":\"SearchAction\",\"target\":{\"@type\":\"EntryPoint\",\"urlTemplate\":\"https:\\\/\\\/magnetarmagnets.com\\\/sv\\\/?s={search_term_string}\"},\"query-input\":{\"@type\":\"PropertyValueSpecification\",\"valueRequired\":true,\"valueName\":\"search_term_string\"}}],\"inLanguage\":\"sv-SE\"},{\"@type\":\"Organization\",\"@id\":\"https:\\\/\\\/magnetarmagnets.com\\\/sv\\\/#organization\",\"name\":\"Magnetar\",\"url\":\"https:\\\/\\\/magnetarmagnets.com\\\/sv\\\/\",\"logo\":{\"@type\":\"ImageObject\",\"inLanguage\":\"sv-SE\",\"@id\":\"https:\\\/\\\/magnetarmagnets.com\\\/sv\\\/#\\\/schema\\\/logo\\\/image\\\/\",\"url\":\"https:\\\/\\\/magnetarmagnets.com\\\/wp-content\\\/uploads\\\/2025\\\/05\\\/Logo-03_PNG-Black-scaled.png\",\"contentUrl\":\"https:\\\/\\\/magnetarmagnets.com\\\/wp-content\\\/uploads\\\/2025\\\/05\\\/Logo-03_PNG-Black-scaled.png\",\"width\":2560,\"height\":1658,\"caption\":\"Magnetar\"},\"image\":{\"@id\":\"https:\\\/\\\/magnetarmagnets.com\\\/sv\\\/#\\\/schema\\\/logo\\\/image\\\/\"},\"sameAs\":[\"https:\\\/\\\/www.facebook.com\\\/fishingmagnets\\\/\",\"https:\\\/\\\/www.instagram.com\\\/magnetar_magnets\\\/\",\"https:\\\/\\\/www.linkedin.com\\\/company\\\/magnetarbv\\\/?originalSubdomain=nl\",\"https:\\\/\\\/www.youtube.com\\\/c\\\/MagnetarVismagneet\"]}]}<\/script>\n<!-- \/ Yoast SEO plugin. -->","yoast_head_json":{"title":"Barbarian 360\u00b0 allroundfiskemagnet \u2013 1600 kg dragkraft","description":"Barbarian-fiskemagneten: den mest extrema fiskemagneten i Europa! Best\u00e4ll de b\u00e4sta magneterna hos din magnetfiskespecialist: Magnetar!","robots":{"index":"index","follow":"follow","max-snippet":"max-snippet:-1","max-image-preview":"max-image-preview:large","max-video-preview":"max-video-preview:-1"},"canonical":"https:\/\/magnetarmagnets.com\/sv\/shop\/barbarian-360-allroundfiskemagnet-3500-lb-1600-kg-dragkraft\/","og_locale":"sv_SE","og_type":"article","og_title":"Barbarian 360\u00b0 allroundfiskemagnet \u2013 1600 kg dragkraft","og_description":"Barbarian-fiskemagneten: den mest extrema fiskemagneten i Europa! Best\u00e4ll de b\u00e4sta magneterna hos din magnetfiskespecialist: Magnetar!","og_url":"https:\/\/magnetarmagnets.com\/sv\/shop\/barbarian-360-allroundfiskemagnet-3500-lb-1600-kg-dragkraft\/","og_site_name":"Magnet fishing with a Magnetar fishing magnet","article_publisher":"https:\/\/www.facebook.com\/fishingmagnets\/","article_modified_time":"2026-04-04T10:16:19+00:00","og_image":[{"width":1000,"height":1000,"url":"https:\/\/magnetarmagnets.com\/wp-content\/uploads\/2020\/06\/Barbarian-magnet-360-Degrees-Neodymium.jpeg","type":"image\/jpeg"}],"twitter_card":"summary_large_image","twitter_misc":{"Ber\u00e4knad l\u00e4stid":"3 minuter"},"schema":{"@context":"https:\/\/schema.org","@graph":[{"@type":["WebPage","ItemPage"],"@id":"https:\/\/magnetarmagnets.com\/sv\/shop\/barbarian-360-allroundfiskemagnet-3500-lb-1600-kg-dragkraft\/","url":"https:\/\/magnetarmagnets.com\/sv\/shop\/barbarian-360-allroundfiskemagnet-3500-lb-1600-kg-dragkraft\/","name":"Barbarian 360\u00b0 allroundfiskemagnet \u2013 1600 kg dragkraft","isPartOf":{"@id":"https:\/\/magnetarmagnets.com\/sv\/#website"},"primaryImageOfPage":{"@id":"https:\/\/magnetarmagnets.com\/sv\/shop\/barbarian-360-allroundfiskemagnet-3500-lb-1600-kg-dragkraft\/#primaryimage"},"image":{"@id":"https:\/\/magnetarmagnets.com\/sv\/shop\/barbarian-360-allroundfiskemagnet-3500-lb-1600-kg-dragkraft\/#primaryimage"},"thumbnailUrl":"https:\/\/magnetarmagnets.com\/wp-content\/uploads\/2020\/06\/Barbarian-magnet-360-Degrees-Neodymium.jpeg","datePublished":"2025-06-05T07:54:17+00:00","dateModified":"2026-04-04T10:16:19+00:00","description":"Barbarian-fiskemagneten: den mest extrema fiskemagneten i Europa! Best\u00e4ll de b\u00e4sta magneterna hos din magnetfiskespecialist: Magnetar!","breadcrumb":{"@id":"https:\/\/magnetarmagnets.com\/sv\/shop\/barbarian-360-allroundfiskemagnet-3500-lb-1600-kg-dragkraft\/#breadcrumb"},"inLanguage":"sv-SE","potentialAction":[{"@type":"ReadAction","target":["https:\/\/magnetarmagnets.com\/sv\/shop\/barbarian-360-allroundfiskemagnet-3500-lb-1600-kg-dragkraft\/"]}]},{"@type":"ImageObject","inLanguage":"sv-SE","@id":"https:\/\/magnetarmagnets.com\/sv\/shop\/barbarian-360-allroundfiskemagnet-3500-lb-1600-kg-dragkraft\/#primaryimage","url":"https:\/\/magnetarmagnets.com\/wp-content\/uploads\/2020\/06\/Barbarian-magnet-360-Degrees-Neodymium.jpeg","contentUrl":"https:\/\/magnetarmagnets.com\/wp-content\/uploads\/2020\/06\/Barbarian-magnet-360-Degrees-Neodymium.jpeg","width":1000,"height":1000,"caption":"Barbarian for magnet fishing with 360 Degrees Neodymium power"},{"@type":"BreadcrumbList","@id":"https:\/\/magnetarmagnets.com\/sv\/shop\/barbarian-360-allroundfiskemagnet-3500-lb-1600-kg-dragkraft\/#breadcrumb","itemListElement":[{"@type":"ListItem","position":1,"name":"Home","item":"https:\/\/magnetarmagnets.com\/sv\/"},{"@type":"ListItem","position":2,"name":"Butik","item":"https:\/\/magnetarmagnets.com\/sv\/butik\/"},{"@type":"ListItem","position":3,"name":"Okategoriserad","item":"https:\/\/magnetarmagnets.com\/sv\/collections\/okategoriserad\/"},{"@type":"ListItem","position":4,"name":"Barbarian 360\u00b0 allroundfiskemagnet \u2013 1600 kg dragkraft"}]},{"@type":"WebSite","@id":"https:\/\/magnetarmagnets.com\/sv\/#website","url":"https:\/\/magnetarmagnets.com\/sv\/","name":"Magnet fishing with a Magnetar fishing magnet","description":"Kraftfulla magneter f\u00f6r magnetfiske","publisher":{"@id":"https:\/\/magnetarmagnets.com\/sv\/#organization"},"potentialAction":[{"@type":"SearchAction","target":{"@type":"EntryPoint","urlTemplate":"https:\/\/magnetarmagnets.com\/sv\/?s={search_term_string}"},"query-input":{"@type":"PropertyValueSpecification","valueRequired":true,"valueName":"search_term_string"}}],"inLanguage":"sv-SE"},{"@type":"Organization","@id":"https:\/\/magnetarmagnets.com\/sv\/#organization","name":"Magnetar","url":"https:\/\/magnetarmagnets.com\/sv\/","logo":{"@type":"ImageObject","inLanguage":"sv-SE","@id":"https:\/\/magnetarmagnets.com\/sv\/#\/schema\/logo\/image\/","url":"https:\/\/magnetarmagnets.com\/wp-content\/uploads\/2025\/05\/Logo-03_PNG-Black-scaled.png","contentUrl":"https:\/\/magnetarmagnets.com\/wp-content\/uploads\/2025\/05\/Logo-03_PNG-Black-scaled.png","width":2560,"height":1658,"caption":"Magnetar"},"image":{"@id":"https:\/\/magnetarmagnets.com\/sv\/#\/schema\/logo\/image\/"},"sameAs":["https:\/\/www.facebook.com\/fishingmagnets\/","https:\/\/www.instagram.com\/magnetar_magnets\/","https:\/\/www.linkedin.com\/company\/magnetarbv\/?originalSubdomain=nl","https:\/\/www.youtube.com\/c\/MagnetarVismagneet"]}]}},"_links":{"self":[{"href":"https:\/\/magnetarmagnets.com\/sv\/wp-json\/wp\/v2\/product\/67450","targetHints":{"allow":["GET"]}}],"collection":[{"href":"https:\/\/magnetarmagnets.com\/sv\/wp-json\/wp\/v2\/product"}],"about":[{"href":"https:\/\/magnetarmagnets.com\/sv\/wp-json\/wp\/v2\/types\/product"}],"replies":[{"embeddable":true,"href":"https:\/\/magnetarmagnets.com\/sv\/wp-json\/wp\/v2\/comments?post=67450"}],"version-history":[{"count":1,"href":"https:\/\/magnetarmagnets.com\/sv\/wp-json\/wp\/v2\/product\/67450\/revisions"}],"predecessor-version":[{"id":94603,"href":"https:\/\/magnetarmagnets.com\/sv\/wp-json\/wp\/v2\/product\/67450\/revisions\/94603"}],"wp:featuredmedia":[{"embeddable":true,"href":"https:\/\/magnetarmagnets.com\/sv\/wp-json\/wp\/v2\/media\/72176"}],"wp:attachment":[{"href":"https:\/\/magnetarmagnets.com\/sv\/wp-json\/wp\/v2\/media?parent=67450"}],"wp:term":[{"taxonomy":"product_brand","embeddable":true,"href":"https:\/\/magnetarmagnets.com\/sv\/wp-json\/wp\/v2\/product_brand?post=67450"},{"taxonomy":"product_cat","embeddable":true,"href":"https:\/\/magnetarmagnets.com\/sv\/wp-json\/wp\/v2\/product_cat?post=67450"},{"taxonomy":"product_tag","embeddable":true,"href":"https:\/\/magnetarmagnets.com\/sv\/wp-json\/wp\/v2\/product_tag?post=67450"}],"curies":[{"name":"wp","href":"https:\/\/api.w.org\/{rel}","templated":true}]}}