{"id":67448,"date":"2025-06-05T09:54:38","date_gmt":"2025-06-05T07:54:38","guid":{"rendered":"https:\/\/magnetarmagnets.com\/?post_type=product&#038;p=67448"},"modified":"2026-04-06T17:16:00","modified_gmt":"2026-04-06T15:16:00","slug":"forvaringsvaska-for-magnetfiske","status":"publish","type":"product","link":"https:\/\/magnetarmagnets.com\/sv\/shop\/forvaringsvaska-for-magnetfiske\/","title":{"rendered":"F\u00f6rvaringsv\u00e4ska f\u00f6r magnetfiske"},"content":{"rendered":"<h2>F\u00f6rvaringsv\u00e4ska f\u00f6r magneter &#8211; STOR<\/h2>\r\nI denna stora och rymliga magnetfiskev\u00e4ska kan du enkelt transportera dina magneter i bilen, p\u00e5 scootern eller cykeln. P\u00e5 s\u00e5 s\u00e4tt \u00e4r dina magneter v\u00e4l skyddade och du kan smidigt ta med dem till din nya magnetfiskefl\u00e4ck. Denna v\u00e4ska \u00f6kar ditt magnetfiske\u00e4ventyr och \u00e4r oumb\u00e4rlig f\u00f6r varje magnetfiskare! All utrustning p\u00e5 ett st\u00e4lle. Det \u00e4r en kraftig v\u00e4ska av utm\u00e4rkt kvalitet.\r\n\r\nL 16\u2019\u2019 x B 14,5\u2019\u2019 x H 6,25\u2019\u2019\r\n\r\nDenna skyddsv\u00e4ska \u00e4r robust och enkel att \u00f6ppna och st\u00e4nga. I denna plastv\u00e4ska kan du f\u00f6rvara dina magneter, men \u00e4ven verktyg eller andra f\u00f6rem\u00e5l. Denna praktiska v\u00e4ska fr\u00e5n Magnetar \u00e4r perfekt f\u00f6r att lagra hela ditt magnetfiske-set. Perfekt f\u00f6r s\u00e4ker och enkel f\u00f6rvaring av fiskemagnet och alla tillbeh\u00f6r. Ta med hela v\u00e4skan och ge dig ut p\u00e5 \u00e4ventyr. Efter <a href=\"https:\/\/magnetarmagnets.com\/\" target=\"_blank\" rel=\"noopener\">magnetfiske<\/a> kan du f\u00f6rvara allt ordentligt igen. Tips: torka allt innan du l\u00e4gger det i v\u00e4skan.\r\n\r\nGl\u00f6m inte att kolla in de <a href=\"https:\/\/magnetarmagnets.com\/collections\/fishing-magnets\/magnet-fishing-kit\/\" target=\"_blank\" rel=\"noopener\">b\u00e4sta fiskemagnetseten<\/a> eller v\u00e5rt <a href=\"https:\/\/magnetarmagnets.com\/accessories\/\" target=\"_blank\" rel=\"noopener\">magnetfisketillbeh\u00f6r<\/a>.","protected":false},"excerpt":{"rendered":"<p>Magnetar\u00ae-fodralet \u00e4r konstruerat f\u00f6r <strong>robust skydd<\/strong> till ett <strong>\u00f6verkomligt pris<\/strong>. I denna magnetfiskev\u00e4ska f\u00e5r du enkelt plats med en <strong>magnet och flera tillbeh\u00f6r<\/strong>.<\/p>\n<p>Passar alla <strong><a href=\"https:\/\/magnetarmagnets.com\/sv\/shop\/rep-for-magnetfiske-20-meter-65-fot\/\">rep<\/a><\/strong>, <strong><a href=\"https:\/\/magnetarmagnets.com\/sv\/shop\/magnetfiskehandske\/\">handskar<\/a><\/strong> och <strong><a href=\"https:\/\/magnetarmagnets.com\/sv\/collections\/fiske-magneter\/\">magneter<\/a><\/strong> fr\u00e5n Magnetar-sortimentet.<\/p>\n","protected":false},"featured_media":65583,"comment_status":"open","ping_status":"closed","template":"","meta":{"_acf_changed":false,"inline_featured_image":false},"product_brand":[],"product_cat":[239,270,268,167],"product_tag":[],"class_list":{"0":"post-67448","1":"product","2":"type-product","3":"status-publish","4":"has-post-thumbnail","6":"product_cat-magnet-fishing-gear-accessories-3","7":"product_cat-merchandise-sv","8":"product_cat-utrustning","9":"product_cat-okategoriserad","11":"first","12":"instock","13":"taxable","14":"shipping-taxable","15":"purchasable","16":"product-type-simple"},"acf":[],"yoast_head":"<!-- This site is optimized with the Yoast SEO plugin v27.4 - https:\/\/yoast.com\/product\/yoast-seo-wordpress\/ -->\n<title>F\u00f6rvaringsv\u00e4ska f\u00f6r magnetfiske - Magnet fishing with a Magnetar fishing magnet<\/title>\n<meta name=\"description\" content=\"F\u00f6rvaringsv\u00e4ska f\u00f6r magnetfiske - skydda din Magnetar-utrustning\" \/>\n<meta name=\"robots\" content=\"index, follow, max-snippet:-1, max-image-preview:large, max-video-preview:-1\" \/>\n<link rel=\"canonical\" href=\"https:\/\/magnetarmagnets.com\/sv\/shop\/forvaringsvaska-for-magnetfiske\/\" \/>\n<meta property=\"og:locale\" content=\"sv_SE\" \/>\n<meta property=\"og:type\" content=\"article\" \/>\n<meta property=\"og:title\" content=\"F\u00f6rvaringsv\u00e4ska f\u00f6r magnetfiske - Magnet fishing with a Magnetar fishing magnet\" \/>\n<meta property=\"og:description\" content=\"F\u00f6rvaringsv\u00e4ska f\u00f6r magnetfiske - skydda din Magnetar-utrustning\" \/>\n<meta property=\"og:url\" content=\"https:\/\/magnetarmagnets.com\/sv\/shop\/forvaringsvaska-for-magnetfiske\/\" \/>\n<meta property=\"og:site_name\" content=\"Magnet fishing with a Magnetar fishing magnet\" \/>\n<meta property=\"article:publisher\" content=\"https:\/\/www.facebook.com\/fishingmagnets\/\" \/>\n<meta property=\"article:modified_time\" content=\"2026-04-06T15:16:00+00:00\" \/>\n<meta property=\"og:image\" content=\"https:\/\/magnetarmagnets.com\/wp-content\/uploads\/2021\/11\/JNF-Magnetar-B.V.-Productfotografie-07-04-2024-Foto-0357-scaled.jpg\" \/>\n\t<meta property=\"og:image:width\" content=\"2560\" \/>\n\t<meta property=\"og:image:height\" content=\"2560\" \/>\n\t<meta property=\"og:image:type\" content=\"image\/jpeg\" \/>\n<meta name=\"twitter:card\" content=\"summary_large_image\" \/>\n<meta name=\"twitter:label1\" content=\"Ber\u00e4knad l\u00e4stid\" \/>\n\t<meta name=\"twitter:data1\" content=\"1 minut\" \/>\n<script type=\"application\/ld+json\" class=\"yoast-schema-graph\">{\"@context\":\"https:\\\/\\\/schema.org\",\"@graph\":[{\"@type\":[\"WebPage\",\"ItemPage\"],\"@id\":\"https:\\\/\\\/magnetarmagnets.com\\\/sv\\\/shop\\\/forvaringsvaska-for-magnetfiske\\\/\",\"url\":\"https:\\\/\\\/magnetarmagnets.com\\\/sv\\\/shop\\\/forvaringsvaska-for-magnetfiske\\\/\",\"name\":\"F\u00f6rvaringsv\u00e4ska f\u00f6r magnetfiske - Magnet fishing with a Magnetar fishing magnet\",\"isPartOf\":{\"@id\":\"https:\\\/\\\/magnetarmagnets.com\\\/sv\\\/#website\"},\"primaryImageOfPage\":{\"@id\":\"https:\\\/\\\/magnetarmagnets.com\\\/sv\\\/shop\\\/forvaringsvaska-for-magnetfiske\\\/#primaryimage\"},\"image\":{\"@id\":\"https:\\\/\\\/magnetarmagnets.com\\\/sv\\\/shop\\\/forvaringsvaska-for-magnetfiske\\\/#primaryimage\"},\"thumbnailUrl\":\"https:\\\/\\\/magnetarmagnets.com\\\/wp-content\\\/uploads\\\/2021\\\/11\\\/JNF-Magnetar-B.V.-Productfotografie-07-04-2024-Foto-0357-scaled.jpg\",\"datePublished\":\"2025-06-05T07:54:38+00:00\",\"dateModified\":\"2026-04-06T15:16:00+00:00\",\"description\":\"F\u00f6rvaringsv\u00e4ska f\u00f6r magnetfiske - skydda din Magnetar-utrustning\",\"breadcrumb\":{\"@id\":\"https:\\\/\\\/magnetarmagnets.com\\\/sv\\\/shop\\\/forvaringsvaska-for-magnetfiske\\\/#breadcrumb\"},\"inLanguage\":\"sv-SE\",\"potentialAction\":[{\"@type\":\"ReadAction\",\"target\":[\"https:\\\/\\\/magnetarmagnets.com\\\/sv\\\/shop\\\/forvaringsvaska-for-magnetfiske\\\/\"]}]},{\"@type\":\"ImageObject\",\"inLanguage\":\"sv-SE\",\"@id\":\"https:\\\/\\\/magnetarmagnets.com\\\/sv\\\/shop\\\/forvaringsvaska-for-magnetfiske\\\/#primaryimage\",\"url\":\"https:\\\/\\\/magnetarmagnets.com\\\/wp-content\\\/uploads\\\/2021\\\/11\\\/JNF-Magnetar-B.V.-Productfotografie-07-04-2024-Foto-0357-scaled.jpg\",\"contentUrl\":\"https:\\\/\\\/magnetarmagnets.com\\\/wp-content\\\/uploads\\\/2021\\\/11\\\/JNF-Magnetar-B.V.-Productfotografie-07-04-2024-Foto-0357-scaled.jpg\",\"width\":2560,\"height\":2560},{\"@type\":\"BreadcrumbList\",\"@id\":\"https:\\\/\\\/magnetarmagnets.com\\\/sv\\\/shop\\\/forvaringsvaska-for-magnetfiske\\\/#breadcrumb\",\"itemListElement\":[{\"@type\":\"ListItem\",\"position\":1,\"name\":\"Home\",\"item\":\"https:\\\/\\\/magnetarmagnets.com\\\/sv\\\/\"},{\"@type\":\"ListItem\",\"position\":2,\"name\":\"Butik\",\"item\":\"https:\\\/\\\/magnetarmagnets.com\\\/sv\\\/butik\\\/\"},{\"@type\":\"ListItem\",\"position\":3,\"name\":\"magnetfiskeutrustning\",\"item\":\"https:\\\/\\\/magnetarmagnets.com\\\/sv\\\/collections\\\/magnetfiskeutrustning-tillbehor-2-2\\\/\"},{\"@type\":\"ListItem\",\"position\":4,\"name\":\"F\u00f6rvaringsv\u00e4ska f\u00f6r magnetfiske\"}]},{\"@type\":\"WebSite\",\"@id\":\"https:\\\/\\\/magnetarmagnets.com\\\/sv\\\/#website\",\"url\":\"https:\\\/\\\/magnetarmagnets.com\\\/sv\\\/\",\"name\":\"Magnet fishing with a Magnetar fishing magnet\",\"description\":\"Kraftfulla magneter f\u00f6r magnetfiske\",\"publisher\":{\"@id\":\"https:\\\/\\\/magnetarmagnets.com\\\/sv\\\/#organization\"},\"potentialAction\":[{\"@type\":\"SearchAction\",\"target\":{\"@type\":\"EntryPoint\",\"urlTemplate\":\"https:\\\/\\\/magnetarmagnets.com\\\/sv\\\/?s={search_term_string}\"},\"query-input\":{\"@type\":\"PropertyValueSpecification\",\"valueRequired\":true,\"valueName\":\"search_term_string\"}}],\"inLanguage\":\"sv-SE\"},{\"@type\":\"Organization\",\"@id\":\"https:\\\/\\\/magnetarmagnets.com\\\/sv\\\/#organization\",\"name\":\"Magnetar\",\"url\":\"https:\\\/\\\/magnetarmagnets.com\\\/sv\\\/\",\"logo\":{\"@type\":\"ImageObject\",\"inLanguage\":\"sv-SE\",\"@id\":\"https:\\\/\\\/magnetarmagnets.com\\\/sv\\\/#\\\/schema\\\/logo\\\/image\\\/\",\"url\":\"https:\\\/\\\/magnetarmagnets.com\\\/wp-content\\\/uploads\\\/2025\\\/05\\\/Logo-03_PNG-Black-scaled.png\",\"contentUrl\":\"https:\\\/\\\/magnetarmagnets.com\\\/wp-content\\\/uploads\\\/2025\\\/05\\\/Logo-03_PNG-Black-scaled.png\",\"width\":2560,\"height\":1658,\"caption\":\"Magnetar\"},\"image\":{\"@id\":\"https:\\\/\\\/magnetarmagnets.com\\\/sv\\\/#\\\/schema\\\/logo\\\/image\\\/\"},\"sameAs\":[\"https:\\\/\\\/www.facebook.com\\\/fishingmagnets\\\/\",\"https:\\\/\\\/www.instagram.com\\\/magnetar_magnets\\\/\",\"https:\\\/\\\/www.linkedin.com\\\/company\\\/magnetarbv\\\/?originalSubdomain=nl\",\"https:\\\/\\\/www.youtube.com\\\/c\\\/MagnetarVismagneet\"]}]}<\/script>\n<!-- \/ Yoast SEO plugin. -->","yoast_head_json":{"title":"F\u00f6rvaringsv\u00e4ska f\u00f6r magnetfiske - Magnet fishing with a Magnetar fishing magnet","description":"F\u00f6rvaringsv\u00e4ska f\u00f6r magnetfiske - skydda din Magnetar-utrustning","robots":{"index":"index","follow":"follow","max-snippet":"max-snippet:-1","max-image-preview":"max-image-preview:large","max-video-preview":"max-video-preview:-1"},"canonical":"https:\/\/magnetarmagnets.com\/sv\/shop\/forvaringsvaska-for-magnetfiske\/","og_locale":"sv_SE","og_type":"article","og_title":"F\u00f6rvaringsv\u00e4ska f\u00f6r magnetfiske - Magnet fishing with a Magnetar fishing magnet","og_description":"F\u00f6rvaringsv\u00e4ska f\u00f6r magnetfiske - skydda din Magnetar-utrustning","og_url":"https:\/\/magnetarmagnets.com\/sv\/shop\/forvaringsvaska-for-magnetfiske\/","og_site_name":"Magnet fishing with a Magnetar fishing magnet","article_publisher":"https:\/\/www.facebook.com\/fishingmagnets\/","article_modified_time":"2026-04-06T15:16:00+00:00","og_image":[{"width":2560,"height":2560,"url":"https:\/\/magnetarmagnets.com\/wp-content\/uploads\/2021\/11\/JNF-Magnetar-B.V.-Productfotografie-07-04-2024-Foto-0357-scaled.jpg","type":"image\/jpeg"}],"twitter_card":"summary_large_image","twitter_misc":{"Ber\u00e4knad l\u00e4stid":"1 minut"},"schema":{"@context":"https:\/\/schema.org","@graph":[{"@type":["WebPage","ItemPage"],"@id":"https:\/\/magnetarmagnets.com\/sv\/shop\/forvaringsvaska-for-magnetfiske\/","url":"https:\/\/magnetarmagnets.com\/sv\/shop\/forvaringsvaska-for-magnetfiske\/","name":"F\u00f6rvaringsv\u00e4ska f\u00f6r magnetfiske - Magnet fishing with a Magnetar fishing magnet","isPartOf":{"@id":"https:\/\/magnetarmagnets.com\/sv\/#website"},"primaryImageOfPage":{"@id":"https:\/\/magnetarmagnets.com\/sv\/shop\/forvaringsvaska-for-magnetfiske\/#primaryimage"},"image":{"@id":"https:\/\/magnetarmagnets.com\/sv\/shop\/forvaringsvaska-for-magnetfiske\/#primaryimage"},"thumbnailUrl":"https:\/\/magnetarmagnets.com\/wp-content\/uploads\/2021\/11\/JNF-Magnetar-B.V.-Productfotografie-07-04-2024-Foto-0357-scaled.jpg","datePublished":"2025-06-05T07:54:38+00:00","dateModified":"2026-04-06T15:16:00+00:00","description":"F\u00f6rvaringsv\u00e4ska f\u00f6r magnetfiske - skydda din Magnetar-utrustning","breadcrumb":{"@id":"https:\/\/magnetarmagnets.com\/sv\/shop\/forvaringsvaska-for-magnetfiske\/#breadcrumb"},"inLanguage":"sv-SE","potentialAction":[{"@type":"ReadAction","target":["https:\/\/magnetarmagnets.com\/sv\/shop\/forvaringsvaska-for-magnetfiske\/"]}]},{"@type":"ImageObject","inLanguage":"sv-SE","@id":"https:\/\/magnetarmagnets.com\/sv\/shop\/forvaringsvaska-for-magnetfiske\/#primaryimage","url":"https:\/\/magnetarmagnets.com\/wp-content\/uploads\/2021\/11\/JNF-Magnetar-B.V.-Productfotografie-07-04-2024-Foto-0357-scaled.jpg","contentUrl":"https:\/\/magnetarmagnets.com\/wp-content\/uploads\/2021\/11\/JNF-Magnetar-B.V.-Productfotografie-07-04-2024-Foto-0357-scaled.jpg","width":2560,"height":2560},{"@type":"BreadcrumbList","@id":"https:\/\/magnetarmagnets.com\/sv\/shop\/forvaringsvaska-for-magnetfiske\/#breadcrumb","itemListElement":[{"@type":"ListItem","position":1,"name":"Home","item":"https:\/\/magnetarmagnets.com\/sv\/"},{"@type":"ListItem","position":2,"name":"Butik","item":"https:\/\/magnetarmagnets.com\/sv\/butik\/"},{"@type":"ListItem","position":3,"name":"magnetfiskeutrustning","item":"https:\/\/magnetarmagnets.com\/sv\/collections\/magnetfiskeutrustning-tillbehor-2-2\/"},{"@type":"ListItem","position":4,"name":"F\u00f6rvaringsv\u00e4ska f\u00f6r magnetfiske"}]},{"@type":"WebSite","@id":"https:\/\/magnetarmagnets.com\/sv\/#website","url":"https:\/\/magnetarmagnets.com\/sv\/","name":"Magnet fishing with a Magnetar fishing magnet","description":"Kraftfulla magneter f\u00f6r magnetfiske","publisher":{"@id":"https:\/\/magnetarmagnets.com\/sv\/#organization"},"potentialAction":[{"@type":"SearchAction","target":{"@type":"EntryPoint","urlTemplate":"https:\/\/magnetarmagnets.com\/sv\/?s={search_term_string}"},"query-input":{"@type":"PropertyValueSpecification","valueRequired":true,"valueName":"search_term_string"}}],"inLanguage":"sv-SE"},{"@type":"Organization","@id":"https:\/\/magnetarmagnets.com\/sv\/#organization","name":"Magnetar","url":"https:\/\/magnetarmagnets.com\/sv\/","logo":{"@type":"ImageObject","inLanguage":"sv-SE","@id":"https:\/\/magnetarmagnets.com\/sv\/#\/schema\/logo\/image\/","url":"https:\/\/magnetarmagnets.com\/wp-content\/uploads\/2025\/05\/Logo-03_PNG-Black-scaled.png","contentUrl":"https:\/\/magnetarmagnets.com\/wp-content\/uploads\/2025\/05\/Logo-03_PNG-Black-scaled.png","width":2560,"height":1658,"caption":"Magnetar"},"image":{"@id":"https:\/\/magnetarmagnets.com\/sv\/#\/schema\/logo\/image\/"},"sameAs":["https:\/\/www.facebook.com\/fishingmagnets\/","https:\/\/www.instagram.com\/magnetar_magnets\/","https:\/\/www.linkedin.com\/company\/magnetarbv\/?originalSubdomain=nl","https:\/\/www.youtube.com\/c\/MagnetarVismagneet"]}]}},"_links":{"self":[{"href":"https:\/\/magnetarmagnets.com\/sv\/wp-json\/wp\/v2\/product\/67448","targetHints":{"allow":["GET"]}}],"collection":[{"href":"https:\/\/magnetarmagnets.com\/sv\/wp-json\/wp\/v2\/product"}],"about":[{"href":"https:\/\/magnetarmagnets.com\/sv\/wp-json\/wp\/v2\/types\/product"}],"replies":[{"embeddable":true,"href":"https:\/\/magnetarmagnets.com\/sv\/wp-json\/wp\/v2\/comments?post=67448"}],"version-history":[{"count":0,"href":"https:\/\/magnetarmagnets.com\/sv\/wp-json\/wp\/v2\/product\/67448\/revisions"}],"wp:featuredmedia":[{"embeddable":true,"href":"https:\/\/magnetarmagnets.com\/sv\/wp-json\/wp\/v2\/media\/65583"}],"wp:attachment":[{"href":"https:\/\/magnetarmagnets.com\/sv\/wp-json\/wp\/v2\/media?parent=67448"}],"wp:term":[{"taxonomy":"product_brand","embeddable":true,"href":"https:\/\/magnetarmagnets.com\/sv\/wp-json\/wp\/v2\/product_brand?post=67448"},{"taxonomy":"product_cat","embeddable":true,"href":"https:\/\/magnetarmagnets.com\/sv\/wp-json\/wp\/v2\/product_cat?post=67448"},{"taxonomy":"product_tag","embeddable":true,"href":"https:\/\/magnetarmagnets.com\/sv\/wp-json\/wp\/v2\/product_tag?post=67448"}],"curies":[{"name":"wp","href":"https:\/\/api.w.org\/{rel}","templated":true}]}}