{"id":67447,"date":"2025-06-05T09:54:17","date_gmt":"2025-06-05T07:54:17","guid":{"rendered":"https:\/\/magnetarmagnets.com\/?post_type=product&#038;p=67447"},"modified":"2026-04-07T06:19:57","modified_gmt":"2026-04-07T04:19:57","slug":"legendpaket-1400-kg-3100-lb-beast-allround-360-fiskemagnet","status":"publish","type":"product","link":"https:\/\/magnetarmagnets.com\/sv\/shop\/legendpaket-1400-kg-3100-lb-beast-allround-360-fiskemagnet\/","title":{"rendered":"Legendpaket \u2013 1400 kg &#8211; Beast Allround 360\u00b0 fiskemagnet"},"content":{"rendered":"<b>\u00c4r du en legendarisk magnetfiskare?<\/b> Eller vill du bli en legend? V\u00e5rt <a href=\"https:\/\/magnetarmagnets.com\/shop\/legend-package\/\" target=\"_blank\" rel=\"noopener\">Legendpaket<\/a> \u00e4r det perfekta valet och inneh\u00e5ller allt du beh\u00f6ver f\u00f6r att komma ig\u00e5ng (och f\u00e5 paketpris!). Detta paket inkluderar v\u00e5r Beast allround 360\u00b0 fiskemagnet. Paketet inneh\u00e5ller \u00e4ven ett starkt rep \u2153\u2019\u2019 i diameter \/ 10 mm med karbinhake, ett par vattent\u00e4ta handskar, ett Legend-skydd, lim och en extra stor grapplingkrok i rostfritt st\u00e5l. Vill du ta n\u00e4sta steg? Kolla in v\u00e5rt <a href=\"https:\/\/magnetarmagnets.com\/shop\/warrior-package\/\" target=\"_blank\" rel=\"noopener\">Warrior Package<\/a>!\r\n<h2><b>Beast neodymmagnet f\u00f6r magnetfiske<\/b><\/h2>\r\nDe positiva reaktionerna p\u00e5 v\u00e5ra <a href=\"https:\/\/magnetarmagnets.com\/shop\/hardcore-magnet-2\/\" target=\"_blank\" rel=\"noopener\">Hardcore<\/a>&#8211; och <a href=\"https:\/\/magnetarmagnets.com\/shop\/exclusive-terror-magnet\/\" target=\"_blank\" rel=\"noopener\">Terror<\/a>-magneter inspirerade oss att utveckla en ny superkraft: Beast! Beast \u00e4r \u00e4nnu kraftfullare \u00e4n v\u00e5ra Hardcore- &amp; Terror-neodymmagneter \u2013 den \u00e4r inte bara stark, den \u00e4r BEASTLY stark. Beast fiskemagnet \u00e4r den st\u00f6rre efterf\u00f6ljaren till den v\u00e4lk\u00e4nda Terror-magneten. Eftersom magneten \u00e4r tyngre sjunker den extra djupt i lera och sediment, vilket g\u00f6r att den n\u00e5r djupare, sv\u00e5rfunna f\u00f6rem\u00e5l.\r\n\r\nSom en allround fiskemagnet har Beast en magnetisk dragningskraft p\u00e5 cirka 770 lb \/ 350 kg per sida. Tillverkad av 100 % neodym, det starkaste permanenta s\u00e4llsynta jordartsmetallen, ger Beast b\u00e4sta m\u00f6jliga chanser att f\u00e5nga metallf\u00f6rem\u00e5l b\u00e5de n\u00e4ra och l\u00e5ngt bort.\r\n<h2><b>\u00c4r du redo att testa Beast?<\/b><\/h2>\r\nNamnet s\u00e4ger allt \u2013 denna magnet \u00e4r ett odjur! Beast fiskemagnet har 360\u00b0 dragningskraft p\u00e5 3100 lb \/ 1400 kg och \u00e4r en av de <a href=\"https:\/\/magnetarmagnets.com\/\" target=\"_blank\" rel=\"noopener\">b\u00e4sta fiskemagneterna<\/a> vi erbjuder. F\u00f6rem\u00e5l dras till alla sidor av magneten under alla under vattenf\u00f6rh\u00e5llanden (lera, sediment, str\u00f6m, klippigt), och den fastnar inte l\u00e4tt i stenar. Designad f\u00f6r den avancerade magnetfiskaren kr\u00e4ver denna magnet extra omsorg och eftertanke.\r\n\r\nBeast \u00e4r f\u00f6r de kraftfulla magnetfiskarna som vet vad de g\u00f6r. Denna magnet \u00e4r s\u00e5 stark att den r\u00f6r sig under vatten och s\u00f6ker efter f\u00f6rem\u00e5l p\u00e5 egen hand. Magneten \u00e4r s\u00e5 tung att den skrapar genom lera och n\u00e5r n\u00e5gra av de djupaste, \u00e4ldsta och mest dolda f\u00f6rem\u00e5len. Uppgradera din utrustning f\u00f6r att hitta de tyngsta skatterna som stora kassask\u00e5p, vapen, bildelar, skotrar, elcyklar och mycket mer.\r\n<h2><b>Magnetutveckling<\/b><\/h2>\r\nM\u00e5nga magneter har endast dragningskraft p\u00e5 ena sidan \u2013 detta enkelsidiga utf\u00f6rande \u00e4r den klassiska fiskemagneten. Magnetar var det f\u00f6rsta f\u00f6retaget att omvandla denna klassiska magnet till en dubbelsidig magnet. Sedan 2016 har Magnetar utvecklat allround fiskemagnet med 360\u00b0 dragningskraft. Magnetfiskare i hela EU har f\u00f6r\u00e4lskat sig i v\u00e5ra 100 % neodym-magneter och gjort oss till den ledande leverant\u00f6ren i Europa. V\u00e5ra magneter tillverkas med h\u00f6gsta kvalitet, design och omsorg av ett litet team magnetfiskeentusiaster. V\u00e5ra kunder kommer tillbaka g\u00e5ng p\u00e5 g\u00e5ng eftersom de vet att med Magnetar f\u00e5r de mer \u00e4n en magnet \u2013 de drar upp skatter.\r\n<h2><strong>Kraftfull 360\u00b0 dragningskraft<\/strong><\/h2>\r\nBeast-magneten \u00e4r en av de starkaste magneterna vi erbjuder med en dragningskraft p\u00e5 upp till 3100 lb\/1400 kg. Dragningskraften fr\u00e5n Beast \u00e4r kraftfull och kan attrahera f\u00f6rem\u00e5l fr\u00e5n hela omgivningen, till skillnad fr\u00e5n en enkelsidig magnet innesluten i ett st\u00e5lh\u00f6lje som riktar kraften \u00e5t ett h\u00e5ll. Nyfiken p\u00e5 v\u00e5r dragningskraftsm\u00e4tning? <a href=\"https:\/\/www.youtube.com\/watch?v=2McW3RURDxs\" target=\"_blank\" rel=\"noopener\">Titta p\u00e5 v\u00e5r video om dragningskraftsm\u00e4tningar<\/a>.\r\n<h2><b>H\u00f6g kvalitet<\/b><\/h2>\r\nV\u00e5ra fiskemagneter \u00e4r tillverkade av 100 % neodym. Magnetar-magneter beh\u00e5ller sin dragningskraft i \u00e5rtionden och f\u00f6rlorar endast 1 % var hundrade \u00e5r (med korrekt f\u00f6rvaring, sk\u00f6tsel och skydd).\r\n\r\nDe flesta andra magnetleverant\u00f6rer visar redan f\u00f6rlust av dragningskraft efter bara n\u00e5gra veckor. Under de senaste \u00e5ren har vi sett fler och fler l\u00e5gkvalitativa magneter p\u00e5 marknaden: st\u00f6rre magneter med l\u00e4gre dragningskraft, d\u00e5lig neodym, falsk marknadsf\u00f6ring. N\u00e4r du k\u00f6per en av dessa magneter till ett l\u00e4gre pris eller fr\u00e5n ett stort konglomerat kommer du att bli besviken trots att du sparade pengar.\r\n\r\nMagnetar \u00e4r ett litet familjef\u00f6retag som s\u00e4tter kvalitet i f\u00f6rsta hand i allt vi g\u00f6r. Vi \u00e4r magnetfiskeentusiaster och alla v\u00e5ra magneter ritas, designas och tillverkas av v\u00e5rt team f\u00f6r att du ska f\u00e5 maximalt v\u00e4rde f\u00f6r pengarna (eller f\u00f6r skatterna du hittar!). Om du vill ha en p\u00e5litlig, effektiv och kraftfull fiskemagnet har du kommit r\u00e4tt. V\u00e5rt team h\u00f6r g\u00e4rna av dig, <a href=\"mailto:info@magnetarmagnets.com\">kontakta oss h\u00e4r<\/a>.\r\n<h2><b>Skyddsh\u00f6lje<\/b><\/h2>\r\nSkyddsh\u00f6ljet som ing\u00e5r i detta paket \u00e4r det perfekta tillbeh\u00f6ret f\u00f6r magnetfiskare som vill skydda sina neodymmagneter vid anv\u00e4ndning. Dessa slitstarka h\u00f6ljen \u00e4r speciellt designade f\u00f6r att passa perfekt p\u00e5 magneten och ge ett extra skyddslager mot repor, sprickor och andra skador. V\u00e5ra skyddsh\u00f6ljen \u00e4r byggda f\u00f6r att h\u00e5lla och t\u00e5l de tuffaste f\u00f6rh\u00e5llanden. Skyddsh\u00f6ljet \u00e4r tillverkat av rostfritt st\u00e5l, vilket s\u00e4kerst\u00e4ller att din magnet f\u00f6rblir magnetisk 360\u00b0. Med v\u00e5ra skyddsh\u00f6ljen kan du njuta av magnetfiske utan att oroa dig f\u00f6r skador p\u00e5 din v\u00e4rdefulla fiskemagnet.\r\n\r\n(Observera att magnetens undersida inte skyddas av h\u00f6ljet)\r\n<h2><b>Anv\u00e4nd med f\u00f6rsiktighet<\/b><\/h2>\r\nV\u00e5ra neodym-magneter \u00e4r de <a href=\"https:\/\/magnetarmagnets.com\/strong-fishing-magnets\/\" target=\"_blank\" rel=\"noopener\">starkaste fiskemagneterna<\/a> och kan dras till j\u00e4rnf\u00f6rem\u00e5l med h\u00f6g hastighet p\u00e5 n\u00e4ra h\u00e5ll. Med de starkare magneterna som 360\u00b0 allround kan dina fingrar fastna mellan magneten och andra f\u00f6rem\u00e5l. Hantera magneterna varsamt och anv\u00e4nd dem p\u00e5 egen risk. L\u00e4s alltid v\u00e5ra s\u00e4kerhetsvarningar f\u00f6re anv\u00e4ndning.\r\n\r\n* Barn m\u00e5ste anv\u00e4nda magneten under vuxens tillsyn.\r\n\r\nGl\u00f6m inte att kolla in v\u00e5ra <a href=\"https:\/\/magnetarmagnets.com\/collections\/fishing-magnets\/magnet-fishing-kit\/\" target=\"_blank\" rel=\"noopener\">fiskemagnet-set<\/a> eller <a href=\"https:\/\/magnetarmagnets.com\/accessories\/\" target=\"_blank\" rel=\"noopener\">magnetfiske-tillbeh\u00f6r<\/a>.","protected":false},"excerpt":{"rendered":"<p><span style=\"font-weight: 400;\"><strong>Extremt<\/strong> och <strong>komplett<\/strong> p\u00e5 bryggan med <strong>Beast allround 360\u00b0 fiskemagnet<\/strong> och tillbeh\u00f6r, f\u00f6r den <strong>riktiga Legend<\/strong>!<\/span><\/p>\n","protected":false},"featured_media":65023,"comment_status":"open","ping_status":"closed","template":"","meta":{"_acf_changed":false,"inline_featured_image":false},"product_brand":[],"product_cat":[266,261,280,267,167],"product_tag":[],"class_list":{"0":"post-67447","1":"product","2":"type-product","3":"status-publish","4":"has-post-thumbnail","6":"product_cat-allround-360-fiske-magneter","7":"product_cat-fiske-magneter","8":"product_cat-for-proffs","9":"product_cat-magnetfiske-kit","10":"product_cat-okategoriserad","12":"first","13":"instock","14":"sale","15":"taxable","16":"shipping-taxable","17":"purchasable","18":"product-type-simple"},"acf":[],"yoast_head":"<!-- This site is optimized with the Yoast SEO plugin v27.3 - https:\/\/yoast.com\/product\/yoast-seo-wordpress\/ -->\n<title>Legendpaket \u2013 1400 kg - Beast Allround 360\u00b0 fiskemagnet - Magnet fishing with a Magnetar fishing magnet<\/title>\n<meta name=\"description\" content=\"Legendpaket \u2013 1400 kg (3100 lb) Beast \u2013 Magnetfiske Magnetar\" \/>\n<meta name=\"robots\" content=\"index, follow, max-snippet:-1, max-image-preview:large, max-video-preview:-1\" \/>\n<link rel=\"canonical\" href=\"https:\/\/magnetarmagnets.com\/sv\/shop\/legendpaket-1400-kg-3100-lb-beast-allround-360-fiskemagnet\/\" \/>\n<meta property=\"og:locale\" content=\"sv_SE\" \/>\n<meta property=\"og:type\" content=\"article\" \/>\n<meta property=\"og:title\" content=\"Legendpaket \u2013 1400 kg - Beast Allround 360\u00b0 fiskemagnet - Magnet fishing with a Magnetar fishing magnet\" \/>\n<meta property=\"og:description\" content=\"Legendpaket \u2013 1400 kg (3100 lb) Beast \u2013 Magnetfiske Magnetar\" \/>\n<meta property=\"og:url\" content=\"https:\/\/magnetarmagnets.com\/sv\/shop\/legendpaket-1400-kg-3100-lb-beast-allround-360-fiskemagnet\/\" \/>\n<meta property=\"og:site_name\" content=\"Magnet fishing with a Magnetar fishing magnet\" \/>\n<meta property=\"article:publisher\" content=\"https:\/\/www.facebook.com\/fishingmagnets\/\" \/>\n<meta property=\"article:modified_time\" content=\"2026-04-07T04:19:57+00:00\" \/>\n<meta property=\"og:image\" content=\"https:\/\/magnetarmagnets.com\/wp-content\/uploads\/2021\/10\/MAGNETAR-LEGEND-KIT-GOOGLE.jpg\" \/>\n\t<meta property=\"og:image:width\" content=\"1500\" \/>\n\t<meta property=\"og:image:height\" content=\"1500\" \/>\n\t<meta property=\"og:image:type\" content=\"image\/jpeg\" \/>\n<meta name=\"twitter:card\" content=\"summary_large_image\" \/>\n<meta name=\"twitter:label1\" content=\"Ber\u00e4knad l\u00e4stid\" \/>\n\t<meta name=\"twitter:data1\" content=\"5 minuter\" \/>\n<script type=\"application\/ld+json\" class=\"yoast-schema-graph\">{\"@context\":\"https:\\\/\\\/schema.org\",\"@graph\":[{\"@type\":[\"WebPage\",\"ItemPage\"],\"@id\":\"https:\\\/\\\/magnetarmagnets.com\\\/sv\\\/shop\\\/legendpaket-1400-kg-3100-lb-beast-allround-360-fiskemagnet\\\/\",\"url\":\"https:\\\/\\\/magnetarmagnets.com\\\/sv\\\/shop\\\/legendpaket-1400-kg-3100-lb-beast-allround-360-fiskemagnet\\\/\",\"name\":\"Legendpaket \u2013 1400 kg - Beast Allround 360\u00b0 fiskemagnet - Magnet fishing with a Magnetar fishing magnet\",\"isPartOf\":{\"@id\":\"https:\\\/\\\/magnetarmagnets.com\\\/sv\\\/#website\"},\"primaryImageOfPage\":{\"@id\":\"https:\\\/\\\/magnetarmagnets.com\\\/sv\\\/shop\\\/legendpaket-1400-kg-3100-lb-beast-allround-360-fiskemagnet\\\/#primaryimage\"},\"image\":{\"@id\":\"https:\\\/\\\/magnetarmagnets.com\\\/sv\\\/shop\\\/legendpaket-1400-kg-3100-lb-beast-allround-360-fiskemagnet\\\/#primaryimage\"},\"thumbnailUrl\":\"https:\\\/\\\/magnetarmagnets.com\\\/wp-content\\\/uploads\\\/2021\\\/10\\\/MAGNETAR-LEGEND-KIT-GOOGLE.jpg\",\"datePublished\":\"2025-06-05T07:54:17+00:00\",\"dateModified\":\"2026-04-07T04:19:57+00:00\",\"description\":\"Legendpaket \u2013 1400 kg (3100 lb) Beast \u2013 Magnetfiske Magnetar\",\"breadcrumb\":{\"@id\":\"https:\\\/\\\/magnetarmagnets.com\\\/sv\\\/shop\\\/legendpaket-1400-kg-3100-lb-beast-allround-360-fiskemagnet\\\/#breadcrumb\"},\"inLanguage\":\"sv-SE\",\"potentialAction\":[{\"@type\":\"ReadAction\",\"target\":[\"https:\\\/\\\/magnetarmagnets.com\\\/sv\\\/shop\\\/legendpaket-1400-kg-3100-lb-beast-allround-360-fiskemagnet\\\/\"]}]},{\"@type\":\"ImageObject\",\"inLanguage\":\"sv-SE\",\"@id\":\"https:\\\/\\\/magnetarmagnets.com\\\/sv\\\/shop\\\/legendpaket-1400-kg-3100-lb-beast-allround-360-fiskemagnet\\\/#primaryimage\",\"url\":\"https:\\\/\\\/magnetarmagnets.com\\\/wp-content\\\/uploads\\\/2021\\\/10\\\/MAGNETAR-LEGEND-KIT-GOOGLE.jpg\",\"contentUrl\":\"https:\\\/\\\/magnetarmagnets.com\\\/wp-content\\\/uploads\\\/2021\\\/10\\\/MAGNETAR-LEGEND-KIT-GOOGLE.jpg\",\"width\":1500,\"height\":1500},{\"@type\":\"BreadcrumbList\",\"@id\":\"https:\\\/\\\/magnetarmagnets.com\\\/sv\\\/shop\\\/legendpaket-1400-kg-3100-lb-beast-allround-360-fiskemagnet\\\/#breadcrumb\",\"itemListElement\":[{\"@type\":\"ListItem\",\"position\":1,\"name\":\"Home\",\"item\":\"https:\\\/\\\/magnetarmagnets.com\\\/sv\\\/\"},{\"@type\":\"ListItem\",\"position\":2,\"name\":\"Butik\",\"item\":\"https:\\\/\\\/magnetarmagnets.com\\\/sv\\\/butik\\\/\"},{\"@type\":\"ListItem\",\"position\":3,\"name\":\"Fiske magneter\",\"item\":\"https:\\\/\\\/magnetarmagnets.com\\\/sv\\\/collections\\\/fiske-magneter\\\/\"},{\"@type\":\"ListItem\",\"position\":4,\"name\":\"Allround 360 fiske magneter\",\"item\":\"https:\\\/\\\/magnetarmagnets.com\\\/sv\\\/collections\\\/fiske-magneter\\\/allround-360-fiske-magneter\\\/\"},{\"@type\":\"ListItem\",\"position\":5,\"name\":\"Legendpaket \u2013 1400 kg &#8211; Beast Allround 360\u00b0 fiskemagnet\"}]},{\"@type\":\"WebSite\",\"@id\":\"https:\\\/\\\/magnetarmagnets.com\\\/sv\\\/#website\",\"url\":\"https:\\\/\\\/magnetarmagnets.com\\\/sv\\\/\",\"name\":\"Magnet fishing with a Magnetar fishing magnet\",\"description\":\"Kraftfulla magneter f\u00f6r magnetfiske\",\"publisher\":{\"@id\":\"https:\\\/\\\/magnetarmagnets.com\\\/sv\\\/#organization\"},\"potentialAction\":[{\"@type\":\"SearchAction\",\"target\":{\"@type\":\"EntryPoint\",\"urlTemplate\":\"https:\\\/\\\/magnetarmagnets.com\\\/sv\\\/?s={search_term_string}\"},\"query-input\":{\"@type\":\"PropertyValueSpecification\",\"valueRequired\":true,\"valueName\":\"search_term_string\"}}],\"inLanguage\":\"sv-SE\"},{\"@type\":\"Organization\",\"@id\":\"https:\\\/\\\/magnetarmagnets.com\\\/sv\\\/#organization\",\"name\":\"Magnetar\",\"url\":\"https:\\\/\\\/magnetarmagnets.com\\\/sv\\\/\",\"logo\":{\"@type\":\"ImageObject\",\"inLanguage\":\"sv-SE\",\"@id\":\"https:\\\/\\\/magnetarmagnets.com\\\/sv\\\/#\\\/schema\\\/logo\\\/image\\\/\",\"url\":\"https:\\\/\\\/magnetarmagnets.com\\\/wp-content\\\/uploads\\\/2025\\\/05\\\/Logo-03_PNG-Black-scaled.png\",\"contentUrl\":\"https:\\\/\\\/magnetarmagnets.com\\\/wp-content\\\/uploads\\\/2025\\\/05\\\/Logo-03_PNG-Black-scaled.png\",\"width\":2560,\"height\":1658,\"caption\":\"Magnetar\"},\"image\":{\"@id\":\"https:\\\/\\\/magnetarmagnets.com\\\/sv\\\/#\\\/schema\\\/logo\\\/image\\\/\"},\"sameAs\":[\"https:\\\/\\\/www.facebook.com\\\/fishingmagnets\\\/\",\"https:\\\/\\\/www.instagram.com\\\/magnetar_magnets\\\/\",\"https:\\\/\\\/www.linkedin.com\\\/company\\\/magnetarbv\\\/?originalSubdomain=nl\",\"https:\\\/\\\/www.youtube.com\\\/c\\\/MagnetarVismagneet\"]}]}<\/script>\n<!-- \/ Yoast SEO plugin. -->","yoast_head_json":{"title":"Legendpaket \u2013 1400 kg - Beast Allround 360\u00b0 fiskemagnet - Magnet fishing with a Magnetar fishing magnet","description":"Legendpaket \u2013 1400 kg (3100 lb) Beast \u2013 Magnetfiske Magnetar","robots":{"index":"index","follow":"follow","max-snippet":"max-snippet:-1","max-image-preview":"max-image-preview:large","max-video-preview":"max-video-preview:-1"},"canonical":"https:\/\/magnetarmagnets.com\/sv\/shop\/legendpaket-1400-kg-3100-lb-beast-allround-360-fiskemagnet\/","og_locale":"sv_SE","og_type":"article","og_title":"Legendpaket \u2013 1400 kg - Beast Allround 360\u00b0 fiskemagnet - Magnet fishing with a Magnetar fishing magnet","og_description":"Legendpaket \u2013 1400 kg (3100 lb) Beast \u2013 Magnetfiske Magnetar","og_url":"https:\/\/magnetarmagnets.com\/sv\/shop\/legendpaket-1400-kg-3100-lb-beast-allround-360-fiskemagnet\/","og_site_name":"Magnet fishing with a Magnetar fishing magnet","article_publisher":"https:\/\/www.facebook.com\/fishingmagnets\/","article_modified_time":"2026-04-07T04:19:57+00:00","og_image":[{"width":1500,"height":1500,"url":"https:\/\/magnetarmagnets.com\/wp-content\/uploads\/2021\/10\/MAGNETAR-LEGEND-KIT-GOOGLE.jpg","type":"image\/jpeg"}],"twitter_card":"summary_large_image","twitter_misc":{"Ber\u00e4knad l\u00e4stid":"5 minuter"},"schema":{"@context":"https:\/\/schema.org","@graph":[{"@type":["WebPage","ItemPage"],"@id":"https:\/\/magnetarmagnets.com\/sv\/shop\/legendpaket-1400-kg-3100-lb-beast-allround-360-fiskemagnet\/","url":"https:\/\/magnetarmagnets.com\/sv\/shop\/legendpaket-1400-kg-3100-lb-beast-allround-360-fiskemagnet\/","name":"Legendpaket \u2013 1400 kg - Beast Allround 360\u00b0 fiskemagnet - Magnet fishing with a Magnetar fishing magnet","isPartOf":{"@id":"https:\/\/magnetarmagnets.com\/sv\/#website"},"primaryImageOfPage":{"@id":"https:\/\/magnetarmagnets.com\/sv\/shop\/legendpaket-1400-kg-3100-lb-beast-allround-360-fiskemagnet\/#primaryimage"},"image":{"@id":"https:\/\/magnetarmagnets.com\/sv\/shop\/legendpaket-1400-kg-3100-lb-beast-allround-360-fiskemagnet\/#primaryimage"},"thumbnailUrl":"https:\/\/magnetarmagnets.com\/wp-content\/uploads\/2021\/10\/MAGNETAR-LEGEND-KIT-GOOGLE.jpg","datePublished":"2025-06-05T07:54:17+00:00","dateModified":"2026-04-07T04:19:57+00:00","description":"Legendpaket \u2013 1400 kg (3100 lb) Beast \u2013 Magnetfiske Magnetar","breadcrumb":{"@id":"https:\/\/magnetarmagnets.com\/sv\/shop\/legendpaket-1400-kg-3100-lb-beast-allround-360-fiskemagnet\/#breadcrumb"},"inLanguage":"sv-SE","potentialAction":[{"@type":"ReadAction","target":["https:\/\/magnetarmagnets.com\/sv\/shop\/legendpaket-1400-kg-3100-lb-beast-allround-360-fiskemagnet\/"]}]},{"@type":"ImageObject","inLanguage":"sv-SE","@id":"https:\/\/magnetarmagnets.com\/sv\/shop\/legendpaket-1400-kg-3100-lb-beast-allround-360-fiskemagnet\/#primaryimage","url":"https:\/\/magnetarmagnets.com\/wp-content\/uploads\/2021\/10\/MAGNETAR-LEGEND-KIT-GOOGLE.jpg","contentUrl":"https:\/\/magnetarmagnets.com\/wp-content\/uploads\/2021\/10\/MAGNETAR-LEGEND-KIT-GOOGLE.jpg","width":1500,"height":1500},{"@type":"BreadcrumbList","@id":"https:\/\/magnetarmagnets.com\/sv\/shop\/legendpaket-1400-kg-3100-lb-beast-allround-360-fiskemagnet\/#breadcrumb","itemListElement":[{"@type":"ListItem","position":1,"name":"Home","item":"https:\/\/magnetarmagnets.com\/sv\/"},{"@type":"ListItem","position":2,"name":"Butik","item":"https:\/\/magnetarmagnets.com\/sv\/butik\/"},{"@type":"ListItem","position":3,"name":"Fiske magneter","item":"https:\/\/magnetarmagnets.com\/sv\/collections\/fiske-magneter\/"},{"@type":"ListItem","position":4,"name":"Allround 360 fiske magneter","item":"https:\/\/magnetarmagnets.com\/sv\/collections\/fiske-magneter\/allround-360-fiske-magneter\/"},{"@type":"ListItem","position":5,"name":"Legendpaket \u2013 1400 kg &#8211; Beast Allround 360\u00b0 fiskemagnet"}]},{"@type":"WebSite","@id":"https:\/\/magnetarmagnets.com\/sv\/#website","url":"https:\/\/magnetarmagnets.com\/sv\/","name":"Magnet fishing with a Magnetar fishing magnet","description":"Kraftfulla magneter f\u00f6r magnetfiske","publisher":{"@id":"https:\/\/magnetarmagnets.com\/sv\/#organization"},"potentialAction":[{"@type":"SearchAction","target":{"@type":"EntryPoint","urlTemplate":"https:\/\/magnetarmagnets.com\/sv\/?s={search_term_string}"},"query-input":{"@type":"PropertyValueSpecification","valueRequired":true,"valueName":"search_term_string"}}],"inLanguage":"sv-SE"},{"@type":"Organization","@id":"https:\/\/magnetarmagnets.com\/sv\/#organization","name":"Magnetar","url":"https:\/\/magnetarmagnets.com\/sv\/","logo":{"@type":"ImageObject","inLanguage":"sv-SE","@id":"https:\/\/magnetarmagnets.com\/sv\/#\/schema\/logo\/image\/","url":"https:\/\/magnetarmagnets.com\/wp-content\/uploads\/2025\/05\/Logo-03_PNG-Black-scaled.png","contentUrl":"https:\/\/magnetarmagnets.com\/wp-content\/uploads\/2025\/05\/Logo-03_PNG-Black-scaled.png","width":2560,"height":1658,"caption":"Magnetar"},"image":{"@id":"https:\/\/magnetarmagnets.com\/sv\/#\/schema\/logo\/image\/"},"sameAs":["https:\/\/www.facebook.com\/fishingmagnets\/","https:\/\/www.instagram.com\/magnetar_magnets\/","https:\/\/www.linkedin.com\/company\/magnetarbv\/?originalSubdomain=nl","https:\/\/www.youtube.com\/c\/MagnetarVismagneet"]}]}},"_links":{"self":[{"href":"https:\/\/magnetarmagnets.com\/sv\/wp-json\/wp\/v2\/product\/67447","targetHints":{"allow":["GET"]}}],"collection":[{"href":"https:\/\/magnetarmagnets.com\/sv\/wp-json\/wp\/v2\/product"}],"about":[{"href":"https:\/\/magnetarmagnets.com\/sv\/wp-json\/wp\/v2\/types\/product"}],"replies":[{"embeddable":true,"href":"https:\/\/magnetarmagnets.com\/sv\/wp-json\/wp\/v2\/comments?post=67447"}],"version-history":[{"count":0,"href":"https:\/\/magnetarmagnets.com\/sv\/wp-json\/wp\/v2\/product\/67447\/revisions"}],"wp:featuredmedia":[{"embeddable":true,"href":"https:\/\/magnetarmagnets.com\/sv\/wp-json\/wp\/v2\/media\/65023"}],"wp:attachment":[{"href":"https:\/\/magnetarmagnets.com\/sv\/wp-json\/wp\/v2\/media?parent=67447"}],"wp:term":[{"taxonomy":"product_brand","embeddable":true,"href":"https:\/\/magnetarmagnets.com\/sv\/wp-json\/wp\/v2\/product_brand?post=67447"},{"taxonomy":"product_cat","embeddable":true,"href":"https:\/\/magnetarmagnets.com\/sv\/wp-json\/wp\/v2\/product_cat?post=67447"},{"taxonomy":"product_tag","embeddable":true,"href":"https:\/\/magnetarmagnets.com\/sv\/wp-json\/wp\/v2\/product_tag?post=67447"}],"curies":[{"name":"wp","href":"https:\/\/api.w.org\/{rel}","templated":true}]}}