{"id":67446,"date":"2025-06-05T09:54:37","date_gmt":"2025-06-05T07:54:37","guid":{"rendered":"https:\/\/magnetarmagnets.com\/?post_type=product&#038;p=67446"},"modified":"2026-04-03T06:07:08","modified_gmt":"2026-04-03T04:07:08","slug":"warrior-paketet-fiskemagnetset-med-terror-och-beast-allround-360","status":"publish","type":"product","link":"https:\/\/magnetarmagnets.com\/sv\/shop\/warrior-paketet-fiskemagnetset-med-terror-och-beast-allround-360\/","title":{"rendered":"Warrior-paketet \u2013 Fiskemagnetset med Terror och Beast \u2013 Allround 360\u00b0"},"content":{"rendered":"<b>VARNING!<\/b> Detta paket inneh\u00e5ller extremt kraftfulla magneter. Det \u00e4r av <b>stor vikt<\/b> att du alltid h\u00e5ller ett avst\u00e5nd p\u00e5 minst 1 meter mellan magneterna. Annars kan det leda till mycket farliga situationer.\r\n\r\n<span style=\"font-weight: 400;\">Paketet <b>Warrior<\/b> \u00e4r utrustat med de starkaste magneterna f\u00f6r magnetfiske du kan hitta, <a href=\"https:\/\/magnetarmagnets.com\/shop\/exclusive-terror-magnet\/\" target=\"_blank\" rel=\"noopener\">Terror<\/a> och <a href=\"https:\/\/magnetarmagnets.com\/shop\/beast-magnet\/\" target=\"_blank\" rel=\"noopener\">Beast<\/a> fiskemagneter! Dessa tv\u00e5 kraftpaket kommer definitivt \u00f6vertyga dig om deras allroundmagnetiska dragkraft. Paketet \u00e4r utformat f\u00f6r avancerade magnetfiskare som vill maximera chansen att hitta f\u00f6rem\u00e5l. Paketet inneh\u00e5ller \u00e4ven l\u00e5slim, 2x 10 mm rep, 2x vattent\u00e4ta handskar och skyddsh\u00f6ljen f\u00f6r b\u00e5da magneterna. Vill du bli en riktig krigare som magnetfiskare? K\u00f6p d\u00e5 snabbt detta paket med extra paket\u2010rabatt!<\/span>\r\n<h2><b>\u00c4r du redo att prova Beast- och Terror-magneterna?<\/b><\/h2>\r\nNamnet s\u00e4ger allt \u2013 dessa magneter \u00e4r extremt kraftfulla! Terror-magneten erbjuder en r\u00e4ckvidd p\u00e5 upp till 2200 lbs\/1000 kg, medan Beast-magneten har 360\u00b0 dragkraft p\u00e5 3100 lbs\/1400 kg. F\u00f6rem\u00e5l dras till alla sidor av magneterna oavsett under vatten \u2013 lera, slam, str\u00f6m eller sten \u2013 och fastnar inte l\u00e4tt i klippor. Dessa magneter \u00e4r designade f\u00f6r avancerade magnetfiskare och kr\u00e4ver extra varsamhet.\r\n<h2><b>Magnetutveckling<\/b><\/h2>\r\nM\u00e5nga magneter har bara dragkraft p\u00e5 ena sidan. Den klassiska enkeltsidiga fiskemagneten \u00e4r det mest vanliga alternativet. Magnetar var f\u00f6rst att omvandla denna till en dubbelsidig magnet och 2016 utvecklade vi den f\u00f6rsta allround-magneten med 360\u00b0 dragkraft. Magnetfiskare i hela EU har sedan dess \u00e4lskat v\u00e5ra 100% neodymmagneter, vilket gjort oss till Europas ledande leverant\u00f6r. V\u00e5ra magneter tillverkas med h\u00f6gsta kvalitet och omsorg av ett litet team magnetfiskeentusiaster. V\u00e5ra kunder \u00e5terkommer f\u00f6r de vet att med Magnetar f\u00e5r de mer \u00e4n en magnet \u2013 de hittar skatter.\r\n<h2><strong>Kraftfull 360\u00b0 dragkraft<\/strong><\/h2>\r\nBeast-magneten \u00e4r en av v\u00e5ra starkaste, med dragkraft upp till 3100 lbs\/1400 kg. Till skillnad fr\u00e5n enkeltsidiga magneter i st\u00e5lh\u00f6lje drar denna magnet f\u00f6rem\u00e5l fr\u00e5n hela omgivningen. Nyfiken p\u00e5 hur vi m\u00e4ter dragkraft? <a href=\"https:\/\/www.youtube.com\/watch?v=2McW3RURDxs\" target=\"_blank\" rel=\"noopener\">Se v\u00e5r video om dragkraftsm\u00e4tningar<\/a>.\r\n<h2><b>H\u00f6g kvalitet<\/b><\/h2>\r\nV\u00e5ra <a href=\"https:\/\/magnetarmagnets.com\/\" target=\"_blank\" rel=\"noopener\">fiskemagneter<\/a> \u00e4r 100% neodym. Magnetar-magneter beh\u00e5ller sin kraft i \u00e5rtionden med endast 1% f\u00f6rlust per 100 \u00e5r (vid korrekt f\u00f6rvaring och v\u00e5rd).\r\n\r\nDe flesta andra leverant\u00f6rer tappar kraft redan efter n\u00e5gra veckor. P\u00e5 senare \u00e5r har vi sett fler l\u00e5gkvalitativa magneter p\u00e5 marknaden \u2013 st\u00f6rre, men med svagare dragkraft och d\u00e5ligt neodym. Billigare alternativ fr\u00e5n stora koncerner leder ofta till besvikelse.\r\n\r\nMagnetar \u00e4r ett litet familjef\u00f6retag som s\u00e4tter kvalitet i f\u00f6rsta rummet. Vi \u00e4r magnetfiskeentusiaster och v\u00e5ra magneter dras, designas och tillverkas internt f\u00f6r att ge dig maximal utdelning (eller skatter!). Vill du ha en p\u00e5litlig, effektiv och <a href=\"https:\/\/magnetarmagnets.com\/strong-fishing-magnets\/\" target=\"_blank\" rel=\"noopener\">kraftfull fiskemagnet<\/a>? D\u00e5 har du kommit r\u00e4tt. Kontakta oss g\u00e4rna, <a href=\"mailto:info@magnetarmagnets.com\">h\u00e4r<\/a>.\r\n<h2><b>Skyddsh\u00f6lje<\/b><\/h2>\r\nDet medf\u00f6ljande skyddsh\u00f6ljet \u00e4r perfekt f\u00f6r magnetfiskare som vill skydda sina neodymmagneter under anv\u00e4ndning. Dessa h\u00e5llbara h\u00f6ljen \u00e4r specialdesignade f\u00f6r att passa perfekt och ge ett extra lager skydd mot repor, sprickor och annan skada. H\u00f6ljet \u00e4r i rostfritt st\u00e5l och bevarar 360\u00b0 magnetisk dragkraft. Med v\u00e5ra skyddsh\u00f6ljen kan du magnetfiska utan att oroa dig f\u00f6r skador p\u00e5 dina v\u00e4rdefulla magneter.\r\n\r\n(Observera att magnetens undersida inte t\u00e4cks av h\u00f6ljet)\r\n<h2><b>Anv\u00e4nd med f\u00f6rsiktighet<\/b><\/h2>\r\nV\u00e5ra neodymmagneter \u00e4r mycket kraftfulla och drar till sig j\u00e4rnf\u00f6rem\u00e5l med h\u00f6g hastighet p\u00e5 n\u00e4ra h\u00e5ll. Med starka 360\u00b0 magneter finns risk att fingrar kl\u00e4ms mellan magneten och f\u00f6rem\u00e5l. Hantera med omsorg och anv\u00e4nd p\u00e5 egen risk. L\u00e4s alltid v\u00e5ra s\u00e4kerhetsvarningar f\u00f6re anv\u00e4ndning.\r\n\r\n* Barn m\u00e5ste anv\u00e4nda magneter under vuxnas uppsikt.\r\n\r\nGl\u00f6m inte att kolla in v\u00e5ra <a href=\"https:\/\/magnetarmagnets.com\/magnet-fishing-kit\/\" target=\"_blank\" rel=\"noopener\">magnetfiskekit<\/a> och <a href=\"https:\/\/magnetarmagnets.com\/accessories\/\" target=\"_blank\" rel=\"noopener\">magnetfiske-tillbeh\u00f6r<\/a>.","protected":false},"excerpt":{"rendered":"<p><span style=\"font-weight: 400;\">Sikta <strong>stort<\/strong> och <strong>kraftfullt<\/strong> med tv\u00e5 extremt starka allroundmagneter f\u00f6r magnetfiske, <strong>Terror<\/strong> och <strong>Beast<\/strong>, i ett enda set.<\/span><\/p>\n","protected":false},"featured_media":65027,"comment_status":"open","ping_status":"closed","template":"","meta":{"_acf_changed":false,"inline_featured_image":false},"product_brand":[],"product_cat":[266,261,280,267,167],"product_tag":[],"class_list":{"0":"post-67446","1":"product","2":"type-product","3":"status-publish","4":"has-post-thumbnail","6":"product_cat-allround-360-fiske-magneter","7":"product_cat-fiske-magneter","8":"product_cat-for-proffs","9":"product_cat-magnetfiske-kit","10":"product_cat-okategoriserad","12":"first","13":"instock","14":"sale","15":"taxable","16":"shipping-taxable","17":"purchasable","18":"product-type-simple"},"acf":[],"yoast_head":"<!-- This site is optimized with the Yoast SEO plugin v27.3 - https:\/\/yoast.com\/product\/yoast-seo-wordpress\/ -->\n<title>Warrior-paketet \u2013 Fiskemagnetset med Terror och Beast \u2013 Allround 360\u00b0 - Magnet fishing with a Magnetar fishing magnet<\/title>\n<meta name=\"description\" content=\"Warrior-paketet \u2013 tv\u00e5 magneter: Terror + Beast \u2013 Magnetar\" \/>\n<meta name=\"robots\" content=\"index, follow, max-snippet:-1, max-image-preview:large, max-video-preview:-1\" \/>\n<link rel=\"canonical\" href=\"https:\/\/magnetarmagnets.com\/sv\/shop\/warrior-paketet-fiskemagnetset-med-terror-och-beast-allround-360\/\" \/>\n<meta property=\"og:locale\" content=\"sv_SE\" \/>\n<meta property=\"og:type\" content=\"article\" \/>\n<meta property=\"og:title\" content=\"Warrior-paketet \u2013 Fiskemagnetset med Terror och Beast \u2013 Allround 360\u00b0 - Magnet fishing with a Magnetar fishing magnet\" \/>\n<meta property=\"og:description\" content=\"Warrior-paketet \u2013 tv\u00e5 magneter: Terror + Beast \u2013 Magnetar\" \/>\n<meta property=\"og:url\" content=\"https:\/\/magnetarmagnets.com\/sv\/shop\/warrior-paketet-fiskemagnetset-med-terror-och-beast-allround-360\/\" \/>\n<meta property=\"og:site_name\" content=\"Magnet fishing with a Magnetar fishing magnet\" \/>\n<meta property=\"article:publisher\" content=\"https:\/\/www.facebook.com\/fishingmagnets\/\" \/>\n<meta property=\"article:modified_time\" content=\"2026-04-03T04:07:08+00:00\" \/>\n<meta property=\"og:image\" content=\"https:\/\/magnetarmagnets.com\/wp-content\/uploads\/2021\/10\/MAGNETAR-WARRIOR-KIT-GOOGLE.jpg\" \/>\n\t<meta property=\"og:image:width\" content=\"1500\" \/>\n\t<meta property=\"og:image:height\" content=\"1500\" \/>\n\t<meta property=\"og:image:type\" content=\"image\/jpeg\" \/>\n<meta name=\"twitter:card\" content=\"summary_large_image\" \/>\n<meta name=\"twitter:label1\" content=\"Ber\u00e4knad l\u00e4stid\" \/>\n\t<meta name=\"twitter:data1\" content=\"3 minuter\" \/>\n<script type=\"application\/ld+json\" class=\"yoast-schema-graph\">{\"@context\":\"https:\\\/\\\/schema.org\",\"@graph\":[{\"@type\":[\"WebPage\",\"ItemPage\"],\"@id\":\"https:\\\/\\\/magnetarmagnets.com\\\/sv\\\/shop\\\/warrior-paketet-fiskemagnetset-med-terror-och-beast-allround-360\\\/\",\"url\":\"https:\\\/\\\/magnetarmagnets.com\\\/sv\\\/shop\\\/warrior-paketet-fiskemagnetset-med-terror-och-beast-allround-360\\\/\",\"name\":\"Warrior-paketet \u2013 Fiskemagnetset med Terror och Beast \u2013 Allround 360\u00b0 - Magnet fishing with a Magnetar fishing magnet\",\"isPartOf\":{\"@id\":\"https:\\\/\\\/magnetarmagnets.com\\\/sv\\\/#website\"},\"primaryImageOfPage\":{\"@id\":\"https:\\\/\\\/magnetarmagnets.com\\\/sv\\\/shop\\\/warrior-paketet-fiskemagnetset-med-terror-och-beast-allround-360\\\/#primaryimage\"},\"image\":{\"@id\":\"https:\\\/\\\/magnetarmagnets.com\\\/sv\\\/shop\\\/warrior-paketet-fiskemagnetset-med-terror-och-beast-allround-360\\\/#primaryimage\"},\"thumbnailUrl\":\"https:\\\/\\\/magnetarmagnets.com\\\/wp-content\\\/uploads\\\/2021\\\/10\\\/MAGNETAR-WARRIOR-KIT-GOOGLE.jpg\",\"datePublished\":\"2025-06-05T07:54:37+00:00\",\"dateModified\":\"2026-04-03T04:07:08+00:00\",\"description\":\"Warrior-paketet \u2013 tv\u00e5 magneter: Terror + Beast \u2013 Magnetar\",\"breadcrumb\":{\"@id\":\"https:\\\/\\\/magnetarmagnets.com\\\/sv\\\/shop\\\/warrior-paketet-fiskemagnetset-med-terror-och-beast-allround-360\\\/#breadcrumb\"},\"inLanguage\":\"sv-SE\",\"potentialAction\":[{\"@type\":\"ReadAction\",\"target\":[\"https:\\\/\\\/magnetarmagnets.com\\\/sv\\\/shop\\\/warrior-paketet-fiskemagnetset-med-terror-och-beast-allround-360\\\/\"]}]},{\"@type\":\"ImageObject\",\"inLanguage\":\"sv-SE\",\"@id\":\"https:\\\/\\\/magnetarmagnets.com\\\/sv\\\/shop\\\/warrior-paketet-fiskemagnetset-med-terror-och-beast-allround-360\\\/#primaryimage\",\"url\":\"https:\\\/\\\/magnetarmagnets.com\\\/wp-content\\\/uploads\\\/2021\\\/10\\\/MAGNETAR-WARRIOR-KIT-GOOGLE.jpg\",\"contentUrl\":\"https:\\\/\\\/magnetarmagnets.com\\\/wp-content\\\/uploads\\\/2021\\\/10\\\/MAGNETAR-WARRIOR-KIT-GOOGLE.jpg\",\"width\":1500,\"height\":1500},{\"@type\":\"BreadcrumbList\",\"@id\":\"https:\\\/\\\/magnetarmagnets.com\\\/sv\\\/shop\\\/warrior-paketet-fiskemagnetset-med-terror-och-beast-allround-360\\\/#breadcrumb\",\"itemListElement\":[{\"@type\":\"ListItem\",\"position\":1,\"name\":\"Home\",\"item\":\"https:\\\/\\\/magnetarmagnets.com\\\/sv\\\/\"},{\"@type\":\"ListItem\",\"position\":2,\"name\":\"Butik\",\"item\":\"https:\\\/\\\/magnetarmagnets.com\\\/sv\\\/butik\\\/\"},{\"@type\":\"ListItem\",\"position\":3,\"name\":\"Fiske magneter\",\"item\":\"https:\\\/\\\/magnetarmagnets.com\\\/sv\\\/collections\\\/fiske-magneter\\\/\"},{\"@type\":\"ListItem\",\"position\":4,\"name\":\"Allround 360 fiske magneter\",\"item\":\"https:\\\/\\\/magnetarmagnets.com\\\/sv\\\/collections\\\/fiske-magneter\\\/allround-360-fiske-magneter\\\/\"},{\"@type\":\"ListItem\",\"position\":5,\"name\":\"Warrior-paketet \u2013 Fiskemagnetset med Terror och Beast \u2013 Allround 360\u00b0\"}]},{\"@type\":\"WebSite\",\"@id\":\"https:\\\/\\\/magnetarmagnets.com\\\/sv\\\/#website\",\"url\":\"https:\\\/\\\/magnetarmagnets.com\\\/sv\\\/\",\"name\":\"Magnet fishing with a Magnetar fishing magnet\",\"description\":\"Kraftfulla magneter f\u00f6r magnetfiske\",\"publisher\":{\"@id\":\"https:\\\/\\\/magnetarmagnets.com\\\/sv\\\/#organization\"},\"potentialAction\":[{\"@type\":\"SearchAction\",\"target\":{\"@type\":\"EntryPoint\",\"urlTemplate\":\"https:\\\/\\\/magnetarmagnets.com\\\/sv\\\/?s={search_term_string}\"},\"query-input\":{\"@type\":\"PropertyValueSpecification\",\"valueRequired\":true,\"valueName\":\"search_term_string\"}}],\"inLanguage\":\"sv-SE\"},{\"@type\":\"Organization\",\"@id\":\"https:\\\/\\\/magnetarmagnets.com\\\/sv\\\/#organization\",\"name\":\"Magnetar\",\"url\":\"https:\\\/\\\/magnetarmagnets.com\\\/sv\\\/\",\"logo\":{\"@type\":\"ImageObject\",\"inLanguage\":\"sv-SE\",\"@id\":\"https:\\\/\\\/magnetarmagnets.com\\\/sv\\\/#\\\/schema\\\/logo\\\/image\\\/\",\"url\":\"https:\\\/\\\/magnetarmagnets.com\\\/wp-content\\\/uploads\\\/2025\\\/05\\\/Logo-03_PNG-Black-scaled.png\",\"contentUrl\":\"https:\\\/\\\/magnetarmagnets.com\\\/wp-content\\\/uploads\\\/2025\\\/05\\\/Logo-03_PNG-Black-scaled.png\",\"width\":2560,\"height\":1658,\"caption\":\"Magnetar\"},\"image\":{\"@id\":\"https:\\\/\\\/magnetarmagnets.com\\\/sv\\\/#\\\/schema\\\/logo\\\/image\\\/\"},\"sameAs\":[\"https:\\\/\\\/www.facebook.com\\\/fishingmagnets\\\/\",\"https:\\\/\\\/www.instagram.com\\\/magnetar_magnets\\\/\",\"https:\\\/\\\/www.linkedin.com\\\/company\\\/magnetarbv\\\/?originalSubdomain=nl\",\"https:\\\/\\\/www.youtube.com\\\/c\\\/MagnetarVismagneet\"]}]}<\/script>\n<!-- \/ Yoast SEO plugin. -->","yoast_head_json":{"title":"Warrior-paketet \u2013 Fiskemagnetset med Terror och Beast \u2013 Allround 360\u00b0 - Magnet fishing with a Magnetar fishing magnet","description":"Warrior-paketet \u2013 tv\u00e5 magneter: Terror + Beast \u2013 Magnetar","robots":{"index":"index","follow":"follow","max-snippet":"max-snippet:-1","max-image-preview":"max-image-preview:large","max-video-preview":"max-video-preview:-1"},"canonical":"https:\/\/magnetarmagnets.com\/sv\/shop\/warrior-paketet-fiskemagnetset-med-terror-och-beast-allround-360\/","og_locale":"sv_SE","og_type":"article","og_title":"Warrior-paketet \u2013 Fiskemagnetset med Terror och Beast \u2013 Allround 360\u00b0 - Magnet fishing with a Magnetar fishing magnet","og_description":"Warrior-paketet \u2013 tv\u00e5 magneter: Terror + Beast \u2013 Magnetar","og_url":"https:\/\/magnetarmagnets.com\/sv\/shop\/warrior-paketet-fiskemagnetset-med-terror-och-beast-allround-360\/","og_site_name":"Magnet fishing with a Magnetar fishing magnet","article_publisher":"https:\/\/www.facebook.com\/fishingmagnets\/","article_modified_time":"2026-04-03T04:07:08+00:00","og_image":[{"width":1500,"height":1500,"url":"https:\/\/magnetarmagnets.com\/wp-content\/uploads\/2021\/10\/MAGNETAR-WARRIOR-KIT-GOOGLE.jpg","type":"image\/jpeg"}],"twitter_card":"summary_large_image","twitter_misc":{"Ber\u00e4knad l\u00e4stid":"3 minuter"},"schema":{"@context":"https:\/\/schema.org","@graph":[{"@type":["WebPage","ItemPage"],"@id":"https:\/\/magnetarmagnets.com\/sv\/shop\/warrior-paketet-fiskemagnetset-med-terror-och-beast-allround-360\/","url":"https:\/\/magnetarmagnets.com\/sv\/shop\/warrior-paketet-fiskemagnetset-med-terror-och-beast-allround-360\/","name":"Warrior-paketet \u2013 Fiskemagnetset med Terror och Beast \u2013 Allround 360\u00b0 - Magnet fishing with a Magnetar fishing magnet","isPartOf":{"@id":"https:\/\/magnetarmagnets.com\/sv\/#website"},"primaryImageOfPage":{"@id":"https:\/\/magnetarmagnets.com\/sv\/shop\/warrior-paketet-fiskemagnetset-med-terror-och-beast-allround-360\/#primaryimage"},"image":{"@id":"https:\/\/magnetarmagnets.com\/sv\/shop\/warrior-paketet-fiskemagnetset-med-terror-och-beast-allround-360\/#primaryimage"},"thumbnailUrl":"https:\/\/magnetarmagnets.com\/wp-content\/uploads\/2021\/10\/MAGNETAR-WARRIOR-KIT-GOOGLE.jpg","datePublished":"2025-06-05T07:54:37+00:00","dateModified":"2026-04-03T04:07:08+00:00","description":"Warrior-paketet \u2013 tv\u00e5 magneter: Terror + Beast \u2013 Magnetar","breadcrumb":{"@id":"https:\/\/magnetarmagnets.com\/sv\/shop\/warrior-paketet-fiskemagnetset-med-terror-och-beast-allround-360\/#breadcrumb"},"inLanguage":"sv-SE","potentialAction":[{"@type":"ReadAction","target":["https:\/\/magnetarmagnets.com\/sv\/shop\/warrior-paketet-fiskemagnetset-med-terror-och-beast-allround-360\/"]}]},{"@type":"ImageObject","inLanguage":"sv-SE","@id":"https:\/\/magnetarmagnets.com\/sv\/shop\/warrior-paketet-fiskemagnetset-med-terror-och-beast-allround-360\/#primaryimage","url":"https:\/\/magnetarmagnets.com\/wp-content\/uploads\/2021\/10\/MAGNETAR-WARRIOR-KIT-GOOGLE.jpg","contentUrl":"https:\/\/magnetarmagnets.com\/wp-content\/uploads\/2021\/10\/MAGNETAR-WARRIOR-KIT-GOOGLE.jpg","width":1500,"height":1500},{"@type":"BreadcrumbList","@id":"https:\/\/magnetarmagnets.com\/sv\/shop\/warrior-paketet-fiskemagnetset-med-terror-och-beast-allround-360\/#breadcrumb","itemListElement":[{"@type":"ListItem","position":1,"name":"Home","item":"https:\/\/magnetarmagnets.com\/sv\/"},{"@type":"ListItem","position":2,"name":"Butik","item":"https:\/\/magnetarmagnets.com\/sv\/butik\/"},{"@type":"ListItem","position":3,"name":"Fiske magneter","item":"https:\/\/magnetarmagnets.com\/sv\/collections\/fiske-magneter\/"},{"@type":"ListItem","position":4,"name":"Allround 360 fiske magneter","item":"https:\/\/magnetarmagnets.com\/sv\/collections\/fiske-magneter\/allround-360-fiske-magneter\/"},{"@type":"ListItem","position":5,"name":"Warrior-paketet \u2013 Fiskemagnetset med Terror och Beast \u2013 Allround 360\u00b0"}]},{"@type":"WebSite","@id":"https:\/\/magnetarmagnets.com\/sv\/#website","url":"https:\/\/magnetarmagnets.com\/sv\/","name":"Magnet fishing with a Magnetar fishing magnet","description":"Kraftfulla magneter f\u00f6r magnetfiske","publisher":{"@id":"https:\/\/magnetarmagnets.com\/sv\/#organization"},"potentialAction":[{"@type":"SearchAction","target":{"@type":"EntryPoint","urlTemplate":"https:\/\/magnetarmagnets.com\/sv\/?s={search_term_string}"},"query-input":{"@type":"PropertyValueSpecification","valueRequired":true,"valueName":"search_term_string"}}],"inLanguage":"sv-SE"},{"@type":"Organization","@id":"https:\/\/magnetarmagnets.com\/sv\/#organization","name":"Magnetar","url":"https:\/\/magnetarmagnets.com\/sv\/","logo":{"@type":"ImageObject","inLanguage":"sv-SE","@id":"https:\/\/magnetarmagnets.com\/sv\/#\/schema\/logo\/image\/","url":"https:\/\/magnetarmagnets.com\/wp-content\/uploads\/2025\/05\/Logo-03_PNG-Black-scaled.png","contentUrl":"https:\/\/magnetarmagnets.com\/wp-content\/uploads\/2025\/05\/Logo-03_PNG-Black-scaled.png","width":2560,"height":1658,"caption":"Magnetar"},"image":{"@id":"https:\/\/magnetarmagnets.com\/sv\/#\/schema\/logo\/image\/"},"sameAs":["https:\/\/www.facebook.com\/fishingmagnets\/","https:\/\/www.instagram.com\/magnetar_magnets\/","https:\/\/www.linkedin.com\/company\/magnetarbv\/?originalSubdomain=nl","https:\/\/www.youtube.com\/c\/MagnetarVismagneet"]}]}},"_links":{"self":[{"href":"https:\/\/magnetarmagnets.com\/sv\/wp-json\/wp\/v2\/product\/67446","targetHints":{"allow":["GET"]}}],"collection":[{"href":"https:\/\/magnetarmagnets.com\/sv\/wp-json\/wp\/v2\/product"}],"about":[{"href":"https:\/\/magnetarmagnets.com\/sv\/wp-json\/wp\/v2\/types\/product"}],"replies":[{"embeddable":true,"href":"https:\/\/magnetarmagnets.com\/sv\/wp-json\/wp\/v2\/comments?post=67446"}],"version-history":[{"count":1,"href":"https:\/\/magnetarmagnets.com\/sv\/wp-json\/wp\/v2\/product\/67446\/revisions"}],"predecessor-version":[{"id":94505,"href":"https:\/\/magnetarmagnets.com\/sv\/wp-json\/wp\/v2\/product\/67446\/revisions\/94505"}],"wp:featuredmedia":[{"embeddable":true,"href":"https:\/\/magnetarmagnets.com\/sv\/wp-json\/wp\/v2\/media\/65027"}],"wp:attachment":[{"href":"https:\/\/magnetarmagnets.com\/sv\/wp-json\/wp\/v2\/media?parent=67446"}],"wp:term":[{"taxonomy":"product_brand","embeddable":true,"href":"https:\/\/magnetarmagnets.com\/sv\/wp-json\/wp\/v2\/product_brand?post=67446"},{"taxonomy":"product_cat","embeddable":true,"href":"https:\/\/magnetarmagnets.com\/sv\/wp-json\/wp\/v2\/product_cat?post=67446"},{"taxonomy":"product_tag","embeddable":true,"href":"https:\/\/magnetarmagnets.com\/sv\/wp-json\/wp\/v2\/product_tag?post=67446"}],"curies":[{"name":"wp","href":"https:\/\/api.w.org\/{rel}","templated":true}]}}