{"id":67445,"date":"2025-06-05T09:54:38","date_gmt":"2025-06-05T07:54:38","guid":{"rendered":"https:\/\/magnetarmagnets.com\/?post_type=product&#038;p=67445"},"modified":"2026-04-07T13:37:23","modified_gmt":"2026-04-07T11:37:23","slug":"pro-paket-fiskemagnet-set-hardcore-allround-360-neodymmagnet-600-kg-1300-lb","status":"publish","type":"product","link":"https:\/\/magnetarmagnets.com\/sv\/shop\/pro-paket-fiskemagnet-set-hardcore-allround-360-neodymmagnet-600-kg-1300-lb\/","title":{"rendered":"Pro-paket fiskemagnet set \u2013 Hardcore Allround 360\u00b0 Neodymmagnet, 600 kg"},"content":{"rendered":"<b>\u00c4r du en professionell magnetfiskare? <\/b>Eller vill du bli det? V\u00e5rt Pro-paket \u00e4r v\u00e4gen att g\u00e5 och inneh\u00e5ller allt du beh\u00f6ver f\u00f6r att komma ig\u00e5ng (och f\u00e5 paketpris!). Detta paket inkluderar v\u00e5r b\u00e4sts\u00e4ljare Hardcore Allround 360\u00b0 neodymmagnet f\u00f6r magnetfiske. Paketet levereras ocks\u00e5 med ett starkt rep p\u00e5 1\/3&#8221; (8 mm) med karbinhake, ett par vattent\u00e4ta handskar, ett Hardcore-skyddsh\u00f6lje, lim och en extra stor greppkrok i rostfritt st\u00e5l. Vill du ta det till n\u00e4sta niv\u00e5? Kolla in v\u00e5rt <a href=\"https:\/\/magnetarmagnets.com\/sv\/shop\/expertpaket-terror-360-fiskemagnet-set-1000-kg-2200-lb-dragkraft\/\" target=\"_blank\" rel=\"noopener\">Expert-paket!<\/a>\r\n<h2><b>The Hardcore Neodymmagnet f\u00f6r magnetfiske<\/b><\/h2>\r\n<span style=\"font-weight: 400;\">V\u00e5r allround 360\u00b0 neodymmagnet har en enorm dragningskraft! Detta \u00e4r en av de starkaste och mest konkurrenskraftigt prissatta fiskemagneterna p\u00e5 marknaden. <\/span><b>Med en attraktiv kraft p\u00e5 5,5&#8221; \/ 14 cm runt magneten<\/b><span style=\"font-weight: 400;\"> ger den l\u00e5ngdistansattraktionen dig en stor chans att f\u00e5nga st\u00f6rre och b\u00e4ttre skatter. M\u00e5nga magnetfiskare hyllar allround hardcore-magneten f\u00f6r dess effektiva f\u00e5ngstresultat \u2013 se vad proffsen s\u00e4ger p\u00e5 <\/span><a href=\"https:\/\/www.youtube.com\/watch?v=1izvqgYbtd8\" target=\"_blank\" rel=\"noopener\"><span style=\"font-weight: 400;\">YouTube<\/span><\/a><span style=\"font-weight: 400;\">! Den allround Hardcore fiskemagnet \u00e4r perfekt f\u00f6r magnetfiskare som vill uppgradera sin <a href=\"https:\/\/magnetarmagnets.com\/sv\/collections\/enkelsidiga-fiske-magneter\/\" target=\"_blank\" rel=\"noopener\">env\u00e4nda fiskemagnet<\/a> eller dubbelsidig fiskemagnet med \u00e4nnu h\u00f6gre total dragningskraft. <\/span>\r\n<h2><b>\u00c4r du redo f\u00f6r Hardcore?<\/b><\/h2>\r\n<span style=\"font-weight: 400;\">Bli en Hardcore magnetfiskare! Namnet s\u00e4ger allt, denna magnet \u00e4r v\u00e4ldigt stark! Hardcore-fiskemagneten griper tag i alla f\u00f6rem\u00e5l fr\u00e5n vilken sida som helst, genom gyttja och fastnar inte l\u00e4tt p\u00e5 stenar. Inte f\u00f6r tung, inte f\u00f6r l\u00e4tt, du kan kasta denna magnet i timmar utan problem.<\/span>\r\n\r\n<span style=\"font-weight: 400;\">Hardcore-magneten har blivit en av v\u00e5ra b\u00e4sts\u00e4ljare och mest popul\u00e4ra bland avancerade magnetfiskare. Magneten \u00e4r gjord av 100% rent neodym \u2013 den mest kraftfulla permanenta magneten som kan lyfta mer \u00e4n andra magnetmaterial av samma storlek. Detta \u00f6kar den totala attraktionen fr\u00e5n alla riktningar och den m\u00e4ngd f\u00f6rem\u00e5l som du kan hitta.<\/span>\r\n<h2><b>Magnetevolution<\/b><\/h2>\r\nM\u00e5nga <a href=\"https:\/\/magnetarmagnets.com\/\" target=\"_blank\" rel=\"noopener\">fiskemagneter<\/a> har bara dragningskraft p\u00e5 ena sidan av magneten. Denna env\u00e4nda magnet \u00e4r den klassiska fiskemagneten. Magnetar var det f\u00f6rsta f\u00f6retaget som utvecklade om denna klassiska magnet till en <a href=\"https:\/\/magnetarmagnets.com\/double-sided-fishing-magnet\/\" target=\"_blank\" rel=\"noopener\">dubbelsidig fiskemagnet<\/a>. Sedan 2016 utvecklade Magnetar den allround fiskemagnet med 360\u00b0 magnetisk dragkraft. Magnetfiskare i hela EU har lockats till v\u00e5ra 100% neodymmagneter och gjort oss till EU:s ledande leverant\u00f6r. V\u00e5ra magneter tillverkas med h\u00f6gsta kvalitet, design och omsorg av ett litet team magnetfiskeentusiaster. V\u00e5ra kunder kommer tillbaka f\u00f6r de vet att med Magnetar f\u00e5r de mer \u00e4n bara en magnet \u2013 de kommer att f\u00e5nga skatter.\r\n<h2><strong>Kraftfull 360\u00b0 dragningskraft<\/strong><\/h2>\r\n<span style=\"font-weight: 400;\">Hardcore-magneten \u00e4r en av de starkaste magnetiska produkter vi erbjuder. Dragningskraften hos en env\u00e4nd magnet kan inte j\u00e4mf\u00f6ras med en ren neodym 360\u00b0-magnet som Hardcore-magneten. Detta beror p\u00e5 att st\u00e5lh\u00f6ljet p\u00e5 den env\u00e4nda magneten p\u00e5verkar dragningskraften och riktar den \u00e5t ett h\u00e5ll. Detta g\u00f6r att env\u00e4nda magneter kan uppn\u00e5 h\u00f6ga dragkrafter mot plana metallytor p\u00e5 en sida, men v\u00e5r exklusiva Allround 360\u00b0-magnet attraherar f\u00f6rem\u00e5l fr\u00e5n \u201calla h\u00e5ll\u201d eftersom magneten har dragkraft i hela omgivningen. Nyfiken p\u00e5 v\u00e5r metod f\u00f6r att m\u00e4ta dragkraft? <\/span><a href=\"https:\/\/www.youtube.com\/watch?v=2McW3RURDxs\" target=\"_blank\" rel=\"noopener\"><span style=\"font-weight: 400;\">Se v\u00e5r video om m\u00e4tningar av dragkraft<\/span><\/a><span style=\"font-weight: 400;\">.<\/span>","protected":false},"excerpt":{"rendered":"<p><span style=\"font-weight: 400;\">Kom ig\u00e5ng komplett med <strong>paketrabatt<\/strong> och den <strong>originala 360\u00b0 Hardcore fiskemagnet<\/strong>.<\/span><\/p>\n","protected":false},"featured_media":65403,"comment_status":"open","ping_status":"closed","template":"","meta":{"_acf_changed":false,"inline_featured_image":false},"product_brand":[],"product_cat":[266,261,279,277,267,167],"product_tag":[],"class_list":{"0":"post-67445","1":"product","2":"type-product","3":"status-publish","4":"has-post-thumbnail","6":"product_cat-allround-360-fiske-magneter","7":"product_cat-fiske-magneter","8":"product_cat-for-avancerade-aventyrare-sv","9":"product_cat-nyborjare-barn","10":"product_cat-magnetfiske-kit","11":"product_cat-okategoriserad","13":"first","14":"instock","15":"sale","16":"taxable","17":"shipping-taxable","18":"purchasable","19":"product-type-simple"},"acf":[],"yoast_head":"<!-- This site is optimized with the Yoast SEO plugin v27.3 - https:\/\/yoast.com\/product\/yoast-seo-wordpress\/ -->\n<title>Pro-paket fiskemagnet set \u2013 Hardcore Allround 360\u00b0 Neodymmagnet, 600 kg - Magnet fishing with a Magnetar fishing magnet<\/title>\n<meta name=\"description\" content=\"Pro-paket \u2013 1300 lb \/ 600 kg Hardcore \u2013 Magnetar\" \/>\n<meta name=\"robots\" content=\"index, follow, max-snippet:-1, max-image-preview:large, max-video-preview:-1\" \/>\n<link rel=\"canonical\" href=\"https:\/\/magnetarmagnets.com\/sv\/shop\/pro-paket-fiskemagnet-set-hardcore-allround-360-neodymmagnet-600-kg-1300-lb\/\" \/>\n<meta property=\"og:locale\" content=\"sv_SE\" \/>\n<meta property=\"og:type\" content=\"article\" \/>\n<meta property=\"og:title\" content=\"Pro-paket fiskemagnet set \u2013 Hardcore Allround 360\u00b0 Neodymmagnet, 600 kg - Magnet fishing with a Magnetar fishing magnet\" \/>\n<meta property=\"og:description\" content=\"Pro-paket \u2013 1300 lb \/ 600 kg Hardcore \u2013 Magnetar\" \/>\n<meta property=\"og:url\" content=\"https:\/\/magnetarmagnets.com\/sv\/shop\/pro-paket-fiskemagnet-set-hardcore-allround-360-neodymmagnet-600-kg-1300-lb\/\" \/>\n<meta property=\"og:site_name\" content=\"Magnet fishing with a Magnetar fishing magnet\" \/>\n<meta property=\"article:publisher\" content=\"https:\/\/www.facebook.com\/fishingmagnets\/\" \/>\n<meta property=\"article:modified_time\" content=\"2026-04-07T11:37:23+00:00\" \/>\n<meta property=\"og:image\" content=\"https:\/\/magnetarmagnets.com\/wp-content\/uploads\/2019\/11\/pro-pakket.jpg\" \/>\n\t<meta property=\"og:image:width\" content=\"1500\" \/>\n\t<meta property=\"og:image:height\" content=\"1500\" \/>\n\t<meta property=\"og:image:type\" content=\"image\/jpeg\" \/>\n<meta name=\"twitter:card\" content=\"summary_large_image\" \/>\n<meta name=\"twitter:label1\" content=\"Ber\u00e4knad l\u00e4stid\" \/>\n\t<meta name=\"twitter:data1\" content=\"3 minuter\" \/>\n<script type=\"application\/ld+json\" class=\"yoast-schema-graph\">{\"@context\":\"https:\\\/\\\/schema.org\",\"@graph\":[{\"@type\":[\"WebPage\",\"ItemPage\"],\"@id\":\"https:\\\/\\\/magnetarmagnets.com\\\/sv\\\/shop\\\/pro-paket-fiskemagnet-set-hardcore-allround-360-neodymmagnet-600-kg-1300-lb\\\/\",\"url\":\"https:\\\/\\\/magnetarmagnets.com\\\/sv\\\/shop\\\/pro-paket-fiskemagnet-set-hardcore-allround-360-neodymmagnet-600-kg-1300-lb\\\/\",\"name\":\"Pro-paket fiskemagnet set \u2013 Hardcore Allround 360\u00b0 Neodymmagnet, 600 kg - Magnet fishing with a Magnetar fishing magnet\",\"isPartOf\":{\"@id\":\"https:\\\/\\\/magnetarmagnets.com\\\/sv\\\/#website\"},\"primaryImageOfPage\":{\"@id\":\"https:\\\/\\\/magnetarmagnets.com\\\/sv\\\/shop\\\/pro-paket-fiskemagnet-set-hardcore-allround-360-neodymmagnet-600-kg-1300-lb\\\/#primaryimage\"},\"image\":{\"@id\":\"https:\\\/\\\/magnetarmagnets.com\\\/sv\\\/shop\\\/pro-paket-fiskemagnet-set-hardcore-allround-360-neodymmagnet-600-kg-1300-lb\\\/#primaryimage\"},\"thumbnailUrl\":\"https:\\\/\\\/magnetarmagnets.com\\\/wp-content\\\/uploads\\\/2019\\\/11\\\/pro-pakket.jpg\",\"datePublished\":\"2025-06-05T07:54:38+00:00\",\"dateModified\":\"2026-04-07T11:37:23+00:00\",\"description\":\"Pro-paket \u2013 1300 lb \\\/ 600 kg Hardcore \u2013 Magnetar\",\"breadcrumb\":{\"@id\":\"https:\\\/\\\/magnetarmagnets.com\\\/sv\\\/shop\\\/pro-paket-fiskemagnet-set-hardcore-allround-360-neodymmagnet-600-kg-1300-lb\\\/#breadcrumb\"},\"inLanguage\":\"sv-SE\",\"potentialAction\":[{\"@type\":\"ReadAction\",\"target\":[\"https:\\\/\\\/magnetarmagnets.com\\\/sv\\\/shop\\\/pro-paket-fiskemagnet-set-hardcore-allround-360-neodymmagnet-600-kg-1300-lb\\\/\"]}]},{\"@type\":\"ImageObject\",\"inLanguage\":\"sv-SE\",\"@id\":\"https:\\\/\\\/magnetarmagnets.com\\\/sv\\\/shop\\\/pro-paket-fiskemagnet-set-hardcore-allround-360-neodymmagnet-600-kg-1300-lb\\\/#primaryimage\",\"url\":\"https:\\\/\\\/magnetarmagnets.com\\\/wp-content\\\/uploads\\\/2019\\\/11\\\/pro-pakket.jpg\",\"contentUrl\":\"https:\\\/\\\/magnetarmagnets.com\\\/wp-content\\\/uploads\\\/2019\\\/11\\\/pro-pakket.jpg\",\"width\":1500,\"height\":1500},{\"@type\":\"BreadcrumbList\",\"@id\":\"https:\\\/\\\/magnetarmagnets.com\\\/sv\\\/shop\\\/pro-paket-fiskemagnet-set-hardcore-allround-360-neodymmagnet-600-kg-1300-lb\\\/#breadcrumb\",\"itemListElement\":[{\"@type\":\"ListItem\",\"position\":1,\"name\":\"Home\",\"item\":\"https:\\\/\\\/magnetarmagnets.com\\\/sv\\\/\"},{\"@type\":\"ListItem\",\"position\":2,\"name\":\"Butik\",\"item\":\"https:\\\/\\\/magnetarmagnets.com\\\/sv\\\/butik\\\/\"},{\"@type\":\"ListItem\",\"position\":3,\"name\":\"Okategoriserad\",\"item\":\"https:\\\/\\\/magnetarmagnets.com\\\/sv\\\/collections\\\/okategoriserad\\\/\"},{\"@type\":\"ListItem\",\"position\":4,\"name\":\"Pro-paket fiskemagnet set \u2013 Hardcore Allround 360\u00b0 Neodymmagnet, 600 kg\"}]},{\"@type\":\"WebSite\",\"@id\":\"https:\\\/\\\/magnetarmagnets.com\\\/sv\\\/#website\",\"url\":\"https:\\\/\\\/magnetarmagnets.com\\\/sv\\\/\",\"name\":\"Magnet fishing with a Magnetar fishing magnet\",\"description\":\"Kraftfulla magneter f\u00f6r magnetfiske\",\"publisher\":{\"@id\":\"https:\\\/\\\/magnetarmagnets.com\\\/sv\\\/#organization\"},\"potentialAction\":[{\"@type\":\"SearchAction\",\"target\":{\"@type\":\"EntryPoint\",\"urlTemplate\":\"https:\\\/\\\/magnetarmagnets.com\\\/sv\\\/?s={search_term_string}\"},\"query-input\":{\"@type\":\"PropertyValueSpecification\",\"valueRequired\":true,\"valueName\":\"search_term_string\"}}],\"inLanguage\":\"sv-SE\"},{\"@type\":\"Organization\",\"@id\":\"https:\\\/\\\/magnetarmagnets.com\\\/sv\\\/#organization\",\"name\":\"Magnetar\",\"url\":\"https:\\\/\\\/magnetarmagnets.com\\\/sv\\\/\",\"logo\":{\"@type\":\"ImageObject\",\"inLanguage\":\"sv-SE\",\"@id\":\"https:\\\/\\\/magnetarmagnets.com\\\/sv\\\/#\\\/schema\\\/logo\\\/image\\\/\",\"url\":\"https:\\\/\\\/magnetarmagnets.com\\\/wp-content\\\/uploads\\\/2025\\\/05\\\/Logo-03_PNG-Black-scaled.png\",\"contentUrl\":\"https:\\\/\\\/magnetarmagnets.com\\\/wp-content\\\/uploads\\\/2025\\\/05\\\/Logo-03_PNG-Black-scaled.png\",\"width\":2560,\"height\":1658,\"caption\":\"Magnetar\"},\"image\":{\"@id\":\"https:\\\/\\\/magnetarmagnets.com\\\/sv\\\/#\\\/schema\\\/logo\\\/image\\\/\"},\"sameAs\":[\"https:\\\/\\\/www.facebook.com\\\/fishingmagnets\\\/\",\"https:\\\/\\\/www.instagram.com\\\/magnetar_magnets\\\/\",\"https:\\\/\\\/www.linkedin.com\\\/company\\\/magnetarbv\\\/?originalSubdomain=nl\",\"https:\\\/\\\/www.youtube.com\\\/c\\\/MagnetarVismagneet\"]}]}<\/script>\n<!-- \/ Yoast SEO plugin. -->","yoast_head_json":{"title":"Pro-paket fiskemagnet set \u2013 Hardcore Allround 360\u00b0 Neodymmagnet, 600 kg - Magnet fishing with a Magnetar fishing magnet","description":"Pro-paket \u2013 1300 lb \/ 600 kg Hardcore \u2013 Magnetar","robots":{"index":"index","follow":"follow","max-snippet":"max-snippet:-1","max-image-preview":"max-image-preview:large","max-video-preview":"max-video-preview:-1"},"canonical":"https:\/\/magnetarmagnets.com\/sv\/shop\/pro-paket-fiskemagnet-set-hardcore-allround-360-neodymmagnet-600-kg-1300-lb\/","og_locale":"sv_SE","og_type":"article","og_title":"Pro-paket fiskemagnet set \u2013 Hardcore Allround 360\u00b0 Neodymmagnet, 600 kg - Magnet fishing with a Magnetar fishing magnet","og_description":"Pro-paket \u2013 1300 lb \/ 600 kg Hardcore \u2013 Magnetar","og_url":"https:\/\/magnetarmagnets.com\/sv\/shop\/pro-paket-fiskemagnet-set-hardcore-allround-360-neodymmagnet-600-kg-1300-lb\/","og_site_name":"Magnet fishing with a Magnetar fishing magnet","article_publisher":"https:\/\/www.facebook.com\/fishingmagnets\/","article_modified_time":"2026-04-07T11:37:23+00:00","og_image":[{"width":1500,"height":1500,"url":"https:\/\/magnetarmagnets.com\/wp-content\/uploads\/2019\/11\/pro-pakket.jpg","type":"image\/jpeg"}],"twitter_card":"summary_large_image","twitter_misc":{"Ber\u00e4knad l\u00e4stid":"3 minuter"},"schema":{"@context":"https:\/\/schema.org","@graph":[{"@type":["WebPage","ItemPage"],"@id":"https:\/\/magnetarmagnets.com\/sv\/shop\/pro-paket-fiskemagnet-set-hardcore-allround-360-neodymmagnet-600-kg-1300-lb\/","url":"https:\/\/magnetarmagnets.com\/sv\/shop\/pro-paket-fiskemagnet-set-hardcore-allround-360-neodymmagnet-600-kg-1300-lb\/","name":"Pro-paket fiskemagnet set \u2013 Hardcore Allround 360\u00b0 Neodymmagnet, 600 kg - Magnet fishing with a Magnetar fishing magnet","isPartOf":{"@id":"https:\/\/magnetarmagnets.com\/sv\/#website"},"primaryImageOfPage":{"@id":"https:\/\/magnetarmagnets.com\/sv\/shop\/pro-paket-fiskemagnet-set-hardcore-allround-360-neodymmagnet-600-kg-1300-lb\/#primaryimage"},"image":{"@id":"https:\/\/magnetarmagnets.com\/sv\/shop\/pro-paket-fiskemagnet-set-hardcore-allround-360-neodymmagnet-600-kg-1300-lb\/#primaryimage"},"thumbnailUrl":"https:\/\/magnetarmagnets.com\/wp-content\/uploads\/2019\/11\/pro-pakket.jpg","datePublished":"2025-06-05T07:54:38+00:00","dateModified":"2026-04-07T11:37:23+00:00","description":"Pro-paket \u2013 1300 lb \/ 600 kg Hardcore \u2013 Magnetar","breadcrumb":{"@id":"https:\/\/magnetarmagnets.com\/sv\/shop\/pro-paket-fiskemagnet-set-hardcore-allround-360-neodymmagnet-600-kg-1300-lb\/#breadcrumb"},"inLanguage":"sv-SE","potentialAction":[{"@type":"ReadAction","target":["https:\/\/magnetarmagnets.com\/sv\/shop\/pro-paket-fiskemagnet-set-hardcore-allround-360-neodymmagnet-600-kg-1300-lb\/"]}]},{"@type":"ImageObject","inLanguage":"sv-SE","@id":"https:\/\/magnetarmagnets.com\/sv\/shop\/pro-paket-fiskemagnet-set-hardcore-allround-360-neodymmagnet-600-kg-1300-lb\/#primaryimage","url":"https:\/\/magnetarmagnets.com\/wp-content\/uploads\/2019\/11\/pro-pakket.jpg","contentUrl":"https:\/\/magnetarmagnets.com\/wp-content\/uploads\/2019\/11\/pro-pakket.jpg","width":1500,"height":1500},{"@type":"BreadcrumbList","@id":"https:\/\/magnetarmagnets.com\/sv\/shop\/pro-paket-fiskemagnet-set-hardcore-allround-360-neodymmagnet-600-kg-1300-lb\/#breadcrumb","itemListElement":[{"@type":"ListItem","position":1,"name":"Home","item":"https:\/\/magnetarmagnets.com\/sv\/"},{"@type":"ListItem","position":2,"name":"Butik","item":"https:\/\/magnetarmagnets.com\/sv\/butik\/"},{"@type":"ListItem","position":3,"name":"Okategoriserad","item":"https:\/\/magnetarmagnets.com\/sv\/collections\/okategoriserad\/"},{"@type":"ListItem","position":4,"name":"Pro-paket fiskemagnet set \u2013 Hardcore Allround 360\u00b0 Neodymmagnet, 600 kg"}]},{"@type":"WebSite","@id":"https:\/\/magnetarmagnets.com\/sv\/#website","url":"https:\/\/magnetarmagnets.com\/sv\/","name":"Magnet fishing with a Magnetar fishing magnet","description":"Kraftfulla magneter f\u00f6r magnetfiske","publisher":{"@id":"https:\/\/magnetarmagnets.com\/sv\/#organization"},"potentialAction":[{"@type":"SearchAction","target":{"@type":"EntryPoint","urlTemplate":"https:\/\/magnetarmagnets.com\/sv\/?s={search_term_string}"},"query-input":{"@type":"PropertyValueSpecification","valueRequired":true,"valueName":"search_term_string"}}],"inLanguage":"sv-SE"},{"@type":"Organization","@id":"https:\/\/magnetarmagnets.com\/sv\/#organization","name":"Magnetar","url":"https:\/\/magnetarmagnets.com\/sv\/","logo":{"@type":"ImageObject","inLanguage":"sv-SE","@id":"https:\/\/magnetarmagnets.com\/sv\/#\/schema\/logo\/image\/","url":"https:\/\/magnetarmagnets.com\/wp-content\/uploads\/2025\/05\/Logo-03_PNG-Black-scaled.png","contentUrl":"https:\/\/magnetarmagnets.com\/wp-content\/uploads\/2025\/05\/Logo-03_PNG-Black-scaled.png","width":2560,"height":1658,"caption":"Magnetar"},"image":{"@id":"https:\/\/magnetarmagnets.com\/sv\/#\/schema\/logo\/image\/"},"sameAs":["https:\/\/www.facebook.com\/fishingmagnets\/","https:\/\/www.instagram.com\/magnetar_magnets\/","https:\/\/www.linkedin.com\/company\/magnetarbv\/?originalSubdomain=nl","https:\/\/www.youtube.com\/c\/MagnetarVismagneet"]}]}},"_links":{"self":[{"href":"https:\/\/magnetarmagnets.com\/sv\/wp-json\/wp\/v2\/product\/67445","targetHints":{"allow":["GET"]}}],"collection":[{"href":"https:\/\/magnetarmagnets.com\/sv\/wp-json\/wp\/v2\/product"}],"about":[{"href":"https:\/\/magnetarmagnets.com\/sv\/wp-json\/wp\/v2\/types\/product"}],"replies":[{"embeddable":true,"href":"https:\/\/magnetarmagnets.com\/sv\/wp-json\/wp\/v2\/comments?post=67445"}],"version-history":[{"count":1,"href":"https:\/\/magnetarmagnets.com\/sv\/wp-json\/wp\/v2\/product\/67445\/revisions"}],"predecessor-version":[{"id":94702,"href":"https:\/\/magnetarmagnets.com\/sv\/wp-json\/wp\/v2\/product\/67445\/revisions\/94702"}],"wp:featuredmedia":[{"embeddable":true,"href":"https:\/\/magnetarmagnets.com\/sv\/wp-json\/wp\/v2\/media\/65403"}],"wp:attachment":[{"href":"https:\/\/magnetarmagnets.com\/sv\/wp-json\/wp\/v2\/media?parent=67445"}],"wp:term":[{"taxonomy":"product_brand","embeddable":true,"href":"https:\/\/magnetarmagnets.com\/sv\/wp-json\/wp\/v2\/product_brand?post=67445"},{"taxonomy":"product_cat","embeddable":true,"href":"https:\/\/magnetarmagnets.com\/sv\/wp-json\/wp\/v2\/product_cat?post=67445"},{"taxonomy":"product_tag","embeddable":true,"href":"https:\/\/magnetarmagnets.com\/sv\/wp-json\/wp\/v2\/product_tag?post=67445"}],"curies":[{"name":"wp","href":"https:\/\/api.w.org\/{rel}","templated":true}]}}