{"id":67442,"date":"2025-06-05T09:54:39","date_gmt":"2025-06-05T07:54:39","guid":{"rendered":"https:\/\/magnetarmagnets.com\/?post_type=product&#038;p=67442"},"modified":"2026-04-03T10:13:19","modified_gmt":"2026-04-03T08:13:19","slug":"terror-fiskemagnet-1000-kg-2200-lb-allround-360-neodymmagnet","status":"publish","type":"product","link":"https:\/\/magnetarmagnets.com\/sv\/shop\/terror-fiskemagnet-1000-kg-2200-lb-allround-360-neodymmagnet\/","title":{"rendered":"Terror fiskemagnet \u00ae &#8211; 1000 kg &#8211; Allround 360\u00b0 neodymmagnet"},"content":{"rendered":"<span style=\"font-weight: 400;\">* Skydda magneten med ett <a href=\"https:\/\/magnetarmagnets.com\/shop\/protection-cover-terror\/\" target=\"_blank\" rel=\"noopener\"><b>skyddsfodral<\/b><\/a> under magnetfisket. Utan skyddsfodral kan magneten skadas om den tr\u00e4ffar h\u00e5rda f\u00f6rem\u00e5l. Skyddsfodralet ing\u00e5r inte med magneten.<\/span>\r\n<h2><b>Terror neodymmagnet f\u00f6r magnetfiske<\/b><\/h2>\r\n<span style=\"font-weight: 400;\">Vi utvecklade Terror fiskemagnet efter framg\u00e5ngen med v\u00e5r Hardcore fiskemagnet. Terror-magneten erbjuder \u00e4nnu fler m\u00f6jligheter att dra upp skatter \u00e4n v\u00e5r Hardcore-magnet, med en extremt l\u00e5ngr\u00e4ckvidd dragkraft p\u00e5 upp till 1000 kg (2200 lb). Detta \u00f6kar avsev\u00e4rt chansen att hitta st\u00f6rre och b\u00e4ttre skatter. Magneten \u00e4r ocks\u00e5 tyngre, vilket g\u00f6r att den sjunker djupare i gyttja och n\u00e5r g\u00f6mda, sjunkna f\u00f6rem\u00e5l. Liksom alla v\u00e5ra magneter \u00e4r Terror en 100% neodymmagnet med kraftfull dragkraft runt om i 360\u00b0.<\/span>\r\n\r\n<b>\u00c4r du en erfaren magnetfiskare?<\/b><span style=\"font-weight: 400;\"> Eller vill du bli en expert? V\u00e5rt <\/span><a href=\"https:\/\/magnetarmagnets.com\/shop\/expert-package\/\" target=\"_blank\" rel=\"noopener\"><span style=\"font-weight: 400;\">Expertpaket<\/span><\/a><span style=\"font-weight: 400;\"> \u00e4r r\u00e4tt val och inkluderar allt du beh\u00f6ver f\u00f6r att komma ig\u00e5ng (och ge dig paketpris!). Detta paket inneh\u00e5ller v\u00e5r Terror allround 360\u00b0 magnet. Paketet levereras ocks\u00e5 med ett starkt rep \u2153\u2019\u2019 (8 mm) med karbinhake, ett par vattent\u00e4ta handskar, ett Expert skyddsfodral, lim och en extra stor grapplingkrok i rostfritt st\u00e5l. Vill du ta det till n\u00e4sta niv\u00e5? Kolla in v\u00e5rt <\/span><a href=\"https:\/\/magnetarmagnets.com\/shop\/legend-package\/\" target=\"_blank\" rel=\"noopener\"><span style=\"font-weight: 400;\">Legendpaket<\/span><\/a><span style=\"font-weight: 400;\">!<\/span>\r\n<h2><b>\u00c4r du redo f\u00f6r Terror?<\/b><\/h2>\r\n<span style=\"font-weight: 400;\">Namnet p\u00e5 magneten s\u00e4ger allt, den h\u00e4r magneten \u00e4r v\u00e4ldigt stark! Terror fiskemagnet griper tag i alla f\u00f6rem\u00e5l fr\u00e5n alla sidor, genom gyttja och fastnar inte l\u00e4tt p\u00e5 stenar. Tung nog att sjunka i gyttja eller slam, l\u00e4tt nog att kasta ut i vattnet \u2013 du kan kasta den i timmar utan problem. I mellantung viktklass \u00e4r den kastbar och n\u00e5r botten av leriga kanaler och floder trots str\u00f6mt vatten.<\/span>\r\n\r\n<span style=\"font-weight: 400;\">Terror \u00e4r f\u00f6r fiskare som har erfarenhet och vill f\u00e5 avkastning p\u00e5 sin magnetinvestering. Den \u00e4r perfekt f\u00f6r att dra upp b\u00e5de l\u00e4tta och tunga skatter som kassask\u00e5p, st\u00f6rre vapen, bildelar, scootrar och elcyklar.<\/span>\r\n<h2><b>Magnetutveckling<\/b><\/h2>\r\n<span style=\"font-weight: 400;\">M\u00e5nga magneter har endast dragkraft p\u00e5 ena sidan. Denna ensidiga magnet \u00e4r den klassiska fiskemagneten. Magnetar var det f\u00f6rsta f\u00f6retaget att omutveckla denna klassiska magnet till en dubbelsidig magnet. Sedan 2016 utvecklade Magnetar den allround fiskemagneten med 360\u00b0 dragkraft. Magnetfiskare i hela EU har sedan dess lockats av v\u00e5ra 100% neodymmagneter, vilket gjort oss till leverant\u00f6r nummer 1 i Europa. V\u00e5ra magneter tillverkas med h\u00f6gsta kvalitet, design och omsorg av ett litet team av magnetfiskeentusiaster. V\u00e5ra kunder kommer tillbaka g\u00e5ng p\u00e5 g\u00e5ng eftersom de vet att med Magnetar f\u00e5r de mer \u00e4n en magnet \u2013 de kommer f\u00e5 skatter.<\/span>\r\n<h2><b>Kraftfull 360\u00b0 dragkraft<\/b><\/h2>\r\n<span style=\"font-weight: 400;\">Terror-magneten \u00e4r en av de starkaste magneter vi erbjuder med en dragkraft p\u00e5 upp till 1000 kg (2200 lb). Dragkraften \u00e4r kraftfull och kan attrahera f\u00f6rem\u00e5l fr\u00e5n hela omgivningen, till skillnad fr\u00e5n en ensidig magnet inkapslad i ett st\u00e5lh\u00f6lje som fokuserar dragkraften i en riktning. Nyfiken p\u00e5 hur vi m\u00e4ter dragkraften? <\/span><a href=\"https:\/\/www.youtube.com\/watch?v=2McW3RURDxs\" target=\"_blank\" rel=\"noopener\"><span style=\"font-weight: 400;\">Se v\u00e5r video<\/span><\/a><span style=\"font-weight: 400;\">.<\/span>\r\n<h2><b>H\u00f6g kvalitet<\/b><\/h2>\r\n<span style=\"font-weight: 400;\">V\u00e5ra <a href=\"https:\/\/magnetarmagnets.com\/\">fiskemagneter<\/a> \u00e4r tillverkade av 100% neodymium. Magnetar-magneter beh\u00e5ller sin dragkraft i \u00e5rtionden med endast 1% f\u00f6rlust per 100 \u00e5r (med r\u00e4tt f\u00f6rvaring, omv\u00e5rdnad och skydd).<\/span>\r\n\r\n<span style=\"font-weight: 400;\">De flesta andra magnetleverant\u00f6rer visar redan f\u00f6rlust av dragstyrka efter bara n\u00e5gra veckor. Under de senaste \u00e5ren har vi sett fler och fler l\u00e5gkvalitativa magneter p\u00e5 marknaden: st\u00f6rre magneter med l\u00e4gre dragstyrka, l\u00e5gkvalitativ neodymium, falsk marknadsf\u00f6ring. N\u00e4r du k\u00f6per en av dessa magneter till ett l\u00e4gre pris eller fr\u00e5n ett stort konglomerat riskerar du att bli besviken, \u00e4ven om du sparade lite pengar.<\/span>\r\n\r\n<span style=\"font-weight: 400;\">Magnetar \u00e4r ett litet familjef\u00f6retag som s\u00e4tter kvalitet f\u00f6rst i allt vi g\u00f6r. Vi \u00e4r magnetfiskeentusiaster och alla v\u00e5ra magneter \u00e4r dragna, designade och tillverkade av v\u00e5rt team f\u00f6r att s\u00e4kerst\u00e4lla att du f\u00e5r mest valuta f\u00f6r pengarna (eller skatterna du drar upp!). Om du vill ha en p\u00e5litlig, effektiv och kraftfull fiskemagnet har du kommit r\u00e4tt. V\u00e5rt team h\u00f6r g\u00e4rna av dig, <a href=\"mailto:info@magnetarmagnets.com\">kontakta oss h\u00e4r<\/a>.<\/span>\r\n<h2><b>Skyddsfodral<\/b><\/h2>\r\nSkyddsfodral \u00e4r den perfekta tillbeh\u00f6ret f\u00f6r magnetfiskare som vill skydda sina neodymmagneter under anv\u00e4ndning. Dessa slitstarka fodral \u00e4r s\u00e4rskilt utformade f\u00f6r att passa perfekt p\u00e5 magneten och ge ett extra skyddslager mot repor, brott och andra typer av skador. V\u00e5ra skyddsfodral \u00e4r byggda f\u00f6r att t\u00e5la de tuffaste f\u00f6rh\u00e5llanden. Fodralet \u00e4r tillverkat av rostfritt st\u00e5l. Detta s\u00e4kerst\u00e4ller att din magnet f\u00f6rblir magnetisk i 360\u00b0. Med v\u00e5ra skyddsfodral kan du njuta av magnetfiske utan att oroa dig f\u00f6r skador p\u00e5 din v\u00e4rdefulla fiskemagnet. Fodralet kan l\u00e4ggas till separat till denna magnet.\r\n\r\n(Observera att magnetens undersida inte skyddas av fodralet)\r\n<h2><b>Anv\u00e4nd med f\u00f6rsiktighet<\/b><\/h2>\r\n<span style=\"font-weight: 400;\">V\u00e5ra neodymmagneter \u00e4r mycket kraftfulla och kan dra till sig j\u00e4rnf\u00f6rem\u00e5l med h\u00f6g hastighet om de \u00e4r p\u00e5 n\u00e4ra h\u00e5ll. Med de starkare magneterna som 360\u00b0 allround kan dina fingrar fastna mellan magneten och andra f\u00f6rem\u00e5l. Hantera magneterna varsamt och anv\u00e4nd p\u00e5 egen risk. L\u00e4s alltid v\u00e5ra s\u00e4kerhetsvarningar f\u00f6re anv\u00e4ndning.<\/span>\r\n\r\nF\u00f6rresten, med v\u00e5ra <a href=\"https:\/\/magnetarmagnets.com\/magnet-fishing-kit\/\" target=\"_blank\" rel=\"noopener\">fiskemagnetset<\/a> f\u00e5r du allt du beh\u00f6ver!\r\n\r\n<span style=\"font-weight: 400;\">* Barn m\u00e5ste anv\u00e4nda magneten under f\u00f6r\u00e4lders \u00f6vervakning.<\/span>","protected":false},"excerpt":{"rendered":"<p><span style=\"font-weight: 400;\">V\u00e5r Terror fiskemagnet \u00e4r f\u00f6r erfarna och modiga magnetfiskare som vill f\u00e5 upp det ingen annan f\u00e5ngat tidigare. Med ett 360\u00b0 magnetf\u00e4lt \u00e4r denna rena neodymmagnet oerh\u00f6rt kraftfull med en dragkraft p\u00e5 upp till 1000 kg (2200 lb). Varning: den h\u00e4r magneten \u00e4r inte f\u00f6r den vekhj\u00e4rtade!<\/span><\/p>\n","protected":false},"featured_media":64921,"comment_status":"open","ping_status":"closed","template":"","meta":{"_acf_changed":false,"inline_featured_image":false},"product_brand":[],"product_cat":[266,261],"product_tag":[238],"class_list":{"0":"post-67442","1":"product","2":"type-product","3":"status-publish","4":"has-post-thumbnail","6":"product_cat-allround-360-fiske-magneter","7":"product_cat-fiske-magneter","8":"product_tag-free-shipping-2","10":"first","11":"instock","12":"taxable","13":"shipping-taxable","14":"purchasable","15":"product-type-simple"},"acf":[],"yoast_head":"<!-- This site is optimized with the Yoast SEO plugin v27.3 - https:\/\/yoast.com\/product\/yoast-seo-wordpress\/ -->\n<title>Terror fiskemagnet \u00ae - 1000 kg - Allround 360\u00b0 neodymmagnet<\/title>\n<meta name=\"description\" content=\"Magnetar Terror fiskemagnet. Allsidig 360\u00b0 neodymmagnet med 1000 kg dragkraft, k\u00e4nd fr\u00e5n YouTube! Best\u00e4ll f\u00f6re 23:00 \u2013 leverans imorgon!\" \/>\n<meta name=\"robots\" content=\"index, follow, max-snippet:-1, max-image-preview:large, max-video-preview:-1\" \/>\n<link rel=\"canonical\" href=\"https:\/\/magnetarmagnets.com\/sv\/shop\/terror-fiskemagnet-1000-kg-2200-lb-allround-360-neodymmagnet\/\" \/>\n<meta property=\"og:locale\" content=\"sv_SE\" \/>\n<meta property=\"og:type\" content=\"article\" \/>\n<meta property=\"og:title\" content=\"Terror fiskemagnet \u00ae - 1000 kg - Allround 360\u00b0 neodymmagnet\" \/>\n<meta property=\"og:description\" content=\"Magnetar Terror fiskemagnet. Allsidig 360\u00b0 neodymmagnet med 1000 kg dragkraft, k\u00e4nd fr\u00e5n YouTube! Best\u00e4ll f\u00f6re 23:00 \u2013 leverans imorgon!\" \/>\n<meta property=\"og:url\" content=\"https:\/\/magnetarmagnets.com\/sv\/shop\/terror-fiskemagnet-1000-kg-2200-lb-allround-360-neodymmagnet\/\" \/>\n<meta property=\"og:site_name\" content=\"Magnet fishing with a Magnetar fishing magnet\" \/>\n<meta property=\"article:publisher\" content=\"https:\/\/www.facebook.com\/fishingmagnets\/\" \/>\n<meta property=\"article:modified_time\" content=\"2026-04-03T08:13:19+00:00\" \/>\n<meta property=\"og:image\" content=\"https:\/\/magnetarmagnets.com\/wp-content\/uploads\/2018\/08\/Terror-magnet-360-Degrees-Neodymium.jpeg\" \/>\n\t<meta property=\"og:image:width\" content=\"1000\" \/>\n\t<meta property=\"og:image:height\" content=\"1000\" \/>\n\t<meta property=\"og:image:type\" content=\"image\/jpeg\" \/>\n<meta name=\"twitter:card\" content=\"summary_large_image\" \/>\n<meta name=\"twitter:label1\" content=\"Ber\u00e4knad l\u00e4stid\" \/>\n\t<meta name=\"twitter:data1\" content=\"5 minuter\" \/>\n<script type=\"application\/ld+json\" class=\"yoast-schema-graph\">{\"@context\":\"https:\\\/\\\/schema.org\",\"@graph\":[{\"@type\":[\"WebPage\",\"ItemPage\"],\"@id\":\"https:\\\/\\\/magnetarmagnets.com\\\/sv\\\/shop\\\/terror-fiskemagnet-1000-kg-2200-lb-allround-360-neodymmagnet\\\/\",\"url\":\"https:\\\/\\\/magnetarmagnets.com\\\/sv\\\/shop\\\/terror-fiskemagnet-1000-kg-2200-lb-allround-360-neodymmagnet\\\/\",\"name\":\"Terror fiskemagnet \u00ae - 1000 kg - Allround 360\u00b0 neodymmagnet\",\"isPartOf\":{\"@id\":\"https:\\\/\\\/magnetarmagnets.com\\\/sv\\\/#website\"},\"primaryImageOfPage\":{\"@id\":\"https:\\\/\\\/magnetarmagnets.com\\\/sv\\\/shop\\\/terror-fiskemagnet-1000-kg-2200-lb-allround-360-neodymmagnet\\\/#primaryimage\"},\"image\":{\"@id\":\"https:\\\/\\\/magnetarmagnets.com\\\/sv\\\/shop\\\/terror-fiskemagnet-1000-kg-2200-lb-allround-360-neodymmagnet\\\/#primaryimage\"},\"thumbnailUrl\":\"https:\\\/\\\/magnetarmagnets.com\\\/wp-content\\\/uploads\\\/2018\\\/08\\\/Terror-magnet-360-Degrees-Neodymium.jpeg\",\"datePublished\":\"2025-06-05T07:54:39+00:00\",\"dateModified\":\"2026-04-03T08:13:19+00:00\",\"description\":\"Magnetar Terror fiskemagnet. Allsidig 360\u00b0 neodymmagnet med 1000 kg dragkraft, k\u00e4nd fr\u00e5n YouTube! Best\u00e4ll f\u00f6re 23:00 \u2013 leverans imorgon!\",\"breadcrumb\":{\"@id\":\"https:\\\/\\\/magnetarmagnets.com\\\/sv\\\/shop\\\/terror-fiskemagnet-1000-kg-2200-lb-allround-360-neodymmagnet\\\/#breadcrumb\"},\"inLanguage\":\"sv-SE\",\"potentialAction\":[{\"@type\":\"ReadAction\",\"target\":[\"https:\\\/\\\/magnetarmagnets.com\\\/sv\\\/shop\\\/terror-fiskemagnet-1000-kg-2200-lb-allround-360-neodymmagnet\\\/\"]}]},{\"@type\":\"ImageObject\",\"inLanguage\":\"sv-SE\",\"@id\":\"https:\\\/\\\/magnetarmagnets.com\\\/sv\\\/shop\\\/terror-fiskemagnet-1000-kg-2200-lb-allround-360-neodymmagnet\\\/#primaryimage\",\"url\":\"https:\\\/\\\/magnetarmagnets.com\\\/wp-content\\\/uploads\\\/2018\\\/08\\\/Terror-magnet-360-Degrees-Neodymium.jpeg\",\"contentUrl\":\"https:\\\/\\\/magnetarmagnets.com\\\/wp-content\\\/uploads\\\/2018\\\/08\\\/Terror-magnet-360-Degrees-Neodymium.jpeg\",\"width\":1000,\"height\":1000},{\"@type\":\"BreadcrumbList\",\"@id\":\"https:\\\/\\\/magnetarmagnets.com\\\/sv\\\/shop\\\/terror-fiskemagnet-1000-kg-2200-lb-allround-360-neodymmagnet\\\/#breadcrumb\",\"itemListElement\":[{\"@type\":\"ListItem\",\"position\":1,\"name\":\"Home\",\"item\":\"https:\\\/\\\/magnetarmagnets.com\\\/sv\\\/\"},{\"@type\":\"ListItem\",\"position\":2,\"name\":\"Butik\",\"item\":\"https:\\\/\\\/magnetarmagnets.com\\\/sv\\\/butik\\\/\"},{\"@type\":\"ListItem\",\"position\":3,\"name\":\"Fiske magneter\",\"item\":\"https:\\\/\\\/magnetarmagnets.com\\\/sv\\\/collections\\\/fiske-magneter\\\/\"},{\"@type\":\"ListItem\",\"position\":4,\"name\":\"Allround 360 fiske magneter\",\"item\":\"https:\\\/\\\/magnetarmagnets.com\\\/sv\\\/collections\\\/fiske-magneter\\\/allround-360-fiske-magneter\\\/\"},{\"@type\":\"ListItem\",\"position\":5,\"name\":\"Terror fiskemagnet \u00ae &#8211; 1000 kg &#8211; Allround 360\u00b0 neodymmagnet\"}]},{\"@type\":\"WebSite\",\"@id\":\"https:\\\/\\\/magnetarmagnets.com\\\/sv\\\/#website\",\"url\":\"https:\\\/\\\/magnetarmagnets.com\\\/sv\\\/\",\"name\":\"Magnet fishing with a Magnetar fishing magnet\",\"description\":\"Kraftfulla magneter f\u00f6r magnetfiske\",\"publisher\":{\"@id\":\"https:\\\/\\\/magnetarmagnets.com\\\/sv\\\/#organization\"},\"potentialAction\":[{\"@type\":\"SearchAction\",\"target\":{\"@type\":\"EntryPoint\",\"urlTemplate\":\"https:\\\/\\\/magnetarmagnets.com\\\/sv\\\/?s={search_term_string}\"},\"query-input\":{\"@type\":\"PropertyValueSpecification\",\"valueRequired\":true,\"valueName\":\"search_term_string\"}}],\"inLanguage\":\"sv-SE\"},{\"@type\":\"Organization\",\"@id\":\"https:\\\/\\\/magnetarmagnets.com\\\/sv\\\/#organization\",\"name\":\"Magnetar\",\"url\":\"https:\\\/\\\/magnetarmagnets.com\\\/sv\\\/\",\"logo\":{\"@type\":\"ImageObject\",\"inLanguage\":\"sv-SE\",\"@id\":\"https:\\\/\\\/magnetarmagnets.com\\\/sv\\\/#\\\/schema\\\/logo\\\/image\\\/\",\"url\":\"https:\\\/\\\/magnetarmagnets.com\\\/wp-content\\\/uploads\\\/2025\\\/05\\\/Logo-03_PNG-Black-scaled.png\",\"contentUrl\":\"https:\\\/\\\/magnetarmagnets.com\\\/wp-content\\\/uploads\\\/2025\\\/05\\\/Logo-03_PNG-Black-scaled.png\",\"width\":2560,\"height\":1658,\"caption\":\"Magnetar\"},\"image\":{\"@id\":\"https:\\\/\\\/magnetarmagnets.com\\\/sv\\\/#\\\/schema\\\/logo\\\/image\\\/\"},\"sameAs\":[\"https:\\\/\\\/www.facebook.com\\\/fishingmagnets\\\/\",\"https:\\\/\\\/www.instagram.com\\\/magnetar_magnets\\\/\",\"https:\\\/\\\/www.linkedin.com\\\/company\\\/magnetarbv\\\/?originalSubdomain=nl\",\"https:\\\/\\\/www.youtube.com\\\/c\\\/MagnetarVismagneet\"]}]}<\/script>\n<!-- \/ Yoast SEO plugin. -->","yoast_head_json":{"title":"Terror fiskemagnet \u00ae - 1000 kg - Allround 360\u00b0 neodymmagnet","description":"Magnetar Terror fiskemagnet. Allsidig 360\u00b0 neodymmagnet med 1000 kg dragkraft, k\u00e4nd fr\u00e5n YouTube! Best\u00e4ll f\u00f6re 23:00 \u2013 leverans imorgon!","robots":{"index":"index","follow":"follow","max-snippet":"max-snippet:-1","max-image-preview":"max-image-preview:large","max-video-preview":"max-video-preview:-1"},"canonical":"https:\/\/magnetarmagnets.com\/sv\/shop\/terror-fiskemagnet-1000-kg-2200-lb-allround-360-neodymmagnet\/","og_locale":"sv_SE","og_type":"article","og_title":"Terror fiskemagnet \u00ae - 1000 kg - Allround 360\u00b0 neodymmagnet","og_description":"Magnetar Terror fiskemagnet. Allsidig 360\u00b0 neodymmagnet med 1000 kg dragkraft, k\u00e4nd fr\u00e5n YouTube! Best\u00e4ll f\u00f6re 23:00 \u2013 leverans imorgon!","og_url":"https:\/\/magnetarmagnets.com\/sv\/shop\/terror-fiskemagnet-1000-kg-2200-lb-allround-360-neodymmagnet\/","og_site_name":"Magnet fishing with a Magnetar fishing magnet","article_publisher":"https:\/\/www.facebook.com\/fishingmagnets\/","article_modified_time":"2026-04-03T08:13:19+00:00","og_image":[{"width":1000,"height":1000,"url":"https:\/\/magnetarmagnets.com\/wp-content\/uploads\/2018\/08\/Terror-magnet-360-Degrees-Neodymium.jpeg","type":"image\/jpeg"}],"twitter_card":"summary_large_image","twitter_misc":{"Ber\u00e4knad l\u00e4stid":"5 minuter"},"schema":{"@context":"https:\/\/schema.org","@graph":[{"@type":["WebPage","ItemPage"],"@id":"https:\/\/magnetarmagnets.com\/sv\/shop\/terror-fiskemagnet-1000-kg-2200-lb-allround-360-neodymmagnet\/","url":"https:\/\/magnetarmagnets.com\/sv\/shop\/terror-fiskemagnet-1000-kg-2200-lb-allround-360-neodymmagnet\/","name":"Terror fiskemagnet \u00ae - 1000 kg - Allround 360\u00b0 neodymmagnet","isPartOf":{"@id":"https:\/\/magnetarmagnets.com\/sv\/#website"},"primaryImageOfPage":{"@id":"https:\/\/magnetarmagnets.com\/sv\/shop\/terror-fiskemagnet-1000-kg-2200-lb-allround-360-neodymmagnet\/#primaryimage"},"image":{"@id":"https:\/\/magnetarmagnets.com\/sv\/shop\/terror-fiskemagnet-1000-kg-2200-lb-allround-360-neodymmagnet\/#primaryimage"},"thumbnailUrl":"https:\/\/magnetarmagnets.com\/wp-content\/uploads\/2018\/08\/Terror-magnet-360-Degrees-Neodymium.jpeg","datePublished":"2025-06-05T07:54:39+00:00","dateModified":"2026-04-03T08:13:19+00:00","description":"Magnetar Terror fiskemagnet. Allsidig 360\u00b0 neodymmagnet med 1000 kg dragkraft, k\u00e4nd fr\u00e5n YouTube! Best\u00e4ll f\u00f6re 23:00 \u2013 leverans imorgon!","breadcrumb":{"@id":"https:\/\/magnetarmagnets.com\/sv\/shop\/terror-fiskemagnet-1000-kg-2200-lb-allround-360-neodymmagnet\/#breadcrumb"},"inLanguage":"sv-SE","potentialAction":[{"@type":"ReadAction","target":["https:\/\/magnetarmagnets.com\/sv\/shop\/terror-fiskemagnet-1000-kg-2200-lb-allround-360-neodymmagnet\/"]}]},{"@type":"ImageObject","inLanguage":"sv-SE","@id":"https:\/\/magnetarmagnets.com\/sv\/shop\/terror-fiskemagnet-1000-kg-2200-lb-allround-360-neodymmagnet\/#primaryimage","url":"https:\/\/magnetarmagnets.com\/wp-content\/uploads\/2018\/08\/Terror-magnet-360-Degrees-Neodymium.jpeg","contentUrl":"https:\/\/magnetarmagnets.com\/wp-content\/uploads\/2018\/08\/Terror-magnet-360-Degrees-Neodymium.jpeg","width":1000,"height":1000},{"@type":"BreadcrumbList","@id":"https:\/\/magnetarmagnets.com\/sv\/shop\/terror-fiskemagnet-1000-kg-2200-lb-allround-360-neodymmagnet\/#breadcrumb","itemListElement":[{"@type":"ListItem","position":1,"name":"Home","item":"https:\/\/magnetarmagnets.com\/sv\/"},{"@type":"ListItem","position":2,"name":"Butik","item":"https:\/\/magnetarmagnets.com\/sv\/butik\/"},{"@type":"ListItem","position":3,"name":"Fiske magneter","item":"https:\/\/magnetarmagnets.com\/sv\/collections\/fiske-magneter\/"},{"@type":"ListItem","position":4,"name":"Allround 360 fiske magneter","item":"https:\/\/magnetarmagnets.com\/sv\/collections\/fiske-magneter\/allround-360-fiske-magneter\/"},{"@type":"ListItem","position":5,"name":"Terror fiskemagnet \u00ae &#8211; 1000 kg &#8211; Allround 360\u00b0 neodymmagnet"}]},{"@type":"WebSite","@id":"https:\/\/magnetarmagnets.com\/sv\/#website","url":"https:\/\/magnetarmagnets.com\/sv\/","name":"Magnet fishing with a Magnetar fishing magnet","description":"Kraftfulla magneter f\u00f6r magnetfiske","publisher":{"@id":"https:\/\/magnetarmagnets.com\/sv\/#organization"},"potentialAction":[{"@type":"SearchAction","target":{"@type":"EntryPoint","urlTemplate":"https:\/\/magnetarmagnets.com\/sv\/?s={search_term_string}"},"query-input":{"@type":"PropertyValueSpecification","valueRequired":true,"valueName":"search_term_string"}}],"inLanguage":"sv-SE"},{"@type":"Organization","@id":"https:\/\/magnetarmagnets.com\/sv\/#organization","name":"Magnetar","url":"https:\/\/magnetarmagnets.com\/sv\/","logo":{"@type":"ImageObject","inLanguage":"sv-SE","@id":"https:\/\/magnetarmagnets.com\/sv\/#\/schema\/logo\/image\/","url":"https:\/\/magnetarmagnets.com\/wp-content\/uploads\/2025\/05\/Logo-03_PNG-Black-scaled.png","contentUrl":"https:\/\/magnetarmagnets.com\/wp-content\/uploads\/2025\/05\/Logo-03_PNG-Black-scaled.png","width":2560,"height":1658,"caption":"Magnetar"},"image":{"@id":"https:\/\/magnetarmagnets.com\/sv\/#\/schema\/logo\/image\/"},"sameAs":["https:\/\/www.facebook.com\/fishingmagnets\/","https:\/\/www.instagram.com\/magnetar_magnets\/","https:\/\/www.linkedin.com\/company\/magnetarbv\/?originalSubdomain=nl","https:\/\/www.youtube.com\/c\/MagnetarVismagneet"]}]}},"_links":{"self":[{"href":"https:\/\/magnetarmagnets.com\/sv\/wp-json\/wp\/v2\/product\/67442","targetHints":{"allow":["GET"]}}],"collection":[{"href":"https:\/\/magnetarmagnets.com\/sv\/wp-json\/wp\/v2\/product"}],"about":[{"href":"https:\/\/magnetarmagnets.com\/sv\/wp-json\/wp\/v2\/types\/product"}],"replies":[{"embeddable":true,"href":"https:\/\/magnetarmagnets.com\/sv\/wp-json\/wp\/v2\/comments?post=67442"}],"version-history":[{"count":2,"href":"https:\/\/magnetarmagnets.com\/sv\/wp-json\/wp\/v2\/product\/67442\/revisions"}],"predecessor-version":[{"id":94584,"href":"https:\/\/magnetarmagnets.com\/sv\/wp-json\/wp\/v2\/product\/67442\/revisions\/94584"}],"wp:featuredmedia":[{"embeddable":true,"href":"https:\/\/magnetarmagnets.com\/sv\/wp-json\/wp\/v2\/media\/64921"}],"wp:attachment":[{"href":"https:\/\/magnetarmagnets.com\/sv\/wp-json\/wp\/v2\/media?parent=67442"}],"wp:term":[{"taxonomy":"product_brand","embeddable":true,"href":"https:\/\/magnetarmagnets.com\/sv\/wp-json\/wp\/v2\/product_brand?post=67442"},{"taxonomy":"product_cat","embeddable":true,"href":"https:\/\/magnetarmagnets.com\/sv\/wp-json\/wp\/v2\/product_cat?post=67442"},{"taxonomy":"product_tag","embeddable":true,"href":"https:\/\/magnetarmagnets.com\/sv\/wp-json\/wp\/v2\/product_tag?post=67442"}],"curies":[{"name":"wp","href":"https:\/\/api.w.org\/{rel}","templated":true}]}}