{"id":67441,"date":"2025-06-05T09:54:39","date_gmt":"2025-06-05T07:54:39","guid":{"rendered":"https:\/\/magnetarmagnets.com\/?post_type=product&#038;p=67441"},"modified":"2026-04-04T07:33:41","modified_gmt":"2026-04-04T05:33:41","slug":"magnetisk-knivhallare-i-rostfritt-stal-med-stark-magnet","status":"publish","type":"product","link":"https:\/\/magnetarmagnets.com\/sv\/shop\/magnetisk-knivhallare-i-rostfritt-stal-med-stark-magnet\/","title":{"rendered":"Magnetisk knivh\u00e5llare i rostfritt st\u00e5l med stark magnet"},"content":{"rendered":"<h2><strong>Mycket stilren knivh\u00e5llare<\/strong><\/h2>\n\n<span style=\"font-weight: 400;\">D\u00f6lj inte dina knivar: h\u00e4ng dem hygieniskt, enkelt och snabbt p\u00e5 en magnetisk knivh\u00e5llare!<\/span> <span style=\"font-weight: 400;\">H\u00e4ng enkelt upp dina knivar med den magnetiska knivlisten fr\u00e5n Magnetar. Knivarna f\u00e4ster p\u00e5 magnetlisten p\u00e5 ett s\u00e4kert och mycket stilrent s\u00e4tt. <strong>Finns i tr\u00e4 och rostfritt st\u00e5l<\/strong>!<\/span>\n\n<h2><strong>F\u00f6rdelar med knivh\u00e5llaren<\/strong><\/h2>\n\n<span style=\"font-weight: 400;\">Du kan f\u00f6rvara dina knivar h\u00f6gt s\u00e5 att barn inte n\u00e5r dem. Skador i k\u00f6ksl\u00e5dan eller sk\u00e5pet \u00e4r ett minne blott, och dina knivar f\u00e5r l\u00e4ngre livsl\u00e4ngd. Dina knivar h\u00e4nger p\u00e5 ett snyggt och stilrent s\u00e4tt i k\u00f6ket. Du kan vara stolt \u00f6ver dina knivar och sluta g\u00f6mma dem i ett knivblock eller en l\u00e5da!<\/span>\n\n<h2><span style=\"font-weight: 400;\">Information och montering<\/span><\/h2>\n\n<span style=\"font-weight: 400;\">Den magnetiska knivh\u00e5llaren \u00e4r tillverkad av rostfritt st\u00e5l som ser fantastiskt ut i k\u00f6ket. Vi erbjuder b\u00e5de en tr\u00e4version och en version i rostfritt st\u00e5l. Montering av den magnetiska knivh\u00e5llaren tar inte l\u00e5ng tid och \u00e4r mycket enkel. Alla som h\u00e5llit i en borrmaskin kan montera denna knivh\u00e5llare. Tv\u00e5 skruvar och tv\u00e5 v\u00e4ggpluggar ing\u00e5r, s\u00e5 du slipper k\u00f6pa det separat.<\/span>\n\n<h2><strong>Specifikationer<\/strong><\/h2>\n\n<span style=\"font-weight: 400;\">Knivlisten \u00e4r 4,7 cm bred, vilket inneb\u00e4r att b\u00e5de sm\u00e5 och stora knivar f\u00e4ster ordentligt. Du kan h\u00e4nga flera knivar med en l\u00e4ngd p\u00e5 upp till 36 cm.<\/span>\n\n\n\n<img fetchpriority=\"high\" decoding=\"async\" class=\"alignleft size-medium wp-image-38098\" src=\"https:\/\/magnetarmagnets.com\/wp-content\/uploads\/2018\/03\/IMG_2101-300x200.jpg\" alt=\"magnetisk knivh\u00e5llare i rostfritt st\u00e5l\" width=\"300\" height=\"200\" \/><img decoding=\"async\" class=\"alignright size-medium wp-image-38100\" src=\"https:\/\/magnetarmagnets.com\/wp-content\/uploads\/2018\/03\/IMG_2108-300x200.jpg\" alt=\"magnetisk knivh\u00e5llare i rostfritt st\u00e5l bakifr\u00e5n\" width=\"300\" height=\"200\" srcset=\"https:\/\/magnetarmagnets.com\/wp-content\/uploads\/2018\/03\/IMG_2108-300x200.jpg 300w, https:\/\/magnetarmagnets.com\/wp-content\/uploads\/2018\/03\/IMG_2108-scaled-800x533.jpg 800w, https:\/\/magnetarmagnets.com\/wp-content\/uploads\/2018\/03\/IMG_2108-768x512.jpg 768w, https:\/\/magnetarmagnets.com\/wp-content\/uploads\/2018\/03\/IMG_2108-1024x683.jpg 1024w, https:\/\/magnetarmagnets.com\/wp-content\/uploads\/2018\/03\/IMG_2108-scaled-600x400.jpg 600w\" sizes=\"(max-width: 300px) 100vw, 300px\" \/>","protected":false},"excerpt":{"rendered":"<p><span style=\"font-weight: 400;\">Den magnetiska verktygslisten \u00e4r tillverkad av <strong>rostfritt st\u00e5l<\/strong> som ser mycket <strong>stilren<\/strong> ut i ditt k\u00f6k och \u00e4r <strong>mycket enkel att montera<\/strong>.<\/span><\/p>\n","protected":false},"featured_media":65311,"comment_status":"open","ping_status":"closed","template":"","meta":{"_acf_changed":false,"inline_featured_image":false},"product_brand":[],"product_cat":[592,588],"product_tag":[],"class_list":{"0":"post-67441","1":"product","2":"type-product","3":"status-publish","4":"has-post-thumbnail","6":"product_cat-akcesoria-magnetyczne","7":"product_cat-sprzet","9":"first","10":"instock","11":"taxable","12":"shipping-taxable","13":"purchasable","14":"product-type-simple"},"acf":[],"yoast_head":"<!-- This site is optimized with the Yoast SEO plugin v27.4 - https:\/\/yoast.com\/product\/yoast-seo-wordpress\/ -->\n<title>Magnetisk knivh\u00e5llare i rostfritt st\u00e5l med stark magnet - Magnet fishing with a Magnetar fishing magnet<\/title>\n<meta name=\"description\" content=\"Magnetisk knivh\u00e5llare i rostfritt st\u00e5l fr\u00e5n Magnetar\" \/>\n<meta name=\"robots\" content=\"index, follow, max-snippet:-1, max-image-preview:large, max-video-preview:-1\" \/>\n<link rel=\"canonical\" href=\"https:\/\/magnetarmagnets.com\/sv\/shop\/magnetisk-knivhallare-i-rostfritt-stal-med-stark-magnet\/\" \/>\n<meta property=\"og:locale\" content=\"sv_SE\" \/>\n<meta property=\"og:type\" content=\"article\" \/>\n<meta property=\"og:title\" content=\"Magnetisk knivh\u00e5llare i rostfritt st\u00e5l med stark magnet - Magnet fishing with a Magnetar fishing magnet\" \/>\n<meta property=\"og:description\" content=\"Magnetisk knivh\u00e5llare i rostfritt st\u00e5l fr\u00e5n Magnetar\" \/>\n<meta property=\"og:url\" content=\"https:\/\/magnetarmagnets.com\/sv\/shop\/magnetisk-knivhallare-i-rostfritt-stal-med-stark-magnet\/\" \/>\n<meta property=\"og:site_name\" content=\"Magnet fishing with a Magnetar fishing magnet\" \/>\n<meta property=\"article:publisher\" content=\"https:\/\/www.facebook.com\/fishingmagnets\/\" \/>\n<meta property=\"article:modified_time\" content=\"2026-04-04T05:33:41+00:00\" \/>\n<meta property=\"og:image\" content=\"https:\/\/magnetarmagnets.com\/wp-content\/uploads\/2018\/03\/550x506.jpg\" \/>\n\t<meta property=\"og:image:width\" content=\"550\" \/>\n\t<meta property=\"og:image:height\" content=\"506\" \/>\n\t<meta property=\"og:image:type\" content=\"image\/jpeg\" \/>\n<meta name=\"twitter:card\" content=\"summary_large_image\" \/>\n<meta name=\"twitter:label1\" content=\"Ber\u00e4knad l\u00e4stid\" \/>\n\t<meta name=\"twitter:data1\" content=\"2 minuter\" \/>\n<script type=\"application\/ld+json\" class=\"yoast-schema-graph\">{\"@context\":\"https:\\\/\\\/schema.org\",\"@graph\":[{\"@type\":[\"WebPage\",\"ItemPage\"],\"@id\":\"https:\\\/\\\/magnetarmagnets.com\\\/sv\\\/shop\\\/magnetisk-knivhallare-i-rostfritt-stal-med-stark-magnet\\\/\",\"url\":\"https:\\\/\\\/magnetarmagnets.com\\\/sv\\\/shop\\\/magnetisk-knivhallare-i-rostfritt-stal-med-stark-magnet\\\/\",\"name\":\"Magnetisk knivh\u00e5llare i rostfritt st\u00e5l med stark magnet - Magnet fishing with a Magnetar fishing magnet\",\"isPartOf\":{\"@id\":\"https:\\\/\\\/magnetarmagnets.com\\\/sv\\\/#website\"},\"primaryImageOfPage\":{\"@id\":\"https:\\\/\\\/magnetarmagnets.com\\\/sv\\\/shop\\\/magnetisk-knivhallare-i-rostfritt-stal-med-stark-magnet\\\/#primaryimage\"},\"image\":{\"@id\":\"https:\\\/\\\/magnetarmagnets.com\\\/sv\\\/shop\\\/magnetisk-knivhallare-i-rostfritt-stal-med-stark-magnet\\\/#primaryimage\"},\"thumbnailUrl\":\"https:\\\/\\\/magnetarmagnets.com\\\/wp-content\\\/uploads\\\/2018\\\/03\\\/550x506.jpg\",\"datePublished\":\"2025-06-05T07:54:39+00:00\",\"dateModified\":\"2026-04-04T05:33:41+00:00\",\"description\":\"Magnetisk knivh\u00e5llare i rostfritt st\u00e5l fr\u00e5n Magnetar\",\"breadcrumb\":{\"@id\":\"https:\\\/\\\/magnetarmagnets.com\\\/sv\\\/shop\\\/magnetisk-knivhallare-i-rostfritt-stal-med-stark-magnet\\\/#breadcrumb\"},\"inLanguage\":\"sv-SE\",\"potentialAction\":[{\"@type\":\"ReadAction\",\"target\":[\"https:\\\/\\\/magnetarmagnets.com\\\/sv\\\/shop\\\/magnetisk-knivhallare-i-rostfritt-stal-med-stark-magnet\\\/\"]}]},{\"@type\":\"ImageObject\",\"inLanguage\":\"sv-SE\",\"@id\":\"https:\\\/\\\/magnetarmagnets.com\\\/sv\\\/shop\\\/magnetisk-knivhallare-i-rostfritt-stal-med-stark-magnet\\\/#primaryimage\",\"url\":\"https:\\\/\\\/magnetarmagnets.com\\\/wp-content\\\/uploads\\\/2018\\\/03\\\/550x506.jpg\",\"contentUrl\":\"https:\\\/\\\/magnetarmagnets.com\\\/wp-content\\\/uploads\\\/2018\\\/03\\\/550x506.jpg\",\"width\":550,\"height\":506},{\"@type\":\"BreadcrumbList\",\"@id\":\"https:\\\/\\\/magnetarmagnets.com\\\/sv\\\/shop\\\/magnetisk-knivhallare-i-rostfritt-stal-med-stark-magnet\\\/#breadcrumb\",\"itemListElement\":[{\"@type\":\"ListItem\",\"position\":1,\"name\":\"Home\",\"item\":\"https:\\\/\\\/magnetarmagnets.com\\\/sv\\\/\"},{\"@type\":\"ListItem\",\"position\":2,\"name\":\"Butik\",\"item\":\"https:\\\/\\\/magnetarmagnets.com\\\/sv\\\/butik\\\/\"},{\"@type\":\"ListItem\",\"position\":3,\"name\":\"Utrustning\",\"item\":\"https:\\\/\\\/magnetarmagnets.com\\\/sv\\\/collections\\\/utrustning\\\/\"},{\"@type\":\"ListItem\",\"position\":4,\"name\":\"Magnetiska tillbeh\u00f6r\",\"item\":\"https:\\\/\\\/magnetarmagnets.com\\\/sv\\\/collections\\\/utrustning\\\/magnetiska-tillbehor\\\/\"},{\"@type\":\"ListItem\",\"position\":5,\"name\":\"Magnetisk knivh\u00e5llare i rostfritt st\u00e5l med stark magnet\"}]},{\"@type\":\"WebSite\",\"@id\":\"https:\\\/\\\/magnetarmagnets.com\\\/sv\\\/#website\",\"url\":\"https:\\\/\\\/magnetarmagnets.com\\\/sv\\\/\",\"name\":\"Magnet fishing with a Magnetar fishing magnet\",\"description\":\"Kraftfulla magneter f\u00f6r magnetfiske\",\"publisher\":{\"@id\":\"https:\\\/\\\/magnetarmagnets.com\\\/sv\\\/#organization\"},\"potentialAction\":[{\"@type\":\"SearchAction\",\"target\":{\"@type\":\"EntryPoint\",\"urlTemplate\":\"https:\\\/\\\/magnetarmagnets.com\\\/sv\\\/?s={search_term_string}\"},\"query-input\":{\"@type\":\"PropertyValueSpecification\",\"valueRequired\":true,\"valueName\":\"search_term_string\"}}],\"inLanguage\":\"sv-SE\"},{\"@type\":\"Organization\",\"@id\":\"https:\\\/\\\/magnetarmagnets.com\\\/sv\\\/#organization\",\"name\":\"Magnetar\",\"url\":\"https:\\\/\\\/magnetarmagnets.com\\\/sv\\\/\",\"logo\":{\"@type\":\"ImageObject\",\"inLanguage\":\"sv-SE\",\"@id\":\"https:\\\/\\\/magnetarmagnets.com\\\/sv\\\/#\\\/schema\\\/logo\\\/image\\\/\",\"url\":\"https:\\\/\\\/magnetarmagnets.com\\\/wp-content\\\/uploads\\\/2025\\\/05\\\/Logo-03_PNG-Black-scaled.png\",\"contentUrl\":\"https:\\\/\\\/magnetarmagnets.com\\\/wp-content\\\/uploads\\\/2025\\\/05\\\/Logo-03_PNG-Black-scaled.png\",\"width\":2560,\"height\":1658,\"caption\":\"Magnetar\"},\"image\":{\"@id\":\"https:\\\/\\\/magnetarmagnets.com\\\/sv\\\/#\\\/schema\\\/logo\\\/image\\\/\"},\"sameAs\":[\"https:\\\/\\\/www.facebook.com\\\/fishingmagnets\\\/\",\"https:\\\/\\\/www.instagram.com\\\/magnetar_magnets\\\/\",\"https:\\\/\\\/www.linkedin.com\\\/company\\\/magnetarbv\\\/?originalSubdomain=nl\",\"https:\\\/\\\/www.youtube.com\\\/c\\\/MagnetarVismagneet\"]}]}<\/script>\n<!-- \/ Yoast SEO plugin. -->","yoast_head_json":{"title":"Magnetisk knivh\u00e5llare i rostfritt st\u00e5l med stark magnet - Magnet fishing with a Magnetar fishing magnet","description":"Magnetisk knivh\u00e5llare i rostfritt st\u00e5l fr\u00e5n Magnetar","robots":{"index":"index","follow":"follow","max-snippet":"max-snippet:-1","max-image-preview":"max-image-preview:large","max-video-preview":"max-video-preview:-1"},"canonical":"https:\/\/magnetarmagnets.com\/sv\/shop\/magnetisk-knivhallare-i-rostfritt-stal-med-stark-magnet\/","og_locale":"sv_SE","og_type":"article","og_title":"Magnetisk knivh\u00e5llare i rostfritt st\u00e5l med stark magnet - Magnet fishing with a Magnetar fishing magnet","og_description":"Magnetisk knivh\u00e5llare i rostfritt st\u00e5l fr\u00e5n Magnetar","og_url":"https:\/\/magnetarmagnets.com\/sv\/shop\/magnetisk-knivhallare-i-rostfritt-stal-med-stark-magnet\/","og_site_name":"Magnet fishing with a Magnetar fishing magnet","article_publisher":"https:\/\/www.facebook.com\/fishingmagnets\/","article_modified_time":"2026-04-04T05:33:41+00:00","og_image":[{"width":550,"height":506,"url":"https:\/\/magnetarmagnets.com\/wp-content\/uploads\/2018\/03\/550x506.jpg","type":"image\/jpeg"}],"twitter_card":"summary_large_image","twitter_misc":{"Ber\u00e4knad l\u00e4stid":"2 minuter"},"schema":{"@context":"https:\/\/schema.org","@graph":[{"@type":["WebPage","ItemPage"],"@id":"https:\/\/magnetarmagnets.com\/sv\/shop\/magnetisk-knivhallare-i-rostfritt-stal-med-stark-magnet\/","url":"https:\/\/magnetarmagnets.com\/sv\/shop\/magnetisk-knivhallare-i-rostfritt-stal-med-stark-magnet\/","name":"Magnetisk knivh\u00e5llare i rostfritt st\u00e5l med stark magnet - Magnet fishing with a Magnetar fishing magnet","isPartOf":{"@id":"https:\/\/magnetarmagnets.com\/sv\/#website"},"primaryImageOfPage":{"@id":"https:\/\/magnetarmagnets.com\/sv\/shop\/magnetisk-knivhallare-i-rostfritt-stal-med-stark-magnet\/#primaryimage"},"image":{"@id":"https:\/\/magnetarmagnets.com\/sv\/shop\/magnetisk-knivhallare-i-rostfritt-stal-med-stark-magnet\/#primaryimage"},"thumbnailUrl":"https:\/\/magnetarmagnets.com\/wp-content\/uploads\/2018\/03\/550x506.jpg","datePublished":"2025-06-05T07:54:39+00:00","dateModified":"2026-04-04T05:33:41+00:00","description":"Magnetisk knivh\u00e5llare i rostfritt st\u00e5l fr\u00e5n Magnetar","breadcrumb":{"@id":"https:\/\/magnetarmagnets.com\/sv\/shop\/magnetisk-knivhallare-i-rostfritt-stal-med-stark-magnet\/#breadcrumb"},"inLanguage":"sv-SE","potentialAction":[{"@type":"ReadAction","target":["https:\/\/magnetarmagnets.com\/sv\/shop\/magnetisk-knivhallare-i-rostfritt-stal-med-stark-magnet\/"]}]},{"@type":"ImageObject","inLanguage":"sv-SE","@id":"https:\/\/magnetarmagnets.com\/sv\/shop\/magnetisk-knivhallare-i-rostfritt-stal-med-stark-magnet\/#primaryimage","url":"https:\/\/magnetarmagnets.com\/wp-content\/uploads\/2018\/03\/550x506.jpg","contentUrl":"https:\/\/magnetarmagnets.com\/wp-content\/uploads\/2018\/03\/550x506.jpg","width":550,"height":506},{"@type":"BreadcrumbList","@id":"https:\/\/magnetarmagnets.com\/sv\/shop\/magnetisk-knivhallare-i-rostfritt-stal-med-stark-magnet\/#breadcrumb","itemListElement":[{"@type":"ListItem","position":1,"name":"Home","item":"https:\/\/magnetarmagnets.com\/sv\/"},{"@type":"ListItem","position":2,"name":"Butik","item":"https:\/\/magnetarmagnets.com\/sv\/butik\/"},{"@type":"ListItem","position":3,"name":"Utrustning","item":"https:\/\/magnetarmagnets.com\/sv\/collections\/utrustning\/"},{"@type":"ListItem","position":4,"name":"Magnetiska tillbeh\u00f6r","item":"https:\/\/magnetarmagnets.com\/sv\/collections\/utrustning\/magnetiska-tillbehor\/"},{"@type":"ListItem","position":5,"name":"Magnetisk knivh\u00e5llare i rostfritt st\u00e5l med stark magnet"}]},{"@type":"WebSite","@id":"https:\/\/magnetarmagnets.com\/sv\/#website","url":"https:\/\/magnetarmagnets.com\/sv\/","name":"Magnet fishing with a Magnetar fishing magnet","description":"Kraftfulla magneter f\u00f6r magnetfiske","publisher":{"@id":"https:\/\/magnetarmagnets.com\/sv\/#organization"},"potentialAction":[{"@type":"SearchAction","target":{"@type":"EntryPoint","urlTemplate":"https:\/\/magnetarmagnets.com\/sv\/?s={search_term_string}"},"query-input":{"@type":"PropertyValueSpecification","valueRequired":true,"valueName":"search_term_string"}}],"inLanguage":"sv-SE"},{"@type":"Organization","@id":"https:\/\/magnetarmagnets.com\/sv\/#organization","name":"Magnetar","url":"https:\/\/magnetarmagnets.com\/sv\/","logo":{"@type":"ImageObject","inLanguage":"sv-SE","@id":"https:\/\/magnetarmagnets.com\/sv\/#\/schema\/logo\/image\/","url":"https:\/\/magnetarmagnets.com\/wp-content\/uploads\/2025\/05\/Logo-03_PNG-Black-scaled.png","contentUrl":"https:\/\/magnetarmagnets.com\/wp-content\/uploads\/2025\/05\/Logo-03_PNG-Black-scaled.png","width":2560,"height":1658,"caption":"Magnetar"},"image":{"@id":"https:\/\/magnetarmagnets.com\/sv\/#\/schema\/logo\/image\/"},"sameAs":["https:\/\/www.facebook.com\/fishingmagnets\/","https:\/\/www.instagram.com\/magnetar_magnets\/","https:\/\/www.linkedin.com\/company\/magnetarbv\/?originalSubdomain=nl","https:\/\/www.youtube.com\/c\/MagnetarVismagneet"]}]}},"_links":{"self":[{"href":"https:\/\/magnetarmagnets.com\/sv\/wp-json\/wp\/v2\/product\/67441","targetHints":{"allow":["GET"]}}],"collection":[{"href":"https:\/\/magnetarmagnets.com\/sv\/wp-json\/wp\/v2\/product"}],"about":[{"href":"https:\/\/magnetarmagnets.com\/sv\/wp-json\/wp\/v2\/types\/product"}],"replies":[{"embeddable":true,"href":"https:\/\/magnetarmagnets.com\/sv\/wp-json\/wp\/v2\/comments?post=67441"}],"version-history":[{"count":0,"href":"https:\/\/magnetarmagnets.com\/sv\/wp-json\/wp\/v2\/product\/67441\/revisions"}],"wp:featuredmedia":[{"embeddable":true,"href":"https:\/\/magnetarmagnets.com\/sv\/wp-json\/wp\/v2\/media\/65311"}],"wp:attachment":[{"href":"https:\/\/magnetarmagnets.com\/sv\/wp-json\/wp\/v2\/media?parent=67441"}],"wp:term":[{"taxonomy":"product_brand","embeddable":true,"href":"https:\/\/magnetarmagnets.com\/sv\/wp-json\/wp\/v2\/product_brand?post=67441"},{"taxonomy":"product_cat","embeddable":true,"href":"https:\/\/magnetarmagnets.com\/sv\/wp-json\/wp\/v2\/product_cat?post=67441"},{"taxonomy":"product_tag","embeddable":true,"href":"https:\/\/magnetarmagnets.com\/sv\/wp-json\/wp\/v2\/product_tag?post=67441"}],"curies":[{"name":"wp","href":"https:\/\/api.w.org\/{rel}","templated":true}]}}