{"id":67439,"date":"2025-06-05T09:54:40","date_gmt":"2025-06-05T07:54:40","guid":{"rendered":"https:\/\/magnetarmagnets.com\/?post_type=product&#038;p=67439"},"modified":"2026-04-17T13:42:35","modified_gmt":"2026-04-17T11:42:35","slug":"klassisk-fiskemagnet-110-kg-240-lb-enkel-neodymmagnet","status":"publish","type":"product","link":"https:\/\/magnetarmagnets.com\/sv\/shop\/klassisk-fiskemagnet-110-kg-240-lb-enkel-neodymmagnet\/","title":{"rendered":"Klassisk fiskemagnet 110 kg \u2013 enkel neodymmagnet"},"content":{"rendered":"Classic 110 fiskemagnet <span style=\"font-weight: 400;\">\u00e4r en enkelh\u00e4ftad neodymmagnet med en maximal dragkraft p\u00e5 110 kg \/ 240 lb. Vi rekommenderar v\u00e5r Classic 110 fiskemagnet till barn eller personer som bara beh\u00f6ver en magnet en eller n\u00e5gra g\u00e5nger, till exempel f\u00f6r att fiska upp sina nycklar ur vattnet. F\u00f6r dem som verkligen vill ge sig in p\u00e5 magnetfiske rekommenderar vi en kraftigare magnet.<\/span>\r\n<h2>Classic 110 fiskemagnet 110 kg \/ 240 lb<\/h2>\r\n<span style=\"font-weight: 400;\">Letar du efter en liten fiskemagnet till ditt barn? Eller tappade du n\u00e5got i vattnet som du beh\u00f6ver f\u00e5 tillbaka? Classic 110 fiskemagnet \u00e4r det perfekta valet! Denna magnet \u00e4r liten nog f\u00f6r barn, men \u00e4nd\u00e5 kraftfull. 110 kg \/ 240 lb l\u00e5ter som h\u00f6g dragkraft, men full effekt uppn\u00e5s endast i perfekta f\u00f6rh\u00e5llanden. Dessa f\u00f6ruts\u00e4ttningar \u00e4r: sl\u00e4t metall med en tjocklek p\u00e5 2 cm, ingen rost och inget skr\u00e4p mellan magneten och metallen. Under dessa f\u00f6rh\u00e5llanden kan du lyfta 110 kg rakt upp.<\/span>\r\n\r\n<span style=\"font-weight: 400;\">S\u00e4rskilt mynt, nycklar och sm\u00e5 skatter kan hittas med denna magnet. F\u00f6rem\u00e5l som v\u00e4ger mer \u00e4n s\u00e5 g\u00e5r inte att fiska upp. Vi anser att 110 kg \/ 240 lb \u00e4r f\u00f6r lite f\u00f6r att riktigt satsa p\u00e5 magnetfiske. F\u00f6rdelen med Classic 110 \u00e4r att du kan f\u00e5 en fiskemagnet f\u00f6r en relativt l\u00e5g kostnad. En annan f\u00f6rdel \u00e4r att barn kan uppt\u00e4cka om magnetfiske \u00e4r en rolig hobby f\u00f6r dem. N\u00e4r du vill magnetfiska utan att f\u00f6rlora jordskatter rekommenderar vi n\u00e5gon av v\u00e5ra kraftigare magneter.<\/span>\r\n\r\nVill du bli seri\u00f6s med magnetfiske? D\u00e5 rekommenderar vi v\u00e5ra starkare magneter. <a href=\"https:\/\/magnetarmagnets.com\/shop\/classic-fishing-magnet-660lb-300kg\">Classic 300<\/a> och de allround 360\u00b0 magneterna <a href=\"https:\/\/magnetarmagnets.com\/shop\/easy-magnet\">Easy<\/a> och <a href=\"https:\/\/magnetarmagnets.com\/shop\/hardcore-magnet-2\">Hardcore<\/a> \u00e4r utm\u00e4rkta val f\u00f6r nyb\u00f6rjaren som vill kunna f\u00e5 tag p\u00e5 en m\u00e4ngd olika f\u00f6rem\u00e5l.","protected":false},"excerpt":{"rendered":"<p><span style=\"font-weight: 400;\"><strong>S\u00e4ker f\u00f6r barn<\/strong>, oumb\u00e4rlig f\u00f6r vattensportentusiaster som vill <strong>lyfta f\u00f6rlorade f\u00f6rem\u00e5l till ytan<\/strong>.<\/span><\/p>\n","protected":false},"featured_media":64489,"comment_status":"open","ping_status":"closed","template":"","meta":{"_acf_changed":false,"inline_featured_image":false},"product_brand":[],"product_cat":[264,261,277],"product_tag":[238],"class_list":{"0":"post-67439","1":"product","2":"type-product","3":"status-publish","4":"has-post-thumbnail","6":"product_cat-enkelsidiga-fiske-magneter","7":"product_cat-fiske-magneter","8":"product_cat-nyborjare-barn","9":"product_tag-free-shipping-2","11":"first","12":"instock","13":"sale","14":"taxable","15":"shipping-taxable","16":"purchasable","17":"product-type-simple"},"acf":[],"yoast_head":"<!-- This site is optimized with the Yoast SEO plugin v27.5 - https:\/\/yoast.com\/product\/yoast-seo-wordpress\/ -->\n<title>Fiskemagnet f\u00f6r barn - 110 kg fiskemagnet speciellt f\u00f6r barn<\/title>\n<meta name=\"description\" content=\"Fiskemagnet f\u00f6r barn - 110 kg \/ 240 lb - Magnetar\" \/>\n<meta name=\"robots\" content=\"index, follow, max-snippet:-1, max-image-preview:large, max-video-preview:-1\" \/>\n<link rel=\"canonical\" href=\"https:\/\/magnetarmagnets.com\/sv\/shop\/klassisk-fiskemagnet-110-kg-240-lb-enkel-neodymmagnet\/\" \/>\n<meta property=\"og:locale\" content=\"sv_SE\" \/>\n<meta property=\"og:type\" content=\"article\" \/>\n<meta property=\"og:title\" content=\"Fiskemagnet f\u00f6r barn - 110 kg fiskemagnet speciellt f\u00f6r barn\" \/>\n<meta property=\"og:description\" content=\"Fiskemagnet f\u00f6r barn - 110 kg \/ 240 lb - Magnetar\" \/>\n<meta property=\"og:url\" content=\"https:\/\/magnetarmagnets.com\/sv\/shop\/klassisk-fiskemagnet-110-kg-240-lb-enkel-neodymmagnet\/\" \/>\n<meta property=\"og:site_name\" content=\"Magnet fishing with a Magnetar fishing magnet\" \/>\n<meta property=\"article:publisher\" content=\"https:\/\/www.facebook.com\/fishingmagnets\/\" \/>\n<meta property=\"article:modified_time\" content=\"2026-04-17T11:42:35+00:00\" \/>\n<meta property=\"og:image\" content=\"https:\/\/magnetarmagnets.com\/wp-content\/uploads\/2018\/02\/FOTO1499-1.jpg\" \/>\n\t<meta property=\"og:image:width\" content=\"1000\" \/>\n\t<meta property=\"og:image:height\" content=\"1000\" \/>\n\t<meta property=\"og:image:type\" content=\"image\/jpeg\" \/>\n<meta name=\"twitter:card\" content=\"summary_large_image\" \/>\n<meta name=\"twitter:label1\" content=\"Ber\u00e4knad l\u00e4stid\" \/>\n\t<meta name=\"twitter:data1\" content=\"2 minuter\" \/>\n<script type=\"application\/ld+json\" class=\"yoast-schema-graph\">{\"@context\":\"https:\\\/\\\/schema.org\",\"@graph\":[{\"@type\":[\"WebPage\",\"ItemPage\"],\"@id\":\"https:\\\/\\\/magnetarmagnets.com\\\/sv\\\/shop\\\/klassisk-fiskemagnet-110-kg-240-lb-enkel-neodymmagnet\\\/\",\"url\":\"https:\\\/\\\/magnetarmagnets.com\\\/sv\\\/shop\\\/klassisk-fiskemagnet-110-kg-240-lb-enkel-neodymmagnet\\\/\",\"name\":\"Fiskemagnet f\u00f6r barn - 110 kg fiskemagnet speciellt f\u00f6r barn\",\"isPartOf\":{\"@id\":\"https:\\\/\\\/magnetarmagnets.com\\\/sv\\\/#website\"},\"primaryImageOfPage\":{\"@id\":\"https:\\\/\\\/magnetarmagnets.com\\\/sv\\\/shop\\\/klassisk-fiskemagnet-110-kg-240-lb-enkel-neodymmagnet\\\/#primaryimage\"},\"image\":{\"@id\":\"https:\\\/\\\/magnetarmagnets.com\\\/sv\\\/shop\\\/klassisk-fiskemagnet-110-kg-240-lb-enkel-neodymmagnet\\\/#primaryimage\"},\"thumbnailUrl\":\"https:\\\/\\\/magnetarmagnets.com\\\/wp-content\\\/uploads\\\/2018\\\/02\\\/FOTO1499-1.jpg\",\"datePublished\":\"2025-06-05T07:54:40+00:00\",\"dateModified\":\"2026-04-17T11:42:35+00:00\",\"description\":\"Fiskemagnet f\u00f6r barn - 110 kg \\\/ 240 lb - Magnetar\",\"breadcrumb\":{\"@id\":\"https:\\\/\\\/magnetarmagnets.com\\\/sv\\\/shop\\\/klassisk-fiskemagnet-110-kg-240-lb-enkel-neodymmagnet\\\/#breadcrumb\"},\"inLanguage\":\"sv-SE\",\"potentialAction\":[{\"@type\":\"ReadAction\",\"target\":[\"https:\\\/\\\/magnetarmagnets.com\\\/sv\\\/shop\\\/klassisk-fiskemagnet-110-kg-240-lb-enkel-neodymmagnet\\\/\"]}]},{\"@type\":\"ImageObject\",\"inLanguage\":\"sv-SE\",\"@id\":\"https:\\\/\\\/magnetarmagnets.com\\\/sv\\\/shop\\\/klassisk-fiskemagnet-110-kg-240-lb-enkel-neodymmagnet\\\/#primaryimage\",\"url\":\"https:\\\/\\\/magnetarmagnets.com\\\/wp-content\\\/uploads\\\/2018\\\/02\\\/FOTO1499-1.jpg\",\"contentUrl\":\"https:\\\/\\\/magnetarmagnets.com\\\/wp-content\\\/uploads\\\/2018\\\/02\\\/FOTO1499-1.jpg\",\"width\":1000,\"height\":1000},{\"@type\":\"BreadcrumbList\",\"@id\":\"https:\\\/\\\/magnetarmagnets.com\\\/sv\\\/shop\\\/klassisk-fiskemagnet-110-kg-240-lb-enkel-neodymmagnet\\\/#breadcrumb\",\"itemListElement\":[{\"@type\":\"ListItem\",\"position\":1,\"name\":\"Home\",\"item\":\"https:\\\/\\\/magnetarmagnets.com\\\/sv\\\/\"},{\"@type\":\"ListItem\",\"position\":2,\"name\":\"Butik\",\"item\":\"https:\\\/\\\/magnetarmagnets.com\\\/sv\\\/butik\\\/\"},{\"@type\":\"ListItem\",\"position\":3,\"name\":\"F\u00f6r Nyb\u00f6rjare och Barn\",\"item\":\"https:\\\/\\\/magnetarmagnets.com\\\/sv\\\/collections\\\/nyborjare-barn\\\/\"},{\"@type\":\"ListItem\",\"position\":4,\"name\":\"Klassisk fiskemagnet 110 kg \u2013 enkel neodymmagnet\"}]},{\"@type\":\"WebSite\",\"@id\":\"https:\\\/\\\/magnetarmagnets.com\\\/sv\\\/#website\",\"url\":\"https:\\\/\\\/magnetarmagnets.com\\\/sv\\\/\",\"name\":\"Magnet fishing with a Magnetar fishing magnet\",\"description\":\"Kraftfulla magneter f\u00f6r magnetfiske\",\"publisher\":{\"@id\":\"https:\\\/\\\/magnetarmagnets.com\\\/sv\\\/#organization\"},\"potentialAction\":[{\"@type\":\"SearchAction\",\"target\":{\"@type\":\"EntryPoint\",\"urlTemplate\":\"https:\\\/\\\/magnetarmagnets.com\\\/sv\\\/?s={search_term_string}\"},\"query-input\":{\"@type\":\"PropertyValueSpecification\",\"valueRequired\":true,\"valueName\":\"search_term_string\"}}],\"inLanguage\":\"sv-SE\"},{\"@type\":\"Organization\",\"@id\":\"https:\\\/\\\/magnetarmagnets.com\\\/sv\\\/#organization\",\"name\":\"Magnetar\",\"url\":\"https:\\\/\\\/magnetarmagnets.com\\\/sv\\\/\",\"logo\":{\"@type\":\"ImageObject\",\"inLanguage\":\"sv-SE\",\"@id\":\"https:\\\/\\\/magnetarmagnets.com\\\/sv\\\/#\\\/schema\\\/logo\\\/image\\\/\",\"url\":\"https:\\\/\\\/magnetarmagnets.com\\\/wp-content\\\/uploads\\\/2025\\\/05\\\/Logo-03_PNG-Black-scaled.png\",\"contentUrl\":\"https:\\\/\\\/magnetarmagnets.com\\\/wp-content\\\/uploads\\\/2025\\\/05\\\/Logo-03_PNG-Black-scaled.png\",\"width\":2560,\"height\":1658,\"caption\":\"Magnetar\"},\"image\":{\"@id\":\"https:\\\/\\\/magnetarmagnets.com\\\/sv\\\/#\\\/schema\\\/logo\\\/image\\\/\"},\"sameAs\":[\"https:\\\/\\\/www.facebook.com\\\/fishingmagnets\\\/\",\"https:\\\/\\\/www.instagram.com\\\/magnetar_magnets\\\/\",\"https:\\\/\\\/www.linkedin.com\\\/company\\\/magnetarbv\\\/?originalSubdomain=nl\",\"https:\\\/\\\/www.youtube.com\\\/c\\\/MagnetarVismagneet\"]}]}<\/script>\n<!-- \/ Yoast SEO plugin. -->","yoast_head_json":{"title":"Fiskemagnet f\u00f6r barn - 110 kg fiskemagnet speciellt f\u00f6r barn","description":"Fiskemagnet f\u00f6r barn - 110 kg \/ 240 lb - Magnetar","robots":{"index":"index","follow":"follow","max-snippet":"max-snippet:-1","max-image-preview":"max-image-preview:large","max-video-preview":"max-video-preview:-1"},"canonical":"https:\/\/magnetarmagnets.com\/sv\/shop\/klassisk-fiskemagnet-110-kg-240-lb-enkel-neodymmagnet\/","og_locale":"sv_SE","og_type":"article","og_title":"Fiskemagnet f\u00f6r barn - 110 kg fiskemagnet speciellt f\u00f6r barn","og_description":"Fiskemagnet f\u00f6r barn - 110 kg \/ 240 lb - Magnetar","og_url":"https:\/\/magnetarmagnets.com\/sv\/shop\/klassisk-fiskemagnet-110-kg-240-lb-enkel-neodymmagnet\/","og_site_name":"Magnet fishing with a Magnetar fishing magnet","article_publisher":"https:\/\/www.facebook.com\/fishingmagnets\/","article_modified_time":"2026-04-17T11:42:35+00:00","og_image":[{"width":1000,"height":1000,"url":"https:\/\/magnetarmagnets.com\/wp-content\/uploads\/2018\/02\/FOTO1499-1.jpg","type":"image\/jpeg"}],"twitter_card":"summary_large_image","twitter_misc":{"Ber\u00e4knad l\u00e4stid":"2 minuter"},"schema":{"@context":"https:\/\/schema.org","@graph":[{"@type":["WebPage","ItemPage"],"@id":"https:\/\/magnetarmagnets.com\/sv\/shop\/klassisk-fiskemagnet-110-kg-240-lb-enkel-neodymmagnet\/","url":"https:\/\/magnetarmagnets.com\/sv\/shop\/klassisk-fiskemagnet-110-kg-240-lb-enkel-neodymmagnet\/","name":"Fiskemagnet f\u00f6r barn - 110 kg fiskemagnet speciellt f\u00f6r barn","isPartOf":{"@id":"https:\/\/magnetarmagnets.com\/sv\/#website"},"primaryImageOfPage":{"@id":"https:\/\/magnetarmagnets.com\/sv\/shop\/klassisk-fiskemagnet-110-kg-240-lb-enkel-neodymmagnet\/#primaryimage"},"image":{"@id":"https:\/\/magnetarmagnets.com\/sv\/shop\/klassisk-fiskemagnet-110-kg-240-lb-enkel-neodymmagnet\/#primaryimage"},"thumbnailUrl":"https:\/\/magnetarmagnets.com\/wp-content\/uploads\/2018\/02\/FOTO1499-1.jpg","datePublished":"2025-06-05T07:54:40+00:00","dateModified":"2026-04-17T11:42:35+00:00","description":"Fiskemagnet f\u00f6r barn - 110 kg \/ 240 lb - Magnetar","breadcrumb":{"@id":"https:\/\/magnetarmagnets.com\/sv\/shop\/klassisk-fiskemagnet-110-kg-240-lb-enkel-neodymmagnet\/#breadcrumb"},"inLanguage":"sv-SE","potentialAction":[{"@type":"ReadAction","target":["https:\/\/magnetarmagnets.com\/sv\/shop\/klassisk-fiskemagnet-110-kg-240-lb-enkel-neodymmagnet\/"]}]},{"@type":"ImageObject","inLanguage":"sv-SE","@id":"https:\/\/magnetarmagnets.com\/sv\/shop\/klassisk-fiskemagnet-110-kg-240-lb-enkel-neodymmagnet\/#primaryimage","url":"https:\/\/magnetarmagnets.com\/wp-content\/uploads\/2018\/02\/FOTO1499-1.jpg","contentUrl":"https:\/\/magnetarmagnets.com\/wp-content\/uploads\/2018\/02\/FOTO1499-1.jpg","width":1000,"height":1000},{"@type":"BreadcrumbList","@id":"https:\/\/magnetarmagnets.com\/sv\/shop\/klassisk-fiskemagnet-110-kg-240-lb-enkel-neodymmagnet\/#breadcrumb","itemListElement":[{"@type":"ListItem","position":1,"name":"Home","item":"https:\/\/magnetarmagnets.com\/sv\/"},{"@type":"ListItem","position":2,"name":"Butik","item":"https:\/\/magnetarmagnets.com\/sv\/butik\/"},{"@type":"ListItem","position":3,"name":"F\u00f6r Nyb\u00f6rjare och Barn","item":"https:\/\/magnetarmagnets.com\/sv\/collections\/nyborjare-barn\/"},{"@type":"ListItem","position":4,"name":"Klassisk fiskemagnet 110 kg \u2013 enkel neodymmagnet"}]},{"@type":"WebSite","@id":"https:\/\/magnetarmagnets.com\/sv\/#website","url":"https:\/\/magnetarmagnets.com\/sv\/","name":"Magnet fishing with a Magnetar fishing magnet","description":"Kraftfulla magneter f\u00f6r magnetfiske","publisher":{"@id":"https:\/\/magnetarmagnets.com\/sv\/#organization"},"potentialAction":[{"@type":"SearchAction","target":{"@type":"EntryPoint","urlTemplate":"https:\/\/magnetarmagnets.com\/sv\/?s={search_term_string}"},"query-input":{"@type":"PropertyValueSpecification","valueRequired":true,"valueName":"search_term_string"}}],"inLanguage":"sv-SE"},{"@type":"Organization","@id":"https:\/\/magnetarmagnets.com\/sv\/#organization","name":"Magnetar","url":"https:\/\/magnetarmagnets.com\/sv\/","logo":{"@type":"ImageObject","inLanguage":"sv-SE","@id":"https:\/\/magnetarmagnets.com\/sv\/#\/schema\/logo\/image\/","url":"https:\/\/magnetarmagnets.com\/wp-content\/uploads\/2025\/05\/Logo-03_PNG-Black-scaled.png","contentUrl":"https:\/\/magnetarmagnets.com\/wp-content\/uploads\/2025\/05\/Logo-03_PNG-Black-scaled.png","width":2560,"height":1658,"caption":"Magnetar"},"image":{"@id":"https:\/\/magnetarmagnets.com\/sv\/#\/schema\/logo\/image\/"},"sameAs":["https:\/\/www.facebook.com\/fishingmagnets\/","https:\/\/www.instagram.com\/magnetar_magnets\/","https:\/\/www.linkedin.com\/company\/magnetarbv\/?originalSubdomain=nl","https:\/\/www.youtube.com\/c\/MagnetarVismagneet"]}]}},"_links":{"self":[{"href":"https:\/\/magnetarmagnets.com\/sv\/wp-json\/wp\/v2\/product\/67439","targetHints":{"allow":["GET"]}}],"collection":[{"href":"https:\/\/magnetarmagnets.com\/sv\/wp-json\/wp\/v2\/product"}],"about":[{"href":"https:\/\/magnetarmagnets.com\/sv\/wp-json\/wp\/v2\/types\/product"}],"replies":[{"embeddable":true,"href":"https:\/\/magnetarmagnets.com\/sv\/wp-json\/wp\/v2\/comments?post=67439"}],"version-history":[{"count":1,"href":"https:\/\/magnetarmagnets.com\/sv\/wp-json\/wp\/v2\/product\/67439\/revisions"}],"predecessor-version":[{"id":95669,"href":"https:\/\/magnetarmagnets.com\/sv\/wp-json\/wp\/v2\/product\/67439\/revisions\/95669"}],"wp:featuredmedia":[{"embeddable":true,"href":"https:\/\/magnetarmagnets.com\/sv\/wp-json\/wp\/v2\/media\/64489"}],"wp:attachment":[{"href":"https:\/\/magnetarmagnets.com\/sv\/wp-json\/wp\/v2\/media?parent=67439"}],"wp:term":[{"taxonomy":"product_brand","embeddable":true,"href":"https:\/\/magnetarmagnets.com\/sv\/wp-json\/wp\/v2\/product_brand?post=67439"},{"taxonomy":"product_cat","embeddable":true,"href":"https:\/\/magnetarmagnets.com\/sv\/wp-json\/wp\/v2\/product_cat?post=67439"},{"taxonomy":"product_tag","embeddable":true,"href":"https:\/\/magnetarmagnets.com\/sv\/wp-json\/wp\/v2\/product_tag?post=67439"}],"curies":[{"name":"wp","href":"https:\/\/api.w.org\/{rel}","templated":true}]}}