{"id":67437,"date":"2025-06-05T09:54:40","date_gmt":"2025-06-05T07:54:40","guid":{"rendered":"https:\/\/magnetarmagnets.com\/?post_type=product&#038;p=67437"},"modified":"2026-04-03T11:51:19","modified_gmt":"2026-04-03T09:51:19","slug":"easy-fiskemagnet-neodymmagnet-600-lb-280-kg-allround-360","status":"publish","type":"product","link":"https:\/\/magnetarmagnets.com\/sv\/shop\/easy-fiskemagnet-neodymmagnet-600-lb-280-kg-allround-360\/","title":{"rendered":"Easy fiskemagnet \u2013 neodymmagnet &#8211; 280 kg \u2013 Allround 360\u00b0"},"content":{"rendered":"* Skydda magneten med ett <a href=\"https:\/\/magnetarmagnets.com\/shop\/protection-cover-easy\/\" target=\"_blank\" rel=\"noopener\"><b>skyddsfodral<\/b><\/a> under magnetfiske. Utan skyddsfodral kan magneten skadas vid st\u00f6tar mot h\u00e5rda f\u00f6rem\u00e5l. Skyddsfodralet ing\u00e5r inte med magneten.\r\n<h2><b>Easy neodymmagnet f\u00f6r magnetfiske<\/b><\/h2>\r\n<span style=\"font-weight: 400;\">Letar du efter din f\u00f6rsta <a href=\"https:\/\/magnetarmagnets.com\/\" target=\"_blank\" rel=\"noopener\">fiskemagnet<\/a> f\u00f6r att bli \u201dkrokad\u201d p\u00e5 hobbyn? Easy-magneten \u00e4r perfekt f\u00f6r dig! Med sin l\u00e4tta kastvikt erbjuder den utm\u00e4rkta f\u00e5ngstm\u00f6jligheter till ett prisv\u00e4rt introduktionspris. Perfekt f\u00f6r nyb\u00f6rjare inom magnetfiske som vill se om magnetfiske \u00e4r n\u00e5got f\u00f6r dem innan de investerar in en kraftfullare magnet. Easy \u00e4r bra f\u00f6r att hitta mynt, h\u00e4stskor, kulor, pistoler, knivar och andra mindre f\u00f6rem\u00e5l.<\/span>\r\n\r\n<span style=\"font-weight: 400;\">Easy-magneten \u00e4r en allround fiskemagnet med magnetisk attraktion p\u00e5 alla sidor och en dragkraft p\u00e5 600 lb (150 lb x 4 sidor). Easy-magneten \u00e4r den minsta varianten i v\u00e5r Exclusive-serie och \u00e4r perfekt f\u00f6r magnetfiskare som vill ha goda f\u00e5ngstm\u00f6jligheter till ett l\u00e5gt pris. Easy-magneten \u00e4r lillasyskonet till v\u00e5r <\/span><a href=\"https:\/\/magnetarmagnets.com\/shop\/hardcore-magnet-2\/\" target=\"_blank\" rel=\"noopener\"><span style=\"font-weight: 400;\">Hardcore<\/span><\/a><span style=\"font-weight: 400;\"> fiskemagnet men \u00e4r lika aggressiv i sina s\u00f6kresultat.<\/span>\r\n<h2><b>Letar du efter din f\u00f6rsta 360\u00b0 fiskemagnet?<\/b><\/h2>\r\n<span style=\"font-weight: 400;\">Easy-magneten \u00e4r den minsta versionen av allround-fiskemagneten. Vi skapade denna magnet f\u00f6r nyb\u00f6rjare inom magnetfiske som vill ta steget in i den mest kraftfulla magnetserien till det mest prisv\u00e4rda priset. Vill du ha en starkare allround-fiskemagnet? Ta en titt p\u00e5 v\u00e5ra fiskemagneter Hardcore, Terror eller The Beast. Om du \u00e4r ny inom magnetfiske kan du \u00f6verv\u00e4ga att k\u00f6pa v\u00e5ra <a href=\"https:\/\/magnetarmagnets.com\/collections\/fishing-magnets\/magnet-fishing-kit\/\" target=\"_blank\" rel=\"noopener\">magnetfiskekit<\/a>.<\/span>\r\n<h2><b>Magnetevolution<\/b><\/h2>\r\n<span style=\"font-weight: 400;\">M\u00e5nga magneter har endast dragningskraft p\u00e5 ena sidan. Denna env\u00e4gs-magnet \u00e4r den klassiska fiskemagneten. Magnetar var det f\u00f6rsta f\u00f6retaget som utvecklade denna klassiska magnet till en dubbelh\u00e4ftande magnet. \u00c5r 2016 utvecklade Magnetar den allround-fiskemagnet med 360\u00b0 magnetisk dragkraft. Magnetfiskare \u00f6ver hela EU har sedan dess lockats av v\u00e5ra 100% neodymmagneter, vilket har gjort oss till leverant\u00f6r #1 i Europa. V\u00e5ra magneter tillverkas med h\u00f6gsta kvalitet, design och omsorg av ett litet team av magnetfiskeentusiaster. V\u00e5ra kunder kommer tillbaka eftersom de vet att med Magnetar f\u00e5r de mer \u00e4n bara en magnet, de f\u00e5r fynd.<\/span>\r\n<h2><b>Kraftfull 360\u00b0 dragkraft<\/b><\/h2>\r\n<span style=\"font-weight: 400;\">Easy-magneten \u00e4r en av de starkaste magneter vi erbjuder. Dragkraften hos en env\u00e4gs-magnet kan inte j\u00e4mf\u00f6ras med en ren neodymmagnet med 360\u00b0 dragkraft som denna. St\u00e5lh\u00f6ljet p\u00e5 env\u00e4gs-magneten p\u00e5verkar dragningskraften och riktar kraften \u00e5t ett h\u00e5ll. Detta g\u00f6r att env\u00e4gs-magneter kan uppn\u00e5 h\u00f6ga dragkrafter mot platta metallf\u00f6rem\u00e5l p\u00e5 ena sidan, men v\u00e5r exklusiva Allround 360\u00b0-magnet attraherar f\u00f6rem\u00e5l fr\u00e5n \u201calla h\u00e5ll\u201d eftersom magneten har dragkraft i hela omgivningen. Klicka p\u00e5 l\u00e4nken f\u00f6r att l\u00e4sa mer om <a href=\"https:\/\/www.youtube.com\/watch?v=2McW3RURDxs\">v\u00e5r m\u00e4tning av dragkraft<\/a>.<\/span>\r\n<h2><b>H\u00f6g kvalitet<\/b><\/h2>\r\n<span style=\"font-weight: 400;\">V\u00e5ra fiskemagneter \u00e4r tillverkade av neodym. Magnetar-magneter beh\u00e5ller sin magnetiska dragkraft i \u00e5rtionden med endast 1% f\u00f6rlust per 100 \u00e5r (med r\u00e4tt f\u00f6rvaring, sk\u00f6tsel och skydd).<\/span>\r\n\r\n<span style=\"font-weight: 400;\">De flesta andra magnetleverant\u00f6rer visar redan f\u00f6rlust av dragstyrka efter n\u00e5gra veckor. P\u00e5 senare \u00e5r har vi sett fler och fler l\u00e5ga kvalitet magneter p\u00e5 marknaden: st\u00f6rre magneter med l\u00e4gre dragstyrka, l\u00e5gkvalitativ neodym, falsk reklam. N\u00e4r du k\u00f6per en av dessa magneter till ett l\u00e4gre pris eller fr\u00e5n ett stort konglomerat kommer du att bli besviken trots att du sparade lite pengar.<\/span>\r\n\r\n<span style=\"font-weight: 400;\">Magnetar \u00e4r ett litet familjef\u00f6retag som s\u00e4tter kvalitet f\u00f6rst i allt vi g\u00f6r. Vi \u00e4r magnetfiskeentusiaster och alla v\u00e5ra magneter ritas, designas och tillverkas av v\u00e5rt team f\u00f6r att s\u00e4kerst\u00e4lla att du f\u00e5r mest valuta f\u00f6r pengarna (eller fynd fr\u00e5n din magnet!). Om du vill ha en p\u00e5litlig, effektiv och kraftfull fiskemagnet har du kommit r\u00e4tt. V\u00e5rt team h\u00f6r g\u00e4rna av sig, <a href=\"mailto:info@magnetarmagnets.com\">kontakta oss h\u00e4r<\/a>.<\/span>\r\n<h2><b>Skyddsfodral<\/b><\/h2>\r\n<span style=\"font-weight: 400;\">Skyddsfodral \u00e4r det perfekta tillbeh\u00f6ret f\u00f6r magnetfiskare som vill skydda sina neodymmagneter under anv\u00e4ndning. Dessa h\u00e5llbara fodral \u00e4r speciellt utformade f\u00f6r att passa perfekt p\u00e5 magneten och ge ett extra skydd mot repor, sprickor och annan typ av skada. V\u00e5ra skyddsfodral \u00e4r byggda f\u00f6r att h\u00e5lla och t\u00e5l de tuffaste f\u00f6rh\u00e5llanden. Skyddsfodralet \u00e4r tillverkat av rostfritt st\u00e5l. Detta s\u00e4kerst\u00e4ller att din magnet f\u00f6rblir magnetisk 360\u00b0. Med v\u00e5ra skyddsfodral kan du njuta av magnetfiske utan att oroa dig f\u00f6r skador p\u00e5 din v\u00e4rdefulla fiskemagnet. Fodralet kan l\u00e4ggas till separat f\u00f6r denna magnet.<\/span>\r\n\r\n(Observera att undersidan av magneten inte \u00e4r skyddad av fodralet)\r\n<h2><b>Anv\u00e4nd med f\u00f6rsiktighet<\/b><\/h2>\r\n<span style=\"font-weight: 400;\">V\u00e5ra neodymmagneter \u00e4r mycket kraftfulla och kan dras mot j\u00e4rnf\u00f6rem\u00e5l med h\u00f6g hastighet n\u00e4r de \u00e4r n\u00e4ra. Med starkare magneter som den 360\u00b0 allround kan dina fingrar fastna mellan magneten och andra f\u00f6rem\u00e5l. Hantera magneterna varsamt och anv\u00e4nd p\u00e5 egen risk. L\u00e4s alltid v\u00e5ra s\u00e4kerhetsvarningar innan anv\u00e4ndning.<\/span>\r\n\r\n<span style=\"font-weight: 400;\">* Barn m\u00e5ste anv\u00e4nda magneten under f\u00f6r\u00e4lders \u00f6vervakning.<\/span>","protected":false},"excerpt":{"rendered":"<p><span style=\"font-weight: 400;\">En revolutionerande 360\u00b0 fiskemagnet f\u00f6r barn med <strong>omfattande allrounddragningskraft<\/strong>. Designad av Magnetar, denna <strong>rena neodymmagnet<\/strong> har en dragkraft p\u00e5 upp till 600 lb (4 sidor x 150 lb) och \u00e4r perfekt f\u00f6r <strong>sm\u00e5 \u00e4ventyrare med stora magnetfiskedr\u00f6mmar<\/strong>. N\u00e4sta g\u00e5ng du tar med ditt barn p\u00e5 ett \u00e4ventyr kommer ni garanterat att hitta <strong>sp\u00e4nnande fynd<\/strong> och skapa <strong>minnen f\u00f6r livet<\/strong>.<\/span><\/p>\n","protected":false},"featured_media":65395,"comment_status":"open","ping_status":"closed","template":"","meta":{"_acf_changed":false,"inline_featured_image":false},"product_brand":[],"product_cat":[266,261,277,167],"product_tag":[],"class_list":{"0":"post-67437","1":"product","2":"type-product","3":"status-publish","4":"has-post-thumbnail","6":"product_cat-allround-360-fiske-magneter","7":"product_cat-fiske-magneter","8":"product_cat-nyborjare-barn","9":"product_cat-okategoriserad","11":"first","12":"instock","13":"sale","14":"taxable","15":"shipping-taxable","16":"purchasable","17":"product-type-simple"},"acf":[],"yoast_head":"<!-- This site is optimized with the Yoast SEO plugin v27.3 - https:\/\/yoast.com\/product\/yoast-seo-wordpress\/ -->\n<title>Easy fiskemagnet \u2013 neodymmagnet - 280 kg \u2013 Allround 360\u00b0<\/title>\n<meta name=\"description\" content=\"Den exklusiva Easy-fiskemagneten: den minsta allround-fiskemagneten! Men underskatta inte denna lilla. Mycket stark och med h\u00f6g f\u00e5ngstfrekvens!\" \/>\n<meta name=\"robots\" content=\"index, follow, max-snippet:-1, max-image-preview:large, max-video-preview:-1\" \/>\n<link rel=\"canonical\" href=\"https:\/\/magnetarmagnets.com\/sv\/shop\/easy-fiskemagnet-neodymmagnet-600-lb-280-kg-allround-360\/\" \/>\n<meta property=\"og:locale\" content=\"sv_SE\" \/>\n<meta property=\"og:type\" content=\"article\" \/>\n<meta property=\"og:title\" content=\"Easy fiskemagnet \u2013 neodymmagnet - 280 kg \u2013 Allround 360\u00b0\" \/>\n<meta property=\"og:description\" content=\"Den exklusiva Easy-fiskemagneten: den minsta allround-fiskemagneten! Men underskatta inte denna lilla. Mycket stark och med h\u00f6g f\u00e5ngstfrekvens!\" \/>\n<meta property=\"og:url\" content=\"https:\/\/magnetarmagnets.com\/sv\/shop\/easy-fiskemagnet-neodymmagnet-600-lb-280-kg-allround-360\/\" \/>\n<meta property=\"og:site_name\" content=\"Magnet fishing with a Magnetar fishing magnet\" \/>\n<meta property=\"article:publisher\" content=\"https:\/\/www.facebook.com\/fishingmagnets\/\" \/>\n<meta property=\"article:modified_time\" content=\"2026-04-03T09:51:19+00:00\" \/>\n<meta property=\"og:image\" content=\"https:\/\/magnetarmagnets.com\/wp-content\/uploads\/2023\/12\/The_Easy_Bergemagnet_fur_magnetfischen.jpeg.jpg\" \/>\n\t<meta property=\"og:image:width\" content=\"1000\" \/>\n\t<meta property=\"og:image:height\" content=\"1000\" \/>\n\t<meta property=\"og:image:type\" content=\"image\/jpeg\" \/>\n<meta name=\"twitter:card\" content=\"summary_large_image\" \/>\n<meta name=\"twitter:label1\" content=\"Ber\u00e4knad l\u00e4stid\" \/>\n\t<meta name=\"twitter:data1\" content=\"4 minuter\" \/>\n<script type=\"application\/ld+json\" class=\"yoast-schema-graph\">{\"@context\":\"https:\\\/\\\/schema.org\",\"@graph\":[{\"@type\":[\"WebPage\",\"ItemPage\"],\"@id\":\"https:\\\/\\\/magnetarmagnets.com\\\/sv\\\/shop\\\/easy-fiskemagnet-neodymmagnet-600-lb-280-kg-allround-360\\\/\",\"url\":\"https:\\\/\\\/magnetarmagnets.com\\\/sv\\\/shop\\\/easy-fiskemagnet-neodymmagnet-600-lb-280-kg-allround-360\\\/\",\"name\":\"Easy fiskemagnet \u2013 neodymmagnet - 280 kg \u2013 Allround 360\u00b0\",\"isPartOf\":{\"@id\":\"https:\\\/\\\/magnetarmagnets.com\\\/sv\\\/#website\"},\"primaryImageOfPage\":{\"@id\":\"https:\\\/\\\/magnetarmagnets.com\\\/sv\\\/shop\\\/easy-fiskemagnet-neodymmagnet-600-lb-280-kg-allround-360\\\/#primaryimage\"},\"image\":{\"@id\":\"https:\\\/\\\/magnetarmagnets.com\\\/sv\\\/shop\\\/easy-fiskemagnet-neodymmagnet-600-lb-280-kg-allround-360\\\/#primaryimage\"},\"thumbnailUrl\":\"https:\\\/\\\/magnetarmagnets.com\\\/wp-content\\\/uploads\\\/2023\\\/12\\\/The_Easy_Bergemagnet_fur_magnetfischen.jpeg.jpg\",\"datePublished\":\"2025-06-05T07:54:40+00:00\",\"dateModified\":\"2026-04-03T09:51:19+00:00\",\"description\":\"Den exklusiva Easy-fiskemagneten: den minsta allround-fiskemagneten! Men underskatta inte denna lilla. Mycket stark och med h\u00f6g f\u00e5ngstfrekvens!\",\"breadcrumb\":{\"@id\":\"https:\\\/\\\/magnetarmagnets.com\\\/sv\\\/shop\\\/easy-fiskemagnet-neodymmagnet-600-lb-280-kg-allround-360\\\/#breadcrumb\"},\"inLanguage\":\"sv-SE\",\"potentialAction\":[{\"@type\":\"ReadAction\",\"target\":[\"https:\\\/\\\/magnetarmagnets.com\\\/sv\\\/shop\\\/easy-fiskemagnet-neodymmagnet-600-lb-280-kg-allround-360\\\/\"]}]},{\"@type\":\"ImageObject\",\"inLanguage\":\"sv-SE\",\"@id\":\"https:\\\/\\\/magnetarmagnets.com\\\/sv\\\/shop\\\/easy-fiskemagnet-neodymmagnet-600-lb-280-kg-allround-360\\\/#primaryimage\",\"url\":\"https:\\\/\\\/magnetarmagnets.com\\\/wp-content\\\/uploads\\\/2023\\\/12\\\/The_Easy_Bergemagnet_fur_magnetfischen.jpeg.jpg\",\"contentUrl\":\"https:\\\/\\\/magnetarmagnets.com\\\/wp-content\\\/uploads\\\/2023\\\/12\\\/The_Easy_Bergemagnet_fur_magnetfischen.jpeg.jpg\",\"width\":1000,\"height\":1000},{\"@type\":\"BreadcrumbList\",\"@id\":\"https:\\\/\\\/magnetarmagnets.com\\\/sv\\\/shop\\\/easy-fiskemagnet-neodymmagnet-600-lb-280-kg-allround-360\\\/#breadcrumb\",\"itemListElement\":[{\"@type\":\"ListItem\",\"position\":1,\"name\":\"Home\",\"item\":\"https:\\\/\\\/magnetarmagnets.com\\\/sv\\\/\"},{\"@type\":\"ListItem\",\"position\":2,\"name\":\"Butik\",\"item\":\"https:\\\/\\\/magnetarmagnets.com\\\/sv\\\/butik\\\/\"},{\"@type\":\"ListItem\",\"position\":3,\"name\":\"Fiske magneter\",\"item\":\"https:\\\/\\\/magnetarmagnets.com\\\/sv\\\/collections\\\/fiske-magneter\\\/\"},{\"@type\":\"ListItem\",\"position\":4,\"name\":\"Allround 360 fiske magneter\",\"item\":\"https:\\\/\\\/magnetarmagnets.com\\\/sv\\\/collections\\\/fiske-magneter\\\/allround-360-fiske-magneter\\\/\"},{\"@type\":\"ListItem\",\"position\":5,\"name\":\"Easy fiskemagnet \u2013 neodymmagnet &#8211; 280 kg \u2013 Allround 360\u00b0\"}]},{\"@type\":\"WebSite\",\"@id\":\"https:\\\/\\\/magnetarmagnets.com\\\/sv\\\/#website\",\"url\":\"https:\\\/\\\/magnetarmagnets.com\\\/sv\\\/\",\"name\":\"Magnet fishing with a Magnetar fishing magnet\",\"description\":\"Kraftfulla magneter f\u00f6r magnetfiske\",\"publisher\":{\"@id\":\"https:\\\/\\\/magnetarmagnets.com\\\/sv\\\/#organization\"},\"potentialAction\":[{\"@type\":\"SearchAction\",\"target\":{\"@type\":\"EntryPoint\",\"urlTemplate\":\"https:\\\/\\\/magnetarmagnets.com\\\/sv\\\/?s={search_term_string}\"},\"query-input\":{\"@type\":\"PropertyValueSpecification\",\"valueRequired\":true,\"valueName\":\"search_term_string\"}}],\"inLanguage\":\"sv-SE\"},{\"@type\":\"Organization\",\"@id\":\"https:\\\/\\\/magnetarmagnets.com\\\/sv\\\/#organization\",\"name\":\"Magnetar\",\"url\":\"https:\\\/\\\/magnetarmagnets.com\\\/sv\\\/\",\"logo\":{\"@type\":\"ImageObject\",\"inLanguage\":\"sv-SE\",\"@id\":\"https:\\\/\\\/magnetarmagnets.com\\\/sv\\\/#\\\/schema\\\/logo\\\/image\\\/\",\"url\":\"https:\\\/\\\/magnetarmagnets.com\\\/wp-content\\\/uploads\\\/2025\\\/05\\\/Logo-03_PNG-Black-scaled.png\",\"contentUrl\":\"https:\\\/\\\/magnetarmagnets.com\\\/wp-content\\\/uploads\\\/2025\\\/05\\\/Logo-03_PNG-Black-scaled.png\",\"width\":2560,\"height\":1658,\"caption\":\"Magnetar\"},\"image\":{\"@id\":\"https:\\\/\\\/magnetarmagnets.com\\\/sv\\\/#\\\/schema\\\/logo\\\/image\\\/\"},\"sameAs\":[\"https:\\\/\\\/www.facebook.com\\\/fishingmagnets\\\/\",\"https:\\\/\\\/www.instagram.com\\\/magnetar_magnets\\\/\",\"https:\\\/\\\/www.linkedin.com\\\/company\\\/magnetarbv\\\/?originalSubdomain=nl\",\"https:\\\/\\\/www.youtube.com\\\/c\\\/MagnetarVismagneet\"]}]}<\/script>\n<!-- \/ Yoast SEO plugin. -->","yoast_head_json":{"title":"Easy fiskemagnet \u2013 neodymmagnet - 280 kg \u2013 Allround 360\u00b0","description":"Den exklusiva Easy-fiskemagneten: den minsta allround-fiskemagneten! Men underskatta inte denna lilla. Mycket stark och med h\u00f6g f\u00e5ngstfrekvens!","robots":{"index":"index","follow":"follow","max-snippet":"max-snippet:-1","max-image-preview":"max-image-preview:large","max-video-preview":"max-video-preview:-1"},"canonical":"https:\/\/magnetarmagnets.com\/sv\/shop\/easy-fiskemagnet-neodymmagnet-600-lb-280-kg-allround-360\/","og_locale":"sv_SE","og_type":"article","og_title":"Easy fiskemagnet \u2013 neodymmagnet - 280 kg \u2013 Allround 360\u00b0","og_description":"Den exklusiva Easy-fiskemagneten: den minsta allround-fiskemagneten! Men underskatta inte denna lilla. Mycket stark och med h\u00f6g f\u00e5ngstfrekvens!","og_url":"https:\/\/magnetarmagnets.com\/sv\/shop\/easy-fiskemagnet-neodymmagnet-600-lb-280-kg-allround-360\/","og_site_name":"Magnet fishing with a Magnetar fishing magnet","article_publisher":"https:\/\/www.facebook.com\/fishingmagnets\/","article_modified_time":"2026-04-03T09:51:19+00:00","og_image":[{"width":1000,"height":1000,"url":"https:\/\/magnetarmagnets.com\/wp-content\/uploads\/2023\/12\/The_Easy_Bergemagnet_fur_magnetfischen.jpeg.jpg","type":"image\/jpeg"}],"twitter_card":"summary_large_image","twitter_misc":{"Ber\u00e4knad l\u00e4stid":"4 minuter"},"schema":{"@context":"https:\/\/schema.org","@graph":[{"@type":["WebPage","ItemPage"],"@id":"https:\/\/magnetarmagnets.com\/sv\/shop\/easy-fiskemagnet-neodymmagnet-600-lb-280-kg-allround-360\/","url":"https:\/\/magnetarmagnets.com\/sv\/shop\/easy-fiskemagnet-neodymmagnet-600-lb-280-kg-allround-360\/","name":"Easy fiskemagnet \u2013 neodymmagnet - 280 kg \u2013 Allround 360\u00b0","isPartOf":{"@id":"https:\/\/magnetarmagnets.com\/sv\/#website"},"primaryImageOfPage":{"@id":"https:\/\/magnetarmagnets.com\/sv\/shop\/easy-fiskemagnet-neodymmagnet-600-lb-280-kg-allround-360\/#primaryimage"},"image":{"@id":"https:\/\/magnetarmagnets.com\/sv\/shop\/easy-fiskemagnet-neodymmagnet-600-lb-280-kg-allround-360\/#primaryimage"},"thumbnailUrl":"https:\/\/magnetarmagnets.com\/wp-content\/uploads\/2023\/12\/The_Easy_Bergemagnet_fur_magnetfischen.jpeg.jpg","datePublished":"2025-06-05T07:54:40+00:00","dateModified":"2026-04-03T09:51:19+00:00","description":"Den exklusiva Easy-fiskemagneten: den minsta allround-fiskemagneten! Men underskatta inte denna lilla. Mycket stark och med h\u00f6g f\u00e5ngstfrekvens!","breadcrumb":{"@id":"https:\/\/magnetarmagnets.com\/sv\/shop\/easy-fiskemagnet-neodymmagnet-600-lb-280-kg-allround-360\/#breadcrumb"},"inLanguage":"sv-SE","potentialAction":[{"@type":"ReadAction","target":["https:\/\/magnetarmagnets.com\/sv\/shop\/easy-fiskemagnet-neodymmagnet-600-lb-280-kg-allround-360\/"]}]},{"@type":"ImageObject","inLanguage":"sv-SE","@id":"https:\/\/magnetarmagnets.com\/sv\/shop\/easy-fiskemagnet-neodymmagnet-600-lb-280-kg-allround-360\/#primaryimage","url":"https:\/\/magnetarmagnets.com\/wp-content\/uploads\/2023\/12\/The_Easy_Bergemagnet_fur_magnetfischen.jpeg.jpg","contentUrl":"https:\/\/magnetarmagnets.com\/wp-content\/uploads\/2023\/12\/The_Easy_Bergemagnet_fur_magnetfischen.jpeg.jpg","width":1000,"height":1000},{"@type":"BreadcrumbList","@id":"https:\/\/magnetarmagnets.com\/sv\/shop\/easy-fiskemagnet-neodymmagnet-600-lb-280-kg-allround-360\/#breadcrumb","itemListElement":[{"@type":"ListItem","position":1,"name":"Home","item":"https:\/\/magnetarmagnets.com\/sv\/"},{"@type":"ListItem","position":2,"name":"Butik","item":"https:\/\/magnetarmagnets.com\/sv\/butik\/"},{"@type":"ListItem","position":3,"name":"Fiske magneter","item":"https:\/\/magnetarmagnets.com\/sv\/collections\/fiske-magneter\/"},{"@type":"ListItem","position":4,"name":"Allround 360 fiske magneter","item":"https:\/\/magnetarmagnets.com\/sv\/collections\/fiske-magneter\/allround-360-fiske-magneter\/"},{"@type":"ListItem","position":5,"name":"Easy fiskemagnet \u2013 neodymmagnet &#8211; 280 kg \u2013 Allround 360\u00b0"}]},{"@type":"WebSite","@id":"https:\/\/magnetarmagnets.com\/sv\/#website","url":"https:\/\/magnetarmagnets.com\/sv\/","name":"Magnet fishing with a Magnetar fishing magnet","description":"Kraftfulla magneter f\u00f6r magnetfiske","publisher":{"@id":"https:\/\/magnetarmagnets.com\/sv\/#organization"},"potentialAction":[{"@type":"SearchAction","target":{"@type":"EntryPoint","urlTemplate":"https:\/\/magnetarmagnets.com\/sv\/?s={search_term_string}"},"query-input":{"@type":"PropertyValueSpecification","valueRequired":true,"valueName":"search_term_string"}}],"inLanguage":"sv-SE"},{"@type":"Organization","@id":"https:\/\/magnetarmagnets.com\/sv\/#organization","name":"Magnetar","url":"https:\/\/magnetarmagnets.com\/sv\/","logo":{"@type":"ImageObject","inLanguage":"sv-SE","@id":"https:\/\/magnetarmagnets.com\/sv\/#\/schema\/logo\/image\/","url":"https:\/\/magnetarmagnets.com\/wp-content\/uploads\/2025\/05\/Logo-03_PNG-Black-scaled.png","contentUrl":"https:\/\/magnetarmagnets.com\/wp-content\/uploads\/2025\/05\/Logo-03_PNG-Black-scaled.png","width":2560,"height":1658,"caption":"Magnetar"},"image":{"@id":"https:\/\/magnetarmagnets.com\/sv\/#\/schema\/logo\/image\/"},"sameAs":["https:\/\/www.facebook.com\/fishingmagnets\/","https:\/\/www.instagram.com\/magnetar_magnets\/","https:\/\/www.linkedin.com\/company\/magnetarbv\/?originalSubdomain=nl","https:\/\/www.youtube.com\/c\/MagnetarVismagneet"]}]}},"_links":{"self":[{"href":"https:\/\/magnetarmagnets.com\/sv\/wp-json\/wp\/v2\/product\/67437","targetHints":{"allow":["GET"]}}],"collection":[{"href":"https:\/\/magnetarmagnets.com\/sv\/wp-json\/wp\/v2\/product"}],"about":[{"href":"https:\/\/magnetarmagnets.com\/sv\/wp-json\/wp\/v2\/types\/product"}],"replies":[{"embeddable":true,"href":"https:\/\/magnetarmagnets.com\/sv\/wp-json\/wp\/v2\/comments?post=67437"}],"version-history":[{"count":0,"href":"https:\/\/magnetarmagnets.com\/sv\/wp-json\/wp\/v2\/product\/67437\/revisions"}],"wp:featuredmedia":[{"embeddable":true,"href":"https:\/\/magnetarmagnets.com\/sv\/wp-json\/wp\/v2\/media\/65395"}],"wp:attachment":[{"href":"https:\/\/magnetarmagnets.com\/sv\/wp-json\/wp\/v2\/media?parent=67437"}],"wp:term":[{"taxonomy":"product_brand","embeddable":true,"href":"https:\/\/magnetarmagnets.com\/sv\/wp-json\/wp\/v2\/product_brand?post=67437"},{"taxonomy":"product_cat","embeddable":true,"href":"https:\/\/magnetarmagnets.com\/sv\/wp-json\/wp\/v2\/product_cat?post=67437"},{"taxonomy":"product_tag","embeddable":true,"href":"https:\/\/magnetarmagnets.com\/sv\/wp-json\/wp\/v2\/product_tag?post=67437"}],"curies":[{"name":"wp","href":"https:\/\/api.w.org\/{rel}","templated":true}]}}