{"id":67436,"date":"2025-06-05T09:54:40","date_gmt":"2025-06-05T07:54:40","guid":{"rendered":"https:\/\/magnetarmagnets.com\/?post_type=product&#038;p=67436"},"modified":"2026-04-20T19:07:31","modified_gmt":"2026-04-20T17:07:31","slug":"classic-neodymmagnet-660-lb-300-kg-enkelsidig-fiskemagnet","status":"publish","type":"product","link":"https:\/\/magnetarmagnets.com\/sv\/shop\/classic-neodymmagnet-660-lb-300-kg-enkelsidig-fiskemagnet\/","title":{"rendered":"Classic neodymmagnet \u2013 300 kg &#8211; enkelsidig fiskemagnet"},"content":{"rendered":"Classic 300-fiskemagneten \u00e4r en enkelsidig neodymmagnet f\u00f6r magnetfiske. Den har en dragkraft p\u00e5 upp till 660 LB (300 KG). Classic 300-fiskemagneten rekommenderas f\u00f6r nyb\u00f6rjare som vill dra upp st\u00f6rre f\u00f6rem\u00e5l ur vattnet. Denna magnet \u00e4r st\u00f6tt\u00e5lig. Den \u00e4r t\u00e4ckt av ett st\u00e5lh\u00f6lje som skyddar mot st\u00f6tar. Om du letar efter en prisv\u00e4rd magnet som hela familjen kan anv\u00e4nda \u00e4r detta magneten du m\u00e5ste ha.\r\n<h2><strong>Kraftfull enkelsidig fiskemagnet 660 LB\/300 KG<\/strong><\/h2>\r\nMagneten har ett h\u00f6lje som skyddar mot st\u00f6tar och fallskador. Som en f\u00f6ljd \u00e4r magneten bara magnetisk i botten. All dragkraft riktas ned\u00e5t, vilket g\u00f6r magneten extremt kraftfull. <span style=\"font-weight: 400;\"> Om du letar efter en allround-magnet med \u00e4nnu st\u00f6rre potential? Kolla in v\u00e5ra <a href=\"https:\/\/magnetarmagnets.com\/shop\/easy-magnet\">Easy<\/a> och <a href=\"https:\/\/magnetarmagnets.com\/shop\/hardcore-magnet-2\/\" target=\"_blank\" rel=\"noopener noreferrer\">Hardcore<\/a> magneter h\u00e4r.<\/span>\r\n<h2>\u00c4r inte detta f\u00f6r mycket dragkraft?<\/h2>\r\nOroa dig inte! Den angivna dragkraften p\u00e5 660 LB (300 KG) n\u00e5s bara under perfekta f\u00f6rh\u00e5llanden. Dessa f\u00f6rh\u00e5llanden \u00e4r plana metallytor med en tjocklek p\u00e5 0,78 tum (2 cm), utan rost och utan smuts mellan magneten och metallen. Chansen att du st\u00f6ter p\u00e5 en ren metallpl\u00e5t i vattnet \u00e4r liten. Oftast \u00e4r det rost p\u00e5 j\u00e4rnskatterna.\r\n<h2><b>H\u00f6g kvalitet<\/b><\/h2>\r\nV\u00e5ra fiskemagneter \u00e4r tillverkade av neodym. Magnetar-magneter beh\u00e5ller sin magnetiska dragkraft i \u00e5rtionden med endast 1 % f\u00f6rlust var 100:e \u00e5r (med korrekt f\u00f6rvaring, sk\u00f6tsel och skydd). Det \u00e4r d\u00e4rf\u00f6r vi s\u00e4ljer en av marknadens <a href=\"https:\/\/magnetarmagnets.com\/\" target=\"_blank\" rel=\"noopener\">b\u00e4sta fiskemagneter<\/a>.\r\n\r\nDe flesta andra magnetleverant\u00f6rer uppvisar redan dragkraftsf\u00f6rlust efter n\u00e5gra veckor. Under de senaste \u00e5ren har vi m\u00e4rkt att det finns allt fler l\u00e5gkvalitativa magneter p\u00e5 marknaden: st\u00f6rre magneter med l\u00e4gre dragkraft, l\u00e5gkvalitativt neodym och falsk marknadsf\u00f6ring. N\u00e4r du k\u00f6per en av dessa magneter till ett l\u00e4gre pris eller fr\u00e5n ett stort konglomerat kommer du att bli besviken trots att du sparade lite pengar.\r\n\r\nMagnetar \u00e4r ett litet familje\u00e4gt f\u00f6retag som prioriterar kvalitet i allt vi g\u00f6r. Vi \u00e4r entusiastiska magnetfiskeut\u00f6vare och alla v\u00e5ra magneter \u00e4r ritade, designade och tillverkade av v\u00e5rt team f\u00f6r att du ska f\u00e5 maximal valuta f\u00f6r pengarna (och skatterna!). Om du vill ha en p\u00e5litlig, effektiv och kraftfull fiskemagnet har du kommit r\u00e4tt. V\u00e5rt team h\u00f6r g\u00e4rna av sig, <a href=\"mailto:info@magnetarmagnets.nl\">kontakta oss h\u00e4r<\/a>.\r\n<h2><b>Anv\u00e4nd med f\u00f6rsiktighet<\/b><\/h2>\r\nV\u00e5ra neodymmagneter \u00e4r mycket kraftfulla och kan dras mot j\u00e4rnf\u00f6rem\u00e5l med h\u00f6g hastighet n\u00e4r de \u00e4r p\u00e5 n\u00e4ra h\u00e5ll. Med de starkare fiskemagneterna som 360\u00b0 allround kan det h\u00e4nda att dina fingrar fastnar mellan magneten och andra f\u00f6rem\u00e5l. Hantera magneterna varsamt och anv\u00e4nd dem p\u00e5 egen risk. L\u00e4s alltid v\u00e5ra s\u00e4kerhetsvarningar f\u00f6re anv\u00e4ndning.\r\n\r\n* Barn m\u00e5ste anv\u00e4nda magneten under f\u00f6r\u00e4lders \u00f6verinseende.\r\n\r\nGl\u00f6m inte att kolla in v\u00e5ra <a href=\"https:\/\/magnetarmagnets.com\/magnet-fishing-kit\/\" target=\"_blank\" rel=\"noopener\">magnetfiskeset<\/a> och v\u00e5ra <a href=\"https:\/\/magnetarmagnets.com\/accessories\/\" target=\"_blank\" rel=\"noopener\">tillbeh\u00f6r f\u00f6r magnetfiske<\/a>.","protected":false},"excerpt":{"rendered":"<p>Kom ig\u00e5ng med ditt n\u00e4sta \u00e4ventyr med denna <strong>enkelsidiga fiskemagnet<\/strong>. Denna magnet \u00e4r <strong>st\u00f6tt\u00e5lig<\/strong>, passar hela familjen och \u00e4r <strong>l\u00e4tt att anv\u00e4nda<\/strong>. Classic 300 har visat sig vara en <strong>p\u00e5litlig fiskemagnet<\/strong>.<\/p>\n","protected":false},"featured_media":65434,"comment_status":"open","ping_status":"closed","template":"","meta":{"_acf_changed":false,"inline_featured_image":false},"product_brand":[],"product_cat":[264,261,279,277,167],"product_tag":[],"class_list":{"0":"post-67436","1":"product","2":"type-product","3":"status-publish","4":"has-post-thumbnail","6":"product_cat-enkelsidiga-fiske-magneter","7":"product_cat-fiske-magneter","8":"product_cat-for-avancerade-aventyrare-sv","9":"product_cat-nyborjare-barn","10":"product_cat-okategoriserad","12":"first","13":"instock","14":"taxable","15":"shipping-taxable","16":"purchasable","17":"product-type-simple"},"acf":[],"yoast_head":"<!-- This site is optimized with the Yoast SEO plugin v27.4 - https:\/\/yoast.com\/product\/yoast-seo-wordpress\/ -->\n<title>Magnetar fiskemagnet 300 KG, mycket stark! B\u00e4sta kvalitet!<\/title>\n<meta name=\"description\" content=\"Magnetar fiskemagnet 300 KG f\u00f6r magnetfiske, mycket stark! B\u00e4sta kvaliteten! Brett sortiment! Kom och kika i v\u00e5r butik\" \/>\n<meta name=\"robots\" content=\"index, follow, max-snippet:-1, max-image-preview:large, max-video-preview:-1\" \/>\n<link rel=\"canonical\" href=\"https:\/\/magnetarmagnets.com\/sv\/shop\/classic-neodymmagnet-660-lb-300-kg-enkelsidig-fiskemagnet\/\" \/>\n<meta property=\"og:locale\" content=\"sv_SE\" \/>\n<meta property=\"og:type\" content=\"article\" \/>\n<meta property=\"og:title\" content=\"Magnetar fiskemagnet 300 KG, mycket stark! B\u00e4sta kvalitet!\" \/>\n<meta property=\"og:description\" content=\"Magnetar fiskemagnet 300 KG f\u00f6r magnetfiske, mycket stark! B\u00e4sta kvaliteten! Brett sortiment! Kom och kika i v\u00e5r butik\" \/>\n<meta property=\"og:url\" content=\"https:\/\/magnetarmagnets.com\/sv\/shop\/classic-neodymmagnet-660-lb-300-kg-enkelsidig-fiskemagnet\/\" \/>\n<meta property=\"og:site_name\" content=\"Magnet fishing with a Magnetar fishing magnet\" \/>\n<meta property=\"article:publisher\" content=\"https:\/\/www.facebook.com\/fishingmagnets\/\" \/>\n<meta property=\"article:modified_time\" content=\"2026-04-20T17:07:31+00:00\" \/>\n<meta property=\"og:image\" content=\"https:\/\/magnetarmagnets.com\/wp-content\/uploads\/2020\/05\/Classic-250.jpg\" \/>\n\t<meta property=\"og:image:width\" content=\"1000\" \/>\n\t<meta property=\"og:image:height\" content=\"1000\" \/>\n\t<meta property=\"og:image:type\" content=\"image\/jpeg\" \/>\n<meta name=\"twitter:card\" content=\"summary_large_image\" \/>\n<meta name=\"twitter:label1\" content=\"Ber\u00e4knad l\u00e4stid\" \/>\n\t<meta name=\"twitter:data1\" content=\"3 minuter\" \/>\n<script type=\"application\/ld+json\" class=\"yoast-schema-graph\">{\"@context\":\"https:\\\/\\\/schema.org\",\"@graph\":[{\"@type\":[\"WebPage\",\"ItemPage\"],\"@id\":\"https:\\\/\\\/magnetarmagnets.com\\\/sv\\\/shop\\\/classic-neodymmagnet-660-lb-300-kg-enkelsidig-fiskemagnet\\\/\",\"url\":\"https:\\\/\\\/magnetarmagnets.com\\\/sv\\\/shop\\\/classic-neodymmagnet-660-lb-300-kg-enkelsidig-fiskemagnet\\\/\",\"name\":\"Magnetar fiskemagnet 300 KG, mycket stark! B\u00e4sta kvalitet!\",\"isPartOf\":{\"@id\":\"https:\\\/\\\/magnetarmagnets.com\\\/sv\\\/#website\"},\"primaryImageOfPage\":{\"@id\":\"https:\\\/\\\/magnetarmagnets.com\\\/sv\\\/shop\\\/classic-neodymmagnet-660-lb-300-kg-enkelsidig-fiskemagnet\\\/#primaryimage\"},\"image\":{\"@id\":\"https:\\\/\\\/magnetarmagnets.com\\\/sv\\\/shop\\\/classic-neodymmagnet-660-lb-300-kg-enkelsidig-fiskemagnet\\\/#primaryimage\"},\"thumbnailUrl\":\"https:\\\/\\\/magnetarmagnets.com\\\/wp-content\\\/uploads\\\/2020\\\/05\\\/Classic-250.jpg\",\"datePublished\":\"2025-06-05T07:54:40+00:00\",\"dateModified\":\"2026-04-20T17:07:31+00:00\",\"description\":\"Magnetar fiskemagnet 300 KG f\u00f6r magnetfiske, mycket stark! B\u00e4sta kvaliteten! Brett sortiment! Kom och kika i v\u00e5r butik\",\"breadcrumb\":{\"@id\":\"https:\\\/\\\/magnetarmagnets.com\\\/sv\\\/shop\\\/classic-neodymmagnet-660-lb-300-kg-enkelsidig-fiskemagnet\\\/#breadcrumb\"},\"inLanguage\":\"sv-SE\",\"potentialAction\":[{\"@type\":\"ReadAction\",\"target\":[\"https:\\\/\\\/magnetarmagnets.com\\\/sv\\\/shop\\\/classic-neodymmagnet-660-lb-300-kg-enkelsidig-fiskemagnet\\\/\"]}]},{\"@type\":\"ImageObject\",\"inLanguage\":\"sv-SE\",\"@id\":\"https:\\\/\\\/magnetarmagnets.com\\\/sv\\\/shop\\\/classic-neodymmagnet-660-lb-300-kg-enkelsidig-fiskemagnet\\\/#primaryimage\",\"url\":\"https:\\\/\\\/magnetarmagnets.com\\\/wp-content\\\/uploads\\\/2020\\\/05\\\/Classic-250.jpg\",\"contentUrl\":\"https:\\\/\\\/magnetarmagnets.com\\\/wp-content\\\/uploads\\\/2020\\\/05\\\/Classic-250.jpg\",\"width\":1000,\"height\":1000},{\"@type\":\"BreadcrumbList\",\"@id\":\"https:\\\/\\\/magnetarmagnets.com\\\/sv\\\/shop\\\/classic-neodymmagnet-660-lb-300-kg-enkelsidig-fiskemagnet\\\/#breadcrumb\",\"itemListElement\":[{\"@type\":\"ListItem\",\"position\":1,\"name\":\"Home\",\"item\":\"https:\\\/\\\/magnetarmagnets.com\\\/sv\\\/\"},{\"@type\":\"ListItem\",\"position\":2,\"name\":\"Butik\",\"item\":\"https:\\\/\\\/magnetarmagnets.com\\\/sv\\\/butik\\\/\"},{\"@type\":\"ListItem\",\"position\":3,\"name\":\"Fiske magneter\",\"item\":\"https:\\\/\\\/magnetarmagnets.com\\\/sv\\\/collections\\\/fiske-magneter\\\/\"},{\"@type\":\"ListItem\",\"position\":4,\"name\":\"Enkelsidiga fiske magneter\",\"item\":\"https:\\\/\\\/magnetarmagnets.com\\\/sv\\\/collections\\\/fiske-magneter\\\/enkelsidiga-fiske-magneter\\\/\"},{\"@type\":\"ListItem\",\"position\":5,\"name\":\"Classic neodymmagnet \u2013 300 kg &#8211; enkelsidig fiskemagnet\"}]},{\"@type\":\"WebSite\",\"@id\":\"https:\\\/\\\/magnetarmagnets.com\\\/sv\\\/#website\",\"url\":\"https:\\\/\\\/magnetarmagnets.com\\\/sv\\\/\",\"name\":\"Magnet fishing with a Magnetar fishing magnet\",\"description\":\"Kraftfulla magneter f\u00f6r magnetfiske\",\"publisher\":{\"@id\":\"https:\\\/\\\/magnetarmagnets.com\\\/sv\\\/#organization\"},\"potentialAction\":[{\"@type\":\"SearchAction\",\"target\":{\"@type\":\"EntryPoint\",\"urlTemplate\":\"https:\\\/\\\/magnetarmagnets.com\\\/sv\\\/?s={search_term_string}\"},\"query-input\":{\"@type\":\"PropertyValueSpecification\",\"valueRequired\":true,\"valueName\":\"search_term_string\"}}],\"inLanguage\":\"sv-SE\"},{\"@type\":\"Organization\",\"@id\":\"https:\\\/\\\/magnetarmagnets.com\\\/sv\\\/#organization\",\"name\":\"Magnetar\",\"url\":\"https:\\\/\\\/magnetarmagnets.com\\\/sv\\\/\",\"logo\":{\"@type\":\"ImageObject\",\"inLanguage\":\"sv-SE\",\"@id\":\"https:\\\/\\\/magnetarmagnets.com\\\/sv\\\/#\\\/schema\\\/logo\\\/image\\\/\",\"url\":\"https:\\\/\\\/magnetarmagnets.com\\\/wp-content\\\/uploads\\\/2025\\\/05\\\/Logo-03_PNG-Black-scaled.png\",\"contentUrl\":\"https:\\\/\\\/magnetarmagnets.com\\\/wp-content\\\/uploads\\\/2025\\\/05\\\/Logo-03_PNG-Black-scaled.png\",\"width\":2560,\"height\":1658,\"caption\":\"Magnetar\"},\"image\":{\"@id\":\"https:\\\/\\\/magnetarmagnets.com\\\/sv\\\/#\\\/schema\\\/logo\\\/image\\\/\"},\"sameAs\":[\"https:\\\/\\\/www.facebook.com\\\/fishingmagnets\\\/\",\"https:\\\/\\\/www.instagram.com\\\/magnetar_magnets\\\/\",\"https:\\\/\\\/www.linkedin.com\\\/company\\\/magnetarbv\\\/?originalSubdomain=nl\",\"https:\\\/\\\/www.youtube.com\\\/c\\\/MagnetarVismagneet\"]}]}<\/script>\n<!-- \/ Yoast SEO plugin. -->","yoast_head_json":{"title":"Magnetar fiskemagnet 300 KG, mycket stark! B\u00e4sta kvalitet!","description":"Magnetar fiskemagnet 300 KG f\u00f6r magnetfiske, mycket stark! B\u00e4sta kvaliteten! Brett sortiment! Kom och kika i v\u00e5r butik","robots":{"index":"index","follow":"follow","max-snippet":"max-snippet:-1","max-image-preview":"max-image-preview:large","max-video-preview":"max-video-preview:-1"},"canonical":"https:\/\/magnetarmagnets.com\/sv\/shop\/classic-neodymmagnet-660-lb-300-kg-enkelsidig-fiskemagnet\/","og_locale":"sv_SE","og_type":"article","og_title":"Magnetar fiskemagnet 300 KG, mycket stark! B\u00e4sta kvalitet!","og_description":"Magnetar fiskemagnet 300 KG f\u00f6r magnetfiske, mycket stark! B\u00e4sta kvaliteten! Brett sortiment! Kom och kika i v\u00e5r butik","og_url":"https:\/\/magnetarmagnets.com\/sv\/shop\/classic-neodymmagnet-660-lb-300-kg-enkelsidig-fiskemagnet\/","og_site_name":"Magnet fishing with a Magnetar fishing magnet","article_publisher":"https:\/\/www.facebook.com\/fishingmagnets\/","article_modified_time":"2026-04-20T17:07:31+00:00","og_image":[{"width":1000,"height":1000,"url":"https:\/\/magnetarmagnets.com\/wp-content\/uploads\/2020\/05\/Classic-250.jpg","type":"image\/jpeg"}],"twitter_card":"summary_large_image","twitter_misc":{"Ber\u00e4knad l\u00e4stid":"3 minuter"},"schema":{"@context":"https:\/\/schema.org","@graph":[{"@type":["WebPage","ItemPage"],"@id":"https:\/\/magnetarmagnets.com\/sv\/shop\/classic-neodymmagnet-660-lb-300-kg-enkelsidig-fiskemagnet\/","url":"https:\/\/magnetarmagnets.com\/sv\/shop\/classic-neodymmagnet-660-lb-300-kg-enkelsidig-fiskemagnet\/","name":"Magnetar fiskemagnet 300 KG, mycket stark! B\u00e4sta kvalitet!","isPartOf":{"@id":"https:\/\/magnetarmagnets.com\/sv\/#website"},"primaryImageOfPage":{"@id":"https:\/\/magnetarmagnets.com\/sv\/shop\/classic-neodymmagnet-660-lb-300-kg-enkelsidig-fiskemagnet\/#primaryimage"},"image":{"@id":"https:\/\/magnetarmagnets.com\/sv\/shop\/classic-neodymmagnet-660-lb-300-kg-enkelsidig-fiskemagnet\/#primaryimage"},"thumbnailUrl":"https:\/\/magnetarmagnets.com\/wp-content\/uploads\/2020\/05\/Classic-250.jpg","datePublished":"2025-06-05T07:54:40+00:00","dateModified":"2026-04-20T17:07:31+00:00","description":"Magnetar fiskemagnet 300 KG f\u00f6r magnetfiske, mycket stark! B\u00e4sta kvaliteten! Brett sortiment! Kom och kika i v\u00e5r butik","breadcrumb":{"@id":"https:\/\/magnetarmagnets.com\/sv\/shop\/classic-neodymmagnet-660-lb-300-kg-enkelsidig-fiskemagnet\/#breadcrumb"},"inLanguage":"sv-SE","potentialAction":[{"@type":"ReadAction","target":["https:\/\/magnetarmagnets.com\/sv\/shop\/classic-neodymmagnet-660-lb-300-kg-enkelsidig-fiskemagnet\/"]}]},{"@type":"ImageObject","inLanguage":"sv-SE","@id":"https:\/\/magnetarmagnets.com\/sv\/shop\/classic-neodymmagnet-660-lb-300-kg-enkelsidig-fiskemagnet\/#primaryimage","url":"https:\/\/magnetarmagnets.com\/wp-content\/uploads\/2020\/05\/Classic-250.jpg","contentUrl":"https:\/\/magnetarmagnets.com\/wp-content\/uploads\/2020\/05\/Classic-250.jpg","width":1000,"height":1000},{"@type":"BreadcrumbList","@id":"https:\/\/magnetarmagnets.com\/sv\/shop\/classic-neodymmagnet-660-lb-300-kg-enkelsidig-fiskemagnet\/#breadcrumb","itemListElement":[{"@type":"ListItem","position":1,"name":"Home","item":"https:\/\/magnetarmagnets.com\/sv\/"},{"@type":"ListItem","position":2,"name":"Butik","item":"https:\/\/magnetarmagnets.com\/sv\/butik\/"},{"@type":"ListItem","position":3,"name":"Fiske magneter","item":"https:\/\/magnetarmagnets.com\/sv\/collections\/fiske-magneter\/"},{"@type":"ListItem","position":4,"name":"Enkelsidiga fiske magneter","item":"https:\/\/magnetarmagnets.com\/sv\/collections\/fiske-magneter\/enkelsidiga-fiske-magneter\/"},{"@type":"ListItem","position":5,"name":"Classic neodymmagnet \u2013 300 kg &#8211; enkelsidig fiskemagnet"}]},{"@type":"WebSite","@id":"https:\/\/magnetarmagnets.com\/sv\/#website","url":"https:\/\/magnetarmagnets.com\/sv\/","name":"Magnet fishing with a Magnetar fishing magnet","description":"Kraftfulla magneter f\u00f6r magnetfiske","publisher":{"@id":"https:\/\/magnetarmagnets.com\/sv\/#organization"},"potentialAction":[{"@type":"SearchAction","target":{"@type":"EntryPoint","urlTemplate":"https:\/\/magnetarmagnets.com\/sv\/?s={search_term_string}"},"query-input":{"@type":"PropertyValueSpecification","valueRequired":true,"valueName":"search_term_string"}}],"inLanguage":"sv-SE"},{"@type":"Organization","@id":"https:\/\/magnetarmagnets.com\/sv\/#organization","name":"Magnetar","url":"https:\/\/magnetarmagnets.com\/sv\/","logo":{"@type":"ImageObject","inLanguage":"sv-SE","@id":"https:\/\/magnetarmagnets.com\/sv\/#\/schema\/logo\/image\/","url":"https:\/\/magnetarmagnets.com\/wp-content\/uploads\/2025\/05\/Logo-03_PNG-Black-scaled.png","contentUrl":"https:\/\/magnetarmagnets.com\/wp-content\/uploads\/2025\/05\/Logo-03_PNG-Black-scaled.png","width":2560,"height":1658,"caption":"Magnetar"},"image":{"@id":"https:\/\/magnetarmagnets.com\/sv\/#\/schema\/logo\/image\/"},"sameAs":["https:\/\/www.facebook.com\/fishingmagnets\/","https:\/\/www.instagram.com\/magnetar_magnets\/","https:\/\/www.linkedin.com\/company\/magnetarbv\/?originalSubdomain=nl","https:\/\/www.youtube.com\/c\/MagnetarVismagneet"]}]}},"_links":{"self":[{"href":"https:\/\/magnetarmagnets.com\/sv\/wp-json\/wp\/v2\/product\/67436","targetHints":{"allow":["GET"]}}],"collection":[{"href":"https:\/\/magnetarmagnets.com\/sv\/wp-json\/wp\/v2\/product"}],"about":[{"href":"https:\/\/magnetarmagnets.com\/sv\/wp-json\/wp\/v2\/types\/product"}],"replies":[{"embeddable":true,"href":"https:\/\/magnetarmagnets.com\/sv\/wp-json\/wp\/v2\/comments?post=67436"}],"version-history":[{"count":1,"href":"https:\/\/magnetarmagnets.com\/sv\/wp-json\/wp\/v2\/product\/67436\/revisions"}],"predecessor-version":[{"id":95662,"href":"https:\/\/magnetarmagnets.com\/sv\/wp-json\/wp\/v2\/product\/67436\/revisions\/95662"}],"wp:featuredmedia":[{"embeddable":true,"href":"https:\/\/magnetarmagnets.com\/sv\/wp-json\/wp\/v2\/media\/65434"}],"wp:attachment":[{"href":"https:\/\/magnetarmagnets.com\/sv\/wp-json\/wp\/v2\/media?parent=67436"}],"wp:term":[{"taxonomy":"product_brand","embeddable":true,"href":"https:\/\/magnetarmagnets.com\/sv\/wp-json\/wp\/v2\/product_brand?post=67436"},{"taxonomy":"product_cat","embeddable":true,"href":"https:\/\/magnetarmagnets.com\/sv\/wp-json\/wp\/v2\/product_cat?post=67436"},{"taxonomy":"product_tag","embeddable":true,"href":"https:\/\/magnetarmagnets.com\/sv\/wp-json\/wp\/v2\/product_tag?post=67436"}],"curies":[{"name":"wp","href":"https:\/\/api.w.org\/{rel}","templated":true}]}}