{"id":67435,"date":"2025-06-05T09:54:41","date_gmt":"2025-06-05T07:54:41","guid":{"rendered":"https:\/\/magnetarmagnets.com\/?post_type=product&#038;p=67435"},"modified":"2026-04-07T18:39:32","modified_gmt":"2026-04-07T16:39:32","slug":"klassisk-enkelsidig-neodymmagnet-fiskemagnet-200-kg-440-lb","status":"publish","type":"product","link":"https:\/\/magnetarmagnets.com\/sv\/shop\/klassisk-enkelsidig-neodymmagnet-fiskemagnet-200-kg-440-lb\/","title":{"rendered":"Klassisk enkelsidig neodymmagnet-fiskemagnet 200 kg"},"content":{"rendered":"Classic 200-fiskemagneten <span style=\"font-weight: 400;\">\u00e4r en enkelsidig neodymmagnet med en maximal dragkraft p\u00e5 200 kg. Classic 200-fiskemagneten rekommenderas f\u00f6r personer som \u00e4r nya inom magnetfiske och vill ta reda p\u00e5 om det kan bli deras nya hobby. Om du vill bli expert p\u00e5 magnetfiske rekommenderar vi att du k\u00f6per en starkare magnet, till exempel en ur v\u00e5rt exklusiva sortiment.<\/span>\r\n<h2><strong>Classic 200-fiskemagnet 200 kg \/ 440 lb<\/strong><\/h2>\r\n<span style=\"font-weight: 400;\">Letar du efter en perfekt present till ditt barn? Eller vill du sj\u00e4lv b\u00f6rja med magnetfiske? D\u00e5 b\u00f6r du spana in Classic 200! Magnetar Classic 200 \u00e4r en neodymmagnet med en maximal dragkraft p\u00e5 200 kg. Det \u00e4r en av de l\u00e4ttare fiskemagneterna i v\u00e5rt sortiment. Den h\u00e4r magneten \u00e4r mycket l\u00e4mplig f\u00f6r nyb\u00f6rjare som vill samla mindre f\u00f6rem\u00e5l.<\/span>\r\n\r\n<span style=\"font-weight: 400;\">Botten p\u00e5 denna magnet \u00e4r helt magnetisk och har ett metallh\u00f6lje. H\u00f6ljet \u00e4r utformat f\u00f6r att skydda mot st\u00f6tar och fallskador. V\u00e5rt r\u00e5d vid magnetfiske \u00e4r att anv\u00e4nda minst 200 kg dragkraft. 200 kg l\u00e5ter som mycket kraft, men full dragkraft uppn\u00e5s bara under perfekta f\u00f6rh\u00e5llanden. Dessa \u00e4r: plant metall med en tjocklek p\u00e5 2 cm, inget rost och ingen smuts mellan magneten och metallen. D\u00e5 kan du dra 200 kg rakt upp.<\/span><span style=\"font-weight: 400;\">200 kg dragkraft \u00e4r minimikraften om du vill dra upp st\u00f6rre f\u00f6rem\u00e5l ur vatten. Letar du efter en prisv\u00e4rd allroundmagnet? Kolla in v\u00e5r exklusiva <a href=\"https:\/\/magnetarmagnets.com\/shop\/easy-magnet\">Easy fishing magnet<\/a> h\u00e4r.<\/span>","protected":false},"excerpt":{"rendered":"<p><span style=\"font-weight: 400;\">Den sanna klassikern, den <strong>st\u00f6tt\u00e5liga<\/strong> och <strong>s\u00e4kra<\/strong> fiskemagneten. Nu extra <strong>prisv\u00e4rd<\/strong>!<\/span><\/p>\n","protected":false},"featured_media":65435,"comment_status":"open","ping_status":"closed","template":"","meta":{"_acf_changed":false,"inline_featured_image":false},"product_brand":[],"product_cat":[264,261,277,167],"product_tag":[],"class_list":{"0":"post-67435","1":"product","2":"type-product","3":"status-publish","4":"has-post-thumbnail","6":"product_cat-enkelsidiga-fiske-magneter","7":"product_cat-fiske-magneter","8":"product_cat-nyborjare-barn","9":"product_cat-okategoriserad","11":"first","12":"instock","13":"taxable","14":"shipping-taxable","15":"purchasable","16":"product-type-simple"},"acf":[],"yoast_head":"<!-- This site is optimized with the Yoast SEO plugin v27.4 - https:\/\/yoast.com\/product\/yoast-seo-wordpress\/ -->\n<title>Klassisk enkelsidig neodymmagnet-fiskemagnet 200 kg - Magnet fishing with a Magnetar fishing magnet<\/title>\n<meta name=\"description\" content=\"Klassisk fiskemagnet 440 lb \/ 200 kg \u2013 av Magnetar\" \/>\n<meta name=\"robots\" content=\"index, follow, max-snippet:-1, max-image-preview:large, max-video-preview:-1\" \/>\n<link rel=\"canonical\" href=\"https:\/\/magnetarmagnets.com\/sv\/shop\/klassisk-enkelsidig-neodymmagnet-fiskemagnet-200-kg-440-lb\/\" \/>\n<meta property=\"og:locale\" content=\"sv_SE\" \/>\n<meta property=\"og:type\" content=\"article\" \/>\n<meta property=\"og:title\" content=\"Klassisk enkelsidig neodymmagnet-fiskemagnet 200 kg - Magnet fishing with a Magnetar fishing magnet\" \/>\n<meta property=\"og:description\" content=\"Klassisk fiskemagnet 440 lb \/ 200 kg \u2013 av Magnetar\" \/>\n<meta property=\"og:url\" content=\"https:\/\/magnetarmagnets.com\/sv\/shop\/klassisk-enkelsidig-neodymmagnet-fiskemagnet-200-kg-440-lb\/\" \/>\n<meta property=\"og:site_name\" content=\"Magnet fishing with a Magnetar fishing magnet\" \/>\n<meta property=\"article:publisher\" content=\"https:\/\/www.facebook.com\/fishingmagnets\/\" \/>\n<meta property=\"article:modified_time\" content=\"2026-04-07T16:39:32+00:00\" \/>\n<meta property=\"og:image\" content=\"https:\/\/magnetarmagnets.com\/wp-content\/uploads\/2020\/05\/hoofdafbeelding-classic-200.jpg\" \/>\n\t<meta property=\"og:image:width\" content=\"1000\" \/>\n\t<meta property=\"og:image:height\" content=\"1000\" \/>\n\t<meta property=\"og:image:type\" content=\"image\/jpeg\" \/>\n<meta name=\"twitter:card\" content=\"summary_large_image\" \/>\n<meta name=\"twitter:label1\" content=\"Ber\u00e4knad l\u00e4stid\" \/>\n\t<meta name=\"twitter:data1\" content=\"2 minuter\" \/>\n<script type=\"application\/ld+json\" class=\"yoast-schema-graph\">{\"@context\":\"https:\\\/\\\/schema.org\",\"@graph\":[{\"@type\":[\"WebPage\",\"ItemPage\"],\"@id\":\"https:\\\/\\\/magnetarmagnets.com\\\/sv\\\/shop\\\/klassisk-enkelsidig-neodymmagnet-fiskemagnet-200-kg-440-lb\\\/\",\"url\":\"https:\\\/\\\/magnetarmagnets.com\\\/sv\\\/shop\\\/klassisk-enkelsidig-neodymmagnet-fiskemagnet-200-kg-440-lb\\\/\",\"name\":\"Klassisk enkelsidig neodymmagnet-fiskemagnet 200 kg - Magnet fishing with a Magnetar fishing magnet\",\"isPartOf\":{\"@id\":\"https:\\\/\\\/magnetarmagnets.com\\\/sv\\\/#website\"},\"primaryImageOfPage\":{\"@id\":\"https:\\\/\\\/magnetarmagnets.com\\\/sv\\\/shop\\\/klassisk-enkelsidig-neodymmagnet-fiskemagnet-200-kg-440-lb\\\/#primaryimage\"},\"image\":{\"@id\":\"https:\\\/\\\/magnetarmagnets.com\\\/sv\\\/shop\\\/klassisk-enkelsidig-neodymmagnet-fiskemagnet-200-kg-440-lb\\\/#primaryimage\"},\"thumbnailUrl\":\"https:\\\/\\\/magnetarmagnets.com\\\/wp-content\\\/uploads\\\/2020\\\/05\\\/hoofdafbeelding-classic-200.jpg\",\"datePublished\":\"2025-06-05T07:54:41+00:00\",\"dateModified\":\"2026-04-07T16:39:32+00:00\",\"description\":\"Klassisk fiskemagnet 440 lb \\\/ 200 kg \u2013 av Magnetar\",\"breadcrumb\":{\"@id\":\"https:\\\/\\\/magnetarmagnets.com\\\/sv\\\/shop\\\/klassisk-enkelsidig-neodymmagnet-fiskemagnet-200-kg-440-lb\\\/#breadcrumb\"},\"inLanguage\":\"sv-SE\",\"potentialAction\":[{\"@type\":\"ReadAction\",\"target\":[\"https:\\\/\\\/magnetarmagnets.com\\\/sv\\\/shop\\\/klassisk-enkelsidig-neodymmagnet-fiskemagnet-200-kg-440-lb\\\/\"]}]},{\"@type\":\"ImageObject\",\"inLanguage\":\"sv-SE\",\"@id\":\"https:\\\/\\\/magnetarmagnets.com\\\/sv\\\/shop\\\/klassisk-enkelsidig-neodymmagnet-fiskemagnet-200-kg-440-lb\\\/#primaryimage\",\"url\":\"https:\\\/\\\/magnetarmagnets.com\\\/wp-content\\\/uploads\\\/2020\\\/05\\\/hoofdafbeelding-classic-200.jpg\",\"contentUrl\":\"https:\\\/\\\/magnetarmagnets.com\\\/wp-content\\\/uploads\\\/2020\\\/05\\\/hoofdafbeelding-classic-200.jpg\",\"width\":1000,\"height\":1000},{\"@type\":\"BreadcrumbList\",\"@id\":\"https:\\\/\\\/magnetarmagnets.com\\\/sv\\\/shop\\\/klassisk-enkelsidig-neodymmagnet-fiskemagnet-200-kg-440-lb\\\/#breadcrumb\",\"itemListElement\":[{\"@type\":\"ListItem\",\"position\":1,\"name\":\"Home\",\"item\":\"https:\\\/\\\/magnetarmagnets.com\\\/sv\\\/\"},{\"@type\":\"ListItem\",\"position\":2,\"name\":\"Butik\",\"item\":\"https:\\\/\\\/magnetarmagnets.com\\\/sv\\\/butik\\\/\"},{\"@type\":\"ListItem\",\"position\":3,\"name\":\"Fiske magneter\",\"item\":\"https:\\\/\\\/magnetarmagnets.com\\\/sv\\\/collections\\\/fiske-magneter\\\/\"},{\"@type\":\"ListItem\",\"position\":4,\"name\":\"Enkelsidiga fiske magneter\",\"item\":\"https:\\\/\\\/magnetarmagnets.com\\\/sv\\\/collections\\\/fiske-magneter\\\/enkelsidiga-fiske-magneter\\\/\"},{\"@type\":\"ListItem\",\"position\":5,\"name\":\"Klassisk enkelsidig neodymmagnet-fiskemagnet 200 kg\"}]},{\"@type\":\"WebSite\",\"@id\":\"https:\\\/\\\/magnetarmagnets.com\\\/sv\\\/#website\",\"url\":\"https:\\\/\\\/magnetarmagnets.com\\\/sv\\\/\",\"name\":\"Magnet fishing with a Magnetar fishing magnet\",\"description\":\"Kraftfulla magneter f\u00f6r magnetfiske\",\"publisher\":{\"@id\":\"https:\\\/\\\/magnetarmagnets.com\\\/sv\\\/#organization\"},\"potentialAction\":[{\"@type\":\"SearchAction\",\"target\":{\"@type\":\"EntryPoint\",\"urlTemplate\":\"https:\\\/\\\/magnetarmagnets.com\\\/sv\\\/?s={search_term_string}\"},\"query-input\":{\"@type\":\"PropertyValueSpecification\",\"valueRequired\":true,\"valueName\":\"search_term_string\"}}],\"inLanguage\":\"sv-SE\"},{\"@type\":\"Organization\",\"@id\":\"https:\\\/\\\/magnetarmagnets.com\\\/sv\\\/#organization\",\"name\":\"Magnetar\",\"url\":\"https:\\\/\\\/magnetarmagnets.com\\\/sv\\\/\",\"logo\":{\"@type\":\"ImageObject\",\"inLanguage\":\"sv-SE\",\"@id\":\"https:\\\/\\\/magnetarmagnets.com\\\/sv\\\/#\\\/schema\\\/logo\\\/image\\\/\",\"url\":\"https:\\\/\\\/magnetarmagnets.com\\\/wp-content\\\/uploads\\\/2025\\\/05\\\/Logo-03_PNG-Black-scaled.png\",\"contentUrl\":\"https:\\\/\\\/magnetarmagnets.com\\\/wp-content\\\/uploads\\\/2025\\\/05\\\/Logo-03_PNG-Black-scaled.png\",\"width\":2560,\"height\":1658,\"caption\":\"Magnetar\"},\"image\":{\"@id\":\"https:\\\/\\\/magnetarmagnets.com\\\/sv\\\/#\\\/schema\\\/logo\\\/image\\\/\"},\"sameAs\":[\"https:\\\/\\\/www.facebook.com\\\/fishingmagnets\\\/\",\"https:\\\/\\\/www.instagram.com\\\/magnetar_magnets\\\/\",\"https:\\\/\\\/www.linkedin.com\\\/company\\\/magnetarbv\\\/?originalSubdomain=nl\",\"https:\\\/\\\/www.youtube.com\\\/c\\\/MagnetarVismagneet\"]}]}<\/script>\n<!-- \/ Yoast SEO plugin. -->","yoast_head_json":{"title":"Klassisk enkelsidig neodymmagnet-fiskemagnet 200 kg - Magnet fishing with a Magnetar fishing magnet","description":"Klassisk fiskemagnet 440 lb \/ 200 kg \u2013 av Magnetar","robots":{"index":"index","follow":"follow","max-snippet":"max-snippet:-1","max-image-preview":"max-image-preview:large","max-video-preview":"max-video-preview:-1"},"canonical":"https:\/\/magnetarmagnets.com\/sv\/shop\/klassisk-enkelsidig-neodymmagnet-fiskemagnet-200-kg-440-lb\/","og_locale":"sv_SE","og_type":"article","og_title":"Klassisk enkelsidig neodymmagnet-fiskemagnet 200 kg - Magnet fishing with a Magnetar fishing magnet","og_description":"Klassisk fiskemagnet 440 lb \/ 200 kg \u2013 av Magnetar","og_url":"https:\/\/magnetarmagnets.com\/sv\/shop\/klassisk-enkelsidig-neodymmagnet-fiskemagnet-200-kg-440-lb\/","og_site_name":"Magnet fishing with a Magnetar fishing magnet","article_publisher":"https:\/\/www.facebook.com\/fishingmagnets\/","article_modified_time":"2026-04-07T16:39:32+00:00","og_image":[{"width":1000,"height":1000,"url":"https:\/\/magnetarmagnets.com\/wp-content\/uploads\/2020\/05\/hoofdafbeelding-classic-200.jpg","type":"image\/jpeg"}],"twitter_card":"summary_large_image","twitter_misc":{"Ber\u00e4knad l\u00e4stid":"2 minuter"},"schema":{"@context":"https:\/\/schema.org","@graph":[{"@type":["WebPage","ItemPage"],"@id":"https:\/\/magnetarmagnets.com\/sv\/shop\/klassisk-enkelsidig-neodymmagnet-fiskemagnet-200-kg-440-lb\/","url":"https:\/\/magnetarmagnets.com\/sv\/shop\/klassisk-enkelsidig-neodymmagnet-fiskemagnet-200-kg-440-lb\/","name":"Klassisk enkelsidig neodymmagnet-fiskemagnet 200 kg - Magnet fishing with a Magnetar fishing magnet","isPartOf":{"@id":"https:\/\/magnetarmagnets.com\/sv\/#website"},"primaryImageOfPage":{"@id":"https:\/\/magnetarmagnets.com\/sv\/shop\/klassisk-enkelsidig-neodymmagnet-fiskemagnet-200-kg-440-lb\/#primaryimage"},"image":{"@id":"https:\/\/magnetarmagnets.com\/sv\/shop\/klassisk-enkelsidig-neodymmagnet-fiskemagnet-200-kg-440-lb\/#primaryimage"},"thumbnailUrl":"https:\/\/magnetarmagnets.com\/wp-content\/uploads\/2020\/05\/hoofdafbeelding-classic-200.jpg","datePublished":"2025-06-05T07:54:41+00:00","dateModified":"2026-04-07T16:39:32+00:00","description":"Klassisk fiskemagnet 440 lb \/ 200 kg \u2013 av Magnetar","breadcrumb":{"@id":"https:\/\/magnetarmagnets.com\/sv\/shop\/klassisk-enkelsidig-neodymmagnet-fiskemagnet-200-kg-440-lb\/#breadcrumb"},"inLanguage":"sv-SE","potentialAction":[{"@type":"ReadAction","target":["https:\/\/magnetarmagnets.com\/sv\/shop\/klassisk-enkelsidig-neodymmagnet-fiskemagnet-200-kg-440-lb\/"]}]},{"@type":"ImageObject","inLanguage":"sv-SE","@id":"https:\/\/magnetarmagnets.com\/sv\/shop\/klassisk-enkelsidig-neodymmagnet-fiskemagnet-200-kg-440-lb\/#primaryimage","url":"https:\/\/magnetarmagnets.com\/wp-content\/uploads\/2020\/05\/hoofdafbeelding-classic-200.jpg","contentUrl":"https:\/\/magnetarmagnets.com\/wp-content\/uploads\/2020\/05\/hoofdafbeelding-classic-200.jpg","width":1000,"height":1000},{"@type":"BreadcrumbList","@id":"https:\/\/magnetarmagnets.com\/sv\/shop\/klassisk-enkelsidig-neodymmagnet-fiskemagnet-200-kg-440-lb\/#breadcrumb","itemListElement":[{"@type":"ListItem","position":1,"name":"Home","item":"https:\/\/magnetarmagnets.com\/sv\/"},{"@type":"ListItem","position":2,"name":"Butik","item":"https:\/\/magnetarmagnets.com\/sv\/butik\/"},{"@type":"ListItem","position":3,"name":"Fiske magneter","item":"https:\/\/magnetarmagnets.com\/sv\/collections\/fiske-magneter\/"},{"@type":"ListItem","position":4,"name":"Enkelsidiga fiske magneter","item":"https:\/\/magnetarmagnets.com\/sv\/collections\/fiske-magneter\/enkelsidiga-fiske-magneter\/"},{"@type":"ListItem","position":5,"name":"Klassisk enkelsidig neodymmagnet-fiskemagnet 200 kg"}]},{"@type":"WebSite","@id":"https:\/\/magnetarmagnets.com\/sv\/#website","url":"https:\/\/magnetarmagnets.com\/sv\/","name":"Magnet fishing with a Magnetar fishing magnet","description":"Kraftfulla magneter f\u00f6r magnetfiske","publisher":{"@id":"https:\/\/magnetarmagnets.com\/sv\/#organization"},"potentialAction":[{"@type":"SearchAction","target":{"@type":"EntryPoint","urlTemplate":"https:\/\/magnetarmagnets.com\/sv\/?s={search_term_string}"},"query-input":{"@type":"PropertyValueSpecification","valueRequired":true,"valueName":"search_term_string"}}],"inLanguage":"sv-SE"},{"@type":"Organization","@id":"https:\/\/magnetarmagnets.com\/sv\/#organization","name":"Magnetar","url":"https:\/\/magnetarmagnets.com\/sv\/","logo":{"@type":"ImageObject","inLanguage":"sv-SE","@id":"https:\/\/magnetarmagnets.com\/sv\/#\/schema\/logo\/image\/","url":"https:\/\/magnetarmagnets.com\/wp-content\/uploads\/2025\/05\/Logo-03_PNG-Black-scaled.png","contentUrl":"https:\/\/magnetarmagnets.com\/wp-content\/uploads\/2025\/05\/Logo-03_PNG-Black-scaled.png","width":2560,"height":1658,"caption":"Magnetar"},"image":{"@id":"https:\/\/magnetarmagnets.com\/sv\/#\/schema\/logo\/image\/"},"sameAs":["https:\/\/www.facebook.com\/fishingmagnets\/","https:\/\/www.instagram.com\/magnetar_magnets\/","https:\/\/www.linkedin.com\/company\/magnetarbv\/?originalSubdomain=nl","https:\/\/www.youtube.com\/c\/MagnetarVismagneet"]}]}},"_links":{"self":[{"href":"https:\/\/magnetarmagnets.com\/sv\/wp-json\/wp\/v2\/product\/67435","targetHints":{"allow":["GET"]}}],"collection":[{"href":"https:\/\/magnetarmagnets.com\/sv\/wp-json\/wp\/v2\/product"}],"about":[{"href":"https:\/\/magnetarmagnets.com\/sv\/wp-json\/wp\/v2\/types\/product"}],"replies":[{"embeddable":true,"href":"https:\/\/magnetarmagnets.com\/sv\/wp-json\/wp\/v2\/comments?post=67435"}],"version-history":[{"count":1,"href":"https:\/\/magnetarmagnets.com\/sv\/wp-json\/wp\/v2\/product\/67435\/revisions"}],"predecessor-version":[{"id":95668,"href":"https:\/\/magnetarmagnets.com\/sv\/wp-json\/wp\/v2\/product\/67435\/revisions\/95668"}],"wp:featuredmedia":[{"embeddable":true,"href":"https:\/\/magnetarmagnets.com\/sv\/wp-json\/wp\/v2\/media\/65435"}],"wp:attachment":[{"href":"https:\/\/magnetarmagnets.com\/sv\/wp-json\/wp\/v2\/media?parent=67435"}],"wp:term":[{"taxonomy":"product_brand","embeddable":true,"href":"https:\/\/magnetarmagnets.com\/sv\/wp-json\/wp\/v2\/product_brand?post=67435"},{"taxonomy":"product_cat","embeddable":true,"href":"https:\/\/magnetarmagnets.com\/sv\/wp-json\/wp\/v2\/product_cat?post=67435"},{"taxonomy":"product_tag","embeddable":true,"href":"https:\/\/magnetarmagnets.com\/sv\/wp-json\/wp\/v2\/product_tag?post=67435"}],"curies":[{"name":"wp","href":"https:\/\/api.w.org\/{rel}","templated":true}]}}