{"id":67434,"date":"2025-06-05T09:54:41","date_gmt":"2025-06-05T07:54:41","guid":{"rendered":"https:\/\/magnetarmagnets.com\/?post_type=product&#038;p=67434"},"modified":"2026-04-04T21:50:48","modified_gmt":"2026-04-04T19:50:48","slug":"classic-fiskemagnet-for-magnetfiske-880-lb-400-kg-enkelriktad","status":"publish","type":"product","link":"https:\/\/magnetarmagnets.com\/sv\/shop\/classic-fiskemagnet-for-magnetfiske-880-lb-400-kg-enkelriktad\/","title":{"rendered":"Classic fiskemagnet f\u00f6r magnetfiske \u2013 400 kg \u2013 enkelriktad"},"content":{"rendered":"Classic 400-fiskemagneten <span style=\"font-weight: 400;\">\u00e4r en enkelriktad neodymmagnet f\u00f6r magnetfiske med en maximal dragkraft p\u00e5 880 LB\/400 KG. Classic 400-fiskemagneten rekommenderas till nyb\u00f6rjare som vill b\u00f6rja fullt utrustade eller till mer avancerade magnetfiskare som vill ha en kraftfull och skyddad magnet. Den extra tjocka magneten \u00e4r innesluten i ett robust metallhus. Det s\u00e4kerst\u00e4ller att magneten kan uppn\u00e5 enorma dragkrafter i botten. Denna magnet tillh\u00f6r en av v\u00e5ra kraftfullare magneter i v\u00e5rt sortiment av enkelriktade magneter.<\/span>\r\n\r\nGl\u00f6m inte att kolla in v\u00e5ra <a href=\"https:\/\/magnetarmagnets.com\/magnet-fishing-kit\/\">magnetfiske-kit<\/a> &amp; <a href=\"https:\/\/magnetarmagnets.com\/accessories\/\">magnetfiskeutrustning<\/a>.\r\n<h2><span style=\"font-weight: 400;\"><strong style=\"font-size: 24px;\">Kraftfull enkelriktad fiskemagnet 880 LB\/400 KG<\/strong><\/span><\/h2>\r\nClassic 400 \u00e4r en av Magnetars kraftfullaste enkelriktade fiskemagneter. Denna exceptionella produkt \u00e4r skyddad av ett slitstarkt skal som ger skydd mot st\u00f6tar och oavsiktliga skador. Eftersom magneten \u00e4r enkelriktad koncentreras den magnetiska kraften enbart p\u00e5 magnetens undersida, vilket g\u00f6r den oerh\u00f6rt stark. S\u00e5 pass stark att det kan vara en utmaning att lossa f\u00f6rem\u00e5l fr\u00e5n dess grepp. \u00c4nd\u00e5 \u00e4r det enkelt att dra upp tunga f\u00f6rem\u00e5l med plana ytor, s\u00e5som kassask\u00e5p, bildelar och st\u00e5lbalkar, fr\u00e5n vattnet med denna magnet. Den hanterar \u00e4ven olika mindre historiska f\u00f6rem\u00e5l utan problem.\r\n\r\nClassic Fish Magnet 400 kg anv\u00e4nds vanligtvis med 8 mm eller 10 mm rep. Vill du utforska djupare vatten och grumligt sediment p\u00e5 specifika platser? I s\u00e5dana fall kan denna fiskemagnet anv\u00e4ndas med v\u00e5r magnetfiskespik, som f\u00f6rl\u00e4nger upp till tre meter och ut\u00f6kar dina magnetfiskem\u00f6jligheter.\r\n\r\nOm du s\u00f6ker en fiskemagnet med magnetstyrka p\u00e5 alla sidor och j\u00e4mf\u00f6rbar dragkraft, inbjuder vi dig att utforska v\u00e5ra <a href=\"https:\/\/magnetarmagnets.com\/shop\/easy-magnet\">Easy<\/a>, <a href=\"https:\/\/magnetarmagnets.com\/shop\/hardcore-magnet-2\/?v=796834e7a283\">Hardcore<\/a> och <a href=\"https:\/\/magnetarmagnets.com\/shop\/exclusive-terror-magnet\/?v=796834e7a283\">Terror<\/a> 360\u00b0 allround-fiskemagneter.\r\n<h2>\u00c4r detta f\u00f6r mycket dragkraft?<\/h2>\r\n<span style=\"font-weight: 400;\">Oroa dig inte! Den utlovade dragkraften p\u00e5 880 LB\/400 KG uppn\u00e5s endast under perfekta f\u00f6rh\u00e5llanden. Dessa \u00e4r: platt metall med en tjocklek p\u00e5 0,78 inch\/2 cm, ingen rost och inget skr\u00e4p mellan magneten och metallen. Chansen att du hittar en ren metallplatta i vattnet \u00e4r liten. Oftast finns det rost p\u00e5 j\u00e4rnskatterna.<\/span>","protected":false},"excerpt":{"rendered":"<p><span style=\"font-weight: 400;\">Denna <strong>kraftfulla skyddade fiskemagnet<\/strong> g\u00f6r precis vad den ska. De tyngsta f\u00f6rem\u00e5len dras upp med en <strong>enorm dragkraft<\/strong> vid botten av magneten. Denna magnet \u00e4r <strong>omtyckt av b\u00e5de nyb\u00f6rjare och erfarna magnetfiskare<\/strong>.<\/span><\/p>\n","protected":false},"featured_media":64450,"comment_status":"open","ping_status":"closed","template":"","meta":{"_acf_changed":false,"inline_featured_image":false},"product_brand":[],"product_cat":[264,261,279],"product_tag":[238],"class_list":{"0":"post-67434","1":"product","2":"type-product","3":"status-publish","4":"has-post-thumbnail","6":"product_cat-enkelsidiga-fiske-magneter","7":"product_cat-fiske-magneter","8":"product_cat-for-avancerade-aventyrare-sv","9":"product_tag-free-shipping-2","11":"first","12":"instock","13":"sale","14":"taxable","15":"shipping-taxable","16":"purchasable","17":"product-type-simple"},"acf":[],"yoast_head":"<!-- This site is optimized with the Yoast SEO plugin v27.4 - https:\/\/yoast.com\/product\/yoast-seo-wordpress\/ -->\n<title>Classic fiskemagnet f\u00f6r magnetfiske \u2013 400 kg \u2013 enkelriktad - Magnet fishing with a Magnetar fishing magnet<\/title>\n<meta name=\"description\" content=\"Enkelriktad fiskemagnet \u2013 880 LB \/ 400 KG \u2013 Magnetar\" \/>\n<meta name=\"robots\" content=\"index, follow, max-snippet:-1, max-image-preview:large, max-video-preview:-1\" \/>\n<link rel=\"canonical\" href=\"https:\/\/magnetarmagnets.com\/sv\/shop\/classic-fiskemagnet-for-magnetfiske-880-lb-400-kg-enkelriktad\/\" \/>\n<meta property=\"og:locale\" content=\"sv_SE\" \/>\n<meta property=\"og:type\" content=\"article\" \/>\n<meta property=\"og:title\" content=\"Classic fiskemagnet f\u00f6r magnetfiske \u2013 400 kg \u2013 enkelriktad - Magnet fishing with a Magnetar fishing magnet\" \/>\n<meta property=\"og:description\" content=\"Enkelriktad fiskemagnet \u2013 880 LB \/ 400 KG \u2013 Magnetar\" \/>\n<meta property=\"og:url\" content=\"https:\/\/magnetarmagnets.com\/sv\/shop\/classic-fiskemagnet-for-magnetfiske-880-lb-400-kg-enkelriktad\/\" \/>\n<meta property=\"og:site_name\" content=\"Magnet fishing with a Magnetar fishing magnet\" \/>\n<meta property=\"article:publisher\" content=\"https:\/\/www.facebook.com\/fishingmagnets\/\" \/>\n<meta property=\"article:modified_time\" content=\"2026-04-04T19:50:48+00:00\" \/>\n<meta property=\"og:image\" content=\"https:\/\/magnetarmagnets.com\/wp-content\/uploads\/2017\/07\/vismagneet-350-met-gereedschap.png\" \/>\n\t<meta property=\"og:image:width\" content=\"1000\" \/>\n\t<meta property=\"og:image:height\" content=\"1000\" \/>\n\t<meta property=\"og:image:type\" content=\"image\/png\" \/>\n<meta name=\"twitter:card\" content=\"summary_large_image\" \/>\n<meta name=\"twitter:label1\" content=\"Ber\u00e4knad l\u00e4stid\" \/>\n\t<meta name=\"twitter:data1\" content=\"2 minuter\" \/>\n<script type=\"application\/ld+json\" class=\"yoast-schema-graph\">{\"@context\":\"https:\\\/\\\/schema.org\",\"@graph\":[{\"@type\":[\"WebPage\",\"ItemPage\"],\"@id\":\"https:\\\/\\\/magnetarmagnets.com\\\/sv\\\/shop\\\/classic-fiskemagnet-for-magnetfiske-880-lb-400-kg-enkelriktad\\\/\",\"url\":\"https:\\\/\\\/magnetarmagnets.com\\\/sv\\\/shop\\\/classic-fiskemagnet-for-magnetfiske-880-lb-400-kg-enkelriktad\\\/\",\"name\":\"Classic fiskemagnet f\u00f6r magnetfiske \u2013 400 kg \u2013 enkelriktad - Magnet fishing with a Magnetar fishing magnet\",\"isPartOf\":{\"@id\":\"https:\\\/\\\/magnetarmagnets.com\\\/sv\\\/#website\"},\"primaryImageOfPage\":{\"@id\":\"https:\\\/\\\/magnetarmagnets.com\\\/sv\\\/shop\\\/classic-fiskemagnet-for-magnetfiske-880-lb-400-kg-enkelriktad\\\/#primaryimage\"},\"image\":{\"@id\":\"https:\\\/\\\/magnetarmagnets.com\\\/sv\\\/shop\\\/classic-fiskemagnet-for-magnetfiske-880-lb-400-kg-enkelriktad\\\/#primaryimage\"},\"thumbnailUrl\":\"https:\\\/\\\/magnetarmagnets.com\\\/wp-content\\\/uploads\\\/2017\\\/07\\\/vismagneet-350-met-gereedschap.png\",\"datePublished\":\"2025-06-05T07:54:41+00:00\",\"dateModified\":\"2026-04-04T19:50:48+00:00\",\"description\":\"Enkelriktad fiskemagnet \u2013 880 LB \\\/ 400 KG \u2013 Magnetar\",\"breadcrumb\":{\"@id\":\"https:\\\/\\\/magnetarmagnets.com\\\/sv\\\/shop\\\/classic-fiskemagnet-for-magnetfiske-880-lb-400-kg-enkelriktad\\\/#breadcrumb\"},\"inLanguage\":\"sv-SE\",\"potentialAction\":[{\"@type\":\"ReadAction\",\"target\":[\"https:\\\/\\\/magnetarmagnets.com\\\/sv\\\/shop\\\/classic-fiskemagnet-for-magnetfiske-880-lb-400-kg-enkelriktad\\\/\"]}]},{\"@type\":\"ImageObject\",\"inLanguage\":\"sv-SE\",\"@id\":\"https:\\\/\\\/magnetarmagnets.com\\\/sv\\\/shop\\\/classic-fiskemagnet-for-magnetfiske-880-lb-400-kg-enkelriktad\\\/#primaryimage\",\"url\":\"https:\\\/\\\/magnetarmagnets.com\\\/wp-content\\\/uploads\\\/2017\\\/07\\\/vismagneet-350-met-gereedschap.png\",\"contentUrl\":\"https:\\\/\\\/magnetarmagnets.com\\\/wp-content\\\/uploads\\\/2017\\\/07\\\/vismagneet-350-met-gereedschap.png\",\"width\":1000,\"height\":1000},{\"@type\":\"BreadcrumbList\",\"@id\":\"https:\\\/\\\/magnetarmagnets.com\\\/sv\\\/shop\\\/classic-fiskemagnet-for-magnetfiske-880-lb-400-kg-enkelriktad\\\/#breadcrumb\",\"itemListElement\":[{\"@type\":\"ListItem\",\"position\":1,\"name\":\"Home\",\"item\":\"https:\\\/\\\/magnetarmagnets.com\\\/sv\\\/\"},{\"@type\":\"ListItem\",\"position\":2,\"name\":\"Butik\",\"item\":\"https:\\\/\\\/magnetarmagnets.com\\\/sv\\\/butik\\\/\"},{\"@type\":\"ListItem\",\"position\":3,\"name\":\"Fiske magneter\",\"item\":\"https:\\\/\\\/magnetarmagnets.com\\\/sv\\\/collections\\\/fiske-magneter\\\/\"},{\"@type\":\"ListItem\",\"position\":4,\"name\":\"Enkelsidiga fiske magneter\",\"item\":\"https:\\\/\\\/magnetarmagnets.com\\\/sv\\\/collections\\\/fiske-magneter\\\/enkelsidiga-fiske-magneter\\\/\"},{\"@type\":\"ListItem\",\"position\":5,\"name\":\"Classic fiskemagnet f\u00f6r magnetfiske \u2013 400 kg \u2013 enkelriktad\"}]},{\"@type\":\"WebSite\",\"@id\":\"https:\\\/\\\/magnetarmagnets.com\\\/sv\\\/#website\",\"url\":\"https:\\\/\\\/magnetarmagnets.com\\\/sv\\\/\",\"name\":\"Magnet fishing with a Magnetar fishing magnet\",\"description\":\"Kraftfulla magneter f\u00f6r magnetfiske\",\"publisher\":{\"@id\":\"https:\\\/\\\/magnetarmagnets.com\\\/sv\\\/#organization\"},\"potentialAction\":[{\"@type\":\"SearchAction\",\"target\":{\"@type\":\"EntryPoint\",\"urlTemplate\":\"https:\\\/\\\/magnetarmagnets.com\\\/sv\\\/?s={search_term_string}\"},\"query-input\":{\"@type\":\"PropertyValueSpecification\",\"valueRequired\":true,\"valueName\":\"search_term_string\"}}],\"inLanguage\":\"sv-SE\"},{\"@type\":\"Organization\",\"@id\":\"https:\\\/\\\/magnetarmagnets.com\\\/sv\\\/#organization\",\"name\":\"Magnetar\",\"url\":\"https:\\\/\\\/magnetarmagnets.com\\\/sv\\\/\",\"logo\":{\"@type\":\"ImageObject\",\"inLanguage\":\"sv-SE\",\"@id\":\"https:\\\/\\\/magnetarmagnets.com\\\/sv\\\/#\\\/schema\\\/logo\\\/image\\\/\",\"url\":\"https:\\\/\\\/magnetarmagnets.com\\\/wp-content\\\/uploads\\\/2025\\\/05\\\/Logo-03_PNG-Black-scaled.png\",\"contentUrl\":\"https:\\\/\\\/magnetarmagnets.com\\\/wp-content\\\/uploads\\\/2025\\\/05\\\/Logo-03_PNG-Black-scaled.png\",\"width\":2560,\"height\":1658,\"caption\":\"Magnetar\"},\"image\":{\"@id\":\"https:\\\/\\\/magnetarmagnets.com\\\/sv\\\/#\\\/schema\\\/logo\\\/image\\\/\"},\"sameAs\":[\"https:\\\/\\\/www.facebook.com\\\/fishingmagnets\\\/\",\"https:\\\/\\\/www.instagram.com\\\/magnetar_magnets\\\/\",\"https:\\\/\\\/www.linkedin.com\\\/company\\\/magnetarbv\\\/?originalSubdomain=nl\",\"https:\\\/\\\/www.youtube.com\\\/c\\\/MagnetarVismagneet\"]}]}<\/script>\n<!-- \/ Yoast SEO plugin. -->","yoast_head_json":{"title":"Classic fiskemagnet f\u00f6r magnetfiske \u2013 400 kg \u2013 enkelriktad - Magnet fishing with a Magnetar fishing magnet","description":"Enkelriktad fiskemagnet \u2013 880 LB \/ 400 KG \u2013 Magnetar","robots":{"index":"index","follow":"follow","max-snippet":"max-snippet:-1","max-image-preview":"max-image-preview:large","max-video-preview":"max-video-preview:-1"},"canonical":"https:\/\/magnetarmagnets.com\/sv\/shop\/classic-fiskemagnet-for-magnetfiske-880-lb-400-kg-enkelriktad\/","og_locale":"sv_SE","og_type":"article","og_title":"Classic fiskemagnet f\u00f6r magnetfiske \u2013 400 kg \u2013 enkelriktad - Magnet fishing with a Magnetar fishing magnet","og_description":"Enkelriktad fiskemagnet \u2013 880 LB \/ 400 KG \u2013 Magnetar","og_url":"https:\/\/magnetarmagnets.com\/sv\/shop\/classic-fiskemagnet-for-magnetfiske-880-lb-400-kg-enkelriktad\/","og_site_name":"Magnet fishing with a Magnetar fishing magnet","article_publisher":"https:\/\/www.facebook.com\/fishingmagnets\/","article_modified_time":"2026-04-04T19:50:48+00:00","og_image":[{"width":1000,"height":1000,"url":"https:\/\/magnetarmagnets.com\/wp-content\/uploads\/2017\/07\/vismagneet-350-met-gereedschap.png","type":"image\/png"}],"twitter_card":"summary_large_image","twitter_misc":{"Ber\u00e4knad l\u00e4stid":"2 minuter"},"schema":{"@context":"https:\/\/schema.org","@graph":[{"@type":["WebPage","ItemPage"],"@id":"https:\/\/magnetarmagnets.com\/sv\/shop\/classic-fiskemagnet-for-magnetfiske-880-lb-400-kg-enkelriktad\/","url":"https:\/\/magnetarmagnets.com\/sv\/shop\/classic-fiskemagnet-for-magnetfiske-880-lb-400-kg-enkelriktad\/","name":"Classic fiskemagnet f\u00f6r magnetfiske \u2013 400 kg \u2013 enkelriktad - Magnet fishing with a Magnetar fishing magnet","isPartOf":{"@id":"https:\/\/magnetarmagnets.com\/sv\/#website"},"primaryImageOfPage":{"@id":"https:\/\/magnetarmagnets.com\/sv\/shop\/classic-fiskemagnet-for-magnetfiske-880-lb-400-kg-enkelriktad\/#primaryimage"},"image":{"@id":"https:\/\/magnetarmagnets.com\/sv\/shop\/classic-fiskemagnet-for-magnetfiske-880-lb-400-kg-enkelriktad\/#primaryimage"},"thumbnailUrl":"https:\/\/magnetarmagnets.com\/wp-content\/uploads\/2017\/07\/vismagneet-350-met-gereedschap.png","datePublished":"2025-06-05T07:54:41+00:00","dateModified":"2026-04-04T19:50:48+00:00","description":"Enkelriktad fiskemagnet \u2013 880 LB \/ 400 KG \u2013 Magnetar","breadcrumb":{"@id":"https:\/\/magnetarmagnets.com\/sv\/shop\/classic-fiskemagnet-for-magnetfiske-880-lb-400-kg-enkelriktad\/#breadcrumb"},"inLanguage":"sv-SE","potentialAction":[{"@type":"ReadAction","target":["https:\/\/magnetarmagnets.com\/sv\/shop\/classic-fiskemagnet-for-magnetfiske-880-lb-400-kg-enkelriktad\/"]}]},{"@type":"ImageObject","inLanguage":"sv-SE","@id":"https:\/\/magnetarmagnets.com\/sv\/shop\/classic-fiskemagnet-for-magnetfiske-880-lb-400-kg-enkelriktad\/#primaryimage","url":"https:\/\/magnetarmagnets.com\/wp-content\/uploads\/2017\/07\/vismagneet-350-met-gereedschap.png","contentUrl":"https:\/\/magnetarmagnets.com\/wp-content\/uploads\/2017\/07\/vismagneet-350-met-gereedschap.png","width":1000,"height":1000},{"@type":"BreadcrumbList","@id":"https:\/\/magnetarmagnets.com\/sv\/shop\/classic-fiskemagnet-for-magnetfiske-880-lb-400-kg-enkelriktad\/#breadcrumb","itemListElement":[{"@type":"ListItem","position":1,"name":"Home","item":"https:\/\/magnetarmagnets.com\/sv\/"},{"@type":"ListItem","position":2,"name":"Butik","item":"https:\/\/magnetarmagnets.com\/sv\/butik\/"},{"@type":"ListItem","position":3,"name":"Fiske magneter","item":"https:\/\/magnetarmagnets.com\/sv\/collections\/fiske-magneter\/"},{"@type":"ListItem","position":4,"name":"Enkelsidiga fiske magneter","item":"https:\/\/magnetarmagnets.com\/sv\/collections\/fiske-magneter\/enkelsidiga-fiske-magneter\/"},{"@type":"ListItem","position":5,"name":"Classic fiskemagnet f\u00f6r magnetfiske \u2013 400 kg \u2013 enkelriktad"}]},{"@type":"WebSite","@id":"https:\/\/magnetarmagnets.com\/sv\/#website","url":"https:\/\/magnetarmagnets.com\/sv\/","name":"Magnet fishing with a Magnetar fishing magnet","description":"Kraftfulla magneter f\u00f6r magnetfiske","publisher":{"@id":"https:\/\/magnetarmagnets.com\/sv\/#organization"},"potentialAction":[{"@type":"SearchAction","target":{"@type":"EntryPoint","urlTemplate":"https:\/\/magnetarmagnets.com\/sv\/?s={search_term_string}"},"query-input":{"@type":"PropertyValueSpecification","valueRequired":true,"valueName":"search_term_string"}}],"inLanguage":"sv-SE"},{"@type":"Organization","@id":"https:\/\/magnetarmagnets.com\/sv\/#organization","name":"Magnetar","url":"https:\/\/magnetarmagnets.com\/sv\/","logo":{"@type":"ImageObject","inLanguage":"sv-SE","@id":"https:\/\/magnetarmagnets.com\/sv\/#\/schema\/logo\/image\/","url":"https:\/\/magnetarmagnets.com\/wp-content\/uploads\/2025\/05\/Logo-03_PNG-Black-scaled.png","contentUrl":"https:\/\/magnetarmagnets.com\/wp-content\/uploads\/2025\/05\/Logo-03_PNG-Black-scaled.png","width":2560,"height":1658,"caption":"Magnetar"},"image":{"@id":"https:\/\/magnetarmagnets.com\/sv\/#\/schema\/logo\/image\/"},"sameAs":["https:\/\/www.facebook.com\/fishingmagnets\/","https:\/\/www.instagram.com\/magnetar_magnets\/","https:\/\/www.linkedin.com\/company\/magnetarbv\/?originalSubdomain=nl","https:\/\/www.youtube.com\/c\/MagnetarVismagneet"]}]}},"_links":{"self":[{"href":"https:\/\/magnetarmagnets.com\/sv\/wp-json\/wp\/v2\/product\/67434","targetHints":{"allow":["GET"]}}],"collection":[{"href":"https:\/\/magnetarmagnets.com\/sv\/wp-json\/wp\/v2\/product"}],"about":[{"href":"https:\/\/magnetarmagnets.com\/sv\/wp-json\/wp\/v2\/types\/product"}],"replies":[{"embeddable":true,"href":"https:\/\/magnetarmagnets.com\/sv\/wp-json\/wp\/v2\/comments?post=67434"}],"version-history":[{"count":0,"href":"https:\/\/magnetarmagnets.com\/sv\/wp-json\/wp\/v2\/product\/67434\/revisions"}],"wp:featuredmedia":[{"embeddable":true,"href":"https:\/\/magnetarmagnets.com\/sv\/wp-json\/wp\/v2\/media\/64450"}],"wp:attachment":[{"href":"https:\/\/magnetarmagnets.com\/sv\/wp-json\/wp\/v2\/media?parent=67434"}],"wp:term":[{"taxonomy":"product_brand","embeddable":true,"href":"https:\/\/magnetarmagnets.com\/sv\/wp-json\/wp\/v2\/product_brand?post=67434"},{"taxonomy":"product_cat","embeddable":true,"href":"https:\/\/magnetarmagnets.com\/sv\/wp-json\/wp\/v2\/product_cat?post=67434"},{"taxonomy":"product_tag","embeddable":true,"href":"https:\/\/magnetarmagnets.com\/sv\/wp-json\/wp\/v2\/product_tag?post=67434"}],"curies":[{"name":"wp","href":"https:\/\/api.w.org\/{rel}","templated":true}]}}