{"id":67432,"date":"2025-06-05T09:54:40","date_gmt":"2025-06-05T07:54:40","guid":{"rendered":"https:\/\/magnetarmagnets.com\/?post_type=product&#038;p=67432"},"modified":"2026-05-14T21:44:19","modified_gmt":"2026-05-14T19:44:19","slug":"hardcore-fiskemagnet-1300-lb-600-kg-allround-360-neodymmagnet","status":"publish","type":"product","link":"https:\/\/magnetarmagnets.com\/sv\/shop\/hardcore-fiskemagnet-1300-lb-600-kg-allround-360-neodymmagnet\/","title":{"rendered":"Hardcore Magnet\u00ae &#8211; 1300 lb\/600 kg &#8211; Allround 360\u00b0"},"content":{"rendered":"\t\t<div data-elementor-type=\"product-post\" data-elementor-id=\"67432\" class=\"elementor elementor-67432 elementor-66906\" data-elementor-post-type=\"product\">\n\t\t\t\t<div class=\"elementor-element elementor-element-74c68c e-con-full e-flex e-con e-parent\" data-id=\"74c68c\" data-element_type=\"container\" data-e-type=\"container\" data-settings=\"{&quot;background_background&quot;:&quot;classic&quot;,&quot;animation_mobile&quot;:&quot;fadeInUp&quot;}\">\n\t\t\t\t<\/div>\n\t\t<div class=\"elementor-element elementor-element-5d82aa66 e-con-full e-flex e-con e-parent\" data-id=\"5d82aa66\" data-element_type=\"container\" data-e-type=\"container\" data-settings=\"{&quot;background_background&quot;:&quot;classic&quot;,&quot;animation_mobile&quot;:&quot;fadeInUp&quot;}\">\n\t\t\t\t<div class=\"elementor-element elementor-element-39fb416d elementor-hidden-desktop elementor-widget elementor-widget-spacer\" data-id=\"39fb416d\" data-element_type=\"widget\" data-e-type=\"widget\" data-widget_type=\"spacer.default\">\n\t\t\t\t\t\t\t<div class=\"elementor-spacer\">\n\t\t\t<div class=\"elementor-spacer-inner\"><\/div>\n\t\t<\/div>\n\t\t\t\t\t\t<\/div>\n\t\t\t\t<div class=\"elementor-element elementor-element-4630c7be elementor-widget elementor-widget-text-editor\" data-id=\"4630c7be\" data-element_type=\"widget\" data-e-type=\"widget\" data-settings=\"{&quot;_animation_mobile&quot;:&quot;slideInLeft&quot;}\" data-widget_type=\"text-editor.default\">\n\t\t\t\t\t\t\t\t\t<p data-start=\"0\" data-end=\"435\">Hardcore Magnet \u00e4r byggd f\u00f6r magnetfiskare som vill ha mer r\u00e4ckvidd, mer grepp och mer resultat. Dess 360\u00b0-magnetf\u00e4lt drar till sig metall fr\u00e5n alla sidor, vilket underl\u00e4ttar vid s\u00f6kning i lera, kanaler, hamnar och andra knepiga st\u00e4llen. Med en dragkraft p\u00e5 600 kg och en balanserad vikt \u00e4r den h\u00e4r magneten ett rej\u00e4lt steg upp fr\u00e5n de enkelsidiga och dubbelsidiga modellerna. Ett separat skyddsk\u00e5pa rekommenderas under anv\u00e4ndning.<br><br>Gl\u00f6m inte att kolla in de <a href=\"https:\/\/magnetarmagnets.com\/sv\/collections\/fiske-magneter\/magnetfiske-kit\/\" target=\"_blank\" rel=\"noopener\">b\u00e4sta magnetfiskekiten<\/a> och <a href=\"https:\/\/magnetarmagnets.com\/sv\/magnetfiskeutrustning\/\" target=\"_blank\" rel=\"noopener\">magnetfiskeutrustningen<\/a>.<\/p>\t\t\t\t\t\t\t\t<\/div>\n\t\t\t\t<\/div>\n\t\t<div class=\"elementor-element elementor-element-5427d591 e-flex e-con-boxed e-con e-parent\" data-id=\"5427d591\" data-element_type=\"container\" data-e-type=\"container\">\n\t\t\t\t\t<div class=\"e-con-inner\">\n\t\t\t\t<div class=\"elementor-element elementor-element-5e97b531 elementor-widget elementor-widget-spacer\" data-id=\"5e97b531\" data-element_type=\"widget\" data-e-type=\"widget\" data-widget_type=\"spacer.default\">\n\t\t\t\t\t\t\t<div class=\"elementor-spacer\">\n\t\t\t<div class=\"elementor-spacer-inner\"><\/div>\n\t\t<\/div>\n\t\t\t\t\t\t<\/div>\n\t\t\t\t\t<\/div>\n\t\t\t\t<\/div>\n\t\t<div class=\"elementor-element elementor-element-20d8319 e-con-full e-flex e-con e-parent\" data-id=\"20d8319\" data-element_type=\"container\" data-e-type=\"container\" data-settings=\"{&quot;background_background&quot;:&quot;classic&quot;,&quot;animation_mobile&quot;:&quot;fadeInUp&quot;}\">\n\t\t\t\t<\/div>\n\t\t<div class=\"elementor-element elementor-element-3a69fcbe e-flex e-con-boxed e-con e-parent\" data-id=\"3a69fcbe\" data-element_type=\"container\" data-e-type=\"container\" data-settings=\"{&quot;background_background&quot;:&quot;classic&quot;,&quot;animation_mobile&quot;:&quot;fadeInUp&quot;}\">\n\t\t\t\t\t<div class=\"e-con-inner\">\n\t\t\t\t<div class=\"elementor-element elementor-element-31a68a38 elementor-widget elementor-widget-text-editor\" data-id=\"31a68a38\" data-element_type=\"widget\" data-e-type=\"widget\" data-settings=\"{&quot;_animation_mobile&quot;:&quot;none&quot;}\" data-widget_type=\"text-editor.default\">\n\t\t\t\t\t\t\t\t\t<p data-start=\"485\" data-end=\"785\">Till skillnad fr\u00e5n enkelsidiga magneter drar Hardcore till sig metall runt hela magneten. Det ger dig en st\u00f6rre effektiv s\u00f6komr\u00e5de och en b\u00e4ttre chans att f\u00e5nga upp fynd fr\u00e5n olika vinklar. Perfekt n\u00e4r m\u00e5len \u00e4r djupt nedgr\u00e4vda, ligger oj\u00e4mnt eller \u00e4r g\u00f6mda i mjuk lera.<\/p>\t\t\t\t\t\t\t\t<\/div>\n\t\t\t\t<div class=\"elementor-element elementor-element-1ad87b09 elementor-widget elementor-widget-spacer\" data-id=\"1ad87b09\" data-element_type=\"widget\" data-e-type=\"widget\" data-widget_type=\"spacer.default\">\n\t\t\t\t\t\t\t<div class=\"elementor-spacer\">\n\t\t\t<div class=\"elementor-spacer-inner\"><\/div>\n\t\t<\/div>\n\t\t\t\t\t\t<\/div>\n\t\t\t\t\t<\/div>\n\t\t\t\t<\/div>\n\t\t<div class=\"elementor-element elementor-element-3c94ed20 e-flex e-con-boxed e-con e-parent\" data-id=\"3c94ed20\" data-element_type=\"container\" data-e-type=\"container\" data-settings=\"{&quot;animation_mobile&quot;:&quot;fadeInUp&quot;}\">\n\t\t\t\t\t<div class=\"e-con-inner\">\n\t\t<div class=\"elementor-element elementor-element-2ab65080 e-con-full e-flex e-con e-child\" data-id=\"2ab65080\" data-element_type=\"container\" data-e-type=\"container\" data-settings=\"{&quot;background_background&quot;:&quot;classic&quot;}\">\n\t\t\t\t<\/div>\n\t\t<div class=\"elementor-element elementor-element-3afff3ef e-con-full e-flex e-con e-child\" data-id=\"3afff3ef\" data-element_type=\"container\" data-e-type=\"container\">\n\t\t\t\t<div class=\"elementor-element elementor-element-3e6153b8 elementor-widget elementor-widget-text-editor\" data-id=\"3e6153b8\" data-element_type=\"widget\" data-e-type=\"widget\" data-settings=\"{&quot;_animation_mobile&quot;:&quot;slideInLeft&quot;}\" data-widget_type=\"text-editor.default\">\n\t\t\t\t\t\t\t\t\t<p data-start=\"787\" data-end=\"1004\">Detta \u00e4r en av Magnetars mest s\u00e5lda Allroundmagneter av en anledning. Den \u00e4r stark, p\u00e5litlig och l\u00e4tt att kasta under l\u00e4ngre sessioner utan att k\u00e4nnas f\u00f6r tung.<\/p>\t\t\t\t\t\t\t\t<\/div>\n\t\t\t\t<div class=\"elementor-element elementor-element-3bb70332 elementor-widget elementor-widget-text-editor\" data-id=\"3bb70332\" data-element_type=\"widget\" data-e-type=\"widget\" data-widget_type=\"text-editor.default\">\n\t\t\t\t\t\t\t\t\t<p data-start=\"1006\" data-end=\"1189\">V\u00e4lj Hardcore om du \u00e4r redo att uppgradera och vill ha en <a href=\"https:\/\/magnetarmagnets.com\/sv\/starka-fiskemagneter\/\">seri\u00f6s 360-MAGNET-magnet<\/a> f\u00f6r regelbunden anv\u00e4ndning. F\u00f6r skydd mot st\u00f6tar mot h\u00e5rda f\u00f6rem\u00e5l, anv\u00e4nd den med ett separat skyddsh\u00f6lje.<\/p>\t\t\t\t\t\t\t\t<\/div>\n\t\t\t\t<div class=\"elementor-element elementor-element-6c0de0a7 elementor-widget elementor-widget-spacer\" data-id=\"6c0de0a7\" data-element_type=\"widget\" data-e-type=\"widget\" data-widget_type=\"spacer.default\">\n\t\t\t\t\t\t\t<div class=\"elementor-spacer\">\n\t\t\t<div class=\"elementor-spacer-inner\"><\/div>\n\t\t<\/div>\n\t\t\t\t\t\t<\/div>\n\t\t\t\t<\/div>\n\t\t\t\t\t<\/div>\n\t\t\t\t<\/div>\n\t\t<div class=\"elementor-element elementor-element-5d2e6908 e-flex e-con-boxed e-con e-parent\" data-id=\"5d2e6908\" data-element_type=\"container\" data-e-type=\"container\" data-settings=\"{&quot;animation_mobile&quot;:&quot;fadeInUp&quot;}\">\n\t\t\t\t\t<div class=\"e-con-inner\">\n\t\t\t\t<div class=\"elementor-element elementor-element-1ee6ac04 elementor-widget elementor-widget-heading\" data-id=\"1ee6ac04\" data-element_type=\"widget\" data-e-type=\"widget\" data-settings=\"{&quot;_animation_mobile&quot;:&quot;slideInLeft&quot;}\" data-widget_type=\"heading.default\">\n\t\t\t\t\t<h2 class=\"elementor-heading-title elementor-size-default\">Varf\u00f6r v\u00e4lja Hardcore?<\/h2>\t\t\t\t<\/div>\n\t\t\t\t\t<\/div>\n\t\t\t\t<\/div>\n\t\t<div class=\"elementor-element elementor-element-756bf7fe e-flex e-con-boxed e-con e-parent\" data-id=\"756bf7fe\" data-element_type=\"container\" data-e-type=\"container\" data-settings=\"{&quot;background_background&quot;:&quot;classic&quot;,&quot;animation_mobile&quot;:&quot;fadeInUp&quot;}\">\n\t\t\t\t\t<div class=\"e-con-inner\">\n\t\t\t\t\t<\/div>\n\t\t\t\t<\/div>\n\t\t<div class=\"elementor-element elementor-element-370c0f0c e-flex e-con-boxed e-con e-parent\" data-id=\"370c0f0c\" data-element_type=\"container\" data-e-type=\"container\" data-settings=\"{&quot;animation_mobile&quot;:&quot;fadeInUp&quot;}\">\n\t\t\t\t\t<div class=\"e-con-inner\">\n\t\t\t\t<div class=\"elementor-element elementor-element-2845ea3d elementor-widget elementor-widget-spacer\" data-id=\"2845ea3d\" data-element_type=\"widget\" data-e-type=\"widget\" data-widget_type=\"spacer.default\">\n\t\t\t\t\t\t\t<div class=\"elementor-spacer\">\n\t\t\t<div class=\"elementor-spacer-inner\"><\/div>\n\t\t<\/div>\n\t\t\t\t\t\t<\/div>\n\t\t\t\t<div class=\"elementor-element elementor-element-23f6861e elementor-widget elementor-widget-text-editor\" data-id=\"23f6861e\" data-element_type=\"widget\" data-e-type=\"widget\" data-settings=\"{&quot;_animation_mobile&quot;:&quot;slideInLeft&quot;}\" data-widget_type=\"text-editor.default\">\n\t\t\t\t\t\t\t\t\t<p><svg fill=\"none\" viewbox=\"0 0 24 24\" stroke-width=\"1.5\" stroke=\"currentColor\" style=\"width:18px;height:18px;vertical-align:middle;margin-right:6px;\"> <path stroke-linecap=\"round\" stroke-linejoin=\"round\" d=\"M9 12.75 11.25 15 15 9.75M21 12a9 9 0 1 1-18 0 9 9 0 0 1 18 0Z\"><\/path> <\/svg><strong>360\u00b0 magnetiskt f\u00e4lt<\/strong><br>Lockar till sig metall fr\u00e5n alla sidor, inte bara fr\u00e5n botten.<\/p> <p><svg fill=\"none\" viewbox=\"0 0 24 24\" stroke-width=\"1.5\" stroke=\"currentColor\" style=\"width:18px;height:18px;vertical-align:middle;margin-right:6px;\"> <path stroke-linecap=\"round\" stroke-linejoin=\"round\" d=\"M9 12.75 11.25 15 15 9.75M21 12a9 9 0 1 1-18 0 9 9 0 0 1 18 0Z\"><\/path> <\/svg><strong>1300 lb \/ 600 kg kraft<\/strong><br>Stark dragningskraft f\u00f6r tyngre och djupare fynd.<\/p> <p><svg fill=\"none\" viewbox=\"0 0 24 24\" stroke-width=\"1.5\" stroke=\"currentColor\" style=\"width:18px;height:18px;vertical-align:middle;margin-right:6px;\"> <path stroke-linecap=\"round\" stroke-linejoin=\"round\" d=\"M9 12.75 11.25 15 15 9.75M21 12a9 9 0 1 1-18 0 9 9 0 0 1 18 0Z\"><\/path> <\/svg><strong>14 cm \/ 5,5 tum r\u00e4ckvidd<\/strong><br>Hj\u00e4lper till att plocka upp metall f\u00f6re direktkontakt.<\/p> <p><svg fill=\"none\" viewbox=\"0 0 24 24\" stroke-width=\"1.5\" stroke=\"currentColor\" style=\"width:18px;height:18px;vertical-align:middle;margin-right:6px;\"> <path stroke-linecap=\"round\" stroke-linejoin=\"round\" d=\"M9 12.75 11.25 15 15 9.75M21 12a9 9 0 1 1-18 0 9 9 0 0 1 18 0Z\"><\/path> <\/svg><strong>Balanserad vikt<\/strong><br>Tillr\u00e4ckligt stark f\u00f6r st\u00f6rre fynd, bekv\u00e4m f\u00f6r upprepade kast.<\/p> <p><svg fill=\"none\" viewbox=\"0 0 24 24\" stroke-width=\"1.5\" stroke=\"currentColor\" style=\"width:18px;height:18px;vertical-align:middle;margin-right:6px;\"> <path stroke-linecap=\"round\" stroke-linejoin=\"round\" d=\"M9 12.75 11.25 15 15 9.75M21 12a9 9 0 1 1-18 0 9 9 0 0 1 18 0Z\"><\/path> <\/svg><strong>Val av uppgradering<\/strong><br>Perfekt efter enkelsidiga eller dubbelsidiga startmagneter.<\/p> <p><svg fill=\"none\" viewbox=\"0 0 24 24\" stroke-width=\"1.5\" stroke=\"currentColor\" style=\"width:18px;height:18px;vertical-align:middle;margin-right:6px;\"> <path stroke-linecap=\"round\" stroke-linejoin=\"round\" d=\"M9 12.75 11.25 15 15 9.75M21 12a9 9 0 1 1-18 0 9 9 0 0 1 18 0Z\"><\/path> <\/svg><strong>Rent neodymium<\/strong><br>Ger kraftfull allroundattraktion i kompakt storlek.<\/p> <p><svg fill=\"none\" viewbox=\"0 0 24 24\" stroke-width=\"1.5\" stroke=\"currentColor\" style=\"width:18px;height:18px;vertical-align:middle;margin-right:6px;\"> <path stroke-linecap=\"round\" stroke-linejoin=\"round\" d=\"M9 12.75 11.25 15 15 9.75M21 12a9 9 0 1 1-18 0 9 9 0 0 1 18 0Z\"><\/path> <\/svg><strong>B\u00e4sts\u00e4ljande modell<\/strong><br>V\u00e4ljs av m\u00e5nga magnetfiskare f\u00f6r regelbunden, seri\u00f6s anv\u00e4ndning.<\/p> <p><svg fill=\"none\" viewbox=\"0 0 24 24\" stroke-width=\"1.5\" stroke=\"currentColor\" style=\"width:18px;height:18px;vertical-align:middle;margin-right:6px;\"> <path stroke-linecap=\"round\" stroke-linejoin=\"round\" d=\"M9 12.75 11.25 15 15 9.75M21 12a9 9 0 1 1-18 0 9 9 0 0 1 18 0Z\"><\/path> <\/svg><strong>Skyddsk\u00e5pa som tillval<\/strong><br>Hj\u00e4lper till att minska skadorna n\u00e4r den tr\u00e4ffar h\u00e5rda undervattensytor.<\/p>\t\t\t\t\t\t\t\t<\/div>\n\t\t\t\t\t<\/div>\n\t\t\t\t<\/div>\n\t\t\t\t<\/div>\n\t\t","protected":false},"excerpt":{"rendered":"<p>Prova v\u00e5r <strong>b\u00e4sts\u00e4ljande Fiskemagnet<\/strong> med ett 360-magnetf\u00e4lt. Denna <strong>rena neodymmagnet<\/strong> \u00e4r designad av Magnetar och \u00e4r <strong>extremt kraftfull<\/strong> med en Dragkraft p\u00e5 upp till 1.300 lbs\/600 kg. G\u00e5 Hardcore med denna magnet!<\/p>\n","protected":false},"featured_media":65398,"comment_status":"open","ping_status":"closed","template":"","meta":{"_acf_changed":false,"inline_featured_image":false},"product_brand":[],"product_cat":[266,261,279,277],"product_tag":[238],"class_list":{"0":"post-67432","1":"product","2":"type-product","3":"status-publish","4":"has-post-thumbnail","6":"product_cat-allround-360-fiske-magneter","7":"product_cat-fiske-magneter","8":"product_cat-for-avancerade-aventyrare-sv","9":"product_cat-nyborjare-barn","10":"product_tag-free-shipping-2","12":"first","13":"instock","14":"sale","15":"taxable","16":"shipping-taxable","17":"purchasable","18":"product-type-simple"},"acf":[],"yoast_head":"<!-- This site is optimized with the Yoast SEO plugin v27.6 - https:\/\/yoast.com\/product\/yoast-seo-wordpress\/ -->\n<title>%.<\/title>\n<meta name=\"description\" content=\"Fiskemagneten Hardcore \u00e4r den mest k\u00e4nda Allroundmagneten. Mycket stark, bra kvalitet, perfekt vikt f\u00f6r att kasta och \u00e4r 360-magnetisk.\" \/>\n<meta name=\"robots\" content=\"index, follow, max-snippet:-1, max-image-preview:large, max-video-preview:-1\" \/>\n<link rel=\"canonical\" href=\"https:\/\/magnetarmagnets.com\/sv\/shop\/hardcore-fiskemagnet-1300-lb-600-kg-allround-360-neodymmagnet\/\" \/>\n<meta property=\"og:locale\" content=\"sv_SE\" \/>\n<meta property=\"og:type\" content=\"article\" \/>\n<meta property=\"og:title\" content=\"%.\" \/>\n<meta property=\"og:description\" content=\"Fiskemagneten Hardcore \u00e4r den mest k\u00e4nda Allroundmagneten. Mycket stark, bra kvalitet, perfekt vikt f\u00f6r att kasta och \u00e4r 360-magnetisk.\" \/>\n<meta property=\"og:url\" content=\"https:\/\/magnetarmagnets.com\/sv\/shop\/hardcore-fiskemagnet-1300-lb-600-kg-allround-360-neodymmagnet\/\" \/>\n<meta property=\"og:site_name\" content=\"Magnet fishing with a Magnetar fishing magnet\" \/>\n<meta property=\"article:publisher\" content=\"https:\/\/www.facebook.com\/fishingmagnets\/\" \/>\n<meta property=\"article:modified_time\" content=\"2026-05-14T19:44:19+00:00\" \/>\n<meta property=\"og:image\" content=\"https:\/\/magnetarmagnets.com\/wp-content\/uploads\/2023\/12\/The_Hardcore_fishing_magnet_Triangle.jpeg.jpg\" \/>\n\t<meta property=\"og:image:width\" content=\"1000\" \/>\n\t<meta property=\"og:image:height\" content=\"1000\" \/>\n\t<meta property=\"og:image:type\" content=\"image\/jpeg\" \/>\n<meta name=\"twitter:card\" content=\"summary_large_image\" \/>\n<meta name=\"twitter:label1\" content=\"Ber\u00e4knad l\u00e4stid\" \/>\n\t<meta name=\"twitter:data1\" content=\"2 minuter\" \/>\n<script type=\"application\/ld+json\" class=\"yoast-schema-graph\">{\"@context\":\"https:\\\/\\\/schema.org\",\"@graph\":[{\"@type\":[\"WebPage\",\"ItemPage\"],\"@id\":\"https:\\\/\\\/magnetarmagnets.com\\\/sv\\\/shop\\\/hardcore-fiskemagnet-1300-lb-600-kg-allround-360-neodymmagnet\\\/\",\"url\":\"https:\\\/\\\/magnetarmagnets.com\\\/sv\\\/shop\\\/hardcore-fiskemagnet-1300-lb-600-kg-allround-360-neodymmagnet\\\/\",\"name\":\"%.\",\"isPartOf\":{\"@id\":\"https:\\\/\\\/magnetarmagnets.com\\\/sv\\\/#website\"},\"primaryImageOfPage\":{\"@id\":\"https:\\\/\\\/magnetarmagnets.com\\\/sv\\\/shop\\\/hardcore-fiskemagnet-1300-lb-600-kg-allround-360-neodymmagnet\\\/#primaryimage\"},\"image\":{\"@id\":\"https:\\\/\\\/magnetarmagnets.com\\\/sv\\\/shop\\\/hardcore-fiskemagnet-1300-lb-600-kg-allround-360-neodymmagnet\\\/#primaryimage\"},\"thumbnailUrl\":\"https:\\\/\\\/magnetarmagnets.com\\\/wp-content\\\/uploads\\\/2023\\\/12\\\/The_Hardcore_fishing_magnet_Triangle.jpeg.jpg\",\"datePublished\":\"2025-06-05T07:54:40+00:00\",\"dateModified\":\"2026-05-14T19:44:19+00:00\",\"description\":\"Fiskemagneten Hardcore \u00e4r den mest k\u00e4nda Allroundmagneten. Mycket stark, bra kvalitet, perfekt vikt f\u00f6r att kasta och \u00e4r 360-magnetisk.\",\"breadcrumb\":{\"@id\":\"https:\\\/\\\/magnetarmagnets.com\\\/sv\\\/shop\\\/hardcore-fiskemagnet-1300-lb-600-kg-allround-360-neodymmagnet\\\/#breadcrumb\"},\"inLanguage\":\"sv-SE\",\"potentialAction\":[{\"@type\":\"ReadAction\",\"target\":[\"https:\\\/\\\/magnetarmagnets.com\\\/sv\\\/shop\\\/hardcore-fiskemagnet-1300-lb-600-kg-allround-360-neodymmagnet\\\/\"]}]},{\"@type\":\"ImageObject\",\"inLanguage\":\"sv-SE\",\"@id\":\"https:\\\/\\\/magnetarmagnets.com\\\/sv\\\/shop\\\/hardcore-fiskemagnet-1300-lb-600-kg-allround-360-neodymmagnet\\\/#primaryimage\",\"url\":\"https:\\\/\\\/magnetarmagnets.com\\\/wp-content\\\/uploads\\\/2023\\\/12\\\/The_Hardcore_fishing_magnet_Triangle.jpeg.jpg\",\"contentUrl\":\"https:\\\/\\\/magnetarmagnets.com\\\/wp-content\\\/uploads\\\/2023\\\/12\\\/The_Hardcore_fishing_magnet_Triangle.jpeg.jpg\",\"width\":1000,\"height\":1000,\"caption\":\"Hardcore fiskemagnet f\u00f6r magnetfiske\"},{\"@type\":\"BreadcrumbList\",\"@id\":\"https:\\\/\\\/magnetarmagnets.com\\\/sv\\\/shop\\\/hardcore-fiskemagnet-1300-lb-600-kg-allround-360-neodymmagnet\\\/#breadcrumb\",\"itemListElement\":[{\"@type\":\"ListItem\",\"position\":1,\"name\":\"Home\",\"item\":\"https:\\\/\\\/magnetarmagnets.com\\\/sv\\\/\"},{\"@type\":\"ListItem\",\"position\":2,\"name\":\"Butik\",\"item\":\"https:\\\/\\\/magnetarmagnets.com\\\/sv\\\/butik\\\/\"},{\"@type\":\"ListItem\",\"position\":3,\"name\":\"Fiske magneter\",\"item\":\"https:\\\/\\\/magnetarmagnets.com\\\/sv\\\/collections\\\/fiske-magneter\\\/\"},{\"@type\":\"ListItem\",\"position\":4,\"name\":\"Allround 360 fiske magneter\",\"item\":\"https:\\\/\\\/magnetarmagnets.com\\\/sv\\\/collections\\\/fiske-magneter\\\/allround-360-fiske-magneter\\\/\"},{\"@type\":\"ListItem\",\"position\":5,\"name\":\"Hardcore Magnet\u00ae &#8211; 1300 lb\\\/600 kg &#8211; Allround 360\u00b0\"}]},{\"@type\":\"WebSite\",\"@id\":\"https:\\\/\\\/magnetarmagnets.com\\\/sv\\\/#website\",\"url\":\"https:\\\/\\\/magnetarmagnets.com\\\/sv\\\/\",\"name\":\"Magnet fishing with a Magnetar fishing magnet\",\"description\":\"Kraftfulla magneter f\u00f6r magnetfiske\",\"publisher\":{\"@id\":\"https:\\\/\\\/magnetarmagnets.com\\\/sv\\\/#organization\"},\"potentialAction\":[{\"@type\":\"SearchAction\",\"target\":{\"@type\":\"EntryPoint\",\"urlTemplate\":\"https:\\\/\\\/magnetarmagnets.com\\\/sv\\\/?s={search_term_string}\"},\"query-input\":{\"@type\":\"PropertyValueSpecification\",\"valueRequired\":true,\"valueName\":\"search_term_string\"}}],\"inLanguage\":\"sv-SE\"},{\"@type\":\"Organization\",\"@id\":\"https:\\\/\\\/magnetarmagnets.com\\\/sv\\\/#organization\",\"name\":\"Magnetar\",\"url\":\"https:\\\/\\\/magnetarmagnets.com\\\/sv\\\/\",\"logo\":{\"@type\":\"ImageObject\",\"inLanguage\":\"sv-SE\",\"@id\":\"https:\\\/\\\/magnetarmagnets.com\\\/sv\\\/#\\\/schema\\\/logo\\\/image\\\/\",\"url\":\"https:\\\/\\\/magnetarmagnets.com\\\/wp-content\\\/uploads\\\/2025\\\/05\\\/Logo-03_PNG-Black-scaled.png\",\"contentUrl\":\"https:\\\/\\\/magnetarmagnets.com\\\/wp-content\\\/uploads\\\/2025\\\/05\\\/Logo-03_PNG-Black-scaled.png\",\"width\":2560,\"height\":1658,\"caption\":\"Magnetar\"},\"image\":{\"@id\":\"https:\\\/\\\/magnetarmagnets.com\\\/sv\\\/#\\\/schema\\\/logo\\\/image\\\/\"},\"sameAs\":[\"https:\\\/\\\/www.facebook.com\\\/fishingmagnets\\\/\",\"https:\\\/\\\/www.instagram.com\\\/magnetar_magnets\\\/\",\"https:\\\/\\\/www.linkedin.com\\\/company\\\/magnetarbv\\\/?originalSubdomain=nl\",\"https:\\\/\\\/www.youtube.com\\\/c\\\/MagnetarVismagneet\"]}]}<\/script>\n<!-- \/ Yoast SEO plugin. -->","yoast_head_json":{"title":"%.","description":"Fiskemagneten Hardcore \u00e4r den mest k\u00e4nda Allroundmagneten. Mycket stark, bra kvalitet, perfekt vikt f\u00f6r att kasta och \u00e4r 360-magnetisk.","robots":{"index":"index","follow":"follow","max-snippet":"max-snippet:-1","max-image-preview":"max-image-preview:large","max-video-preview":"max-video-preview:-1"},"canonical":"https:\/\/magnetarmagnets.com\/sv\/shop\/hardcore-fiskemagnet-1300-lb-600-kg-allround-360-neodymmagnet\/","og_locale":"sv_SE","og_type":"article","og_title":"%.","og_description":"Fiskemagneten Hardcore \u00e4r den mest k\u00e4nda Allroundmagneten. Mycket stark, bra kvalitet, perfekt vikt f\u00f6r att kasta och \u00e4r 360-magnetisk.","og_url":"https:\/\/magnetarmagnets.com\/sv\/shop\/hardcore-fiskemagnet-1300-lb-600-kg-allround-360-neodymmagnet\/","og_site_name":"Magnet fishing with a Magnetar fishing magnet","article_publisher":"https:\/\/www.facebook.com\/fishingmagnets\/","article_modified_time":"2026-05-14T19:44:19+00:00","og_image":[{"width":1000,"height":1000,"url":"https:\/\/magnetarmagnets.com\/wp-content\/uploads\/2023\/12\/The_Hardcore_fishing_magnet_Triangle.jpeg.jpg","type":"image\/jpeg"}],"twitter_card":"summary_large_image","twitter_misc":{"Ber\u00e4knad l\u00e4stid":"2 minuter"},"schema":{"@context":"https:\/\/schema.org","@graph":[{"@type":["WebPage","ItemPage"],"@id":"https:\/\/magnetarmagnets.com\/sv\/shop\/hardcore-fiskemagnet-1300-lb-600-kg-allround-360-neodymmagnet\/","url":"https:\/\/magnetarmagnets.com\/sv\/shop\/hardcore-fiskemagnet-1300-lb-600-kg-allround-360-neodymmagnet\/","name":"%.","isPartOf":{"@id":"https:\/\/magnetarmagnets.com\/sv\/#website"},"primaryImageOfPage":{"@id":"https:\/\/magnetarmagnets.com\/sv\/shop\/hardcore-fiskemagnet-1300-lb-600-kg-allround-360-neodymmagnet\/#primaryimage"},"image":{"@id":"https:\/\/magnetarmagnets.com\/sv\/shop\/hardcore-fiskemagnet-1300-lb-600-kg-allround-360-neodymmagnet\/#primaryimage"},"thumbnailUrl":"https:\/\/magnetarmagnets.com\/wp-content\/uploads\/2023\/12\/The_Hardcore_fishing_magnet_Triangle.jpeg.jpg","datePublished":"2025-06-05T07:54:40+00:00","dateModified":"2026-05-14T19:44:19+00:00","description":"Fiskemagneten Hardcore \u00e4r den mest k\u00e4nda Allroundmagneten. Mycket stark, bra kvalitet, perfekt vikt f\u00f6r att kasta och \u00e4r 360-magnetisk.","breadcrumb":{"@id":"https:\/\/magnetarmagnets.com\/sv\/shop\/hardcore-fiskemagnet-1300-lb-600-kg-allround-360-neodymmagnet\/#breadcrumb"},"inLanguage":"sv-SE","potentialAction":[{"@type":"ReadAction","target":["https:\/\/magnetarmagnets.com\/sv\/shop\/hardcore-fiskemagnet-1300-lb-600-kg-allround-360-neodymmagnet\/"]}]},{"@type":"ImageObject","inLanguage":"sv-SE","@id":"https:\/\/magnetarmagnets.com\/sv\/shop\/hardcore-fiskemagnet-1300-lb-600-kg-allround-360-neodymmagnet\/#primaryimage","url":"https:\/\/magnetarmagnets.com\/wp-content\/uploads\/2023\/12\/The_Hardcore_fishing_magnet_Triangle.jpeg.jpg","contentUrl":"https:\/\/magnetarmagnets.com\/wp-content\/uploads\/2023\/12\/The_Hardcore_fishing_magnet_Triangle.jpeg.jpg","width":1000,"height":1000,"caption":"Hardcore fiskemagnet f\u00f6r magnetfiske"},{"@type":"BreadcrumbList","@id":"https:\/\/magnetarmagnets.com\/sv\/shop\/hardcore-fiskemagnet-1300-lb-600-kg-allround-360-neodymmagnet\/#breadcrumb","itemListElement":[{"@type":"ListItem","position":1,"name":"Home","item":"https:\/\/magnetarmagnets.com\/sv\/"},{"@type":"ListItem","position":2,"name":"Butik","item":"https:\/\/magnetarmagnets.com\/sv\/butik\/"},{"@type":"ListItem","position":3,"name":"Fiske magneter","item":"https:\/\/magnetarmagnets.com\/sv\/collections\/fiske-magneter\/"},{"@type":"ListItem","position":4,"name":"Allround 360 fiske magneter","item":"https:\/\/magnetarmagnets.com\/sv\/collections\/fiske-magneter\/allround-360-fiske-magneter\/"},{"@type":"ListItem","position":5,"name":"Hardcore Magnet\u00ae &#8211; 1300 lb\/600 kg &#8211; Allround 360\u00b0"}]},{"@type":"WebSite","@id":"https:\/\/magnetarmagnets.com\/sv\/#website","url":"https:\/\/magnetarmagnets.com\/sv\/","name":"Magnet fishing with a Magnetar fishing magnet","description":"Kraftfulla magneter f\u00f6r magnetfiske","publisher":{"@id":"https:\/\/magnetarmagnets.com\/sv\/#organization"},"potentialAction":[{"@type":"SearchAction","target":{"@type":"EntryPoint","urlTemplate":"https:\/\/magnetarmagnets.com\/sv\/?s={search_term_string}"},"query-input":{"@type":"PropertyValueSpecification","valueRequired":true,"valueName":"search_term_string"}}],"inLanguage":"sv-SE"},{"@type":"Organization","@id":"https:\/\/magnetarmagnets.com\/sv\/#organization","name":"Magnetar","url":"https:\/\/magnetarmagnets.com\/sv\/","logo":{"@type":"ImageObject","inLanguage":"sv-SE","@id":"https:\/\/magnetarmagnets.com\/sv\/#\/schema\/logo\/image\/","url":"https:\/\/magnetarmagnets.com\/wp-content\/uploads\/2025\/05\/Logo-03_PNG-Black-scaled.png","contentUrl":"https:\/\/magnetarmagnets.com\/wp-content\/uploads\/2025\/05\/Logo-03_PNG-Black-scaled.png","width":2560,"height":1658,"caption":"Magnetar"},"image":{"@id":"https:\/\/magnetarmagnets.com\/sv\/#\/schema\/logo\/image\/"},"sameAs":["https:\/\/www.facebook.com\/fishingmagnets\/","https:\/\/www.instagram.com\/magnetar_magnets\/","https:\/\/www.linkedin.com\/company\/magnetarbv\/?originalSubdomain=nl","https:\/\/www.youtube.com\/c\/MagnetarVismagneet"]}]}},"_links":{"self":[{"href":"https:\/\/magnetarmagnets.com\/sv\/wp-json\/wp\/v2\/product\/67432","targetHints":{"allow":["GET"]}}],"collection":[{"href":"https:\/\/magnetarmagnets.com\/sv\/wp-json\/wp\/v2\/product"}],"about":[{"href":"https:\/\/magnetarmagnets.com\/sv\/wp-json\/wp\/v2\/types\/product"}],"replies":[{"embeddable":true,"href":"https:\/\/magnetarmagnets.com\/sv\/wp-json\/wp\/v2\/comments?post=67432"}],"version-history":[{"count":2,"href":"https:\/\/magnetarmagnets.com\/sv\/wp-json\/wp\/v2\/product\/67432\/revisions"}],"predecessor-version":[{"id":99055,"href":"https:\/\/magnetarmagnets.com\/sv\/wp-json\/wp\/v2\/product\/67432\/revisions\/99055"}],"wp:featuredmedia":[{"embeddable":true,"href":"https:\/\/magnetarmagnets.com\/sv\/wp-json\/wp\/v2\/media\/65398"}],"wp:attachment":[{"href":"https:\/\/magnetarmagnets.com\/sv\/wp-json\/wp\/v2\/media?parent=67432"}],"wp:term":[{"taxonomy":"product_brand","embeddable":true,"href":"https:\/\/magnetarmagnets.com\/sv\/wp-json\/wp\/v2\/product_brand?post=67432"},{"taxonomy":"product_cat","embeddable":true,"href":"https:\/\/magnetarmagnets.com\/sv\/wp-json\/wp\/v2\/product_cat?post=67432"},{"taxonomy":"product_tag","embeddable":true,"href":"https:\/\/magnetarmagnets.com\/sv\/wp-json\/wp\/v2\/product_tag?post=67432"}],"curies":[{"name":"wp","href":"https:\/\/api.w.org\/{rel}","templated":true}]}}