{"id":67430,"date":"2025-06-06T15:22:50","date_gmt":"2025-06-06T13:22:50","guid":{"rendered":"https:\/\/magnetarmagnets.com\/?post_type=product&#038;p=67430"},"modified":"2026-03-04T17:23:49","modified_gmt":"2026-03-04T16:23:49","slug":"klassisk-fiskemagnet-enkelsidig-neodymmagnet-for-magnetfiske-500-kg-1100-lb-dragkraft","status":"publish","type":"product","link":"https:\/\/magnetarmagnets.com\/sv\/shop\/klassisk-fiskemagnet-enkelsidig-neodymmagnet-for-magnetfiske-500-kg-1100-lb-dragkraft\/","title":{"rendered":"Klassisk fiskemagnet \u2013 enkelsidig neodymmagnet f\u00f6r magnetfiske, 500 kg dragkraft"},"content":{"rendered":"Den klassiska 500 fiskemagneten <span style=\"font-weight: 400;\">\u00e4r en enkelsidig neodymmagnet f\u00f6r magnetfiske med en maximal dragkraft p\u00e5 500 kg (1100 lb). Den klassiska 500 fiskemagneten \u00e4r en kraftkarl i Classic-serien och den n\u00e4st starkaste magneten i denna produktserie.<\/span><span style=\"font-weight: 400;\"> Vi rekommenderar Classic 500 till magnetfiskare som vill lyfta kassask\u00e5p och andra tunga f\u00f6rem\u00e5l utan problem. Letar du fortfarande efter en mindre eller st\u00f6rre magnet? Kolla in <a href=\"https:\/\/magnetarmagnets.com\/shop\/classic-fishing-magnet-660lb-300kg\">Classic 300<\/a><\/span><span style=\"font-weight: 400;\"> eller <a href=\"https:\/\/magnetarmagnets.com\/shop\/exclusive-terror-magnet\">Terror<\/a>, en allsidig fiskemagnet.<\/span>\r\n<h2><strong>Classic 500 enkelh\u00e4ftande neodymmagnet 500 kg\/1100 lb<\/strong><\/h2>\r\n<span style=\"font-weight: 400;\">Letar du efter en riktig kraftkarl? Vill du fiska upp st\u00f6rre och tyngre f\u00f6rem\u00e5l ur vattnet? D\u00e5 kan Classic 500 vara r\u00e4tt magnet f\u00f6r dig! Magnetar Classic 500 \u00e4r en neodymmagnet med en maximal dragkraft p\u00e5 500 kg (1100 lb). Den h\u00f6ga magnetiska dragkraften g\u00f6r denna magnet till en riktig kraftmaskin.<\/span>\r\n\r\n<span style=\"font-weight: 400;\">Denna magnet \u00e4r speciellt utformad f\u00f6r att \u00f6ka chansen att fiska upp f\u00f6rem\u00e5l ur vattnet. Genom att h\u00e5lla magnetens diameter s\u00e5 liten som m\u00f6jligt glider den smidigt \u00f6ver f\u00f6rem\u00e5len, vilket hj\u00e4lper dig att samla in dem snabbare. Denna magnet rekommenderas f\u00f6r erfarna magnetfiskare eller modiga nyb\u00f6rjare som vill b\u00f6rja med en mycket kraftfull magnet.<\/span>\r\n\r\n<span style=\"font-weight: 400;\">Magneten har ett stadigt metallh\u00f6lje som skyddar den mot st\u00f6tar och fallskador. Den utlovade dragkraften p\u00e5 500 kg uppn\u00e5s endast under perfekta f\u00f6rh\u00e5llanden: plant metall, 2 cm tjockt, utan rost och utan skr\u00e4p mellan magneten och metallen. D\u00e5 kan du dra rakt upp 500 kg. Letar du efter en m\u00e5ngsidig kraftfull magnet som enkelt f\u00e4ster p\u00e5 runda och till och med rostiga f\u00f6rem\u00e5l? Kolla in v\u00e5r exklusiva <\/span><span style=\"font-weight: 400;\"><a href=\"https:\/\/magnetarmagnets.com\/shop\/beast-magnet\">Beast<\/a> fiskemagnet och v\u00e5ra <a href=\"https:\/\/magnetarmagnets.com\/shop\/protection-covers-all-round-magnets\/\">skydds\u00f6verdrag<\/a>.<\/span>","protected":false},"excerpt":{"rendered":"<p><span style=\"font-weight: 400;\">En <strong>verklig kraftkarl<\/strong>, denna <strong>st\u00f6t- och slagt\u00e5liga<\/strong> fiskemagnet f\u00f6r tunga f\u00f6rem\u00e5l.<\/span><\/p>\n","protected":false},"featured_media":46269,"comment_status":"open","ping_status":"closed","template":"","meta":{"_acf_changed":false,"inline_featured_image":false},"product_brand":[],"product_cat":[264,261,280],"product_tag":[],"class_list":{"0":"post-67430","1":"product","2":"type-product","3":"status-publish","4":"has-post-thumbnail","6":"product_cat-enkelsidiga-fiske-magneter","7":"product_cat-fiske-magneter","8":"product_cat-for-proffs","10":"first","11":"instock","12":"taxable","13":"shipping-taxable","14":"purchasable","15":"product-type-simple"},"acf":[],"yoast_head":"<!-- This site is optimized with the Yoast SEO plugin v27.3 - https:\/\/yoast.com\/product\/yoast-seo-wordpress\/ -->\n<title>Klassisk fiskemagnet \u2013 enkelsidig neodymmagnet f\u00f6r magnetfiske, 500 kg dragkraft - Magnet fishing with a Magnetar fishing magnet<\/title>\n<meta name=\"description\" content=\"Klassisk fiskemagnet 500 kg\/1100 lb \u2013 Magnetar\" \/>\n<meta name=\"robots\" content=\"index, follow, max-snippet:-1, max-image-preview:large, max-video-preview:-1\" \/>\n<link rel=\"canonical\" href=\"https:\/\/magnetarmagnets.com\/sv\/shop\/klassisk-fiskemagnet-enkelsidig-neodymmagnet-for-magnetfiske-500-kg-1100-lb-dragkraft\/\" \/>\n<meta property=\"og:locale\" content=\"sv_SE\" \/>\n<meta property=\"og:type\" content=\"article\" \/>\n<meta property=\"og:title\" content=\"Klassisk fiskemagnet \u2013 enkelsidig neodymmagnet f\u00f6r magnetfiske, 500 kg dragkraft - Magnet fishing with a Magnetar fishing magnet\" \/>\n<meta property=\"og:description\" content=\"Klassisk fiskemagnet 500 kg\/1100 lb \u2013 Magnetar\" \/>\n<meta property=\"og:url\" content=\"https:\/\/magnetarmagnets.com\/sv\/shop\/klassisk-fiskemagnet-enkelsidig-neodymmagnet-for-magnetfiske-500-kg-1100-lb-dragkraft\/\" \/>\n<meta property=\"og:site_name\" content=\"Magnet fishing with a Magnetar fishing magnet\" \/>\n<meta property=\"article:publisher\" content=\"https:\/\/www.facebook.com\/fishingmagnets\/\" \/>\n<meta property=\"article:modified_time\" content=\"2026-03-04T16:23:49+00:00\" \/>\n<meta property=\"og:image\" content=\"https:\/\/magnetarmagnets.com\/wp-content\/uploads\/2016\/12\/FOTO1483.jpg\" \/>\n\t<meta property=\"og:image:width\" content=\"1000\" \/>\n\t<meta property=\"og:image:height\" content=\"1000\" \/>\n\t<meta property=\"og:image:type\" content=\"image\/jpeg\" \/>\n<meta name=\"twitter:card\" content=\"summary_large_image\" \/>\n<meta name=\"twitter:label1\" content=\"Ber\u00e4knad l\u00e4stid\" \/>\n\t<meta name=\"twitter:data1\" content=\"2 minuter\" \/>\n<script type=\"application\/ld+json\" class=\"yoast-schema-graph\">{\"@context\":\"https:\\\/\\\/schema.org\",\"@graph\":[{\"@type\":[\"WebPage\",\"ItemPage\"],\"@id\":\"https:\\\/\\\/magnetarmagnets.com\\\/sv\\\/shop\\\/klassisk-fiskemagnet-enkelsidig-neodymmagnet-for-magnetfiske-500-kg-1100-lb-dragkraft\\\/\",\"url\":\"https:\\\/\\\/magnetarmagnets.com\\\/sv\\\/shop\\\/klassisk-fiskemagnet-enkelsidig-neodymmagnet-for-magnetfiske-500-kg-1100-lb-dragkraft\\\/\",\"name\":\"Klassisk fiskemagnet \u2013 enkelsidig neodymmagnet f\u00f6r magnetfiske, 500 kg dragkraft - Magnet fishing with a Magnetar fishing magnet\",\"isPartOf\":{\"@id\":\"https:\\\/\\\/magnetarmagnets.com\\\/sv\\\/#website\"},\"primaryImageOfPage\":{\"@id\":\"https:\\\/\\\/magnetarmagnets.com\\\/sv\\\/shop\\\/klassisk-fiskemagnet-enkelsidig-neodymmagnet-for-magnetfiske-500-kg-1100-lb-dragkraft\\\/#primaryimage\"},\"image\":{\"@id\":\"https:\\\/\\\/magnetarmagnets.com\\\/sv\\\/shop\\\/klassisk-fiskemagnet-enkelsidig-neodymmagnet-for-magnetfiske-500-kg-1100-lb-dragkraft\\\/#primaryimage\"},\"thumbnailUrl\":\"https:\\\/\\\/magnetarmagnets.com\\\/wp-content\\\/uploads\\\/2016\\\/12\\\/FOTO1483.jpg\",\"datePublished\":\"2025-06-06T13:22:50+00:00\",\"dateModified\":\"2026-03-04T16:23:49+00:00\",\"description\":\"Klassisk fiskemagnet 500 kg\\\/1100 lb \u2013 Magnetar\",\"breadcrumb\":{\"@id\":\"https:\\\/\\\/magnetarmagnets.com\\\/sv\\\/shop\\\/klassisk-fiskemagnet-enkelsidig-neodymmagnet-for-magnetfiske-500-kg-1100-lb-dragkraft\\\/#breadcrumb\"},\"inLanguage\":\"sv-SE\",\"potentialAction\":[{\"@type\":\"ReadAction\",\"target\":[\"https:\\\/\\\/magnetarmagnets.com\\\/sv\\\/shop\\\/klassisk-fiskemagnet-enkelsidig-neodymmagnet-for-magnetfiske-500-kg-1100-lb-dragkraft\\\/\"]}]},{\"@type\":\"ImageObject\",\"inLanguage\":\"sv-SE\",\"@id\":\"https:\\\/\\\/magnetarmagnets.com\\\/sv\\\/shop\\\/klassisk-fiskemagnet-enkelsidig-neodymmagnet-for-magnetfiske-500-kg-1100-lb-dragkraft\\\/#primaryimage\",\"url\":\"https:\\\/\\\/magnetarmagnets.com\\\/wp-content\\\/uploads\\\/2016\\\/12\\\/FOTO1483.jpg\",\"contentUrl\":\"https:\\\/\\\/magnetarmagnets.com\\\/wp-content\\\/uploads\\\/2016\\\/12\\\/FOTO1483.jpg\",\"width\":1000,\"height\":1000,\"caption\":\"Classic 550\"},{\"@type\":\"BreadcrumbList\",\"@id\":\"https:\\\/\\\/magnetarmagnets.com\\\/sv\\\/shop\\\/klassisk-fiskemagnet-enkelsidig-neodymmagnet-for-magnetfiske-500-kg-1100-lb-dragkraft\\\/#breadcrumb\",\"itemListElement\":[{\"@type\":\"ListItem\",\"position\":1,\"name\":\"Home\",\"item\":\"https:\\\/\\\/magnetarmagnets.com\\\/sv\\\/\"},{\"@type\":\"ListItem\",\"position\":2,\"name\":\"Butik\",\"item\":\"https:\\\/\\\/magnetarmagnets.com\\\/sv\\\/butik\\\/\"},{\"@type\":\"ListItem\",\"position\":3,\"name\":\"Fiske magneter\",\"item\":\"https:\\\/\\\/magnetarmagnets.com\\\/sv\\\/collections\\\/fiske-magneter\\\/\"},{\"@type\":\"ListItem\",\"position\":4,\"name\":\"Enkelsidiga fiske magneter\",\"item\":\"https:\\\/\\\/magnetarmagnets.com\\\/sv\\\/collections\\\/fiske-magneter\\\/enkelsidiga-fiske-magneter\\\/\"},{\"@type\":\"ListItem\",\"position\":5,\"name\":\"Klassisk fiskemagnet \u2013 enkelsidig neodymmagnet f\u00f6r magnetfiske, 500 kg dragkraft\"}]},{\"@type\":\"WebSite\",\"@id\":\"https:\\\/\\\/magnetarmagnets.com\\\/sv\\\/#website\",\"url\":\"https:\\\/\\\/magnetarmagnets.com\\\/sv\\\/\",\"name\":\"Magnet fishing with a Magnetar fishing magnet\",\"description\":\"Kraftfulla magneter f\u00f6r magnetfiske\",\"publisher\":{\"@id\":\"https:\\\/\\\/magnetarmagnets.com\\\/sv\\\/#organization\"},\"potentialAction\":[{\"@type\":\"SearchAction\",\"target\":{\"@type\":\"EntryPoint\",\"urlTemplate\":\"https:\\\/\\\/magnetarmagnets.com\\\/sv\\\/?s={search_term_string}\"},\"query-input\":{\"@type\":\"PropertyValueSpecification\",\"valueRequired\":true,\"valueName\":\"search_term_string\"}}],\"inLanguage\":\"sv-SE\"},{\"@type\":\"Organization\",\"@id\":\"https:\\\/\\\/magnetarmagnets.com\\\/sv\\\/#organization\",\"name\":\"Magnetar\",\"url\":\"https:\\\/\\\/magnetarmagnets.com\\\/sv\\\/\",\"logo\":{\"@type\":\"ImageObject\",\"inLanguage\":\"sv-SE\",\"@id\":\"https:\\\/\\\/magnetarmagnets.com\\\/sv\\\/#\\\/schema\\\/logo\\\/image\\\/\",\"url\":\"https:\\\/\\\/magnetarmagnets.com\\\/wp-content\\\/uploads\\\/2025\\\/05\\\/Logo-03_PNG-Black-scaled.png\",\"contentUrl\":\"https:\\\/\\\/magnetarmagnets.com\\\/wp-content\\\/uploads\\\/2025\\\/05\\\/Logo-03_PNG-Black-scaled.png\",\"width\":2560,\"height\":1658,\"caption\":\"Magnetar\"},\"image\":{\"@id\":\"https:\\\/\\\/magnetarmagnets.com\\\/sv\\\/#\\\/schema\\\/logo\\\/image\\\/\"},\"sameAs\":[\"https:\\\/\\\/www.facebook.com\\\/fishingmagnets\\\/\",\"https:\\\/\\\/www.instagram.com\\\/magnetar_magnets\\\/\",\"https:\\\/\\\/www.linkedin.com\\\/company\\\/magnetarbv\\\/?originalSubdomain=nl\",\"https:\\\/\\\/www.youtube.com\\\/c\\\/MagnetarVismagneet\"]}]}<\/script>\n<!-- \/ Yoast SEO plugin. -->","yoast_head_json":{"title":"Klassisk fiskemagnet \u2013 enkelsidig neodymmagnet f\u00f6r magnetfiske, 500 kg dragkraft - Magnet fishing with a Magnetar fishing magnet","description":"Klassisk fiskemagnet 500 kg\/1100 lb \u2013 Magnetar","robots":{"index":"index","follow":"follow","max-snippet":"max-snippet:-1","max-image-preview":"max-image-preview:large","max-video-preview":"max-video-preview:-1"},"canonical":"https:\/\/magnetarmagnets.com\/sv\/shop\/klassisk-fiskemagnet-enkelsidig-neodymmagnet-for-magnetfiske-500-kg-1100-lb-dragkraft\/","og_locale":"sv_SE","og_type":"article","og_title":"Klassisk fiskemagnet \u2013 enkelsidig neodymmagnet f\u00f6r magnetfiske, 500 kg dragkraft - Magnet fishing with a Magnetar fishing magnet","og_description":"Klassisk fiskemagnet 500 kg\/1100 lb \u2013 Magnetar","og_url":"https:\/\/magnetarmagnets.com\/sv\/shop\/klassisk-fiskemagnet-enkelsidig-neodymmagnet-for-magnetfiske-500-kg-1100-lb-dragkraft\/","og_site_name":"Magnet fishing with a Magnetar fishing magnet","article_publisher":"https:\/\/www.facebook.com\/fishingmagnets\/","article_modified_time":"2026-03-04T16:23:49+00:00","og_image":[{"width":1000,"height":1000,"url":"https:\/\/magnetarmagnets.com\/wp-content\/uploads\/2016\/12\/FOTO1483.jpg","type":"image\/jpeg"}],"twitter_card":"summary_large_image","twitter_misc":{"Ber\u00e4knad l\u00e4stid":"2 minuter"},"schema":{"@context":"https:\/\/schema.org","@graph":[{"@type":["WebPage","ItemPage"],"@id":"https:\/\/magnetarmagnets.com\/sv\/shop\/klassisk-fiskemagnet-enkelsidig-neodymmagnet-for-magnetfiske-500-kg-1100-lb-dragkraft\/","url":"https:\/\/magnetarmagnets.com\/sv\/shop\/klassisk-fiskemagnet-enkelsidig-neodymmagnet-for-magnetfiske-500-kg-1100-lb-dragkraft\/","name":"Klassisk fiskemagnet \u2013 enkelsidig neodymmagnet f\u00f6r magnetfiske, 500 kg dragkraft - Magnet fishing with a Magnetar fishing magnet","isPartOf":{"@id":"https:\/\/magnetarmagnets.com\/sv\/#website"},"primaryImageOfPage":{"@id":"https:\/\/magnetarmagnets.com\/sv\/shop\/klassisk-fiskemagnet-enkelsidig-neodymmagnet-for-magnetfiske-500-kg-1100-lb-dragkraft\/#primaryimage"},"image":{"@id":"https:\/\/magnetarmagnets.com\/sv\/shop\/klassisk-fiskemagnet-enkelsidig-neodymmagnet-for-magnetfiske-500-kg-1100-lb-dragkraft\/#primaryimage"},"thumbnailUrl":"https:\/\/magnetarmagnets.com\/wp-content\/uploads\/2016\/12\/FOTO1483.jpg","datePublished":"2025-06-06T13:22:50+00:00","dateModified":"2026-03-04T16:23:49+00:00","description":"Klassisk fiskemagnet 500 kg\/1100 lb \u2013 Magnetar","breadcrumb":{"@id":"https:\/\/magnetarmagnets.com\/sv\/shop\/klassisk-fiskemagnet-enkelsidig-neodymmagnet-for-magnetfiske-500-kg-1100-lb-dragkraft\/#breadcrumb"},"inLanguage":"sv-SE","potentialAction":[{"@type":"ReadAction","target":["https:\/\/magnetarmagnets.com\/sv\/shop\/klassisk-fiskemagnet-enkelsidig-neodymmagnet-for-magnetfiske-500-kg-1100-lb-dragkraft\/"]}]},{"@type":"ImageObject","inLanguage":"sv-SE","@id":"https:\/\/magnetarmagnets.com\/sv\/shop\/klassisk-fiskemagnet-enkelsidig-neodymmagnet-for-magnetfiske-500-kg-1100-lb-dragkraft\/#primaryimage","url":"https:\/\/magnetarmagnets.com\/wp-content\/uploads\/2016\/12\/FOTO1483.jpg","contentUrl":"https:\/\/magnetarmagnets.com\/wp-content\/uploads\/2016\/12\/FOTO1483.jpg","width":1000,"height":1000,"caption":"Classic 550"},{"@type":"BreadcrumbList","@id":"https:\/\/magnetarmagnets.com\/sv\/shop\/klassisk-fiskemagnet-enkelsidig-neodymmagnet-for-magnetfiske-500-kg-1100-lb-dragkraft\/#breadcrumb","itemListElement":[{"@type":"ListItem","position":1,"name":"Home","item":"https:\/\/magnetarmagnets.com\/sv\/"},{"@type":"ListItem","position":2,"name":"Butik","item":"https:\/\/magnetarmagnets.com\/sv\/butik\/"},{"@type":"ListItem","position":3,"name":"Fiske magneter","item":"https:\/\/magnetarmagnets.com\/sv\/collections\/fiske-magneter\/"},{"@type":"ListItem","position":4,"name":"Enkelsidiga fiske magneter","item":"https:\/\/magnetarmagnets.com\/sv\/collections\/fiske-magneter\/enkelsidiga-fiske-magneter\/"},{"@type":"ListItem","position":5,"name":"Klassisk fiskemagnet \u2013 enkelsidig neodymmagnet f\u00f6r magnetfiske, 500 kg dragkraft"}]},{"@type":"WebSite","@id":"https:\/\/magnetarmagnets.com\/sv\/#website","url":"https:\/\/magnetarmagnets.com\/sv\/","name":"Magnet fishing with a Magnetar fishing magnet","description":"Kraftfulla magneter f\u00f6r magnetfiske","publisher":{"@id":"https:\/\/magnetarmagnets.com\/sv\/#organization"},"potentialAction":[{"@type":"SearchAction","target":{"@type":"EntryPoint","urlTemplate":"https:\/\/magnetarmagnets.com\/sv\/?s={search_term_string}"},"query-input":{"@type":"PropertyValueSpecification","valueRequired":true,"valueName":"search_term_string"}}],"inLanguage":"sv-SE"},{"@type":"Organization","@id":"https:\/\/magnetarmagnets.com\/sv\/#organization","name":"Magnetar","url":"https:\/\/magnetarmagnets.com\/sv\/","logo":{"@type":"ImageObject","inLanguage":"sv-SE","@id":"https:\/\/magnetarmagnets.com\/sv\/#\/schema\/logo\/image\/","url":"https:\/\/magnetarmagnets.com\/wp-content\/uploads\/2025\/05\/Logo-03_PNG-Black-scaled.png","contentUrl":"https:\/\/magnetarmagnets.com\/wp-content\/uploads\/2025\/05\/Logo-03_PNG-Black-scaled.png","width":2560,"height":1658,"caption":"Magnetar"},"image":{"@id":"https:\/\/magnetarmagnets.com\/sv\/#\/schema\/logo\/image\/"},"sameAs":["https:\/\/www.facebook.com\/fishingmagnets\/","https:\/\/www.instagram.com\/magnetar_magnets\/","https:\/\/www.linkedin.com\/company\/magnetarbv\/?originalSubdomain=nl","https:\/\/www.youtube.com\/c\/MagnetarVismagneet"]}]}},"_links":{"self":[{"href":"https:\/\/magnetarmagnets.com\/sv\/wp-json\/wp\/v2\/product\/67430","targetHints":{"allow":["GET"]}}],"collection":[{"href":"https:\/\/magnetarmagnets.com\/sv\/wp-json\/wp\/v2\/product"}],"about":[{"href":"https:\/\/magnetarmagnets.com\/sv\/wp-json\/wp\/v2\/types\/product"}],"replies":[{"embeddable":true,"href":"https:\/\/magnetarmagnets.com\/sv\/wp-json\/wp\/v2\/comments?post=67430"}],"version-history":[{"count":0,"href":"https:\/\/magnetarmagnets.com\/sv\/wp-json\/wp\/v2\/product\/67430\/revisions"}],"wp:featuredmedia":[{"embeddable":true,"href":"https:\/\/magnetarmagnets.com\/sv\/wp-json\/wp\/v2\/media\/46269"}],"wp:attachment":[{"href":"https:\/\/magnetarmagnets.com\/sv\/wp-json\/wp\/v2\/media?parent=67430"}],"wp:term":[{"taxonomy":"product_brand","embeddable":true,"href":"https:\/\/magnetarmagnets.com\/sv\/wp-json\/wp\/v2\/product_brand?post=67430"},{"taxonomy":"product_cat","embeddable":true,"href":"https:\/\/magnetarmagnets.com\/sv\/wp-json\/wp\/v2\/product_cat?post=67430"},{"taxonomy":"product_tag","embeddable":true,"href":"https:\/\/magnetarmagnets.com\/sv\/wp-json\/wp\/v2\/product_tag?post=67430"}],"curies":[{"name":"wp","href":"https:\/\/api.w.org\/{rel}","templated":true}]}}