{"id":67429,"date":"2025-06-05T09:54:41","date_gmt":"2025-06-05T07:54:41","guid":{"rendered":"https:\/\/magnetarmagnets.com\/?post_type=product&#038;p=67429"},"modified":"2026-05-11T21:22:17","modified_gmt":"2026-05-11T19:22:17","slug":"avancerat-fiskemagnetset-400-kg-880-lb-ensidig","status":"publish","type":"product","link":"https:\/\/magnetarmagnets.com\/sv\/shop\/avancerat-fiskemagnetset-400-kg-880-lb-ensidig\/","title":{"rendered":"Avancerat fiskemagnetset \u2013 400 kg \u2013 ensidig"},"content":{"rendered":"Letar du efter ett allt-i-ett magnetfiskepaket? Det avancerade paketet 400 kg (880 lb) \u2013 ensidigt inneh\u00e5ller allt du beh\u00f6ver vid vattenbrynet. Detta fiskemagnetset best\u00e5r av en Classic fiskemagnet 400, ett par magnetfiskhandskar, ett unikt designat rep, en gripkrok och magnetlim f\u00f6r att f\u00f6rbereda dig p\u00e5 i princip vad som helst.\r\n<h2>Avancerat paket 400 kg \/ 880 lb \u2013 inneh\u00e5ll<\/h2>\r\nDen <a href=\"https:\/\/magnetarmagnets.com\/shop\/classic-fishing-magnet-880lb-400kg\/\"><strong>Classic <\/strong><\/a><a href=\"https:\/\/magnetarmagnets.com\/shop\/classic-fishing-magnet-880lb-400kg\/\"><strong>fiskemagneten <\/strong><\/a><a href=\"https:\/\/magnetarmagnets.com\/shop\/classic-fishing-magnet-880lb-400kg\/\"><strong>400 kg<\/strong><\/a> \u00e4r en av Magnetars starkaste ensidiga fiskemagneter. Produkten \u00e4r utrustad med ett skydd f\u00f6r att f\u00f6rhindra skador vid fall eller st\u00f6tar. Skyddet koncentrerar ocks\u00e5 all magnetisk kraft p\u00e5 undersidan av magneten. Att fokusera dragkraften p\u00e5 ena sidan g\u00f6r denna magnet extremt kraftfull. S\u00e5 kraftfull att det kan vara sv\u00e5rt att f\u00e5 f\u00f6rem\u00e5l att lossna fr\u00e5n magneten. Med denna magnet kan tunga f\u00f6rem\u00e5l med plana ytor, som kassask\u00e5p, bildelar och metallbalkar, enkelt dras upp till ytan. Mindre historiska f\u00f6rem\u00e5l har inte en chans mot denna fiskemagnet.\r\n\r\nDragkraften p\u00e5 400 kg (880 lb) uppn\u00e5s endast under perfekta f\u00f6rh\u00e5llanden. Det \u00e4r fallet n\u00e4r magneten ligger an mot en 2 cm tjock obruten metallpl\u00e5t. Chansen att detta sker vid magnetfiske \u00e4r vanligtvis inte s\u00e5 h\u00f6g. Vill du veta hur dragkraften hos en fiskemagnet best\u00e4ms? Titta p\u00e5 v\u00e5r video om det <a href=\"https:\/\/www.youtube.com\/watch?v=2McW3RURDxs&amp;t=14s\"><strong>magnetiska dragkraftstestet<\/strong><\/a> vi anv\u00e4nder.\r\n\r\nDet medf\u00f6ljande repet \u00e4r utformat f\u00f6r magnetfiske. Detta rep har b\u00e5de en f\u00f6rmonterad \u00f6gla och en karbinhake, vilket eliminerar behovet av knepiga knutar. Dessutom inneh\u00e5ller paketet en gripkrok f\u00f6r att dra upp icke-magnetiska och tunga f\u00f6rem\u00e5l ur vattnet. Det medf\u00f6ljer ocks\u00e5 en flaska magnetlim som anv\u00e4nds f\u00f6r att f\u00e4sta \u00f6gonbultar s\u00e4kert i magneten. Anv\u00e4nd alltid de medf\u00f6ljande handskarna f\u00f6r att skydda dina h\u00e4nder vid magnetfiske.\r\n\r\nLetar du efter ett mer barnv\u00e4nligt allt-i-ett magnetfiskepaket? Kolla v\u00e5rt <a href=\"https:\/\/magnetarmagnets.com\/shop\/starterpackage\/\"><strong>Starter-paket<\/strong><\/a>. \u00c4r du intresserad av en 360\u00b0 allround-magnet? V\u00e5rt <a href=\"https:\/\/magnetarmagnets.com\/shop\/fishmagnet-package-pro\/\"><strong>Pro-paket<\/strong><\/a> med <a href=\"https:\/\/magnetarmagnets.com\/shop\/hardcore-magnet-2\/\"><strong>Hardcore<\/strong><\/a>-magnet kan passa dig perfekt. Gl\u00f6m inte att kolla in de <a href=\"https:\/\/magnetarmagnets.com\/magnet-fishing-kit\/\" target=\"_blank\" rel=\"noopener\">b\u00e4sta magnetfiskekiten<\/a> och v\u00e5ra <a href=\"https:\/\/magnetarmagnets.com\/accessories\/\" target=\"_blank\" rel=\"noopener\">magnetfisketillbeh\u00f6r<\/a>.","protected":false},"excerpt":{"rendered":"<p>Kitet som passar <strong>varje magnetfiskare<\/strong>. B\u00f6rja ditt \u00e4ventyr med detta <strong>kompletta paket<\/strong> som <strong>inneh\u00e5ller allt du beh\u00f6ver<\/strong>.<\/p>\n","protected":false},"featured_media":65015,"comment_status":"open","ping_status":"closed","template":"","meta":{"_acf_changed":false,"inline_featured_image":false},"product_brand":[],"product_cat":[264,261,279,267],"product_tag":[238],"class_list":{"0":"post-67429","1":"product","2":"type-product","3":"status-publish","4":"has-post-thumbnail","6":"product_cat-enkelsidiga-fiske-magneter","7":"product_cat-fiske-magneter","8":"product_cat-for-avancerade-aventyrare-sv","9":"product_cat-magnetfiske-kit","10":"product_tag-free-shipping-2","12":"first","13":"instock","14":"sale","15":"taxable","16":"shipping-taxable","17":"purchasable","18":"product-type-simple"},"acf":[],"yoast_head":"<!-- This site is optimized with the Yoast SEO plugin v27.5 - https:\/\/yoast.com\/product\/yoast-seo-wordpress\/ -->\n<title>Avancerat fiskemagnetset \u2013 400 kg \u2013 ensidig - Magnet fishing with a Magnetar fishing magnet<\/title>\n<meta name=\"description\" content=\"Avancerat magnetfiskepaket \u2013 400 kg (880 lb) fiskemagnet \u2013 Magnetar\" \/>\n<meta name=\"robots\" content=\"index, follow, max-snippet:-1, max-image-preview:large, max-video-preview:-1\" \/>\n<link rel=\"canonical\" href=\"https:\/\/magnetarmagnets.com\/sv\/shop\/avancerat-fiskemagnetset-400-kg-880-lb-ensidig\/\" \/>\n<meta property=\"og:locale\" content=\"sv_SE\" \/>\n<meta property=\"og:type\" content=\"article\" \/>\n<meta property=\"og:title\" content=\"Avancerat fiskemagnetset \u2013 400 kg \u2013 ensidig - Magnet fishing with a Magnetar fishing magnet\" \/>\n<meta property=\"og:description\" content=\"Avancerat magnetfiskepaket \u2013 400 kg (880 lb) fiskemagnet \u2013 Magnetar\" \/>\n<meta property=\"og:url\" content=\"https:\/\/magnetarmagnets.com\/sv\/shop\/avancerat-fiskemagnetset-400-kg-880-lb-ensidig\/\" \/>\n<meta property=\"og:site_name\" content=\"Magnet fishing with a Magnetar fishing magnet\" \/>\n<meta property=\"article:publisher\" content=\"https:\/\/www.facebook.com\/fishingmagnets\/\" \/>\n<meta property=\"article:modified_time\" content=\"2026-05-11T19:22:17+00:00\" \/>\n<meta property=\"og:image\" content=\"https:\/\/magnetarmagnets.com\/wp-content\/uploads\/2021\/10\/MAGNETAR-ADVANCED-KIT-GOOGLE.jpg\" \/>\n\t<meta property=\"og:image:width\" content=\"1500\" \/>\n\t<meta property=\"og:image:height\" content=\"1500\" \/>\n\t<meta property=\"og:image:type\" content=\"image\/jpeg\" \/>\n<meta name=\"twitter:card\" content=\"summary_large_image\" \/>\n<meta name=\"twitter:label1\" content=\"Ber\u00e4knad l\u00e4stid\" \/>\n\t<meta name=\"twitter:data1\" content=\"2 minuter\" \/>\n<script type=\"application\/ld+json\" class=\"yoast-schema-graph\">{\"@context\":\"https:\\\/\\\/schema.org\",\"@graph\":[{\"@type\":[\"WebPage\",\"ItemPage\"],\"@id\":\"https:\\\/\\\/magnetarmagnets.com\\\/sv\\\/shop\\\/avancerat-fiskemagnetset-400-kg-880-lb-ensidig\\\/\",\"url\":\"https:\\\/\\\/magnetarmagnets.com\\\/sv\\\/shop\\\/avancerat-fiskemagnetset-400-kg-880-lb-ensidig\\\/\",\"name\":\"Avancerat fiskemagnetset \u2013 400 kg \u2013 ensidig - Magnet fishing with a Magnetar fishing magnet\",\"isPartOf\":{\"@id\":\"https:\\\/\\\/magnetarmagnets.com\\\/sv\\\/#website\"},\"primaryImageOfPage\":{\"@id\":\"https:\\\/\\\/magnetarmagnets.com\\\/sv\\\/shop\\\/avancerat-fiskemagnetset-400-kg-880-lb-ensidig\\\/#primaryimage\"},\"image\":{\"@id\":\"https:\\\/\\\/magnetarmagnets.com\\\/sv\\\/shop\\\/avancerat-fiskemagnetset-400-kg-880-lb-ensidig\\\/#primaryimage\"},\"thumbnailUrl\":\"https:\\\/\\\/magnetarmagnets.com\\\/wp-content\\\/uploads\\\/2021\\\/10\\\/MAGNETAR-ADVANCED-KIT-GOOGLE.jpg\",\"datePublished\":\"2025-06-05T07:54:41+00:00\",\"dateModified\":\"2026-05-11T19:22:17+00:00\",\"description\":\"Avancerat magnetfiskepaket \u2013 400 kg (880 lb) fiskemagnet \u2013 Magnetar\",\"breadcrumb\":{\"@id\":\"https:\\\/\\\/magnetarmagnets.com\\\/sv\\\/shop\\\/avancerat-fiskemagnetset-400-kg-880-lb-ensidig\\\/#breadcrumb\"},\"inLanguage\":\"sv-SE\",\"potentialAction\":[{\"@type\":\"ReadAction\",\"target\":[\"https:\\\/\\\/magnetarmagnets.com\\\/sv\\\/shop\\\/avancerat-fiskemagnetset-400-kg-880-lb-ensidig\\\/\"]}]},{\"@type\":\"ImageObject\",\"inLanguage\":\"sv-SE\",\"@id\":\"https:\\\/\\\/magnetarmagnets.com\\\/sv\\\/shop\\\/avancerat-fiskemagnetset-400-kg-880-lb-ensidig\\\/#primaryimage\",\"url\":\"https:\\\/\\\/magnetarmagnets.com\\\/wp-content\\\/uploads\\\/2021\\\/10\\\/MAGNETAR-ADVANCED-KIT-GOOGLE.jpg\",\"contentUrl\":\"https:\\\/\\\/magnetarmagnets.com\\\/wp-content\\\/uploads\\\/2021\\\/10\\\/MAGNETAR-ADVANCED-KIT-GOOGLE.jpg\",\"width\":1500,\"height\":1500},{\"@type\":\"BreadcrumbList\",\"@id\":\"https:\\\/\\\/magnetarmagnets.com\\\/sv\\\/shop\\\/avancerat-fiskemagnetset-400-kg-880-lb-ensidig\\\/#breadcrumb\",\"itemListElement\":[{\"@type\":\"ListItem\",\"position\":1,\"name\":\"Home\",\"item\":\"https:\\\/\\\/magnetarmagnets.com\\\/sv\\\/\"},{\"@type\":\"ListItem\",\"position\":2,\"name\":\"Butik\",\"item\":\"https:\\\/\\\/magnetarmagnets.com\\\/sv\\\/butik\\\/\"},{\"@type\":\"ListItem\",\"position\":3,\"name\":\"Fiske magneter\",\"item\":\"https:\\\/\\\/magnetarmagnets.com\\\/sv\\\/collections\\\/fiske-magneter\\\/\"},{\"@type\":\"ListItem\",\"position\":4,\"name\":\"Enkelsidiga fiske magneter\",\"item\":\"https:\\\/\\\/magnetarmagnets.com\\\/sv\\\/collections\\\/fiske-magneter\\\/enkelsidiga-fiske-magneter\\\/\"},{\"@type\":\"ListItem\",\"position\":5,\"name\":\"Avancerat fiskemagnetset \u2013 400 kg \u2013 ensidig\"}]},{\"@type\":\"WebSite\",\"@id\":\"https:\\\/\\\/magnetarmagnets.com\\\/sv\\\/#website\",\"url\":\"https:\\\/\\\/magnetarmagnets.com\\\/sv\\\/\",\"name\":\"Magnet fishing with a Magnetar fishing magnet\",\"description\":\"Kraftfulla magneter f\u00f6r magnetfiske\",\"publisher\":{\"@id\":\"https:\\\/\\\/magnetarmagnets.com\\\/sv\\\/#organization\"},\"potentialAction\":[{\"@type\":\"SearchAction\",\"target\":{\"@type\":\"EntryPoint\",\"urlTemplate\":\"https:\\\/\\\/magnetarmagnets.com\\\/sv\\\/?s={search_term_string}\"},\"query-input\":{\"@type\":\"PropertyValueSpecification\",\"valueRequired\":true,\"valueName\":\"search_term_string\"}}],\"inLanguage\":\"sv-SE\"},{\"@type\":\"Organization\",\"@id\":\"https:\\\/\\\/magnetarmagnets.com\\\/sv\\\/#organization\",\"name\":\"Magnetar\",\"url\":\"https:\\\/\\\/magnetarmagnets.com\\\/sv\\\/\",\"logo\":{\"@type\":\"ImageObject\",\"inLanguage\":\"sv-SE\",\"@id\":\"https:\\\/\\\/magnetarmagnets.com\\\/sv\\\/#\\\/schema\\\/logo\\\/image\\\/\",\"url\":\"https:\\\/\\\/magnetarmagnets.com\\\/wp-content\\\/uploads\\\/2025\\\/05\\\/Logo-03_PNG-Black-scaled.png\",\"contentUrl\":\"https:\\\/\\\/magnetarmagnets.com\\\/wp-content\\\/uploads\\\/2025\\\/05\\\/Logo-03_PNG-Black-scaled.png\",\"width\":2560,\"height\":1658,\"caption\":\"Magnetar\"},\"image\":{\"@id\":\"https:\\\/\\\/magnetarmagnets.com\\\/sv\\\/#\\\/schema\\\/logo\\\/image\\\/\"},\"sameAs\":[\"https:\\\/\\\/www.facebook.com\\\/fishingmagnets\\\/\",\"https:\\\/\\\/www.instagram.com\\\/magnetar_magnets\\\/\",\"https:\\\/\\\/www.linkedin.com\\\/company\\\/magnetarbv\\\/?originalSubdomain=nl\",\"https:\\\/\\\/www.youtube.com\\\/c\\\/MagnetarVismagneet\"]}]}<\/script>\n<!-- \/ Yoast SEO plugin. -->","yoast_head_json":{"title":"Avancerat fiskemagnetset \u2013 400 kg \u2013 ensidig - Magnet fishing with a Magnetar fishing magnet","description":"Avancerat magnetfiskepaket \u2013 400 kg (880 lb) fiskemagnet \u2013 Magnetar","robots":{"index":"index","follow":"follow","max-snippet":"max-snippet:-1","max-image-preview":"max-image-preview:large","max-video-preview":"max-video-preview:-1"},"canonical":"https:\/\/magnetarmagnets.com\/sv\/shop\/avancerat-fiskemagnetset-400-kg-880-lb-ensidig\/","og_locale":"sv_SE","og_type":"article","og_title":"Avancerat fiskemagnetset \u2013 400 kg \u2013 ensidig - Magnet fishing with a Magnetar fishing magnet","og_description":"Avancerat magnetfiskepaket \u2013 400 kg (880 lb) fiskemagnet \u2013 Magnetar","og_url":"https:\/\/magnetarmagnets.com\/sv\/shop\/avancerat-fiskemagnetset-400-kg-880-lb-ensidig\/","og_site_name":"Magnet fishing with a Magnetar fishing magnet","article_publisher":"https:\/\/www.facebook.com\/fishingmagnets\/","article_modified_time":"2026-05-11T19:22:17+00:00","og_image":[{"width":1500,"height":1500,"url":"https:\/\/magnetarmagnets.com\/wp-content\/uploads\/2021\/10\/MAGNETAR-ADVANCED-KIT-GOOGLE.jpg","type":"image\/jpeg"}],"twitter_card":"summary_large_image","twitter_misc":{"Ber\u00e4knad l\u00e4stid":"2 minuter"},"schema":{"@context":"https:\/\/schema.org","@graph":[{"@type":["WebPage","ItemPage"],"@id":"https:\/\/magnetarmagnets.com\/sv\/shop\/avancerat-fiskemagnetset-400-kg-880-lb-ensidig\/","url":"https:\/\/magnetarmagnets.com\/sv\/shop\/avancerat-fiskemagnetset-400-kg-880-lb-ensidig\/","name":"Avancerat fiskemagnetset \u2013 400 kg \u2013 ensidig - Magnet fishing with a Magnetar fishing magnet","isPartOf":{"@id":"https:\/\/magnetarmagnets.com\/sv\/#website"},"primaryImageOfPage":{"@id":"https:\/\/magnetarmagnets.com\/sv\/shop\/avancerat-fiskemagnetset-400-kg-880-lb-ensidig\/#primaryimage"},"image":{"@id":"https:\/\/magnetarmagnets.com\/sv\/shop\/avancerat-fiskemagnetset-400-kg-880-lb-ensidig\/#primaryimage"},"thumbnailUrl":"https:\/\/magnetarmagnets.com\/wp-content\/uploads\/2021\/10\/MAGNETAR-ADVANCED-KIT-GOOGLE.jpg","datePublished":"2025-06-05T07:54:41+00:00","dateModified":"2026-05-11T19:22:17+00:00","description":"Avancerat magnetfiskepaket \u2013 400 kg (880 lb) fiskemagnet \u2013 Magnetar","breadcrumb":{"@id":"https:\/\/magnetarmagnets.com\/sv\/shop\/avancerat-fiskemagnetset-400-kg-880-lb-ensidig\/#breadcrumb"},"inLanguage":"sv-SE","potentialAction":[{"@type":"ReadAction","target":["https:\/\/magnetarmagnets.com\/sv\/shop\/avancerat-fiskemagnetset-400-kg-880-lb-ensidig\/"]}]},{"@type":"ImageObject","inLanguage":"sv-SE","@id":"https:\/\/magnetarmagnets.com\/sv\/shop\/avancerat-fiskemagnetset-400-kg-880-lb-ensidig\/#primaryimage","url":"https:\/\/magnetarmagnets.com\/wp-content\/uploads\/2021\/10\/MAGNETAR-ADVANCED-KIT-GOOGLE.jpg","contentUrl":"https:\/\/magnetarmagnets.com\/wp-content\/uploads\/2021\/10\/MAGNETAR-ADVANCED-KIT-GOOGLE.jpg","width":1500,"height":1500},{"@type":"BreadcrumbList","@id":"https:\/\/magnetarmagnets.com\/sv\/shop\/avancerat-fiskemagnetset-400-kg-880-lb-ensidig\/#breadcrumb","itemListElement":[{"@type":"ListItem","position":1,"name":"Home","item":"https:\/\/magnetarmagnets.com\/sv\/"},{"@type":"ListItem","position":2,"name":"Butik","item":"https:\/\/magnetarmagnets.com\/sv\/butik\/"},{"@type":"ListItem","position":3,"name":"Fiske magneter","item":"https:\/\/magnetarmagnets.com\/sv\/collections\/fiske-magneter\/"},{"@type":"ListItem","position":4,"name":"Enkelsidiga fiske magneter","item":"https:\/\/magnetarmagnets.com\/sv\/collections\/fiske-magneter\/enkelsidiga-fiske-magneter\/"},{"@type":"ListItem","position":5,"name":"Avancerat fiskemagnetset \u2013 400 kg \u2013 ensidig"}]},{"@type":"WebSite","@id":"https:\/\/magnetarmagnets.com\/sv\/#website","url":"https:\/\/magnetarmagnets.com\/sv\/","name":"Magnet fishing with a Magnetar fishing magnet","description":"Kraftfulla magneter f\u00f6r magnetfiske","publisher":{"@id":"https:\/\/magnetarmagnets.com\/sv\/#organization"},"potentialAction":[{"@type":"SearchAction","target":{"@type":"EntryPoint","urlTemplate":"https:\/\/magnetarmagnets.com\/sv\/?s={search_term_string}"},"query-input":{"@type":"PropertyValueSpecification","valueRequired":true,"valueName":"search_term_string"}}],"inLanguage":"sv-SE"},{"@type":"Organization","@id":"https:\/\/magnetarmagnets.com\/sv\/#organization","name":"Magnetar","url":"https:\/\/magnetarmagnets.com\/sv\/","logo":{"@type":"ImageObject","inLanguage":"sv-SE","@id":"https:\/\/magnetarmagnets.com\/sv\/#\/schema\/logo\/image\/","url":"https:\/\/magnetarmagnets.com\/wp-content\/uploads\/2025\/05\/Logo-03_PNG-Black-scaled.png","contentUrl":"https:\/\/magnetarmagnets.com\/wp-content\/uploads\/2025\/05\/Logo-03_PNG-Black-scaled.png","width":2560,"height":1658,"caption":"Magnetar"},"image":{"@id":"https:\/\/magnetarmagnets.com\/sv\/#\/schema\/logo\/image\/"},"sameAs":["https:\/\/www.facebook.com\/fishingmagnets\/","https:\/\/www.instagram.com\/magnetar_magnets\/","https:\/\/www.linkedin.com\/company\/magnetarbv\/?originalSubdomain=nl","https:\/\/www.youtube.com\/c\/MagnetarVismagneet"]}]}},"_links":{"self":[{"href":"https:\/\/magnetarmagnets.com\/sv\/wp-json\/wp\/v2\/product\/67429","targetHints":{"allow":["GET"]}}],"collection":[{"href":"https:\/\/magnetarmagnets.com\/sv\/wp-json\/wp\/v2\/product"}],"about":[{"href":"https:\/\/magnetarmagnets.com\/sv\/wp-json\/wp\/v2\/types\/product"}],"replies":[{"embeddable":true,"href":"https:\/\/magnetarmagnets.com\/sv\/wp-json\/wp\/v2\/comments?post=67429"}],"version-history":[{"count":0,"href":"https:\/\/magnetarmagnets.com\/sv\/wp-json\/wp\/v2\/product\/67429\/revisions"}],"wp:featuredmedia":[{"embeddable":true,"href":"https:\/\/magnetarmagnets.com\/sv\/wp-json\/wp\/v2\/media\/65015"}],"wp:attachment":[{"href":"https:\/\/magnetarmagnets.com\/sv\/wp-json\/wp\/v2\/media?parent=67429"}],"wp:term":[{"taxonomy":"product_brand","embeddable":true,"href":"https:\/\/magnetarmagnets.com\/sv\/wp-json\/wp\/v2\/product_brand?post=67429"},{"taxonomy":"product_cat","embeddable":true,"href":"https:\/\/magnetarmagnets.com\/sv\/wp-json\/wp\/v2\/product_cat?post=67429"},{"taxonomy":"product_tag","embeddable":true,"href":"https:\/\/magnetarmagnets.com\/sv\/wp-json\/wp\/v2\/product_tag?post=67429"}],"curies":[{"name":"wp","href":"https:\/\/api.w.org\/{rel}","templated":true}]}}