{"id":67427,"date":"2025-06-05T09:54:42","date_gmt":"2025-06-05T07:54:42","guid":{"rendered":"https:\/\/magnetarmagnets.com\/?post_type=product&#038;p=67427"},"modified":"2026-04-03T12:55:45","modified_gmt":"2026-04-03T10:55:45","slug":"den-basta-gripkroken-for-magnetfiske","status":"publish","type":"product","link":"https:\/\/magnetarmagnets.com\/sv\/shop\/den-basta-gripkroken-for-magnetfiske\/","title":{"rendered":"Den b\u00e4sta gripkroken f\u00f6r magnetfiske"},"content":{"rendered":"<h2><strong>Vad \u00e4r gripkrokar?<\/strong><\/h2>\r\n<span style=\"font-weight: 400;\">Det \u00e4r en anordning som f\u00e4sts i ett rep och kastas eller s\u00e4nks ner i vattnet f\u00f6r att f\u00e5nga, h\u00e5lla fast, gripa tag i och dra upp f\u00f6rem\u00e5l ur vattnet. Olika typer av gripkrokar anv\u00e4nds vid tr\u00e4dkl\u00e4ttring, men vi rekommenderar detta \u00e4ventyrsverktyg f\u00f6r kr\u00e4vande magnetfiske.<\/span>\r\n\r\n<span style=\"font-weight: 400;\">De kan anv\u00e4ndas tillsammans med en <\/span><span style=\"font-weight: 400;\">neodymmagnet<\/span><span style=\"font-weight: 400;\"> eller ist\u00e4llet f\u00f6r en n\u00e4r du letar skatter under vatten. Om du vill f\u00e5 upp stora, icke-magnetiska, tunga eller oregelbundet formade f\u00f6rem\u00e5l hj\u00e4lper en gripkrok dig att dra upp dem till ytan. <\/span>\r\n<h2><strong>Jag har redan en magnet, beh\u00f6ver jag en gripkrok?<\/strong><\/h2>\r\n<span style=\"font-weight: 400;\">Inte n\u00f6dv\u00e4ndigtvis, men det \u00e4r starkt rekommenderat. <\/span>\r\n\r\n<span style=\"font-weight: 400;\">De flesta som \u00e4gnar sig \u00e5t magnetfiske anser att en gripkrok \u00e4r ett oumb\u00e4rligt verktyg. V\u00e5ra <\/span><span style=\"font-weight: 400;\">neodymmagneter<\/span><span style=\"font-weight: 400;\"> \u00e4r idealiska f\u00f6r att f\u00e5nga magnetiska metallf\u00f6rem\u00e5l i olika storlekar, former och densitet. Men ibland beh\u00f6ver du de vassa kanterna p\u00e5 en gripkrok f\u00f6r att f\u00e5 loss ett f\u00f6rem\u00e5l under en sten eller ta upp det till ytan. <\/span>\r\n\r\n<span style=\"font-weight: 400;\">Som med allt annat \u2013 du beh\u00f6ver r\u00e4tt verktyg f\u00f6r olika f\u00f6rh\u00e5llanden. Med ytterligare verktyg som v\u00e5r rostfria gripkrok kan du \u00f6ka r\u00e4ckvidden och m\u00e5ngsidigheten i de skatter du hittar. B\u00e5de gripkroken och magneten fungerar var f\u00f6r sig, men tillsammans blir de \u00e4nnu starkare. <\/span>\r\n<h2><strong>Vilka material \u00e4r icke-magnetiska?<\/strong><\/h2>\r\n<span style=\"font-weight: 400;\">Magneter hj\u00e4lper dig att f\u00e5nga magnetiska material. Medan alla magnetiska material \u00e4r metall, \u00e4r inte all metall magnetisk. Tabellen nedan ger en \u00f6versikt \u00f6ver material och f\u00f6rem\u00e5l som du kan dra till dig med magneten eller f\u00e5nga med kroken:<\/span>\r\n<table>\r\n<tbody>\r\n<tr>\r\n<td><b>Magnetiskt<\/b><\/td>\r\n<td><b>Icke-magnetiskt<\/b><\/td>\r\n<\/tr>\r\n<tr>\r\n<td><span style=\"font-weight: 400;\">J\u00e4rn (grytor, stekpannor)<\/span><\/td>\r\n<td><span style=\"font-weight: 400;\">Aluminium (burkar, bestick)<\/span><\/td>\r\n<\/tr>\r\n<tr>\r\n<td><span style=\"font-weight: 400;\">Nickel (mynt)<\/span><\/td>\r\n<td><span style=\"font-weight: 400;\">Koppar (mynt)<\/span><\/td>\r\n<\/tr>\r\n<tr>\r\n<td><span style=\"font-weight: 400;\">Kobolt (skruvar, bultar, verktyg)<\/span><\/td>\r\n<td><span style=\"font-weight: 400;\">Bly (batterier, vikter)<\/span><\/td>\r\n<\/tr>\r\n<tr>\r\n<td><span style=\"font-weight: 400;\">St\u00e5l (r\u00f6r, j\u00e4rnv\u00e4g, fordon)<\/span><\/td>\r\n<td><span style=\"font-weight: 400;\">M\u00e4ssing (musikinstrument)<\/span><\/td>\r\n<\/tr>\r\n<\/tbody>\r\n<\/table>","protected":false},"excerpt":{"rendered":"<p><span style=\"font-weight: 400;\">V\u00e5r <strong>toppmoderna gripkrok<\/strong> \u00e4r perfekt f\u00f6r att dra upp f\u00f6rem\u00e5l under vatten som \u00e4r <strong>icke-magnetiska, stora, tunga, delvis magnetiska eller oregelbundet formade<\/strong>. Oavsett om du st\u00e5r p\u00e5 stranden eller \u00e4r ute med b\u00e5t hj\u00e4lper den dig att f\u00e5 upp m\u00e5nga intressanta fynd. <\/span><\/p>\n<p><span style=\"font-weight: 400;\">Vi har uppt\u00e4ckt att den \u00e4r s\u00e4rskilt anv\u00e4ndbar som ett <strong>tillbeh\u00f6r till din <\/strong><\/span><strong><a href=\"https:\/\/magnetarmagnets.com\/sv\/\" target=\"_blank\" rel=\"noopener\">magnet f\u00f6r magnetfiske<\/a><\/strong><span style=\"font-weight: 400;\">. Det finns inget mer frustrerande \u00e4n n\u00e4r din magnet fastnar i din egen utrustning och du inte kan dra upp f\u00f6rem\u00e5let ur vattnet. Att anv\u00e4nda en krok \u00f6kar <strong>anv\u00e4ndningsomr\u00e5det och dragkraften<\/strong> hos magneten f\u00f6r att <strong>hitta \u00e4nnu st\u00f6rre, b\u00e4ttre och mer minnesv\u00e4rda skatter<\/strong>. <\/span><\/p>\n","protected":false},"featured_media":64285,"comment_status":"open","ping_status":"closed","template":"","meta":{"_acf_changed":false,"inline_featured_image":false},"product_brand":[],"product_cat":[239,268],"product_tag":[238],"class_list":{"0":"post-67427","1":"product","2":"type-product","3":"status-publish","4":"has-post-thumbnail","6":"product_cat-magnet-fishing-gear-accessories-3","7":"product_cat-utrustning","8":"product_tag-free-shipping-2","10":"first","11":"instock","12":"sale","13":"taxable","14":"shipping-taxable","15":"purchasable","16":"product-type-simple"},"acf":[],"yoast_head":"<!-- This site is optimized with the Yoast SEO plugin v27.3 - https:\/\/yoast.com\/product\/yoast-seo-wordpress\/ -->\n<title>Magnetfiske gripkrok - Magnetar \u00ae [HANDLA NU]<\/title>\n<meta name=\"description\" content=\"Handla den b\u00e4sta gripkroken f\u00f6r magnetfiske \u27a4 Magnetar \u00ae. Allt du beh\u00f6ver f\u00f6r magnetfiske. Skickas samma dag!\" \/>\n<meta name=\"robots\" content=\"index, follow, max-snippet:-1, max-image-preview:large, max-video-preview:-1\" \/>\n<link rel=\"canonical\" href=\"https:\/\/magnetarmagnets.com\/sv\/shop\/den-basta-gripkroken-for-magnetfiske\/\" \/>\n<meta property=\"og:locale\" content=\"sv_SE\" \/>\n<meta property=\"og:type\" content=\"article\" \/>\n<meta property=\"og:title\" content=\"Magnetfiske gripkrok - Magnetar \u00ae [HANDLA NU]\" \/>\n<meta property=\"og:description\" content=\"Handla den b\u00e4sta gripkroken f\u00f6r magnetfiske \u27a4 Magnetar \u00ae. Allt du beh\u00f6ver f\u00f6r magnetfiske. Skickas samma dag!\" \/>\n<meta property=\"og:url\" content=\"https:\/\/magnetarmagnets.com\/sv\/shop\/den-basta-gripkroken-for-magnetfiske\/\" \/>\n<meta property=\"og:site_name\" content=\"Magnet fishing with a Magnetar fishing magnet\" \/>\n<meta property=\"article:publisher\" content=\"https:\/\/www.facebook.com\/fishingmagnets\/\" \/>\n<meta property=\"article:modified_time\" content=\"2026-04-03T10:55:45+00:00\" \/>\n<meta property=\"og:image\" content=\"https:\/\/magnetarmagnets.com\/wp-content\/uploads\/2015\/09\/wurfanker.jpg\" \/>\n\t<meta property=\"og:image:width\" content=\"1570\" \/>\n\t<meta property=\"og:image:height\" content=\"1570\" \/>\n\t<meta property=\"og:image:type\" content=\"image\/jpeg\" \/>\n<meta name=\"twitter:card\" content=\"summary_large_image\" \/>\n<meta name=\"twitter:label1\" content=\"Ber\u00e4knad l\u00e4stid\" \/>\n\t<meta name=\"twitter:data1\" content=\"2 minuter\" \/>\n<script type=\"application\/ld+json\" class=\"yoast-schema-graph\">{\"@context\":\"https:\\\/\\\/schema.org\",\"@graph\":[{\"@type\":[\"WebPage\",\"ItemPage\"],\"@id\":\"https:\\\/\\\/magnetarmagnets.com\\\/sv\\\/shop\\\/den-basta-gripkroken-for-magnetfiske\\\/\",\"url\":\"https:\\\/\\\/magnetarmagnets.com\\\/sv\\\/shop\\\/den-basta-gripkroken-for-magnetfiske\\\/\",\"name\":\"Magnetfiske gripkrok - Magnetar \u00ae [HANDLA NU]\",\"isPartOf\":{\"@id\":\"https:\\\/\\\/magnetarmagnets.com\\\/sv\\\/#website\"},\"primaryImageOfPage\":{\"@id\":\"https:\\\/\\\/magnetarmagnets.com\\\/sv\\\/shop\\\/den-basta-gripkroken-for-magnetfiske\\\/#primaryimage\"},\"image\":{\"@id\":\"https:\\\/\\\/magnetarmagnets.com\\\/sv\\\/shop\\\/den-basta-gripkroken-for-magnetfiske\\\/#primaryimage\"},\"thumbnailUrl\":\"https:\\\/\\\/magnetarmagnets.com\\\/wp-content\\\/uploads\\\/2015\\\/09\\\/wurfanker.jpg\",\"datePublished\":\"2025-06-05T07:54:42+00:00\",\"dateModified\":\"2026-04-03T10:55:45+00:00\",\"description\":\"Handla den b\u00e4sta gripkroken f\u00f6r magnetfiske \u27a4 Magnetar \u00ae. Allt du beh\u00f6ver f\u00f6r magnetfiske. Skickas samma dag!\",\"breadcrumb\":{\"@id\":\"https:\\\/\\\/magnetarmagnets.com\\\/sv\\\/shop\\\/den-basta-gripkroken-for-magnetfiske\\\/#breadcrumb\"},\"inLanguage\":\"sv-SE\",\"potentialAction\":[{\"@type\":\"ReadAction\",\"target\":[\"https:\\\/\\\/magnetarmagnets.com\\\/sv\\\/shop\\\/den-basta-gripkroken-for-magnetfiske\\\/\"]}]},{\"@type\":\"ImageObject\",\"inLanguage\":\"sv-SE\",\"@id\":\"https:\\\/\\\/magnetarmagnets.com\\\/sv\\\/shop\\\/den-basta-gripkroken-for-magnetfiske\\\/#primaryimage\",\"url\":\"https:\\\/\\\/magnetarmagnets.com\\\/wp-content\\\/uploads\\\/2015\\\/09\\\/wurfanker.jpg\",\"contentUrl\":\"https:\\\/\\\/magnetarmagnets.com\\\/wp-content\\\/uploads\\\/2015\\\/09\\\/wurfanker.jpg\",\"width\":1570,\"height\":1570},{\"@type\":\"BreadcrumbList\",\"@id\":\"https:\\\/\\\/magnetarmagnets.com\\\/sv\\\/shop\\\/den-basta-gripkroken-for-magnetfiske\\\/#breadcrumb\",\"itemListElement\":[{\"@type\":\"ListItem\",\"position\":1,\"name\":\"Home\",\"item\":\"https:\\\/\\\/magnetarmagnets.com\\\/sv\\\/\"},{\"@type\":\"ListItem\",\"position\":2,\"name\":\"Butik\",\"item\":\"https:\\\/\\\/magnetarmagnets.com\\\/sv\\\/butik\\\/\"},{\"@type\":\"ListItem\",\"position\":3,\"name\":\"magnetfiskeutrustning\",\"item\":\"https:\\\/\\\/magnetarmagnets.com\\\/sv\\\/collections\\\/magnetfiskeutrustning-tillbehor-2-2\\\/\"},{\"@type\":\"ListItem\",\"position\":4,\"name\":\"Den b\u00e4sta gripkroken f\u00f6r magnetfiske\"}]},{\"@type\":\"WebSite\",\"@id\":\"https:\\\/\\\/magnetarmagnets.com\\\/sv\\\/#website\",\"url\":\"https:\\\/\\\/magnetarmagnets.com\\\/sv\\\/\",\"name\":\"Magnet fishing with a Magnetar fishing magnet\",\"description\":\"Kraftfulla magneter f\u00f6r magnetfiske\",\"publisher\":{\"@id\":\"https:\\\/\\\/magnetarmagnets.com\\\/sv\\\/#organization\"},\"potentialAction\":[{\"@type\":\"SearchAction\",\"target\":{\"@type\":\"EntryPoint\",\"urlTemplate\":\"https:\\\/\\\/magnetarmagnets.com\\\/sv\\\/?s={search_term_string}\"},\"query-input\":{\"@type\":\"PropertyValueSpecification\",\"valueRequired\":true,\"valueName\":\"search_term_string\"}}],\"inLanguage\":\"sv-SE\"},{\"@type\":\"Organization\",\"@id\":\"https:\\\/\\\/magnetarmagnets.com\\\/sv\\\/#organization\",\"name\":\"Magnetar\",\"url\":\"https:\\\/\\\/magnetarmagnets.com\\\/sv\\\/\",\"logo\":{\"@type\":\"ImageObject\",\"inLanguage\":\"sv-SE\",\"@id\":\"https:\\\/\\\/magnetarmagnets.com\\\/sv\\\/#\\\/schema\\\/logo\\\/image\\\/\",\"url\":\"https:\\\/\\\/magnetarmagnets.com\\\/wp-content\\\/uploads\\\/2025\\\/05\\\/Logo-03_PNG-Black-scaled.png\",\"contentUrl\":\"https:\\\/\\\/magnetarmagnets.com\\\/wp-content\\\/uploads\\\/2025\\\/05\\\/Logo-03_PNG-Black-scaled.png\",\"width\":2560,\"height\":1658,\"caption\":\"Magnetar\"},\"image\":{\"@id\":\"https:\\\/\\\/magnetarmagnets.com\\\/sv\\\/#\\\/schema\\\/logo\\\/image\\\/\"},\"sameAs\":[\"https:\\\/\\\/www.facebook.com\\\/fishingmagnets\\\/\",\"https:\\\/\\\/www.instagram.com\\\/magnetar_magnets\\\/\",\"https:\\\/\\\/www.linkedin.com\\\/company\\\/magnetarbv\\\/?originalSubdomain=nl\",\"https:\\\/\\\/www.youtube.com\\\/c\\\/MagnetarVismagneet\"]}]}<\/script>\n<!-- \/ Yoast SEO plugin. -->","yoast_head_json":{"title":"Magnetfiske gripkrok - Magnetar \u00ae [HANDLA NU]","description":"Handla den b\u00e4sta gripkroken f\u00f6r magnetfiske \u27a4 Magnetar \u00ae. Allt du beh\u00f6ver f\u00f6r magnetfiske. Skickas samma dag!","robots":{"index":"index","follow":"follow","max-snippet":"max-snippet:-1","max-image-preview":"max-image-preview:large","max-video-preview":"max-video-preview:-1"},"canonical":"https:\/\/magnetarmagnets.com\/sv\/shop\/den-basta-gripkroken-for-magnetfiske\/","og_locale":"sv_SE","og_type":"article","og_title":"Magnetfiske gripkrok - Magnetar \u00ae [HANDLA NU]","og_description":"Handla den b\u00e4sta gripkroken f\u00f6r magnetfiske \u27a4 Magnetar \u00ae. Allt du beh\u00f6ver f\u00f6r magnetfiske. Skickas samma dag!","og_url":"https:\/\/magnetarmagnets.com\/sv\/shop\/den-basta-gripkroken-for-magnetfiske\/","og_site_name":"Magnet fishing with a Magnetar fishing magnet","article_publisher":"https:\/\/www.facebook.com\/fishingmagnets\/","article_modified_time":"2026-04-03T10:55:45+00:00","og_image":[{"width":1570,"height":1570,"url":"https:\/\/magnetarmagnets.com\/wp-content\/uploads\/2015\/09\/wurfanker.jpg","type":"image\/jpeg"}],"twitter_card":"summary_large_image","twitter_misc":{"Ber\u00e4knad l\u00e4stid":"2 minuter"},"schema":{"@context":"https:\/\/schema.org","@graph":[{"@type":["WebPage","ItemPage"],"@id":"https:\/\/magnetarmagnets.com\/sv\/shop\/den-basta-gripkroken-for-magnetfiske\/","url":"https:\/\/magnetarmagnets.com\/sv\/shop\/den-basta-gripkroken-for-magnetfiske\/","name":"Magnetfiske gripkrok - Magnetar \u00ae [HANDLA NU]","isPartOf":{"@id":"https:\/\/magnetarmagnets.com\/sv\/#website"},"primaryImageOfPage":{"@id":"https:\/\/magnetarmagnets.com\/sv\/shop\/den-basta-gripkroken-for-magnetfiske\/#primaryimage"},"image":{"@id":"https:\/\/magnetarmagnets.com\/sv\/shop\/den-basta-gripkroken-for-magnetfiske\/#primaryimage"},"thumbnailUrl":"https:\/\/magnetarmagnets.com\/wp-content\/uploads\/2015\/09\/wurfanker.jpg","datePublished":"2025-06-05T07:54:42+00:00","dateModified":"2026-04-03T10:55:45+00:00","description":"Handla den b\u00e4sta gripkroken f\u00f6r magnetfiske \u27a4 Magnetar \u00ae. Allt du beh\u00f6ver f\u00f6r magnetfiske. Skickas samma dag!","breadcrumb":{"@id":"https:\/\/magnetarmagnets.com\/sv\/shop\/den-basta-gripkroken-for-magnetfiske\/#breadcrumb"},"inLanguage":"sv-SE","potentialAction":[{"@type":"ReadAction","target":["https:\/\/magnetarmagnets.com\/sv\/shop\/den-basta-gripkroken-for-magnetfiske\/"]}]},{"@type":"ImageObject","inLanguage":"sv-SE","@id":"https:\/\/magnetarmagnets.com\/sv\/shop\/den-basta-gripkroken-for-magnetfiske\/#primaryimage","url":"https:\/\/magnetarmagnets.com\/wp-content\/uploads\/2015\/09\/wurfanker.jpg","contentUrl":"https:\/\/magnetarmagnets.com\/wp-content\/uploads\/2015\/09\/wurfanker.jpg","width":1570,"height":1570},{"@type":"BreadcrumbList","@id":"https:\/\/magnetarmagnets.com\/sv\/shop\/den-basta-gripkroken-for-magnetfiske\/#breadcrumb","itemListElement":[{"@type":"ListItem","position":1,"name":"Home","item":"https:\/\/magnetarmagnets.com\/sv\/"},{"@type":"ListItem","position":2,"name":"Butik","item":"https:\/\/magnetarmagnets.com\/sv\/butik\/"},{"@type":"ListItem","position":3,"name":"magnetfiskeutrustning","item":"https:\/\/magnetarmagnets.com\/sv\/collections\/magnetfiskeutrustning-tillbehor-2-2\/"},{"@type":"ListItem","position":4,"name":"Den b\u00e4sta gripkroken f\u00f6r magnetfiske"}]},{"@type":"WebSite","@id":"https:\/\/magnetarmagnets.com\/sv\/#website","url":"https:\/\/magnetarmagnets.com\/sv\/","name":"Magnet fishing with a Magnetar fishing magnet","description":"Kraftfulla magneter f\u00f6r magnetfiske","publisher":{"@id":"https:\/\/magnetarmagnets.com\/sv\/#organization"},"potentialAction":[{"@type":"SearchAction","target":{"@type":"EntryPoint","urlTemplate":"https:\/\/magnetarmagnets.com\/sv\/?s={search_term_string}"},"query-input":{"@type":"PropertyValueSpecification","valueRequired":true,"valueName":"search_term_string"}}],"inLanguage":"sv-SE"},{"@type":"Organization","@id":"https:\/\/magnetarmagnets.com\/sv\/#organization","name":"Magnetar","url":"https:\/\/magnetarmagnets.com\/sv\/","logo":{"@type":"ImageObject","inLanguage":"sv-SE","@id":"https:\/\/magnetarmagnets.com\/sv\/#\/schema\/logo\/image\/","url":"https:\/\/magnetarmagnets.com\/wp-content\/uploads\/2025\/05\/Logo-03_PNG-Black-scaled.png","contentUrl":"https:\/\/magnetarmagnets.com\/wp-content\/uploads\/2025\/05\/Logo-03_PNG-Black-scaled.png","width":2560,"height":1658,"caption":"Magnetar"},"image":{"@id":"https:\/\/magnetarmagnets.com\/sv\/#\/schema\/logo\/image\/"},"sameAs":["https:\/\/www.facebook.com\/fishingmagnets\/","https:\/\/www.instagram.com\/magnetar_magnets\/","https:\/\/www.linkedin.com\/company\/magnetarbv\/?originalSubdomain=nl","https:\/\/www.youtube.com\/c\/MagnetarVismagneet"]}]}},"_links":{"self":[{"href":"https:\/\/magnetarmagnets.com\/sv\/wp-json\/wp\/v2\/product\/67427","targetHints":{"allow":["GET"]}}],"collection":[{"href":"https:\/\/magnetarmagnets.com\/sv\/wp-json\/wp\/v2\/product"}],"about":[{"href":"https:\/\/magnetarmagnets.com\/sv\/wp-json\/wp\/v2\/types\/product"}],"replies":[{"embeddable":true,"href":"https:\/\/magnetarmagnets.com\/sv\/wp-json\/wp\/v2\/comments?post=67427"}],"version-history":[{"count":1,"href":"https:\/\/magnetarmagnets.com\/sv\/wp-json\/wp\/v2\/product\/67427\/revisions"}],"predecessor-version":[{"id":94690,"href":"https:\/\/magnetarmagnets.com\/sv\/wp-json\/wp\/v2\/product\/67427\/revisions\/94690"}],"wp:featuredmedia":[{"embeddable":true,"href":"https:\/\/magnetarmagnets.com\/sv\/wp-json\/wp\/v2\/media\/64285"}],"wp:attachment":[{"href":"https:\/\/magnetarmagnets.com\/sv\/wp-json\/wp\/v2\/media?parent=67427"}],"wp:term":[{"taxonomy":"product_brand","embeddable":true,"href":"https:\/\/magnetarmagnets.com\/sv\/wp-json\/wp\/v2\/product_brand?post=67427"},{"taxonomy":"product_cat","embeddable":true,"href":"https:\/\/magnetarmagnets.com\/sv\/wp-json\/wp\/v2\/product_cat?post=67427"},{"taxonomy":"product_tag","embeddable":true,"href":"https:\/\/magnetarmagnets.com\/sv\/wp-json\/wp\/v2\/product_tag?post=67427"}],"curies":[{"name":"wp","href":"https:\/\/api.w.org\/{rel}","templated":true}]}}