{"id":66655,"date":"2025-06-05T09:53:05","date_gmt":"2025-06-05T07:53:05","guid":{"rendered":"https:\/\/magnetarmagnets.com\/?post_type=product&#038;p=66655"},"modified":"2026-04-07T19:56:22","modified_gmt":"2026-04-07T17:56:22","slug":"magnetisk-brunnslockslyftare-med-hammare","status":"publish","type":"product","link":"https:\/\/magnetarmagnets.com\/sv\/shop\/magnetisk-brunnslockslyftare-med-hammare\/","title":{"rendered":"Magnetisk brunnslockslyftare med hammare"},"content":{"rendered":"\u00d6ppnar du regelbundet brunnslock? Denna magnetiska brunnslockslyftare g\u00f6r ditt arbetsfl\u00f6de betydligt enklare. Att \u00f6ppna brunnslock kan vara ett tungt arbete. D\u00e4rf\u00f6r lanserade vi Magnetar THOR, designad f\u00f6r att \u00f6ppna flera typer av brunnslock med sitt magnetiska drag, b\u00e4nda upp dem eller \u2013 n\u00e4r de fastnar \u2013 lossa dem med ett slag.\n\nN\u00e4r traditionella brunnslockslyftare tvingar dig att b\u00f6ja dig, l\u00e5ter Magnetar THOR dig lyfta alla slags brunnslock fr\u00e5n uppr\u00e4tt position. Att anv\u00e4nda denna magnetiska brunnslockslyftare med en stark neodymmagnet och krok g\u00f6r utan tvekan ditt arbete mindre fysiskt p\u00e5frestande.\n\n<h2>Produktbeskrivning<\/h2>\n\nMagnetar THOR \u00e4r i en klass f\u00f6r sig. Denna magnetiska brunnslockslyftare \u00e4r utrustad med en kraftfull neodymmagnet. Dessutom inneh\u00e5ller den en traditionell krok f\u00f6r att lyfta lock samt en hammare. Alla dessa inbyggda verktyg g\u00f6r det enkelt att lyfta, b\u00e4nda loss eller sl\u00e5 mot alla typer av brunnslock. Allt fr\u00e5n en ergonomisk kroppsst\u00e4llning, vilket g\u00f6r att denna upprepade arbetsuppgift kr\u00e4ver mindre kraft och anstr\u00e4ngning. Enkelt, eller hur?\n\n<h2>Magnetar THOR \u2013 \u00f6vertr\u00e4ffar vanliga brunnslockslyftare<\/h2>\n\nDen som hanterar m\u00e5nga brunnar, underh\u00e5llsbrunnar, avloppsh\u00e5l eller andra typer av mansh\u00e5l har sannolikt en traditionell brunnslockslyftare, krok eller liknande. Anv\u00e4ndningen av dessa produkter kr\u00e4ver ofta stora anstr\u00e4ngningar. Att \u00f6ppna tunga lock kan vara mycket p\u00e5frestande. I vissa fall kan det till och med leda till skador, n\u00e5got du vill undvika till varje pris.\n\nMagnetar THOR tar ett annat grepp. Genom att anv\u00e4nda den kraftfulla neodymmagneten \u00e4r det m\u00f6jligt att lyfta de flesta brunnslock fr\u00e5n st\u00e5ende position. P\u00e5 s\u00e5 s\u00e4tt beh\u00f6ver du anv\u00e4nda mycket mindre kraft i ben och rygg. Detta gynnar i sin tur din h\u00e4lsa p\u00e5 l\u00e5ng sikt.\n\n<h2>De tre funktionerna hos Magnetar THOR<\/h2>\n\nMed Magnetar THOR kombinerar vi en krok f\u00f6r att lyfta lock, en lyftare och en hammare i ett och samma verktyg. P\u00e5 s\u00e5 s\u00e4tt \u00e4r du f\u00f6rberedd f\u00f6r alla situationer, undviker fysisk belastning och sparar v\u00e4rdefullt utrymme. Produkten utm\u00e4rker sig med dessa tre karakteristiska funktioner.\n<ul>\n<li>Lyftning<\/li>\n<li>B\u00e4ndning<\/li>\n<li>Slag<\/li>\n<\/ul>\nBeh\u00f6ver du \u00f6ppna ett brunnslock? I de flesta fall \u00e4r detta m\u00f6jligt med en stark neodymmagnet, liknande dem vi anv\u00e4nder som v\u00e5ra fiskemagneter. Dessa magneter har en dragkraft p\u00e5 cirka 660 Lbs (300 kg). Genom att v\u00e4nda p\u00e5 THOR, gripa tag i kroken och hammaren, kan du enkelt lyfta locket ur ramen.\n\nAnv\u00e4ndningen av endast magneten kanske inte r\u00e4cker under vissa omst\u00e4ndigheter. D\u00e4refter kan kroken anv\u00e4ndas f\u00f6r att b\u00e4nda loss fastsittande lock. Dessutom kan tillr\u00e4cklig lyftkraft enkelt skapas genom att utnyttja h\u00e4vst\u00e5ngseffekten fr\u00e5n den 26\u201d (67 cm) l\u00e5nga st\u00e5ngen. K\u00e4nner du att locket r\u00f6r sig? D\u00e5 \u00e4r det dags att anv\u00e4nda magneten f\u00f6r att lyfta upp det.\n\nN\u00e4r locket verkligen inte r\u00f6r sig alls \u00e4r det ett alternativ att sl\u00e5 p\u00e5 det med hammaren. Detta hj\u00e4lper till att skapa spel i ramen och kan f\u00f6ljas av att b\u00e4nda upp locket och lyfta det med magneten.\n\n<h2>Egenskaper hos den magnetiska brunnslockslyftaren<\/h2>\n\nMagnetar THOR \u00e4r en kompakt magnetisk brunnslockslyftare med hammare. Verktyget \u00e4r 25\u201d (67 cm) l\u00e5ngt och drygt 8\u201d (21 cm) brett, vilket g\u00f6r att produkten enkelt kan f\u00f6rvaras och transporteras. Utrustningen \u00e4r tillverkad av galvaniserat st\u00e5l och v\u00e4ger cirka 4,4 Lbs (2 kg), vilket g\u00f6r den mycket robust och extra h\u00e5llbar. Slutligen har st\u00e5ngen en diameter p\u00e5 cirka 3\u201d (75 mm), vilket g\u00f6r den mycket motst\u00e5ndskraftig mot st\u00f6tar.\n\n<h2>Att f\u00f6rvara Magnetar THOR<\/h2>\n\nNeodymmagneten g\u00f6r v\u00e5r magnetiska brunnslockslyftare extremt praktisk. Anv\u00e4ndare m\u00e5ste dock komma ih\u00e5g att detta verktyg inte kan f\u00f6rvaras var som helst. Du vill inte att f\u00f6rem\u00e5l eller fordon fastnar p\u00e5 magneten. N\u00e4r du f\u00f6rvarar Magnetar THOR i ett servicefordon rekommenderas det att den magnetiska sidan h\u00e4ngs fritt fr\u00e5n hinder.\n\n<h2>N\u00e4r kan jag f\u00f6rv\u00e4nta mig leverans av min brunnslockslyftare?<\/h2>\n\nLeverans inom USA, Kanada och Mexiko sker inom 2\u20134 arbetsdagar om vi mottagit din best\u00e4llning av Magnetar THOR f\u00f6re <em>14:00 EST<\/em>.\n\n<h2>Hur mycket kostar frakten?<\/h2>\n\nBes\u00f6k v\u00e5r sida &#8216;Shipping data&#8217; f\u00f6r information om frakt av Magnetar THOR.","protected":false},"excerpt":{"rendered":"<p>Jobbar du regelbundet med <strong>brunnslock<\/strong>? D\u00e5 kommer v\u00e5r <strong>magnetiska brunnslockskrok med hammare<\/strong> g\u00f6ra ditt arbete mycket enklare.<\/p>\n<p>N\u00e4r traditionella brunnslockslyftare tvingar dig att b\u00f6ja dig, g\u00f6r Magnetar THOR det m\u00f6jligt att <strong>\u00f6ppna olika brunnar st\u00e5ende<\/strong>. Att anv\u00e4nda denna brunnslockslyftare med en <strong>stark neodymmagnet<\/strong> och krok g\u00f6r ditt arbete <strong>betydligt mindre anstr\u00e4ngande<\/strong>.<\/p>\n","protected":false},"featured_media":58759,"comment_status":"open","ping_status":"closed","template":"","meta":{"_acf_changed":false,"inline_featured_image":false},"product_brand":[],"product_cat":[167],"product_tag":[],"class_list":{"0":"post-66655","1":"product","2":"type-product","3":"status-publish","4":"has-post-thumbnail","6":"product_cat-okategoriserad","8":"first","9":"instock","10":"taxable","11":"shipping-taxable","12":"purchasable","13":"product-type-simple"},"acf":[],"yoast_head":"<!-- This site is optimized with the Yoast SEO plugin v27.4 - https:\/\/yoast.com\/product\/yoast-seo-wordpress\/ -->\n<title>Magnetisk brunnslockslyftare med hammare - Magnetar THOR<\/title>\n<meta name=\"description\" content=\"\u00d6ppnar du regelbundet brunnslock? Den magnetiska brunnslockslyftaren Magnetar THOR underl\u00e4ttar ditt arbetsfl\u00f6de avsev\u00e4rt.\" \/>\n<meta name=\"robots\" content=\"index, follow, max-snippet:-1, max-image-preview:large, max-video-preview:-1\" \/>\n<link rel=\"canonical\" href=\"https:\/\/magnetarmagnets.com\/sv\/shop\/magnetisk-brunnslockslyftare-med-hammare\/\" \/>\n<meta property=\"og:locale\" content=\"sv_SE\" \/>\n<meta property=\"og:type\" content=\"article\" \/>\n<meta property=\"og:title\" content=\"Magnetisk brunnslockslyftare med hammare - Magnetar THOR\" \/>\n<meta property=\"og:description\" content=\"\u00d6ppnar du regelbundet brunnslock? Den magnetiska brunnslockslyftaren Magnetar THOR underl\u00e4ttar ditt arbetsfl\u00f6de avsev\u00e4rt.\" \/>\n<meta property=\"og:url\" content=\"https:\/\/magnetarmagnets.com\/sv\/shop\/magnetisk-brunnslockslyftare-med-hammare\/\" \/>\n<meta property=\"og:site_name\" content=\"Magnet fishing with a Magnetar fishing magnet\" \/>\n<meta property=\"article:publisher\" content=\"https:\/\/www.facebook.com\/fishingmagnets\/\" \/>\n<meta property=\"article:modified_time\" content=\"2026-04-07T17:56:22+00:00\" \/>\n<meta property=\"og:image\" content=\"https:\/\/magnetarmagnets.com\/wp-content\/uploads\/2023\/09\/JNF-Magnetar-Bedrijfsfotografie-01-09-2023-Foto-9955.jpg\" \/>\n\t<meta property=\"og:image:width\" content=\"1000\" \/>\n\t<meta property=\"og:image:height\" content=\"1000\" \/>\n\t<meta property=\"og:image:type\" content=\"image\/jpeg\" \/>\n<meta name=\"twitter:card\" content=\"summary_large_image\" \/>\n<meta name=\"twitter:label1\" content=\"Ber\u00e4knad l\u00e4stid\" \/>\n\t<meta name=\"twitter:data1\" content=\"4 minuter\" \/>\n<script type=\"application\/ld+json\" class=\"yoast-schema-graph\">{\"@context\":\"https:\\\/\\\/schema.org\",\"@graph\":[{\"@type\":[\"WebPage\",\"ItemPage\"],\"@id\":\"https:\\\/\\\/magnetarmagnets.com\\\/sv\\\/shop\\\/magnetisk-brunnslockslyftare-med-hammare\\\/\",\"url\":\"https:\\\/\\\/magnetarmagnets.com\\\/sv\\\/shop\\\/magnetisk-brunnslockslyftare-med-hammare\\\/\",\"name\":\"Magnetisk brunnslockslyftare med hammare - Magnetar THOR\",\"isPartOf\":{\"@id\":\"https:\\\/\\\/magnetarmagnets.com\\\/sv\\\/#website\"},\"primaryImageOfPage\":{\"@id\":\"https:\\\/\\\/magnetarmagnets.com\\\/sv\\\/shop\\\/magnetisk-brunnslockslyftare-med-hammare\\\/#primaryimage\"},\"image\":{\"@id\":\"https:\\\/\\\/magnetarmagnets.com\\\/sv\\\/shop\\\/magnetisk-brunnslockslyftare-med-hammare\\\/#primaryimage\"},\"thumbnailUrl\":\"https:\\\/\\\/magnetarmagnets.com\\\/wp-content\\\/uploads\\\/2023\\\/09\\\/JNF-Magnetar-Bedrijfsfotografie-01-09-2023-Foto-9955.jpg\",\"datePublished\":\"2025-06-05T07:53:05+00:00\",\"dateModified\":\"2026-04-07T17:56:22+00:00\",\"description\":\"\u00d6ppnar du regelbundet brunnslock? Den magnetiska brunnslockslyftaren Magnetar THOR underl\u00e4ttar ditt arbetsfl\u00f6de avsev\u00e4rt.\",\"breadcrumb\":{\"@id\":\"https:\\\/\\\/magnetarmagnets.com\\\/sv\\\/shop\\\/magnetisk-brunnslockslyftare-med-hammare\\\/#breadcrumb\"},\"inLanguage\":\"sv-SE\",\"potentialAction\":[{\"@type\":\"ReadAction\",\"target\":[\"https:\\\/\\\/magnetarmagnets.com\\\/sv\\\/shop\\\/magnetisk-brunnslockslyftare-med-hammare\\\/\"]}]},{\"@type\":\"ImageObject\",\"inLanguage\":\"sv-SE\",\"@id\":\"https:\\\/\\\/magnetarmagnets.com\\\/sv\\\/shop\\\/magnetisk-brunnslockslyftare-med-hammare\\\/#primaryimage\",\"url\":\"https:\\\/\\\/magnetarmagnets.com\\\/wp-content\\\/uploads\\\/2023\\\/09\\\/JNF-Magnetar-Bedrijfsfotografie-01-09-2023-Foto-9955.jpg\",\"contentUrl\":\"https:\\\/\\\/magnetarmagnets.com\\\/wp-content\\\/uploads\\\/2023\\\/09\\\/JNF-Magnetar-Bedrijfsfotografie-01-09-2023-Foto-9955.jpg\",\"width\":1000,\"height\":1000,\"caption\":\"The Magnetar THOR is the best magnetic manhole cover lifter.\"},{\"@type\":\"BreadcrumbList\",\"@id\":\"https:\\\/\\\/magnetarmagnets.com\\\/sv\\\/shop\\\/magnetisk-brunnslockslyftare-med-hammare\\\/#breadcrumb\",\"itemListElement\":[{\"@type\":\"ListItem\",\"position\":1,\"name\":\"Home\",\"item\":\"https:\\\/\\\/magnetarmagnets.com\\\/sv\\\/\"},{\"@type\":\"ListItem\",\"position\":2,\"name\":\"Butik\",\"item\":\"https:\\\/\\\/magnetarmagnets.com\\\/sv\\\/butik\\\/\"},{\"@type\":\"ListItem\",\"position\":3,\"name\":\"Okategoriserad\",\"item\":\"https:\\\/\\\/magnetarmagnets.com\\\/sv\\\/collections\\\/okategoriserad-2\\\/\"},{\"@type\":\"ListItem\",\"position\":4,\"name\":\"Magnetisk brunnslockslyftare med hammare\"}]},{\"@type\":\"WebSite\",\"@id\":\"https:\\\/\\\/magnetarmagnets.com\\\/sv\\\/#website\",\"url\":\"https:\\\/\\\/magnetarmagnets.com\\\/sv\\\/\",\"name\":\"Magnet fishing with a Magnetar fishing magnet\",\"description\":\"Kraftfulla magneter f\u00f6r magnetfiske\",\"publisher\":{\"@id\":\"https:\\\/\\\/magnetarmagnets.com\\\/sv\\\/#organization\"},\"potentialAction\":[{\"@type\":\"SearchAction\",\"target\":{\"@type\":\"EntryPoint\",\"urlTemplate\":\"https:\\\/\\\/magnetarmagnets.com\\\/sv\\\/?s={search_term_string}\"},\"query-input\":{\"@type\":\"PropertyValueSpecification\",\"valueRequired\":true,\"valueName\":\"search_term_string\"}}],\"inLanguage\":\"sv-SE\"},{\"@type\":\"Organization\",\"@id\":\"https:\\\/\\\/magnetarmagnets.com\\\/sv\\\/#organization\",\"name\":\"Magnetar\",\"url\":\"https:\\\/\\\/magnetarmagnets.com\\\/sv\\\/\",\"logo\":{\"@type\":\"ImageObject\",\"inLanguage\":\"sv-SE\",\"@id\":\"https:\\\/\\\/magnetarmagnets.com\\\/sv\\\/#\\\/schema\\\/logo\\\/image\\\/\",\"url\":\"https:\\\/\\\/magnetarmagnets.com\\\/wp-content\\\/uploads\\\/2025\\\/05\\\/Logo-03_PNG-Black-scaled.png\",\"contentUrl\":\"https:\\\/\\\/magnetarmagnets.com\\\/wp-content\\\/uploads\\\/2025\\\/05\\\/Logo-03_PNG-Black-scaled.png\",\"width\":2560,\"height\":1658,\"caption\":\"Magnetar\"},\"image\":{\"@id\":\"https:\\\/\\\/magnetarmagnets.com\\\/sv\\\/#\\\/schema\\\/logo\\\/image\\\/\"},\"sameAs\":[\"https:\\\/\\\/www.facebook.com\\\/fishingmagnets\\\/\",\"https:\\\/\\\/www.instagram.com\\\/magnetar_magnets\\\/\",\"https:\\\/\\\/www.linkedin.com\\\/company\\\/magnetarbv\\\/?originalSubdomain=nl\",\"https:\\\/\\\/www.youtube.com\\\/c\\\/MagnetarVismagneet\"]}]}<\/script>\n<!-- \/ Yoast SEO plugin. -->","yoast_head_json":{"title":"Magnetisk brunnslockslyftare med hammare - Magnetar THOR","description":"\u00d6ppnar du regelbundet brunnslock? Den magnetiska brunnslockslyftaren Magnetar THOR underl\u00e4ttar ditt arbetsfl\u00f6de avsev\u00e4rt.","robots":{"index":"index","follow":"follow","max-snippet":"max-snippet:-1","max-image-preview":"max-image-preview:large","max-video-preview":"max-video-preview:-1"},"canonical":"https:\/\/magnetarmagnets.com\/sv\/shop\/magnetisk-brunnslockslyftare-med-hammare\/","og_locale":"sv_SE","og_type":"article","og_title":"Magnetisk brunnslockslyftare med hammare - Magnetar THOR","og_description":"\u00d6ppnar du regelbundet brunnslock? Den magnetiska brunnslockslyftaren Magnetar THOR underl\u00e4ttar ditt arbetsfl\u00f6de avsev\u00e4rt.","og_url":"https:\/\/magnetarmagnets.com\/sv\/shop\/magnetisk-brunnslockslyftare-med-hammare\/","og_site_name":"Magnet fishing with a Magnetar fishing magnet","article_publisher":"https:\/\/www.facebook.com\/fishingmagnets\/","article_modified_time":"2026-04-07T17:56:22+00:00","og_image":[{"width":1000,"height":1000,"url":"https:\/\/magnetarmagnets.com\/wp-content\/uploads\/2023\/09\/JNF-Magnetar-Bedrijfsfotografie-01-09-2023-Foto-9955.jpg","type":"image\/jpeg"}],"twitter_card":"summary_large_image","twitter_misc":{"Ber\u00e4knad l\u00e4stid":"4 minuter"},"schema":{"@context":"https:\/\/schema.org","@graph":[{"@type":["WebPage","ItemPage"],"@id":"https:\/\/magnetarmagnets.com\/sv\/shop\/magnetisk-brunnslockslyftare-med-hammare\/","url":"https:\/\/magnetarmagnets.com\/sv\/shop\/magnetisk-brunnslockslyftare-med-hammare\/","name":"Magnetisk brunnslockslyftare med hammare - Magnetar THOR","isPartOf":{"@id":"https:\/\/magnetarmagnets.com\/sv\/#website"},"primaryImageOfPage":{"@id":"https:\/\/magnetarmagnets.com\/sv\/shop\/magnetisk-brunnslockslyftare-med-hammare\/#primaryimage"},"image":{"@id":"https:\/\/magnetarmagnets.com\/sv\/shop\/magnetisk-brunnslockslyftare-med-hammare\/#primaryimage"},"thumbnailUrl":"https:\/\/magnetarmagnets.com\/wp-content\/uploads\/2023\/09\/JNF-Magnetar-Bedrijfsfotografie-01-09-2023-Foto-9955.jpg","datePublished":"2025-06-05T07:53:05+00:00","dateModified":"2026-04-07T17:56:22+00:00","description":"\u00d6ppnar du regelbundet brunnslock? Den magnetiska brunnslockslyftaren Magnetar THOR underl\u00e4ttar ditt arbetsfl\u00f6de avsev\u00e4rt.","breadcrumb":{"@id":"https:\/\/magnetarmagnets.com\/sv\/shop\/magnetisk-brunnslockslyftare-med-hammare\/#breadcrumb"},"inLanguage":"sv-SE","potentialAction":[{"@type":"ReadAction","target":["https:\/\/magnetarmagnets.com\/sv\/shop\/magnetisk-brunnslockslyftare-med-hammare\/"]}]},{"@type":"ImageObject","inLanguage":"sv-SE","@id":"https:\/\/magnetarmagnets.com\/sv\/shop\/magnetisk-brunnslockslyftare-med-hammare\/#primaryimage","url":"https:\/\/magnetarmagnets.com\/wp-content\/uploads\/2023\/09\/JNF-Magnetar-Bedrijfsfotografie-01-09-2023-Foto-9955.jpg","contentUrl":"https:\/\/magnetarmagnets.com\/wp-content\/uploads\/2023\/09\/JNF-Magnetar-Bedrijfsfotografie-01-09-2023-Foto-9955.jpg","width":1000,"height":1000,"caption":"The Magnetar THOR is the best magnetic manhole cover lifter."},{"@type":"BreadcrumbList","@id":"https:\/\/magnetarmagnets.com\/sv\/shop\/magnetisk-brunnslockslyftare-med-hammare\/#breadcrumb","itemListElement":[{"@type":"ListItem","position":1,"name":"Home","item":"https:\/\/magnetarmagnets.com\/sv\/"},{"@type":"ListItem","position":2,"name":"Butik","item":"https:\/\/magnetarmagnets.com\/sv\/butik\/"},{"@type":"ListItem","position":3,"name":"Okategoriserad","item":"https:\/\/magnetarmagnets.com\/sv\/collections\/okategoriserad-2\/"},{"@type":"ListItem","position":4,"name":"Magnetisk brunnslockslyftare med hammare"}]},{"@type":"WebSite","@id":"https:\/\/magnetarmagnets.com\/sv\/#website","url":"https:\/\/magnetarmagnets.com\/sv\/","name":"Magnet fishing with a Magnetar fishing magnet","description":"Kraftfulla magneter f\u00f6r magnetfiske","publisher":{"@id":"https:\/\/magnetarmagnets.com\/sv\/#organization"},"potentialAction":[{"@type":"SearchAction","target":{"@type":"EntryPoint","urlTemplate":"https:\/\/magnetarmagnets.com\/sv\/?s={search_term_string}"},"query-input":{"@type":"PropertyValueSpecification","valueRequired":true,"valueName":"search_term_string"}}],"inLanguage":"sv-SE"},{"@type":"Organization","@id":"https:\/\/magnetarmagnets.com\/sv\/#organization","name":"Magnetar","url":"https:\/\/magnetarmagnets.com\/sv\/","logo":{"@type":"ImageObject","inLanguage":"sv-SE","@id":"https:\/\/magnetarmagnets.com\/sv\/#\/schema\/logo\/image\/","url":"https:\/\/magnetarmagnets.com\/wp-content\/uploads\/2025\/05\/Logo-03_PNG-Black-scaled.png","contentUrl":"https:\/\/magnetarmagnets.com\/wp-content\/uploads\/2025\/05\/Logo-03_PNG-Black-scaled.png","width":2560,"height":1658,"caption":"Magnetar"},"image":{"@id":"https:\/\/magnetarmagnets.com\/sv\/#\/schema\/logo\/image\/"},"sameAs":["https:\/\/www.facebook.com\/fishingmagnets\/","https:\/\/www.instagram.com\/magnetar_magnets\/","https:\/\/www.linkedin.com\/company\/magnetarbv\/?originalSubdomain=nl","https:\/\/www.youtube.com\/c\/MagnetarVismagneet"]}]}},"_links":{"self":[{"href":"https:\/\/magnetarmagnets.com\/sv\/wp-json\/wp\/v2\/product\/66655","targetHints":{"allow":["GET"]}}],"collection":[{"href":"https:\/\/magnetarmagnets.com\/sv\/wp-json\/wp\/v2\/product"}],"about":[{"href":"https:\/\/magnetarmagnets.com\/sv\/wp-json\/wp\/v2\/types\/product"}],"replies":[{"embeddable":true,"href":"https:\/\/magnetarmagnets.com\/sv\/wp-json\/wp\/v2\/comments?post=66655"}],"version-history":[{"count":1,"href":"https:\/\/magnetarmagnets.com\/sv\/wp-json\/wp\/v2\/product\/66655\/revisions"}],"predecessor-version":[{"id":95751,"href":"https:\/\/magnetarmagnets.com\/sv\/wp-json\/wp\/v2\/product\/66655\/revisions\/95751"}],"wp:featuredmedia":[{"embeddable":true,"href":"https:\/\/magnetarmagnets.com\/sv\/wp-json\/wp\/v2\/media\/58759"}],"wp:attachment":[{"href":"https:\/\/magnetarmagnets.com\/sv\/wp-json\/wp\/v2\/media?parent=66655"}],"wp:term":[{"taxonomy":"product_brand","embeddable":true,"href":"https:\/\/magnetarmagnets.com\/sv\/wp-json\/wp\/v2\/product_brand?post=66655"},{"taxonomy":"product_cat","embeddable":true,"href":"https:\/\/magnetarmagnets.com\/sv\/wp-json\/wp\/v2\/product_cat?post=66655"},{"taxonomy":"product_tag","embeddable":true,"href":"https:\/\/magnetarmagnets.com\/sv\/wp-json\/wp\/v2\/product_tag?post=66655"}],"curies":[{"name":"wp","href":"https:\/\/api.w.org\/{rel}","templated":true}]}}