{"id":65728,"date":"2018-02-15T19:59:07","date_gmt":"2018-02-15T18:59:07","guid":{"rendered":"https:\/\/magnetarmagnets.com\/om-oss\/"},"modified":"2025-06-11T16:36:50","modified_gmt":"2025-06-11T14:36:50","slug":"om-oss","status":"publish","type":"page","link":"https:\/\/magnetarmagnets.com\/sv\/om-oss\/","title":{"rendered":"Om oss"},"content":{"rendered":"\n<p>I \u00f6ver 10 \u00e5r har v\u00e5rt familje\u00e4gda f\u00f6retag s\u00e5lt fiskemagneter till m\u00e4nniskor som \u00e4lskar hobbyn lika mycket som vi g\u00f6r. <\/p>\n<div class=\"wp-block-image\">\n<figure class=\"aligncenter size-large\"><img fetchpriority=\"high\" decoding=\"async\" width=\"1024\" height=\"576\" src=\"https:\/\/magnetarmagnets.com\/wp-content\/uploads\/2023\/10\/magnetar-team-1024x576.jpg\" alt=\"\" class=\"wp-image-58869\" srcset=\"https:\/\/magnetarmagnets.com\/wp-content\/uploads\/2023\/10\/magnetar-team-1024x576.jpg 1024w, https:\/\/magnetarmagnets.com\/wp-content\/uploads\/2023\/10\/magnetar-team-300x169.jpg 300w, https:\/\/magnetarmagnets.com\/wp-content\/uploads\/2023\/10\/magnetar-team-768x432.jpg 768w, https:\/\/magnetarmagnets.com\/wp-content\/uploads\/2023\/10\/magnetar-team-800x450.jpg 800w, https:\/\/magnetarmagnets.com\/wp-content\/uploads\/2023\/10\/magnetar-team.jpg 1280w\" sizes=\"(max-width: 1024px) 100vw, 1024px\" \/><\/figure>\n<\/div>\n<p>V\u00e5r grundare Reinout Volkers har \u00e4lskat fiskemagneter \u00e4nda sedan han var 16 \u00e5r gammal. Under sina studier i Small Business &amp; Retail Management startade han Magnetar i sina f\u00f6r\u00e4ldrars f\u00f6rr\u00e5d, med dr\u00f6mmen om att g\u00f6ra sin passion till sitt yrke. Genom att erbjuda magnetfiskare de b\u00e4sta och mest effektiva produkterna p\u00e5 marknaden har hans f\u00f6retag s\u00e5lt \u00f6ver 20 000 magneter i mer \u00e4n 50 l\u00e4nder, med lokala \u00e5terf\u00f6rs\u00e4ljare runt om i v\u00e4rlden. Magnetar \u00e4r den ledande leverant\u00f6ren av fiskemagneter i Europa och levererar nu \u00e4ven till Nordamerika!    <\/p>\n\n<p>Vi vet att frakt kan medf\u00f6ra ov\u00e4ntade kostnader. Vi erbjuder gratis frakt till utvalda l\u00e4nder och en 30-dagars \u00e5terbetalningsperiod f\u00f6r alla v\u00e5ra kunder. Oavsett om du har en fr\u00e5ga om v\u00e5ra produkter, v\u00e5r service eller leverans, hj\u00e4lper vi dig g\u00e4rna! F\u00f6r information eller om du vill dela dina fynd med oss, kontakta info@magnetarmagnets.com.   <\/p>\n\n<h2 class=\"wp-block-heading\">V\u00e5rt team<\/h2>\n\n<p>Magnetar startade med m\u00e5let att erbjuda passionerade fiskare fiskemagneter, tillbeh\u00f6r och service av h\u00f6gsta kvalitet. Vi vill att du ska f\u00e5 den b\u00e4sta upplevelsen med v\u00e5ra produkter \u2013 d\u00e4rf\u00f6r har vi lagt \u00e5r p\u00e5 att utveckla, designa och tillverka kraftfulla, starka 360\u00ba neodymmagneter. Vi \u00e4r ett passionerat och engagerat team p\u00e5 fem personer som \u00e4lskar magnetfiske, och f\u00f6rhoppningsvis kommer \u00e4ven Reinout och Annelies\u2019 nyf\u00f6dda son, Jurre, att g\u00f6ra det! Vi \u00e4r s\u00e5 glada \u00f6ver att f\u00e5 h\u00f6ra fr\u00e5n v\u00e5ra kunder om vad de hittar med Magnet   <\/p>\n\n<div id=\"text-image-block_f2b7e0cf654e3d259f461a2e5ccc026f\" class=\"block text-image\">\n\t\t\n\n\t<section class=\"text_image align_left bgr_nobgr\" >\n\t\t<div class=\"container-fluid\">\n\t\t\t<div class=\"row\">\n\t\t\t\t<div class=\"col-md-6 col_content\">\n\t\t\t\t\t\t\t\t\t\t\t<div class=\"small_top_title\">\n\t\t\t\t\t\t\tMaurice\t\t\t\t\t\t<\/div>\n\t\t\t\t\t\t\t\t\t\t\t\t\t\t\t\t\t\t\t\t\t<div class=\"text\" style=\"color:#000000\">\n\t\t\t\t\t\t\t<p style=\"text-align: left\">Jag packar och kontrollerar din best\u00e4llning. P\u00e5 s\u00e5 s\u00e4tt f\u00e5r du exakt det du har best\u00e4llt \u2013 och dessutom i tid. Bakom kulisserna st\u00e5r jag alltid redo att hj\u00e4lpa v\u00e5ra kunder, och jag g\u00f6r det med stor stolthet! Kommer jag snart att f\u00e5 se din best\u00e4llning?   <\/p>\n\t\t\t\t\t\t<\/div>\n\t\t\t\t\t\t\n\t\t\t\t\t\t\t\t\t\n\t\t\t\t<\/div>\n\t\t\t\t\t\t\t\t\t\t\t\t\t\t\t<div class=\"col-md-6 col_image image_not_bgr\" >\n\t\t\t\t\t\t\t<div class=\"text_image_wrap\">\t\t\t\t\t\t\n\t\t\t\t\t\t\t\t<img decoding=\"async\" src=\"https:\/\/magnetarmagnets.com\/wp-content\/uploads\/2023\/10\/magnetar-team-maurice.jpg\" alt=\"\" \/>\n\t\t\t\t\t\t\t<\/div>\n\t\t\t\t\t\t<\/div>\n\t\t\t\t\t\t\t\t\t\t\t\t<\/div>\n\t\t<\/div>\n\t<\/section>\n<\/div>\n<div id=\"text-image-block_2484e13e9a30fcf4b0b9992820c432b8\" class=\"block text-image\">\n\t\t\n\n\t<section class=\"text_image align_right bgr_nobgr\" >\n\t\t<div class=\"container-fluid\">\n\t\t\t<div class=\"row\">\n\t\t\t\t<div class=\"col-md-6 col_content\">\n\t\t\t\t\t\t\t\t\t\t\t<div class=\"small_top_title\">\n\t\t\t\t\t\t\tDennis\t\t\t\t\t\t<\/div>\n\t\t\t\t\t\t\t\t\t\t\t\t\t\t\t\t\t\t\t\t\t<div class=\"text\" style=\"color:#000000\">\n\t\t\t\t\t\t\t<p style=\"text-align: left\">Magnetar s\u00e4ljer produkter \u00f6ver hela v\u00e4rlden, och jag fokuserar s\u00e4rskilt p\u00e5 USA och Kanada. Om du \u00e4r intresserad av att marknadsf\u00f6ra Magnetar som professionell i USA, v\u00e4nligen kontakta mig s\u00e5 kan vi diskutera m\u00f6jligheterna! Du kan skicka ett mejl till <a href=\"mailto:dennis@magnetarmagnets.com\" target=\"_new\">dennis@magnetarmagnets.com<\/a>.  <\/p>\n\t\t\t\t\t\t<\/div>\n\t\t\t\t\t\t\n\t\t\t\t\t\t\t\t\t\n\t\t\t\t<\/div>\n\t\t\t\t\t\t\t\t\t\t\t\t\t\t\t<div class=\"col-md-6 col_image image_not_bgr\" >\n\t\t\t\t\t\t\t<div class=\"text_image_wrap\">\t\t\t\t\t\t\n\t\t\t\t\t\t\t\t<img decoding=\"async\" src=\"https:\/\/magnetarmagnets.com\/wp-content\/uploads\/2023\/10\/magnetar-team-dennis.jpg\" alt=\"\" \/>\n\t\t\t\t\t\t\t<\/div>\n\t\t\t\t\t\t<\/div>\n\t\t\t\t\t\t\t\t\t\t\t\t<\/div>\n\t\t<\/div>\n\t<\/section>\n<\/div>\n<div id=\"text-image-block_373728baaa0c56002d9293d21a5a90a0\" class=\"block text-image\">\n\t\t\n\n\t<section class=\"text_image align_left bgr_nobgr\" >\n\t\t<div class=\"container-fluid\">\n\t\t\t<div class=\"row\">\n\t\t\t\t<div class=\"col-md-6 col_content\">\n\t\t\t\t\t\t\t\t\t\t\t<div class=\"small_top_title\">\n\t\t\t\t\t\t\tAnnelies\t\t\t\t\t\t<\/div>\n\t\t\t\t\t\t\t\t\t\t\t\t\t\t\t\t\t\t\t\t\t<div class=\"text\" style=\"color:#000000\">\n\t\t\t\t\t\t\t<p>I flera \u00e5r har jag varit aktiv inom Magnetar. Om du f\u00e5r ett informativt mejl eller ser ett h\u00e4ftigt inl\u00e4gg p\u00e5 sociala medier, \u00e4r det jag som ligger bakom det. Har du sj\u00e4lv f\u00e5tt upp en sp\u00e4nnande skatt? H\u00f6r g\u00e4rna av dig och skicka ett mejl till <a href=\"mailto:info@magnetar.com\" target=\"_new\">info@magnetarmagnets.com<\/a>.   <\/p>\n\t\t\t\t\t\t<\/div>\n\t\t\t\t\t\t\n\t\t\t\t\t\t\t\t\t\n\t\t\t\t<\/div>\n\t\t\t\t\t\t\t\t\t\t\t\t\t\t\t<div class=\"col-md-6 col_image image_not_bgr\" >\n\t\t\t\t\t\t\t<div class=\"text_image_wrap\">\t\t\t\t\t\t\n\t\t\t\t\t\t\t\t<img decoding=\"async\" src=\"https:\/\/magnetarmagnets.com\/wp-content\/uploads\/2023\/10\/magnetar-team-annelies.jpg\" alt=\"\" \/>\n\t\t\t\t\t\t\t<\/div>\n\t\t\t\t\t\t<\/div>\n\t\t\t\t\t\t\t\t\t\t\t\t<\/div>\n\t\t<\/div>\n\t<\/section>\n<\/div>\n<div id=\"text-image-block_24aafd60f3ef5565fe868399aa64908b\" class=\"block text-image\">\n\t\t\n\n\t<section class=\"text_image align_right bgr_nobgr\" >\n\t\t<div class=\"container-fluid\">\n\t\t\t<div class=\"row\">\n\t\t\t\t<div class=\"col-md-6 col_content\">\n\t\t\t\t\t\t\t\t\t\t\t<div class=\"small_top_title\">\n\t\t\t\t\t\t\tReinout\t\t\t\t\t\t<\/div>\n\t\t\t\t\t\t\t\t\t\t\t\t\t\t\t\t\t\t\t\t\t<div class=\"text\" style=\"color:#000000\">\n\t\t\t\t\t\t\t<p>Med stolthet startade jag Magnetar f\u00f6r flera \u00e5r sedan. \u00c4n idag vaknar jag varje morgon med stor gl\u00e4dje f\u00f6r att kunna hj\u00e4lpa dig och erbjuda de b\u00e4sta fiskemagneterna och tillbeh\u00f6ren. En passion f\u00f6r magnetfiske \u2013 och f\u00f6r alla v\u00e5ra kunder! Har du en fr\u00e5ga till mig eller vill du samarbeta? Skicka ett mejl till <a href=\"reinout@magnetarmagnets.com\" target=\"_new\">reinout@magnetarmagnets.com<\/a>.    <\/p>\n\t\t\t\t\t\t<\/div>\n\t\t\t\t\t\t\n\t\t\t\t\t\t\t\t\t\n\t\t\t\t<\/div>\n\t\t\t\t\t\t\t\t\t\t\t\t\t\t\t<div class=\"col-md-6 col_image image_not_bgr\" >\n\t\t\t\t\t\t\t<div class=\"text_image_wrap\">\t\t\t\t\t\t\n\t\t\t\t\t\t\t\t<img decoding=\"async\" src=\"https:\/\/magnetarmagnets.com\/wp-content\/uploads\/2023\/10\/magnetar-team-reinout.jpg\" alt=\"\" \/>\n\t\t\t\t\t\t\t<\/div>\n\t\t\t\t\t\t<\/div>\n\t\t\t\t\t\t\t\t\t\t\t\t<\/div>\n\t\t<\/div>\n\t<\/section>\n<\/div>\n<p><\/p>\n\n<p>Har du n\u00e5gra fr\u00e5gor om magnetfiske eller din best\u00e4llning? V\u00e5r kollega Peter finns h\u00e4r f\u00f6r att hj\u00e4lpa dig! Du kan st\u00e4lla dina fr\u00e5gor till <a href=\"mailto:info@magnetarmagnets.com\">info@magnetarmagnets.com<\/a>, s\u00e5 \u00e5terkommer han med ett svar s\u00e5 snart som m\u00f6jligt.<\/p>\n\n<h2 class=\"wp-block-heading\">V\u00e5ra kunder<\/h2>\n\n<figure class=\"wp-block-pullquote\"><blockquote><p>Marc (36): \u201dF\u00f6rst k\u00f6pte jag billigare magneter n\u00e5gon annanstans. Sen en Magnetar-magnet\u2026 vilken enorm skillnad! S\u00e5 m\u00e5nga fler fynd! Jag har tj\u00e4nat in magneten flera g\u00e5nger om genom skrot och speciella fynd. Fantastisk kvalitet!<\/p><\/blockquote><\/figure>\n\n<figure class=\"wp-block-pullquote\"><blockquote><p>Fred: &#8220;Grymma grejer, snabb leverans och f\u00f6rstklassig service! Jag s\u00e4ger bara: man klarar sig inte utan bra utrustning!&#8221;<\/p><\/blockquote><\/figure>\n\n<figure class=\"wp-block-pullquote\"><blockquote><p>Gerard: \u201dVilken fantastisk service! Toppklassig hj\u00e4lp och tydliga f\u00f6rklaringar! N\u00e5gon som verkligen tar sitt arbete\/hobby p\u00e5 allvar. Vi kommer definitivt tillbaka.\u201d<\/p><\/blockquote><\/figure>\n","protected":false},"excerpt":{"rendered":"<p>I \u00f6ver 10 \u00e5r har v\u00e5rt familje\u00e4gda f\u00f6retag s\u00e5lt fiskemagneter till m\u00e4nniskor som \u00e4lskar hobbyn lika mycket som vi g\u00f6r. V\u00e5r grundare Reinout Volkers har \u00e4lskat fiskemagneter \u00e4nda sedan han var 16 \u00e5r gammal. Under sina studier i Small Business &amp; Retail Management startade han Magnetar i sina f\u00f6r\u00e4ldrars f\u00f6rr\u00e5d, med dr\u00f6mmen om att g\u00f6ra [&hellip;]<\/p>\n","protected":false},"author":1,"featured_media":0,"parent":0,"menu_order":0,"comment_status":"open","ping_status":"open","template":"","meta":{"_acf_changed":false,"inline_featured_image":false,"footnotes":""},"class_list":["post-65728","page","type-page","status-publish","hentry"],"acf":[],"yoast_head":"<!-- This site is optimized with the Yoast SEO plugin v27.4 - https:\/\/yoast.com\/product\/yoast-seo-wordpress\/ -->\n<title>Om oss | Magnetar-familjen<\/title>\n<meta name=\"robots\" content=\"index, follow, max-snippet:-1, max-image-preview:large, max-video-preview:-1\" \/>\n<link rel=\"canonical\" href=\"https:\/\/magnetarmagnets.com\/sv\/om-oss\/\" \/>\n<meta property=\"og:locale\" content=\"sv_SE\" \/>\n<meta property=\"og:type\" content=\"article\" \/>\n<meta property=\"og:title\" content=\"Om oss | Magnetar-familjen\" \/>\n<meta property=\"og:description\" content=\"I \u00f6ver 10 \u00e5r har v\u00e5rt familje\u00e4gda f\u00f6retag s\u00e5lt fiskemagneter till m\u00e4nniskor som \u00e4lskar hobbyn lika mycket som vi g\u00f6r. V\u00e5r grundare Reinout Volkers har \u00e4lskat fiskemagneter \u00e4nda sedan han var 16 \u00e5r gammal. Under sina studier i Small Business &amp; Retail Management startade han Magnetar i sina f\u00f6r\u00e4ldrars f\u00f6rr\u00e5d, med dr\u00f6mmen om att g\u00f6ra [&hellip;]\" \/>\n<meta property=\"og:url\" content=\"https:\/\/magnetarmagnets.com\/sv\/om-oss\/\" \/>\n<meta property=\"og:site_name\" content=\"Magnet fishing with a Magnetar fishing magnet\" \/>\n<meta property=\"article:publisher\" content=\"https:\/\/www.facebook.com\/fishingmagnets\/\" \/>\n<meta property=\"article:modified_time\" content=\"2025-06-11T14:36:50+00:00\" \/>\n<meta property=\"og:image\" content=\"https:\/\/magnetarmagnets.com\/wp-content\/uploads\/2023\/10\/magnetar-team.jpg\" \/>\n\t<meta property=\"og:image:width\" content=\"1280\" \/>\n\t<meta property=\"og:image:height\" content=\"720\" \/>\n\t<meta property=\"og:image:type\" content=\"image\/jpeg\" \/>\n<meta name=\"twitter:card\" content=\"summary_large_image\" \/>\n<meta name=\"twitter:label1\" content=\"Ber\u00e4knad l\u00e4stid\" \/>\n\t<meta name=\"twitter:data1\" content=\"2 minuter\" \/>\n<script type=\"application\/ld+json\" class=\"yoast-schema-graph\">{\"@context\":\"https:\\\/\\\/schema.org\",\"@graph\":[{\"@type\":\"WebPage\",\"@id\":\"https:\\\/\\\/magnetarmagnets.com\\\/sv\\\/om-oss\\\/\",\"url\":\"https:\\\/\\\/magnetarmagnets.com\\\/sv\\\/om-oss\\\/\",\"name\":\"Om oss | Magnetar-familjen\",\"isPartOf\":{\"@id\":\"https:\\\/\\\/magnetarmagnets.com\\\/sv\\\/#website\"},\"primaryImageOfPage\":{\"@id\":\"https:\\\/\\\/magnetarmagnets.com\\\/sv\\\/om-oss\\\/#primaryimage\"},\"image\":{\"@id\":\"https:\\\/\\\/magnetarmagnets.com\\\/sv\\\/om-oss\\\/#primaryimage\"},\"thumbnailUrl\":\"https:\\\/\\\/magnetarmagnets.com\\\/wp-content\\\/uploads\\\/2023\\\/10\\\/magnetar-team-1024x576.jpg\",\"datePublished\":\"2018-02-15T18:59:07+00:00\",\"dateModified\":\"2025-06-11T14:36:50+00:00\",\"breadcrumb\":{\"@id\":\"https:\\\/\\\/magnetarmagnets.com\\\/sv\\\/om-oss\\\/#breadcrumb\"},\"inLanguage\":\"sv-SE\",\"potentialAction\":[{\"@type\":\"ReadAction\",\"target\":[\"https:\\\/\\\/magnetarmagnets.com\\\/sv\\\/om-oss\\\/\"]}]},{\"@type\":\"ImageObject\",\"inLanguage\":\"sv-SE\",\"@id\":\"https:\\\/\\\/magnetarmagnets.com\\\/sv\\\/om-oss\\\/#primaryimage\",\"url\":\"https:\\\/\\\/magnetarmagnets.com\\\/wp-content\\\/uploads\\\/2023\\\/10\\\/magnetar-team-1024x576.jpg\",\"contentUrl\":\"https:\\\/\\\/magnetarmagnets.com\\\/wp-content\\\/uploads\\\/2023\\\/10\\\/magnetar-team-1024x576.jpg\"},{\"@type\":\"BreadcrumbList\",\"@id\":\"https:\\\/\\\/magnetarmagnets.com\\\/sv\\\/om-oss\\\/#breadcrumb\",\"itemListElement\":[{\"@type\":\"ListItem\",\"position\":1,\"name\":\"Home\",\"item\":\"https:\\\/\\\/magnetarmagnets.com\\\/sv\\\/\"},{\"@type\":\"ListItem\",\"position\":2,\"name\":\"Om oss\"}]},{\"@type\":\"WebSite\",\"@id\":\"https:\\\/\\\/magnetarmagnets.com\\\/sv\\\/#website\",\"url\":\"https:\\\/\\\/magnetarmagnets.com\\\/sv\\\/\",\"name\":\"Magnet fishing with a Magnetar fishing magnet\",\"description\":\"Kraftfulla magneter f\u00f6r magnetfiske\",\"publisher\":{\"@id\":\"https:\\\/\\\/magnetarmagnets.com\\\/sv\\\/#organization\"},\"potentialAction\":[{\"@type\":\"SearchAction\",\"target\":{\"@type\":\"EntryPoint\",\"urlTemplate\":\"https:\\\/\\\/magnetarmagnets.com\\\/sv\\\/?s={search_term_string}\"},\"query-input\":{\"@type\":\"PropertyValueSpecification\",\"valueRequired\":true,\"valueName\":\"search_term_string\"}}],\"inLanguage\":\"sv-SE\"},{\"@type\":\"Organization\",\"@id\":\"https:\\\/\\\/magnetarmagnets.com\\\/sv\\\/#organization\",\"name\":\"Magnetar\",\"url\":\"https:\\\/\\\/magnetarmagnets.com\\\/sv\\\/\",\"logo\":{\"@type\":\"ImageObject\",\"inLanguage\":\"sv-SE\",\"@id\":\"https:\\\/\\\/magnetarmagnets.com\\\/sv\\\/#\\\/schema\\\/logo\\\/image\\\/\",\"url\":\"https:\\\/\\\/magnetarmagnets.com\\\/wp-content\\\/uploads\\\/2025\\\/05\\\/Logo-03_PNG-Black-scaled.png\",\"contentUrl\":\"https:\\\/\\\/magnetarmagnets.com\\\/wp-content\\\/uploads\\\/2025\\\/05\\\/Logo-03_PNG-Black-scaled.png\",\"width\":2560,\"height\":1658,\"caption\":\"Magnetar\"},\"image\":{\"@id\":\"https:\\\/\\\/magnetarmagnets.com\\\/sv\\\/#\\\/schema\\\/logo\\\/image\\\/\"},\"sameAs\":[\"https:\\\/\\\/www.facebook.com\\\/fishingmagnets\\\/\",\"https:\\\/\\\/www.instagram.com\\\/magnetar_magnets\\\/\",\"https:\\\/\\\/www.linkedin.com\\\/company\\\/magnetarbv\\\/?originalSubdomain=nl\",\"https:\\\/\\\/www.youtube.com\\\/c\\\/MagnetarVismagneet\"]}]}<\/script>\n<!-- \/ Yoast SEO plugin. -->","yoast_head_json":{"title":"Om oss | Magnetar-familjen","robots":{"index":"index","follow":"follow","max-snippet":"max-snippet:-1","max-image-preview":"max-image-preview:large","max-video-preview":"max-video-preview:-1"},"canonical":"https:\/\/magnetarmagnets.com\/sv\/om-oss\/","og_locale":"sv_SE","og_type":"article","og_title":"Om oss | Magnetar-familjen","og_description":"I \u00f6ver 10 \u00e5r har v\u00e5rt familje\u00e4gda f\u00f6retag s\u00e5lt fiskemagneter till m\u00e4nniskor som \u00e4lskar hobbyn lika mycket som vi g\u00f6r. V\u00e5r grundare Reinout Volkers har \u00e4lskat fiskemagneter \u00e4nda sedan han var 16 \u00e5r gammal. Under sina studier i Small Business &amp; Retail Management startade han Magnetar i sina f\u00f6r\u00e4ldrars f\u00f6rr\u00e5d, med dr\u00f6mmen om att g\u00f6ra [&hellip;]","og_url":"https:\/\/magnetarmagnets.com\/sv\/om-oss\/","og_site_name":"Magnet fishing with a Magnetar fishing magnet","article_publisher":"https:\/\/www.facebook.com\/fishingmagnets\/","article_modified_time":"2025-06-11T14:36:50+00:00","og_image":[{"width":1280,"height":720,"url":"https:\/\/magnetarmagnets.com\/wp-content\/uploads\/2023\/10\/magnetar-team.jpg","type":"image\/jpeg"}],"twitter_card":"summary_large_image","twitter_misc":{"Ber\u00e4knad l\u00e4stid":"2 minuter"},"schema":{"@context":"https:\/\/schema.org","@graph":[{"@type":"WebPage","@id":"https:\/\/magnetarmagnets.com\/sv\/om-oss\/","url":"https:\/\/magnetarmagnets.com\/sv\/om-oss\/","name":"Om oss | Magnetar-familjen","isPartOf":{"@id":"https:\/\/magnetarmagnets.com\/sv\/#website"},"primaryImageOfPage":{"@id":"https:\/\/magnetarmagnets.com\/sv\/om-oss\/#primaryimage"},"image":{"@id":"https:\/\/magnetarmagnets.com\/sv\/om-oss\/#primaryimage"},"thumbnailUrl":"https:\/\/magnetarmagnets.com\/wp-content\/uploads\/2023\/10\/magnetar-team-1024x576.jpg","datePublished":"2018-02-15T18:59:07+00:00","dateModified":"2025-06-11T14:36:50+00:00","breadcrumb":{"@id":"https:\/\/magnetarmagnets.com\/sv\/om-oss\/#breadcrumb"},"inLanguage":"sv-SE","potentialAction":[{"@type":"ReadAction","target":["https:\/\/magnetarmagnets.com\/sv\/om-oss\/"]}]},{"@type":"ImageObject","inLanguage":"sv-SE","@id":"https:\/\/magnetarmagnets.com\/sv\/om-oss\/#primaryimage","url":"https:\/\/magnetarmagnets.com\/wp-content\/uploads\/2023\/10\/magnetar-team-1024x576.jpg","contentUrl":"https:\/\/magnetarmagnets.com\/wp-content\/uploads\/2023\/10\/magnetar-team-1024x576.jpg"},{"@type":"BreadcrumbList","@id":"https:\/\/magnetarmagnets.com\/sv\/om-oss\/#breadcrumb","itemListElement":[{"@type":"ListItem","position":1,"name":"Home","item":"https:\/\/magnetarmagnets.com\/sv\/"},{"@type":"ListItem","position":2,"name":"Om oss"}]},{"@type":"WebSite","@id":"https:\/\/magnetarmagnets.com\/sv\/#website","url":"https:\/\/magnetarmagnets.com\/sv\/","name":"Magnet fishing with a Magnetar fishing magnet","description":"Kraftfulla magneter f\u00f6r magnetfiske","publisher":{"@id":"https:\/\/magnetarmagnets.com\/sv\/#organization"},"potentialAction":[{"@type":"SearchAction","target":{"@type":"EntryPoint","urlTemplate":"https:\/\/magnetarmagnets.com\/sv\/?s={search_term_string}"},"query-input":{"@type":"PropertyValueSpecification","valueRequired":true,"valueName":"search_term_string"}}],"inLanguage":"sv-SE"},{"@type":"Organization","@id":"https:\/\/magnetarmagnets.com\/sv\/#organization","name":"Magnetar","url":"https:\/\/magnetarmagnets.com\/sv\/","logo":{"@type":"ImageObject","inLanguage":"sv-SE","@id":"https:\/\/magnetarmagnets.com\/sv\/#\/schema\/logo\/image\/","url":"https:\/\/magnetarmagnets.com\/wp-content\/uploads\/2025\/05\/Logo-03_PNG-Black-scaled.png","contentUrl":"https:\/\/magnetarmagnets.com\/wp-content\/uploads\/2025\/05\/Logo-03_PNG-Black-scaled.png","width":2560,"height":1658,"caption":"Magnetar"},"image":{"@id":"https:\/\/magnetarmagnets.com\/sv\/#\/schema\/logo\/image\/"},"sameAs":["https:\/\/www.facebook.com\/fishingmagnets\/","https:\/\/www.instagram.com\/magnetar_magnets\/","https:\/\/www.linkedin.com\/company\/magnetarbv\/?originalSubdomain=nl","https:\/\/www.youtube.com\/c\/MagnetarVismagneet"]}]}},"_links":{"self":[{"href":"https:\/\/magnetarmagnets.com\/sv\/wp-json\/wp\/v2\/pages\/65728","targetHints":{"allow":["GET"]}}],"collection":[{"href":"https:\/\/magnetarmagnets.com\/sv\/wp-json\/wp\/v2\/pages"}],"about":[{"href":"https:\/\/magnetarmagnets.com\/sv\/wp-json\/wp\/v2\/types\/page"}],"author":[{"embeddable":true,"href":"https:\/\/magnetarmagnets.com\/sv\/wp-json\/wp\/v2\/users\/1"}],"replies":[{"embeddable":true,"href":"https:\/\/magnetarmagnets.com\/sv\/wp-json\/wp\/v2\/comments?post=65728"}],"version-history":[{"count":0,"href":"https:\/\/magnetarmagnets.com\/sv\/wp-json\/wp\/v2\/pages\/65728\/revisions"}],"wp:attachment":[{"href":"https:\/\/magnetarmagnets.com\/sv\/wp-json\/wp\/v2\/media?parent=65728"}],"curies":[{"name":"wp","href":"https:\/\/api.w.org\/{rel}","templated":true}]}}