{"id":65725,"date":"2014-04-08T08:07:37","date_gmt":"2014-04-08T06:07:37","guid":{"rendered":"https:\/\/magnetarmagnets.com\/returns\/"},"modified":"2025-07-01T15:37:09","modified_gmt":"2025-07-01T13:37:09","slug":"returpolicy","status":"publish","type":"page","link":"https:\/\/magnetarmagnets.com\/sv\/returpolicy\/","title":{"rendered":"Returpolicy"},"content":{"rendered":"\n<p>Har du best\u00e4llt en produkt men den blev inte riktigt som du hade t\u00e4nkt dig? Vi erbjuder m\u00f6jligheten att returnera produkter inom 30 dagar efter mottagandet \u2013 utan att du beh\u00f6ver ange n\u00e5gon anledning. Det enda viktiga kravet \u00e4r att produkten \u00e4r oanv\u00e4nd.  <\/p>\n\n<p>Magnetar ber dig att bifoga (en kopia av) din orderbekr\u00e4ftelse med den returnerade varan. Om alla villkor \u00e4r uppfyllda \u00e5terbetalas hela k\u00f6pesumman till ditt konto inom 10 arbetsdagar. <\/p>\n\n<p><strong>.<\/strong><\/p>\n\n<p>.<\/p>\n\n<p><strong>Returer fr\u00e5n Europa kan skickas till f\u00f6ljande adress:<\/strong><\/p>\n\n<p>Active Ants<br\/>Magnetar Retouren,<br\/>Borchwerf 5,<br\/>4704 RG Roosendaal,<br\/>The Netherlands<\/p>\n\n<h2 class=\"wp-block-heading\"><strong>\u00c5ngerr\u00e4tt<\/strong><\/h2>\n\n<p>Du har r\u00e4tt att \u00e5ngra ditt k\u00f6p inom 30 dagar utan att ange n\u00e5got sk\u00e4l. \u00c5ngerfristen l\u00f6per ut 14 dagar efter den dag du tog emot produkterna. <\/p>\n\n<p>Du kan ut\u00f6va din \u00e5ngerr\u00e4tt genom att meddela Magnetar att du vill \u00e5ngra ditt k\u00f6p. Detta kan g\u00f6ras via e-post eller genom kontaktformul\u00e4ret p\u00e5 v\u00e5r webbplats. Det \u00e4r till\u00e5tet att anv\u00e4nda ett standardformul\u00e4r.  <\/p>\n\n<h2 class=\"wp-block-heading\"><strong>Konsekvenser av \u00e5ngerr\u00e4tt<\/strong><\/h2>\n\n<p>Efter att du har \u00e5ngrat ditt k\u00f6p \u00e5terbetalar Magnetar alla dina betalningar, inklusive leveranskostnader. Extra kostnader till f\u00f6ljd av att du valt en annan leveransmetod \u00e4n den vi erbjuder ers\u00e4tts inte. <\/p>\n\n<p>\u00c5terbetalningen sker senast 10 dagar efter att du har \u00e5ngrat k\u00f6pet. \u00c5terbetalningen g\u00f6rs med samma betalningsmetod som anv\u00e4ndes vid k\u00f6pet. Inga avgifter tas ut f\u00f6r \u00e5terbetalningen. Magnetar f\u00f6rbeh\u00e5ller sig r\u00e4tten att neka \u00e5terbetalning tills varorna har returnerats eller tills du har visat bevis p\u00e5 att produkterna \u00e4r p\u00e5 v\u00e4g tillbaka.   <\/p>\n\n<p>Vid \u00e5ngrat k\u00f6p ska produkterna returneras till oss utan dr\u00f6jsm\u00e5l och senast inom 30 dagar fr\u00e5n k\u00f6pet. Du uppfyller detta villkor om du skickar produkterna inom dessa 30 dagar. <\/p>\n\n<p>Du st\u00e5r sj\u00e4lv f\u00f6r returkostnaderna. Eventuell v\u00e4rdeminskning av produkten kan komma att debiteras dig, om denna beror p\u00e5 att du har hanterat varan mer \u00e4n n\u00f6dv\u00e4ndigt f\u00f6r att fastst\u00e4lla dess egenskaper och funktion. <a id=\"_msocom_1\"><\/a><\/p>\n\n<h2 class=\"wp-block-heading\"><strong>S\u00e4rskilda villkor<\/strong><\/h2>\n\n<p>Om du finansierar ditt k\u00f6p med ett l\u00e5n och senare \u00e5terkallar detta, \u00e4r du inte l\u00e4ngre bunden av avtalet. Detta g\u00e4ller om Magnetar \u00e4r din kreditgivare eller om din kreditgivare anv\u00e4nder sig av Magnetars samarbete f\u00f6r att finansiera ditt k\u00f6p. <\/p>\n\n<p>Om k\u00f6pet har krediterats till oss innan \u00e5ngerr\u00e4tten ut\u00f6vats, fr\u00e5ntr\u00e4der du automatiskt avtalet.<\/p>\n\n<p>Om du fortfarande har fr\u00e5gor om retur av produkter, v\u00e4nligen kontakta oss via v\u00e5rt <strong><a href=\"https:\/\/magnetarmagnets.com\/sv\/kontakt\/\" target=\"_blank\" rel=\"noreferrer noopener nofollow\">kontaktformul\u00e4r<\/a><\/strong>.<\/p>\n\n<hr class=\"wp-block-separator has-alpha-channel-opacity\"\/>\n","protected":false},"excerpt":{"rendered":"<p>Har du best\u00e4llt en produkt men den blev inte riktigt som du hade t\u00e4nkt dig? Vi erbjuder m\u00f6jligheten att returnera produkter inom 30 dagar efter mottagandet \u2013 utan att du beh\u00f6ver ange n\u00e5gon anledning. Det enda viktiga kravet \u00e4r att produkten \u00e4r oanv\u00e4nd. Magnetar ber dig att bifoga (en kopia av) din orderbekr\u00e4ftelse med den [&hellip;]<\/p>\n","protected":false},"author":1,"featured_media":0,"parent":0,"menu_order":0,"comment_status":"open","ping_status":"open","template":"","meta":{"_acf_changed":false,"inline_featured_image":false,"footnotes":""},"class_list":["post-65725","page","type-page","status-publish","hentry"],"acf":[],"yoast_head":"<!-- This site is optimized with the Yoast SEO plugin v27.5 - https:\/\/yoast.com\/product\/yoast-seo-wordpress\/ -->\n<title>Returpolicy - Magnet fishing with a Magnetar fishing magnet<\/title>\n<meta name=\"robots\" content=\"noindex, nofollow\" \/>\n<meta property=\"og:locale\" content=\"sv_SE\" \/>\n<meta property=\"og:type\" content=\"article\" \/>\n<meta property=\"og:title\" content=\"Returpolicy - Magnet fishing with a Magnetar fishing magnet\" \/>\n<meta property=\"og:description\" content=\"Har du best\u00e4llt en produkt men den blev inte riktigt som du hade t\u00e4nkt dig? Vi erbjuder m\u00f6jligheten att returnera produkter inom 30 dagar efter mottagandet \u2013 utan att du beh\u00f6ver ange n\u00e5gon anledning. Det enda viktiga kravet \u00e4r att produkten \u00e4r oanv\u00e4nd. Magnetar ber dig att bifoga (en kopia av) din orderbekr\u00e4ftelse med den [&hellip;]\" \/>\n<meta property=\"og:url\" content=\"https:\/\/magnetarmagnets.com\/sv\/returpolicy\/\" \/>\n<meta property=\"og:site_name\" content=\"Magnet fishing with a Magnetar fishing magnet\" \/>\n<meta property=\"article:publisher\" content=\"https:\/\/www.facebook.com\/fishingmagnets\/\" \/>\n<meta property=\"article:modified_time\" content=\"2025-07-01T13:37:09+00:00\" \/>\n<meta property=\"og:image\" content=\"https:\/\/magnetarmagnets.com\/wp-content\/uploads\/2025\/05\/Logo-03_PNG-Black-scaled.png\" \/>\n\t<meta property=\"og:image:width\" content=\"2560\" \/>\n\t<meta property=\"og:image:height\" content=\"1658\" \/>\n\t<meta property=\"og:image:type\" content=\"image\/png\" \/>\n<meta name=\"twitter:card\" content=\"summary_large_image\" \/>\n<meta name=\"twitter:label1\" content=\"Ber\u00e4knad l\u00e4stid\" \/>\n\t<meta name=\"twitter:data1\" content=\"2 minuter\" \/>\n<script type=\"application\/ld+json\" class=\"yoast-schema-graph\">{\"@context\":\"https:\\\/\\\/schema.org\",\"@graph\":[{\"@type\":\"WebPage\",\"@id\":\"https:\\\/\\\/magnetarmagnets.com\\\/sv\\\/returpolicy\\\/\",\"url\":\"https:\\\/\\\/magnetarmagnets.com\\\/sv\\\/returpolicy\\\/\",\"name\":\"Returpolicy - Magnet fishing with a Magnetar fishing magnet\",\"isPartOf\":{\"@id\":\"https:\\\/\\\/magnetarmagnets.com\\\/sv\\\/#website\"},\"datePublished\":\"2014-04-08T06:07:37+00:00\",\"dateModified\":\"2025-07-01T13:37:09+00:00\",\"breadcrumb\":{\"@id\":\"https:\\\/\\\/magnetarmagnets.com\\\/sv\\\/returpolicy\\\/#breadcrumb\"},\"inLanguage\":\"sv-SE\",\"potentialAction\":[{\"@type\":\"ReadAction\",\"target\":[\"https:\\\/\\\/magnetarmagnets.com\\\/sv\\\/returpolicy\\\/\"]}]},{\"@type\":\"BreadcrumbList\",\"@id\":\"https:\\\/\\\/magnetarmagnets.com\\\/sv\\\/returpolicy\\\/#breadcrumb\",\"itemListElement\":[{\"@type\":\"ListItem\",\"position\":1,\"name\":\"Home\",\"item\":\"https:\\\/\\\/magnetarmagnets.com\\\/sv\\\/\"},{\"@type\":\"ListItem\",\"position\":2,\"name\":\"Returpolicy\"}]},{\"@type\":\"WebSite\",\"@id\":\"https:\\\/\\\/magnetarmagnets.com\\\/sv\\\/#website\",\"url\":\"https:\\\/\\\/magnetarmagnets.com\\\/sv\\\/\",\"name\":\"Magnet fishing with a Magnetar fishing magnet\",\"description\":\"Kraftfulla magneter f\u00f6r magnetfiske\",\"publisher\":{\"@id\":\"https:\\\/\\\/magnetarmagnets.com\\\/sv\\\/#organization\"},\"potentialAction\":[{\"@type\":\"SearchAction\",\"target\":{\"@type\":\"EntryPoint\",\"urlTemplate\":\"https:\\\/\\\/magnetarmagnets.com\\\/sv\\\/?s={search_term_string}\"},\"query-input\":{\"@type\":\"PropertyValueSpecification\",\"valueRequired\":true,\"valueName\":\"search_term_string\"}}],\"inLanguage\":\"sv-SE\"},{\"@type\":\"Organization\",\"@id\":\"https:\\\/\\\/magnetarmagnets.com\\\/sv\\\/#organization\",\"name\":\"Magnetar\",\"url\":\"https:\\\/\\\/magnetarmagnets.com\\\/sv\\\/\",\"logo\":{\"@type\":\"ImageObject\",\"inLanguage\":\"sv-SE\",\"@id\":\"https:\\\/\\\/magnetarmagnets.com\\\/sv\\\/#\\\/schema\\\/logo\\\/image\\\/\",\"url\":\"https:\\\/\\\/magnetarmagnets.com\\\/wp-content\\\/uploads\\\/2025\\\/05\\\/Logo-03_PNG-Black-scaled.png\",\"contentUrl\":\"https:\\\/\\\/magnetarmagnets.com\\\/wp-content\\\/uploads\\\/2025\\\/05\\\/Logo-03_PNG-Black-scaled.png\",\"width\":2560,\"height\":1658,\"caption\":\"Magnetar\"},\"image\":{\"@id\":\"https:\\\/\\\/magnetarmagnets.com\\\/sv\\\/#\\\/schema\\\/logo\\\/image\\\/\"},\"sameAs\":[\"https:\\\/\\\/www.facebook.com\\\/fishingmagnets\\\/\",\"https:\\\/\\\/www.instagram.com\\\/magnetar_magnets\\\/\",\"https:\\\/\\\/www.linkedin.com\\\/company\\\/magnetarbv\\\/?originalSubdomain=nl\",\"https:\\\/\\\/www.youtube.com\\\/c\\\/MagnetarVismagneet\"]}]}<\/script>\n<!-- \/ Yoast SEO plugin. -->","yoast_head_json":{"title":"Returpolicy - Magnet fishing with a Magnetar fishing magnet","robots":{"index":"noindex","follow":"nofollow"},"og_locale":"sv_SE","og_type":"article","og_title":"Returpolicy - Magnet fishing with a Magnetar fishing magnet","og_description":"Har du best\u00e4llt en produkt men den blev inte riktigt som du hade t\u00e4nkt dig? Vi erbjuder m\u00f6jligheten att returnera produkter inom 30 dagar efter mottagandet \u2013 utan att du beh\u00f6ver ange n\u00e5gon anledning. Det enda viktiga kravet \u00e4r att produkten \u00e4r oanv\u00e4nd. Magnetar ber dig att bifoga (en kopia av) din orderbekr\u00e4ftelse med den [&hellip;]","og_url":"https:\/\/magnetarmagnets.com\/sv\/returpolicy\/","og_site_name":"Magnet fishing with a Magnetar fishing magnet","article_publisher":"https:\/\/www.facebook.com\/fishingmagnets\/","article_modified_time":"2025-07-01T13:37:09+00:00","og_image":[{"width":2560,"height":1658,"url":"https:\/\/magnetarmagnets.com\/wp-content\/uploads\/2025\/05\/Logo-03_PNG-Black-scaled.png","type":"image\/png"}],"twitter_card":"summary_large_image","twitter_misc":{"Ber\u00e4knad l\u00e4stid":"2 minuter"},"schema":{"@context":"https:\/\/schema.org","@graph":[{"@type":"WebPage","@id":"https:\/\/magnetarmagnets.com\/sv\/returpolicy\/","url":"https:\/\/magnetarmagnets.com\/sv\/returpolicy\/","name":"Returpolicy - Magnet fishing with a Magnetar fishing magnet","isPartOf":{"@id":"https:\/\/magnetarmagnets.com\/sv\/#website"},"datePublished":"2014-04-08T06:07:37+00:00","dateModified":"2025-07-01T13:37:09+00:00","breadcrumb":{"@id":"https:\/\/magnetarmagnets.com\/sv\/returpolicy\/#breadcrumb"},"inLanguage":"sv-SE","potentialAction":[{"@type":"ReadAction","target":["https:\/\/magnetarmagnets.com\/sv\/returpolicy\/"]}]},{"@type":"BreadcrumbList","@id":"https:\/\/magnetarmagnets.com\/sv\/returpolicy\/#breadcrumb","itemListElement":[{"@type":"ListItem","position":1,"name":"Home","item":"https:\/\/magnetarmagnets.com\/sv\/"},{"@type":"ListItem","position":2,"name":"Returpolicy"}]},{"@type":"WebSite","@id":"https:\/\/magnetarmagnets.com\/sv\/#website","url":"https:\/\/magnetarmagnets.com\/sv\/","name":"Magnet fishing with a Magnetar fishing magnet","description":"Kraftfulla magneter f\u00f6r magnetfiske","publisher":{"@id":"https:\/\/magnetarmagnets.com\/sv\/#organization"},"potentialAction":[{"@type":"SearchAction","target":{"@type":"EntryPoint","urlTemplate":"https:\/\/magnetarmagnets.com\/sv\/?s={search_term_string}"},"query-input":{"@type":"PropertyValueSpecification","valueRequired":true,"valueName":"search_term_string"}}],"inLanguage":"sv-SE"},{"@type":"Organization","@id":"https:\/\/magnetarmagnets.com\/sv\/#organization","name":"Magnetar","url":"https:\/\/magnetarmagnets.com\/sv\/","logo":{"@type":"ImageObject","inLanguage":"sv-SE","@id":"https:\/\/magnetarmagnets.com\/sv\/#\/schema\/logo\/image\/","url":"https:\/\/magnetarmagnets.com\/wp-content\/uploads\/2025\/05\/Logo-03_PNG-Black-scaled.png","contentUrl":"https:\/\/magnetarmagnets.com\/wp-content\/uploads\/2025\/05\/Logo-03_PNG-Black-scaled.png","width":2560,"height":1658,"caption":"Magnetar"},"image":{"@id":"https:\/\/magnetarmagnets.com\/sv\/#\/schema\/logo\/image\/"},"sameAs":["https:\/\/www.facebook.com\/fishingmagnets\/","https:\/\/www.instagram.com\/magnetar_magnets\/","https:\/\/www.linkedin.com\/company\/magnetarbv\/?originalSubdomain=nl","https:\/\/www.youtube.com\/c\/MagnetarVismagneet"]}]}},"_links":{"self":[{"href":"https:\/\/magnetarmagnets.com\/sv\/wp-json\/wp\/v2\/pages\/65725","targetHints":{"allow":["GET"]}}],"collection":[{"href":"https:\/\/magnetarmagnets.com\/sv\/wp-json\/wp\/v2\/pages"}],"about":[{"href":"https:\/\/magnetarmagnets.com\/sv\/wp-json\/wp\/v2\/types\/page"}],"author":[{"embeddable":true,"href":"https:\/\/magnetarmagnets.com\/sv\/wp-json\/wp\/v2\/users\/1"}],"replies":[{"embeddable":true,"href":"https:\/\/magnetarmagnets.com\/sv\/wp-json\/wp\/v2\/comments?post=65725"}],"version-history":[{"count":0,"href":"https:\/\/magnetarmagnets.com\/sv\/wp-json\/wp\/v2\/pages\/65725\/revisions"}],"wp:attachment":[{"href":"https:\/\/magnetarmagnets.com\/sv\/wp-json\/wp\/v2\/media?parent=65725"}],"curies":[{"name":"wp","href":"https:\/\/api.w.org\/{rel}","templated":true}]}}