{"id":65724,"date":"2014-04-08T08:47:46","date_gmt":"2014-04-08T06:47:46","guid":{"rendered":"https:\/\/magnetarmagnets.com\/privacy-policy\/"},"modified":"2025-06-30T10:59:54","modified_gmt":"2025-06-30T08:59:54","slug":"privacy-policy","status":"publish","type":"page","link":"https:\/\/magnetarmagnets.com\/sv\/privacy-policy\/","title":{"rendered":"Integritetspolicy"},"content":{"rendered":"\n<p>Senast uppdaterad: 19 november 2021<\/p>\n\n\n\n<p>Detta \u00e4r integritetspolicyn f\u00f6r Magnetar US, Inc., h\u00e4danefter kallad Magnetar. Detta dokument f\u00f6rklarar hur Magnetar hanterar behandlingen av dina personuppgifter. Vid behandling av dina personuppgifter iakttar Magnetar st\u00f6rsta m\u00f6jliga omsorg.<\/p>\n\n\n\n<h2 class=\"wp-block-heading\"><strong>Insamling av personuppgifter<\/strong><\/h2>\n\n\n\n<p>Om du anv\u00e4nder Magnetars tj\u00e4nster tillhandah\u00e5ller du sj\u00e4lv personuppgifter till Magnetar, eller s\u00e5 erh\u00e5lls dina personuppgifter inom ramen f\u00f6r ett avtal. Med personuppgifter avses all information som r\u00f6r en identifierad eller identifierbar fysisk person.<\/p>\n\n\n\n<h2 class=\"wp-block-heading\"><strong>Kategorier av personuppgifter<\/strong><\/h2>\n\n\n\n<p>Magnetar behandlar f\u00f6ljande kategorier av personuppgifter:<\/p>\n\n\n\n<ul class=\"wp-block-list\">\n<li>Kontaktuppgifter inklusive adress, plats, telefonnummer och e-postadress.<\/li>\n\n\n\n<li>F\u00f6retagsuppgifter, inklusive momsnummer och registreringsnummer.<\/li>\n\n\n\n<li>Alternativ leveransadress.<\/li>\n\n\n\n<li>Kontouppgifter, inklusive anv\u00e4ndarnamn och l\u00f6senord.<\/li>\n\n\n\n<li>\u00d6vriga personuppgifter som du tillhandah\u00e5ller.<\/li>\n<\/ul>\n\n\n\n<h2 class=\"wp-block-heading\"><strong>\u00c4ndam\u00e5l med behandlingen<\/strong><\/h2>\n\n\n\n<p>De personuppgifter som behandlas av Magnetar \u00e4r avsedda f\u00f6r att:<\/p>\n\n\n\n<ul class=\"wp-block-list\">\n<li>Kontakta dig ang\u00e5ende de tj\u00e4nster du har k\u00f6pt och deras utf\u00f6rande.<\/li>\n\n\n\n<li>M\u00f6jligg\u00f6ra leverans av tj\u00e4nster.<\/li>\n\n\n\n<li>F\u00f6rb\u00e4ttra v\u00e5ra tj\u00e4nster.<\/li>\n\n\n\n<li>Genomf\u00f6ra betalningar.<\/li>\n\n\n\n<li>Uppfylla r\u00e4ttsliga skyldigheter.<\/li>\n\n\n\n<li>Marknadsf\u00f6ring och kommunikation, inklusive analys av bes\u00f6ksbeteende p\u00e5 webbplatsen.<\/li>\n\n\n\n<li>Skicka nyhetsbrev.<\/li>\n\n\n\n<li>Utbyta data med tredje parter n\u00e4r detta kr\u00e4vs f\u00f6r att kunna leverera tj\u00e4nster.<\/li>\n<\/ul>\n\n\n\n<h2 class=\"wp-block-heading\"><strong>Grund f\u00f6r behandling<\/strong><\/h2>\n\n\n\n<p>Personuppgifter f\u00e5r endast behandlas baserat p\u00e5 f\u00f6ljande grunder: (i) r\u00e4ttslig skyldighet, (ii) fullg\u00f6rande av avtal, (iii) inh\u00e4mtat (uttryckligt) samtycke fr\u00e5n den registrerade, och (iv) ber\u00e4ttigat intresse. Under utf\u00f6randet av Magnetars tj\u00e4nster behandlas personuppgifter inom ramen f\u00f6r utf\u00f6randet. Magnetar behandlar endast s\u00e5dana uppgifter som Magnetar anser n\u00f6dv\u00e4ndiga f\u00f6r (f\u00f6rb\u00e4ttring av) sina tj\u00e4nster och kommer att hantera med st\u00f6rsta omsorg de (personliga) uppgifter den mottar om dig och din anv\u00e4ndning av tj\u00e4nsterna. Grunden f\u00f6r behandlingen av dessa uppgifter \u00e4r avtalet du ing\u00e5tt med Magnetar. Personuppgifter f\u00e5r ocks\u00e5 behandlas genom ditt bes\u00f6k p\u00e5 webbplatsen <a class=\"\" href=\"https:\/\/magnetarmagnets.com\/sv\/\">https:\/\/magnetarmagnets.com\/<\/a> om du har l\u00e4mnat ditt samtycke till detta.<\/p>\n\n\n\n<h2 class=\"wp-block-heading\"><strong><strong>N\u00f6dv\u00e4ndighet av behandling<\/strong><\/strong><\/h2>\n\n\n\n<p>Behandlingen av dina personuppgifter \u00e4r n\u00f6dv\u00e4ndig f\u00f6r att fullg\u00f6ra v\u00e5ra tj\u00e4nster. De tj\u00e4nster som Magnetar erbjuder kan inte till fullo genomf\u00f6ras utan behandling av dina personuppgifter. Om det f\u00f6r specifika \u00e4ndam\u00e5l som r\u00f6r personuppgifterna kr\u00e4vs ditt uttryckliga samtycke, m\u00e5ste du l\u00e4mna ditt samtycke separat.<\/p>\n\n\n\n<h2 class=\"wp-block-heading\"><strong><strong>Automatiserat beslutsfattande<\/strong><\/strong><\/h2>\n\n\n\n<p>Det f\u00f6rekommer ingen automatiserad beslutsfattning.<\/p>\n\n\n\n<h2 class=\"wp-block-heading\"><strong>Lagringsperiod<\/strong><\/h2>\n\n\n\n<p>De personuppgifter som behandlas av Magnetar kommer att bevaras i enlighet med g\u00e4llande lagar och f\u00f6rordningar. Om en l\u00e4ngre lagringstid \u00e4r n\u00f6dv\u00e4ndig p\u00e5 grund av lagstiftning eller f\u00f6rordningar, kommer personuppgifterna att bevaras l\u00e4ngre i enlighet med dessa krav. Alla personuppgifter (inh\u00e4mtade) kommer att bevaras h\u00f6gst s\u00e5 l\u00e4nge det \u00e4r strikt n\u00f6dv\u00e4ndigt.<\/p>\n\n\n\n<h2 class=\"wp-block-heading\"><strong>Behandling av tredje parter<\/strong><\/h2>\n\n\n\n<p>Magnetar kommer endast att dela personuppgifter med tredje parter om detta \u00e4r strikt n\u00f6dv\u00e4ndigt f\u00f6r att fullg\u00f6ra ett avtal och f\u00f6r att uppfylla relevanta lagar och f\u00f6rordningar. Inga personuppgifter s\u00e4ljs. Magnetar kan vara r\u00e4ttsligt skyldig att dela personuppgifter med tredje parter. Om personuppgifter delas med tredje parter, kommer avtal om behandling att ing\u00e5s f\u00f6r detta \u00e4ndam\u00e5l. De tredje parter med vilka personuppgifter delas \u00e4r:<\/p>\n\n\n\n<ul class=\"wp-block-list\">\n<li>Den\/de leveranstj\u00e4nst(er) som anlitas, i syfte att fullg\u00f6ra avtalet. De kategorier av personuppgifter som behandlas \u00e4r kontaktuppgifter, namn och adressuppgifter.<\/li>\n\n\n\n<li>Betalningsleverant\u00f6ren, i syfte att fullg\u00f6ra avtalet. De kategorier av personuppgifter som behandlas \u00e4r finansiella uppgifter.<\/li>\n\n\n\n<li>Revisorn, i syfte att fullg\u00f6ra ett avtal. De kategorier av personuppgifter som behandlas \u00e4r kontaktuppgifter, namn och adressuppgifter samt finansiella uppgifter.<\/li>\n\n\n\n<li>Programvaruleverant\u00f6rer, i syfte att fullg\u00f6ra avtalet. De kategorier av personuppgifter som behandlas \u00e4r kontaktuppgifter, namn och adressuppgifter.<\/li>\n\n\n\n<li>Webbplatsadministrat\u00f6ren, i syfte att fullg\u00f6ra avtalet. De kategorier av personuppgifter som behandlas \u00e4r kontaktuppgifter, namn och adressuppgifter.<\/li>\n\n\n\n<li>Inhyrda tredje parter, i syfte att fullg\u00f6ra avtalet. De kategorier av personuppgifter som behandlas \u00e4r kontaktuppgifter, namn och adressuppgifter.<\/li>\n<\/ul>\n\n\n\n<h2 class=\"wp-block-heading\"><strong>S\u00e4kerhet f\u00f6r personuppgifter<\/strong><\/h2>\n\n\n\n<p>Magnetar tar skyddet av dina personuppgifter p\u00e5 allvar och kommer att vidta de n\u00f6dv\u00e4ndiga \u00e5tg\u00e4rderna med beaktande av teknikens utveckling, genomf\u00f6randekostnader, samt arten, omfattningen, sammanhanget och syftena med behandlingen och riskerna \u2013 varierande i sannolikhet och allvar \u2013 f\u00f6r individers r\u00e4ttigheter och friheter, med l\u00e4mpliga tekniska och organisatoriska \u00e5tg\u00e4rder f\u00f6r att s\u00e4kerst\u00e4lla en s\u00e4kerhetsniv\u00e5 som \u00e4r l\u00e4mplig med avseende p\u00e5 risken.<\/p>\n\n\n\n<h2 class=\"wp-block-heading\">Ansvarsfriskrivning<\/h2>\n\n\n\n<p>Genom att anv\u00e4nda webbplatsen godk\u00e4nner du ansvarsfriskrivningen. Magnetar f\u00f6rbeh\u00e5ller sig r\u00e4tten att \u00e4ndra inneh\u00e5llet p\u00e5 sin webbplats och\/eller denna ansvarsfriskrivning n\u00e4r som helst, utan att meddela sina kunder och\/eller webbplatsanv\u00e4ndare om s\u00e5dana \u00e4ndringar. Inneh\u00e5llet p\u00e5 webbplatsen har sammanst\u00e4llts med st\u00f6rsta omsorg men kan \u00e4nd\u00e5 inneh\u00e5lla felaktigheter eller vara ofullst\u00e4ndigt. Magnetar accepterar inget ansvar f\u00f6r skada som orsakats av eller uppst\u00e5tt till f\u00f6ljd av anv\u00e4ndning av denna webbplats. Anv\u00e4ndningen av denna webbplats sker helt p\u00e5 anv\u00e4ndarens egen risk och bekostnad. Inga r\u00e4ttigheter kan h\u00e4rledas fr\u00e5n webbplatsens inneh\u00e5ll. Alla texter p\u00e5 webbplatsen \u00e4r upphovsr\u00e4ttsskyddade och tillh\u00f6r Magnetar, f\u00f6rutsatt att de inte tillh\u00f6r tredje part.<\/p>\n\n\n\n<h2 class=\"wp-block-heading\">Cookiepolicy<\/h2>\n\n\n\n<p>Magnetar anv\u00e4nder tekniska och funktionella cookies f\u00f6r att optimera sin webbplats. Cookies \u00e4r sm\u00e5 textfiler som skickas n\u00e4r en webbplats bes\u00f6ks f\u00f6r att g\u00f6ra anv\u00e4ndarupplevelsen mer effektiv. Magnetar f\u00e5r enligt lag lagra cookies p\u00e5 din enhet om dessa cookies \u00e4r strikt n\u00f6dv\u00e4ndiga f\u00f6r att anv\u00e4nda webbplatsen. F\u00f6r andra typer av cookies kr\u00e4vs ditt samtycke. Magnetar rekommenderar att du accepterar cookies f\u00f6r webbplatsens anv\u00e4ndbarhet. Webbplatsbes\u00f6kare har m\u00f6jlighet att v\u00e4lja av. De cookies som Magnetar anv\u00e4nder \u00e4r funktionella cookies: dessa cookies ser till att webbplatsen fungerar korrekt. Dessa cookies p\u00e5verkar inte personlig integritet och d\u00e4rf\u00f6r beh\u00f6vs inget samtycke. Med dessa cookies lagras till exempel dina webbl\u00e4sarinst\u00e4llningar s\u00e5 att v\u00e5r webbplats kan visas p\u00e5 b\u00e4sta s\u00e4tt, eller f\u00f6r att webbplatsen f\u00f6rblir \u00e5tkomlig (lastbalansering). \u2026 men ocks\u00e5 cookies som s\u00e4kerst\u00e4ller att inga andra cookies kan placeras (no\u2011follow). Med ditt tillst\u00e5nd placerar Magnetar \u201dsp\u00e5rningscookies\u201d p\u00e5 din dator. Dessa cookies anv\u00e4nds av Magnetar f\u00f6r att h\u00e5lla reda p\u00e5 vilka sidor du bes\u00f6ker, f\u00f6r att bygga en profil \u00f6ver ditt onlinebeteende. Denna profil kopplas inte till ditt namn, adress, e\u2011postadress eller andra uppgifter, utan enbart f\u00f6r att anpassa annonser efter din profil s\u00e5 att de \u00e4r s\u00e5 relevanta som m\u00f6jligt. Google\u2011cookies placeras ocks\u00e5 p\u00e5 Magnetar\u2011webbplatsen f\u00f6r \u00e4ndam\u00e5len med Google Analytics. Detta inneb\u00e4r att Magnetar inte kan koppla dessa informationer till en fysisk person. Magnetar sparar inte information om vad du g\u00f6r p\u00e5 internet. Google Analytics kan enligt g\u00e4llande lagar och f\u00f6rordningar vara skyldig att tillhandah\u00e5lla \u00e5tkomst till dessa data. Om du har n\u00e5gra fr\u00e5gor om detta, v\u00e4nligen kontakta oss p\u00e5 <a>info@magnetarmagnets.com<\/a>.<\/p>\n\n\n\n<h2 class=\"wp-block-heading\"><strong><strong><strong>Anv\u00e4ndning av sociala medier<\/strong><\/strong><\/strong><\/h2>\n\n\n\n<p>Magnetar anv\u00e4nder cookies fr\u00e5n tredje parter f\u00f6r att optimera sin webbplats. Vissa cookies placeras av tredjepartstj\u00e4nster som visas p\u00e5 webbplatsen. Tredjepart avser akt\u00f6rer som Google Analytics och sociala medier (Facebook, Instagram och YouTube). N\u00e4r du klickar p\u00e5 knappen f\u00f6r sociala medier p\u00e5 webbplatsen placeras en social medie\u2011cookie. Detta g\u00f6r det m\u00f6jligt f\u00f6r den sociala medieakt\u00f6ren att k\u00e4nna igen din IP\u2011adress n\u00e4r du delar en artikel fr\u00e5n webbplatsen. F\u00f6r dessa sociala medieakt\u00f6rers cookies och de data och\/eller personuppgifter som de samlar in, h\u00e4nvisar Magnetar till den aktuella akt\u00f6rens integritetspolicy.<\/p>\n\n\n\n<h2 class=\"wp-block-heading\"><strong>E\u2011postnyhetsbrev och annan marknadsf\u00f6rings\u2011e\u2011post<\/strong><\/h2>\n\n\n\n<p>Du kan registrera dig f\u00f6r ett nyhetsbrev och\/eller andra kommersiella erbjudanden via webbplatsen. N\u00e4r du registrerar dig ber Magnetar om ditt samtycke att behandla din e\u2011postadress i syfte att skicka marknadsf\u00f6rings\u2011e\u2011post med den senaste informationen om produkter och tj\u00e4nster, specialerbjudanden och marknadsf\u00f6ringskampanjer. Du kommer endast att f\u00e5 marknadsf\u00f6rings\u2011e\u2011post n\u00e4r du har gett ditt samtycke f\u00f6r detta. Ditt samtycke inkluderar \u00e4ven ditt godk\u00e4nnande av att Magnetar kan anpassa marknadsf\u00f6rings\u2011e\u2011post baserat p\u00e5 dina behov och intressen enligt den anv\u00e4ndarprofil som skapats f\u00f6r dig. Du kan n\u00e4r som helst \u00e5terkalla ditt samtycke till utskick av marknadsf\u00f6rings\u2011e\u2011post genom att klicka p\u00e5 \u201dAvprenumerera\u201d i slutet av marknadsf\u00f6rings\u2011e\u2011posten. \u00c5terkallandet av samtycke p\u00e5verkar inte lagligheten av behandlingen som skett f\u00f6re \u00e5terkallelsen.<\/p>\n\n\n\n<h2 class=\"wp-block-heading\">Webbl\u00e4sarinst\u00e4llningar<\/h2>\n\n\n\n<p>Om du inte vill att webbplatser ska placera cookies p\u00e5 din enhet som anv\u00e4nds f\u00f6r att visa webbplatsen, kan du justera dina webbl\u00e4sarinst\u00e4llningar. Innan en cookie placeras kommer du att f\u00e5 en varning och m\u00e5ste godk\u00e4nna cookien. Underl\u00e5tenhet att g\u00f6ra detta kan resultera i att webbplatsen fungerar s\u00e4mre. Du kan justera dina webbl\u00e4sarinst\u00e4llningar s\u00e5 att din webbl\u00e4sare blockerar alla cookies och tredjepartscookies. Du kan \u00e4ven ta bort installerade cookies. F\u00f6r detta m\u00e5ste du justera dina webbl\u00e4sarinst\u00e4llningar via inst\u00e4llningar och d\u00e4refter justera sekretessinst\u00e4llningarna. Denna integritetspolicy g\u00e4ller inte tredjepartswebbplatser som \u00e4r l\u00e4nkade till denna webbplats. Magnetar kan inte garantera att dessa tredje parter hanterar dina personuppgifter p\u00e5 ett tillf\u00f6rlitligt eller s\u00e4kert s\u00e4tt. Magnetar rekommenderar att du l\u00e4ser integritetspolicyn f\u00f6r dessa webbplatser innan du anv\u00e4nder dem.<\/p>\n\n\n\n<h2 class=\"wp-block-heading\"><strong>Registrerades r\u00e4ttigheter<\/strong><\/h2>\n\n\n\n<p>Som registrerad har du f\u00f6ljande r\u00e4ttigheter:<\/p>\n\n\n\n<p>R\u00e4tt till tillg\u00e5ng. Som registrerad har du r\u00e4tt att f\u00e5 klarhet i om dina personuppgifter behandlas och, i s\u00e5 fall, f\u00e5 tillg\u00e5ng till dem.<\/p>\n\n\n\n<p>R\u00e4tt till r\u00e4ttelse. Du har r\u00e4tt att f\u00e5 felaktiga uppgifter r\u00e4ttade och kompletterade.<\/p>\n\n\n\n<p>R\u00e4tt till radering av uppgifter. Utan on\u00f6digt dr\u00f6jsm\u00e5l har en registrerad r\u00e4tt att f\u00e5 sina personuppgifter raderade.<\/p>\n\n\n\n<p>R\u00e4tt till begr\u00e4nsning av behandling. Som registrerad har du r\u00e4tt att begr\u00e4nsa behandlingen av dina personuppgifter. Kontakta Magnetar f\u00f6r detta.<\/p>\n\n\n\n<p>R\u00e4tt till dataportabilitet. En registrerad har r\u00e4tt att f\u00e5 de personuppgifter som denne har l\u00e4mnat till Magnetar i ett strukturerat, vanligt f\u00f6rekommande och maskinl\u00e4sbart format, samt f\u00e5 dessa \u00f6verf\u00f6rda till en tredje part, om s\u00e5 beh\u00f6vs. En registrerad kan ocks\u00e5 instruera Magnetar att \u00f6verf\u00f6ra dessa data direkt till en tredje part.<\/p>\n\n\n\n<ul class=\"wp-block-list\">\n<li>R\u00e4tt att g\u00f6ra inv\u00e4ndningar. Den registrerade har r\u00e4tt att n\u00e4r som helst inv\u00e4nda, av sk\u00e4l som r\u00f6r deras specifika situation, mot behandling av deras personuppgifter, inklusive profilering baserad p\u00e5 dessa best\u00e4mmelser. Magnetar ska upph\u00f6ra med behandlingen av personuppgifterna om inte tvingande ber\u00e4ttigade sk\u00e4l f\u00f6religger som v\u00e4ger tyngre \u00e4n registrerades intressen, friheter och r\u00e4ttigheter, eller \u00e4r n\u00f6dv\u00e4ndiga f\u00f6r instiftande, ut\u00f6vande eller f\u00f6rsvar av r\u00e4ttsligt anspr\u00e5k.<\/li>\n<\/ul>\n\n\n\n<h2 class=\"wp-block-heading\"><strong>Klagom\u00e5l<\/strong><\/h2>\n\n\n\n<p>Om du har ett klagom\u00e5l \u00f6ver hur Magnetar hanterar dina personuppgifter eller vill ut\u00f6va n\u00e5gon av ovanst\u00e5ende r\u00e4ttigheter, v\u00e4nligen kontakta oss via webbplatsen eller via e\u2011post p\u00e5 <a>info@magnetarmagnets.com<\/a>. F\u00f6r att s\u00e4kerst\u00e4lla att du faktiskt \u00f6nskar ut\u00f6va en r\u00e4ttighet, ber Magnetar att du bifogar en kopia av ditt ID-handlingen. Du kan maskera ditt passfoto och MRZ\u2011f\u00e4lt (numrerad zon l\u00e4ngst ner) f\u00f6r att skydda din integritet. Magnetar kommer att ge dig svar s\u00e5 snart som m\u00f6jligt, men senast inom fyra veckor. Du kan ocks\u00e5 l\u00e4mna in ett klagom\u00e5l till Integritetsskyddsmyndigheten (IMY). Detta \u00e4r beh\u00f6rig tillsynsmyndighet. Du kan kontakta oss f\u00f6r detta via denna l\u00e4nk: <a>https:\/\/autoriteitpersoonsgegevens.nl\/nl\/contact\u2011met\u2011de\u2011autoriteit\u2011persoonsgegevens\/tip\u2011ons<\/a>.<\/p>\n\n\n\n<h2 class=\"wp-block-heading\"><strong>\u00c4ndringar i integritetspolicyn<\/strong><\/h2>\n\n\n\n<p>Magnetar kan n\u00e4r som helst \u00e4ndra sin integritetspolicy. Den mest aktuella versionen publiceras p\u00e5 webbplatsen. H\u00e5ll d\u00e4rf\u00f6r alltid utkik efter den senaste versionen p\u00e5 webbplatsen. N\u00e4r den nya integritetspolicyn f\u00e5r konsekvenser f\u00f6r hur Magnetar redan behandlar dina uppgifter, kommer Magnetar att informera dig via e\u2011post.<\/p>\n","protected":false},"excerpt":{"rendered":"<p>Senast uppdaterad: 19 november 2021 Detta \u00e4r integritetspolicyn f\u00f6r Magnetar US, Inc., h\u00e4danefter kallad Magnetar. Detta dokument f\u00f6rklarar hur Magnetar hanterar behandlingen av dina personuppgifter. Vid behandling av dina personuppgifter iakttar Magnetar st\u00f6rsta m\u00f6jliga omsorg. Insamling av personuppgifter Om du anv\u00e4nder Magnetars tj\u00e4nster tillhandah\u00e5ller du sj\u00e4lv personuppgifter till Magnetar, eller s\u00e5 erh\u00e5lls dina personuppgifter inom [&hellip;]<\/p>\n","protected":false},"author":1,"featured_media":0,"parent":0,"menu_order":0,"comment_status":"open","ping_status":"open","template":"","meta":{"_acf_changed":false,"inline_featured_image":false,"footnotes":""},"class_list":["post-65724","page","type-page","status-publish","hentry"],"acf":[],"yoast_head":"<!-- This site is optimized with the Yoast SEO plugin v27.3 - https:\/\/yoast.com\/product\/yoast-seo-wordpress\/ -->\n<title>Integritetspolicy - Magnet fishing with a Magnetar fishing magnet<\/title>\n<meta name=\"robots\" content=\"noindex, nofollow\" \/>\n<meta property=\"og:locale\" content=\"sv_SE\" \/>\n<meta property=\"og:type\" content=\"article\" \/>\n<meta property=\"og:title\" content=\"Integritetspolicy - Magnet fishing with a Magnetar fishing magnet\" \/>\n<meta property=\"og:description\" content=\"Senast uppdaterad: 19 november 2021 Detta \u00e4r integritetspolicyn f\u00f6r Magnetar US, Inc., h\u00e4danefter kallad Magnetar. Detta dokument f\u00f6rklarar hur Magnetar hanterar behandlingen av dina personuppgifter. Vid behandling av dina personuppgifter iakttar Magnetar st\u00f6rsta m\u00f6jliga omsorg. Insamling av personuppgifter Om du anv\u00e4nder Magnetars tj\u00e4nster tillhandah\u00e5ller du sj\u00e4lv personuppgifter till Magnetar, eller s\u00e5 erh\u00e5lls dina personuppgifter inom [&hellip;]\" \/>\n<meta property=\"og:url\" content=\"https:\/\/magnetarmagnets.com\/sv\/privacy-policy\/\" \/>\n<meta property=\"og:site_name\" content=\"Magnet fishing with a Magnetar fishing magnet\" \/>\n<meta property=\"article:publisher\" content=\"https:\/\/www.facebook.com\/fishingmagnets\/\" \/>\n<meta property=\"article:modified_time\" content=\"2025-06-30T08:59:54+00:00\" \/>\n<meta property=\"og:image\" content=\"https:\/\/magnetarmagnets.com\/wp-content\/uploads\/2025\/05\/Logo-03_PNG-Black-scaled.png\" \/>\n\t<meta property=\"og:image:width\" content=\"2560\" \/>\n\t<meta property=\"og:image:height\" content=\"1658\" \/>\n\t<meta property=\"og:image:type\" content=\"image\/png\" \/>\n<meta name=\"twitter:card\" content=\"summary_large_image\" \/>\n<meta name=\"twitter:label1\" content=\"Ber\u00e4knad l\u00e4stid\" \/>\n\t<meta name=\"twitter:data1\" content=\"8 minuter\" \/>\n<script type=\"application\/ld+json\" class=\"yoast-schema-graph\">{\"@context\":\"https:\\\/\\\/schema.org\",\"@graph\":[{\"@type\":\"WebPage\",\"@id\":\"https:\\\/\\\/magnetarmagnets.com\\\/sv\\\/privacy-policy\\\/\",\"url\":\"https:\\\/\\\/magnetarmagnets.com\\\/sv\\\/privacy-policy\\\/\",\"name\":\"Integritetspolicy - Magnet fishing with a Magnetar fishing magnet\",\"isPartOf\":{\"@id\":\"https:\\\/\\\/magnetarmagnets.com\\\/sv\\\/#website\"},\"datePublished\":\"2014-04-08T06:47:46+00:00\",\"dateModified\":\"2025-06-30T08:59:54+00:00\",\"breadcrumb\":{\"@id\":\"https:\\\/\\\/magnetarmagnets.com\\\/sv\\\/privacy-policy\\\/#breadcrumb\"},\"inLanguage\":\"sv-SE\",\"potentialAction\":[{\"@type\":\"ReadAction\",\"target\":[\"https:\\\/\\\/magnetarmagnets.com\\\/sv\\\/privacy-policy\\\/\"]}]},{\"@type\":\"BreadcrumbList\",\"@id\":\"https:\\\/\\\/magnetarmagnets.com\\\/sv\\\/privacy-policy\\\/#breadcrumb\",\"itemListElement\":[{\"@type\":\"ListItem\",\"position\":1,\"name\":\"Home\",\"item\":\"https:\\\/\\\/magnetarmagnets.com\\\/sv\\\/\"},{\"@type\":\"ListItem\",\"position\":2,\"name\":\"Integritetspolicy\"}]},{\"@type\":\"WebSite\",\"@id\":\"https:\\\/\\\/magnetarmagnets.com\\\/sv\\\/#website\",\"url\":\"https:\\\/\\\/magnetarmagnets.com\\\/sv\\\/\",\"name\":\"Magnet fishing with a Magnetar fishing magnet\",\"description\":\"Kraftfulla magneter f\u00f6r magnetfiske\",\"publisher\":{\"@id\":\"https:\\\/\\\/magnetarmagnets.com\\\/sv\\\/#organization\"},\"potentialAction\":[{\"@type\":\"SearchAction\",\"target\":{\"@type\":\"EntryPoint\",\"urlTemplate\":\"https:\\\/\\\/magnetarmagnets.com\\\/sv\\\/?s={search_term_string}\"},\"query-input\":{\"@type\":\"PropertyValueSpecification\",\"valueRequired\":true,\"valueName\":\"search_term_string\"}}],\"inLanguage\":\"sv-SE\"},{\"@type\":\"Organization\",\"@id\":\"https:\\\/\\\/magnetarmagnets.com\\\/sv\\\/#organization\",\"name\":\"Magnetar\",\"url\":\"https:\\\/\\\/magnetarmagnets.com\\\/sv\\\/\",\"logo\":{\"@type\":\"ImageObject\",\"inLanguage\":\"sv-SE\",\"@id\":\"https:\\\/\\\/magnetarmagnets.com\\\/sv\\\/#\\\/schema\\\/logo\\\/image\\\/\",\"url\":\"https:\\\/\\\/magnetarmagnets.com\\\/wp-content\\\/uploads\\\/2025\\\/05\\\/Logo-03_PNG-Black-scaled.png\",\"contentUrl\":\"https:\\\/\\\/magnetarmagnets.com\\\/wp-content\\\/uploads\\\/2025\\\/05\\\/Logo-03_PNG-Black-scaled.png\",\"width\":2560,\"height\":1658,\"caption\":\"Magnetar\"},\"image\":{\"@id\":\"https:\\\/\\\/magnetarmagnets.com\\\/sv\\\/#\\\/schema\\\/logo\\\/image\\\/\"},\"sameAs\":[\"https:\\\/\\\/www.facebook.com\\\/fishingmagnets\\\/\",\"https:\\\/\\\/www.instagram.com\\\/magnetar_magnets\\\/\",\"https:\\\/\\\/www.linkedin.com\\\/company\\\/magnetarbv\\\/?originalSubdomain=nl\",\"https:\\\/\\\/www.youtube.com\\\/c\\\/MagnetarVismagneet\"]}]}<\/script>\n<!-- \/ Yoast SEO plugin. -->","yoast_head_json":{"title":"Integritetspolicy - Magnet fishing with a Magnetar fishing magnet","robots":{"index":"noindex","follow":"nofollow"},"og_locale":"sv_SE","og_type":"article","og_title":"Integritetspolicy - Magnet fishing with a Magnetar fishing magnet","og_description":"Senast uppdaterad: 19 november 2021 Detta \u00e4r integritetspolicyn f\u00f6r Magnetar US, Inc., h\u00e4danefter kallad Magnetar. Detta dokument f\u00f6rklarar hur Magnetar hanterar behandlingen av dina personuppgifter. Vid behandling av dina personuppgifter iakttar Magnetar st\u00f6rsta m\u00f6jliga omsorg. Insamling av personuppgifter Om du anv\u00e4nder Magnetars tj\u00e4nster tillhandah\u00e5ller du sj\u00e4lv personuppgifter till Magnetar, eller s\u00e5 erh\u00e5lls dina personuppgifter inom [&hellip;]","og_url":"https:\/\/magnetarmagnets.com\/sv\/privacy-policy\/","og_site_name":"Magnet fishing with a Magnetar fishing magnet","article_publisher":"https:\/\/www.facebook.com\/fishingmagnets\/","article_modified_time":"2025-06-30T08:59:54+00:00","og_image":[{"width":2560,"height":1658,"url":"https:\/\/magnetarmagnets.com\/wp-content\/uploads\/2025\/05\/Logo-03_PNG-Black-scaled.png","type":"image\/png"}],"twitter_card":"summary_large_image","twitter_misc":{"Ber\u00e4knad l\u00e4stid":"8 minuter"},"schema":{"@context":"https:\/\/schema.org","@graph":[{"@type":"WebPage","@id":"https:\/\/magnetarmagnets.com\/sv\/privacy-policy\/","url":"https:\/\/magnetarmagnets.com\/sv\/privacy-policy\/","name":"Integritetspolicy - Magnet fishing with a Magnetar fishing magnet","isPartOf":{"@id":"https:\/\/magnetarmagnets.com\/sv\/#website"},"datePublished":"2014-04-08T06:47:46+00:00","dateModified":"2025-06-30T08:59:54+00:00","breadcrumb":{"@id":"https:\/\/magnetarmagnets.com\/sv\/privacy-policy\/#breadcrumb"},"inLanguage":"sv-SE","potentialAction":[{"@type":"ReadAction","target":["https:\/\/magnetarmagnets.com\/sv\/privacy-policy\/"]}]},{"@type":"BreadcrumbList","@id":"https:\/\/magnetarmagnets.com\/sv\/privacy-policy\/#breadcrumb","itemListElement":[{"@type":"ListItem","position":1,"name":"Home","item":"https:\/\/magnetarmagnets.com\/sv\/"},{"@type":"ListItem","position":2,"name":"Integritetspolicy"}]},{"@type":"WebSite","@id":"https:\/\/magnetarmagnets.com\/sv\/#website","url":"https:\/\/magnetarmagnets.com\/sv\/","name":"Magnet fishing with a Magnetar fishing magnet","description":"Kraftfulla magneter f\u00f6r magnetfiske","publisher":{"@id":"https:\/\/magnetarmagnets.com\/sv\/#organization"},"potentialAction":[{"@type":"SearchAction","target":{"@type":"EntryPoint","urlTemplate":"https:\/\/magnetarmagnets.com\/sv\/?s={search_term_string}"},"query-input":{"@type":"PropertyValueSpecification","valueRequired":true,"valueName":"search_term_string"}}],"inLanguage":"sv-SE"},{"@type":"Organization","@id":"https:\/\/magnetarmagnets.com\/sv\/#organization","name":"Magnetar","url":"https:\/\/magnetarmagnets.com\/sv\/","logo":{"@type":"ImageObject","inLanguage":"sv-SE","@id":"https:\/\/magnetarmagnets.com\/sv\/#\/schema\/logo\/image\/","url":"https:\/\/magnetarmagnets.com\/wp-content\/uploads\/2025\/05\/Logo-03_PNG-Black-scaled.png","contentUrl":"https:\/\/magnetarmagnets.com\/wp-content\/uploads\/2025\/05\/Logo-03_PNG-Black-scaled.png","width":2560,"height":1658,"caption":"Magnetar"},"image":{"@id":"https:\/\/magnetarmagnets.com\/sv\/#\/schema\/logo\/image\/"},"sameAs":["https:\/\/www.facebook.com\/fishingmagnets\/","https:\/\/www.instagram.com\/magnetar_magnets\/","https:\/\/www.linkedin.com\/company\/magnetarbv\/?originalSubdomain=nl","https:\/\/www.youtube.com\/c\/MagnetarVismagneet"]}]}},"_links":{"self":[{"href":"https:\/\/magnetarmagnets.com\/sv\/wp-json\/wp\/v2\/pages\/65724","targetHints":{"allow":["GET"]}}],"collection":[{"href":"https:\/\/magnetarmagnets.com\/sv\/wp-json\/wp\/v2\/pages"}],"about":[{"href":"https:\/\/magnetarmagnets.com\/sv\/wp-json\/wp\/v2\/types\/page"}],"author":[{"embeddable":true,"href":"https:\/\/magnetarmagnets.com\/sv\/wp-json\/wp\/v2\/users\/1"}],"replies":[{"embeddable":true,"href":"https:\/\/magnetarmagnets.com\/sv\/wp-json\/wp\/v2\/comments?post=65724"}],"version-history":[{"count":0,"href":"https:\/\/magnetarmagnets.com\/sv\/wp-json\/wp\/v2\/pages\/65724\/revisions"}],"wp:attachment":[{"href":"https:\/\/magnetarmagnets.com\/sv\/wp-json\/wp\/v2\/media?parent=65724"}],"curies":[{"name":"wp","href":"https:\/\/api.w.org\/{rel}","templated":true}]}}