{"id":65723,"date":"2014-04-08T22:22:39","date_gmt":"2014-04-08T20:22:39","guid":{"rendered":"https:\/\/magnetarmagnets.com\/terms-and-conditions\/"},"modified":"2025-06-30T11:18:13","modified_gmt":"2025-06-30T09:18:13","slug":"terms-and-conditions","status":"publish","type":"page","link":"https:\/\/magnetarmagnets.com\/sv\/terms-and-conditions\/","title":{"rendered":"Allm\u00e4nna villkor"},"content":{"rendered":"\n<p><strong>Artikel\u202f1. Allm\u00e4nt<\/strong><br>1.1. <strong>Korrespondens- och bes\u00f6ksadress<\/strong>: Eeuwlandseweg\u202f9d, (8181\u202fLM) Heerde, Nederl\u00e4nderna (Tel.nr: +31\u202f6\u202f51681066; E\u2011post: <a>info@magnetarmagnets.com<\/a>).<br>1.2. Allm\u00e4nna villkor har \u00e4ven registrerats hos Kamer van Koophandel och kan n\u00e5s via <a class=\"\" href=\"http:\/\/www.magnetarmagnets.com\">www.magnetarmagnets.com<\/a>.<\/p>\n\n\n\n<p><strong>Artikel\u202f2. Definitioner och till\u00e4mplighet<\/strong><br>2.1. F\u00f6ljande definitioner g\u00e4ller i dessa allm\u00e4nna villkor:<br>a. <em>Allm\u00e4nna villkor<\/em>: dessa allm\u00e4nna villkor.<br>b. <em>\u00c5ngerr\u00e4ttstid<\/em>: den period under vilken Konsumenten kan ut\u00f6va sin \u00e5ngerr\u00e4tt.<br>c. <em>Konsument<\/em>: fysisk person som inte handlar i yrkes- eller aff\u00e4rsverksamhet och ing\u00e5r ett Distansavtal med Magnetar.<br>d. <em>H\u00e5llbart medium<\/em>: vilket medel som helst som g\u00f6r det m\u00f6jligt f\u00f6r Magnetar eller Konsumenten att lagra information riktad personligen, s\u00e5 att den \u00e4r tillg\u00e4nglig f\u00f6r framtida bruk och of\u00f6r\u00e4ndrad kopiering.<br>e. <em>\u00c5ngerr\u00e4tt<\/em>: Konsumentens m\u00f6jlighet att dra sig ur Distansavtalet inom \u00e5ngerr\u00e4ttstiden.<br>f. <em>Magnetar<\/em>: Magnetar, med kontor p\u00e5 Eeuwlandseweg 9d, (8181\u202fLM) Heerde, Nederl\u00e4nderna, registrerat p\u00e5 Kamer van Koophandel nr\u202f76761851, och momsnummer NL\u202f860787357\u202fB01.<br>g. <em>Modell f\u00f6r \u00e5ngerblankett<\/em>: den av Magnetar tillhandah\u00e5llna \u00e5terkallandeblanketten som Konsumenten kan anv\u00e4nda f\u00f6r att ut\u00f6va \u00e5ngerr\u00e4tten.<br>h. <em>Distansavtal<\/em>: avtal ing\u00e5nget mellan Magnetar och Konsumenten via ett system organiserat av Magnetar f\u00f6r distansf\u00f6rs\u00e4ljning av varor, med hj\u00e4lp av ett eller flera distanskommunikationsmedel fram till och med avtalets ing\u00e5ende, d\u00e4r dessa villkor till\u00e4mpas.<br>i. <em>Skriftligen<\/em>: f\u00f6r dessa villkor inkluderar alla former av elektronisk kommunikation riktad till <a>info@magnetarmagnets.com<\/a>.<br>j. <em>Distanskommunikationsmedel<\/em>: vilket medel som helst som kan anv\u00e4ndas f\u00f6r att ing\u00e5 Distansavtalet utan fysisk n\u00e4rvaro av Konsumenten och Magnetar p\u00e5 samma plats samtidigt.<br>k. <em>Webbplats<\/em>: <a class=\"\" href=\"http:\/\/www.magnetarmagnets.com\">www.magnetarmagnets.com<\/a>.<br>l. <em>Varor<\/em>: alla de varor som Magnetar \u00e4r skyldigt att leverera.<\/p>\n\n\n\n<p>2.2. Dessa allm\u00e4nna villkor g\u00e4ller f\u00f6r alla offerter, erbjudanden, best\u00e4llningar och Distansavtal mellan Magnetar och Konsumenten.<br>2.3. Konsumentens egna k\u00f6pvillkor eller andra villkor \u00e4r uttryckligen f\u00f6rkastade.<br>2.4. Innan Distansavtalet ing\u00e5s ska Konsumenten f\u00e5 texten till dessa allm\u00e4nna villkor. Om detta inte \u00e4r rimligt m\u00f6jligt, ska det anges innan avtalet att villkoren finns hos Magnetar och kan s\u00e4ndas kostnadsfritt p\u00e5 beg\u00e4ran.<br>2.5. Vid elektroniskt avtal f\u00e5r villkoren, trots punkt\u202f2.4, st\u00e4llas tillg\u00e4ngliga elektroniskt p\u00e5 ett enkelt lagringsbart s\u00e4tt p\u00e5 h\u00e5llbart medium. Om detta inte \u00e4r m\u00f6jligt, ska det anges var villkoren kan n\u00e5s elektroniskt och att de kan s\u00e4ndas kostnadsfritt p\u00e5 beg\u00e4ran.<br>2.6. Om s\u00e4rskilda produkt\u2011 eller servicevillkor g\u00e4ller ut\u00f6ver dessa villkor, till\u00e4mpas punkt\u202f2.4 och\u202f2.5 motsvarande, och vid konflikt har Konsumenten r\u00e4tt att \u00e5beropa den mest f\u00f6rdelaktiga best\u00e4mmelsen.<br>2.7. Avvikelser fr\u00e5n villkoren \u00e4r endast giltiga om de avtalats skriftligen mellan Magnetar och Konsumenten.<br>2.8. I fr\u00e5gor som inte regleras av avtalet och\/eller villkoren, ska Magnetar g\u00f6ra en sk\u00e4lig l\u00f6sning.<br>2.9. Ogiltighet eller verkst\u00e4llighetshinder f\u00f6r en eller flera best\u00e4mmelser p\u00e5verkar inte giltigheten f\u00f6r \u00f6vriga best\u00e4mmelser. Om en best\u00e4mmelse \u00e4r ogiltig eller inte verkst\u00e4llbar, ska Magnetar ers\u00e4tta den med en giltig best\u00e4mmelse som, i m\u00f6jligaste m\u00e5n, motsvarar ursprunglig avsikt och syfte.<br>2.10. Oklarheter i tolkning ska tolkas i linje med villkoren.<\/p>\n\n\n\n<p><strong>Artikel\u202f3. Erbjudanden och offerter<\/strong><br>3.1. Erbjudanden och offerter fr\u00e5n Magnetar \u00e4r icke-bindande. Magnetar f\u00f6rbeh\u00e5ller sig r\u00e4tten att \u00e4ndra eller justera erbjudandet. Om erbjudandet har giltighetstid eller villkor anges detta uttryckligen.<br>3.2. Varje erbjudande inneh\u00e5ller tillr\u00e4cklig information f\u00f6r att Konsumenten ska f\u00f6rst\u00e5 sina r\u00e4ttigheter och skyldigheter vid accept. Informationen inkluderar pris inklusive moms, transportkostnader, hur avtalet ing\u00e5s, \u00e5ngerr\u00e4ttens till\u00e4mplighet, betalnings\u2011 och leveransvillkor, giltighetstid, kommunikationskostnader, arkivering och tillg\u00e5ng till avtalet, r\u00e4tt till granskning\/korrigering, spr\u00e5k och uppf\u00f6randekoder.<br>3.3. Om bilder anv\u00e4nds, ska dessa korrekt \u00e5terge varan\/tj\u00e4nsten.<br>3.4. Tydliga fel eller misstag i erbjudandet \u00e4r inte bindande f\u00f6r Magnetar.<br>3.5. Avtalet ing\u00e5s n\u00e4r Konsumenten accepterar erbjudandet enligt\u202f3.8.<br>3.6. Vid elektronisk accept kommer Magnetar skicka en bekr\u00e4ftelse utan dr\u00f6jsm\u00e5l. Fram tills dess kan Konsumenten h\u00e4va avtalet.<br>3.7. Magnetar ska vid elektroniskt avtal till\u00e4mpa tekniska och organisatoriska s\u00e4kerhets\u00e5tg\u00e4rder.<br>3.8. Inom lagens ramar kan Magnetar kontrollera om Konsumenten kan fullg\u00f6ra sina betalningsskyldigheter. Vid tveksamheter har Magnetar r\u00e4tt att v\u00e4gra eller st\u00e4lla villkor.<br>3.9. Med leveransen ska f\u00f6ljande bifogas: bes\u00f6ksadress, reklamationsrutiner eller \u00e5ngerr\u00e4ttsundandraganden, garantier\/efters\u00e4ljning samt den info som n\u00e4mnts i\u202f3.2.<br>3.10. Avtalet ing\u00e5s under f\u00f6ruts\u00e4ttning att varorna finns tillg\u00e4ngliga.<\/p>\n\n\n\n<p><strong>Artikel\u202f4. \u00c5ngerr\u00e4tt<\/strong><br>4.1. Vid k\u00f6p av Varor har Konsumenten r\u00e4tt att h\u00e4va Distansavtalet utan att ange sk\u00e4l inom trettio (30) dagar. Denna \u00e5ngerperiod b\u00f6rjar dagen efter mottagandet av Varorna av Konsumenten eller av tredje part som Konsumenten utsett och meddelat Magnetar. Magnetar kan fr\u00e5ga om orsaken till \u00e5nger, men Konsumenten \u00e4r inte skyldig att uppge den.<br>4.2. Under \u00e5ngerperioden ska Konsumenten hantera Varorna och f\u00f6rpackningen varsamt. Konsumenten f\u00e5r endast \u00f6ppna eller anv\u00e4nda Varorna i den utstr\u00e4ckning som \u00e4r n\u00f6dv\u00e4ndig f\u00f6r att unders\u00f6ka om denne vill beh\u00e5lla dem, p\u00e5 samma s\u00e4tt som i en fysisk butik.<br>4.3. Konsumenten ansvarar endast f\u00f6r v\u00e4rdeminskning som beror p\u00e5 hantering som g\u00e5r ut\u00f6ver vad som \u00e4r till\u00e5tet enligt 4.2.<br>4.4. Konsumenten ansvarar inte f\u00f6r v\u00e4rdeminskning om Magnetar inte l\u00e4mnat all lagstadgad information om \u00e5ngerr\u00e4tten vid eller f\u00f6re avtalsing\u00e5endet.<br>4.5. F\u00f6r att ut\u00f6va \u00e5ngerr\u00e4tten m\u00e5ste Konsumenten meddela Magnetar skriftligen inom trettio (30) dagar fr\u00e5n mottagandet. D\u00e4refter har Konsumenten fjorton (14) dagar p\u00e5 sig att returnera Varorna, med bevis f\u00f6r retur (t.ex. fraktsedel). Magnetar bekr\u00e4ftar h\u00e4vningen via e\u2011post n\u00e4r anm\u00e4lan och returvillkoren \u00e4r uppfyllda.<br>4.6. Vid ut\u00f6vande av \u00e5ngerr\u00e4tten ska Varorna returneras oskadade, kompletta med tillbeh\u00f6r, i originalskick och enligt Magnetars anvisningar.<br>4.7. Om Varorna f\u00f6rs\u00e4mrats i v\u00e4rde p\u00e5 grund av hantering ut\u00f6ver unders\u00f6kning av art, egenskaper eller funktion, har Magnetar r\u00e4tt att kr\u00e4va ers\u00e4ttning f\u00f6r v\u00e4rdeminskningen.<br>4.8. Om Magnetar till\u00e5ter skriftlig anm\u00e4lan om \u00e5nger, skickar Magnetar bekr\u00e4ftelse om mottagandet utan dr\u00f6jsm\u00e5l.<br>4.9. Magnetar \u00e5terbetalar alla erh\u00e5llna betalningar, med avdrag f\u00f6r eventuell v\u00e4rdeminskning, senast fjorton (14) dagar efter h\u00e4vning, f\u00f6rutsatt att Varorna mottagits eller att Konsumenten visat att de returnerats.<br>4.10. \u00c5terbetalning sker via samma betalningsmetod som Konsumenten anv\u00e4nde, om inget annat avtalats. \u00c5terbetalningen \u00e4r kostnadsfri f\u00f6r Konsumenten.<br>4.11. Vid ut\u00f6vande av \u00e5ngerr\u00e4tten h\u00e4vs automatiskt alla till\u00e4ggsavtal till Distansavtalet enligt lag.<\/p>\n\n\n\n<p><strong>Artikel\u202f5. Kostnader vid \u00e5ngerr\u00e4tt<\/strong><br>5.1. Vid ut\u00f6vande av \u00e5ngerr\u00e4tten st\u00e5r Konsumenten f\u00f6r returkostnader.<br>5.2. Om Konsumenten redan betalat, \u00e5terbetalar Magnetar beloppet senast fjorton (14) dagar efter \u00e5nger, f\u00f6rutsatt att Varorna mottagits eller bevis om retur finns.<\/p>\n\n\n\n<p><strong>Artikel\u202f6. Undantag fr\u00e5n \u00e5ngerr\u00e4tt<\/strong><br>6.1. Magnetar kan undanta \u00e5ngerr\u00e4tten f\u00f6r vissa Varor enligt 6.2, endast om detta tydligt angivits i erbjudandet eller f\u00f6re avtalets ing\u00e5ende.<br>6.2. Undantag g\u00e4ller Varor som:<br>(i) tillverkats enligt Konsumentens specifikationer;<br>(ii) \u00e4r uppenbart personlig art;<br>(iii) p\u00e5 grund av sin natur inte kan returneras; eller<br>(iv) snabbt f\u00f6rs\u00e4mras eller f\u00f6r\u00e5ldras.<\/p>\n\n\n\n<p><strong>Artikel\u202f7. Pris och betalning<\/strong><br>7.1. Under giltighetstiden f\u00f6r erbjudandet f\u00e5r priserna inte h\u00f6jas, dock \u00e4ndras moms om lagstiftningen f\u00f6r\u00e4ndras.<br>7.2. Om inget annat avtalats, tillkommer ingen fraktkostnad f\u00f6r Konsumenten.<br>7.3. Prish\u00f6jningar inom tre (3) m\u00e5nader efter avtalets ing\u00e5ende f\u00e5r endast ske om de beror p\u00e5 lag\u00e4ndringar.<br>7.4. Efter tre m\u00e5nader f\u00e5r prish\u00f6jningar endast ske om det avtalats och antingen beror p\u00e5 lag\u00e4ndring eller ger Konsumenten r\u00e4tt att s\u00e4ga upp avtalet fr\u00e5n det datum prish\u00f6jningen g\u00e4ller.<br>7.5. Priser i erbjudandet inkluderar moms.<br>7.6. Om inget annat avtalats, ska Konsumenten betala inom fjorton (14) dagar efter \u00e5ngerperiodens b\u00f6rjan enligt 4.1.<br>7.7. Betalning ska ske med en av Magnetars betalningsmetoder. Vid f\u00f6rskottsbetalning g\u00e4ller att inga r\u00e4ttigheter uppst\u00e5r innan Magnetar mottagit betalningen.<br>7.8. Konsumenten \u00e4r skyldig att omedelbart r\u00e4tta felaktiga betalningsuppgifter.<br>7.9. Vid utebliven betalning har Magnetar r\u00e4tt att debitera rimliga kostnader \u2013 dessa har kommunicerats i f\u00f6rv\u00e4g.<br>7.10. Vid f\u00f6rsenad betalning ges Konsumenten fjorton (14) dagar att betala. Efter detta tillkommer dr\u00f6jsm\u00e5lsr\u00e4nta och inkassokostnader enligt skala: 15\u202f% p\u00e5 belopp upp till 2\u202f500\u202f\u20ac, 10\u202f% p\u00e5 f\u00f6ljande 2\u202f500\u202f\u20ac och 5\u202f% p\u00e5 ytterligare 5\u202f000\u202f\u20ac, dock minst 40\u202f\u20ac.<\/p>\n\n\n\n<p><strong>Artikel\u202f8. Uppfyllelse och garanti<\/strong><br>8.1. Magnetar garanterar att Varorna \u00f6verensst\u00e4mmer med avtalet, offererad specifikation, sk\u00e4lig anv\u00e4ndbarhet samt lag- och myndighetskrav vid avtalstidpunkten. Om avtalats, garanterar man \u00e4ven f\u00f6r s\u00e4rskilt syfte.<br>8.2. Garanti fr\u00e5n Magnetar, tillverkare eller import\u00f6r p\u00e5verkar inte Konsumentens lagstadgade r\u00e4ttigheter.<br>8.3. Felaktiga eller felaktigt levererade Varor ska skriftligen rapporteras av Konsumenten inom fyra (4) veckor efter leverans.<br>8.4. Magnetars garantitid motsvarar tillverkarens, dock ansvarar inte Magnetar f\u00f6r slutgiltig l\u00e4mplighet eller r\u00e5d om anv\u00e4ndning.<br>8.5. Garantin g\u00e4ller inte vid skador orsakade av extern p\u00e5verkan, felaktig anv\u00e4ndning, avvikelse fr\u00e5n instruktioner eller obeh\u00f6riga reparationer eller modifieringar.<\/p>\n\n\n\n<p><strong>Artikel\u202f9. Integritet<\/strong><br>9.1. Magnetar f\u00f6ljer GDPR i sin integritetspolicy och persondatabehandling.<\/p>\n\n\n\n<p><strong>Artikel\u202f10. Fullg\u00f6rande av avtalet<\/strong><br>10.1. Magnetar hanterar order och leveranser med st\u00f6rsta omsorg.<br>10.2. Leveransadress \u00e4r den adress som Konsumenten angivit. Vid utebliven s\u00e5dan g\u00e4ller fakturaadress som leveransadress. Vid upph\u00e4mtning g\u00e4ller avtalad tid och plats.<br>10.3. Vid f\u00f6rsenad leverans p.g.a. kunden, har Magnetar r\u00e4tt att f\u00f6rl\u00e4nga leveranstiden och debitera eventuella merkostnader.<br>10.4. Magnetar levererar inom 30 dagar om inget annat avtalats. Vid f\u00f6rsening informeras Konsumenten senast d\u00e5, och Konsumenten kan h\u00e4va avtalet kostnadsfritt samt beg\u00e4ra eventuell ers\u00e4ttning.<br>10.5. Leveranstider \u00e4r endast v\u00e4gledande. Ej giltig grund f\u00f6r ers\u00e4ttning vid \u00f6verskridande.<br>10.6. Vid h\u00e4vning enligt 10.4, \u00e5terbetalas belopp senast 14 dagar efter h\u00e4vning.<br>10.7. Vid om\u00f6jlig leverans erbjuder Magnetar ers\u00e4ttningsvara, med tydlig information till Konsumenten. \u00c5nger g\u00e4ller och retur bekostas av Konsumenten.<br>10.8. Risken f\u00f6r Varornas skada eller f\u00f6rlust ligger hos Magnetar fram till leverans.<br>10.9. Del-leverans \u00e4r till\u00e5ten. \u00c5ngerperioden l\u00f6per fr\u00e5n sista del-leveransen.<br>10.10. Om Konsumenten v\u00e4grar ta emot eller inte m\u00f6jligg\u00f6r leveransen, ansvarar denne f\u00f6r priset, lager- och ev. kassationskostnader.<\/p>\n\n\n\n<p><strong>Artikel\u202f11. L\u00f6pande avtal: l\u00f6ptid, upps\u00e4gning och f\u00f6rl\u00e4ngning<\/strong><br>11.1. Konsumenten kan n\u00e4r som helst s\u00e4ga upp ett l\u00f6pande avtal med h\u00f6gst en (1) m\u00e5nads upps\u00e4gningstid enligt avtal.<br>11.2. Tidsbundet avtal med regelbundna leveranser kan s\u00e4gas upp i slutet av avtalsperioden med en m\u00e5nads upps\u00e4gningstid.<br>11.3. F\u00f6r avtal enligt 11.1 och 11.2 g\u00e4ller:<br>(i) upps\u00e4gning n\u00e4r som helst,<br>(ii) samma s\u00e4tt som ing\u00e5ng,<br>(iii) samma upps\u00e4gningstid som Magnetar.<br>11.4. Tidsbundna avtal f\u00f6rl\u00e4ngs inte automatiskt.<br>11.5. Avtal l\u00e4ngre \u00e4n ett \u00e5r kan s\u00e4gas upp efter ett \u00e5r med en m\u00e5nads upps\u00e4gningstid, om inte sk\u00e4lighet talar emot tidigare upps\u00e4gning.<\/p>\n\n\n\n<p><strong>Artikel\u202f12. Force majeure (h\u00f6gre makt)<\/strong><br>12.1. Ut\u00f6ver vad lagen s\u00e4ger, omfattar force majeure alla omst\u00e4ndigheter utanf\u00f6r Magnetars kontroll som f\u00f6rhindrar fullg\u00f6rande.<br>12.2. Exempel \u00e4r krig, terrorism, uppror, mobilisering, regeringsbeslut, strejk, valuta- och automatiseringsst\u00f6rningar, brand, sabbotage, naturfenomen, transportproblem, elavbrott p\u00e5 grund av v\u00e4der eller olyckor.<br>12.3. Vid force majeure upph\u00f6r parternas skyldigheter tillf\u00e4lligt.<br>12.4. Om avtalet permanent om\u00f6jligg\u00f6rs av force majeure, f\u00e5r b\u00e5da parter h\u00e4va det omedelbart.<\/p>\n\n\n\n<p><strong>Artikel\u202f13. Reklamationer<\/strong><br>13.1. Magnetar har en tillg\u00e4nglig reklamationshantering enligt denna procedur.<br>13.2. Reklamationer ska skriftligen g\u00f6ras inom fem (5) dagar efter att felet uppt\u00e4ckts och med tydlig beskrivning.<br>13.3. Svar p\u00e5 reklamation ges inom fjorton (14) dagar; vid l\u00e4ngre handl\u00e4ggningstid skickas bekr\u00e4ftelse och uppskattad tid.<br>13.4. Konsumenten ska ge Magnetar minst fyra (4) veckor att l\u00f6sa \u00e4rendet. Om detta inte sker uppst\u00e5r en tvist som omfattas av tvistl\u00f6sningsf\u00f6rfarande.<br>13.5. Om reklamationen godk\u00e4nns av Magnetar, kommer varen att bytas ut eller repareras kostnadsfritt efter eget val.<\/p>\n\n\n\n<p><strong>Artikel\u202f14. Till\u00e4mplig lag och forum<\/strong><br>14.1. Alla Distansavtal regleras exklusivt av nederl\u00e4ndsk r\u00e4tt, \u00e4ven om Konsumenten bor utomlands.<br>14.2. FNs konvention om internationella f\u00f6rs\u00e4ljningsavtal (CISG) utesluts.<\/p>\n\n\n\n<p><strong>Artikel\u202f15. Ytterligare eller avvikande best\u00e4mmelser<\/strong><br>15.1. Ytterligare eller avvikande best\u00e4mmelser f\u00e5r inte f\u00f6rs\u00e4mra Konsumentens st\u00e4llning och m\u00e5ste vara skriftliga eller lagringsbara p\u00e5 h\u00e5llbart medium.<\/p>\n\n\n\n<p><\/p>\n","protected":false},"excerpt":{"rendered":"<p>Artikel\u202f1. Allm\u00e4nt1.1. Korrespondens- och bes\u00f6ksadress: Eeuwlandseweg\u202f9d, (8181\u202fLM) Heerde, Nederl\u00e4nderna (Tel.nr: +31\u202f6\u202f51681066; E\u2011post: info@magnetarmagnets.com).1.2. Allm\u00e4nna villkor har \u00e4ven registrerats hos Kamer van Koophandel och kan n\u00e5s via www.magnetarmagnets.com. Artikel\u202f2. Definitioner och till\u00e4mplighet2.1. F\u00f6ljande definitioner g\u00e4ller i dessa allm\u00e4nna villkor:a. Allm\u00e4nna villkor: dessa allm\u00e4nna villkor.b. \u00c5ngerr\u00e4ttstid: den period under vilken Konsumenten kan ut\u00f6va sin \u00e5ngerr\u00e4tt.c. Konsument: fysisk [&hellip;]<\/p>\n","protected":false},"author":1,"featured_media":0,"parent":0,"menu_order":0,"comment_status":"open","ping_status":"open","template":"","meta":{"_acf_changed":false,"inline_featured_image":false,"footnotes":""},"class_list":["post-65723","page","type-page","status-publish","hentry"],"acf":[],"yoast_head":"<!-- This site is optimized with the Yoast SEO plugin v27.4 - https:\/\/yoast.com\/product\/yoast-seo-wordpress\/ -->\n<title>Allm\u00e4nna villkor - Magnet fishing with a Magnetar fishing magnet<\/title>\n<meta name=\"robots\" content=\"noindex, nofollow\" \/>\n<meta property=\"og:locale\" content=\"sv_SE\" \/>\n<meta property=\"og:type\" content=\"article\" \/>\n<meta property=\"og:title\" content=\"Allm\u00e4nna villkor - Magnet fishing with a Magnetar fishing magnet\" \/>\n<meta property=\"og:description\" content=\"Artikel\u202f1. Allm\u00e4nt1.1. Korrespondens- och bes\u00f6ksadress: Eeuwlandseweg\u202f9d, (8181\u202fLM) Heerde, Nederl\u00e4nderna (Tel.nr: +31\u202f6\u202f51681066; E\u2011post: info@magnetarmagnets.com).1.2. Allm\u00e4nna villkor har \u00e4ven registrerats hos Kamer van Koophandel och kan n\u00e5s via www.magnetarmagnets.com. Artikel\u202f2. Definitioner och till\u00e4mplighet2.1. F\u00f6ljande definitioner g\u00e4ller i dessa allm\u00e4nna villkor:a. Allm\u00e4nna villkor: dessa allm\u00e4nna villkor.b. \u00c5ngerr\u00e4ttstid: den period under vilken Konsumenten kan ut\u00f6va sin \u00e5ngerr\u00e4tt.c. Konsument: fysisk [&hellip;]\" \/>\n<meta property=\"og:url\" content=\"https:\/\/magnetarmagnets.com\/sv\/terms-and-conditions\/\" \/>\n<meta property=\"og:site_name\" content=\"Magnet fishing with a Magnetar fishing magnet\" \/>\n<meta property=\"article:publisher\" content=\"https:\/\/www.facebook.com\/fishingmagnets\/\" \/>\n<meta property=\"article:modified_time\" content=\"2025-06-30T09:18:13+00:00\" \/>\n<meta property=\"og:image\" content=\"https:\/\/magnetarmagnets.com\/wp-content\/uploads\/2025\/05\/Logo-03_PNG-Black-scaled.png\" \/>\n\t<meta property=\"og:image:width\" content=\"2560\" \/>\n\t<meta property=\"og:image:height\" content=\"1658\" \/>\n\t<meta property=\"og:image:type\" content=\"image\/png\" \/>\n<meta name=\"twitter:card\" content=\"summary_large_image\" \/>\n<meta name=\"twitter:label1\" content=\"Ber\u00e4knad l\u00e4stid\" \/>\n\t<meta name=\"twitter:data1\" content=\"8 minuter\" \/>\n<script type=\"application\/ld+json\" class=\"yoast-schema-graph\">{\"@context\":\"https:\\\/\\\/schema.org\",\"@graph\":[{\"@type\":\"WebPage\",\"@id\":\"https:\\\/\\\/magnetarmagnets.com\\\/sv\\\/terms-and-conditions\\\/\",\"url\":\"https:\\\/\\\/magnetarmagnets.com\\\/sv\\\/terms-and-conditions\\\/\",\"name\":\"Allm\u00e4nna villkor - Magnet fishing with a Magnetar fishing magnet\",\"isPartOf\":{\"@id\":\"https:\\\/\\\/magnetarmagnets.com\\\/sv\\\/#website\"},\"datePublished\":\"2014-04-08T20:22:39+00:00\",\"dateModified\":\"2025-06-30T09:18:13+00:00\",\"breadcrumb\":{\"@id\":\"https:\\\/\\\/magnetarmagnets.com\\\/sv\\\/terms-and-conditions\\\/#breadcrumb\"},\"inLanguage\":\"sv-SE\",\"potentialAction\":[{\"@type\":\"ReadAction\",\"target\":[\"https:\\\/\\\/magnetarmagnets.com\\\/sv\\\/terms-and-conditions\\\/\"]}]},{\"@type\":\"BreadcrumbList\",\"@id\":\"https:\\\/\\\/magnetarmagnets.com\\\/sv\\\/terms-and-conditions\\\/#breadcrumb\",\"itemListElement\":[{\"@type\":\"ListItem\",\"position\":1,\"name\":\"Home\",\"item\":\"https:\\\/\\\/magnetarmagnets.com\\\/sv\\\/\"},{\"@type\":\"ListItem\",\"position\":2,\"name\":\"Allm\u00e4nna villkor\"}]},{\"@type\":\"WebSite\",\"@id\":\"https:\\\/\\\/magnetarmagnets.com\\\/sv\\\/#website\",\"url\":\"https:\\\/\\\/magnetarmagnets.com\\\/sv\\\/\",\"name\":\"Magnet fishing with a Magnetar fishing magnet\",\"description\":\"Kraftfulla magneter f\u00f6r magnetfiske\",\"publisher\":{\"@id\":\"https:\\\/\\\/magnetarmagnets.com\\\/sv\\\/#organization\"},\"potentialAction\":[{\"@type\":\"SearchAction\",\"target\":{\"@type\":\"EntryPoint\",\"urlTemplate\":\"https:\\\/\\\/magnetarmagnets.com\\\/sv\\\/?s={search_term_string}\"},\"query-input\":{\"@type\":\"PropertyValueSpecification\",\"valueRequired\":true,\"valueName\":\"search_term_string\"}}],\"inLanguage\":\"sv-SE\"},{\"@type\":\"Organization\",\"@id\":\"https:\\\/\\\/magnetarmagnets.com\\\/sv\\\/#organization\",\"name\":\"Magnetar\",\"url\":\"https:\\\/\\\/magnetarmagnets.com\\\/sv\\\/\",\"logo\":{\"@type\":\"ImageObject\",\"inLanguage\":\"sv-SE\",\"@id\":\"https:\\\/\\\/magnetarmagnets.com\\\/sv\\\/#\\\/schema\\\/logo\\\/image\\\/\",\"url\":\"https:\\\/\\\/magnetarmagnets.com\\\/wp-content\\\/uploads\\\/2025\\\/05\\\/Logo-03_PNG-Black-scaled.png\",\"contentUrl\":\"https:\\\/\\\/magnetarmagnets.com\\\/wp-content\\\/uploads\\\/2025\\\/05\\\/Logo-03_PNG-Black-scaled.png\",\"width\":2560,\"height\":1658,\"caption\":\"Magnetar\"},\"image\":{\"@id\":\"https:\\\/\\\/magnetarmagnets.com\\\/sv\\\/#\\\/schema\\\/logo\\\/image\\\/\"},\"sameAs\":[\"https:\\\/\\\/www.facebook.com\\\/fishingmagnets\\\/\",\"https:\\\/\\\/www.instagram.com\\\/magnetar_magnets\\\/\",\"https:\\\/\\\/www.linkedin.com\\\/company\\\/magnetarbv\\\/?originalSubdomain=nl\",\"https:\\\/\\\/www.youtube.com\\\/c\\\/MagnetarVismagneet\"]}]}<\/script>\n<!-- \/ Yoast SEO plugin. -->","yoast_head_json":{"title":"Allm\u00e4nna villkor - Magnet fishing with a Magnetar fishing magnet","robots":{"index":"noindex","follow":"nofollow"},"og_locale":"sv_SE","og_type":"article","og_title":"Allm\u00e4nna villkor - Magnet fishing with a Magnetar fishing magnet","og_description":"Artikel\u202f1. Allm\u00e4nt1.1. Korrespondens- och bes\u00f6ksadress: Eeuwlandseweg\u202f9d, (8181\u202fLM) Heerde, Nederl\u00e4nderna (Tel.nr: +31\u202f6\u202f51681066; E\u2011post: info@magnetarmagnets.com).1.2. Allm\u00e4nna villkor har \u00e4ven registrerats hos Kamer van Koophandel och kan n\u00e5s via www.magnetarmagnets.com. Artikel\u202f2. Definitioner och till\u00e4mplighet2.1. F\u00f6ljande definitioner g\u00e4ller i dessa allm\u00e4nna villkor:a. Allm\u00e4nna villkor: dessa allm\u00e4nna villkor.b. \u00c5ngerr\u00e4ttstid: den period under vilken Konsumenten kan ut\u00f6va sin \u00e5ngerr\u00e4tt.c. Konsument: fysisk [&hellip;]","og_url":"https:\/\/magnetarmagnets.com\/sv\/terms-and-conditions\/","og_site_name":"Magnet fishing with a Magnetar fishing magnet","article_publisher":"https:\/\/www.facebook.com\/fishingmagnets\/","article_modified_time":"2025-06-30T09:18:13+00:00","og_image":[{"width":2560,"height":1658,"url":"https:\/\/magnetarmagnets.com\/wp-content\/uploads\/2025\/05\/Logo-03_PNG-Black-scaled.png","type":"image\/png"}],"twitter_card":"summary_large_image","twitter_misc":{"Ber\u00e4knad l\u00e4stid":"8 minuter"},"schema":{"@context":"https:\/\/schema.org","@graph":[{"@type":"WebPage","@id":"https:\/\/magnetarmagnets.com\/sv\/terms-and-conditions\/","url":"https:\/\/magnetarmagnets.com\/sv\/terms-and-conditions\/","name":"Allm\u00e4nna villkor - Magnet fishing with a Magnetar fishing magnet","isPartOf":{"@id":"https:\/\/magnetarmagnets.com\/sv\/#website"},"datePublished":"2014-04-08T20:22:39+00:00","dateModified":"2025-06-30T09:18:13+00:00","breadcrumb":{"@id":"https:\/\/magnetarmagnets.com\/sv\/terms-and-conditions\/#breadcrumb"},"inLanguage":"sv-SE","potentialAction":[{"@type":"ReadAction","target":["https:\/\/magnetarmagnets.com\/sv\/terms-and-conditions\/"]}]},{"@type":"BreadcrumbList","@id":"https:\/\/magnetarmagnets.com\/sv\/terms-and-conditions\/#breadcrumb","itemListElement":[{"@type":"ListItem","position":1,"name":"Home","item":"https:\/\/magnetarmagnets.com\/sv\/"},{"@type":"ListItem","position":2,"name":"Allm\u00e4nna villkor"}]},{"@type":"WebSite","@id":"https:\/\/magnetarmagnets.com\/sv\/#website","url":"https:\/\/magnetarmagnets.com\/sv\/","name":"Magnet fishing with a Magnetar fishing magnet","description":"Kraftfulla magneter f\u00f6r magnetfiske","publisher":{"@id":"https:\/\/magnetarmagnets.com\/sv\/#organization"},"potentialAction":[{"@type":"SearchAction","target":{"@type":"EntryPoint","urlTemplate":"https:\/\/magnetarmagnets.com\/sv\/?s={search_term_string}"},"query-input":{"@type":"PropertyValueSpecification","valueRequired":true,"valueName":"search_term_string"}}],"inLanguage":"sv-SE"},{"@type":"Organization","@id":"https:\/\/magnetarmagnets.com\/sv\/#organization","name":"Magnetar","url":"https:\/\/magnetarmagnets.com\/sv\/","logo":{"@type":"ImageObject","inLanguage":"sv-SE","@id":"https:\/\/magnetarmagnets.com\/sv\/#\/schema\/logo\/image\/","url":"https:\/\/magnetarmagnets.com\/wp-content\/uploads\/2025\/05\/Logo-03_PNG-Black-scaled.png","contentUrl":"https:\/\/magnetarmagnets.com\/wp-content\/uploads\/2025\/05\/Logo-03_PNG-Black-scaled.png","width":2560,"height":1658,"caption":"Magnetar"},"image":{"@id":"https:\/\/magnetarmagnets.com\/sv\/#\/schema\/logo\/image\/"},"sameAs":["https:\/\/www.facebook.com\/fishingmagnets\/","https:\/\/www.instagram.com\/magnetar_magnets\/","https:\/\/www.linkedin.com\/company\/magnetarbv\/?originalSubdomain=nl","https:\/\/www.youtube.com\/c\/MagnetarVismagneet"]}]}},"_links":{"self":[{"href":"https:\/\/magnetarmagnets.com\/sv\/wp-json\/wp\/v2\/pages\/65723","targetHints":{"allow":["GET"]}}],"collection":[{"href":"https:\/\/magnetarmagnets.com\/sv\/wp-json\/wp\/v2\/pages"}],"about":[{"href":"https:\/\/magnetarmagnets.com\/sv\/wp-json\/wp\/v2\/types\/page"}],"author":[{"embeddable":true,"href":"https:\/\/magnetarmagnets.com\/sv\/wp-json\/wp\/v2\/users\/1"}],"replies":[{"embeddable":true,"href":"https:\/\/magnetarmagnets.com\/sv\/wp-json\/wp\/v2\/comments?post=65723"}],"version-history":[{"count":0,"href":"https:\/\/magnetarmagnets.com\/sv\/wp-json\/wp\/v2\/pages\/65723\/revisions"}],"wp:attachment":[{"href":"https:\/\/magnetarmagnets.com\/sv\/wp-json\/wp\/v2\/media?parent=65723"}],"curies":[{"name":"wp","href":"https:\/\/api.w.org\/{rel}","templated":true}]}}