{"id":65719,"date":"2022-03-30T00:47:01","date_gmt":"2022-03-29T22:47:01","guid":{"rendered":"https:\/\/magnetarmagnets.com\/double-sided-fishing-magnet\/"},"modified":"2025-09-18T10:11:22","modified_gmt":"2025-09-18T08:11:22","slug":"dubbelsidig-fiskemagnet","status":"publish","type":"page","link":"https:\/\/magnetarmagnets.com\/sv\/dubbelsidig-fiskemagnet\/","title":{"rendered":"Dubbelsidig fiskemagnet"},"content":{"rendered":"\n<p>Den dubbelsidiga fiskemagneten \u00e4r en kraft att r\u00e4kna med under vattenytan. V\u00e5ra kraftfulla dubbelsidiga neodymmagneter \u00f6kar dina chanser att hitta st\u00f6rre och b\u00e4ttre skatter fr\u00e5n tv\u00e5 h\u00e5ll. Dessutom, om ena sidan av magneten skulle begravas i sand eller lera, har du fortfarande en fungerande sida kvar. Utforska produkterna nedan f\u00f6r att hitta den dubbelsidiga magnet som du kommer att anv\u00e4nda i m\u00e5nga \u00e5r fram\u00f6ver!   <\/p>\n\n\n<div class=\"woocommerce columns-4 \"><\/div>\n\n\n\n<p>Det viktigaste tillbeh\u00f6ret f\u00f6r <a href=\"https:\/\/magnetarmagnets.com\/sv\/\">magnetfiske<\/a> \u00e4r sj\u00e4lva magneten. <\/p>\n\n\n\n<p>Dubbelsidiga fiskemagneter har dragkraft p\u00e5 tv\u00e5 sidor f\u00f6r att \u00f6ka b\u00e5de kvaliteten och m\u00e4ngden av dina fynd. Det \u00e4r n\u00e4stan som att ha tv\u00e5 kraftfulla magneter som arbetar i olika riktningar f\u00f6r att hj\u00e4lpa dig att leta efter skatter under vattenytan.  <\/p>\n\n\n\n<p><strong>Handla andra magneter:<\/strong><\/p>\n\n\n\n<ul class=\"wp-block-list\">\n<li><a href=\"https:\/\/magnetarmagnets.com\/sv\/collections\/fiske-magneter\/enkelsidiga-fiske-magneter\/\" target=\"_blank\" rel=\"noreferrer noopener\">Enkelsidiga fiskemagneter<\/a> anv\u00e4nder en koncentrerad dragkraft p\u00e5 en sida. <\/li>\n\n\n\n<li><a href=\"https:\/\/magnetarmagnets.com\/sv\/collections\/fiske-magneter\/allround-360-fiske-magneter\/\" target=\"_blank\" rel=\"noreferrer noopener\">Allround 360\u00b0-magneter<\/a> har magnetisk kraft i alla riktningar runt magneten. <\/li>\n<\/ul>\n\n\n\n<h2 class=\"wp-block-heading\">Dubbelsidigt magnetfiskekit<\/h2>\n\n\n\n<p>V\u00e5ra Bulldog-kit \u00e4r utrustade med allt du beh\u00f6ver f\u00f6r ditt n\u00e4sta \u00e4ventyr. <\/p>\n\n\n\n<p>Kitet inneh\u00e5ller: en dubbelsidig magnet (&#8220;The Bulldog&#8221;), ett starkt orangef\u00e4rgat <a href=\"https:\/\/magnetarmagnets.com\/sv\/shop\/rep-for-magnetfiske-20-meter-65-fot\/\">rep f\u00f6r magnetfiske<\/a>, en flaska g\u00e4ngl\u00e5smedel f\u00f6r att f\u00f6rhindra att \u00f6glebulten lossnar samt Triton-handskar. Bulldog \u00e4r en otroligt kraftfull magnet med en sammanlagd maximal dragkraft p\u00e5 800 kg..<\/p>\n\n\n\n<p>Observera att h\u00e5llkraften \u00e4r den sammanlagda maximala vikten f\u00f6r de tv\u00e5 magneterna. <\/p>\n\n\n\n<h2 class=\"wp-block-heading\">N\u00e4r ska man anv\u00e4nda en dubbelsidig fiskemagnet?<\/h2>\n\n\n\n<p><strong>F\u00f6rdelar:<\/strong><\/p>\n\n\n\n<ul class=\"wp-block-list\">\n<li>Med dragkraft p\u00e5 tv\u00e5 sidor f\u00f6rdubblas din f\u00f6rm\u00e5ga att f\u00e5nga f\u00f6rem\u00e5l.<\/li>\n\n\n\n<li>Mer m\u00e5ngsidighet: den kan anv\u00e4ndas p\u00e5 tv\u00e5 s\u00e4tt \u2013 som en enkelsidig magnet (s\u00e4nka och dra) eller dras efter en b\u00e5t i vattnet.<\/li>\n\n\n\n<li>Perfekt f\u00f6r steniga vatten \u2013 du beh\u00f6ver inte oroa dig om ena sidan blir begravd eller fastnar, eftersom den andra magnetiska sidan alltid \u00e4r \u00f6ppen mot horisontella eller vertikala ytor.<\/li>\n\n\n\n<li>Den kombinerade dragkraften \u00e4r st\u00f6rre \u00e4n hos en enkelsidig magnet.<\/li>\n\n\n\n<li>Tjockleken p\u00e5 st\u00e5lh\u00f6ljet skyddar magneten och f\u00f6rl\u00e4nger dess livsl\u00e4ngd.<\/li>\n<\/ul>\n\n\n\n<p><strong>Nackdelar: <\/strong><\/p>\n\n\n\n<ul class=\"wp-block-list\">\n<li>Vikten och storleken g\u00f6r den sv\u00e5rare att hantera.<\/li>\n\n\n\n<li>Den koncentrerade dragkraften \u00e4r mindre \u00e4n hos en enkelsidig magnet.<\/li>\n\n\n\n<li>Den magnetiska kraften \u00e4r inte koncentrerad runt h\u00e5ldiametern p\u00e5 grund av det tjocka st\u00e5lh\u00f6ljet.<\/li>\n<\/ul>\n\n\n\n<h3 class=\"wp-block-heading\">Varf\u00f6r \u00e4r neodymmagneter b\u00e4ttre?<\/h3>\n\n\n\n<p>Neodymmagneter (Nd<sub>\u2082<\/sub>Fe<sub>\u2081\u2084<\/sub>B) \u00e4r de mest kraftfulla och effektiva permanenta magneterna som finns. De kan lyfta mer \u00e4n andra typer av magneter i samma storlek och \u00e4r mycket motst\u00e5ndskraftiga mot avmagnetisering. Vi anv\u00e4nder neodymmagneter i alla v\u00e5ra produkter s\u00e5 att du har st\u00f6rre chans att g\u00e5 hem med b\u00e5de fler och mer v\u00e4rdefulla fynd.   <\/p>\n\n\n\n<h3 class=\"wp-block-heading\">B\u00e4sts\u00e4ljande dubbelsidiga fiskemagneter<\/h3>\n\n\n\n<p>Bulldog 500 och Bulldog 800. Med sin dubbelsidiga dragkraft kan dessa magneter dra till sig fler f\u00f6rem\u00e5l i vattnet. <\/p>\n\n\n\n<p>Dragkraften hos Bulldog 500 \u00e4r kraftfull. Den totala dragkraften \u00e4r 500 kg. Varje magnetisk sida har en dragkraft p\u00e5 250 kg. Magnetar Bulldog 500 \u00e4r lillebror till Magnetar Bulldog 800-magneten.    <\/p>\n\n\n\n<p>Bulldog 800 \u00e4r kraftfull under vatten. Den har en extra stor diameter och ett starkare grepp om f\u00f6rem\u00e5l j\u00e4mf\u00f6rt med Bulldog 500. Den sammanlagda magnetiska dragkraften \u00e4r hela 880 kg. Detta \u00f6kar chansen att hitta stora f\u00f6rem\u00e5l och att kunna b\u00e4ra n\u00e5gra av de tyngsta lasten tack vare magnetens enorma styrka.   <\/p>\n\n\n\n<h3 class=\"wp-block-heading\">Varf\u00f6r Magnetar?<\/h3>\n\n\n\n<p>Som ett litet, h\u00e5rt arbetande familjef\u00f6retag s\u00e4tter vi kvalitet i f\u00f6rsta rummet i allt vi g\u00f6r. S\u00e5 enkelt \u00e4r det.  <\/p>\n\n\n\n<p>V\u00e5ra kunder vet att de kan lita p\u00e5 att vi anv\u00e4nder de b\u00e4sta materialen och designl\u00f6sningarna \u2013 f\u00f6r vi \u00e4lskar skattjakt, att spendera en dag i naturen och att rensa vattendrag, precis som de g\u00f6r. Vi f\u00f6rst\u00e5r hur viktigt det \u00e4r att anv\u00e4nda en kraftfull magnet och tillbeh\u00f6r av h\u00f6g kvalitet \u2013 oavsett om du sitter p\u00e5 en brygga eller vid en flodkant.  <\/p>\n\n\n\n<p>L\u00e4s ett <a href=\"https:\/\/www.google.com\/search?q=magnetar+vismagneet&amp;oq=magnetar+vismagneet&amp;aqs=chrome..69i57j0i22i30l3j0i390j69i60l3.3591j0j4&amp;ie=UTF-8#lrd=0x47c7db434140cdef:0x3b33281ff85d38f6,1\" target=\"_blank\" rel=\"noreferrer noopener nofollow\">omd\u00f6me<\/a> och h\u00f6r vad v\u00e5ra kunder har att s\u00e4ga! Har du n\u00e5gra fr\u00e5gor eller vill du komma i kontakt med en annan magnetfiskeentusiast? <a href=\"mailto:info@magnetarmagnets.com\" target=\"_blank\" rel=\"noreferrer noopener nofollow\">Kontakta oss g\u00e4rna<\/a>. <\/p>\n\n\n\n<p>Gl\u00f6m inte att kolla in v\u00e5r kollektion med <a href=\"https:\/\/magnetarmagnets.com\/sv\/magnetfiskeutrustning\/\">magnetfiskeutrustning<\/a>. <\/p>\n\n\n\n<h2 class=\"wp-block-heading\">Magnetfiske: enkelsidig vs. dubbelsidig<\/h2>\n\n\n\n<ul class=\"wp-block-list\">\n<li>Alla v\u00e5ra magneter \u00e4r tillverkade av neodym (NdFeB) \u2013 det mest kraftfulla och effektiva materialet f\u00f6r magnetfiske. <\/li>\n\n\n\n<li>B\u00e5de de enkelsidiga och dubbelsidiga magneterna \u00e4r v\u00e4l skyddade tack vare det permanenta st\u00e5lh\u00f6ljet. <\/li>\n<\/ul>\n\n\n\n<p>Enkelsidiga fiskemagneter har en kraftfull magnet p\u00e5 undersidan. Den angivna dragkraften \u00e4r koncentrerad, riktad, l\u00e4ttare att hantera och passar perfekt f\u00f6r b\u00e5de nyb\u00f6rjare och entusiaster. Oavsett om du \u00e4r ny inom sporten eller letar efter det mest prisv\u00e4rda alternativet \u00e4r en enkelsidig magnet en utm\u00e4rkt startpunkt. Dessa klassiska magneter \u00e4r prisv\u00e4rda, starka, v\u00e4l skyddade och kan lyfta tunga och platta f\u00f6rem\u00e5l.   <\/p>\n\n\n\n<p>V\u00e5ra dubbelsidiga magneter (&#8220;The Bulldog&#8221;) har tv\u00e5 NdFeB-magneter p\u00e5 varsin sida. Bulldog-fiskemagneten erbjuder magnetfiskare en unik m\u00f6jlighet att f\u00e4sta repet antingen i st\u00e5lh\u00f6ljet eller i en av magnetsidorna \u2013 vilket f\u00f6rdubblar anv\u00e4ndningsm\u00f6jligheterna. Den \u00f6kade magnetiska ytan \u00f6kar chanserna att f\u00e5nga fynd p\u00e5 b\u00e5da sidor, och om magneten v\u00e4lter finns det fortfarande en sida som \u00e4r exponerad. Perfekt f\u00f6r fiske i steniga floder eller bakom en b\u00e5t.   <\/p>\n\n\n\n<h2 class=\"wp-block-heading\">Vanliga fr\u00e5gor<\/h2>\n\n\n<div class=\"schema-faq wp-block-yoast-faq-block\">\n<div id=\"faq-question-1648619137886\" class=\"schema-faq-section\"><strong class=\"schema-faq-question\">Vad \u00e4r en dubbelsidig fiskemagnet?<\/strong>\n<p class=\"schema-faq-answer\">En dubbelsidig fiskemagnet \u00e4r en magnet med magnetisk kraft p\u00e5 b\u00e5da sidor. \u00c4r du intresserad av att magnetfiska i en stenig flod eller vill du dra magneten (t.ex. bakom en b\u00e5t)? D\u00e5 \u00e4r detta r\u00e4tt typ av magnet f\u00f6r dig! Bulldog-magneterna har en bredare yta, vilket \u00f6kar chansen att faktiskt hitta n\u00e5got. \u00c4ven om magneten v\u00e4nder sig n\u00e4r den f\u00e4rdas l\u00e4ngs botten, kommer en magnetisk sida alltid att vara exponerad. De \u00e4r dessutom ganska str\u00f6mlinjeformade, vilket g\u00f6r att de l\u00e4ttare undviker att fastna \u2013 och chansen att hitta en skatt \u00e4r riktigt god.<\/p>\n<\/div>\n<div id=\"faq-question-1653564496796\" class=\"schema-faq-section\"><strong class=\"schema-faq-question\">Vad \u00e4r en magnets dragkraft?<\/strong>\n<p class=\"schema-faq-answer\">Utforska v\u00e5ra <a href=\"https:\/\/magnetarmagnets.com\/sv\/collections\/fiske-magneter\/magnetfiske-kit\/\">magnetfiskekit<\/a> f\u00f6r att hitta det som passar dig. Handla v\u00e5ra magneter, handskar, <a href=\"https:\/\/magnetarmagnets.com\/sv\/shop\/den-basta-gripkroken-for-magnetfiske\/\">magnetfiskekrok<\/a> och mycket mer.<\/p>\n<\/div>\n<div id=\"faq-question-1653564520663\" class=\"schema-faq-section\"><strong class=\"schema-faq-question\">Vad ska man t\u00e4nka p\u00e5 n\u00e4r man v\u00e4ljer en dubbelsidig magnet?<\/strong>\n<p class=\"schema-faq-answer\">N\u00e4r du \u00f6kar magnetens diameter b\u00f6r \u00e4ven dragkraften \u00f6ka. M\u00e5nga magnetf\u00f6rs\u00e4ljare anv\u00e4nder en st\u00f6rre diameter med en liten intern magnet. K\u00f6p d\u00e4rf\u00f6r endast fiskemagneter fr\u00e5n p\u00e5litliga och seri\u00f6sa f\u00f6retag. Hos Magnetar bygger hela v\u00e5r verksamhet p\u00e5 transparens och att erbjuda magnetfiskare magneter av h\u00f6gsta kvalitet.<\/p>\n<\/div>\n<div id=\"faq-question-1653564555163\" class=\"schema-faq-section\"><strong class=\"schema-faq-question\">N\u00e4r ska man anv\u00e4nda en dubbelsidig magnet?<\/strong>\n<p class=\"schema-faq-answer\">Om du fiskar i steniga vatten eller en snabb flod med stark str\u00f6m.<\/p>\n<\/div>\n<div id=\"faq-question-1653564571528\" class=\"schema-faq-section\"><strong class=\"schema-faq-question\">\u00c4r alla fiskemagneter tillverkade av neodym?<\/strong>\n<p class=\"schema-faq-answer\">Nej, m\u00e5nga andra magnetf\u00f6rs\u00e4ljare anv\u00e4nder ferrit eller nickel-koppar-nickel (NiCuNi) i sina fiskemagneter. Detta g\u00f6r att de kan s\u00e4lja magneter till ett l\u00e4gre pris. Men dessa magneter \u00e4r inte lika kraftfulla under vatten och har inte heller lika l\u00e5ng livsl\u00e4ngd. NiCuNi-magneter har st\u00f6rst dragkraft inomhus \u2013 inte i vatten.<\/p>\n<\/div>\n<div id=\"faq-question-1648619153309\" class=\"schema-faq-section\"><strong class=\"schema-faq-question\">\u00c4r en dubbelsidig magnet b\u00e4ttre f\u00f6r magnetfiske?<\/strong>\n<p class=\"schema-faq-answer\">Om du vill fiska med en magnet i en snabb flod med stark str\u00f6m beh\u00f6ver du en tyngre magnet f\u00f6r att h\u00e5lla den under ytan och faktiskt f\u00e5nga n\u00e5got. De dubbelsidiga Bulldog-magneterna \u00e4r perfekta f\u00f6r s\u00e5dana floder. Dessutom skyddar st\u00e5lh\u00f6ljet magneten fr\u00e5n att smulas s\u00f6nder eller skadas. Med denna typ av magnet har du dragkraft p\u00e5 b\u00e5da sidor, vilket \u00f6kar chansen att hitta fina skatter. F\u00f6rdelarna med dessa dubbelsidiga magneter \u00e4r att de har en st\u00f6rre yta, vilket \u00f6kar chanserna att f\u00e5 upp fler f\u00f6rem\u00e5l. Om magneten skulle v\u00e4lta, har den fortfarande en magnetisk sida v\u00e4nd ned\u00e5t. De \u00e4r dessutom mer str\u00f6mlinjeformade, vilket minskar risken att fastna \u2013 och d\u00e4rmed \u00f6kar m\u00f6jligheten att hitta skatter.<\/p>\n<\/div>\n<div id=\"faq-question-1648619168243\" class=\"schema-faq-section\"><strong class=\"schema-faq-question\">\u00c4r neodymmagneter dubbelsidiga?<\/strong>\n<p class=\"schema-faq-answer\">Alla dubbelsidiga fiskemagneter \u00e4r inte tillverkade av neodym. M\u00e5nga magnetf\u00f6rs\u00e4ljare anv\u00e4nder ferritmagneter eller nickel-koppar-nickel, vilket g\u00f6r att priset blir l\u00e4gre. Priset kan p\u00e5verkas kraftigt om billigare material anv\u00e4nds. Det b\u00e4sta materialet f\u00f6r kraftfulla fiskemagneter \u00e4r dock neodym. Magnetar s\u00e4ljer endast magneter tillverkade av neodym. Med en neodymmagnet kan du vara s\u00e4ker p\u00e5 att du har den b\u00e4sta chansen att f\u00e5 napp. Neodymmagneter \u00e4r de b\u00e4sta magneterna f\u00f6r magnetfiske. Dessa h\u00e5llbara och <a href=\"https:\/\/magnetarmagnets.com\/sv\/starka-fiskemagneter\/\">kraftfulla fiskemagneter<\/a> \u00e4r den mest robusta typen av magnet som finns. De \u00e4r s\u00e4rskilt utformade f\u00f6r att dra upp stora metallf\u00f6rem\u00e5l, men fungerar ocks\u00e5 utm\u00e4rkt f\u00f6r mindre fynd. Alla neodymmagneter \u00e4r inte dubbelsidiga \u2013 vi erbjuder \u00e4ven enkelsidiga fiskemagneter och allroundmagneter.<\/p>\n<\/div>\n<div id=\"faq-question-1648619182255\" class=\"schema-faq-section\"><strong class=\"schema-faq-question\">N\u00e4r levereras det och vad kostar frakten?<\/strong>\n<p class=\"schema-faq-answer\">I USA och Kanada erbjuder vi gratis frakt. Din best\u00e4llning skickas samma dag och du f\u00e5r den inom 2 till 4 arbetsdagar. I Europa erbjuder vi gratis frakt och snabb leverans till kunder i Nederl\u00e4nderna, Belgien, Tyskland, Luxemburg och \u00d6sterrike. I Storbritannien erbjuder vi ocks\u00e5 gratis frakt, men kom ih\u00e5g att du m\u00e5ste betala importskatt. Best\u00e4ller du fr\u00e5n ett annat land? D\u00e5 f\u00e5r du din best\u00e4llning inom 4 arbetsdagar. Ta g\u00e4rna en titt p\u00e5 v\u00e5ra fraktpriser p\u00e5 sidan med <a href=\"https:\/\/magnetarmagnets.com\/shipping\/\" target=\"_blank\" rel=\"noreferrer noopener nofollow\">fraktinformation<\/a>. <\/p>\n<\/div>\n<\/div>","protected":false},"excerpt":{"rendered":"<p>Den dubbelsidiga fiskemagneten \u00e4r en kraft att r\u00e4kna med under vattenytan. V\u00e5ra kraftfulla dubbelsidiga neodymmagneter \u00f6kar dina chanser att hitta st\u00f6rre och b\u00e4ttre skatter fr\u00e5n tv\u00e5 h\u00e5ll. Dessutom, om ena sidan av magneten skulle begravas i sand eller lera, har du fortfarande en fungerande sida kvar. Utforska produkterna nedan f\u00f6r att hitta den dubbelsidiga magnet [&hellip;]<\/p>\n","protected":false},"author":4134,"featured_media":65327,"parent":0,"menu_order":0,"comment_status":"closed","ping_status":"closed","template":"","meta":{"_acf_changed":false,"inline_featured_image":false,"footnotes":""},"class_list":["post-65719","page","type-page","status-publish","has-post-thumbnail","hentry"],"acf":[],"yoast_head":"<!-- This site is optimized with the Yoast SEO plugin v27.3 - https:\/\/yoast.com\/product\/yoast-seo-wordpress\/ -->\n<title>Dubbelsidiga fiskemagneter - Magnetar\u00ae - Magnetfiske<\/title>\n<meta name=\"description\" content=\"Uppt\u00e4ck dubbelsidiga fiskemagneter hos Magnetar! H\u00f6g dragkraft och m\u00e5ngsidighet \u2013 perfekt f\u00f6r entusiaster av magnetfiske. Handla h\u00e4r!\" \/>\n<meta name=\"robots\" content=\"index, follow, max-snippet:-1, max-image-preview:large, max-video-preview:-1\" \/>\n<link rel=\"canonical\" href=\"https:\/\/magnetarmagnets.com\/sv\/dubbelsidig-fiskemagnet\/\" \/>\n<meta property=\"og:locale\" content=\"sv_SE\" \/>\n<meta property=\"og:type\" content=\"article\" \/>\n<meta property=\"og:title\" content=\"Dubbelsidiga fiskemagneter - Magnetar\u00ae - Magnetfiske\" \/>\n<meta property=\"og:description\" content=\"Uppt\u00e4ck dubbelsidiga fiskemagneter hos Magnetar! H\u00f6g dragkraft och m\u00e5ngsidighet \u2013 perfekt f\u00f6r entusiaster av magnetfiske. Handla h\u00e4r!\" \/>\n<meta property=\"og:url\" content=\"https:\/\/magnetarmagnets.com\/sv\/dubbelsidig-fiskemagnet\/\" \/>\n<meta property=\"og:site_name\" content=\"Magnet fishing with a Magnetar fishing magnet\" \/>\n<meta property=\"article:publisher\" content=\"https:\/\/www.facebook.com\/fishingmagnets\/\" \/>\n<meta property=\"article:modified_time\" content=\"2025-09-18T08:11:22+00:00\" \/>\n<meta property=\"og:image\" content=\"https:\/\/magnetarmagnets.com\/wp-content\/uploads\/2023\/10\/magnetar-bulldog.jpg\" \/>\n\t<meta property=\"og:image:width\" content=\"1280\" \/>\n\t<meta property=\"og:image:height\" content=\"720\" \/>\n\t<meta property=\"og:image:type\" content=\"image\/jpeg\" \/>\n<meta name=\"twitter:card\" content=\"summary_large_image\" \/>\n<meta name=\"twitter:label1\" content=\"Ber\u00e4knad l\u00e4stid\" \/>\n\t<meta name=\"twitter:data1\" content=\"7 minuter\" \/>\n<script type=\"application\/ld+json\" class=\"yoast-schema-graph\">{\"@context\":\"https:\\\/\\\/schema.org\",\"@graph\":[{\"@type\":\"WebPage\",\"@id\":\"https:\\\/\\\/magnetarmagnets.com\\\/sv\\\/dubbelsidig-fiskemagnet\\\/\",\"url\":\"https:\\\/\\\/magnetarmagnets.com\\\/sv\\\/dubbelsidig-fiskemagnet\\\/\",\"name\":\"Dubbelsidiga fiskemagneter - Magnetar\u00ae - Magnetfiske\",\"isPartOf\":{\"@id\":\"https:\\\/\\\/magnetarmagnets.com\\\/sv\\\/#website\"},\"primaryImageOfPage\":{\"@id\":\"https:\\\/\\\/magnetarmagnets.com\\\/sv\\\/dubbelsidig-fiskemagnet\\\/#primaryimage\"},\"image\":{\"@id\":\"https:\\\/\\\/magnetarmagnets.com\\\/sv\\\/dubbelsidig-fiskemagnet\\\/#primaryimage\"},\"thumbnailUrl\":\"https:\\\/\\\/magnetarmagnets.com\\\/wp-content\\\/uploads\\\/2023\\\/10\\\/magnetar-bulldog.jpg\",\"datePublished\":\"2022-03-29T22:47:01+00:00\",\"dateModified\":\"2025-09-18T08:11:22+00:00\",\"description\":\"Uppt\u00e4ck dubbelsidiga fiskemagneter hos Magnetar! H\u00f6g dragkraft och m\u00e5ngsidighet \u2013 perfekt f\u00f6r entusiaster av magnetfiske. Handla h\u00e4r!\",\"breadcrumb\":{\"@id\":\"https:\\\/\\\/magnetarmagnets.com\\\/sv\\\/dubbelsidig-fiskemagnet\\\/#breadcrumb\"},\"inLanguage\":\"sv-SE\",\"potentialAction\":[{\"@type\":\"ReadAction\",\"target\":[\"https:\\\/\\\/magnetarmagnets.com\\\/sv\\\/dubbelsidig-fiskemagnet\\\/\"]}]},{\"@type\":\"ImageObject\",\"inLanguage\":\"sv-SE\",\"@id\":\"https:\\\/\\\/magnetarmagnets.com\\\/sv\\\/dubbelsidig-fiskemagnet\\\/#primaryimage\",\"url\":\"https:\\\/\\\/magnetarmagnets.com\\\/wp-content\\\/uploads\\\/2023\\\/10\\\/magnetar-bulldog.jpg\",\"contentUrl\":\"https:\\\/\\\/magnetarmagnets.com\\\/wp-content\\\/uploads\\\/2023\\\/10\\\/magnetar-bulldog.jpg\",\"width\":1280,\"height\":720,\"caption\":\"Double-sided fish magnets are magnetic on two sides\"},{\"@type\":\"BreadcrumbList\",\"@id\":\"https:\\\/\\\/magnetarmagnets.com\\\/sv\\\/dubbelsidig-fiskemagnet\\\/#breadcrumb\",\"itemListElement\":[{\"@type\":\"ListItem\",\"position\":1,\"name\":\"Home\",\"item\":\"https:\\\/\\\/magnetarmagnets.com\\\/sv\\\/\"},{\"@type\":\"ListItem\",\"position\":2,\"name\":\"Dubbelsidig fiskemagnet\"}]},{\"@type\":\"WebSite\",\"@id\":\"https:\\\/\\\/magnetarmagnets.com\\\/sv\\\/#website\",\"url\":\"https:\\\/\\\/magnetarmagnets.com\\\/sv\\\/\",\"name\":\"Magnet fishing with a Magnetar fishing magnet\",\"description\":\"Kraftfulla magneter f\u00f6r magnetfiske\",\"publisher\":{\"@id\":\"https:\\\/\\\/magnetarmagnets.com\\\/sv\\\/#organization\"},\"potentialAction\":[{\"@type\":\"SearchAction\",\"target\":{\"@type\":\"EntryPoint\",\"urlTemplate\":\"https:\\\/\\\/magnetarmagnets.com\\\/sv\\\/?s={search_term_string}\"},\"query-input\":{\"@type\":\"PropertyValueSpecification\",\"valueRequired\":true,\"valueName\":\"search_term_string\"}}],\"inLanguage\":\"sv-SE\"},{\"@type\":\"Organization\",\"@id\":\"https:\\\/\\\/magnetarmagnets.com\\\/sv\\\/#organization\",\"name\":\"Magnetar\",\"url\":\"https:\\\/\\\/magnetarmagnets.com\\\/sv\\\/\",\"logo\":{\"@type\":\"ImageObject\",\"inLanguage\":\"sv-SE\",\"@id\":\"https:\\\/\\\/magnetarmagnets.com\\\/sv\\\/#\\\/schema\\\/logo\\\/image\\\/\",\"url\":\"https:\\\/\\\/magnetarmagnets.com\\\/wp-content\\\/uploads\\\/2025\\\/05\\\/Logo-03_PNG-Black-scaled.png\",\"contentUrl\":\"https:\\\/\\\/magnetarmagnets.com\\\/wp-content\\\/uploads\\\/2025\\\/05\\\/Logo-03_PNG-Black-scaled.png\",\"width\":2560,\"height\":1658,\"caption\":\"Magnetar\"},\"image\":{\"@id\":\"https:\\\/\\\/magnetarmagnets.com\\\/sv\\\/#\\\/schema\\\/logo\\\/image\\\/\"},\"sameAs\":[\"https:\\\/\\\/www.facebook.com\\\/fishingmagnets\\\/\",\"https:\\\/\\\/www.instagram.com\\\/magnetar_magnets\\\/\",\"https:\\\/\\\/www.linkedin.com\\\/company\\\/magnetarbv\\\/?originalSubdomain=nl\",\"https:\\\/\\\/www.youtube.com\\\/c\\\/MagnetarVismagneet\"]}]}<\/script>\n<!-- \/ Yoast SEO plugin. -->","yoast_head_json":{"title":"Dubbelsidiga fiskemagneter - Magnetar\u00ae - Magnetfiske","description":"Uppt\u00e4ck dubbelsidiga fiskemagneter hos Magnetar! H\u00f6g dragkraft och m\u00e5ngsidighet \u2013 perfekt f\u00f6r entusiaster av magnetfiske. Handla h\u00e4r!","robots":{"index":"index","follow":"follow","max-snippet":"max-snippet:-1","max-image-preview":"max-image-preview:large","max-video-preview":"max-video-preview:-1"},"canonical":"https:\/\/magnetarmagnets.com\/sv\/dubbelsidig-fiskemagnet\/","og_locale":"sv_SE","og_type":"article","og_title":"Dubbelsidiga fiskemagneter - Magnetar\u00ae - Magnetfiske","og_description":"Uppt\u00e4ck dubbelsidiga fiskemagneter hos Magnetar! H\u00f6g dragkraft och m\u00e5ngsidighet \u2013 perfekt f\u00f6r entusiaster av magnetfiske. Handla h\u00e4r!","og_url":"https:\/\/magnetarmagnets.com\/sv\/dubbelsidig-fiskemagnet\/","og_site_name":"Magnet fishing with a Magnetar fishing magnet","article_publisher":"https:\/\/www.facebook.com\/fishingmagnets\/","article_modified_time":"2025-09-18T08:11:22+00:00","og_image":[{"width":1280,"height":720,"url":"https:\/\/magnetarmagnets.com\/wp-content\/uploads\/2023\/10\/magnetar-bulldog.jpg","type":"image\/jpeg"}],"twitter_card":"summary_large_image","twitter_misc":{"Ber\u00e4knad l\u00e4stid":"7 minuter"},"schema":{"@context":"https:\/\/schema.org","@graph":[{"@type":"WebPage","@id":"https:\/\/magnetarmagnets.com\/sv\/dubbelsidig-fiskemagnet\/","url":"https:\/\/magnetarmagnets.com\/sv\/dubbelsidig-fiskemagnet\/","name":"Dubbelsidiga fiskemagneter - Magnetar\u00ae - Magnetfiske","isPartOf":{"@id":"https:\/\/magnetarmagnets.com\/sv\/#website"},"primaryImageOfPage":{"@id":"https:\/\/magnetarmagnets.com\/sv\/dubbelsidig-fiskemagnet\/#primaryimage"},"image":{"@id":"https:\/\/magnetarmagnets.com\/sv\/dubbelsidig-fiskemagnet\/#primaryimage"},"thumbnailUrl":"https:\/\/magnetarmagnets.com\/wp-content\/uploads\/2023\/10\/magnetar-bulldog.jpg","datePublished":"2022-03-29T22:47:01+00:00","dateModified":"2025-09-18T08:11:22+00:00","description":"Uppt\u00e4ck dubbelsidiga fiskemagneter hos Magnetar! H\u00f6g dragkraft och m\u00e5ngsidighet \u2013 perfekt f\u00f6r entusiaster av magnetfiske. Handla h\u00e4r!","breadcrumb":{"@id":"https:\/\/magnetarmagnets.com\/sv\/dubbelsidig-fiskemagnet\/#breadcrumb"},"inLanguage":"sv-SE","potentialAction":[{"@type":"ReadAction","target":["https:\/\/magnetarmagnets.com\/sv\/dubbelsidig-fiskemagnet\/"]}]},{"@type":"ImageObject","inLanguage":"sv-SE","@id":"https:\/\/magnetarmagnets.com\/sv\/dubbelsidig-fiskemagnet\/#primaryimage","url":"https:\/\/magnetarmagnets.com\/wp-content\/uploads\/2023\/10\/magnetar-bulldog.jpg","contentUrl":"https:\/\/magnetarmagnets.com\/wp-content\/uploads\/2023\/10\/magnetar-bulldog.jpg","width":1280,"height":720,"caption":"Double-sided fish magnets are magnetic on two sides"},{"@type":"BreadcrumbList","@id":"https:\/\/magnetarmagnets.com\/sv\/dubbelsidig-fiskemagnet\/#breadcrumb","itemListElement":[{"@type":"ListItem","position":1,"name":"Home","item":"https:\/\/magnetarmagnets.com\/sv\/"},{"@type":"ListItem","position":2,"name":"Dubbelsidig fiskemagnet"}]},{"@type":"WebSite","@id":"https:\/\/magnetarmagnets.com\/sv\/#website","url":"https:\/\/magnetarmagnets.com\/sv\/","name":"Magnet fishing with a Magnetar fishing magnet","description":"Kraftfulla magneter f\u00f6r magnetfiske","publisher":{"@id":"https:\/\/magnetarmagnets.com\/sv\/#organization"},"potentialAction":[{"@type":"SearchAction","target":{"@type":"EntryPoint","urlTemplate":"https:\/\/magnetarmagnets.com\/sv\/?s={search_term_string}"},"query-input":{"@type":"PropertyValueSpecification","valueRequired":true,"valueName":"search_term_string"}}],"inLanguage":"sv-SE"},{"@type":"Organization","@id":"https:\/\/magnetarmagnets.com\/sv\/#organization","name":"Magnetar","url":"https:\/\/magnetarmagnets.com\/sv\/","logo":{"@type":"ImageObject","inLanguage":"sv-SE","@id":"https:\/\/magnetarmagnets.com\/sv\/#\/schema\/logo\/image\/","url":"https:\/\/magnetarmagnets.com\/wp-content\/uploads\/2025\/05\/Logo-03_PNG-Black-scaled.png","contentUrl":"https:\/\/magnetarmagnets.com\/wp-content\/uploads\/2025\/05\/Logo-03_PNG-Black-scaled.png","width":2560,"height":1658,"caption":"Magnetar"},"image":{"@id":"https:\/\/magnetarmagnets.com\/sv\/#\/schema\/logo\/image\/"},"sameAs":["https:\/\/www.facebook.com\/fishingmagnets\/","https:\/\/www.instagram.com\/magnetar_magnets\/","https:\/\/www.linkedin.com\/company\/magnetarbv\/?originalSubdomain=nl","https:\/\/www.youtube.com\/c\/MagnetarVismagneet"]}]}},"_links":{"self":[{"href":"https:\/\/magnetarmagnets.com\/sv\/wp-json\/wp\/v2\/pages\/65719","targetHints":{"allow":["GET"]}}],"collection":[{"href":"https:\/\/magnetarmagnets.com\/sv\/wp-json\/wp\/v2\/pages"}],"about":[{"href":"https:\/\/magnetarmagnets.com\/sv\/wp-json\/wp\/v2\/types\/page"}],"author":[{"embeddable":true,"href":"https:\/\/magnetarmagnets.com\/sv\/wp-json\/wp\/v2\/users\/4134"}],"replies":[{"embeddable":true,"href":"https:\/\/magnetarmagnets.com\/sv\/wp-json\/wp\/v2\/comments?post=65719"}],"version-history":[{"count":0,"href":"https:\/\/magnetarmagnets.com\/sv\/wp-json\/wp\/v2\/pages\/65719\/revisions"}],"wp:featuredmedia":[{"embeddable":true,"href":"https:\/\/magnetarmagnets.com\/sv\/wp-json\/wp\/v2\/media\/65327"}],"wp:attachment":[{"href":"https:\/\/magnetarmagnets.com\/sv\/wp-json\/wp\/v2\/media?parent=65719"}],"curies":[{"name":"wp","href":"https:\/\/api.w.org\/{rel}","templated":true}]}}